{"id":18208,"date":"2023-10-16T16:46:20","date_gmt":"2023-10-16T14:46:20","guid":{"rendered":"https:\/\/leocare.eu\/fr\/?page_id=18208"},"modified":"2026-04-07T16:36:49","modified_gmt":"2026-04-07T14:36:49","slug":"plus-cher","status":"publish","type":"page","link":"https:\/\/leocare.eu\/fr\/assurance-auto-en-ligne\/electrique\/plus-cher\/","title":{"rendered":"Est-il plus cher d\u2019assurer une voiture \u00e9lectrique ?"},"content":{"rendered":"\n<p>Avec la prise de conscience de la population pour l\u2019environnement, de plus en plus de personnes se tournent vers les v\u00e9hicules respectueux de l\u2019environnement comme les voitures \u00e9lectriques ou hybrides. L\u2019une des premi\u00e8res choses que vous faites (enfin on l\u2019esp\u00e8re) est de souscrire \u00e0 une assurance lors de l\u2019acquisition de votre v\u00e9hicule \u00e9lectrique pour la prot\u00e9ger en cas d\u2019accidents, de vols ou d\u2019autres incidents. Mais qu\u2019<a href=\"https:\/\/leocare.eu\/fr\/assurance-auto-en-ligne\/electrique\/c-est-quoi\/\">est-ce qu\u2019une assurance pour voiture \u00e9lectrique<\/a> ? On vous donne ici tous nos conseils pour votre future assurance.<\/p>\n\n\n\n<h2 class=\"wp-block-heading\" id=\"section-1\">Est-ce plus cher d\u2019assureur une voiture \u00e9lectrique ?<\/h2>\n\n\n\n<p>Lorsqu\u2019il s\u2019agit d\u2019assurer une voiture \u00e9lectrique, les propri\u00e9taires ont souvent l\u2019avantage d\u2019avoir une prime d\u2019assurance moins \u00e9lev\u00e9e par rapport aux v\u00e9hicules traditionnels \u00e0 essence ou diesel. Plusieurs facteurs expliquent cette tendance\u2026 Avec un <a href=\"https:\/\/leocare.eu\/fr\/assurance-auto-en-ligne\/devis\/tarifs\/\">co\u00fbt moyen de l&rsquo;assurance auto<\/a> \u00e0 <span class=\"change-price\">1 017<\/span> \u20ac par an, les voitures \u00e9lectriques sont souvent \u00e9quip\u00e9es de technologies avanc\u00e9es en termes de s\u00e9curit\u00e9, telles que les syst\u00e8mes de freinage d\u2019urgence comme sur les Teslas ou les aides \u00e0 la conduite, qui r\u00e9duisent les risques de collision. Les compagnies d\u2019assurances consid\u00e8rent ces technologies comme des \u00e9l\u00e9ments qui peuvent r\u00e9duire le nombre et la gravit\u00e9 des accidents, et donc influe sur le montant des primes. De plus, compar\u00e9es aux moteurs \u00e0 combustion plus complexes que des voitures traditionnelles, les voitures \u00e9lectriques ont g\u00e9n\u00e9ralement moins de pi\u00e8ces m\u00e9caniques. Les r\u00e9parations des composants \u00e9lectriques sont donc souvent moins on\u00e9reuses que les moteurs traditionnels. Cela r\u00e9duit donc les co\u00fbts de r\u00e9paration en cas d\u2019accident, ce qui influe directement les primes d\u2019assurance.<\/p>\n\n\n\n<h2 class=\"wp-block-heading\" id=\"section-2\">Les formules d\u2019assurances pour les v\u00e9hicules \u00e9lectriques&nbsp;<\/h2>\n\n\n\n<p>La formule est un facteur tr\u00e8s important dans la souscription de votre&nbsp;<a href=\"https:\/\/leocare.eu\/fr\/assurance-auto-en-ligne\/electrique\/\">assurance voiture \u00e9lectrique<\/a>, c\u2019est elle qui va d\u00e9terminer le niveau de couverture pour votre v\u00e9hicule. Il faut donc veiller \u00e0 ce que votre profil et voiture soient ad\u00e9quats avec la police d\u2019assurance.&nbsp;<\/p>\n\n\n\n<p>L\u2019assurance au tiers est la formule d\u2019assurance minimale requise par la loi dans la plupart des pays. Elle couvre les dommages caus\u00e9s \u00e0 des tiers en cas d\u2019accident o\u00f9 vous \u00eates responsable. Cela inclut les blessures corporelles et les dommages mat\u00e9riels caus\u00e9s \u00e0 d\u2019autres v\u00e9hicules. Cependant, l\u2019assurance au tiers ne couvre pas les dommages \u00e0 votre propre voiture (ex : vous vous prenez un poteau en voulant faire une marche arri\u00e8re).&nbsp;<\/p>\n\n\n\n<p>La formule avec la couverture la plus est la tous risques. Elle comprend non seulement la responsabilit\u00e9 envers les tiers, mais elle couvre \u00e9galement les dommages \u00e0 votre propre v\u00e9hicule, quelles que soient les circonstances de l\u2019accident. Cela peut inclure les dommages caus\u00e9s par des accidents, des incendies, des vols et d\u2019autres \u00e9v\u00e9nements.<\/p>\n\n\n\n<p>Il existe \u00e9galement une formule interm\u00e9diaire dans de nombreuses assurances, o\u00f9 on retrouvera les garanties d\u2019une formule tiers mais avec d\u2019autres couvertures en plus comme le bris de glace ou le vol. En plus de ces formules, certaines compagnies d\u2019assurance proposent des formules personnalis\u00e9es pour les voitures \u00e9lectriques, en tenant compte des sp\u00e9cificit\u00e9s de ce type de v\u00e9hicule. Cela peut inclure une couverture sp\u00e9cifique pour les batteries, les bornes de recharge et d\u2019autres composants sp\u00e9cifiques aux voitures \u00e9lectriques.<\/p>\n\n\n\n<div class=\"bon-a-savoir\">\n\n\n\n<h3 class=\"wp-block-heading\">L\u2019assurance en cas de pr\u00eat de voiture \u00e9lectrique ?<\/h3>\n\n\n\n<p>\u00c7a nous est d\u00e9j\u00e0 tous arriv\u00e9 de&nbsp;<a href=\"https:\/\/leocare.eu\/fr\/assurance-auto-en-ligne\/electrique\/pret\/\">pr\u00eater sa voiture \u00e0 un autre conducteur<\/a>&nbsp;non d\u00e9sign\u00e9 au contrat. Dans ce cas-l\u00e0, veillez \u00e0 bien regarder dans les conditions de votre police d\u2019assurance si le pr\u00eat de volant est autoris\u00e9 par votre assurance ou sinon contacter directement votre assurance pour ajouter la personne au contrat.&nbsp;<\/p>\n\n\n\n<\/div>\n\n\n\n<h2 class=\"wp-block-heading\" id=\"section-3\">Assurances : comment choisir la meilleure option ?<\/h2>\n\n\n\n<p>Avec les nombreuses offres qui existent sur le march\u00e9, choisir la meilleure option peut \u00eatre compliqu\u00e9. C\u2019est pour cela qu\u2019on vous conseille de partir dans un premier temps de vos besoins pour ensuite trouver une assurance (comme Leocare) capable de vous indiquer clairement&nbsp;<a href=\"https:\/\/leocare.eu\/fr\/assurance-auto-en-ligne\/electrique\/prix\/\">combien co\u00fbte l\u2019assurance de votre voiture \u00e9lectrique<\/a>. Ainsi, finies les tentations d\u2019aller sur un comparateur, d\u2019h\u00e9siter entre plusieurs formules d\u2019assurance, d\u2019ajouter de nombreuses options et de clairement faire une croix sur d\u2019\u00e9ventuelles \u00e9conomies.<\/p>\n\n\n\n<h3 class=\"wp-block-heading\">Le prix de l\u2019assurance pour une voiture \u00e9lectrique ?<\/h3>\n\n\n\n<p>La prime d\u2019assurance varie en fonction de divers facteurs, notamment le mod\u00e8le de voiture \u00e9lectrique, votre emplacement, vos ant\u00e9c\u00e9dents de conduite et la formule d\u2019assurance que vous choisissez. Mais combien co\u00fbte l\u2019assurance d\u2019une voiture \u00e9lectrique ? Selon plusieurs rapports et \u00e9tudes, il est g\u00e9n\u00e9ralement observ\u00e9 que les primes d\u2019assurance pour les voitures \u00e9lectriques sont moins \u00e9lev\u00e9es que celles des voitures traditionnelles. En effet, les primes d\u2019assurance pour une voiture \u00e9lectrique au tiers pourraient \u00eatre environ 10 % moins \u00e9lev\u00e9es que pour une voiture \u00e0 essence ou diesel \u00e9quivalente.&nbsp;<\/p>\n","protected":false},"excerpt":{"rendered":"<p>Avec la prise de conscience de la population pour l\u2019environnement, de plus en plus de personnes se tournent vers les v\u00e9hicules respectueux de l\u2019environnement comme les voitures \u00e9lectriques ou hybrides. L\u2019une des premi\u00e8res choses que vous faites (enfin on l\u2019esp\u00e8re) est de souscrire \u00e0 une assurance lors de l\u2019acquisition de votre v\u00e9hicule \u00e9lectrique pour la [&hellip;]<\/p>\n","protected":false},"author":34,"featured_media":17392,"parent":17436,"menu_order":0,"comment_status":"closed","ping_status":"closed","template":"template_seo.php","meta":{"_acf_changed":false,"footnotes":""},"class_list":["post-18208","page","type-page","status-publish","has-post-thumbnail","hentry"],"acf":[],"yoast_head":"<!-- This site is optimized with the Yoast SEO plugin v27.3 - https:\/\/yoast.com\/product\/yoast-seo-wordpress\/ -->\n<title>Est-il plus cher d\u2019assurer une voiture \u00e9lectrique ou hybride ?<\/title>\n<meta name=\"description\" content=\"D\u00e9couvrez si l&#039;assurance d&#039;une voiture \u00e9lectrique co\u00fbte plus cher. Faites un choix \u00e9clair\u00e9 gr\u00e2ce \u00e0 nos informations d\u00e9taill\u00e9es. Cliquez ici pour en savoir plus.\" \/>\n<meta name=\"robots\" content=\"index, follow, max-snippet:-1, max-image-preview:large, max-video-preview:-1\" \/>\n<link rel=\"canonical\" href=\"https:\/\/leocare.eu\/fr\/assurance-auto-en-ligne\/electrique\/plus-cher\/\" \/>\n<meta property=\"og:locale\" content=\"fr_FR\" \/>\n<meta property=\"og:type\" content=\"article\" \/>\n<meta property=\"og:title\" content=\"Est-il plus cher d\u2019assurer une voiture \u00e9lectrique ou hybride ?\" \/>\n<meta property=\"og:description\" content=\"D\u00e9couvrez si l&#039;assurance d&#039;une voiture \u00e9lectrique co\u00fbte plus cher. Faites un choix \u00e9clair\u00e9 gr\u00e2ce \u00e0 nos informations d\u00e9taill\u00e9es. Cliquez ici pour en savoir plus.\" \/>\n<meta property=\"og:url\" content=\"https:\/\/leocare.eu\/fr\/assurance-auto-en-ligne\/electrique\/plus-cher\/\" \/>\n<meta property=\"og:site_name\" content=\"Leocare, assurance en ligne automobile et habitation\" \/>\n<meta property=\"article:modified_time\" content=\"2026-04-07T14:36:49+00:00\" \/>\n<meta property=\"og:image\" content=\"https:\/\/leocare.eu\/fr\/wp-content\/uploads\/2021\/01\/est-ce-plus-cher-assurer-voiture-electrique.jpg\" \/>\n\t<meta property=\"og:image:width\" content=\"1900\" \/>\n\t<meta property=\"og:image:height\" content=\"1200\" \/>\n\t<meta property=\"og:image:type\" content=\"image\/jpeg\" \/>\n<meta name=\"twitter:card\" content=\"summary_large_image\" \/>\n<meta name=\"twitter:label1\" content=\"Dur\u00e9e de lecture estim\u00e9e\" \/>\n\t<meta name=\"twitter:data1\" content=\"4 minutes\" \/>\n<!-- \/ Yoast SEO plugin. -->","yoast_head_json":{"title":"Est-il plus cher d\u2019assurer une voiture \u00e9lectrique ou hybride ?","description":"D\u00e9couvrez si l'assurance d'une voiture \u00e9lectrique co\u00fbte plus cher. Faites un choix \u00e9clair\u00e9 gr\u00e2ce \u00e0 nos informations d\u00e9taill\u00e9es. Cliquez ici pour en savoir plus.","robots":{"index":"index","follow":"follow","max-snippet":"max-snippet:-1","max-image-preview":"max-image-preview:large","max-video-preview":"max-video-preview:-1"},"canonical":"https:\/\/leocare.eu\/fr\/assurance-auto-en-ligne\/electrique\/plus-cher\/","og_locale":"fr_FR","og_type":"article","og_title":"Est-il plus cher d\u2019assurer une voiture \u00e9lectrique ou hybride ?","og_description":"D\u00e9couvrez si l'assurance d'une voiture \u00e9lectrique co\u00fbte plus cher. Faites un choix \u00e9clair\u00e9 gr\u00e2ce \u00e0 nos informations d\u00e9taill\u00e9es. Cliquez ici pour en savoir plus.","og_url":"https:\/\/leocare.eu\/fr\/assurance-auto-en-ligne\/electrique\/plus-cher\/","og_site_name":"Leocare, assurance en ligne automobile et habitation","article_modified_time":"2026-04-07T14:36:49+00:00","og_image":[{"width":1900,"height":1200,"url":"https:\/\/leocare.eu\/fr\/wp-content\/uploads\/2021\/01\/est-ce-plus-cher-assurer-voiture-electrique.jpg","type":"image\/jpeg"}],"twitter_card":"summary_large_image","twitter_misc":{"Dur\u00e9e de lecture estim\u00e9e":"4 minutes"},"schema":{"@context":"https:\/\/schema.org","@graph":[{"@type":"WebPage","@id":"https:\/\/leocare.eu\/fr\/assurance-auto-en-ligne\/electrique\/plus-cher\/","url":"https:\/\/leocare.eu\/fr\/assurance-auto-en-ligne\/electrique\/plus-cher\/","name":"Est-il plus cher d\u2019assurer une voiture \u00e9lectrique ou hybride ?","isPartOf":{"@id":"https:\/\/leocare.eu\/fr\/#website"},"primaryImageOfPage":{"@id":"https:\/\/leocare.eu\/fr\/assurance-auto-en-ligne\/electrique\/plus-cher\/#primaryimage"},"image":{"@id":"https:\/\/leocare.eu\/fr\/assurance-auto-en-ligne\/electrique\/plus-cher\/#primaryimage"},"thumbnailUrl":"https:\/\/leocare.eu\/fr\/wp-content\/uploads\/2021\/01\/est-ce-plus-cher-assurer-voiture-electrique.jpg","datePublished":"2023-10-16T14:46:20+00:00","dateModified":"2026-04-07T14:36:49+00:00","description":"D\u00e9couvrez si l'assurance d'une voiture \u00e9lectrique co\u00fbte plus cher. Faites un choix \u00e9clair\u00e9 gr\u00e2ce \u00e0 nos informations d\u00e9taill\u00e9es. Cliquez ici pour en savoir plus.","breadcrumb":{"@id":"https:\/\/leocare.eu\/fr\/assurance-auto-en-ligne\/electrique\/plus-cher\/#breadcrumb"},"inLanguage":"fr-FR","potentialAction":[{"@type":"ReadAction","target":["https:\/\/leocare.eu\/fr\/assurance-auto-en-ligne\/electrique\/plus-cher\/"]}]},{"@type":"ImageObject","inLanguage":"fr-FR","@id":"https:\/\/leocare.eu\/fr\/assurance-auto-en-ligne\/electrique\/plus-cher\/#primaryimage","url":"https:\/\/leocare.eu\/fr\/wp-content\/uploads\/2021\/01\/est-ce-plus-cher-assurer-voiture-electrique.jpg","contentUrl":"https:\/\/leocare.eu\/fr\/wp-content\/uploads\/2021\/01\/est-ce-plus-cher-assurer-voiture-electrique.jpg","width":1900,"height":1200,"caption":"prix assurance voiture \u00e9lectrique"},{"@type":"WebSite","@id":"https:\/\/leocare.eu\/fr\/#website","url":"https:\/\/leocare.eu\/fr\/","name":"Leocare, assurance en ligne automobile et habitation","description":"enfin (r)assur\u00e9.e","publisher":{"@id":"https:\/\/leocare.eu\/fr\/#organization"},"potentialAction":[{"@type":"SearchAction","target":{"@type":"EntryPoint","urlTemplate":"https:\/\/leocare.eu\/fr\/?s={search_term_string}"},"query-input":{"@type":"PropertyValueSpecification","valueRequired":true,"valueName":"search_term_string"}}],"inLanguage":"fr-FR"},{"@type":"Organization","@id":"https:\/\/leocare.eu\/fr\/#organization","name":"Leocare, assurance en ligne automobile et habitation","url":"https:\/\/leocare.eu\/fr\/","logo":{"@type":"ImageObject","inLanguage":"fr-FR","@id":"https:\/\/leocare.eu\/fr\/#\/schema\/logo\/image\/","url":"https:\/\/leocare.eu\/fr\/wp-content\/uploads\/2020\/03\/logo-leocare.svg","contentUrl":"https:\/\/leocare.eu\/fr\/wp-content\/uploads\/2020\/03\/logo-leocare.svg","caption":"Leocare, assurance en ligne automobile et habitation"},"image":{"@id":"https:\/\/leocare.eu\/fr\/#\/schema\/logo\/image\/"}}]}},"_links":{"self":[{"href":"https:\/\/leocare.eu\/fr\/wp-json\/wp\/v2\/pages\/18208","targetHints":{"allow":["GET"]}}],"collection":[{"href":"https:\/\/leocare.eu\/fr\/wp-json\/wp\/v2\/pages"}],"about":[{"href":"https:\/\/leocare.eu\/fr\/wp-json\/wp\/v2\/types\/page"}],"author":[{"embeddable":true,"href":"https:\/\/leocare.eu\/fr\/wp-json\/wp\/v2\/users\/34"}],"replies":[{"embeddable":true,"href":"https:\/\/leocare.eu\/fr\/wp-json\/wp\/v2\/comments?post=18208"}],"version-history":[{"count":15,"href":"https:\/\/leocare.eu\/fr\/wp-json\/wp\/v2\/pages\/18208\/revisions"}],"predecessor-version":[{"id":39851,"href":"https:\/\/leocare.eu\/fr\/wp-json\/wp\/v2\/pages\/18208\/revisions\/39851"}],"up":[{"embeddable":true,"href":"https:\/\/leocare.eu\/fr\/wp-json\/wp\/v2\/pages\/17436"}],"wp:featuredmedia":[{"embeddable":true,"href":"https:\/\/leocare.eu\/fr\/wp-json\/wp\/v2\/media\/17392"}],"wp:attachment":[{"href":"https:\/\/leocare.eu\/fr\/wp-json\/wp\/v2\/media?parent=18208"}],"curies":[{"name":"wp","href":"https:\/\/api.w.org\/{rel}","templated":true}]}}