{"id":18204,"date":"2023-10-16T16:42:54","date_gmt":"2023-10-16T14:42:54","guid":{"rendered":"https:\/\/leocare.eu\/fr\/?page_id=18204"},"modified":"2026-04-07T16:36:49","modified_gmt":"2026-04-07T14:36:49","slug":"changement-voiture","status":"publish","type":"page","link":"https:\/\/leocare.eu\/fr\/assurance-auto-en-ligne\/electrique\/changement-voiture\/","title":{"rendered":"Comment maintenir son assurance en changeant de voiture \u00e9lectrique"},"content":{"rendered":"\n<p>Lorsque vous achetez un v\u00e9hicule, le premier r\u00e9flexe que vous avez (enfin, on esp\u00e8re) est de chercher une assurance. \u00c0 partir de l\u00e0, plusieurs options s\u2019offrent \u00e0 vous : vous pouvez passer par des comparateurs d\u2019assurances, souscrire \u00e0 l\u2019assurance que vous avez vue \u00e0 la t\u00e9l\u00e9 ou conserver votre contrat dans votre assurance habituelle. Et oui\u2026 Il existe bel et bien une solution pour garder la m\u00eame assurance : le transfert de garantie ! On vous en dit plus ici.<\/p>\n\n\n\n<h2 class=\"wp-block-heading\" id=\"section-1\">Pourquoi conserver mon assurance ?<\/h2>\n\n\n\n<p>Il existe de nombreuses bonnes raisons de garder votre compagnie pour votre prochaine voiture \u00e9lectrique. <strong>Que vous soyez dans une agence, un courtier ou une assurance 100% digitale vous connaissez votre conseiller, savez comment d\u00e9clarer un sinistre, vous connaissez votre assurance.<\/strong> La changer pour une autre assurance qui peut potentiellement ne pas vous correspondre est un gros risque. En sachant que vous \u00eates engag\u00e9s pour 1 an.<\/p>\n\n\n\n<p><strong>De plus, dans certaines assurances, un syst\u00e8me de r\u00e9compense est mis en place pour les clients les plus fid\u00e8les.<\/strong> Vous n\u2019aurez aussi pas besoin de redonner vos pi\u00e8ces justificatives puisque votre assurance les aura d\u00e9j\u00e0. Un gain de temps et d\u2019argent.\u00a0<\/p>\n\n\n\n<div class=\"bon-a-savoir\">\n\n\n\n<h3 class=\"wp-block-heading\">Peut-on remorquer une voiture \u00e9lectrique sans assurance ?<\/h3>\n\n\n\n<p>Oui, techniquement, vous pouvez tout \u00e0 fait appeler un d\u00e9panneur \u00e0 la suite \u00e0 une panne et vous\u00a0<a href=\"https:\/\/leocare.eu\/fr\/assurance-auto-en-ligne\/electrique\/remorquer-voiture-non-assuree\/\">faire remorquer votre voiture \u00e9lectrique<\/a>. Cependant, ce ne sera pas pris en charge pas l\u2019assistance.<\/p>\n\n\n\n<\/div>\n\n\n\n<h2 class=\"wp-block-heading\" id=\"section-2\">Quelle est la proc\u00e9dure de transfert ?<\/h2>\n\n\n\n<p>Tout d\u2019abord, chaque assureur \u00e0 ces conditions et le syst\u00e8me de transfert de garanties n\u2019est pas possible dans toutes les assurances. Si vous souhaitez le faire, demander d\u2019abord \u00e0 votre assurance si c\u2019est possible.<strong> Dans le cas o\u00f9 la r\u00e9ponse serait positive, un avenant au contrat suffit pour transf\u00e9rer les garanties.<\/strong> Il faut bien \u00e9videmment au pr\u00e9alable bien d\u00e9clarer les informations de votre nouveau v\u00e9hicule \u00e9lectriques.<\/p>\n\n\n\n<p>Chez Leocare, voici\u00a0<a href=\"https:\/\/leocare.eu\/fr\/assurance-auto-en-ligne\/couverture\/contrat\/souscription\/documents\/\">les documents \u00e0 fournir pour changer d&rsquo;assurance auto<\/a>\u00a0:<\/p>\n\n\n\n<ul class=\"wp-block-list\">\n<li>Permis de conduire<\/li>\n\n\n\n<li>Relev\u00e9 d\u2019informations<\/li>\n\n\n\n<li>Carte grise<\/li>\n\n\n\n<li>RIB<\/li>\n<\/ul>\n\n\n\n<h2 class=\"wp-block-heading\" id=\"section-3\">Si j\u2019ai envie de changer d\u2019assurances ?&nbsp;<\/h2>\n\n\n\n<p>L\u2019<a href=\"https:\/\/leocare.eu\/fr\/assurance-auto-en-ligne\/electrique\/\">assurance d\u2019une voiture \u00e9lectrique<\/a>\u00a0ne se trouve pas comme \u00e7a, pour de nombreux conducteurs, il est important de bien se faire indemniser les dommages que peut subir son v\u00e9hicule \u00e9lectrique. Il faut en premier lieu \u00e9valuer vos besoins actuels pour choisir la bonne couverture. Si votre v\u00e9hicule est r\u00e9cent, il est pr\u00e9f\u00e9rable d\u2019opter pour une couverture optimale. Au contraire, plus elle est ancienne plus vous pouvez baisser votre couverture d\u2019assurance automobile en optant pour une formule tiers ou tiers+ par exemple. <strong>Lorsque vous avez d\u00e9termin\u00e9 vos besoins, recherch\u00e9s les meilleures compagnies d\u2019assurances en comparant leurs offres, leurs tarifs.<\/strong><\/p>\n\n\n\n<p>Vous pouvez passer par des comparateurs d\u2019assurances qui vous aideront \u00e0 trouver la meilleure assurance qui r\u00e9pondra \u00e0 vos besoins. Les avis des clients sont \u00e9galement tr\u00e8s importants, pour \u00e9valuer le service client ou la gestion des sinistres par exemple. <strong>Vous pouvez vous rendre sur des sites sp\u00e9cialis\u00e9s comme TrustPilot. <\/strong>Lorsque vous avez trouv\u00e9 plusieurs assurances qui vous correspondent, demandez des devis \u00e0 chaque assurance. V\u00e9rifiez ensuite les franchises appliqu\u00e9es en cas d\u2019indemnisation d\u2019un sinistre qui peuvent rendre votre cotisation sal\u00e9e. <strong>Les exclusions sont \u00e9galement \u00e0 regarder, dans quel cas un sinistre est pris en charge ou non par l\u2019assurance.<\/strong><\/p>\n\n\n\n<p>Une fois votre assurance choisie, pensez bien \u00e0 r\u00e9silier votre ancienne assurance avant de proc\u00e9der \u00e0 la souscription. Que ce soit en toute autonomie avec la loi Hamon ou loi Chatel, demandez conseil pour r\u00e9silier au mieux votre ancienne police d\u2019assurance.<strong> Lorsque vous souscrivez \u00e0 votre nouvelle assurance, assurez-vous de comprendre tous les termes et conditions avant de signer le contrat. <\/strong>Elle peut par exemple vous demander de changer votre certificat d\u2019immatriculation en amont ou de fournir votre relev\u00e9 de situations. N\u2019h\u00e9sitez pas \u00e0 demander une modification du contrat appel\u00e9 \u201cavenant\u201d apr\u00e8s souscription si l\u2019assurance vous le permet pour changer vos franchises par exemple.<\/p>\n\n\n\n<h2 class=\"wp-block-heading\" id=\"section-4\">La cotisation de mon assurance voiture \u00e9lectrique&nbsp;<\/h2>\n\n\n\n<p>Un sujet qui f\u00e2che : la cotisation d\u2019assurance\u2026\u00a0<a href=\"https:\/\/leocare.eu\/fr\/assurance-auto-en-ligne\/electrique\/diminution-prime\/\">Au bout de combien de temps l\u2019assurance voiture \u00e9lectrique baisse ?<\/a>\u00a0M\u00eame si avec l\u2019inflation, le prix de l\u2019\u00e9lectricit\u00e9 a augment\u00e9, des donn\u00e9es positives en mati\u00e8re de s\u00e9curit\u00e9 et de r\u00e9clamations peuvent encourager les assureurs \u00e0 r\u00e9viser leurs tarifs \u00e0 la baisse. Le co\u00fbt des r\u00e9parations influe aussi sur votre prime : au d\u00e9but, les r\u00e9parations des composants \u00e9lectriques des voitures \u00e9lectriques pouvaient \u00eatre on\u00e9reuses en raison du co\u00fbt \u00e9lev\u00e9 des pi\u00e8ces et de la n\u00e9cessit\u00e9 d\u2019une expertise sp\u00e9cialis\u00e9e.<\/p>\n\n\n\n<p>Cependant, avec l\u2019\u00e9volution de la technologie et une plus grande disponibilit\u00e9 de pi\u00e8ces de rechange,<strong> les co\u00fbts de r\u00e9paration pourraient commencer \u00e0 baisser, ce qui pourrait influencer favorablement les primes d\u2019assurance.<\/strong> La concurrence croissante dans le secteur de l\u2019assurance pour les voitures \u00e9lectriques pourrait entra\u00eener une pression \u00e0 la baisse sur les tarifs. Les assureurs cherchent \u00e0 attirer les propri\u00e9taires de voitures \u00e9lectriques en proposant des primes plus comp\u00e9titives, ce qui pourrait \u00e9ventuellement faire baisser les co\u00fbts.<strong> En attendant une \u00e9ventuelle baisse des primes, voici quelques conseils pour r\u00e9duire le co\u00fbt de votre assurance pour voiture \u00e9lectrique :\u00a0<\/strong><\/p>\n\n\n\n<ul class=\"wp-block-list\">\n<li><strong>Optez pour une franchise plus \u00e9lev\u00e9e<\/strong> pour obtenir une prime plus basse<\/li>\n\n\n\n<li><strong>Trouver les meilleurs bons plans, <\/strong>certaines assurances peuvent faire des offres aux nouveaux clients.<\/li>\n\n\n\n<li><strong>Bien s\u00fbr soyez un automobiliste irr\u00e9prochable <\/strong>pour faire baisser votre coefficient bonus\/malus et donc faire des \u00e9conomies en baissant votre cotisation.\u00a0<\/li>\n<\/ul>\n\n\n\n<div class=\"bon-a-savoir\">\n\n\n\n<h3 class=\"wp-block-heading\">Faut-il prendre une assurance pour louer une voiture \u00e9lectrique ?<\/h3>\n\n\n\n<p>Oui,&nbsp;<a href=\"https:\/\/leocare.eu\/fr\/assurance-auto-en-ligne\/electrique\/location-tout-savoir\/\">si vous pr\u00e9voyez de louer un v\u00e9hicule \u00e9lectrique<\/a>, il faudra justifier d\u2019une police d\u2019assurance en cas de contr\u00f4le. Cependant, de nombreuses soci\u00e9t\u00e9s de location proposent directement une assurance lorsque vous louez un de leur v\u00e9hicule.<\/p>\n\n\n\n<\/div>\n","protected":false},"excerpt":{"rendered":"<p>Lorsque vous achetez un v\u00e9hicule, le premier r\u00e9flexe que vous avez (enfin, on esp\u00e8re) est de chercher une assurance. \u00c0 partir de l\u00e0, plusieurs options s\u2019offrent \u00e0 vous : vous pouvez passer par des comparateurs d\u2019assurances, souscrire \u00e0 l\u2019assurance que vous avez vue \u00e0 la t\u00e9l\u00e9 ou conserver votre contrat dans votre assurance habituelle. Et [&hellip;]<\/p>\n","protected":false},"author":34,"featured_media":17390,"parent":17436,"menu_order":0,"comment_status":"closed","ping_status":"closed","template":"template_seo.php","meta":{"_acf_changed":false,"footnotes":""},"class_list":["post-18204","page","type-page","status-publish","has-post-thumbnail","hentry"],"acf":[],"yoast_head":"<!-- This site is optimized with the Yoast SEO plugin v27.3 - https:\/\/yoast.com\/product\/yoast-seo-wordpress\/ -->\n<title>Je change de voiture \u00e9lectrique : quelles d\u00e9marches ?<\/title>\n<meta name=\"description\" content=\"D\u00e9couvrez comment adapter votre assurance lors de la transition vers un v\u00e9hicule \u00e9lectrique. Agissez d\u00e8s maintenant pour une transition sans soucis!\" \/>\n<meta name=\"robots\" content=\"index, follow, max-snippet:-1, max-image-preview:large, max-video-preview:-1\" \/>\n<link rel=\"canonical\" href=\"https:\/\/leocare.eu\/fr\/assurance-auto-en-ligne\/electrique\/changement-voiture\/\" \/>\n<meta property=\"og:locale\" content=\"fr_FR\" \/>\n<meta property=\"og:type\" content=\"article\" \/>\n<meta property=\"og:title\" content=\"Je change de voiture \u00e9lectrique : quelles d\u00e9marches ?\" \/>\n<meta property=\"og:description\" content=\"D\u00e9couvrez comment adapter votre assurance lors de la transition vers un v\u00e9hicule \u00e9lectrique. Agissez d\u00e8s maintenant pour une transition sans soucis!\" \/>\n<meta property=\"og:url\" content=\"https:\/\/leocare.eu\/fr\/assurance-auto-en-ligne\/electrique\/changement-voiture\/\" \/>\n<meta property=\"og:site_name\" content=\"Leocare, assurance en ligne automobile et habitation\" \/>\n<meta property=\"article:modified_time\" content=\"2026-04-07T14:36:49+00:00\" \/>\n<meta property=\"og:image\" content=\"https:\/\/leocare.eu\/fr\/wp-content\/uploads\/2021\/01\/comment-maintenir-assurance-changement-voiture-electrique.jpg\" \/>\n\t<meta property=\"og:image:width\" content=\"1900\" \/>\n\t<meta property=\"og:image:height\" content=\"1200\" \/>\n\t<meta property=\"og:image:type\" content=\"image\/jpeg\" \/>\n<meta name=\"twitter:card\" content=\"summary_large_image\" \/>\n<meta name=\"twitter:label1\" content=\"Dur\u00e9e de lecture estim\u00e9e\" \/>\n\t<meta name=\"twitter:data1\" content=\"5 minutes\" \/>\n<!-- \/ Yoast SEO plugin. -->","yoast_head_json":{"title":"Je change de voiture \u00e9lectrique : quelles d\u00e9marches ?","description":"D\u00e9couvrez comment adapter votre assurance lors de la transition vers un v\u00e9hicule \u00e9lectrique. Agissez d\u00e8s maintenant pour une transition sans soucis!","robots":{"index":"index","follow":"follow","max-snippet":"max-snippet:-1","max-image-preview":"max-image-preview:large","max-video-preview":"max-video-preview:-1"},"canonical":"https:\/\/leocare.eu\/fr\/assurance-auto-en-ligne\/electrique\/changement-voiture\/","og_locale":"fr_FR","og_type":"article","og_title":"Je change de voiture \u00e9lectrique : quelles d\u00e9marches ?","og_description":"D\u00e9couvrez comment adapter votre assurance lors de la transition vers un v\u00e9hicule \u00e9lectrique. Agissez d\u00e8s maintenant pour une transition sans soucis!","og_url":"https:\/\/leocare.eu\/fr\/assurance-auto-en-ligne\/electrique\/changement-voiture\/","og_site_name":"Leocare, assurance en ligne automobile et habitation","article_modified_time":"2026-04-07T14:36:49+00:00","og_image":[{"width":1900,"height":1200,"url":"https:\/\/leocare.eu\/fr\/wp-content\/uploads\/2021\/01\/comment-maintenir-assurance-changement-voiture-electrique.jpg","type":"image\/jpeg"}],"twitter_card":"summary_large_image","twitter_misc":{"Dur\u00e9e de lecture estim\u00e9e":"5 minutes"},"schema":{"@context":"https:\/\/schema.org","@graph":[{"@type":"WebPage","@id":"https:\/\/leocare.eu\/fr\/assurance-auto-en-ligne\/electrique\/changement-voiture\/","url":"https:\/\/leocare.eu\/fr\/assurance-auto-en-ligne\/electrique\/changement-voiture\/","name":"Je change de voiture \u00e9lectrique : quelles d\u00e9marches ?","isPartOf":{"@id":"https:\/\/leocare.eu\/fr\/#website"},"primaryImageOfPage":{"@id":"https:\/\/leocare.eu\/fr\/assurance-auto-en-ligne\/electrique\/changement-voiture\/#primaryimage"},"image":{"@id":"https:\/\/leocare.eu\/fr\/assurance-auto-en-ligne\/electrique\/changement-voiture\/#primaryimage"},"thumbnailUrl":"https:\/\/leocare.eu\/fr\/wp-content\/uploads\/2021\/01\/comment-maintenir-assurance-changement-voiture-electrique.jpg","datePublished":"2023-10-16T14:42:54+00:00","dateModified":"2026-04-07T14:36:49+00:00","description":"D\u00e9couvrez comment adapter votre assurance lors de la transition vers un v\u00e9hicule \u00e9lectrique. Agissez d\u00e8s maintenant pour une transition sans soucis!","breadcrumb":{"@id":"https:\/\/leocare.eu\/fr\/assurance-auto-en-ligne\/electrique\/changement-voiture\/#breadcrumb"},"inLanguage":"fr-FR","potentialAction":[{"@type":"ReadAction","target":["https:\/\/leocare.eu\/fr\/assurance-auto-en-ligne\/electrique\/changement-voiture\/"]}]},{"@type":"ImageObject","inLanguage":"fr-FR","@id":"https:\/\/leocare.eu\/fr\/assurance-auto-en-ligne\/electrique\/changement-voiture\/#primaryimage","url":"https:\/\/leocare.eu\/fr\/wp-content\/uploads\/2021\/01\/comment-maintenir-assurance-changement-voiture-electrique.jpg","contentUrl":"https:\/\/leocare.eu\/fr\/wp-content\/uploads\/2021\/01\/comment-maintenir-assurance-changement-voiture-electrique.jpg","width":1900,"height":1200,"caption":"assurance voiture \u00e9lectrique changement voiture"},{"@type":"WebSite","@id":"https:\/\/leocare.eu\/fr\/#website","url":"https:\/\/leocare.eu\/fr\/","name":"Leocare, assurance en ligne automobile et habitation","description":"enfin (r)assur\u00e9.e","publisher":{"@id":"https:\/\/leocare.eu\/fr\/#organization"},"potentialAction":[{"@type":"SearchAction","target":{"@type":"EntryPoint","urlTemplate":"https:\/\/leocare.eu\/fr\/?s={search_term_string}"},"query-input":{"@type":"PropertyValueSpecification","valueRequired":true,"valueName":"search_term_string"}}],"inLanguage":"fr-FR"},{"@type":"Organization","@id":"https:\/\/leocare.eu\/fr\/#organization","name":"Leocare, assurance en ligne automobile et habitation","url":"https:\/\/leocare.eu\/fr\/","logo":{"@type":"ImageObject","inLanguage":"fr-FR","@id":"https:\/\/leocare.eu\/fr\/#\/schema\/logo\/image\/","url":"https:\/\/leocare.eu\/fr\/wp-content\/uploads\/2020\/03\/logo-leocare.svg","contentUrl":"https:\/\/leocare.eu\/fr\/wp-content\/uploads\/2020\/03\/logo-leocare.svg","caption":"Leocare, assurance en ligne automobile et habitation"},"image":{"@id":"https:\/\/leocare.eu\/fr\/#\/schema\/logo\/image\/"}}]}},"_links":{"self":[{"href":"https:\/\/leocare.eu\/fr\/wp-json\/wp\/v2\/pages\/18204","targetHints":{"allow":["GET"]}}],"collection":[{"href":"https:\/\/leocare.eu\/fr\/wp-json\/wp\/v2\/pages"}],"about":[{"href":"https:\/\/leocare.eu\/fr\/wp-json\/wp\/v2\/types\/page"}],"author":[{"embeddable":true,"href":"https:\/\/leocare.eu\/fr\/wp-json\/wp\/v2\/users\/34"}],"replies":[{"embeddable":true,"href":"https:\/\/leocare.eu\/fr\/wp-json\/wp\/v2\/comments?post=18204"}],"version-history":[{"count":9,"href":"https:\/\/leocare.eu\/fr\/wp-json\/wp\/v2\/pages\/18204\/revisions"}],"predecessor-version":[{"id":36549,"href":"https:\/\/leocare.eu\/fr\/wp-json\/wp\/v2\/pages\/18204\/revisions\/36549"}],"up":[{"embeddable":true,"href":"https:\/\/leocare.eu\/fr\/wp-json\/wp\/v2\/pages\/17436"}],"wp:featuredmedia":[{"embeddable":true,"href":"https:\/\/leocare.eu\/fr\/wp-json\/wp\/v2\/media\/17390"}],"wp:attachment":[{"href":"https:\/\/leocare.eu\/fr\/wp-json\/wp\/v2\/media?parent=18204"}],"curies":[{"name":"wp","href":"https:\/\/api.w.org\/{rel}","templated":true}]}}