{"id":18194,"date":"2023-10-16T16:40:18","date_gmt":"2023-10-16T14:40:18","guid":{"rendered":"https:\/\/leocare.eu\/fr\/?page_id=18194"},"modified":"2026-04-07T16:36:47","modified_gmt":"2026-04-07T14:36:47","slug":"prix-voiture-immobilisee","status":"publish","type":"page","link":"https:\/\/leocare.eu\/fr\/assurance-auto-en-ligne\/electrique\/prix-voiture-immobilisee\/","title":{"rendered":"Combien co\u00fbte l\u2019assurance d\u2019une voiture \u00e9lectrique qui reste au garage ?\u00a0"},"content":{"rendered":"\n<p>En France, l\u2019assurance auto est obligatoire pour tous les propri\u00e9taires automobiles, m\u00eame lorsque le v\u00e9hicule ne circule pas. En effet, l\u2019article L211-1 du Code des assurances dispose que \u201ctout v\u00e9hicule automoteur destin\u00e9 \u00e0 circuler sur le sol et qui peut \u00eatre actionn\u00e9 par une force m\u00e9canique\u201d doit \u00eatre assur\u00e9. Alors, quand il s&rsquo;agit d&rsquo;assurer une voiture \u00e9lectrique qui reste au garage, de nombreuses questions se posent aux automobilistes quant au choix de la formule et aux co\u00fbts associ\u00e9s \u00e0 cette assurance.&nbsp;<\/p>\n\n\n\n<h2 class=\"wp-block-heading\" id=\"section-1\">L\u2019assurance d\u2019une voiture immobilis\u00e9e&nbsp;<\/h2>\n\n\n\n<p>M\u00eame si votre voiture \u00e9lectrique reste au garage, souscrire une bonne assurance peut s\u2019av\u00e9rer \u00eatre une d\u00e9marche judicieuse pour plusieurs raisons. D\u2019abord, les accidents ne sont pas toujours li\u00e9s \u00e0 la circulation. Votre voiture pourrait subir des dommages en raison de l\u2019\u00e9lectricit\u00e9 de ces composants, d\u2019intemp\u00e9ries, d\u2019une chute d\u2019objet, d\u2019un incendie ou m\u00eame d\u2019un vol. Une assurance peut vous offrir une protection financi\u00e8re contre ces sc\u00e9narios inattendus, vous \u00e9vitant ainsi des frais de r\u00e9paration ou de remplacement consid\u00e9rables qui seront alors&nbsp;<a href=\"https:\/\/leocare.eu\/fr\/assurance-auto-en-ligne\/electrique\/prise-en-charge-par-assurance\/\">pris en charge par votre assureur<\/a>.<\/p>\n\n\n\n<h2 class=\"wp-block-heading\" id=\"section-2\">Les formules d\u2019assurance pour une voiture \u00e9lectrique immobilis\u00e9e&nbsp;<\/h2>\n\n\n\n<p>Lorsque vous choisissez une&nbsp;<a href=\"https:\/\/leocare.eu\/fr\/assurance-auto-en-ligne\/electrique\/\">assurance pour une voiture \u00e9lectrique<\/a>&nbsp;qui reste au garage, plusieurs options s\u2019offrent \u00e0 vous.&nbsp;<\/p>\n\n\n\n<p>L\u2019assurance au tiers est la couverture minimale requise par la loi. Elle vous prot\u00e8ge contre les dommages mat\u00e9riels et corporels caus\u00e9s \u00e0 des tiers en cas d\u2019accident, m\u00eame si votre v\u00e9hicule est immobilis\u00e9. Cette option peut offrir une protection de base pour les \u00e9ventuels dommages involontaires caus\u00e9s \u00e0 d\u2019autres biens. C\u2019est la couverture naturellement choisie par les conducteurs voulant faire des \u00e9conomies.&nbsp;<\/p>\n\n\n\n<p>Cependant, pour une protection plus compl\u00e8te de votre voiture \u00e9lectrique immobilis\u00e9e, vous pourriez envisager une assurance tous risques. Cette couverture englobe non seulement les dommages caus\u00e9s \u00e0 des tiers, mais vous recevrez \u00e9galement une indemnisation pour les dommages \u00e0 votre propre v\u00e9hicule, qu\u2019ils soient li\u00e9s \u00e0 des accidents, \u00e0 des vols, \u00e0 des incendies ou \u00e0 d\u2019autres circonstances impr\u00e9vues.<\/p>\n\n\n\n<p>Dans le cas des voitures \u00e9lectriques immobilis\u00e9es, d\u2019autres types de contrat d\u2019assurance existent. En effet, certaines compagnies d\u2019assurance proposent une formule parking ou hors circulation, dont la couverture prendra fin d\u00e8s la remise en circulation du v\u00e9hicule.&nbsp;<\/p>\n\n\n\n<p>Autrement, si vous n\u2019utilisez votre voiture \u00e9lectrique que tr\u00e8s peu souvent, vous pourrez opter pour une assurance temporaire allant jusqu\u2019\u00e0 90 jours, une formule auto au kilom\u00e8tre selon vos trajets ou encore un contrat week-end.<\/p>\n\n\n\n<h2 class=\"wp-block-heading\" id=\"section-3\">Les facteurs impactant le co\u00fbt de l\u2019assurance garage<\/h2>\n\n\n\n<p>Le co\u00fbt de l\u2019<a href=\"https:\/\/leocare.eu\/fr\/assurance-auto-en-ligne\/electrique\/obligatoire\/\">assurance obligatoire des v\u00e9hicules \u00e9lectriques<\/a>&nbsp;immobilis\u00e9s varie en fonction de plusieurs facteurs.&nbsp;<\/p>\n\n\n\n<p>Premi\u00e8rement, la valeur de votre voiture \u00e9lectrique joue un r\u00f4le majeur dans le calcul de vos cotisations. Plus la valeur de votre v\u00e9hicule est \u00e9lev\u00e9e, plus la prime d\u2019assurance risque de l\u2019\u00eatre \u00e9galement, car les compagnies d\u2019assurance prendront en compte le co\u00fbt potentiel de r\u00e9paration ou de remplacement.<\/p>\n\n\n\n<p>L\u2019autonomie de votre voiture \u00e9lectrique peut \u00e9galement influencer le co\u00fbt de l\u2019assurance. Une autonomie plus \u00e9lev\u00e9e peut \u00eatre associ\u00e9e \u00e0 un prix de remplacement plus \u00e9lev\u00e9 de la&nbsp; batterie, ce qui peut entra\u00eener une plus grande cotisation.<\/p>\n\n\n\n<p>L\u2019emplacement de votre garage joue \u00e9galement un r\u00f4le. Si vous habitez dans une r\u00e9gion sujette aux intemp\u00e9ries, aux vols ou aux risques environnementaux, cela peut augmenter le co\u00fbt de votre assurance.<\/p>\n\n\n\n<p>L\u2019utilisation d\u2019un comparateur d\u2019assurances en ligne peut s\u2019av\u00e9rer tr\u00e8s utile pour trouver le meilleur prix pour l\u2019assurance de votre voiture \u00e9lectrique immobilis\u00e9e. Ces outils vous permettent de comparer facilement les offres de diff\u00e9rentes compagnies d\u2019assurance, en prenant en compte vos besoins sp\u00e9cifiques, votre profil conducteur et notamment votre coefficient bonus-malus et les caract\u00e9ristiques de votre voiture \u00e9lectrique. Vous pouvez ainsi obtenir des devis personnalis\u00e9s et choisir la meilleure option en fonction de votre budget et de vos exigences de couverture.<\/p>\n\n\n\n<h2 class=\"wp-block-heading\" id=\"section-4\">Quelles sont les sanctions donn\u00e9es en cas de d\u00e9faut d\u2019assurance auto \u00e9lectrique immobilis\u00e9e ?<\/h2>\n\n\n\n<p>Les sanctions appliqu\u00e9es si vous n\u2019avez pas d\u2019assurance auto pour votre v\u00e9hicule \u00e9lectrique stationn\u00e9 sont multiples. Il s\u2019agira d\u2019abord d\u2019une amende, allant de 500 \u20ac \u00e0 3 750 \u20ac, mais selon les circonstances, des peines suppl\u00e9mentaires existent comme :&nbsp;<\/p>\n\n\n\n<ul class=\"wp-block-list\">\n<li>Des travaux d\u2019int\u00e9r\u00eat g\u00e9n\u00e9ral<\/li>\n\n\n\n<li>L\u2019annulation du permis avec interdiction de le repasser durant un temps donn\u00e9\u00a0<\/li>\n\n\n\n<li>La suspension du permis de conduire jusqu\u2019\u00e0 3 ans<\/li>\n\n\n\n<li>L\u2019interdiction de rouler\u00a0<\/li>\n\n\n\n<li>L\u2019obligation de passer un stage de sensibilisation\u00a0<\/li>\n\n\n\n<li>L\u2019immobilisation voire la confiscation du v\u00e9hicule<\/li>\n<\/ul>\n\n\n\n<div class=\"bon-a-savoir\">\n\n\n\n<h3 class=\"wp-block-heading\">Peut-on vendre une voiture \u00e9lectrique non assur\u00e9e ?<\/h3>\n\n\n\n<p>Nous l\u2019avons vu, il est obligatoire d\u2019avoir une assurance auto pour pouvoir circuler l\u00e9galement sur la voie publique. Par cons\u00e9quent,<a href=\"https:\/\/leocare.eu\/fr\/assurance-auto-en-ligne\/electrique\/vendre-voiture-non-assuree\/\">&nbsp;il n\u2019est pas l\u00e9gal de vendre un v\u00e9hicule sans assurance<\/a>.&nbsp;<\/p>\n\n\n\n<p>Lors de la vente d\u2019un v\u00e9hicule, il est g\u00e9n\u00e9ralement demand\u00e9 au vendeur de fournir une preuve d\u2019assurance valide pour le v\u00e9hicule, notamment pour le transfert de la carte grise (certificat d\u2019immatriculation) au nom de l\u2019acheteur. Le nouveau propri\u00e9taire devra ensuite souscrire sa propre assurance pour le v\u00e9hicule.<\/p>\n\n\n\n<\/div>\n","protected":false},"excerpt":{"rendered":"<p>En France, l\u2019assurance auto est obligatoire pour tous les propri\u00e9taires automobiles, m\u00eame lorsque le v\u00e9hicule ne circule pas. En effet, l\u2019article L211-1 du Code des assurances dispose que \u201ctout v\u00e9hicule automoteur destin\u00e9 \u00e0 circuler sur le sol et qui peut \u00eatre actionn\u00e9 par une force m\u00e9canique\u201d doit \u00eatre assur\u00e9. Alors, quand il s&rsquo;agit d&rsquo;assurer une [&hellip;]<\/p>\n","protected":false},"author":34,"featured_media":18191,"parent":17436,"menu_order":0,"comment_status":"closed","ping_status":"closed","template":"template_seo.php","meta":{"_acf_changed":false,"footnotes":""},"class_list":["post-18194","page","type-page","status-publish","has-post-thumbnail","hentry"],"acf":[],"yoast_head":"<!-- This site is optimized with the Yoast SEO plugin v27.3 - https:\/\/yoast.com\/product\/yoast-seo-wordpress\/ -->\n<title>Prix pour l\u2019assurance d\u2019une voiture \u00e9lectrique au garage<\/title>\n<meta name=\"description\" content=\"D\u00e9couvrez le co\u00fbt d&#039;assurer une voiture \u00e9lectrique stationn\u00e9e. Comparez, \u00e9conomisez et trouvez la meilleure assurance auto aujourd&#039;hui! Rejoignez-nous.\" \/>\n<meta name=\"robots\" content=\"index, follow, max-snippet:-1, max-image-preview:large, max-video-preview:-1\" \/>\n<link rel=\"canonical\" href=\"https:\/\/leocare.eu\/fr\/assurance-auto-en-ligne\/electrique\/prix-voiture-immobilisee\/\" \/>\n<meta property=\"og:locale\" content=\"fr_FR\" \/>\n<meta property=\"og:type\" content=\"article\" \/>\n<meta property=\"og:title\" content=\"Prix pour l\u2019assurance d\u2019une voiture \u00e9lectrique au garage\" \/>\n<meta property=\"og:description\" content=\"D\u00e9couvrez le co\u00fbt d&#039;assurer une voiture \u00e9lectrique stationn\u00e9e. Comparez, \u00e9conomisez et trouvez la meilleure assurance auto aujourd&#039;hui! Rejoignez-nous.\" \/>\n<meta property=\"og:url\" content=\"https:\/\/leocare.eu\/fr\/assurance-auto-en-ligne\/electrique\/prix-voiture-immobilisee\/\" \/>\n<meta property=\"og:site_name\" content=\"Leocare, assurance en ligne automobile et habitation\" \/>\n<meta property=\"article:modified_time\" content=\"2026-04-07T14:36:47+00:00\" \/>\n<meta property=\"og:image\" content=\"https:\/\/leocare.eu\/fr\/wp-content\/uploads\/2021\/01\/combien-coute-assurance-auto-electrique-garage.jpg\" \/>\n\t<meta property=\"og:image:width\" content=\"1900\" \/>\n\t<meta property=\"og:image:height\" content=\"1200\" \/>\n\t<meta property=\"og:image:type\" content=\"image\/jpeg\" \/>\n<meta name=\"twitter:card\" content=\"summary_large_image\" \/>\n<meta name=\"twitter:label1\" content=\"Dur\u00e9e de lecture estim\u00e9e\" \/>\n\t<meta name=\"twitter:data1\" content=\"5 minutes\" \/>\n<!-- \/ Yoast SEO plugin. -->","yoast_head_json":{"title":"Prix pour l\u2019assurance d\u2019une voiture \u00e9lectrique au garage","description":"D\u00e9couvrez le co\u00fbt d'assurer une voiture \u00e9lectrique stationn\u00e9e. Comparez, \u00e9conomisez et trouvez la meilleure assurance auto aujourd'hui! Rejoignez-nous.","robots":{"index":"index","follow":"follow","max-snippet":"max-snippet:-1","max-image-preview":"max-image-preview:large","max-video-preview":"max-video-preview:-1"},"canonical":"https:\/\/leocare.eu\/fr\/assurance-auto-en-ligne\/electrique\/prix-voiture-immobilisee\/","og_locale":"fr_FR","og_type":"article","og_title":"Prix pour l\u2019assurance d\u2019une voiture \u00e9lectrique au garage","og_description":"D\u00e9couvrez le co\u00fbt d'assurer une voiture \u00e9lectrique stationn\u00e9e. Comparez, \u00e9conomisez et trouvez la meilleure assurance auto aujourd'hui! Rejoignez-nous.","og_url":"https:\/\/leocare.eu\/fr\/assurance-auto-en-ligne\/electrique\/prix-voiture-immobilisee\/","og_site_name":"Leocare, assurance en ligne automobile et habitation","article_modified_time":"2026-04-07T14:36:47+00:00","og_image":[{"width":1900,"height":1200,"url":"https:\/\/leocare.eu\/fr\/wp-content\/uploads\/2021\/01\/combien-coute-assurance-auto-electrique-garage.jpg","type":"image\/jpeg"}],"twitter_card":"summary_large_image","twitter_misc":{"Dur\u00e9e de lecture estim\u00e9e":"5 minutes"},"schema":{"@context":"https:\/\/schema.org","@graph":[{"@type":"WebPage","@id":"https:\/\/leocare.eu\/fr\/assurance-auto-en-ligne\/electrique\/prix-voiture-immobilisee\/","url":"https:\/\/leocare.eu\/fr\/assurance-auto-en-ligne\/electrique\/prix-voiture-immobilisee\/","name":"Prix pour l\u2019assurance d\u2019une voiture \u00e9lectrique au garage","isPartOf":{"@id":"https:\/\/leocare.eu\/fr\/#website"},"primaryImageOfPage":{"@id":"https:\/\/leocare.eu\/fr\/assurance-auto-en-ligne\/electrique\/prix-voiture-immobilisee\/#primaryimage"},"image":{"@id":"https:\/\/leocare.eu\/fr\/assurance-auto-en-ligne\/electrique\/prix-voiture-immobilisee\/#primaryimage"},"thumbnailUrl":"https:\/\/leocare.eu\/fr\/wp-content\/uploads\/2021\/01\/combien-coute-assurance-auto-electrique-garage.jpg","datePublished":"2023-10-16T14:40:18+00:00","dateModified":"2026-04-07T14:36:47+00:00","description":"D\u00e9couvrez le co\u00fbt d'assurer une voiture \u00e9lectrique stationn\u00e9e. Comparez, \u00e9conomisez et trouvez la meilleure assurance auto aujourd'hui! Rejoignez-nous.","breadcrumb":{"@id":"https:\/\/leocare.eu\/fr\/assurance-auto-en-ligne\/electrique\/prix-voiture-immobilisee\/#breadcrumb"},"inLanguage":"fr-FR","potentialAction":[{"@type":"ReadAction","target":["https:\/\/leocare.eu\/fr\/assurance-auto-en-ligne\/electrique\/prix-voiture-immobilisee\/"]}]},{"@type":"ImageObject","inLanguage":"fr-FR","@id":"https:\/\/leocare.eu\/fr\/assurance-auto-en-ligne\/electrique\/prix-voiture-immobilisee\/#primaryimage","url":"https:\/\/leocare.eu\/fr\/wp-content\/uploads\/2021\/01\/combien-coute-assurance-auto-electrique-garage.jpg","contentUrl":"https:\/\/leocare.eu\/fr\/wp-content\/uploads\/2021\/01\/combien-coute-assurance-auto-electrique-garage.jpg","width":1900,"height":1200,"caption":"voiture \u00e9lectrique garage"},{"@type":"WebSite","@id":"https:\/\/leocare.eu\/fr\/#website","url":"https:\/\/leocare.eu\/fr\/","name":"Leocare, assurance en ligne automobile et habitation","description":"enfin (r)assur\u00e9.e","publisher":{"@id":"https:\/\/leocare.eu\/fr\/#organization"},"potentialAction":[{"@type":"SearchAction","target":{"@type":"EntryPoint","urlTemplate":"https:\/\/leocare.eu\/fr\/?s={search_term_string}"},"query-input":{"@type":"PropertyValueSpecification","valueRequired":true,"valueName":"search_term_string"}}],"inLanguage":"fr-FR"},{"@type":"Organization","@id":"https:\/\/leocare.eu\/fr\/#organization","name":"Leocare, assurance en ligne automobile et habitation","url":"https:\/\/leocare.eu\/fr\/","logo":{"@type":"ImageObject","inLanguage":"fr-FR","@id":"https:\/\/leocare.eu\/fr\/#\/schema\/logo\/image\/","url":"https:\/\/leocare.eu\/fr\/wp-content\/uploads\/2020\/03\/logo-leocare.svg","contentUrl":"https:\/\/leocare.eu\/fr\/wp-content\/uploads\/2020\/03\/logo-leocare.svg","caption":"Leocare, assurance en ligne automobile et habitation"},"image":{"@id":"https:\/\/leocare.eu\/fr\/#\/schema\/logo\/image\/"}}]}},"_links":{"self":[{"href":"https:\/\/leocare.eu\/fr\/wp-json\/wp\/v2\/pages\/18194","targetHints":{"allow":["GET"]}}],"collection":[{"href":"https:\/\/leocare.eu\/fr\/wp-json\/wp\/v2\/pages"}],"about":[{"href":"https:\/\/leocare.eu\/fr\/wp-json\/wp\/v2\/types\/page"}],"author":[{"embeddable":true,"href":"https:\/\/leocare.eu\/fr\/wp-json\/wp\/v2\/users\/34"}],"replies":[{"embeddable":true,"href":"https:\/\/leocare.eu\/fr\/wp-json\/wp\/v2\/comments?post=18194"}],"version-history":[{"count":13,"href":"https:\/\/leocare.eu\/fr\/wp-json\/wp\/v2\/pages\/18194\/revisions"}],"predecessor-version":[{"id":37205,"href":"https:\/\/leocare.eu\/fr\/wp-json\/wp\/v2\/pages\/18194\/revisions\/37205"}],"up":[{"embeddable":true,"href":"https:\/\/leocare.eu\/fr\/wp-json\/wp\/v2\/pages\/17436"}],"wp:featuredmedia":[{"embeddable":true,"href":"https:\/\/leocare.eu\/fr\/wp-json\/wp\/v2\/media\/18191"}],"wp:attachment":[{"href":"https:\/\/leocare.eu\/fr\/wp-json\/wp\/v2\/media?parent=18194"}],"curies":[{"name":"wp","href":"https:\/\/api.w.org\/{rel}","templated":true}]}}