{"id":18004,"date":"2023-10-03T09:11:15","date_gmt":"2023-10-03T07:11:15","guid":{"rendered":"https:\/\/leocare.eu\/fr\/?page_id=18004"},"modified":"2024-05-31T10:25:15","modified_gmt":"2024-05-31T08:25:15","slug":"leocare-lance-son-offre-risque-aggrave","status":"publish","type":"page","link":"https:\/\/leocare.eu\/fr\/presse\/leocare-lance-son-offre-risque-aggrave\/","title":{"rendered":"Leocare se diversifie et lance son offre \u00ab Risque aggrav\u00e9 \u00bb"},"content":{"rendered":"\n<p><em>Apr\u00e8s la mise \u00e0 disposition d\u2019un produit d\u2019assurance moto, Leocare annonce ce jour le lancement d\u2019une toute nouvelle offre \u00ab Risque aggrav\u00e9 \u00bb \u00e0 destination des courtiers de proximit\u00e9. Fid\u00e8le \u00e0 sa promesse d\u2019accessibilit\u00e9 et son objectif de devenir le premier partenaire IARD particuliers des courtiers fran\u00e7ais, la n\u00e9o-assurance a souhait\u00e9 ce produit le plus large et le plus inclusif possible aupr\u00e8s de ses courtiers partenaires. L\u2019offre risque aggrav\u00e9 s\u2019adresse aux conducteurs maluss\u00e9s ou r\u00e9sili\u00e9s pour d\u00e9faut de paiement, perte de permis ou sinistralit\u00e9 \u00e9lev\u00e9e, mais \u00e9galement aux automobilistes cumulant plusieurs accidents responsables. Pour rappel, environ 800 000 conducteurs rouleraient aujourd\u2019hui sans assurance en France.<\/em><\/p>\n\n\n\n<h2 class=\"wp-block-heading\">Une ambition : devenir le premier partenaire IARD particuliers des courtiers fran\u00e7ais<\/h2>\n\n\n\n<p>Si l\u2019assurance est l\u2019un des derniers secteurs \u00e0 s\u2019\u00eatre digitalis\u00e9, elle a su rapidement rattraper son retard d\u2019adoption. Les habitudes prises dans d\u2019autres secteurs ont permis aux Fran\u00e7ais de mieux appr\u00e9hender le digital pour g\u00e9rer leurs assurances : 48% d\u2019entre eux utilisent le digital pour g\u00e9rer leurs assurances (site internet, e-mail, application mobile, messagerie instantan\u00e9e) contre 23% pour l\u2019usage physique2 (agence, courrier postal).<\/p>\n\n\n\n<p>Et pourtant, m\u00eame si l\u2019assurance reste essentielle pour les Fran\u00e7ais, de nombreuses assurances ont d\u00e9cid\u00e9 de drastiquement r\u00e9duire la mise \u00e0 disposition de produits d\u2019assurance pour leur segment B2B2C face \u00e0 l\u2019augmentation des risques due notamment aux catastrophes naturelles qui atteint le montant record de 10 milliards d\u2019euros en 20223.<\/p>\n\n\n\n<p><strong>Les interm\u00e9diaires d\u2019assurance repr\u00e9sentent 42% du march\u00e9 IARD particuliers.<\/strong><\/p>\n\n\n\n<p><em>\u201c\u00c0 l\u2019heure o\u00f9 certaines compagnies d\u2019assurances se d\u00e9sengagent de la distribution interm\u00e9di\u00e9e, nous faisons le pari de soutenir les courtiers de proximit\u00e9 en leur donnant un acc\u00e8s exclusif \u00e0 une gamme de plus en plus large de produits d\u2019assurance automobile, moto et habitation comp\u00e9titifs et durables. Les interm\u00e9diaires d\u2019assurance ont une connaissance fine des besoins changeants des Fran\u00e7ais et leur expertise est indispensable pour notre d\u00e9veloppement. Nous intensifions l\u2019ouverture de nouveaux produits qui permettront \u00e0 nos distributeurs d\u2019adresser tous leurs segments privil\u00e9gi\u00e9s de client\u00e8le sur le march\u00e9 de particuliers\u201d<\/em><strong>, d\u00e9clare Gr\u00e9goire Rastoul, Chief Business Officer de Leocare.<\/strong><\/p>\n\n\n\n<h2 class=\"wp-block-heading\">Maluss\u00e9s \u2013 r\u00e9sili\u00e9s : Leocare s\u2019adresse \u00e0 tous les automobilistes<\/h2>\n\n\n\n<p>Parce que s\u2019assurer est un devoir mais aussi un droit, Leocare \u00e9largit son offre pour s\u2019adresser \u00e9galement \u00e0 ces nombreux profils \u00e0 risque aggrav\u00e9.&nbsp;<\/p>\n\n\n\n<p>Accessible d\u00e8s 1 an de permis, <strong>cette nouvelle solution est destin\u00e9e aux conducteurs maluss\u00e9s ou r\u00e9sili\u00e9s pour incident de paiement, perte de permis suite \u00e0 la conduite sous alcool et stup\u00e9fiant ou sinistralit\u00e9 \u00e9lev\u00e9e.\u00a0<\/strong><\/p>\n\n\n\n<h2 class=\"wp-block-heading\">Leocare : la technologie au service du Care<\/h2>\n\n\n\n<p>Cette nouvelle offre r\u00e9pond \u00e0 la raison d\u2019\u00eatre de Leocare : soulager et aider les assur\u00e9s, quel que soit leur profil, au quotidien. Chez Leocare, on sait qu\u2019il y a autant de probl\u00e8matiques que d\u2019assur\u00e9s. Chaque cas est unique et n\u00e9cessite un traitement personnalis\u00e9. C\u2019est pourquoi les solutions propos\u00e9es sont flexibles et adaptables pour que chacun puisse trouver la couverture qui lui convient, au meilleur prix.<\/p>\n\n\n\n<p>Pas d\u2019innovation pour l\u2019innovation.<strong> L\u2019objectif est toujours la cr\u00e9ation et la nouveaut\u00e9 orient\u00e9es vers l\u2019humain et les besoins r\u00e9els des assur\u00e9s. <\/strong>Simplicit\u00e9, flexibilit\u00e9, transparence et inclusivit\u00e9 : tels sont les quatre mots d\u2019ordre de Leocare.<\/p>\n\n\n\n<p>Le produit d\u2019assurance risque aggrav\u00e9 sera dans un premier temps mis \u00e0 disposition aupr\u00e8s des partenaires courtiers de Leocare puis sera rapidement \u00e9largi pour \u00eatre accessible \u00e0 tous les clients fran\u00e7ais.<\/p>\n","protected":false},"excerpt":{"rendered":"<p>Apr\u00e8s la mise \u00e0 disposition d\u2019un produit d\u2019assurance moto, Leocare annonce ce jour le lancement d\u2019une toute nouvelle offre \u00ab Risque aggrav\u00e9 \u00bb \u00e0 destination des courtiers de proximit\u00e9. Fid\u00e8le \u00e0 sa promesse d\u2019accessibilit\u00e9 et son objectif de devenir le premier partenaire IARD particuliers des courtiers fran\u00e7ais, la n\u00e9o-assurance a souhait\u00e9 ce produit le plus [&hellip;]<\/p>\n","protected":false},"author":34,"featured_media":16588,"parent":16531,"menu_order":0,"comment_status":"closed","ping_status":"closed","template":"template_press_article.php","meta":{"_acf_changed":false,"footnotes":""},"class_list":["post-18004","page","type-page","status-publish","has-post-thumbnail","hentry"],"acf":[],"yoast_head":"<!-- This site is optimized with the Yoast SEO plugin v27.3 - https:\/\/yoast.com\/product\/yoast-seo-wordpress\/ -->\n<title>Leocare se diversifie et lance son offre \u00ab Risque aggrav\u00e9 \u00bb<\/title>\n<meta name=\"description\" content=\"Leocare lance une nouvelle offre pour les risques aggrav\u00e9s. Assurez-vous malgr\u00e9 les situations complexes avec nos solutions adapt\u00e9es.\" \/>\n<meta name=\"robots\" content=\"index, follow, max-snippet:-1, max-image-preview:large, max-video-preview:-1\" \/>\n<link rel=\"canonical\" href=\"https:\/\/leocare.eu\/fr\/presse\/leocare-lance-son-offre-risque-aggrave\/\" \/>\n<meta property=\"og:locale\" content=\"fr_FR\" \/>\n<meta property=\"og:type\" content=\"article\" \/>\n<meta property=\"og:title\" content=\"Leocare se diversifie et lance son offre \u00ab Risque aggrav\u00e9 \u00bb\" \/>\n<meta property=\"og:description\" content=\"Leocare lance une nouvelle offre pour les risques aggrav\u00e9s. Assurez-vous malgr\u00e9 les situations complexes avec nos solutions adapt\u00e9es.\" \/>\n<meta property=\"og:url\" content=\"https:\/\/leocare.eu\/fr\/presse\/leocare-lance-son-offre-risque-aggrave\/\" \/>\n<meta property=\"og:site_name\" content=\"Leocare, assurance en ligne automobile et habitation\" \/>\n<meta property=\"article:modified_time\" content=\"2024-05-31T08:25:15+00:00\" \/>\n<meta property=\"og:image\" content=\"https:\/\/leocare.eu\/fr\/wp-content\/uploads\/2023\/07\/background-leocare.png\" \/>\n\t<meta property=\"og:image:width\" content=\"1400\" \/>\n\t<meta property=\"og:image:height\" content=\"600\" \/>\n\t<meta property=\"og:image:type\" content=\"image\/png\" \/>\n<meta name=\"twitter:card\" content=\"summary_large_image\" \/>\n<meta name=\"twitter:label1\" content=\"Dur\u00e9e de lecture estim\u00e9e\" \/>\n\t<meta name=\"twitter:data1\" content=\"3 minutes\" \/>\n<!-- \/ Yoast SEO plugin. -->","yoast_head_json":{"title":"Leocare se diversifie et lance son offre \u00ab Risque aggrav\u00e9 \u00bb","description":"Leocare lance une nouvelle offre pour les risques aggrav\u00e9s. Assurez-vous malgr\u00e9 les situations complexes avec nos solutions adapt\u00e9es.","robots":{"index":"index","follow":"follow","max-snippet":"max-snippet:-1","max-image-preview":"max-image-preview:large","max-video-preview":"max-video-preview:-1"},"canonical":"https:\/\/leocare.eu\/fr\/presse\/leocare-lance-son-offre-risque-aggrave\/","og_locale":"fr_FR","og_type":"article","og_title":"Leocare se diversifie et lance son offre \u00ab Risque aggrav\u00e9 \u00bb","og_description":"Leocare lance une nouvelle offre pour les risques aggrav\u00e9s. Assurez-vous malgr\u00e9 les situations complexes avec nos solutions adapt\u00e9es.","og_url":"https:\/\/leocare.eu\/fr\/presse\/leocare-lance-son-offre-risque-aggrave\/","og_site_name":"Leocare, assurance en ligne automobile et habitation","article_modified_time":"2024-05-31T08:25:15+00:00","og_image":[{"width":1400,"height":600,"url":"https:\/\/leocare.eu\/fr\/wp-content\/uploads\/2023\/07\/background-leocare.png","type":"image\/png"}],"twitter_card":"summary_large_image","twitter_misc":{"Dur\u00e9e de lecture estim\u00e9e":"3 minutes"},"schema":{"@context":"https:\/\/schema.org","@graph":[{"@type":"WebPage","@id":"https:\/\/leocare.eu\/fr\/presse\/leocare-lance-son-offre-risque-aggrave\/","url":"https:\/\/leocare.eu\/fr\/presse\/leocare-lance-son-offre-risque-aggrave\/","name":"Leocare se diversifie et lance son offre \u00ab Risque aggrav\u00e9 \u00bb","isPartOf":{"@id":"https:\/\/leocare.eu\/fr\/#website"},"primaryImageOfPage":{"@id":"https:\/\/leocare.eu\/fr\/presse\/leocare-lance-son-offre-risque-aggrave\/#primaryimage"},"image":{"@id":"https:\/\/leocare.eu\/fr\/presse\/leocare-lance-son-offre-risque-aggrave\/#primaryimage"},"thumbnailUrl":"https:\/\/leocare.eu\/fr\/wp-content\/uploads\/2023\/07\/background-leocare.png","datePublished":"2023-10-03T07:11:15+00:00","dateModified":"2024-05-31T08:25:15+00:00","description":"Leocare lance une nouvelle offre pour les risques aggrav\u00e9s. Assurez-vous malgr\u00e9 les situations complexes avec nos solutions adapt\u00e9es.","breadcrumb":{"@id":"https:\/\/leocare.eu\/fr\/presse\/leocare-lance-son-offre-risque-aggrave\/#breadcrumb"},"inLanguage":"fr-FR","potentialAction":[{"@type":"ReadAction","target":["https:\/\/leocare.eu\/fr\/presse\/leocare-lance-son-offre-risque-aggrave\/"]}]},{"@type":"ImageObject","inLanguage":"fr-FR","@id":"https:\/\/leocare.eu\/fr\/presse\/leocare-lance-son-offre-risque-aggrave\/#primaryimage","url":"https:\/\/leocare.eu\/fr\/wp-content\/uploads\/2023\/07\/background-leocare.png","contentUrl":"https:\/\/leocare.eu\/fr\/wp-content\/uploads\/2023\/07\/background-leocare.png","width":1400,"height":600,"caption":"background leocare"},{"@type":"WebSite","@id":"https:\/\/leocare.eu\/fr\/#website","url":"https:\/\/leocare.eu\/fr\/","name":"Leocare, assurance en ligne automobile et habitation","description":"enfin (r)assur\u00e9.e","publisher":{"@id":"https:\/\/leocare.eu\/fr\/#organization"},"potentialAction":[{"@type":"SearchAction","target":{"@type":"EntryPoint","urlTemplate":"https:\/\/leocare.eu\/fr\/?s={search_term_string}"},"query-input":{"@type":"PropertyValueSpecification","valueRequired":true,"valueName":"search_term_string"}}],"inLanguage":"fr-FR"},{"@type":"Organization","@id":"https:\/\/leocare.eu\/fr\/#organization","name":"Leocare, assurance en ligne automobile et habitation","url":"https:\/\/leocare.eu\/fr\/","logo":{"@type":"ImageObject","inLanguage":"fr-FR","@id":"https:\/\/leocare.eu\/fr\/#\/schema\/logo\/image\/","url":"https:\/\/leocare.eu\/fr\/wp-content\/uploads\/2020\/03\/logo-leocare.svg","contentUrl":"https:\/\/leocare.eu\/fr\/wp-content\/uploads\/2020\/03\/logo-leocare.svg","caption":"Leocare, assurance en ligne automobile et habitation"},"image":{"@id":"https:\/\/leocare.eu\/fr\/#\/schema\/logo\/image\/"}}]}},"_links":{"self":[{"href":"https:\/\/leocare.eu\/fr\/wp-json\/wp\/v2\/pages\/18004","targetHints":{"allow":["GET"]}}],"collection":[{"href":"https:\/\/leocare.eu\/fr\/wp-json\/wp\/v2\/pages"}],"about":[{"href":"https:\/\/leocare.eu\/fr\/wp-json\/wp\/v2\/types\/page"}],"author":[{"embeddable":true,"href":"https:\/\/leocare.eu\/fr\/wp-json\/wp\/v2\/users\/34"}],"replies":[{"embeddable":true,"href":"https:\/\/leocare.eu\/fr\/wp-json\/wp\/v2\/comments?post=18004"}],"version-history":[{"count":5,"href":"https:\/\/leocare.eu\/fr\/wp-json\/wp\/v2\/pages\/18004\/revisions"}],"predecessor-version":[{"id":18009,"href":"https:\/\/leocare.eu\/fr\/wp-json\/wp\/v2\/pages\/18004\/revisions\/18009"}],"up":[{"embeddable":true,"href":"https:\/\/leocare.eu\/fr\/wp-json\/wp\/v2\/pages\/16531"}],"wp:featuredmedia":[{"embeddable":true,"href":"https:\/\/leocare.eu\/fr\/wp-json\/wp\/v2\/media\/16588"}],"wp:attachment":[{"href":"https:\/\/leocare.eu\/fr\/wp-json\/wp\/v2\/media?parent=18004"}],"curies":[{"name":"wp","href":"https:\/\/api.w.org\/{rel}","templated":true}]}}