{"id":17928,"date":"2023-09-26T14:26:25","date_gmt":"2023-09-26T12:26:25","guid":{"rendered":"https:\/\/leocare.eu\/fr\/?page_id=17928"},"modified":"2026-04-07T16:52:22","modified_gmt":"2026-04-07T14:52:22","slug":"malus","status":"publish","type":"page","link":"https:\/\/leocare.eu\/fr\/assurance-auto-en-ligne\/couverture\/contrat\/releve-information\/malus\/","title":{"rendered":"Assurance auto malus"},"content":{"rendered":"\n<p>Vous \u00eates \u00e0 la recherche d\u2019une assurance malus ? \u00c7a tombe bien, Leocare vous propose une assurance suite \u00e0 une conduite sous alcool et stup\u00e9fiant et m\u00eame en cas de coefficient bonus-malus \u00e9lev\u00e9 !<\/p>\n\n\n\n<h2 class=\"wp-block-heading\" id=\"section-1\">Qu\u2019est-ce qu\u2019un malus ?<\/h2>\n\n\n\n<p>Dans le monde de l\u2019assurance, pour concevoir votre produit d\u2019assurance, de nombreux crit\u00e8res sont utilis\u00e9s pour calculer le montant de votre cotisation. On prend en compte par exemple le mod\u00e8le du v\u00e9hicule, sa puissance, l\u2019adresse \u00e0 laquelle il est stationn\u00e9, le nombre de sinistres ou encore\u2026 le coefficient bonus-malus. <\/p>\n\n\n\n<p>Le bonus-malus, appel\u00e9 coefficient de r\u00e9duction-majoration pour les intimes, est une formule qui permet d\u2019appr\u00e9cier le degr\u00e9 de sinistralit\u00e9 du conducteur.&nbsp;<strong>Il augmente ou diminue en fonction du nombre de sinistres sur une p\u00e9riode donn\u00e9e<\/strong>.<\/p>\n\n\n\n<p>Le bonus-malus commence \u00e0 1 pour tous les conducteurs. En fonction du nombre de sinistres sur la route, le coefficient diminue :<\/p>\n\n\n\n<ul class=\"wp-block-list\">\n<li><strong>de 5%<\/strong>\u00a0si vous n\u2019avez eu aucun sinistre sur les 12 derniers mois <\/li>\n\n\n\n<li><strong>augmente de 12,5 % pour les sinistres partiellement responsables et jusqu\u2019\u00e0 25 % en cas de sinistres responsables.<\/strong><\/li>\n\n\n\n<li><strong>redescend \u00e0 1 apr\u00e8s 2 ann\u00e9es cons\u00e9cutives de bonne conduite.<\/strong><\/li>\n<\/ul>\n\n\n\n<p>Concr\u00e8tement, \u00e7a veut dire quoi ? Si votre coefficient bonus-malus diminue, vous paierez moins cher votre assurance. Pas mal, non ?<\/p>\n\n\n\n<div class=\"bon-a-savoir\">\n\n\n\n<h3 class=\"wp-block-heading\">Bon \u00e0 savoir<\/h3>\n\n\n\n<p>Chez Leocare, nous acceptons les conducteurs avec un CRM allant jusqu\u2019\u00e0 3,5 pour les conducteurs maluss\u00e9s et les conducteurs ayant fait l\u2019objet d\u2019une conduite sous l\u2019emprise de l\u2019alcool et des stup\u00e9fiants.<\/p>\n\n\n\n<\/div>\n\n\n\n<h3 class=\"wp-block-heading\">Quels sont les sinistres entra\u00eenant un malus sur mon contrat d\u2019assurance auto ?<\/h3>\n\n\n\n<p>Il existe de nombreux types d\u2019accidents qui peuvent entra\u00eener une augmentation du malus : accident avec un tiers, r\u00e9troviseur qui tape contre le mur,&nbsp;<a href=\"https:\/\/leocare.eu\/fr\/assurance-auto-en-ligne\/couverture\/contrat\/releve-information\/malus\/bris-glace\/\">bris de glace<\/a>, etc\u2026&nbsp;<a href=\"https:\/\/leocare.eu\/fr\/assurance-auto-en-ligne\/couverture\/contrat\/releve-information\/malus\/qui-est-concerne\/\">Tous les conducteurs sont concern\u00e9s<\/a>&nbsp;un jour ou l\u2019autre par le malus et la hausse de la cotisation par la compagnie d\u2019assurance.<\/p>\n\n\n\n<p>Ce qu\u2019il faut plut\u00f4t distinguer quand il y a un sinistre c\u2019est plut\u00f4t la responsabilit\u00e9 que vous avez dans l\u2019accident :<\/p>\n\n\n\n<ul class=\"wp-block-list\">\n<li>Vous \u00eates sorti de votre place gar\u00e9e et avez tap\u00e9 dans une voiture sur la route ?\u00a0<strong>Vous \u00eates alors responsable de l\u2019accident : votre coefficient bonus malus augmentera donc de 25 %<\/strong>.<\/li>\n\n\n\n<li>Vous avez percut\u00e9 une autre voiture et avez tous les deux grill\u00e9 le stop ?\u00a0<strong>Alors vous \u00eates tous les deux partiellement responsables. Votre coefficient bonus malus augmentera donc de 12,5 %<\/strong>.<\/li>\n<\/ul>\n\n\n\n<h3 class=\"wp-block-heading\">Combien de temps dure le malus ?<\/h3>\n\n\n\n<p>Le code des assurances est bien fait et sait r\u00e9compenser la bonne conduite :&nbsp;<strong>une ann\u00e9e sans accident responsable vous fera gagner 5 % de bonus<\/strong>.&nbsp;<strong>La cotisation d\u2019assurance pourrait donc grandement diminuer avec le&nbsp;<a href=\"https:\/\/leocare.eu\/fr\/assurance-auto-en-ligne\/couverture\/contrat\/releve-information\/malus\/bonus-maximum\/\">bonus maximum<\/a>, soit un CRM de 0,5<\/strong>.<\/p>\n\n\n\n<p>Mais\u2026 il existe une petite technique qui s\u2019appelle la descente rapide et on va prendre un exemple pour vous expliquer tout \u00e7a. Prenons notre ami Michel. Michel est passionn\u00e9 de voiture mais le probl\u00e8me c\u2019est qu\u2019il n\u2019a pas \u00e9t\u00e9 tr\u00e8s exemplaire sur la route. R\u00e9sultats : son coefficient bonus malus est de 1,72 (et il aimerait avoir une\u00a0<a href=\"https:\/\/leocare.eu\/fr\/assurance-auto-en-ligne\/couverture\/contrat\/releve-information\/malus\/pas-chere\/\">assurance pas ch\u00e8re<\/a>). Il a donc d\u00e9cid\u00e9 de suivre des stages de sensibilisation (et r\u00e9cup\u00e9rer au passage 4 points sur son permis) pour \u00eatre plus attentif sur la route. Cela fait maintenant 2 ans qu\u2019il n\u2019a eu aucun sinistre sur la route.\u00a0<strong>Et pour le r\u00e9compenser, le code de l\u2019assurance fait passer son coefficient directement \u00e0 1 plut\u00f4t que le 1,55 de coefficient th\u00e9orique<\/strong>.<\/p>\n\n\n\n<p>Vous l\u2019aurez compris :&nbsp;<strong>la descente rapide permet, apr\u00e8s 2 ann\u00e9es cons\u00e9cutives sans accidents responsables ou non, de r\u00e9cup\u00e9rer un coefficient bonus malus \u00e0 1. Vous savez maintenant&nbsp;<a href=\"https:\/\/leocare.eu\/fr\/assurance-auto-en-ligne\/couverture\/contrat\/releve-information\/malus\/que-faire\/\">quoi faire en cas de malus<\/a>&nbsp;apr\u00e8s un accident, un vol ou tout autre sinistre !<\/strong><\/p>\n\n\n\n<p>Est-ce\u00a0<a href=\"https:\/\/leocare.eu\/fr\/assurance-auto-en-ligne\/couverture\/contrat\/releve-information\/malus\/grave\/\">grave<\/a>\u00a0d\u2019avoir un malus ? Sachez que, chez Leocare, que vous soyez \u00e0 1, \u00e0 2 ou m\u00eame \u00e0 3,\u00a0<a href=\"https:\/\/leocare.eu\/fr\/assurance-auto-en-ligne\/couverture\/contrat\/releve-information\/malus\/malus-jeune-conducteur\/\">jeune conducteur<\/a>\u00a0ou pas, nous vous accueillons \u00e0 bras ouverts ! Votre compagnie d\u2019assurance n\u2019a pas peur du malus.<\/p>\n\n\n\n<section class=\"wp-block-leocare-bon-a-savoir leocare-bas\"><div class=\"leocare-bas__head\"><img decoding=\"async\" class=\"leocare-bas__icon\" src=\"https:\/\/leocare.eu\/fr\/wp-content\/themes\/leocare-new\/assets\/img\/icon-alert-purple.svg\" alt=\"icon alerte\"\/><h3 class=\"leocare-bas__title\">Bon \u00e0 savoir<\/h3><\/div><div class=\"leocare-bas__content\">\n<p>Votre voiture a \u00e9t\u00e9 vol\u00e9e ? Si <a href=\"https:\/\/leocare.eu\/fr\/assurance-auto-en-ligne\/couverture\/contrat\/releve-information\/malus\/vol-de-voiture\/\">l&rsquo;assurance en cas de vol de voiture<\/a> est activ\u00e9e, <strong>vous \u00eates couverts et cerise sur le g\u00e2teau : il n\u2019y a pas d\u2019impact sur votre coefficient bonus-malus.<\/strong><\/p>\n<\/div><\/section>\n\n\n\n<h2 class=\"wp-block-heading\" id=\"section-2\">Comment s\u2019assurer avec un malus ?<\/h2>\n\n\n\n<p>Trouver une assurance auto quand on a un CRM \u00e9lev\u00e9 peut s\u2019av\u00e9rer contraignant si on ne sait pas comment s\u2019y prendre. Mais avec Leocare, vous pouvez profiter d\u2019une assurance bonus-malus en quelques clics !<\/p>\n\n\n\n<h3 class=\"wp-block-heading\">L\u2019assurance auto reste obligatoire<\/h3>\n\n\n\n<p>M\u00eame si 1 Fran\u00e7ais sur 10 compte ne plus s\u2019assurer pour faire des \u00e9conomies, il n\u2019en reste pas moins que l\u2019assurance est obligatoire pour tous les v\u00e9hicules terrestres \u00e0 moteur. !<\/p>\n\n\n\n<p><strong>Le code des Assurances est clair \u00e0 ce sujet<\/strong>&nbsp;: \u00ab Toute personne physique ou toute personne morale doit, pour faire circuler un v\u00e9hicule, \u00eatre couverte par une assurance garantissant cette responsabilit\u00e9, dans les conditions fix\u00e9es par d\u00e9cret en Conseil d\u2019Etat.<\/p>\n\n\n\n<p><strong>Le minimum pour lequel une voiture est assur\u00e9e est appel\u00e9 \u00ab Tiers \u00bb<\/strong>. Dans cette formule, la voiture est assur\u00e9e au minimum l\u00e9gal (avec parfois des services suppl\u00e9mentaires compris gratuitement comme chez Leocare) c\u2019est-\u00e0-dire au niveau de la responsabilit\u00e9 civile.<\/p>\n\n\n\n<p>La responsabilit\u00e9 civile permet de r\u00e9parer :<\/p>\n\n\n\n<ul class=\"wp-block-list\">\n<li>les dommages caus\u00e9s \u00e0 autrui<\/li>\n\n\n\n<li>les dommages caus\u00e9s par votre voiture : d\u00e9g\u00e2ts mat\u00e9riels, corporels\u2026<\/li>\n<\/ul>\n\n\n\n<p><strong>Bon \u00e0 savoir<\/strong>&nbsp;: les conducteurs ayant un accident avec une&nbsp;<a href=\"https:\/\/leocare.eu\/fr\/assurance-auto-en-ligne\/couverture\/contrat\/releve-information\/malus\/location\/\">voiture de location<\/a>&nbsp;courte dur\u00e9e ne prennent pas de malus. Cette r\u00e8gle est valable pour toutes les assurances. Ainsi, vous pouvez louer un v\u00e9hicule en toute tranquillit\u00e9, sans craindre une augmentation de votre cotisation actuelle. En revanche, un malus peut \u00eatre appliqu\u00e9 par votre compagnie d\u2019assurance s\u2019il s\u2019agit d\u2019une location longue dur\u00e9e (LLD) ou avec option d\u2019achat (LDA).<\/p>\n\n\n\n<h3 class=\"wp-block-heading\">Comment faire si je ne trouve pas d\u2019assurance pour conducteur maluss\u00e9 ?<\/h3>\n\n\n\n<p>Chez Leocare, nous comprenons qu\u2019il peut \u00eatre difficile de&nbsp;<a href=\"https:\/\/leocare.eu\/fr\/assurance-auto-en-ligne\/couverture\/contrat\/releve-information\/malus\/perdre-malus\/\">perdre un malus<\/a>&nbsp;apr\u00e8s avoir eu plusieurs accidents responsables. Il faut souvent 2 ann\u00e9es cons\u00e9cutives de bonne conduite pour voir une am\u00e9lioration. M\u00eame si vous trouvez un nouvel assureur, votre CRM ne changera pas pour autant sur votre&nbsp;<a href=\"https:\/\/leocare.eu\/fr\/assurance-auto-en-ligne\/couverture\/contrat\/releve-information\/malus\/contrats\/\">contrat<\/a>. Les conducteurs maluss\u00e9s peuvent se tourner vers Leocare pour des solutions adapt\u00e9es. Notre assurance couvre divers cas, notamment en cas de sinistres responsables, d\u2019accident sous l\u2019influence de l\u2019alcool ou des stup\u00e9fiants. Nous offrons des prix comp\u00e9titifs et des services similaires \u00e0 une assurance classique, vous garantissant ainsi une cotisation raisonnable malgr\u00e9 votre malus \ud83d\udc47:<\/p>\n\n\n\n<p>Vous b\u00e9n\u00e9ficiez ainsi d\u2019une assurance auto malus avec un prix comp\u00e9titif et les m\u00eames services qu\u2019une assurance auto classique avec :<\/p>\n\n\n\n<ul class=\"wp-block-list\">\n<li>Assistance \u00e0 partir de 0km<\/li>\n\n\n\n<li>V\u00e9hicule de pr\u00eat<\/li>\n\n\n\n<li>D\u00e9pannage et remorquage<\/li>\n\n\n\n<li>Prise en charge des frais de taxi ou d\u2019h\u00f4tel en cas de courte immobilisation<\/li>\n\n\n\n<li>Prise en charge du transport vers votre lieu de vacances ou votre domicile<\/li>\n<\/ul>\n\n\n\n<p>Petit point culture g\u00e9n\u00e9rale : si aucune assurance ne souhaite assurer votre voiture,<strong>&nbsp;il existe le Bureau Central de Tarification, appel\u00e9 aussi BCT qui a pour mission, en cas de refus d\u2019assurance, d\u2019imposer aux assureurs de fournir une assurance aux automobilistes<\/strong>. Il fixe par la suite le montant de la prime d\u2019assurance auquel la compagnie d\u2019assurance s\u2019engage \u00e0 vous fournir une protection.<\/p>\n\n\n\n<h2 class=\"wp-block-heading\" id=\"section-3\">Comment le malus impacte-t-il le tarif de mon assurance ?<\/h2>\n\n\n\n<p>Le syst\u00e8me du malus fonctionne de la fa\u00e7on suivante :<\/p>\n\n\n\n<ul class=\"wp-block-list\">\n<li><strong>25 % d\u2019augmentation de la prime d\u2019assurance en cas d\u2019accident responsable<\/strong><\/li>\n\n\n\n<li><strong>12,5 % d\u2019augmentation de la cotisation d\u2019assurance en cas d\u2019accident partiellement responsable<\/strong><\/li>\n\n\n\n<li><strong>Pas de changement en cas d\u2019accident non responsable (la compagnie d\u2019assurances peut toutefois appliquer un malus aux conducteurs&nbsp;<a href=\"https:\/\/leocare.eu\/fr\/assurance-auto-en-ligne\/couverture\/contrat\/releve-information\/malus\/tiers-non-identifie\/\">si le tiers est non identifi\u00e9<\/a>&nbsp;et qu\u2019il n\u2019y a aucune preuve).<\/strong><\/li>\n<\/ul>\n\n\n\n<p>Exemple d\u2019\u00e9volution d\u2019un coefficient bonus \u00e0 1, suite \u00e0 un sinistre responsable, puis sans sinistre pendant 2 ans :<\/p>\n\n\n\n<figure class=\"wp-block-table\"><table class=\"has-fixed-layout\"><thead><tr><th>Ann\u00e9e<\/th><th>Calcul<\/th><th>Coefficient bonus-malus<\/th><\/tr><\/thead><tbody><tr><td>Ann\u00e9e 4<\/td><td>1 (gr\u00e2ce \u00e0 la redescente rapide)<\/td><td>1<\/td><\/tr><\/tbody><\/table><\/figure>\n\n\n\n<p>Exemple d\u2019\u00e9volution d\u2019un coefficient bonus \u00e0 1, suite \u00e0 un sinistre partiellement responsable, puis sans sinistre pendant 2 ans :<\/p>\n\n\n\n<figure class=\"wp-block-table\"><table class=\"has-fixed-layout\"><thead><tr><th>Ann\u00e9e<\/th><th>Calcul<\/th><th>Coefficient bonus-malus<\/th><\/tr><\/thead><tbody><tr><td>Ann\u00e9e 4<\/td><td>1 (gr\u00e2ce \u00e0 la redescente rapide)<\/td><td>1<\/td><\/tr><\/tbody><\/table><\/figure>\n\n\n\n<h2 class=\"wp-block-heading\" id=\"section-4\">Comment \u00e9viter le malus en assurance auto ?<\/h2>\n\n\n\n<p>Conduire avec malus peut \u00eatre une exp\u00e9rience pas forc\u00e9ment agr\u00e9able. Heureusement qu\u2019il existe de nombreuses solutions pour faire diminuer votre CRM !<\/p>\n\n\n\n<h3 class=\"wp-block-heading\">Refaites le point sur vos besoins automobiles<\/h3>\n\n\n\n<p>Quand on a un p\u00e9pin sur la route, la voiture peut jouer un r\u00f4le plus ou moins important dans le sinistre. C\u2019est la raison pour laquelle nous vous invitons \u00e0 vous assurer que votre voiture corresponde bien \u00e0 votre fa\u00e7on de conduire et qu\u2019elle soit adapt\u00e9e \u00e0 vos besoins. En effet, il se peut que votre voiture soit trop puissante, trop basse, trop haute, voire m\u00eame pas assez bien \u00e9quip\u00e9e (freinage ABS, roue motrice, aide au stationnement\u2026).<\/p>\n\n\n\n<p><strong>En plus, si vous optez pour une voiture moins puissante, vous pourrez aussi faire du bien \u00e0 votre portefeuille (et si vous l\u2019assurez chez Leocare, ce sera encore mieux) !<\/strong><\/p>\n\n\n\n<h3 class=\"wp-block-heading\">Conduisez prudemment<\/h3>\n\n\n\n<p>Ce conseil peut para\u00eetre \u00e9vident mais l\u2019augmentation ou la diminution de votre malus est exclusivement d\u00fbe \u00e0 votre comportement sur la route. Cela veut donc dire qu\u2019il faut \u00eatre particuli\u00e8rement vigilant sur la route et aussi faire attention aux autres.<\/p>\n\n\n\n<p><strong>De nombreuses associations proposent des stages de sensibilisation ou des stages de conduite<\/strong>\u00a0sur circuit priv\u00e9 pour revoir les bases de la conduite et r\u00e9agir dans les situations p\u00e9rilleuses (aquaplanning, d\u00e9rapage incontr\u00f4l\u00e9). Vous pouvez contacter la mairie de votre ville pour conna\u00eetre la liste de ces associations.<\/p>\n\n\n\n<p>Les assurances proposent aussi des stages de sensibilisation vous permettant de r\u00e9cup\u00e9rer jusqu\u2019\u00e0 4 points sur votre permis de conduire. Attention, le stage de sensibilisation n\u2019est possible que si la perte de points a eu lieu apr\u00e8s la souscription du contrat, pensez-y !<\/p>\n\n\n\n<h3 class=\"wp-block-heading\">Attention \u00e0 qui vous pr\u00eatez votre voiture<\/h3>\n\n\n\n<p>Peu de personnes le savent,&nbsp;<strong>mais pr\u00eater sa voiture peut avoir des cons\u00e9quences sur votre coefficient bonus-malus, m\u00eame si vous ne conduisez pas<\/strong>.&nbsp;<a href=\"https:\/\/leocare.eu\/fr\/assurance-auto-en-ligne\/couverture\/contrat\/releve-information\/malus\/droit-assurance\/\">Le droit des assurances<\/a>&nbsp;\u00e9nonce que le syst\u00e8me du bonus-malus est li\u00e9 au contrat et non pas \u00e0 l\u2019automobiliste. Cela veut donc dire que si le conducteur secondaire a un accident sur la route, il y aura bien deux conducteurs maluss\u00e9s.<\/p>\n","protected":false},"excerpt":{"rendered":"<p>Vous \u00eates \u00e0 la recherche d\u2019une assurance malus ? \u00c7a tombe bien, Leocare vous propose une assurance suite \u00e0 une conduite sous alcool et stup\u00e9fiant et m\u00eame en cas de coefficient bonus-malus \u00e9lev\u00e9 ! Qu\u2019est-ce qu\u2019un malus ? Dans le monde de l\u2019assurance, pour concevoir votre produit d\u2019assurance, de nombreux crit\u00e8res sont utilis\u00e9s pour calculer [&hellip;]<\/p>\n","protected":false},"author":34,"featured_media":27430,"parent":12542,"menu_order":0,"comment_status":"closed","ping_status":"closed","template":"template_seo.php","meta":{"_acf_changed":false,"footnotes":""},"class_list":["post-17928","page","type-page","status-publish","has-post-thumbnail","hentry"],"acf":[],"yoast_head":"<!-- This site is optimized with the Yoast SEO plugin v27.3 - https:\/\/yoast.com\/product\/yoast-seo-wordpress\/ -->\n<title>Assurance malus - devis rapide et gratuit pour conducteur maluss\u00e9<\/title>\n<meta name=\"description\" content=\"Un malus auto pesant sur votre assurance ? D\u00e9couvrez comment trouver l&#039;assurance auto malus id\u00e9ale. Comparez et \u00e9conomisez d\u00e8s maintenant !\" \/>\n<meta name=\"robots\" content=\"index, follow, max-snippet:-1, max-image-preview:large, max-video-preview:-1\" \/>\n<link rel=\"canonical\" href=\"https:\/\/leocare.eu\/fr\/assurance-auto-en-ligne\/couverture\/contrat\/releve-information\/malus\/\" \/>\n<meta property=\"og:locale\" content=\"fr_FR\" \/>\n<meta property=\"og:type\" content=\"article\" \/>\n<meta property=\"og:title\" content=\"Assurance malus - devis rapide et gratuit pour conducteur maluss\u00e9\" \/>\n<meta property=\"og:description\" content=\"Un malus auto pesant sur votre assurance ? D\u00e9couvrez comment trouver l&#039;assurance auto malus id\u00e9ale. Comparez et \u00e9conomisez d\u00e8s maintenant !\" \/>\n<meta property=\"og:url\" content=\"https:\/\/leocare.eu\/fr\/assurance-auto-en-ligne\/couverture\/contrat\/releve-information\/malus\/\" \/>\n<meta property=\"og:site_name\" content=\"Leocare, assurance en ligne automobile et habitation\" \/>\n<meta property=\"article:modified_time\" content=\"2026-04-07T14:52:22+00:00\" \/>\n<meta property=\"og:image\" content=\"https:\/\/leocare.eu\/fr\/wp-content\/uploads\/2021\/01\/assurance-malus.jpeg\" \/>\n\t<meta property=\"og:image:width\" content=\"533\" \/>\n\t<meta property=\"og:image:height\" content=\"400\" \/>\n\t<meta property=\"og:image:type\" content=\"image\/jpeg\" \/>\n<meta name=\"twitter:card\" content=\"summary_large_image\" \/>\n<meta name=\"twitter:label1\" content=\"Dur\u00e9e de lecture estim\u00e9e\" \/>\n\t<meta name=\"twitter:data1\" content=\"9 minutes\" \/>\n<!-- \/ Yoast SEO plugin. -->","yoast_head_json":{"title":"Assurance malus - devis rapide et gratuit pour conducteur maluss\u00e9","description":"Un malus auto pesant sur votre assurance ? D\u00e9couvrez comment trouver l'assurance auto malus id\u00e9ale. Comparez et \u00e9conomisez d\u00e8s maintenant !","robots":{"index":"index","follow":"follow","max-snippet":"max-snippet:-1","max-image-preview":"max-image-preview:large","max-video-preview":"max-video-preview:-1"},"canonical":"https:\/\/leocare.eu\/fr\/assurance-auto-en-ligne\/couverture\/contrat\/releve-information\/malus\/","og_locale":"fr_FR","og_type":"article","og_title":"Assurance malus - devis rapide et gratuit pour conducteur maluss\u00e9","og_description":"Un malus auto pesant sur votre assurance ? D\u00e9couvrez comment trouver l'assurance auto malus id\u00e9ale. Comparez et \u00e9conomisez d\u00e8s maintenant !","og_url":"https:\/\/leocare.eu\/fr\/assurance-auto-en-ligne\/couverture\/contrat\/releve-information\/malus\/","og_site_name":"Leocare, assurance en ligne automobile et habitation","article_modified_time":"2026-04-07T14:52:22+00:00","og_image":[{"width":533,"height":400,"url":"https:\/\/leocare.eu\/fr\/wp-content\/uploads\/2021\/01\/assurance-malus.jpeg","type":"image\/jpeg"}],"twitter_card":"summary_large_image","twitter_misc":{"Dur\u00e9e de lecture estim\u00e9e":"9 minutes"},"schema":{"@context":"https:\/\/schema.org","@graph":[{"@type":"WebPage","@id":"https:\/\/leocare.eu\/fr\/assurance-auto-en-ligne\/couverture\/contrat\/releve-information\/malus\/","url":"https:\/\/leocare.eu\/fr\/assurance-auto-en-ligne\/couverture\/contrat\/releve-information\/malus\/","name":"Assurance malus - devis rapide et gratuit pour conducteur maluss\u00e9","isPartOf":{"@id":"https:\/\/leocare.eu\/fr\/#website"},"primaryImageOfPage":{"@id":"https:\/\/leocare.eu\/fr\/assurance-auto-en-ligne\/couverture\/contrat\/releve-information\/malus\/#primaryimage"},"image":{"@id":"https:\/\/leocare.eu\/fr\/assurance-auto-en-ligne\/couverture\/contrat\/releve-information\/malus\/#primaryimage"},"thumbnailUrl":"https:\/\/leocare.eu\/fr\/wp-content\/uploads\/2021\/01\/assurance-malus.jpeg","datePublished":"2023-09-26T12:26:25+00:00","dateModified":"2026-04-07T14:52:22+00:00","description":"Un malus auto pesant sur votre assurance ? D\u00e9couvrez comment trouver l'assurance auto malus id\u00e9ale. Comparez et \u00e9conomisez d\u00e8s maintenant !","breadcrumb":{"@id":"https:\/\/leocare.eu\/fr\/assurance-auto-en-ligne\/couverture\/contrat\/releve-information\/malus\/#breadcrumb"},"inLanguage":"fr-FR","potentialAction":[{"@type":"ReadAction","target":["https:\/\/leocare.eu\/fr\/assurance-auto-en-ligne\/couverture\/contrat\/releve-information\/malus\/"]}]},{"@type":"ImageObject","inLanguage":"fr-FR","@id":"https:\/\/leocare.eu\/fr\/assurance-auto-en-ligne\/couverture\/contrat\/releve-information\/malus\/#primaryimage","url":"https:\/\/leocare.eu\/fr\/wp-content\/uploads\/2021\/01\/assurance-malus.jpeg","contentUrl":"https:\/\/leocare.eu\/fr\/wp-content\/uploads\/2021\/01\/assurance-malus.jpeg","width":533,"height":400,"caption":"assurance malus"},{"@type":"WebSite","@id":"https:\/\/leocare.eu\/fr\/#website","url":"https:\/\/leocare.eu\/fr\/","name":"Leocare, assurance en ligne automobile et habitation","description":"enfin (r)assur\u00e9.e","publisher":{"@id":"https:\/\/leocare.eu\/fr\/#organization"},"potentialAction":[{"@type":"SearchAction","target":{"@type":"EntryPoint","urlTemplate":"https:\/\/leocare.eu\/fr\/?s={search_term_string}"},"query-input":{"@type":"PropertyValueSpecification","valueRequired":true,"valueName":"search_term_string"}}],"inLanguage":"fr-FR"},{"@type":"Organization","@id":"https:\/\/leocare.eu\/fr\/#organization","name":"Leocare, assurance en ligne automobile et habitation","url":"https:\/\/leocare.eu\/fr\/","logo":{"@type":"ImageObject","inLanguage":"fr-FR","@id":"https:\/\/leocare.eu\/fr\/#\/schema\/logo\/image\/","url":"https:\/\/leocare.eu\/fr\/wp-content\/uploads\/2020\/03\/logo-leocare.svg","contentUrl":"https:\/\/leocare.eu\/fr\/wp-content\/uploads\/2020\/03\/logo-leocare.svg","caption":"Leocare, assurance en ligne automobile et habitation"},"image":{"@id":"https:\/\/leocare.eu\/fr\/#\/schema\/logo\/image\/"}}]}},"_links":{"self":[{"href":"https:\/\/leocare.eu\/fr\/wp-json\/wp\/v2\/pages\/17928","targetHints":{"allow":["GET"]}}],"collection":[{"href":"https:\/\/leocare.eu\/fr\/wp-json\/wp\/v2\/pages"}],"about":[{"href":"https:\/\/leocare.eu\/fr\/wp-json\/wp\/v2\/types\/page"}],"author":[{"embeddable":true,"href":"https:\/\/leocare.eu\/fr\/wp-json\/wp\/v2\/users\/34"}],"replies":[{"embeddable":true,"href":"https:\/\/leocare.eu\/fr\/wp-json\/wp\/v2\/comments?post=17928"}],"version-history":[{"count":65,"href":"https:\/\/leocare.eu\/fr\/wp-json\/wp\/v2\/pages\/17928\/revisions"}],"predecessor-version":[{"id":36276,"href":"https:\/\/leocare.eu\/fr\/wp-json\/wp\/v2\/pages\/17928\/revisions\/36276"}],"up":[{"embeddable":true,"href":"https:\/\/leocare.eu\/fr\/wp-json\/wp\/v2\/pages\/12542"}],"wp:featuredmedia":[{"embeddable":true,"href":"https:\/\/leocare.eu\/fr\/wp-json\/wp\/v2\/media\/27430"}],"wp:attachment":[{"href":"https:\/\/leocare.eu\/fr\/wp-json\/wp\/v2\/media?parent=17928"}],"curies":[{"name":"wp","href":"https:\/\/api.w.org\/{rel}","templated":true}]}}