{"id":17592,"date":"2023-08-07T10:11:39","date_gmt":"2023-08-07T08:11:39","guid":{"rendered":"https:\/\/leocare.eu\/fr\/?page_id=17592"},"modified":"2026-04-07T16:52:21","modified_gmt":"2026-04-07T14:52:21","slug":"stationnement","status":"publish","type":"page","link":"https:\/\/leocare.eu\/fr\/assurance-auto-en-ligne\/electrique\/stationnement\/","title":{"rendered":"Peut-on laisser une voiture \u00e9lectrique sans assurance ?"},"content":{"rendered":"\n<p>Assurer une voiture en circulation semble logique pour tout le monde. Mais est-ce que c\u2019est obligatoire si votre voiture \u00e9lectrique ne roule pas ? Pourtant, m\u00eame en stationnement, d\u00e8s son acquisition, votre v\u00e9hicule doit \u00eatre assur\u00e9.<\/p>\n\n\n\n<h2 class=\"wp-block-heading\" id=\"section-1\">Qu\u2019est-ce qu\u2019une assurance parking ou garage ?<\/h2>\n\n\n\n<p>Il faut savoir que les assurances parking ne produisent pas un contrat \u00e0 part enti\u00e8re. C\u2019est simplement une garantie prenant en charge les dommages corporels ou mat\u00e9riels caus\u00e9s \u00e0 un tiers. Cette garantie d\u2019assurance auto est comprise d\u00e8s la formule au tiers. Parce que non, \u00e7a n\u2019est pas parce que votre voiture est immobile qu\u2019elle ne peut pas causer de dommages.<\/p>\n\n\n\n<p>De m\u00eame, si votre voiture \u00e9lectrique est immobilis\u00e9e \u00e0 la suite d\u2019une panne, ne rompez pas votre contrat. Autrement, vous ne b\u00e9n\u00e9ficierez pas du&nbsp;<a href=\"https:\/\/leocare.eu\/fr\/assurance-auto-en-ligne\/electrique\/courtoisie\/\">pr\u00eat d\u2019une voiture \u00e9lectrique<\/a>&nbsp;le temps des r\u00e9parations.<\/p>\n\n\n\n<h2 class=\"wp-block-heading\" id=\"section-2\">Pourquoi faut-il souscrire une garantie parking ou garage ?<\/h2>\n\n\n\n<p>En r\u00e9alit\u00e9, vous n\u2019avez rien \u00e0 faire, l\u2019assurance parking est comprise dans votre&nbsp;<a href=\"https:\/\/leocare.eu\/fr\/assurance-auto-en-ligne\/electrique\/\">assurance auto \u00e9lectrique<\/a>&nbsp;classique, elle fait partie du minimum l\u00e9gal. En revanche, vous vous demandez peut-\u00eatre pourquoi faut-il souscrire une assurance auto pour une voiture stationn\u00e9e ? En effet, les probabilit\u00e9 de causer des d\u00e9g\u00e2ts sont limit\u00e9es. Pourtant, les voitures \u00e9lectriques contiennent des mat\u00e9riaux et des technologies pouvant causer des incendies dus \u00e0 l\u2019\u00e9lectricit\u00e9, voire une explosion. Aussi, votre voiture \u00e9lectrique peut simplement se d\u00e9t\u00e9riorer et perdre en capacit\u00e9s lorsqu\u2019elle n\u2019est pas utilis\u00e9e durant une longue p\u00e9riode.<\/p>\n\n\n\n<p>Sans assurance parking, vous ne recevrez aucune indemnisation pour les dommages caus\u00e9s, qu\u2019ils soient graves ou non. De m\u00eame, si le v\u00e9hicule est vol\u00e9 et que le voleur cause des dommages, la facture est pour vous !<\/p>\n\n\n\n<h2 class=\"wp-block-heading\" id=\"section-3\">Le lieu de stationnement est-il un crit\u00e8re important pour l\u2019assurance parking ?<\/h2>\n\n\n\n<p>Vous le savez, le montant des primes d\u2019assurance varient en fonction de nombreux crit\u00e8res, dont le lieu de stationnement. C\u2019est le cas pour n\u2019importe quelles formules d\u2019assurance, les villes de France, sont consid\u00e9r\u00e9es comme \u00e9tant plus ou moins s\u00fbres face au vol ou aux effractions.<\/p>\n\n\n\n<p>En plus de la ville, le lieu de stationnement exact de votre voiture est aussi pris en compte. On passe en revue les diff\u00e9rentes options :<\/p>\n\n\n\n<h3 class=\"wp-block-heading\">Le box<\/h3>\n\n\n\n<p>Pour les compagnies d\u2019assurance, le box est le lieu de stationnement le plus s\u00fbr, \u00e0 condition qu\u2019il soit priv\u00e9 et correctement ferm\u00e9. Pour assurer votre box, vous pouvez simplement ajouter une extension \u00e0 votre contrat d\u2019assurance habitation.<\/p>\n\n\n\n<h3 class=\"wp-block-heading\">Le garage<\/h3>\n\n\n\n<p>S\u2019il est \u00e0 moins d\u2019un kilom\u00e8tre de votre r\u00e9sidence, le garage est consid\u00e9r\u00e9 comme \u00e9tant un lieu de stationnement s\u00fbr et s\u00e9curis\u00e9.<\/p>\n\n\n\n<h3 class=\"wp-block-heading\">Le parking<\/h3>\n\n\n\n<p>En ce qui concerne les parkings, plusieurs points sont \u00e0 pr\u00e9ciser.<\/p>\n\n\n\n<p>S\u2019il s\u2019agit d\u2019un parking public, il est important de se renseigner aupr\u00e8s du propri\u00e9taire qui vous donnera des d\u00e9tails sur sa couverture. Si les dommages caus\u00e9s sur votre v\u00e9hicule ne sont pas sous sa responsabilit\u00e9, il est n\u00e9cessaire de renforcer les garanties de votre contrat d\u2019assurance auto. Cependant, si les dommages sont caus\u00e9s directement par la structure du parking, c\u2019est la responsabilit\u00e9 civile du propri\u00e9taire qui prendra en charge les d\u00e9dommagements.<\/p>\n\n\n\n<p>Quand votre voiture est gar\u00e9e dans un parking priv\u00e9, vous ne b\u00e9n\u00e9ficiez pas toujours d\u2019un service de gardiennage. Dans ce cas de figure, la souscription d\u2019un contrat avec une grande couverture est importante.<\/p>\n\n\n\n<p>G\u00e9n\u00e9ralement attenant \u00e0 la copropri\u00e9t\u00e9, le parking collectif est souvent couvert par l\u2019assurance des parties communes<\/p>\n\n\n\n<p>Sans grande surprise, si vous garez r\u00e9guli\u00e8rement votre voiture dans la rue en bas de chez vous, votre prime d\u2019assurance sera plus \u00e9lev\u00e9e.<\/p>\n\n\n\n<h2 class=\"wp-block-heading\" id=\"section-4\">Quelle formule choisir pour assurer sa voiture stationn\u00e9e ?<\/h2>\n\n\n\n<h3 class=\"wp-block-heading\">L\u2019assurance au tiers<\/h3>\n\n\n\n<p>C\u2019est l\u2019assurance de base, celle qui couvre votre responsabilit\u00e9 civile en cas de dommages caus\u00e9s \u00e0 un tiers. Les automobilistes la choisissent g\u00e9n\u00e9ralement pour faire des \u00e9conomies.<\/p>\n\n\n\n<h3 class=\"wp-block-heading\">L\u2019assurance au tiers plus<\/h3>\n\n\n\n<p>C\u2019est la formule interm\u00e9diaire. Elle propose de nombreuses garanties et notamment le vol de votre voiture, ce qui peut \u00eatre int\u00e9ressant pour une voiture en stationnement visible. Elle vous couvrira aussi contre les bris de glace, les incendies, les temp\u00eates, les catastrophes naturelles et technologiques, les attentats et les attaques terroristes.<\/p>\n\n\n\n<h3 class=\"wp-block-heading\">L\u2019assurance tous risques<\/h3>\n\n\n\n<p>C\u2019est l\u2019offre la plus recommand\u00e9e pour les v\u00e9hicules de valeur et notamment les v\u00e9hicules \u00e9lectriques. Les constructeurs automobiles proposent de plus en plus de voitures \u00e9lectriques avec une autonomie \u00e9lev\u00e9e et des batteries performantes pour r\u00e9duire leurs \u00e9missions de co2, seulement tout cela augmente la valeur des v\u00e9hicules. Une voiture neuve ou avec une valeur \u00e9lev\u00e9e attirera bien plus les voleurs vers votre voiture stationn\u00e9e, elle m\u00e9rite alors les meilleures garanties. En plus des avantages du contrat au tiers plus, vous serez couvert contre les dommages tous accidents. C\u2019est aussi la seule formule qui prendra en charge les r\u00e9parations suite \u00e0 un acte de vandalisme sur votre voiture stationn\u00e9e.<\/p>\n\n\n\n<p>Si vous \u00eates perdu face \u00e0 toutes ces offres et ces garanties, passez par un comparateur d\u2019assurance en ligne !<\/p>\n\n\n\n<div class=\"bon-a-savoir\">\n\n\n\n<h3 class=\"wp-block-heading\">Bon \u00e0 savoir<\/h3>\n\n\n\n<p>Vous vous posiez cette question de stationnement car vous partez bient\u00f4t en vacances et votre voiture restera immobile pendant un certain temps ? Pensez \u00e0&nbsp;<a href=\"https:\/\/leocare.eu\/fr\/assurance-auto-en-ligne\/electrique\/location\/\">louer une voiture \u00e9lectrique<\/a>&nbsp;le temps du voyage !<\/p>\n\n\n\n<\/div>\n\n\n\n<h2 class=\"wp-block-heading\" id=\"section-5\">Combien co\u00fbte l\u2019assurance parking ?<\/h2>\n\n\n\n<p>On l\u2019a vu, le co\u00fbt d\u2019une assurance parking varie selon plusieurs crit\u00e8res, mais il existe des solutions pour faire baisser les mensualit\u00e9s. Par exemple, si votre voiture est stationn\u00e9e dans un box ferm\u00e9 et s\u00e9curis\u00e9, vous pouvez opter pour l\u2019assurance au tiers. Renoncer \u00e0 certaines options comme l\u2019assurance sans franchise ou la couverture assurance auto tous conducteurs peut aussi \u00eatre une solution pour faire baisser les cotisations. C\u2019est aussi une solution si, par exemple,<a href=\"https:\/\/leocare.eu\/fr\/assurance-auto-en-ligne\/electrique\/assurer-vieux-vehicule\/\">&nbsp;si votre voiture \u00e9lectrique \u00e0 plus de 10 ans<\/a>, qu\u2019elle reste stationn\u00e9e mais que vous souhaitez la garder.<\/p>\n\n\n\n<p>Si vous souhaitez une assurance stationnement \u00e0 bas prix, vous pouvez souscrire un contrat flexible. L\u2019assurance au kilom\u00e9trage couvre votre voiture lorsqu\u2019elle est gar\u00e9e et si vous faites tr\u00e8s peu de trajets, vous ne paierez que pour les distances parcourues. Il existe aussi une assurance week-end, qui prend en compte vos d\u00e9placements uniquement le samedi et le dimanche.<\/p>\n","protected":false},"excerpt":{"rendered":"<p>Assurer une voiture en circulation semble logique pour tout le monde. Mais est-ce que c\u2019est obligatoire si votre voiture \u00e9lectrique ne roule pas ? Pourtant, m\u00eame en stationnement, d\u00e8s son acquisition, votre v\u00e9hicule doit \u00eatre assur\u00e9. Qu\u2019est-ce qu\u2019une assurance parking ou garage ? Il faut savoir que les assurances parking ne produisent pas un contrat [&hellip;]<\/p>\n","protected":false},"author":34,"featured_media":17397,"parent":17436,"menu_order":0,"comment_status":"closed","ping_status":"closed","template":"template_seo.php","meta":{"_acf_changed":false,"footnotes":""},"class_list":["post-17592","page","type-page","status-publish","has-post-thumbnail","hentry"],"acf":[],"yoast_head":"<!-- This site is optimized with the Yoast SEO plugin v27.3 - https:\/\/yoast.com\/product\/yoast-seo-wordpress\/ -->\n<title>Faut-il assurer une voiture \u00e9lectrique qui reste stationn\u00e9e ?<\/title>\n<meta name=\"description\" content=\"D\u00e9couvrez si l&#039;assurance est indispensable pour les v\u00e9hicules \u00e9lectriques. Des informations pr\u00e9cieuses pour une conduite s\u00e9curis\u00e9e. En savoir plus!\" \/>\n<meta name=\"robots\" content=\"index, follow, max-snippet:-1, max-image-preview:large, max-video-preview:-1\" \/>\n<link rel=\"canonical\" href=\"https:\/\/leocare.eu\/fr\/assurance-auto-en-ligne\/electrique\/stationnement\/\" \/>\n<meta property=\"og:locale\" content=\"fr_FR\" \/>\n<meta property=\"og:type\" content=\"article\" \/>\n<meta property=\"og:title\" content=\"Faut-il assurer une voiture \u00e9lectrique qui reste stationn\u00e9e ?\" \/>\n<meta property=\"og:description\" content=\"D\u00e9couvrez si l&#039;assurance est indispensable pour les v\u00e9hicules \u00e9lectriques. Des informations pr\u00e9cieuses pour une conduite s\u00e9curis\u00e9e. En savoir plus!\" \/>\n<meta property=\"og:url\" content=\"https:\/\/leocare.eu\/fr\/assurance-auto-en-ligne\/electrique\/stationnement\/\" \/>\n<meta property=\"og:site_name\" content=\"Leocare, assurance en ligne automobile et habitation\" \/>\n<meta property=\"article:modified_time\" content=\"2026-04-07T14:52:21+00:00\" \/>\n<meta property=\"og:image\" content=\"https:\/\/leocare.eu\/fr\/wp-content\/uploads\/2021\/01\/laisser-voiture-electrique-sans-assurance.jpg\" \/>\n\t<meta property=\"og:image:width\" content=\"1900\" \/>\n\t<meta property=\"og:image:height\" content=\"1200\" \/>\n\t<meta property=\"og:image:type\" content=\"image\/jpeg\" \/>\n<meta name=\"twitter:card\" content=\"summary_large_image\" \/>\n<meta name=\"twitter:label1\" content=\"Dur\u00e9e de lecture estim\u00e9e\" \/>\n\t<meta name=\"twitter:data1\" content=\"6 minutes\" \/>\n<!-- \/ Yoast SEO plugin. -->","yoast_head_json":{"title":"Faut-il assurer une voiture \u00e9lectrique qui reste stationn\u00e9e ?","description":"D\u00e9couvrez si l'assurance est indispensable pour les v\u00e9hicules \u00e9lectriques. Des informations pr\u00e9cieuses pour une conduite s\u00e9curis\u00e9e. En savoir plus!","robots":{"index":"index","follow":"follow","max-snippet":"max-snippet:-1","max-image-preview":"max-image-preview:large","max-video-preview":"max-video-preview:-1"},"canonical":"https:\/\/leocare.eu\/fr\/assurance-auto-en-ligne\/electrique\/stationnement\/","og_locale":"fr_FR","og_type":"article","og_title":"Faut-il assurer une voiture \u00e9lectrique qui reste stationn\u00e9e ?","og_description":"D\u00e9couvrez si l'assurance est indispensable pour les v\u00e9hicules \u00e9lectriques. Des informations pr\u00e9cieuses pour une conduite s\u00e9curis\u00e9e. En savoir plus!","og_url":"https:\/\/leocare.eu\/fr\/assurance-auto-en-ligne\/electrique\/stationnement\/","og_site_name":"Leocare, assurance en ligne automobile et habitation","article_modified_time":"2026-04-07T14:52:21+00:00","og_image":[{"width":1900,"height":1200,"url":"https:\/\/leocare.eu\/fr\/wp-content\/uploads\/2021\/01\/laisser-voiture-electrique-sans-assurance.jpg","type":"image\/jpeg"}],"twitter_card":"summary_large_image","twitter_misc":{"Dur\u00e9e de lecture estim\u00e9e":"6 minutes"},"schema":{"@context":"https:\/\/schema.org","@graph":[{"@type":"WebPage","@id":"https:\/\/leocare.eu\/fr\/assurance-auto-en-ligne\/electrique\/stationnement\/","url":"https:\/\/leocare.eu\/fr\/assurance-auto-en-ligne\/electrique\/stationnement\/","name":"Faut-il assurer une voiture \u00e9lectrique qui reste stationn\u00e9e ?","isPartOf":{"@id":"https:\/\/leocare.eu\/fr\/#website"},"primaryImageOfPage":{"@id":"https:\/\/leocare.eu\/fr\/assurance-auto-en-ligne\/electrique\/stationnement\/#primaryimage"},"image":{"@id":"https:\/\/leocare.eu\/fr\/assurance-auto-en-ligne\/electrique\/stationnement\/#primaryimage"},"thumbnailUrl":"https:\/\/leocare.eu\/fr\/wp-content\/uploads\/2021\/01\/laisser-voiture-electrique-sans-assurance.jpg","datePublished":"2023-08-07T08:11:39+00:00","dateModified":"2026-04-07T14:52:21+00:00","description":"D\u00e9couvrez si l'assurance est indispensable pour les v\u00e9hicules \u00e9lectriques. Des informations pr\u00e9cieuses pour une conduite s\u00e9curis\u00e9e. En savoir plus!","breadcrumb":{"@id":"https:\/\/leocare.eu\/fr\/assurance-auto-en-ligne\/electrique\/stationnement\/#breadcrumb"},"inLanguage":"fr-FR","potentialAction":[{"@type":"ReadAction","target":["https:\/\/leocare.eu\/fr\/assurance-auto-en-ligne\/electrique\/stationnement\/"]}]},{"@type":"ImageObject","inLanguage":"fr-FR","@id":"https:\/\/leocare.eu\/fr\/assurance-auto-en-ligne\/electrique\/stationnement\/#primaryimage","url":"https:\/\/leocare.eu\/fr\/wp-content\/uploads\/2021\/01\/laisser-voiture-electrique-sans-assurance.jpg","contentUrl":"https:\/\/leocare.eu\/fr\/wp-content\/uploads\/2021\/01\/laisser-voiture-electrique-sans-assurance.jpg","width":1900,"height":1200,"caption":"laisser voiture electrique sans assurance"},{"@type":"WebSite","@id":"https:\/\/leocare.eu\/fr\/#website","url":"https:\/\/leocare.eu\/fr\/","name":"Leocare, assurance en ligne automobile et habitation","description":"enfin (r)assur\u00e9.e","publisher":{"@id":"https:\/\/leocare.eu\/fr\/#organization"},"potentialAction":[{"@type":"SearchAction","target":{"@type":"EntryPoint","urlTemplate":"https:\/\/leocare.eu\/fr\/?s={search_term_string}"},"query-input":{"@type":"PropertyValueSpecification","valueRequired":true,"valueName":"search_term_string"}}],"inLanguage":"fr-FR"},{"@type":"Organization","@id":"https:\/\/leocare.eu\/fr\/#organization","name":"Leocare, assurance en ligne automobile et habitation","url":"https:\/\/leocare.eu\/fr\/","logo":{"@type":"ImageObject","inLanguage":"fr-FR","@id":"https:\/\/leocare.eu\/fr\/#\/schema\/logo\/image\/","url":"https:\/\/leocare.eu\/fr\/wp-content\/uploads\/2020\/03\/logo-leocare.svg","contentUrl":"https:\/\/leocare.eu\/fr\/wp-content\/uploads\/2020\/03\/logo-leocare.svg","caption":"Leocare, assurance en ligne automobile et habitation"},"image":{"@id":"https:\/\/leocare.eu\/fr\/#\/schema\/logo\/image\/"}}]}},"_links":{"self":[{"href":"https:\/\/leocare.eu\/fr\/wp-json\/wp\/v2\/pages\/17592","targetHints":{"allow":["GET"]}}],"collection":[{"href":"https:\/\/leocare.eu\/fr\/wp-json\/wp\/v2\/pages"}],"about":[{"href":"https:\/\/leocare.eu\/fr\/wp-json\/wp\/v2\/types\/page"}],"author":[{"embeddable":true,"href":"https:\/\/leocare.eu\/fr\/wp-json\/wp\/v2\/users\/34"}],"replies":[{"embeddable":true,"href":"https:\/\/leocare.eu\/fr\/wp-json\/wp\/v2\/comments?post=17592"}],"version-history":[{"count":8,"href":"https:\/\/leocare.eu\/fr\/wp-json\/wp\/v2\/pages\/17592\/revisions"}],"predecessor-version":[{"id":32832,"href":"https:\/\/leocare.eu\/fr\/wp-json\/wp\/v2\/pages\/17592\/revisions\/32832"}],"up":[{"embeddable":true,"href":"https:\/\/leocare.eu\/fr\/wp-json\/wp\/v2\/pages\/17436"}],"wp:featuredmedia":[{"embeddable":true,"href":"https:\/\/leocare.eu\/fr\/wp-json\/wp\/v2\/media\/17397"}],"wp:attachment":[{"href":"https:\/\/leocare.eu\/fr\/wp-json\/wp\/v2\/media?parent=17592"}],"curies":[{"name":"wp","href":"https:\/\/api.w.org\/{rel}","templated":true}]}}