{"id":17588,"date":"2023-08-07T09:48:55","date_gmt":"2023-08-07T07:48:55","guid":{"rendered":"https:\/\/leocare.eu\/fr\/?page_id=17588"},"modified":"2026-04-07T16:52:20","modified_gmt":"2026-04-07T14:52:20","slug":"acheter-sans-assurance","status":"publish","type":"page","link":"https:\/\/leocare.eu\/fr\/assurance-auto-en-ligne\/electrique\/acheter-sans-assurance\/","title":{"rendered":"Acheter une voiture \u00e9lectrique sans assurance auto : est-ce possible ?"},"content":{"rendered":"\n<p>De plus en plus de conducteurs envisagent de passer \u00e0 l\u2019\u00e9lectrique. En effet, leur contribution \u00e0 la r\u00e9duction des \u00e9missions de carbone et leur puissance \u00e9lectrique sont de r\u00e9els atouts qui font pencher la balance. En revanche, avant de passer \u00e0 l\u2019achat, il est important de comprendre l\u2019importance de l\u2019assurance auto \u00e9lectrique.<\/p>\n\n\n\n<h2 class=\"wp-block-heading\" id=\"section-1\">L\u2019assurance auto \u00e9lectrique : qu\u2019est-ce que c\u2019est ?<\/h2>\n\n\n\n<p>L\u2019assurance auto \u00e9lectrique est obligatoire en France, que le v\u00e9hicule soit en circulation ou non, et les v\u00e9hicules \u00e9lectriques ne d\u00e9rogent pas \u00e0 la r\u00e8gle. Comme pour les v\u00e9hicules thermiques, l\u2019assurance offre une protection financi\u00e8re en cas d\u2019accident, de dommages mat\u00e9riels, corporels ou m\u00eame en cas de vol, selon la formule choisie.<\/p>\n\n\n\n<p>Il est indispensable de bien se renseigner pour apprendre&nbsp;<a href=\"https:\/\/leocare.eu\/fr\/assurance-auto-en-ligne\/electrique\/a-savoir\/\">ce qu\u2019il faut savoir \u00e0 propos de l\u2019assurance pour voiture \u00e9lectrique<\/a>.<\/p>\n\n\n\n<p>Les compagnies d\u2019assurance proposent diff\u00e9rentes formules d\u2019assurance aux automobilistes propri\u00e9taires de v\u00e9hicules \u00e9lectriques. Certaines d\u2019entre elles prennent d\u00e9sormais en compte l\u2019autonomie de la batterie, la prise en charge des frais d\u2019installation des bornes de recharge \u00e9lectrique et les risques directement li\u00e9s aux technologies \u00e9lectriques.<\/p>\n\n\n\n<h2 class=\"wp-block-heading\" id=\"section-2\">Les formules d\u2019assurance auto<\/h2>\n\n\n\n<p>Chez Leocare, on souhaite vous prot\u00e9ger et s\u00e9curiser vos trajets au mieux. C\u2019est la raison pour laquelle on vous propose 3 formules d\u2019assurance voiture \u00e9lectrique, adapt\u00e9es \u00e0 vos besoins.<\/p>\n\n\n\n<h3 class=\"wp-block-heading\">La formule au tiers<\/h3>\n\n\n\n<p>C\u2019est l\u2019assurance minimum obligatoire pour circuler en France. Elle comprend donc la responsabilit\u00e9 civile, qui vous couvrira en cas de dommage caus\u00e9s \u00e0 un tiers.<\/p>\n\n\n\n<h3 class=\"wp-block-heading\">La formule tiers plus<\/h3>\n\n\n\n<p>C\u2019est la formule interm\u00e9diaire. Elle comprend la responsabilit\u00e9 civile, mais vous couvre aussi contre les bris de glace, le vol, les incendies, les temp\u00eates, les catastrophes naturelles et technologiques et contre les attentats et les actes de terrorisme.<\/p>\n\n\n\n<h3 class=\"wp-block-heading\">La formule tous risques<\/h3>\n\n\n\n<p>C\u2019est la formule recommand\u00e9e pour les v\u00e9hicules de valeur et notamment pour les v\u00e9hicules \u00e9lectriques. Les pi\u00e8ces d\u2019un tel v\u00e9hicule \u00e9tant rares et ayant un prix \u00e9lev\u00e9, la meilleure couverture est n\u00e9cessaire. L\u2019assurance tous risques propose toutes les garanties de la formule interm\u00e9diaire mais \u00e0 l\u2019avantage de vous couvrir pour les dommages tous accidents.<\/p>\n\n\n\n<p>Certaines assurances peuvent proposer une formule sp\u00e9cifique pour les voitures \u00e9lectriques ou des garanties adapt\u00e9es comme par exemple l\u2019indemnisation en cas de panne \u00e9lectrique. Parce que, qui dit voiture \u00e9lectrique, dit potentielle panne de batterie ou dysfonctionnement li\u00e9s \u00e0 l\u2019\u00e9lectricit\u00e9.<\/p>\n\n\n\n<p>Pour trouver l\u2019<a href=\"https:\/\/leocare.eu\/fr\/assurance-auto-en-ligne\/electrique\/\">assurance voiture \u00e9lectrique<\/a>&nbsp;la plus adapt\u00e9e \u00e0 vos besoins, n\u2019h\u00e9sitez pas \u00e0 consulter les offres via un comparateur d\u2019assurance en ligne.<\/p>\n\n\n\n<h2 class=\"wp-block-heading\" id=\"section-3\">L\u2019obligation l\u00e9gale d\u2019assurer une voiture \u00e9lectrique<\/h2>\n\n\n\n<p>En France, comme dans de nombreux autres pays, il est obligatoire d\u2019assurer les v\u00e9hicules \u00e0 moteur avec, au minimum, une garantie responsabilit\u00e9 civile. Pr\u00e9sente d\u00e8s la formule au tiers, elle sert \u00e0 indemniser les victimes des dommages caus\u00e9s par votre v\u00e9hicule.<\/p>\n\n\n\n<p>Ce que l\u2019on ignore souvent, c\u2019est que m\u00eame si le v\u00e9hicule ne circule pas, pour une courte, comme pour une longue p\u00e9riode de temps, il doit \u00eatre assur\u00e9. De m\u00eame, s\u2019il est gar\u00e9 dans un parking ou un garage priv\u00e9, il doit \u00eatre couvert au minimum par la responsabilit\u00e9 civile. En effet, il peut \u00e0 tout moment \u00eatre mis en circulation, par un voleur par exemple.<\/p>\n\n\n\n<p>De ce fait, si vous avez pr\u00e9vu d\u2019acheter une voiture \u00e9lectrique prochainement, vous devrez souscrire, obligatoirement, un contrat d\u2019assurance auto.<\/p>\n\n\n\n<h2 class=\"wp-block-heading\" id=\"section-4\">Quelles sont les aides financi\u00e8res pour l\u2019achat d\u2019une voiture \u00e9lectrique ?<\/h2>\n\n\n\n<p><strong>Le bonus \u00e9cologique<\/strong><br>C\u2019est une aide pouvant \u00eatre demand\u00e9e lors de l\u2019achat d\u2019un v\u00e9hicule \u00e9lectrique neuf ou d\u2019occasion. Le montant du bonus est de 5 000 \u20ac pour les particuliers achetant un v\u00e9hicule de moins de 47 000 \u20ac dans la limite de 27 % du prix du v\u00e9hicule. Pour les v\u00e9hicules utilitaires, le montant de l\u2019aide est de 3 000 \u20ac.<\/p>\n\n\n\n<p><strong>La prime \u00e0 la conversion<\/strong><br>Cette incitation financi\u00e8re vous sera vers\u00e9e si vous vendez un v\u00e9hicule thermique immatricul\u00e9 avant 2006 ou un v\u00e9hicule diesel immatricul\u00e9 avant 2011.<br>Le montant de la prime d\u00e9pend de la puissance du v\u00e9hicule \u00e9lectrique achet\u00e9 et du type de v\u00e9hicule thermique vendu. Cette prime peut atteindre jusqu\u2019\u00e0 80 % du prix de l\u2019acquisition, dans la limite de 5 000 \u20ac.<\/p>\n\n\n\n<p><strong>Le microcr\u00e9dit v\u00e9hicules propres<\/strong><\/p>\n\n\n\n<p><strong>Les aides \u00e0 l\u2019installation d\u2019une borne de recharge<\/strong><\/p>\n\n\n\n<p><strong>L\u2019exon\u00e9ration de taxe sur l\u2019assurance<\/strong><\/p>\n\n\n\n<p><strong>Les aides de votre r\u00e9gion<\/strong><\/p>\n\n\n\n<h2 class=\"wp-block-heading\" id=\"section-5\">Comment sont calcul\u00e9es les cotisations d\u2019assurance \u00e9lectrique ?<\/h2>\n\n\n\n<p>Les compagnies d\u2019assurance s\u2019appuient sur les r\u00e9sultats de nombreuses \u00e9tudes pour calculer les prix de leurs offres. Ces prix sont donc d\u00e9termin\u00e9s selon les statistiques d\u00e9montrant les risques li\u00e9s \u00e0 votre lieu d\u2019habitation, o\u00f9 le v\u00e9hicule sera gar\u00e9, li\u00e9s \u00e0 votre conduite, selon votre historique, mais aussi li\u00e9s au v\u00e9hicule lui-m\u00eame. Les risques li\u00e9s \u00e0 votre voiture peuvent inclure son autonomie, le co\u00fbt de ses pi\u00e8ces et la disponibilit\u00e9 des bornes de recharge dans votre r\u00e9gion. Moins il y a de risques, moins vos primes d\u2019assurance seront \u00e9lev\u00e9es.<\/p>\n\n\n\n<div class=\"bon-a-savoir\">\n\n\n\n<h3 class=\"wp-block-heading\">Comment \u00eatre indemnis\u00e9 en cas de vol dans votre v\u00e9hicule ?<\/h3>\n\n\n\n<p>Vous habitez dans une ville avec un taux \u00e9lev\u00e9 de risque de vol ? Dans ce cas, il est s\u00fbrement judicieux de&nbsp;<a href=\"https:\/\/leocare.eu\/fr\/assurance-auto-en-ligne\/electrique\/vol-dans-voiture\/\">souscrire une garantie compl\u00e9mentaire pour le vol<\/a>&nbsp;de vos effets personnels \u00e0 l\u2019int\u00e9rieur de votre v\u00e9hicule. La garantie vol comprise dans la formule tiers ne couvrant que le vol du v\u00e9hicule lui-m\u00eame.<\/p>\n\n\n\n<\/div>\n\n\n\n<p><\/p>\n","protected":false},"excerpt":{"rendered":"<p>De plus en plus de conducteurs envisagent de passer \u00e0 l\u2019\u00e9lectrique. En effet, leur contribution \u00e0 la r\u00e9duction des \u00e9missions de carbone et leur puissance \u00e9lectrique sont de r\u00e9els atouts qui font pencher la balance. En revanche, avant de passer \u00e0 l\u2019achat, il est important de comprendre l\u2019importance de l\u2019assurance auto \u00e9lectrique. L\u2019assurance auto \u00e9lectrique [&hellip;]<\/p>\n","protected":false},"author":34,"featured_media":17358,"parent":17436,"menu_order":0,"comment_status":"closed","ping_status":"closed","template":"template_seo.php","meta":{"_acf_changed":false,"footnotes":""},"class_list":["post-17588","page","type-page","status-publish","has-post-thumbnail","hentry"],"acf":[],"yoast_head":"<!-- This site is optimized with the Yoast SEO plugin v27.3 - https:\/\/yoast.com\/product\/yoast-seo-wordpress\/ -->\n<title>Peut-on acheter une voiture \u00e9lectrique sans assurance auto ?<\/title>\n<meta name=\"description\" content=\"D\u00e9couvrez comment acqu\u00e9rir une voiture \u00e9lectrique sans assurance. Suivez le guide et faites le bon choix pour votre avenir \u00e9cologique. Lisez maintenant !\" \/>\n<meta name=\"robots\" content=\"index, follow, max-snippet:-1, max-image-preview:large, max-video-preview:-1\" \/>\n<link rel=\"canonical\" href=\"https:\/\/leocare.eu\/fr\/assurance-auto-en-ligne\/electrique\/acheter-sans-assurance\/\" \/>\n<meta property=\"og:locale\" content=\"fr_FR\" \/>\n<meta property=\"og:type\" content=\"article\" \/>\n<meta property=\"og:title\" content=\"Peut-on acheter une voiture \u00e9lectrique sans assurance auto ?\" \/>\n<meta property=\"og:description\" content=\"D\u00e9couvrez comment acqu\u00e9rir une voiture \u00e9lectrique sans assurance. Suivez le guide et faites le bon choix pour votre avenir \u00e9cologique. Lisez maintenant !\" \/>\n<meta property=\"og:url\" content=\"https:\/\/leocare.eu\/fr\/assurance-auto-en-ligne\/electrique\/acheter-sans-assurance\/\" \/>\n<meta property=\"og:site_name\" content=\"Leocare, assurance en ligne automobile et habitation\" \/>\n<meta property=\"article:modified_time\" content=\"2026-04-07T14:52:20+00:00\" \/>\n<meta property=\"og:image\" content=\"https:\/\/leocare.eu\/fr\/wp-content\/uploads\/2021\/01\/acheter-voiture-electrique-sans-assurance-auto.jpg\" \/>\n\t<meta property=\"og:image:width\" content=\"1900\" \/>\n\t<meta property=\"og:image:height\" content=\"1200\" \/>\n\t<meta property=\"og:image:type\" content=\"image\/jpeg\" \/>\n<meta name=\"twitter:card\" content=\"summary_large_image\" \/>\n<meta name=\"twitter:label1\" content=\"Dur\u00e9e de lecture estim\u00e9e\" \/>\n\t<meta name=\"twitter:data1\" content=\"5 minutes\" \/>\n<!-- \/ Yoast SEO plugin. -->","yoast_head_json":{"title":"Peut-on acheter une voiture \u00e9lectrique sans assurance auto ?","description":"D\u00e9couvrez comment acqu\u00e9rir une voiture \u00e9lectrique sans assurance. Suivez le guide et faites le bon choix pour votre avenir \u00e9cologique. Lisez maintenant !","robots":{"index":"index","follow":"follow","max-snippet":"max-snippet:-1","max-image-preview":"max-image-preview:large","max-video-preview":"max-video-preview:-1"},"canonical":"https:\/\/leocare.eu\/fr\/assurance-auto-en-ligne\/electrique\/acheter-sans-assurance\/","og_locale":"fr_FR","og_type":"article","og_title":"Peut-on acheter une voiture \u00e9lectrique sans assurance auto ?","og_description":"D\u00e9couvrez comment acqu\u00e9rir une voiture \u00e9lectrique sans assurance. Suivez le guide et faites le bon choix pour votre avenir \u00e9cologique. Lisez maintenant !","og_url":"https:\/\/leocare.eu\/fr\/assurance-auto-en-ligne\/electrique\/acheter-sans-assurance\/","og_site_name":"Leocare, assurance en ligne automobile et habitation","article_modified_time":"2026-04-07T14:52:20+00:00","og_image":[{"width":1900,"height":1200,"url":"https:\/\/leocare.eu\/fr\/wp-content\/uploads\/2021\/01\/acheter-voiture-electrique-sans-assurance-auto.jpg","type":"image\/jpeg"}],"twitter_card":"summary_large_image","twitter_misc":{"Dur\u00e9e de lecture estim\u00e9e":"5 minutes"},"schema":{"@context":"https:\/\/schema.org","@graph":[{"@type":"WebPage","@id":"https:\/\/leocare.eu\/fr\/assurance-auto-en-ligne\/electrique\/acheter-sans-assurance\/","url":"https:\/\/leocare.eu\/fr\/assurance-auto-en-ligne\/electrique\/acheter-sans-assurance\/","name":"Peut-on acheter une voiture \u00e9lectrique sans assurance auto ?","isPartOf":{"@id":"https:\/\/leocare.eu\/fr\/#website"},"primaryImageOfPage":{"@id":"https:\/\/leocare.eu\/fr\/assurance-auto-en-ligne\/electrique\/acheter-sans-assurance\/#primaryimage"},"image":{"@id":"https:\/\/leocare.eu\/fr\/assurance-auto-en-ligne\/electrique\/acheter-sans-assurance\/#primaryimage"},"thumbnailUrl":"https:\/\/leocare.eu\/fr\/wp-content\/uploads\/2021\/01\/acheter-voiture-electrique-sans-assurance-auto.jpg","datePublished":"2023-08-07T07:48:55+00:00","dateModified":"2026-04-07T14:52:20+00:00","description":"D\u00e9couvrez comment acqu\u00e9rir une voiture \u00e9lectrique sans assurance. Suivez le guide et faites le bon choix pour votre avenir \u00e9cologique. Lisez maintenant !","breadcrumb":{"@id":"https:\/\/leocare.eu\/fr\/assurance-auto-en-ligne\/electrique\/acheter-sans-assurance\/#breadcrumb"},"inLanguage":"fr-FR","potentialAction":[{"@type":"ReadAction","target":["https:\/\/leocare.eu\/fr\/assurance-auto-en-ligne\/electrique\/acheter-sans-assurance\/"]}]},{"@type":"ImageObject","inLanguage":"fr-FR","@id":"https:\/\/leocare.eu\/fr\/assurance-auto-en-ligne\/electrique\/acheter-sans-assurance\/#primaryimage","url":"https:\/\/leocare.eu\/fr\/wp-content\/uploads\/2021\/01\/acheter-voiture-electrique-sans-assurance-auto.jpg","contentUrl":"https:\/\/leocare.eu\/fr\/wp-content\/uploads\/2021\/01\/acheter-voiture-electrique-sans-assurance-auto.jpg","width":1900,"height":1200,"caption":"acheter voiture \u00e9lectrique"},{"@type":"WebSite","@id":"https:\/\/leocare.eu\/fr\/#website","url":"https:\/\/leocare.eu\/fr\/","name":"Leocare, assurance en ligne automobile et habitation","description":"enfin (r)assur\u00e9.e","publisher":{"@id":"https:\/\/leocare.eu\/fr\/#organization"},"potentialAction":[{"@type":"SearchAction","target":{"@type":"EntryPoint","urlTemplate":"https:\/\/leocare.eu\/fr\/?s={search_term_string}"},"query-input":{"@type":"PropertyValueSpecification","valueRequired":true,"valueName":"search_term_string"}}],"inLanguage":"fr-FR"},{"@type":"Organization","@id":"https:\/\/leocare.eu\/fr\/#organization","name":"Leocare, assurance en ligne automobile et habitation","url":"https:\/\/leocare.eu\/fr\/","logo":{"@type":"ImageObject","inLanguage":"fr-FR","@id":"https:\/\/leocare.eu\/fr\/#\/schema\/logo\/image\/","url":"https:\/\/leocare.eu\/fr\/wp-content\/uploads\/2020\/03\/logo-leocare.svg","contentUrl":"https:\/\/leocare.eu\/fr\/wp-content\/uploads\/2020\/03\/logo-leocare.svg","caption":"Leocare, assurance en ligne automobile et habitation"},"image":{"@id":"https:\/\/leocare.eu\/fr\/#\/schema\/logo\/image\/"}}]}},"_links":{"self":[{"href":"https:\/\/leocare.eu\/fr\/wp-json\/wp\/v2\/pages\/17588","targetHints":{"allow":["GET"]}}],"collection":[{"href":"https:\/\/leocare.eu\/fr\/wp-json\/wp\/v2\/pages"}],"about":[{"href":"https:\/\/leocare.eu\/fr\/wp-json\/wp\/v2\/types\/page"}],"author":[{"embeddable":true,"href":"https:\/\/leocare.eu\/fr\/wp-json\/wp\/v2\/users\/34"}],"replies":[{"embeddable":true,"href":"https:\/\/leocare.eu\/fr\/wp-json\/wp\/v2\/comments?post=17588"}],"version-history":[{"count":12,"href":"https:\/\/leocare.eu\/fr\/wp-json\/wp\/v2\/pages\/17588\/revisions"}],"predecessor-version":[{"id":37163,"href":"https:\/\/leocare.eu\/fr\/wp-json\/wp\/v2\/pages\/17588\/revisions\/37163"}],"up":[{"embeddable":true,"href":"https:\/\/leocare.eu\/fr\/wp-json\/wp\/v2\/pages\/17436"}],"wp:featuredmedia":[{"embeddable":true,"href":"https:\/\/leocare.eu\/fr\/wp-json\/wp\/v2\/media\/17358"}],"wp:attachment":[{"href":"https:\/\/leocare.eu\/fr\/wp-json\/wp\/v2\/media?parent=17588"}],"curies":[{"name":"wp","href":"https:\/\/api.w.org\/{rel}","templated":true}]}}