{"id":17581,"date":"2023-08-07T09:33:24","date_gmt":"2023-08-07T07:33:24","guid":{"rendered":"https:\/\/leocare.eu\/fr\/?page_id=17581"},"modified":"2026-04-07T16:52:19","modified_gmt":"2026-04-07T14:52:19","slug":"reparation-assurance","status":"publish","type":"page","link":"https:\/\/leocare.eu\/fr\/assurance-auto-en-ligne\/electrique\/reparation-assurance\/","title":{"rendered":"Faire r\u00e9parer sa voiture \u00e9lectrique par l\u2019assurance"},"content":{"rendered":"\n<p>Avec l&rsquo;\u00e9mergence des v\u00e9hicules \u00e9lectriques, de plus en plus d&rsquo;automobilistes se tournent vers cette technologie \u00e9cologique pour r\u00e9duire leur empreinte carbone et profiter des \u00e9conomies d&rsquo;\u00e9nergie \u00e0 long terme. Cependant, les questions sur la r\u00e9paration des voitures \u00e9lectriques apr\u00e8s un accident sont l\u00e9gitimes et souvent m\u00e9connues. Peut-on faire r\u00e9parer sa voiture \u00e9lectrique par l&rsquo;assurance ? Voyons les diff\u00e9rentes possibilit\u00e9s et les co\u00fbts associ\u00e9s \u00e0 la r\u00e9paration des v\u00e9hicules \u00e9lectriques apr\u00e8s un accident.<\/p>\n\n\n\n<h2 class=\"wp-block-heading\" id=\"section-1\">Qu\u2019est-ce qu\u2019une assurance voiture \u00e9lectrique ?<\/h2>\n\n\n\n<p>Au cours des derni\u00e8res ann\u00e9es, les voitures \u00e9lectriques ont gagn\u00e9 en popularit\u00e9 en raison de leur contribution \u00e0 la r\u00e9duction des \u00e9missions de CO2 et de leur autonomie accrue gr\u00e2ce aux avanc\u00e9es technologiques des batteries. Des constructeurs automobiles tels que Tesla ont \u00e9t\u00e9 \u00e0 l\u2019avant-garde de cette r\u00e9volution, en proposant des v\u00e9hicules \u00e9lectriques \u00e9l\u00e9gants et performants, et m\u00eame des bornes de recharge d\u00e9di\u00e9es.<\/p>\n\n\n\n<p>L\u2019<a href=\"https:\/\/leocare.eu\/fr\/assurance-auto-en-ligne\/electrique\/\">assurance voiture \u00e9lectrique<\/a>&nbsp;est un \u00e9l\u00e9ment essentiel et obligatoire pour prot\u00e9ger les conducteurs sur les routes. Avec la multitude d\u2019offres disponibles, utiliser un comparateur d\u2019assurance en ligne est devenu un moyen pratique pour les conducteurs de trouver la meilleure couverture adapt\u00e9e \u00e0 leurs besoins sp\u00e9cifiques.<\/p>\n\n\n\n<p>Les compagnies d\u2019assurance \u00e9valuent plusieurs facteurs pour d\u00e9terminer la prime d\u2019assurance d\u2019un conducteur. Le kilom\u00e9trage annuel parcouru est l\u2019un de ces facteurs cl\u00e9s. En effet, plus un conducteur parcourt de kilom\u00e8tres, plus le risque d\u2019accident potentiel augmente et plus il utilise d\u2019\u00e9lectricit\u00e9. Certains conducteurs peuvent b\u00e9n\u00e9ficier d\u2019une exon\u00e9ration de prime s\u2019ils conduisent peu et parcourent ainsi moins de kilom\u00e8tres chaque ann\u00e9e.<\/p>\n\n\n\n<div class=\"bon-a-savoir\">\n\n\n\n<h3 class=\"wp-block-heading\">Peut-on conduire une voiture \u00e9lectrique sans assurance ?<\/h3>\n\n\n\n<p>Non ! En France,&nbsp;<a href=\"https:\/\/leocare.eu\/fr\/assurance-auto-en-ligne\/electrique\/conduire-sans-assurance\/\">pour conduire une voiture ou m\u00eame un deux-roues, l\u2019assurance est obligatoire<\/a>. Vous devez, au minimum, souscrire une responsabilit\u00e9 civile pour couvrir les dommages que vous pourriez causer.<\/p>\n\n\n\n<\/div>\n\n\n\n<h2 class=\"wp-block-heading\" id=\"section-2\">La question de la r\u00e9paration apr\u00e8s un accident<\/h2>\n\n\n\n<p>Lorsqu\u2019un automobiliste poss\u00e9dant une voiture \u00e9lectrique est impliqu\u00e9 dans un accident, la premi\u00e8re question qui se pose est de savoir si son assurance couvrira les frais de r\u00e9paration. Comme pour les v\u00e9hicules \u00e0 essence, les propri\u00e9taires de voitures \u00e9lectriques ont l\u2019obligation de souscrire une assurance auto pour circuler sur les routes. Cependant, les conditions de couverture peuvent varier d\u2019une compagnie d\u2019assurance \u00e0 l\u2019autre, et il est essentiel de bien comprendre son contrat pour savoir si les dommages li\u00e9s \u00e0 un accident seront pris en charge.<\/p>\n\n\n\n<h3 class=\"wp-block-heading\">Votre voiture \u00e9lectrique \u00e0 plus de 10 ans ou a d\u00e9pass\u00e9 les 150 000 km et vous vous demandez si cela vaut encore le co\u00fbt de la r\u00e9parer ?<\/h3>\n\n\n\n<p>Si vous connaissez tout l\u2019historique du v\u00e9hicule et que vous disposez des factures d\u2019entretien prouvant son suivi r\u00e9gulier, autant le garder, \u00e7a sera plus rentable pour vous.<br>Si vous ne savez rien de ce v\u00e9hicule, ou trop peu, il sera plus difficile d\u2019estimer les co\u00fbts de r\u00e9paration et de la perte potentielle. Si apr\u00e8s le calcul, la somme que vous pensez devoir d\u00e9penser est comprise entre 50 et 100 % et qu\u2019en plus de \u00e7a, il risque de ne pas durer dans le temps, n\u2019insistez pas et vendez-le.<\/p>\n\n\n\n<div class=\"bon-a-savoir\">\n\n\n\n<h3 class=\"wp-block-heading\">Comment s\u2019assurer contre le vol de sa voiture \u00e9lectrique de plus de 10 ans ?<\/h3>\n\n\n\n<p>Commencez par comparer les diff\u00e9rentes offres d\u2019assurance. Certaines&nbsp;<a href=\"https:\/\/leocare.eu\/fr\/assurance-auto-en-ligne\/electrique\/vol-vieux-vehicule\/\">compagnies peuvent proposer des garanties sp\u00e9cifiques<\/a>&nbsp;pour les v\u00e9hicules anciens. Les assureurs peuvent aussi offrir des r\u00e9ductions si vous utilisez des dispositifs d\u2019antivol ou un lieu de garage s\u00e9curis\u00e9.<\/p>\n\n\n\n<\/div>\n\n\n\n<h2 class=\"wp-block-heading\" id=\"section-3\">L\u2019intervention de l\u2019assurance dans la r\u00e9paration des voitures \u00e9lectriques<\/h2>\n\n\n\n<p>Dans la majorit\u00e9 des cas, l\u2019assurance prendra en charge les frais de r\u00e9paration d\u2019une voiture \u00e9lectrique apr\u00e8s un accident, tout comme elle le ferait pour un v\u00e9hicule thermique. Cependant, il est essentiel de v\u00e9rifier aupr\u00e8s de sa compagnie d\u2019assurance les d\u00e9tails sp\u00e9cifiques concernant la couverture des v\u00e9hicules \u00e9lectriques. Certaines assurances pourraient exiger une assurance sp\u00e9ciale pour les v\u00e9hicules \u00e9lectriques en raison des co\u00fbts potentiellement \u00e9lev\u00e9s de r\u00e9paration li\u00e9s aux technologies avanc\u00e9es, notamment les batteries.<\/p>\n\n\n\n<p>Si vous n\u2019\u00e9tiez pas dans votre voiture au moment de l\u2019accident et qu\u2019un autre conducteur est impliqu\u00e9, l\u2019assurance interviendra de la m\u00eame mani\u00e8re si le conducteur de votre v\u00e9hicule est visible sur votre contrat.<\/p>\n\n\n\n<div class=\"bon-a-savoir\">\n\n\n\n<h3 class=\"wp-block-heading\">Comment ajouter un conducteur secondaire sur son assurance auto \u00e9lectrique ?<\/h3>\n\n\n\n<p>Chez Leocare, on aime vous simplifier la vie. Pour&nbsp;<a href=\"https:\/\/leocare.eu\/fr\/assurance-auto-en-ligne\/electrique\/ajouter-personne\/\">ajouter un conducteur secondaire<\/a>&nbsp;sur votre contrat d\u2019assurance auto, il suffit de vous rendre sur l\u2019appli !<\/p>\n\n\n\n<p>Gardez seulement en t\u00eate que la d\u00e9claration d\u2019un accident de voiture impliquant un conducteur secondaire demeure votre responsabilit\u00e9.<\/p>\n\n\n\n<\/div>\n\n\n\n<h2 class=\"wp-block-heading\" id=\"section-4\">Le co\u00fbt des r\u00e9parations pour une voiture \u00e9lectrique<\/h2>\n\n\n\n<p>Les co\u00fbts de r\u00e9paration des voitures \u00e9lectriques peuvent varier en fonction de plusieurs facteurs, notamment le mod\u00e8le du v\u00e9hicule, la gravit\u00e9 des dommages et la disponibilit\u00e9 des pi\u00e8ces de rechange. Les batteries sont g\u00e9n\u00e9ralement l\u2019un des composants les plus co\u00fbteux \u00e0 remplacer en cas de dommages importants, et cela peut impacter consid\u00e9rablement le montant de l\u2019indemnisation vers\u00e9e par l\u2019assurance.<\/p>\n\n\n\n<h3 class=\"wp-block-heading\">Le co\u00fbt sera-t-il plus \u00e9lev\u00e9 pour une voiture \u00e9lectrique de sport ?<\/h3>\n\n\n\n<p>Les voitures sportives, \u00e9lectriques ou non, sont souvent \u00e9quip\u00e9es de technologies avanc\u00e9es. Batteries haute performance, moteurs \u00e9lectriques puissants et syst\u00e8mes de refroidissement sophistiqu\u00e9s, toutes ces pi\u00e8ces peuvent faire grimper la note des r\u00e9parations en raison de leur raret\u00e9 sur le march\u00e9 et de leur co\u00fbt de base.<\/p>\n\n\n\n<div class=\"bon-a-savoir\">\n\n\n\n<h3 class=\"wp-block-heading\">Comment choisir une assurance pour une voiture \u00e9lectrique de sport ?<\/h3>\n\n\n\n<p><a href=\"https:\/\/leocare.eu\/fr\/assurance-auto-en-ligne\/electrique\/sport\/\">Choisir l\u2019assurance d\u2019une voiture \u00e9lectrique sportive<\/a>&nbsp;n\u00e9cessite une approche similaire \u00e0 celle de tout autre v\u00e9hicule. Seulement, vous devrez prendre en compte les offres adapt\u00e9es \u00e0 la valeur de votre voiture et \u00e0 ses sp\u00e9cificit\u00e9s.<\/p>\n\n\n\n<\/div>\n\n\n\n<h2 class=\"wp-block-heading\" id=\"section-5\">Qu\u2019est-ce qu\u2019un garage agr\u00e9\u00e9 ?<\/h2>\n\n\n\n<p>Un garage agr\u00e9\u00e9, \u00e9galement appel\u00e9 garage conventionn\u00e9 ou garage autoris\u00e9, est un \u00e9tablissement automobile qui a pass\u00e9 un accord avec une compagnie d\u2019assurance.<\/p>\n\n\n\n<p>Les assureurs peuvent agr\u00e9er des garages pour effectuer des r\u00e9parations sur les v\u00e9hicules assur\u00e9s afin de faciliter le processus de r\u00e9clamation pour les propri\u00e9taires de v\u00e9hicules endommag\u00e9s. Les garages agr\u00e9\u00e9s travaillent directement avec l\u2019assurance pour estimer les co\u00fbts de r\u00e9paration et effectuer les travaux n\u00e9cessaires. L\u2019avantage de choisir un garage agr\u00e9\u00e9 pour faire r\u00e9parer sa voiture est la r\u00e9duction des frais, pour vous comme pour votre assureur. De plus, les voitures \u00e9lectriques sont complexes et n\u00e9cessitent une expertise sp\u00e9cifique pour les r\u00e9parations, faire appel \u00e0 un garagiste non qualifi\u00e9 peut entra\u00eener des probl\u00e8mes suppl\u00e9mentaires et affecter la garantie du v\u00e9hicule.<\/p>\n\n\n\n<p>Finalement, vous pr\u00e9f\u00e9rez&nbsp;<a href=\"https:\/\/leocare.eu\/fr\/assurance-auto-en-ligne\/electrique\/vente-a-particulier\/\">vendre votre v\u00e9hicule \u00e9lectrique \u00e0 un particulier<\/a>&nbsp;plut\u00f4t que de le faire r\u00e9parer ? Dans ce cas, assurez-vous que le v\u00e9hicule soit couvert par une assurance pendant la p\u00e9riode de transition jusqu\u2019\u00e0 ce qu\u2019il soit vendu et enregistr\u00e9 au nom du nouveau propri\u00e9taire. Cela peut \u00eatre fait en gardant l\u2019assurance actuelle jusqu\u2019\u00e0 ce que le nouveau propri\u00e9taire prenne possession du v\u00e9hicule, puis en annulant ou transf\u00e9rant le contrat.<\/p>\n","protected":false},"excerpt":{"rendered":"<p>Avec l&rsquo;\u00e9mergence des v\u00e9hicules \u00e9lectriques, de plus en plus d&rsquo;automobilistes se tournent vers cette technologie \u00e9cologique pour r\u00e9duire leur empreinte carbone et profiter des \u00e9conomies d&rsquo;\u00e9nergie \u00e0 long terme. Cependant, les questions sur la r\u00e9paration des voitures \u00e9lectriques apr\u00e8s un accident sont l\u00e9gitimes et souvent m\u00e9connues. Peut-on faire r\u00e9parer sa voiture \u00e9lectrique par l&rsquo;assurance ? [&hellip;]<\/p>\n","protected":false},"author":34,"featured_media":17394,"parent":17436,"menu_order":0,"comment_status":"closed","ping_status":"closed","template":"template_seo.php","meta":{"_acf_changed":false,"footnotes":""},"class_list":["post-17581","page","type-page","status-publish","has-post-thumbnail","hentry"],"acf":[],"yoast_head":"<!-- This site is optimized with the Yoast SEO plugin v27.3 - https:\/\/yoast.com\/product\/yoast-seo-wordpress\/ -->\n<title>Peut-on faire r\u00e9parer sa voiture \u00e9lectrique par l\u2019assurance ?<\/title>\n<meta name=\"description\" content=\"D\u00e9couvrez comment votre assurance peut couvrir les r\u00e9parations de votre voiture \u00e9lectrique. Prenez connaissance des d\u00e9marches \u00e0 suivre maintenant!\" \/>\n<meta name=\"robots\" content=\"index, follow, max-snippet:-1, max-image-preview:large, max-video-preview:-1\" \/>\n<link rel=\"canonical\" href=\"https:\/\/leocare.eu\/fr\/assurance-auto-en-ligne\/electrique\/reparation-assurance\/\" \/>\n<meta property=\"og:locale\" content=\"fr_FR\" \/>\n<meta property=\"og:type\" content=\"article\" \/>\n<meta property=\"og:title\" content=\"Peut-on faire r\u00e9parer sa voiture \u00e9lectrique par l\u2019assurance ?\" \/>\n<meta property=\"og:description\" content=\"D\u00e9couvrez comment votre assurance peut couvrir les r\u00e9parations de votre voiture \u00e9lectrique. Prenez connaissance des d\u00e9marches \u00e0 suivre maintenant!\" \/>\n<meta property=\"og:url\" content=\"https:\/\/leocare.eu\/fr\/assurance-auto-en-ligne\/electrique\/reparation-assurance\/\" \/>\n<meta property=\"og:site_name\" content=\"Leocare, assurance en ligne automobile et habitation\" \/>\n<meta property=\"article:modified_time\" content=\"2026-04-07T14:52:19+00:00\" \/>\n<meta property=\"og:image\" content=\"https:\/\/leocare.eu\/fr\/wp-content\/uploads\/2021\/01\/faire-reparer-voiture-electrique-par-assurance.jpg\" \/>\n\t<meta property=\"og:image:width\" content=\"1900\" \/>\n\t<meta property=\"og:image:height\" content=\"1200\" \/>\n\t<meta property=\"og:image:type\" content=\"image\/jpeg\" \/>\n<meta name=\"twitter:card\" content=\"summary_large_image\" \/>\n<meta name=\"twitter:label1\" content=\"Dur\u00e9e de lecture estim\u00e9e\" \/>\n\t<meta name=\"twitter:data1\" content=\"6 minutes\" \/>\n<!-- \/ Yoast SEO plugin. -->","yoast_head_json":{"title":"Peut-on faire r\u00e9parer sa voiture \u00e9lectrique par l\u2019assurance ?","description":"D\u00e9couvrez comment votre assurance peut couvrir les r\u00e9parations de votre voiture \u00e9lectrique. Prenez connaissance des d\u00e9marches \u00e0 suivre maintenant!","robots":{"index":"index","follow":"follow","max-snippet":"max-snippet:-1","max-image-preview":"max-image-preview:large","max-video-preview":"max-video-preview:-1"},"canonical":"https:\/\/leocare.eu\/fr\/assurance-auto-en-ligne\/electrique\/reparation-assurance\/","og_locale":"fr_FR","og_type":"article","og_title":"Peut-on faire r\u00e9parer sa voiture \u00e9lectrique par l\u2019assurance ?","og_description":"D\u00e9couvrez comment votre assurance peut couvrir les r\u00e9parations de votre voiture \u00e9lectrique. Prenez connaissance des d\u00e9marches \u00e0 suivre maintenant!","og_url":"https:\/\/leocare.eu\/fr\/assurance-auto-en-ligne\/electrique\/reparation-assurance\/","og_site_name":"Leocare, assurance en ligne automobile et habitation","article_modified_time":"2026-04-07T14:52:19+00:00","og_image":[{"width":1900,"height":1200,"url":"https:\/\/leocare.eu\/fr\/wp-content\/uploads\/2021\/01\/faire-reparer-voiture-electrique-par-assurance.jpg","type":"image\/jpeg"}],"twitter_card":"summary_large_image","twitter_misc":{"Dur\u00e9e de lecture estim\u00e9e":"6 minutes"},"schema":{"@context":"https:\/\/schema.org","@graph":[{"@type":"WebPage","@id":"https:\/\/leocare.eu\/fr\/assurance-auto-en-ligne\/electrique\/reparation-assurance\/","url":"https:\/\/leocare.eu\/fr\/assurance-auto-en-ligne\/electrique\/reparation-assurance\/","name":"Peut-on faire r\u00e9parer sa voiture \u00e9lectrique par l\u2019assurance ?","isPartOf":{"@id":"https:\/\/leocare.eu\/fr\/#website"},"primaryImageOfPage":{"@id":"https:\/\/leocare.eu\/fr\/assurance-auto-en-ligne\/electrique\/reparation-assurance\/#primaryimage"},"image":{"@id":"https:\/\/leocare.eu\/fr\/assurance-auto-en-ligne\/electrique\/reparation-assurance\/#primaryimage"},"thumbnailUrl":"https:\/\/leocare.eu\/fr\/wp-content\/uploads\/2021\/01\/faire-reparer-voiture-electrique-par-assurance.jpg","datePublished":"2023-08-07T07:33:24+00:00","dateModified":"2026-04-07T14:52:19+00:00","description":"D\u00e9couvrez comment votre assurance peut couvrir les r\u00e9parations de votre voiture \u00e9lectrique. Prenez connaissance des d\u00e9marches \u00e0 suivre maintenant!","breadcrumb":{"@id":"https:\/\/leocare.eu\/fr\/assurance-auto-en-ligne\/electrique\/reparation-assurance\/#breadcrumb"},"inLanguage":"fr-FR","potentialAction":[{"@type":"ReadAction","target":["https:\/\/leocare.eu\/fr\/assurance-auto-en-ligne\/electrique\/reparation-assurance\/"]}]},{"@type":"ImageObject","inLanguage":"fr-FR","@id":"https:\/\/leocare.eu\/fr\/assurance-auto-en-ligne\/electrique\/reparation-assurance\/#primaryimage","url":"https:\/\/leocare.eu\/fr\/wp-content\/uploads\/2021\/01\/faire-reparer-voiture-electrique-par-assurance.jpg","contentUrl":"https:\/\/leocare.eu\/fr\/wp-content\/uploads\/2021\/01\/faire-reparer-voiture-electrique-par-assurance.jpg","width":1900,"height":1200,"caption":"r\u00e9paration voiture \u00e9lectrique par son assurance"},{"@type":"WebSite","@id":"https:\/\/leocare.eu\/fr\/#website","url":"https:\/\/leocare.eu\/fr\/","name":"Leocare, assurance en ligne automobile et habitation","description":"enfin (r)assur\u00e9.e","publisher":{"@id":"https:\/\/leocare.eu\/fr\/#organization"},"potentialAction":[{"@type":"SearchAction","target":{"@type":"EntryPoint","urlTemplate":"https:\/\/leocare.eu\/fr\/?s={search_term_string}"},"query-input":{"@type":"PropertyValueSpecification","valueRequired":true,"valueName":"search_term_string"}}],"inLanguage":"fr-FR"},{"@type":"Organization","@id":"https:\/\/leocare.eu\/fr\/#organization","name":"Leocare, assurance en ligne automobile et habitation","url":"https:\/\/leocare.eu\/fr\/","logo":{"@type":"ImageObject","inLanguage":"fr-FR","@id":"https:\/\/leocare.eu\/fr\/#\/schema\/logo\/image\/","url":"https:\/\/leocare.eu\/fr\/wp-content\/uploads\/2020\/03\/logo-leocare.svg","contentUrl":"https:\/\/leocare.eu\/fr\/wp-content\/uploads\/2020\/03\/logo-leocare.svg","caption":"Leocare, assurance en ligne automobile et habitation"},"image":{"@id":"https:\/\/leocare.eu\/fr\/#\/schema\/logo\/image\/"}}]}},"_links":{"self":[{"href":"https:\/\/leocare.eu\/fr\/wp-json\/wp\/v2\/pages\/17581","targetHints":{"allow":["GET"]}}],"collection":[{"href":"https:\/\/leocare.eu\/fr\/wp-json\/wp\/v2\/pages"}],"about":[{"href":"https:\/\/leocare.eu\/fr\/wp-json\/wp\/v2\/types\/page"}],"author":[{"embeddable":true,"href":"https:\/\/leocare.eu\/fr\/wp-json\/wp\/v2\/users\/34"}],"replies":[{"embeddable":true,"href":"https:\/\/leocare.eu\/fr\/wp-json\/wp\/v2\/comments?post=17581"}],"version-history":[{"count":8,"href":"https:\/\/leocare.eu\/fr\/wp-json\/wp\/v2\/pages\/17581\/revisions"}],"predecessor-version":[{"id":29219,"href":"https:\/\/leocare.eu\/fr\/wp-json\/wp\/v2\/pages\/17581\/revisions\/29219"}],"up":[{"embeddable":true,"href":"https:\/\/leocare.eu\/fr\/wp-json\/wp\/v2\/pages\/17436"}],"wp:featuredmedia":[{"embeddable":true,"href":"https:\/\/leocare.eu\/fr\/wp-json\/wp\/v2\/media\/17394"}],"wp:attachment":[{"href":"https:\/\/leocare.eu\/fr\/wp-json\/wp\/v2\/media?parent=17581"}],"curies":[{"name":"wp","href":"https:\/\/api.w.org\/{rel}","templated":true}]}}