{"id":17573,"date":"2023-08-07T09:21:55","date_gmt":"2023-08-07T07:21:55","guid":{"rendered":"https:\/\/leocare.eu\/fr\/?page_id=17573"},"modified":"2026-04-07T16:52:18","modified_gmt":"2026-04-07T14:52:18","slug":"prix-au-km","status":"publish","type":"page","link":"https:\/\/leocare.eu\/fr\/assurance-auto-en-ligne\/electrique\/prix-au-km\/","title":{"rendered":"Combien co\u00fbte l\u2019assurance au kilom\u00e8tre d\u2019une voiture \u00e9lectrique ?"},"content":{"rendered":"\n<p>Avec la mise en place de la prime \u00e0 la conversion de plus en plus de fran\u00e7ais se tente \u00e0 acheter un v\u00e9hicule \u00e9l\u00e9ctrique mais quelle formule choisir pour l\u2019assurer ? Adapt\u00e9 pour les petits rouleurs ou les personnes voulant faire des \u00e9conomies. Aujourd\u2019hui on vous explique tout ce qu\u2019il faut savoir sur <a href=\"https:\/\/leocare.eu\/fr\/assurance-auto-en-ligne\/devis\/tarifs\/\">le prix de votre assurance auto au km<\/a> pour votre voiture \u00e9lectrique ou hybride.<\/p>\n\n\n\n<h2 class=\"wp-block-heading\" id=\"section-1\">Les diff\u00e9rentes formules d\u2019assurance pour votre v\u00e9hicule \u00e9lectrique<\/h2>\n\n\n\n<p>Que vous ayez une essence, diesel ou un v\u00e9hicule \u00e9lectrique les formules d\u2019assurances restent inchang\u00e9es. On vous explique les diff\u00e9rentes couvertures des compagnies d\u2019assurances :<\/p>\n\n\n\n<ul class=\"wp-block-list\">\n<li><a href=\"https:\/\/leocare.eu\/fr\/assurance-auto-en-ligne\/electrique\/tiers\/\">Que couvre l\u2019assurance voiture \u00e9lectrique au tiers<\/a>&nbsp;? Cette formule pr\u00e9sente dans (presque) toutes les compagnies est int\u00e9ressante pour son c\u00f4t\u00e9 \u00e9conomique. Effectivement, elle pr\u00e9sente le minimum l\u00e9gal impos\u00e9 par le code des assurances avec la garantie responsabilit\u00e9 civile (plus commun\u00e9ment appel\u00e9 RC)<\/li>\n\n\n\n<li>La formule tiers+ ou interm\u00e9diaire : Cette formule est comme son nom l\u2019indique un niveau interm\u00e9diaire entre le tiers simple et le tous risque. Elle pr\u00e9sente obligatoirement la responsabilit\u00e9 civile avec en plus la garantie vol incendie qui vous indemnise pour une tentative de vol, un incendie ou m\u00eame si votre voiture a \u00e9t\u00e9 vol\u00e9e et jamais retrouv\u00e9.<\/li>\n\n\n\n<li>La garantie bris de glace est \u00e9galement pr\u00e9sente dans cette formule ou m\u00eame temp\u00eate et catastrophe naturelle.L\u2019assurance tous risques elle prend l\u2019ensemble des d\u00e9g\u00e2ts que vous causez \u00e0 autrui mais \u00e9galement les accidents que vous pouvez vous provoquer vous-m\u00eame. Exemple : vous reculez et vous vous prenez malheureusement un poteau, l\u2019assurance tous risque prendra en charge avec la garantie dommage tous accidents (DTA).<\/li>\n<\/ul>\n\n\n\n<h2 class=\"wp-block-heading\" id=\"section-2\">L\u2019assurance pour les voitures \u00e9lectriques<\/h2>\n\n\n\n<p>Pour l\u2019<a href=\"https:\/\/leocare.eu\/fr\/assurance-auto-en-ligne\/electrique\/\">assurance voiture \u00e9lectrique<\/a>, m\u00eame si les formules restent les m\u00eames, il existe certaines garanties sp\u00e9cifiques qui sont \u00e0 privil\u00e9gier pour couvrir au maximum votre voiture \u00e9lectrique.<\/p>\n\n\n\n<p>Les garanties sp\u00e9cifiques sont l\u00e0 pour bien prot\u00e9ger votre v\u00e9hicule contre les accidents qui pourrait potentiellement arriver. Pour une voiture \u00e9lectrique, des sinistres sont propres aux v\u00e9hicules \u00e9lectriques comme la panne si votre batterie est d\u00e9charg\u00e9e. Pour \u00e9viter cela, nous vous conseillons de souscrire \u00e0 ces diff\u00e9rentes garanties :<\/p>\n\n\n\n<ul class=\"wp-block-list\">\n<li>L\u2019option valeur \u00e0 neuf : valable pendant une certaine dur\u00e9e apr\u00e8s l\u2019achat, elle vous permet d\u2019\u00eatre indemnis\u00e9s \u00e0 hauteur de la valeur de votre v\u00e9hicule suite \u00e0 un sinistre.<\/li>\n\n\n\n<li>L\u2019assistance 0km : permet d\u2019\u00eatre pris en charge en cas de panne par l\u2019assistance m\u00eame si vous \u00eates chez vous. Effectivement, comme son nom l\u2019indique, que vous soyez \u00e0 0km comme \u00e0 300km vous serez pris en charge.<\/li>\n\n\n\n<li>Le v\u00e9hicule de remplacement : souvent n\u00e9glig\u00e9s, cette garantie est pourtant indispensable apr\u00e8s une panne ou un sinistre\u2026 Elle vous permettra de b\u00e9n\u00e9ficier d\u2019un v\u00e9hicule de remplacement en attendant les r\u00e9parations de votre voiture.<\/li>\n\n\n\n<li>D\u00e9pendant du mode d\u2019achat de votre v\u00e9hicule \u00e9lectrique, vous pouvez ou non souscrire \u00e0 une assurance batterie ou demander \u00e0 votre assurance une extension de garantie pour qu\u2019elle soit couverte.<\/li>\n<\/ul>\n\n\n\n<h2 class=\"wp-block-heading\" id=\"section-3\">L\u2019assurance au kilom\u00e8tre pour payer que lorsque vous roulez<\/h2>\n\n\n\n<p>Si vous optez pour une assurance au kilom\u00e8tre vous paierez uniquement l\u2019utilisation r\u00e9elle de votre voiture. Si vous ne savez pas vraiment combien de kilom\u00e8tre vous parcourez dans l\u2019ann\u00e9e, l\u2019assurance au kilom\u00e8tre peut \u00eatre une bonne option pour vous. Cette assurance connect\u00e9e s\u2019adapte \u00e0 vos trajets, plus besoin de calculer \u00e0 la loupe combien de km vous parcourez ou de vous faire des frayeurs lorsque vous avez d\u00e9pass\u00e9 le forfait \u00e0 la fin de l\u2019ann\u00e9e. Lorsque vous souscrivez \u00e0 une assurance au kilom\u00e8tre, votre cotisation est divis\u00e9e par deux : une base fixe et une part variable bas\u00e9e sur le nombre r\u00e9el de kilom\u00e8tres parcourus. Votre cotisation est donc calcul\u00e9e au plus juste en toute autonomie.<br>Que vous fassiez 50 km ou 500 km dans le mois, votre mensualit\u00e9 s\u2019ajuste automatiquement. Et m\u00eame si vous n\u2019utilisez pas votre v\u00e9hicule dans le mois, vous ne paierez que la part fixe de votre cotisation !<\/p>\n\n\n\n<section class=\"wp-block-leocare-bon-a-savoir leocare-bas\"><div class=\"leocare-bas__head\"><img decoding=\"async\" class=\"leocare-bas__icon\" src=\"https:\/\/leocare.eu\/fr\/wp-content\/themes\/leocare-new\/assets\/img\/icon-alert-purple.svg\" alt=\"icon alerte\"\/><h3 class=\"leocare-bas__title\">Bon \u00e0 savoir<\/h3><\/div><div class=\"leocare-bas__content\">\n<p>Si vous roulez peu, l&rsquo;<a href=\"https:\/\/leocare.eu\/fr\/assurance-auto-en-ligne\/couverture\/formules\/specifiques\/au-km\/petit-rouleur\/\">assurance auto pour petit rouleur<\/a> est une bonne option pour faire (encore) plus d&rsquo;\u00e9conomies.<\/p>\n<\/div><\/section>\n\n\n\n<h3 class=\"wp-block-heading\">Comment \u00e7a marche ?<\/h3>\n\n\n\n<p>Lorsque vous souscrivez \u00e0 une assurance au kilom\u00e8tre, votre compagnie installera dans votre v\u00e9hicule un bo\u00eetier connect\u00e9 qui calculera en temps et en heure le nombre de kilom\u00e8tres parcourus et ajustera votre prime d\u2019assurance en fonction.<br>Ce syst\u00e8me peut faire peur au premier abord, car vous serez suivie en permanence par votre assureur, mais tout cela est encadr\u00e9 par la CNIL qui garantit la protection de vos donn\u00e9es.<\/p>\n\n\n\n<h3 class=\"wp-block-heading\">Pour qui ?<\/h3>\n\n\n\n<p>L\u2019assurance voiture au kilom\u00e8tre est recommand\u00e9e pour les conducteurs dont l\u2019usage de la voiture est assez limit\u00e9. Si vous roulez plus de 15 000 km par an, une formule classique sera plus avantageuse. En revanche, si vous souhaitez adapter votre cotisation en fonction de la distance parcourue, cette option est faite pour vous.<\/p>\n\n\n\n<p>On peut distinguer 3 types de profils :<\/p>\n\n\n\n<ul class=\"wp-block-list\">\n<li>Les jeunes conducteurs qui utilisent g\u00e9n\u00e9ralement moins leur v\u00e9hicule.<\/li>\n\n\n\n<li>Les automobilistes seniors<\/li>\n\n\n\n<li>Les personnes ayant un 2nd v\u00e9hicules<\/li>\n<\/ul>\n\n\n\n<h3 class=\"wp-block-heading\">Quels v\u00e9hicules choisir pour payer moins cher son assurance ?<\/h3>\n\n\n\n<p>Assurer une voiture \u00e9lectrique est g\u00e9n\u00e9ralement moins cher que d\u2019assurer un v\u00e9hicule dit \u201cnormal\u201d. M\u00eame si \u00e0 l\u2019achat elle est g\u00e9n\u00e9ralement plus ch\u00e8re, son co\u00fbt reviendra \u00e0 moins cher dans les futures ann\u00e9es et ceux m\u00eame avec l\u2019augmentation de l\u2019\u00e9lectricit\u00e9. Les comparateurs d\u2019assurances le prouvent. Mais alors&nbsp;<a href=\"https:\/\/leocare.eu\/fr\/assurance-auto-en-ligne\/electrique\/voiture-moins-cher-a-assurer\/\">quelle voiture \u00e9lectrique co\u00fbte le moins cher en assurance<\/a>&nbsp;? Pour faire des \u00e9conomies, nous ne vous conseillons pas de vous diriger directement vers une Tesla, mais plut\u00f4t une Peugeot 208 II ou une Renault Zo\u00e9.<\/p>\n","protected":false},"excerpt":{"rendered":"<p>Avec la mise en place de la prime \u00e0 la conversion de plus en plus de fran\u00e7ais se tente \u00e0 acheter un v\u00e9hicule \u00e9l\u00e9ctrique mais quelle formule choisir pour l\u2019assurer ? Adapt\u00e9 pour les petits rouleurs ou les personnes voulant faire des \u00e9conomies. Aujourd\u2019hui on vous explique tout ce qu\u2019il faut savoir sur le prix [&hellip;]<\/p>\n","protected":false},"author":34,"featured_media":17387,"parent":17436,"menu_order":0,"comment_status":"closed","ping_status":"closed","template":"template_seo.php","meta":{"_acf_changed":false,"footnotes":""},"class_list":["post-17573","page","type-page","status-publish","has-post-thumbnail","hentry"],"acf":[],"yoast_head":"<!-- This site is optimized with the Yoast SEO plugin v27.3 - https:\/\/yoast.com\/product\/yoast-seo-wordpress\/ -->\n<title>Quel prix pour l\u2019assurance d\u2019une voiture \u00e9lectrique au km ?<\/title>\n<meta name=\"description\" content=\"D\u00e9couvrez exactement combien co\u00fbte l&#039;assurance au kilom\u00e8tre pour une voiture \u00e9lectrique. Faites le choix \u00e9clair\u00e9. Cliquez maintenant pour en savoir plus.\" \/>\n<meta name=\"robots\" content=\"index, follow, max-snippet:-1, max-image-preview:large, max-video-preview:-1\" \/>\n<link rel=\"canonical\" href=\"https:\/\/leocare.eu\/fr\/assurance-auto-en-ligne\/electrique\/prix-au-km\/\" \/>\n<meta property=\"og:locale\" content=\"fr_FR\" \/>\n<meta property=\"og:type\" content=\"article\" \/>\n<meta property=\"og:title\" content=\"Quel prix pour l\u2019assurance d\u2019une voiture \u00e9lectrique au km ?\" \/>\n<meta property=\"og:description\" content=\"D\u00e9couvrez exactement combien co\u00fbte l&#039;assurance au kilom\u00e8tre pour une voiture \u00e9lectrique. Faites le choix \u00e9clair\u00e9. Cliquez maintenant pour en savoir plus.\" \/>\n<meta property=\"og:url\" content=\"https:\/\/leocare.eu\/fr\/assurance-auto-en-ligne\/electrique\/prix-au-km\/\" \/>\n<meta property=\"og:site_name\" content=\"Leocare, assurance en ligne automobile et habitation\" \/>\n<meta property=\"article:modified_time\" content=\"2026-04-07T14:52:18+00:00\" \/>\n<meta property=\"og:image\" content=\"https:\/\/leocare.eu\/fr\/wp-content\/uploads\/2021\/01\/combien-coute-assurance-voiture-electrique-au-kilometre.jpg\" \/>\n\t<meta property=\"og:image:width\" content=\"1900\" \/>\n\t<meta property=\"og:image:height\" content=\"1200\" \/>\n\t<meta property=\"og:image:type\" content=\"image\/jpeg\" \/>\n<meta name=\"twitter:card\" content=\"summary_large_image\" \/>\n<meta name=\"twitter:label1\" content=\"Dur\u00e9e de lecture estim\u00e9e\" \/>\n\t<meta name=\"twitter:data1\" content=\"5 minutes\" \/>\n<!-- \/ Yoast SEO plugin. -->","yoast_head_json":{"title":"Quel prix pour l\u2019assurance d\u2019une voiture \u00e9lectrique au km ?","description":"D\u00e9couvrez exactement combien co\u00fbte l'assurance au kilom\u00e8tre pour une voiture \u00e9lectrique. Faites le choix \u00e9clair\u00e9. Cliquez maintenant pour en savoir plus.","robots":{"index":"index","follow":"follow","max-snippet":"max-snippet:-1","max-image-preview":"max-image-preview:large","max-video-preview":"max-video-preview:-1"},"canonical":"https:\/\/leocare.eu\/fr\/assurance-auto-en-ligne\/electrique\/prix-au-km\/","og_locale":"fr_FR","og_type":"article","og_title":"Quel prix pour l\u2019assurance d\u2019une voiture \u00e9lectrique au km ?","og_description":"D\u00e9couvrez exactement combien co\u00fbte l'assurance au kilom\u00e8tre pour une voiture \u00e9lectrique. Faites le choix \u00e9clair\u00e9. Cliquez maintenant pour en savoir plus.","og_url":"https:\/\/leocare.eu\/fr\/assurance-auto-en-ligne\/electrique\/prix-au-km\/","og_site_name":"Leocare, assurance en ligne automobile et habitation","article_modified_time":"2026-04-07T14:52:18+00:00","og_image":[{"width":1900,"height":1200,"url":"https:\/\/leocare.eu\/fr\/wp-content\/uploads\/2021\/01\/combien-coute-assurance-voiture-electrique-au-kilometre.jpg","type":"image\/jpeg"}],"twitter_card":"summary_large_image","twitter_misc":{"Dur\u00e9e de lecture estim\u00e9e":"5 minutes"},"schema":{"@context":"https:\/\/schema.org","@graph":[{"@type":"WebPage","@id":"https:\/\/leocare.eu\/fr\/assurance-auto-en-ligne\/electrique\/prix-au-km\/","url":"https:\/\/leocare.eu\/fr\/assurance-auto-en-ligne\/electrique\/prix-au-km\/","name":"Quel prix pour l\u2019assurance d\u2019une voiture \u00e9lectrique au km ?","isPartOf":{"@id":"https:\/\/leocare.eu\/fr\/#website"},"primaryImageOfPage":{"@id":"https:\/\/leocare.eu\/fr\/assurance-auto-en-ligne\/electrique\/prix-au-km\/#primaryimage"},"image":{"@id":"https:\/\/leocare.eu\/fr\/assurance-auto-en-ligne\/electrique\/prix-au-km\/#primaryimage"},"thumbnailUrl":"https:\/\/leocare.eu\/fr\/wp-content\/uploads\/2021\/01\/combien-coute-assurance-voiture-electrique-au-kilometre.jpg","datePublished":"2023-08-07T07:21:55+00:00","dateModified":"2026-04-07T14:52:18+00:00","description":"D\u00e9couvrez exactement combien co\u00fbte l'assurance au kilom\u00e8tre pour une voiture \u00e9lectrique. Faites le choix \u00e9clair\u00e9. Cliquez maintenant pour en savoir plus.","breadcrumb":{"@id":"https:\/\/leocare.eu\/fr\/assurance-auto-en-ligne\/electrique\/prix-au-km\/#breadcrumb"},"inLanguage":"fr-FR","potentialAction":[{"@type":"ReadAction","target":["https:\/\/leocare.eu\/fr\/assurance-auto-en-ligne\/electrique\/prix-au-km\/"]}]},{"@type":"ImageObject","inLanguage":"fr-FR","@id":"https:\/\/leocare.eu\/fr\/assurance-auto-en-ligne\/electrique\/prix-au-km\/#primaryimage","url":"https:\/\/leocare.eu\/fr\/wp-content\/uploads\/2021\/01\/combien-coute-assurance-voiture-electrique-au-kilometre.jpg","contentUrl":"https:\/\/leocare.eu\/fr\/wp-content\/uploads\/2021\/01\/combien-coute-assurance-voiture-electrique-au-kilometre.jpg","width":1900,"height":1200,"caption":"prix assurance voiture \u00e9lectrique au km"},{"@type":"WebSite","@id":"https:\/\/leocare.eu\/fr\/#website","url":"https:\/\/leocare.eu\/fr\/","name":"Leocare, assurance en ligne automobile et habitation","description":"enfin (r)assur\u00e9.e","publisher":{"@id":"https:\/\/leocare.eu\/fr\/#organization"},"potentialAction":[{"@type":"SearchAction","target":{"@type":"EntryPoint","urlTemplate":"https:\/\/leocare.eu\/fr\/?s={search_term_string}"},"query-input":{"@type":"PropertyValueSpecification","valueRequired":true,"valueName":"search_term_string"}}],"inLanguage":"fr-FR"},{"@type":"Organization","@id":"https:\/\/leocare.eu\/fr\/#organization","name":"Leocare, assurance en ligne automobile et habitation","url":"https:\/\/leocare.eu\/fr\/","logo":{"@type":"ImageObject","inLanguage":"fr-FR","@id":"https:\/\/leocare.eu\/fr\/#\/schema\/logo\/image\/","url":"https:\/\/leocare.eu\/fr\/wp-content\/uploads\/2020\/03\/logo-leocare.svg","contentUrl":"https:\/\/leocare.eu\/fr\/wp-content\/uploads\/2020\/03\/logo-leocare.svg","caption":"Leocare, assurance en ligne automobile et habitation"},"image":{"@id":"https:\/\/leocare.eu\/fr\/#\/schema\/logo\/image\/"}}]}},"_links":{"self":[{"href":"https:\/\/leocare.eu\/fr\/wp-json\/wp\/v2\/pages\/17573","targetHints":{"allow":["GET"]}}],"collection":[{"href":"https:\/\/leocare.eu\/fr\/wp-json\/wp\/v2\/pages"}],"about":[{"href":"https:\/\/leocare.eu\/fr\/wp-json\/wp\/v2\/types\/page"}],"author":[{"embeddable":true,"href":"https:\/\/leocare.eu\/fr\/wp-json\/wp\/v2\/users\/34"}],"replies":[{"embeddable":true,"href":"https:\/\/leocare.eu\/fr\/wp-json\/wp\/v2\/comments?post=17573"}],"version-history":[{"count":12,"href":"https:\/\/leocare.eu\/fr\/wp-json\/wp\/v2\/pages\/17573\/revisions"}],"predecessor-version":[{"id":36560,"href":"https:\/\/leocare.eu\/fr\/wp-json\/wp\/v2\/pages\/17573\/revisions\/36560"}],"up":[{"embeddable":true,"href":"https:\/\/leocare.eu\/fr\/wp-json\/wp\/v2\/pages\/17436"}],"wp:featuredmedia":[{"embeddable":true,"href":"https:\/\/leocare.eu\/fr\/wp-json\/wp\/v2\/media\/17387"}],"wp:attachment":[{"href":"https:\/\/leocare.eu\/fr\/wp-json\/wp\/v2\/media?parent=17573"}],"curies":[{"name":"wp","href":"https:\/\/api.w.org\/{rel}","templated":true}]}}