{"id":17565,"date":"2023-08-07T09:03:53","date_gmt":"2023-08-07T07:03:53","guid":{"rendered":"https:\/\/leocare.eu\/fr\/?page_id=17565"},"modified":"2026-04-07T16:52:18","modified_gmt":"2026-04-07T14:52:18","slug":"refus","status":"publish","type":"page","link":"https:\/\/leocare.eu\/fr\/assurance-auto-en-ligne\/electrique\/refus\/","title":{"rendered":"Comment faire si aucune assurance ne souhaite assurer votre voiture \u00e9lectrique ?"},"content":{"rendered":"\n<p>Nous le savons, trouver une assurance peut \u00eatre une vraie prise de t\u00eate pour certains, alors si en plus votre profil ne correspond pas \u00e0 l&rsquo;assurance voulue, c&rsquo;est encore pire\u2026 Nous devons d\u00e9j\u00e0 faire le choix entre une voiture essence ou diesel, mais aussi hybride ou \u00e9lectrique. Avec l&rsquo;essor des v\u00e9hicules \u00e9lectriques, certaines compagnies peuvent refuser d&rsquo;assurer votre v\u00e9hicule \u00e9lectrique. Leocare vous dit tout dans cet article&#8230;<\/p>\n\n\n\n<h2 class=\"wp-block-heading\" id=\"section-1\">Pourquoi mon assurance ne veut pas m\u2019assurer ?<\/h2>\n\n\n\n<p>Contrairement \u00e0 ce qu\u2019on pourrait penser, la r\u00e9siliation d\u2019un contrat d\u2019<a href=\"https:\/\/leocare.eu\/fr\/assurance-auto-en-ligne\/electrique\/\">assurance pour voiture \u00e9lectrique<\/a>, n\u2019est pas forc\u00e9ment \u00e0 l\u2019initiative de l\u2019assur\u00e9\u2026 Il peut \u00e9galement \u00eatre de la part de l\u2019assureur et ceux pour plusieurs raisons :<\/p>\n\n\n\n<ul class=\"wp-block-list\">\n<li>Une sinistralit\u00e9 trop importante\u2026 Et oui m\u00eame si vous n\u2019avez eu que 3 bris de glace, si ces derniers sont survenus sur une courte p\u00e9riode par exemple, votre compagnie d\u2019assurance est en droit de r\u00e9silier le contrat.<\/li>\n\n\n\n<li>Si vous n\u2019\u00eates pas \u00e0 jour dans vos paiements\u2026 Lorsque vous avez un contrat d\u2019assurance, vous choisissez de payer par mois, ann\u00e9e ou trimestre mais si vous n\u2019honorez pas cette prime vous \u00eates en d\u00e9faut de paiement. Il y a plusieurs stades, apr\u00e8s le d\u00e9faut de paiement vous recevez une mise en demeure sans r\u00e8glement de votre part puis votre contrat sera r\u00e9sili\u00e9.<\/li>\n\n\n\n<li>L\u2019aggravation de vos risques, une assurance couvre un risque pr\u00e9d\u00e9fini, si ce risque change, votre compagnie peut alors choisir entre r\u00e9\u00e9valuer votre cotisation ou r\u00e9silier votre contrat.<\/li>\n\n\n\n<li>La r\u00e9siliation pour fausses d\u00e9clarations, qu\u2019elle soit volontaire ou non, si vous ne d\u00e9clarez pas pr\u00e9cis\u00e9ment un accident par exemple ou votre coefficient bonus\/malus. Votre assureur a le droit de mettre fin \u00e0 votre contrat pour fausse d\u00e9claration. Alors veuillez \u00e0 d\u00e9clarer l\u2019ensemble de vos sinistres, que les dommages soient corporels ou mat\u00e9riels ou autres\u2026<\/li>\n<\/ul>\n\n\n\n<div class=\"bon-a-savoir\">\n\n\n\n<h3 class=\"wp-block-heading\">Comment prendre une assurance voiture \u00e9lectrique pour quelqu\u2019un d\u2019autre ?<\/h3>\n\n\n\n<p>Une assurance auto est pour un bien pas une personne. Une voiture ne peut pas avoir deux assurances, mais si vous avez le consentement du propri\u00e9taire&nbsp;<a href=\"https:\/\/leocare.eu\/fr\/assurance-auto-en-ligne\/electrique\/souscription-pour-tiers\/\">vous pouvez tout \u00e0 fait assurer sa voiture \u00e9lectrique<\/a>. Il faut simplement agir en toute transparence avec l\u2019assurance et bien indiqu\u00e9 que vous n\u2019\u00eates pas le propri\u00e9taire et bien d\u00e9clarer les informations de la voiture et du propri\u00e9taire.<\/p>\n\n\n\n<\/div>\n\n\n\n<h2 class=\"wp-block-heading\" id=\"section-2\">Comment trouver une assurance adapt\u00e9e pour votre voiture \u00e9lectrique ?<\/h2>\n\n\n\n<p>Avec toutes les assurances existantes aujourd\u2019hui, il est souvent difficile de trouver LA compagnie pour notre voiture.&nbsp;<a href=\"https:\/\/leocare.eu\/fr\/assurance-auto-en-ligne\/electrique\/certificat-assurance-perdu\/\">Que faire en cas de perte d\u2019assurance pour votre voiture \u00e9lectrique<\/a>&nbsp;? Les comparateurs d\u2019assurances peuvent vous aider \u00e0 trouver l\u2019assurance qui vous convient. Mais nous allons vous aider \u00e0 trouver l\u2019assurance pour votre voiture \u00e9lectrique. Si votre assurance habituelle ne veut pas assurer votre nouveau v\u00e9hicule \u00e9lectrique, vous pouvez :<\/p>\n\n\n\n<ul class=\"wp-block-list\">\n<li>Rechercher des assureurs sp\u00e9cialis\u00e9s dans la couverture des v\u00e9hicules \u00e9lectriques. Vous pouvez faire des recherches pour identifier ces compagnies et demandez des devis pour comparer les offres. Privil\u00e9gier un assureur<\/li>\n\n\n\n<li>sp\u00e9cialis\u00e9 peut vous permettre d\u2019avoir des garanties exclusives comme pour votre borne de recharge ou la panne \u00e9lectrique.<\/li>\n\n\n\n<li>Contacter votre constructeur automobile, ils ont souvent des partenariats avec des assurances ou peuvent proposer leurs propres assurances.<\/li>\n\n\n\n<li>Allez voir les courtiers en assurance, ils ont souvent acc\u00e8s \u00e0 un large panel de compagnie d\u2019assurances et pourront s\u00fbrement vous trouver une couverture adapt\u00e9e \u00e0 vos besoins et \u00e0 votre voiture \u00e9lectrique.<\/li>\n<\/ul>\n\n\n\n<p>Si aucune assurance ne veut vous assurer, il existe une derni\u00e8re solution : faire appel au Bureau central de tarification (ou BCT). Le Bureau Central de Tarification est un organisme qui est d\u00e9sign\u00e9 pour les personnes ayant \u00e9t\u00e9 refus\u00e9 par leur assureur \u00e0 trouver une assurance qui va les accepter au minimum l\u00e9gal donc en responsabilit\u00e9 civile aux tiers. Cette autorit\u00e9 administrative a pour but de viser les int\u00e9r\u00eats des automobilistes.<\/p>\n\n\n\n<p>Avant de saisir la BTC :<\/p>\n\n\n\n<p>Vous devez demander \u00e0 la compagnie de vous envoyer deux exemplaires de l\u2019imprim\u00e9 intitul\u00e9 \u201cproposition d\u2019assurance\u201d.<br>Envoyer une au si\u00e8ge social de l\u2019assurance un exemplaire compl\u00e9t\u00e9 en recommand\u00e9 avec accus\u00e9 de r\u00e9ception en joignant au courrier votre dernier relev\u00e9 d\u2019information, permis de conduire et carte grise. Il faut explicitement demander un devis.<\/p>\n\n\n\n<p>Si malgr\u00e9 \u00e7a, la compagnie ne veut pas vous assurer, vous pouvez saisir la BCT. Il suffit d\u2019envoyer un courrier par lettre recommand\u00e9e avec accus\u00e9 de r\u00e9ception ou par recommand\u00e9 \u00e9lectronique avec en pi\u00e8ces jointes les documents suivants :<\/p>\n\n\n\n<ul class=\"wp-block-list\">\n<li>Le 2\u00e8me exemplaire compl\u00e9t\u00e9 du document \u201cproposition d\u2019assurance\u201d<\/li>\n\n\n\n<li>L\u2019accus\u00e9 de r\u00e9ception par l\u2019assurance du courrier que vous lui avez adress\u00e9<\/li>\n\n\n\n<li>Le devis de l\u2019assurance et sa lettre de refus<\/li>\n\n\n\n<li>Une copie de votre carte grise et votre permis de conduire<\/li>\n\n\n\n<li>Votre dernier relev\u00e9 d\u2019information<\/li>\n\n\n\n<li>Dernier avis d\u2019\u00e9ch\u00e9ance de votre contrat<\/li>\n\n\n\n<li>Si vous avez \u00e9t\u00e9 condamn\u00e9 pour conduite sous l\u2019emprise de substances interdites, il faut \u00e9galement joindre une copie de la d\u00e9cision judiciaire.<\/li>\n<\/ul>\n\n\n\n<h2 class=\"wp-block-heading\" id=\"section-3\">Et pour un jeune conducteur ?<\/h2>\n\n\n\n<p>Lorsqu\u2019on est jeune conducteur on a souvent envie de faire des \u00e9conomies et surtout pas envie de d\u00e9penser notre argent dans une assurance. Mais&nbsp;<a href=\"https:\/\/leocare.eu\/fr\/assurance-auto-en-ligne\/electrique\/voiture-moins-chere-jeune-conducteur\/\">quelle voiture \u00e9lectrique co\u00fbte le moins cher en assurance pour un jeune conducteur<\/a>&nbsp;?<\/p>\n\n\n\n<p>La Nissan Leaf est l\u2019une des voitures \u00e9lectriques les plus populaires en 2023 avec son prix abordable. Elle peut \u00eatre moins ch\u00e8re \u00e0 assurer pour les jeunes conducteurs avec son co\u00fbt de r\u00e9paration relativement faible.<br>La Renault ZOE souvent consid\u00e9r\u00e9e comme une option \u00e9conomique chez les jeunes.<br>Smart EQ ForTwo avec sa petite taille et de son faible co\u00fbt de r\u00e9paration, elle peut \u00e9galement \u00eatre une option abordable en mati\u00e8re d\u2019assurance pour les jeunes conducteurs.<\/p>\n\n\n\n<p>N\u2019oubliez pas que pour \u00eatre couvert au maximum, il est pr\u00e9f\u00e9rable d\u2019opter pour une formule tous risque pour b\u00e9n\u00e9ficier de la garantie dommages tous accidents. Cela vous permettra d\u2019\u00eatre indemnis\u00e9s dans le maximum de situation.<\/p>\n","protected":false},"excerpt":{"rendered":"<p>Nous le savons, trouver une assurance peut \u00eatre une vraie prise de t\u00eate pour certains, alors si en plus votre profil ne correspond pas \u00e0 l&rsquo;assurance voulue, c&rsquo;est encore pire\u2026 Nous devons d\u00e9j\u00e0 faire le choix entre une voiture essence ou diesel, mais aussi hybride ou \u00e9lectrique. Avec l&rsquo;essor des v\u00e9hicules \u00e9lectriques, certaines compagnies peuvent [&hellip;]<\/p>\n","protected":false},"author":34,"featured_media":17385,"parent":17436,"menu_order":0,"comment_status":"closed","ping_status":"closed","template":"template_seo.php","meta":{"_acf_changed":false,"footnotes":""},"class_list":["post-17565","page","type-page","status-publish","has-post-thumbnail","hentry"],"acf":[],"yoast_head":"<!-- This site is optimized with the Yoast SEO plugin v27.3 - https:\/\/yoast.com\/product\/yoast-seo-wordpress\/ -->\n<title>Refus d\u2019assurance de ma voiture \u00e9lectrique : que faire ?<\/title>\n<meta name=\"description\" content=\"Pas d&#039;assurance pour votre voiture \u00e9lectrique? Ne paniquez pas! Suivez nos conseils pour trouver la meilleure solution. Cliquez maintenant pour en savoir plus.\" \/>\n<meta name=\"robots\" content=\"index, follow, max-snippet:-1, max-image-preview:large, max-video-preview:-1\" \/>\n<link rel=\"canonical\" href=\"https:\/\/leocare.eu\/fr\/assurance-auto-en-ligne\/electrique\/refus\/\" \/>\n<meta property=\"og:locale\" content=\"fr_FR\" \/>\n<meta property=\"og:type\" content=\"article\" \/>\n<meta property=\"og:title\" content=\"Refus d\u2019assurance de ma voiture \u00e9lectrique : que faire ?\" \/>\n<meta property=\"og:description\" content=\"Pas d&#039;assurance pour votre voiture \u00e9lectrique? Ne paniquez pas! Suivez nos conseils pour trouver la meilleure solution. Cliquez maintenant pour en savoir plus.\" \/>\n<meta property=\"og:url\" content=\"https:\/\/leocare.eu\/fr\/assurance-auto-en-ligne\/electrique\/refus\/\" \/>\n<meta property=\"og:site_name\" content=\"Leocare, assurance en ligne automobile et habitation\" \/>\n<meta property=\"article:modified_time\" content=\"2026-04-07T14:52:18+00:00\" \/>\n<meta property=\"og:image\" content=\"https:\/\/leocare.eu\/fr\/wp-content\/uploads\/2021\/01\/aucune-assurance-veut-assurer-voiture-electrique.jpg\" \/>\n\t<meta property=\"og:image:width\" content=\"1900\" \/>\n\t<meta property=\"og:image:height\" content=\"1200\" \/>\n\t<meta property=\"og:image:type\" content=\"image\/jpeg\" \/>\n<meta name=\"twitter:card\" content=\"summary_large_image\" \/>\n<meta name=\"twitter:label1\" content=\"Dur\u00e9e de lecture estim\u00e9e\" \/>\n\t<meta name=\"twitter:data1\" content=\"5 minutes\" \/>\n<!-- \/ Yoast SEO plugin. -->","yoast_head_json":{"title":"Refus d\u2019assurance de ma voiture \u00e9lectrique : que faire ?","description":"Pas d'assurance pour votre voiture \u00e9lectrique? Ne paniquez pas! Suivez nos conseils pour trouver la meilleure solution. Cliquez maintenant pour en savoir plus.","robots":{"index":"index","follow":"follow","max-snippet":"max-snippet:-1","max-image-preview":"max-image-preview:large","max-video-preview":"max-video-preview:-1"},"canonical":"https:\/\/leocare.eu\/fr\/assurance-auto-en-ligne\/electrique\/refus\/","og_locale":"fr_FR","og_type":"article","og_title":"Refus d\u2019assurance de ma voiture \u00e9lectrique : que faire ?","og_description":"Pas d'assurance pour votre voiture \u00e9lectrique? Ne paniquez pas! Suivez nos conseils pour trouver la meilleure solution. Cliquez maintenant pour en savoir plus.","og_url":"https:\/\/leocare.eu\/fr\/assurance-auto-en-ligne\/electrique\/refus\/","og_site_name":"Leocare, assurance en ligne automobile et habitation","article_modified_time":"2026-04-07T14:52:18+00:00","og_image":[{"width":1900,"height":1200,"url":"https:\/\/leocare.eu\/fr\/wp-content\/uploads\/2021\/01\/aucune-assurance-veut-assurer-voiture-electrique.jpg","type":"image\/jpeg"}],"twitter_card":"summary_large_image","twitter_misc":{"Dur\u00e9e de lecture estim\u00e9e":"5 minutes"},"schema":{"@context":"https:\/\/schema.org","@graph":[{"@type":"WebPage","@id":"https:\/\/leocare.eu\/fr\/assurance-auto-en-ligne\/electrique\/refus\/","url":"https:\/\/leocare.eu\/fr\/assurance-auto-en-ligne\/electrique\/refus\/","name":"Refus d\u2019assurance de ma voiture \u00e9lectrique : que faire ?","isPartOf":{"@id":"https:\/\/leocare.eu\/fr\/#website"},"primaryImageOfPage":{"@id":"https:\/\/leocare.eu\/fr\/assurance-auto-en-ligne\/electrique\/refus\/#primaryimage"},"image":{"@id":"https:\/\/leocare.eu\/fr\/assurance-auto-en-ligne\/electrique\/refus\/#primaryimage"},"thumbnailUrl":"https:\/\/leocare.eu\/fr\/wp-content\/uploads\/2021\/01\/aucune-assurance-veut-assurer-voiture-electrique.jpg","datePublished":"2023-08-07T07:03:53+00:00","dateModified":"2026-04-07T14:52:18+00:00","description":"Pas d'assurance pour votre voiture \u00e9lectrique? Ne paniquez pas! Suivez nos conseils pour trouver la meilleure solution. Cliquez maintenant pour en savoir plus.","breadcrumb":{"@id":"https:\/\/leocare.eu\/fr\/assurance-auto-en-ligne\/electrique\/refus\/#breadcrumb"},"inLanguage":"fr-FR","potentialAction":[{"@type":"ReadAction","target":["https:\/\/leocare.eu\/fr\/assurance-auto-en-ligne\/electrique\/refus\/"]}]},{"@type":"ImageObject","inLanguage":"fr-FR","@id":"https:\/\/leocare.eu\/fr\/assurance-auto-en-ligne\/electrique\/refus\/#primaryimage","url":"https:\/\/leocare.eu\/fr\/wp-content\/uploads\/2021\/01\/aucune-assurance-veut-assurer-voiture-electrique.jpg","contentUrl":"https:\/\/leocare.eu\/fr\/wp-content\/uploads\/2021\/01\/aucune-assurance-veut-assurer-voiture-electrique.jpg","width":1900,"height":1200,"caption":"assurance voiture \u00e9lectrique"},{"@type":"WebSite","@id":"https:\/\/leocare.eu\/fr\/#website","url":"https:\/\/leocare.eu\/fr\/","name":"Leocare, assurance en ligne automobile et habitation","description":"enfin (r)assur\u00e9.e","publisher":{"@id":"https:\/\/leocare.eu\/fr\/#organization"},"potentialAction":[{"@type":"SearchAction","target":{"@type":"EntryPoint","urlTemplate":"https:\/\/leocare.eu\/fr\/?s={search_term_string}"},"query-input":{"@type":"PropertyValueSpecification","valueRequired":true,"valueName":"search_term_string"}}],"inLanguage":"fr-FR"},{"@type":"Organization","@id":"https:\/\/leocare.eu\/fr\/#organization","name":"Leocare, assurance en ligne automobile et habitation","url":"https:\/\/leocare.eu\/fr\/","logo":{"@type":"ImageObject","inLanguage":"fr-FR","@id":"https:\/\/leocare.eu\/fr\/#\/schema\/logo\/image\/","url":"https:\/\/leocare.eu\/fr\/wp-content\/uploads\/2020\/03\/logo-leocare.svg","contentUrl":"https:\/\/leocare.eu\/fr\/wp-content\/uploads\/2020\/03\/logo-leocare.svg","caption":"Leocare, assurance en ligne automobile et habitation"},"image":{"@id":"https:\/\/leocare.eu\/fr\/#\/schema\/logo\/image\/"}}]}},"_links":{"self":[{"href":"https:\/\/leocare.eu\/fr\/wp-json\/wp\/v2\/pages\/17565","targetHints":{"allow":["GET"]}}],"collection":[{"href":"https:\/\/leocare.eu\/fr\/wp-json\/wp\/v2\/pages"}],"about":[{"href":"https:\/\/leocare.eu\/fr\/wp-json\/wp\/v2\/types\/page"}],"author":[{"embeddable":true,"href":"https:\/\/leocare.eu\/fr\/wp-json\/wp\/v2\/users\/34"}],"replies":[{"embeddable":true,"href":"https:\/\/leocare.eu\/fr\/wp-json\/wp\/v2\/comments?post=17565"}],"version-history":[{"count":11,"href":"https:\/\/leocare.eu\/fr\/wp-json\/wp\/v2\/pages\/17565\/revisions"}],"predecessor-version":[{"id":29329,"href":"https:\/\/leocare.eu\/fr\/wp-json\/wp\/v2\/pages\/17565\/revisions\/29329"}],"up":[{"embeddable":true,"href":"https:\/\/leocare.eu\/fr\/wp-json\/wp\/v2\/pages\/17436"}],"wp:featuredmedia":[{"embeddable":true,"href":"https:\/\/leocare.eu\/fr\/wp-json\/wp\/v2\/media\/17385"}],"wp:attachment":[{"href":"https:\/\/leocare.eu\/fr\/wp-json\/wp\/v2\/media?parent=17565"}],"curies":[{"name":"wp","href":"https:\/\/api.w.org\/{rel}","templated":true}]}}