{"id":17514,"date":"2023-08-05T00:59:08","date_gmt":"2023-08-04T22:59:08","guid":{"rendered":"https:\/\/leocare.eu\/fr\/?page_id=17514"},"modified":"2026-02-03T14:44:35","modified_gmt":"2026-02-03T13:44:35","slug":"parrainage","status":"publish","type":"page","link":"https:\/\/leocare.eu\/fr\/parrainage\/","title":{"rendered":"Parrainage"},"content":{"rendered":"","protected":false},"excerpt":{"rendered":"","protected":false},"author":4,"featured_media":0,"parent":0,"menu_order":0,"comment_status":"closed","ping_status":"closed","template":"template_parrainage.php","meta":{"_acf_changed":false,"footnotes":""},"class_list":["post-17514","page","type-page","status-publish","hentry"],"acf":[],"yoast_head":"<!-- This site is optimized with the Yoast SEO plugin v27.3 - https:\/\/yoast.com\/product\/yoast-seo-wordpress\/ -->\n<title>Parrainage<\/title>\n<meta name=\"description\" content=\"Parrainez vos proches et b\u00e9n\u00e9ficiez d&#039;avantages exclusifs. D\u00e9couvrez notre programme de parrainage et partagez les b\u00e9n\u00e9fices.\" \/>\n<meta name=\"robots\" content=\"index, follow, max-snippet:-1, max-image-preview:large, max-video-preview:-1\" \/>\n<link rel=\"canonical\" href=\"https:\/\/leocare.eu\/fr\/parrainage\/\" \/>\n<meta property=\"og:locale\" content=\"fr_FR\" \/>\n<meta property=\"og:type\" content=\"article\" \/>\n<meta property=\"og:title\" content=\"Parrainage\" \/>\n<meta property=\"og:description\" content=\"Parrainez vos proches et b\u00e9n\u00e9ficiez d&#039;avantages exclusifs. D\u00e9couvrez notre programme de parrainage et partagez les b\u00e9n\u00e9fices.\" \/>\n<meta property=\"og:url\" content=\"https:\/\/leocare.eu\/fr\/parrainage\/\" \/>\n<meta property=\"og:site_name\" content=\"Leocare, assurance en ligne automobile et habitation\" \/>\n<meta property=\"article:modified_time\" content=\"2026-02-03T13:44:35+00:00\" \/>\n<meta name=\"twitter:card\" content=\"summary_large_image\" \/>\n<!-- \/ Yoast SEO plugin. -->","yoast_head_json":{"title":"Parrainage","description":"Parrainez vos proches et b\u00e9n\u00e9ficiez d'avantages exclusifs. D\u00e9couvrez notre programme de parrainage et partagez les b\u00e9n\u00e9fices.","robots":{"index":"index","follow":"follow","max-snippet":"max-snippet:-1","max-image-preview":"max-image-preview:large","max-video-preview":"max-video-preview:-1"},"canonical":"https:\/\/leocare.eu\/fr\/parrainage\/","og_locale":"fr_FR","og_type":"article","og_title":"Parrainage","og_description":"Parrainez vos proches et b\u00e9n\u00e9ficiez d'avantages exclusifs. D\u00e9couvrez notre programme de parrainage et partagez les b\u00e9n\u00e9fices.","og_url":"https:\/\/leocare.eu\/fr\/parrainage\/","og_site_name":"Leocare, assurance en ligne automobile et habitation","article_modified_time":"2026-02-03T13:44:35+00:00","twitter_card":"summary_large_image","schema":{"@context":"https:\/\/schema.org","@graph":[{"@type":"WebPage","@id":"https:\/\/leocare.eu\/fr\/parrainage\/","url":"https:\/\/leocare.eu\/fr\/parrainage\/","name":"Parrainage","isPartOf":{"@id":"https:\/\/leocare.eu\/fr\/#website"},"datePublished":"2023-08-04T22:59:08+00:00","dateModified":"2026-02-03T13:44:35+00:00","description":"Parrainez vos proches et b\u00e9n\u00e9ficiez d'avantages exclusifs. D\u00e9couvrez notre programme de parrainage et partagez les b\u00e9n\u00e9fices.","breadcrumb":{"@id":"https:\/\/leocare.eu\/fr\/parrainage\/#breadcrumb"},"inLanguage":"fr-FR","potentialAction":[{"@type":"ReadAction","target":["https:\/\/leocare.eu\/fr\/parrainage\/"]}]},{"@type":"WebSite","@id":"https:\/\/leocare.eu\/fr\/#website","url":"https:\/\/leocare.eu\/fr\/","name":"Leocare, assurance en ligne automobile et habitation","description":"enfin (r)assur\u00e9.e","publisher":{"@id":"https:\/\/leocare.eu\/fr\/#organization"},"potentialAction":[{"@type":"SearchAction","target":{"@type":"EntryPoint","urlTemplate":"https:\/\/leocare.eu\/fr\/?s={search_term_string}"},"query-input":{"@type":"PropertyValueSpecification","valueRequired":true,"valueName":"search_term_string"}}],"inLanguage":"fr-FR"},{"@type":"Organization","@id":"https:\/\/leocare.eu\/fr\/#organization","name":"Leocare, assurance en ligne automobile et habitation","url":"https:\/\/leocare.eu\/fr\/","logo":{"@type":"ImageObject","inLanguage":"fr-FR","@id":"https:\/\/leocare.eu\/fr\/#\/schema\/logo\/image\/","url":"https:\/\/leocare.eu\/fr\/wp-content\/uploads\/2020\/03\/logo-leocare.svg","contentUrl":"https:\/\/leocare.eu\/fr\/wp-content\/uploads\/2020\/03\/logo-leocare.svg","caption":"Leocare, assurance en ligne automobile et habitation"},"image":{"@id":"https:\/\/leocare.eu\/fr\/#\/schema\/logo\/image\/"}}]}},"_links":{"self":[{"href":"https:\/\/leocare.eu\/fr\/wp-json\/wp\/v2\/pages\/17514","targetHints":{"allow":["GET"]}}],"collection":[{"href":"https:\/\/leocare.eu\/fr\/wp-json\/wp\/v2\/pages"}],"about":[{"href":"https:\/\/leocare.eu\/fr\/wp-json\/wp\/v2\/types\/page"}],"author":[{"embeddable":true,"href":"https:\/\/leocare.eu\/fr\/wp-json\/wp\/v2\/users\/4"}],"replies":[{"embeddable":true,"href":"https:\/\/leocare.eu\/fr\/wp-json\/wp\/v2\/comments?post=17514"}],"version-history":[{"count":43,"href":"https:\/\/leocare.eu\/fr\/wp-json\/wp\/v2\/pages\/17514\/revisions"}],"predecessor-version":[{"id":36988,"href":"https:\/\/leocare.eu\/fr\/wp-json\/wp\/v2\/pages\/17514\/revisions\/36988"}],"wp:attachment":[{"href":"https:\/\/leocare.eu\/fr\/wp-json\/wp\/v2\/media?parent=17514"}],"curies":[{"name":"wp","href":"https:\/\/api.w.org\/{rel}","templated":true}]}}