{"id":17475,"date":"2023-08-01T11:39:11","date_gmt":"2023-08-01T09:39:11","guid":{"rendered":"https:\/\/leocare.eu\/fr\/?page_id=17475"},"modified":"2026-04-07T16:52:17","modified_gmt":"2026-04-07T14:52:17","slug":"courtoisie","status":"publish","type":"page","link":"https:\/\/leocare.eu\/fr\/assurance-auto-en-ligne\/electrique\/courtoisie\/","title":{"rendered":"Comment b\u00e9n\u00e9ficier d\u2019un v\u00e9hicule \u00e9lectrique de courtoisie ?"},"content":{"rendered":"\n<p>L\u2019expression est jolie, pourtant personne n\u2019a envie d\u2019\u00eatre confront\u00e9 \u00e0 cette situation. Pour autant, il est important de se pr\u00e9parer et de s\u2019assurer pour toutes les \u00e9ventualit\u00e9s. Lorsque votre v\u00e9hicule est inutilisable pour un certain temps, suite \u00e0 un accident ou m\u00eame une panne, sachez que vous pouvez vous tourner vers la voiture de courtoisie. Mais est-ce que vous savez r\u00e9ellement de quoi il s\u2019agit ? On vous explique tout !<\/p>\n\n\n\n<h2 class=\"wp-block-heading\" id=\"section-1\">L\u2019assurance de votre v\u00e9hicule \u00e9lectrique<\/h2>\n\n\n\n<p>De nos jours, nombre de conducteurs font le choix de la voiture \u00e9lectrique ou hybride. Leur autonomie sur la route est de plus en plus performante pour vous assurer des trajets confortables et les compagnies d\u2019assurance proposent de nombreuses formules d\u2019assurance adapt\u00e9es. Entre les garanties sp\u00e9cifiques pour les pannes \u00e9lectriques, les aides pour l\u2019installation des bornes de recharge \u00e0 domicile et les primes d\u2019assurance attrayantes, les&nbsp;<a href=\"https:\/\/leocare.eu\/fr\/assurance-auto-en-ligne\/electrique\/\">assurances voiture \u00e9lectrique<\/a>s proposent suffisamment d\u2019offres pour que vous puissiez trouver votre bonheur ! Vous n\u2019avez pas envie de passer des heures \u00e0 faire plusieurs devis en ligne ? Passez par un comparateur d\u2019assurance !<\/p>\n\n\n\n<h2 class=\"wp-block-heading\" id=\"section-2\">Peut-on laisser une voiture \u00e9lectrique sans assurance ?<\/h2>\n\n\n\n<p>Lorsque l\u2019on veut acheter, puis conduire une voiture \u00e9lectrique, on est dans&nbsp;<a href=\"https:\/\/leocare.eu\/fr\/assurance-auto-en-ligne\/electrique\/stationnement\/\">l\u2019obligation l\u00e9gale de l\u2019assurer<\/a>, au m\u00eame titre que lorsqu\u2019on conduit une voiture essence ou diesel. Ce qu\u2019il faut retenir, c\u2019est que l\u2019assurance au tiers, souvent choisie pour faire des \u00e9conomies, ne suffira pas \u00e0 couvrir votre v\u00e9hicule \u00e9lectrique en cas de dommages ou de panne \u00e9lectrique. Opter pour une assurance tous risques, qui vous couvrira contre les dommages tous accidents, est plus recommand\u00e9. De plus, pr\u00e9f\u00e9rez une assurance proposant des garanties sp\u00e9cifiques \u00e0 l\u2019\u00e9lectrique. Celles-ci incluront dans votre contrat des garanties prot\u00e9geant la batterie et les composants \u00e9lectriques.<\/p>\n\n\n\n<div class=\"bon-a-savoir\">\n\n\n\n<h3 class=\"wp-block-heading\">Bon \u00e0<strong> <\/strong>savoir<\/h3>\n\n\n\n<p>V\u00e9rifiez votre assurance habitation ! Parfois, elle permet aussi de couvrir les dommages caus\u00e9s \u00e0 votre voiture \u00e9lectrique lorsqu\u2019elle est gar\u00e9e chez vous. Il est donc essentiel de conna\u00eetre les d\u00e9tails de son contrat pour savoir si votre v\u00e9hicule est prot\u00e9g\u00e9 m\u00eame lorsqu\u2019il n\u2019est pas sur la route.<\/p>\n\n\n\n<\/div><div class=\"bon-a-savoir\">\n\n\n\n<h3 class=\"wp-block-heading\">Quelle assurance choisir pour une voiture \u00e9lectrique de plus de 10 ans ?<\/h3>\n\n\n\n<p>Si votre v\u00e9hicule \u00e9lectrique \u00e0 plus de 10 ans et qu\u2019il a encore une valeur importante,&nbsp;<a href=\"https:\/\/leocare.eu\/fr\/assurance-auto-en-ligne\/electrique\/assurer-vieux-vehicule\/\">optez pour une assurance<\/a>&nbsp;tous risques qui couvrira les dommages caus\u00e9s \u00e0 votre v\u00e9hicule en cas d\u2019accident. Si sa valeur est faible, choisissez plut\u00f4t une assurance au tiers qui pourrait \u00eatre suffisante pour r\u00e9pondre \u00e0 vos besoins.<\/p>\n\n\n\n<\/div>\n\n\n\n<h2 class=\"wp-block-heading\" id=\"section-3\">Faut-il assurer un v\u00e9hicule \u00e9lectrique de location ?<\/h2>\n\n\n\n<p>La r\u00e9ponse est oui ! Lorsque vous louez un v\u00e9hicule \u00e9lectrique aupr\u00e8s d\u2019une agence de location, celle-ci vous demandera g\u00e9n\u00e9ralement de souscrire une assurance pour couvrir les dommages potentiels sur le v\u00e9hicule pendant la dur\u00e9e o\u00f9 vous en profiterez.<\/p>\n\n\n\n<p>Mais alors, vous vous demandez peut-\u00eatre,&nbsp;<a href=\"https:\/\/leocare.eu\/fr\/assurance-auto-en-ligne\/electrique\/location\/\">quelle assurance choisir en cas de location de voiture \u00e9lectrique<\/a>&nbsp;? Les agences de location vous proposerons plusieurs options d\u2019assurance, selon les risques potentiels li\u00e9s \u00e0 la voiture ou au lieu o\u00f9 vous allez la conduire. Cependant, v\u00e9rifiez d\u2019abord votre propre assurance auto, elle couvre peut-\u00eatre aussi les v\u00e9hicules \u00e9lectriques de location.<\/p>\n\n\n\n<h2 class=\"wp-block-heading\" id=\"section-4\">Qu\u2019est-ce qu\u2019un v\u00e9hicule de courtoisie ?<\/h2>\n\n\n\n<p>Un v\u00e9hicule de courtoisie est un v\u00e9hicule qui sera mis \u00e0 votre disposition par un concessionnaire automobile ou un garage lorsque votre propre voiture sera en r\u00e9paration suite \u00e0 une panne de batterie ou un accident.<\/p>\n\n\n\n<p>Le v\u00e9hicule de courtoisie est fourni gratuitement, quelle que soit votre formule d\u2019assurance. Certains contrats d\u2019assurance font aussi mention du pr\u00eat d\u2019un v\u00e9hicule de courtoisie en cas de l\u2019immobilisation de votre voiture.<\/p>\n\n\n\n<p>En g\u00e9n\u00e9ral, ce v\u00e9hicule est assur\u00e9 au tiers par le garagiste, non par votre assureur, et comporte des franchises tr\u00e8s \u00e9lev\u00e9es en cas de sinistre. Vous devrez cependant pr\u00e9venir automatiquement votre assurance si vous utilisez un tel v\u00e9hicule.<\/p>\n\n\n\n<div class=\"bon-a-savoir\">\n\n\n\n<h3 class=\"wp-block-heading\">Bon \u00e0 savoir<\/h3>\n\n\n\n<p>Un v\u00e9hicule de courtoisie est diff\u00e9rent d\u2019un v\u00e9hicule de remplacement. Ce dernier est g\u00e9n\u00e9ralement factur\u00e9 par le garage ou la soci\u00e9t\u00e9 de location auquel il appartient.<\/p>\n\n\n\n<\/div>\n\n\n\n<h2 class=\"wp-block-heading\" id=\"section-5\">Comment b\u00e9n\u00e9ficier d\u2019un v\u00e9hicule \u00e9lectrique de courtoisie ?<\/h2>\n\n\n\n<p>Lorsque votre v\u00e9hicule subit des dommages lors d\u2019un accident et n\u00e9cessite une r\u00e9paration, il est l\u00e9gitime de se demander comment vous pourrez continuer vos trajets habituels durant cette p\u00e9riode. C\u2019est l\u00e0 qu\u2019intervient le v\u00e9hicule de courtoisie. De plus en plus de compagnies d\u2019assurance incluent cette option dans leurs contrats d\u2019assurance auto \u00e9lectrique. Ainsi, en cas de sinistre, vous pourrez b\u00e9n\u00e9ficier d\u2019un v\u00e9hicule gratuitement pour continuer \u00e0 vous d\u00e9placer en toute s\u00e9r\u00e9nit\u00e9, tout en continuant \u00e0 respecter l\u2019environnement.<\/p>\n\n\n\n<p>Lorsque vous souscrivez une assurance auto \u00e9lectrique, renseignez-vous au pr\u00e9alable sur les conditions pour profiter d\u2019un v\u00e9hicule \u00e9lectrique de courtoisie. Chaque assureur peut avoir ses propres r\u00e8gles et conditions \u00e0 respecter. Assurez-vous de conna\u00eetre les d\u00e9lais et d\u00e9marches \u00e0 suivre en cas d\u2019accident ou de panne pour faciliter vos d\u00e9marches en cas de besoin.<\/p>\n\n\n\n<h2 class=\"wp-block-heading\" id=\"section-6\">Comment \u00eatre pris en charge par votre assurance en cas de sinistre ?<\/h2>\n\n\n\n<p>Si vous avez besoin d\u2019un v\u00e9hicule de courtoisie, vous avez potentiellement eu un sinistre. Avant d\u2019en faire la demande pour recevoir votre indemnisation, il faut d\u2019abord savoir&nbsp;<a href=\"https:\/\/leocare.eu\/fr\/assurance-auto-en-ligne\/electrique\/prise-en-charge-par-assurance\/\">comment \u00eatre bien pris en charge par son assurance en cas d\u2019accident de sa voiture \u00e9lectrique<\/a>.<\/p>\n\n\n\n<p>La premi\u00e8re \u00e9tape \u00e0 suivre est la s\u00e9curisation du lieu du sinistre. Si l\u2019accident est mineur, d\u00e9placez votre v\u00e9hicule hors de la voie de circulation autant que vous le pouvez. Si l\u2019accident est grave, appelez imm\u00e9diatement les services d\u2019urgence pour obtenir de l\u2019aide m\u00e9dicale et faire intervenir les forces de l\u2019ordre si n\u00e9cessaire.<\/p>\n\n\n\n<p>Suite \u00e0 cela, contactez au plus vite votre compagnie d\u2019assurance pour d\u00e9clarer le sinistre. Vous devrez fournir des informations pr\u00e9cises et d\u00e9taill\u00e9es sur l\u2019accident comme la date, l\u2019heure, le lieu, les circonstances et les coordonn\u00e9es des \u00e9ventuels tiers impliqu\u00e9s. Fournissez un maximum de preuves pour faciliter le processus de r\u00e9clamation. Dans le cas de dommages importants, votre assureur pourra envoyer un expert pour \u00e9valuer les d\u00e9g\u00e2ts.<\/p>\n\n\n\n<div class=\"bon-a-savoir\">\n\n\n\n<h3 class=\"wp-block-heading\">Est-il possible de faire remorquer des voitures \u00e9lectriques sans assurance ?<\/h3>\n\n\n\n<p>L\u2019assurance auto est obligatoire pour circuler en France. Par cons\u00e9quent, si votre voiture n\u2019est pas assur\u00e9e vous n\u2019avez pas le droit de la conduire, donc&nbsp;<a href=\"https:\/\/leocare.eu\/fr\/assurance-auto-en-ligne\/electrique\/remorquer-voiture-non-assuree\/\">vous ne pourrez pas b\u00e9n\u00e9ficier d\u2019un remorquage<\/a>&nbsp;en cas de probl\u00e8me. De plus, en cas d\u2019accident, vous n\u2019aurez aucune couverture pour les dommages caus\u00e9s \u00e0 votre v\u00e9hicule ou aux tiers, ce qui pourrait vous exposer \u00e0 des responsabilit\u00e9s financi\u00e8res tr\u00e8s importantes.<\/p>\n\n\n\n<\/div>\n","protected":false},"excerpt":{"rendered":"<p>L\u2019expression est jolie, pourtant personne n\u2019a envie d\u2019\u00eatre confront\u00e9 \u00e0 cette situation. Pour autant, il est important de se pr\u00e9parer et de s\u2019assurer pour toutes les \u00e9ventualit\u00e9s. Lorsque votre v\u00e9hicule est inutilisable pour un certain temps, suite \u00e0 un accident ou m\u00eame une panne, sachez que vous pouvez vous tourner vers la voiture de courtoisie. [&hellip;]<\/p>\n","protected":false},"author":34,"featured_media":17381,"parent":17436,"menu_order":0,"comment_status":"closed","ping_status":"closed","template":"template_seo.php","meta":{"_acf_changed":false,"footnotes":""},"class_list":["post-17475","page","type-page","status-publish","has-post-thumbnail","hentry"],"acf":[],"yoast_head":"<!-- This site is optimized with the Yoast SEO plugin v27.3 - https:\/\/yoast.com\/product\/yoast-seo-wordpress\/ -->\n<title>Comment b\u00e9n\u00e9ficier d&#039;un v\u00e9hicule de courtoisie ? - Leocare<\/title>\n<meta name=\"description\" content=\"D\u00e9couvrez comment obtenir un v\u00e9hicule \u00e9lectrique de courtoisie facilement. Passez \u00e0 un mode de vie plus \u00e9cologique ! Commencez d\u00e8s maintenant.\" \/>\n<meta name=\"robots\" content=\"index, follow, max-snippet:-1, max-image-preview:large, max-video-preview:-1\" \/>\n<link rel=\"canonical\" href=\"https:\/\/leocare.eu\/fr\/assurance-auto-en-ligne\/electrique\/courtoisie\/\" \/>\n<meta property=\"og:locale\" content=\"fr_FR\" \/>\n<meta property=\"og:type\" content=\"article\" \/>\n<meta property=\"og:title\" content=\"Comment b\u00e9n\u00e9ficier d&#039;un v\u00e9hicule de courtoisie ? - Leocare\" \/>\n<meta property=\"og:description\" content=\"D\u00e9couvrez comment obtenir un v\u00e9hicule \u00e9lectrique de courtoisie facilement. Passez \u00e0 un mode de vie plus \u00e9cologique ! Commencez d\u00e8s maintenant.\" \/>\n<meta property=\"og:url\" content=\"https:\/\/leocare.eu\/fr\/assurance-auto-en-ligne\/electrique\/courtoisie\/\" \/>\n<meta property=\"og:site_name\" content=\"Leocare, assurance en ligne automobile et habitation\" \/>\n<meta property=\"article:modified_time\" content=\"2026-04-07T14:52:17+00:00\" \/>\n<meta property=\"og:image\" content=\"https:\/\/leocare.eu\/fr\/wp-content\/uploads\/2021\/01\/assurance-pret-voiture-panne-voiture-electrique.jpg\" \/>\n\t<meta property=\"og:image:width\" content=\"1900\" \/>\n\t<meta property=\"og:image:height\" content=\"1200\" \/>\n\t<meta property=\"og:image:type\" content=\"image\/jpeg\" \/>\n<meta name=\"twitter:card\" content=\"summary_large_image\" \/>\n<meta name=\"twitter:label1\" content=\"Dur\u00e9e de lecture estim\u00e9e\" \/>\n\t<meta name=\"twitter:data1\" content=\"6 minutes\" \/>\n<!-- \/ Yoast SEO plugin. -->","yoast_head_json":{"title":"Comment b\u00e9n\u00e9ficier d'un v\u00e9hicule de courtoisie ? - Leocare","description":"D\u00e9couvrez comment obtenir un v\u00e9hicule \u00e9lectrique de courtoisie facilement. Passez \u00e0 un mode de vie plus \u00e9cologique ! Commencez d\u00e8s maintenant.","robots":{"index":"index","follow":"follow","max-snippet":"max-snippet:-1","max-image-preview":"max-image-preview:large","max-video-preview":"max-video-preview:-1"},"canonical":"https:\/\/leocare.eu\/fr\/assurance-auto-en-ligne\/electrique\/courtoisie\/","og_locale":"fr_FR","og_type":"article","og_title":"Comment b\u00e9n\u00e9ficier d'un v\u00e9hicule de courtoisie ? - Leocare","og_description":"D\u00e9couvrez comment obtenir un v\u00e9hicule \u00e9lectrique de courtoisie facilement. Passez \u00e0 un mode de vie plus \u00e9cologique ! Commencez d\u00e8s maintenant.","og_url":"https:\/\/leocare.eu\/fr\/assurance-auto-en-ligne\/electrique\/courtoisie\/","og_site_name":"Leocare, assurance en ligne automobile et habitation","article_modified_time":"2026-04-07T14:52:17+00:00","og_image":[{"width":1900,"height":1200,"url":"https:\/\/leocare.eu\/fr\/wp-content\/uploads\/2021\/01\/assurance-pret-voiture-panne-voiture-electrique.jpg","type":"image\/jpeg"}],"twitter_card":"summary_large_image","twitter_misc":{"Dur\u00e9e de lecture estim\u00e9e":"6 minutes"},"schema":{"@context":"https:\/\/schema.org","@graph":[{"@type":"WebPage","@id":"https:\/\/leocare.eu\/fr\/assurance-auto-en-ligne\/electrique\/courtoisie\/","url":"https:\/\/leocare.eu\/fr\/assurance-auto-en-ligne\/electrique\/courtoisie\/","name":"Comment b\u00e9n\u00e9ficier d'un v\u00e9hicule de courtoisie ? - Leocare","isPartOf":{"@id":"https:\/\/leocare.eu\/fr\/#website"},"primaryImageOfPage":{"@id":"https:\/\/leocare.eu\/fr\/assurance-auto-en-ligne\/electrique\/courtoisie\/#primaryimage"},"image":{"@id":"https:\/\/leocare.eu\/fr\/assurance-auto-en-ligne\/electrique\/courtoisie\/#primaryimage"},"thumbnailUrl":"https:\/\/leocare.eu\/fr\/wp-content\/uploads\/2021\/01\/assurance-pret-voiture-panne-voiture-electrique.jpg","datePublished":"2023-08-01T09:39:11+00:00","dateModified":"2026-04-07T14:52:17+00:00","description":"D\u00e9couvrez comment obtenir un v\u00e9hicule \u00e9lectrique de courtoisie facilement. Passez \u00e0 un mode de vie plus \u00e9cologique ! Commencez d\u00e8s maintenant.","breadcrumb":{"@id":"https:\/\/leocare.eu\/fr\/assurance-auto-en-ligne\/electrique\/courtoisie\/#breadcrumb"},"inLanguage":"fr-FR","potentialAction":[{"@type":"ReadAction","target":["https:\/\/leocare.eu\/fr\/assurance-auto-en-ligne\/electrique\/courtoisie\/"]}]},{"@type":"ImageObject","inLanguage":"fr-FR","@id":"https:\/\/leocare.eu\/fr\/assurance-auto-en-ligne\/electrique\/courtoisie\/#primaryimage","url":"https:\/\/leocare.eu\/fr\/wp-content\/uploads\/2021\/01\/assurance-pret-voiture-panne-voiture-electrique.jpg","contentUrl":"https:\/\/leocare.eu\/fr\/wp-content\/uploads\/2021\/01\/assurance-pret-voiture-panne-voiture-electrique.jpg","width":1900,"height":1200,"caption":"assurance pret voiture panne voiture \u00e9lectrique"},{"@type":"WebSite","@id":"https:\/\/leocare.eu\/fr\/#website","url":"https:\/\/leocare.eu\/fr\/","name":"Leocare, assurance en ligne automobile et habitation","description":"enfin (r)assur\u00e9.e","publisher":{"@id":"https:\/\/leocare.eu\/fr\/#organization"},"potentialAction":[{"@type":"SearchAction","target":{"@type":"EntryPoint","urlTemplate":"https:\/\/leocare.eu\/fr\/?s={search_term_string}"},"query-input":{"@type":"PropertyValueSpecification","valueRequired":true,"valueName":"search_term_string"}}],"inLanguage":"fr-FR"},{"@type":"Organization","@id":"https:\/\/leocare.eu\/fr\/#organization","name":"Leocare, assurance en ligne automobile et habitation","url":"https:\/\/leocare.eu\/fr\/","logo":{"@type":"ImageObject","inLanguage":"fr-FR","@id":"https:\/\/leocare.eu\/fr\/#\/schema\/logo\/image\/","url":"https:\/\/leocare.eu\/fr\/wp-content\/uploads\/2020\/03\/logo-leocare.svg","contentUrl":"https:\/\/leocare.eu\/fr\/wp-content\/uploads\/2020\/03\/logo-leocare.svg","caption":"Leocare, assurance en ligne automobile et habitation"},"image":{"@id":"https:\/\/leocare.eu\/fr\/#\/schema\/logo\/image\/"}}]}},"_links":{"self":[{"href":"https:\/\/leocare.eu\/fr\/wp-json\/wp\/v2\/pages\/17475","targetHints":{"allow":["GET"]}}],"collection":[{"href":"https:\/\/leocare.eu\/fr\/wp-json\/wp\/v2\/pages"}],"about":[{"href":"https:\/\/leocare.eu\/fr\/wp-json\/wp\/v2\/types\/page"}],"author":[{"embeddable":true,"href":"https:\/\/leocare.eu\/fr\/wp-json\/wp\/v2\/users\/34"}],"replies":[{"embeddable":true,"href":"https:\/\/leocare.eu\/fr\/wp-json\/wp\/v2\/comments?post=17475"}],"version-history":[{"count":6,"href":"https:\/\/leocare.eu\/fr\/wp-json\/wp\/v2\/pages\/17475\/revisions"}],"predecessor-version":[{"id":29221,"href":"https:\/\/leocare.eu\/fr\/wp-json\/wp\/v2\/pages\/17475\/revisions\/29221"}],"up":[{"embeddable":true,"href":"https:\/\/leocare.eu\/fr\/wp-json\/wp\/v2\/pages\/17436"}],"wp:featuredmedia":[{"embeddable":true,"href":"https:\/\/leocare.eu\/fr\/wp-json\/wp\/v2\/media\/17381"}],"wp:attachment":[{"href":"https:\/\/leocare.eu\/fr\/wp-json\/wp\/v2\/media?parent=17475"}],"curies":[{"name":"wp","href":"https:\/\/api.w.org\/{rel}","templated":true}]}}