{"id":17462,"date":"2023-08-01T10:56:32","date_gmt":"2023-08-01T08:56:32","guid":{"rendered":"https:\/\/leocare.eu\/fr\/?page_id=17462"},"modified":"2026-04-07T16:52:16","modified_gmt":"2026-04-07T14:52:16","slug":"vol","status":"publish","type":"page","link":"https:\/\/leocare.eu\/fr\/assurance-auto-en-ligne\/electrique\/vol\/","title":{"rendered":"Assurance en cas de vol d\u2019une voiture \u00e9lectrique"},"content":{"rendered":"\n<p>Tous les automobilistes peuvent, un jour ou l\u2019autre, \u00eatre concern\u00e9s par le vol des voitures \u00e9lectriques. Il est donc n\u00e9cessaire de s\u2019en prot\u00e9ger en souscrivant une assurance auto adapt\u00e9e, notamment lorsqu\u2019on roule avec une voiture \u00e9lectrique neuve ou de valeur ! Contrairement \u00e0 l\u2019assurance tous risques, qui vous prot\u00e8ge contre les dommages tous accidents, l\u2019assurance au tiers et tiers plus ne comprennent pas automatiquement la garantie vol. Si vous n\u2019avez pas pr\u00e9vu de changer de formule d\u2019assurance, ce n\u2019est pas un probl\u00e8me. Vous pouvez simplement ajouter cette garantie \u00e0 votre contrat actuel. Leocare, l\u2019assurance 100 % digitale et flexible, vous donne tous ses conseils.<\/p>\n\n\n\n<h2 class=\"wp-block-heading\" id=\"section-1\">Choisir l\u2019assurance voiture \u00e9lectrique<\/h2>\n\n\n\n<p>Commen\u00e7ons par les bases,&nbsp;<a href=\"https:\/\/leocare.eu\/fr\/assurance-auto-en-ligne\/electrique\/a-savoir\/\">quelles sont les choses importantes \u00e0 savoir sur l\u2019assurance voiture \u00e9lectrique<\/a>&nbsp;? Faire le choix de l\u2019\u00e9lectrique, c\u2019est choisir une solution plus responsable, rythm\u00e9e par de nouvelles habitudes de conduite, prenant en compte l\u2019autonomie du v\u00e9hicule et les pauses aux bornes de recharge. Qui dit changement de voiture dit aussi changement de formule d\u2019assurance ! Les garanties dont vous aurez besoin seront diff\u00e9rentes, vous n\u2019aurez pas besoin d\u2019une assistance en cas de panne de batterie avec une voiture diesel par exemple. Pour trouver la meilleure offre pour votre voiture, n\u2019h\u00e9sitez pas \u00e0 passer par un comparateur d\u2019assurance. Celui-ci prendra en compte vos besoins, votre profil de conducteur et votre coefficient bonus-malus pour vous proposer plusieurs compagnies et avec, plusieurs primes d\u2019assurance.<\/p>\n\n\n\n<h2 class=\"wp-block-heading\" id=\"section-2\">Que faire suite au vol d\u2019une voiture \u00e9lectrique ?<\/h2>\n\n\n\n<p>Chercher sa voiture, et se rendre compte qu\u2019elle a disparu\u2026 Voil\u00e0 une situation \u00e0 laquelle aucun conducteur ne veut \u00eatre confront\u00e9.<\/p>\n\n\n\n<p>La premi\u00e8re \u00e9tape est d\u2019avertir votre assurance du vol de votre v\u00e9hicule \u00e9lectrique. Une fois cela fait, rendez-vous au commissariat de police le plus proche ou \u00e0 la gendarmerie o\u00f9 vous porterez plainte. \u00c0 ce propos, n\u2019oubliez pas de pr\u00e9ciser que les papiers du v\u00e9hicule ont \u00e9t\u00e9 vol\u00e9s, si c\u2019est le cas. C\u2019est une \u00e9tape cruciale car si votre voleur commet un accident ou une infraction, vous ne serez pas inqui\u00e9t\u00e9. Attention, vous avez 2 jours ouvr\u00e9s pour le faire, autrement, vous n\u2019obtiendrez pas d\u2019indemnisation.<\/p>\n\n\n\n<div class=\"bon-a-savoir\">\n\n\n\n<h3 class=\"wp-block-heading\">Que couvre la garantie vol ?<\/h3>\n\n\n\n<p><em>\u00c0 la base, cette garantie couvre uniquement en cas de <a href=\"https:\/\/leocare.eu\/fr\/assurance-auto-en-ligne\/couverture\/contrat\/releve-information\/malus\/vol-de-voiture\/\">vol de voiture<\/a> avec effraction et les tentatives de vol ainsi que les dommages mat\u00e9riels qui en r\u00e9sultent, comme une serrure enfonc\u00e9e, par exemple.<\/em><br><em>Malgr\u00e9 tout, il est possible d\u2019ajouter des garanties compl\u00e9mentaires pour plus de protection.<\/em><\/p>\n\n\n\n<\/div>\n\n\n\n<h2 class=\"wp-block-heading\" id=\"section-3\">Quels sont les documents \u00e0 fournir aux compagnies d\u2019assurance ?<\/h2>\n\n\n\n<p>Une fois que votre assureur sera averti du vol, il vous demandera de lui fournir un certain nombre de documents :<\/p>\n\n\n\n<ul class=\"wp-block-list\">\n<li>La d\u00e9claration de vol par les forces de l\u2019ordre suite \u00e0 votre d\u00e9p\u00f4t de plainte.<\/li>\n\n\n\n<li>La facture d\u2019achat de votre v\u00e9hicule, ou l\u2019attestation de vente remise par le vendeur particulier.<\/li>\n\n\n\n<li>Le dernier proc\u00e8s-verbal de contr\u00f4le technique (pour les v\u00e9hicules \u00e9lectriques de plus de 4 ans).<\/li>\n\n\n\n<li>Une copie de la carte grise (certificat d\u2019immatriculation) du v\u00e9hicule, si elle est toujours en votre possession.<\/li>\n<\/ul>\n\n\n\n<h2 class=\"wp-block-heading\" id=\"section-4\">Comment d\u00e9clarer le vol de votre voiture \u00e9lectrique \u00e0 votre assureur ?<\/h2>\n\n\n\n<p>Pour d\u00e9clarer l\u2019infraction, vous devez vous rapprocher au plus vite de votre assurance auto, par t\u00e9l\u00e9phone, par courrier postal ou en vous rendant directement en agence.<\/p>\n\n\n\n<p>Avec Leocare, c\u2019est encore plus simple avec la d\u00e9claration d\u00e9mat\u00e9rialis\u00e9e ! Il vous suffit de vous rendre sur l\u2019application dans l\u2019onglet \u201cServices\u201d puis de cliquer sur \u201cJ\u2019ai un sinistre \u00e0 d\u00e9clarer\u201d. Ici, vous pourrez expliquer les circonstances du sinistre et ajouter les pi\u00e8ces justificatives demand\u00e9es. Suite \u00e0 cela, un Leoconseiller prendra contact avec vous pour la suite des d\u00e9marches.<br>D\u2019ailleurs, vous pourrez suivre l\u2019avanc\u00e9e de la gestion du sinistre en temps r\u00e9el via l\u2019application.<\/p>\n\n\n\n<h2 class=\"wp-block-heading\" id=\"section-5\">Quel sera le montant de l\u2019indemnisation ?<\/h2>\n\n\n\n<p>Le montant vers\u00e9 par les assurances d\u00e9pend des plafonds fix\u00e9s dans les contrats d\u2019<a href=\"https:\/\/leocare.eu\/fr\/assurance-auto-en-ligne\/electrique\/\">assurance voiture \u00e9lectrique<\/a>. Si vous disposez de la garantie valeur \u00e0 neuf, vous avez de la chance car vous b\u00e9n\u00e9ficiez de la meilleure prise en charge pour votre v\u00e9hicule !<\/p>\n\n\n\n<div class=\"bon-a-savoir\">\n\n\n\n<h3 class=\"wp-block-heading\">\u00c0 savoir :<\/h3>\n\n\n\n<p><em>Le d\u00e9lai minimum avant de recevoir votre indemnisation est de 30 jours. C\u2019est le temps laiss\u00e9 par votre assureur aux forces de l\u2019ordre pour mener leur enqu\u00eate et, peut \u00eatre, trouver le v\u00e9hicule.<\/em><\/p>\n\n\n\n<\/div>\n\n\n\n<h2 class=\"wp-block-heading\" id=\"section-6\">Quelles sont les garanties compl\u00e9mentaires \u00e0 l\u2019assurance vol de v\u00e9hicule \u00e9lectrique ?<\/h2>\n\n\n\n<p>Comme nous l\u2019avons mentionn\u00e9 plus haut, il est possible d\u2019ajouter des garanties suppl\u00e9mentaires \u00e0 votre contrat pour plus de protection en mati\u00e8re de vol, sans pour autant faire trop grimper le montant de vos cotisations.<\/p>\n\n\n\n<ul class=\"wp-block-list\">\n<li>Le&nbsp;<a href=\"https:\/\/leocare.eu\/fr\/assurance-auto-en-ligne\/electrique\/vol\/\">vol \u00e0 la roulotte<\/a>&nbsp;qui prot\u00e8gera vos effets personnels \u00e0 l\u2019int\u00e9rieur de votre v\u00e9hicule \u00e9lectrique<\/li>\n\n\n\n<li>Le vol des accessoires automobiles, comme votre GPS, la sono et les autres \u00e9quipements<\/li>\n\n\n\n<li>Le vandalisme qui couvrira les potentielles d\u00e9gradations. \u00c0 noter que le vandalisme est compris dans les formules d\u2019assurance tous risques.<\/li>\n<\/ul>\n\n\n\n<h2 class=\"wp-block-heading\" id=\"section-7\">Que faire si votre assureur refuse de vous indemniser ?<\/h2>\n\n\n\n<p>Vous trouvez injustifi\u00e9e la d\u00e9cision de votre assureur de ne pas vous indemniser ? \u00c7a peut notamment \u00eatre le cas en cas d\u2019absence d\u2019effraction.<br>Vous pouvez, si le v\u00e9hicule \u00e0 \u00e9t\u00e9 retrouv\u00e9, demander une contre-expertise afin de tenter de trouver de nouvelles preuves du vol. Vous pouvez aussi faire appel au m\u00e9diateur en assurance pour trouver un compromis. La derni\u00e8re solution sera de saisir le tribunal. La juridiction comp\u00e9tente d\u00e9pendra alors du montant du pr\u00e9judice.<\/p>\n\n\n\n<ul class=\"wp-block-list\">\n<li>Le tribunal de proximit\u00e9 des litiges jusqu\u2019\u00e0 10 000 \u20ac<\/li>\n\n\n\n<li>Le tribunal judiciaire pour les litiges de plus de 10 000 \u20ac et moins<\/li>\n<\/ul>\n\n\n\n<div class=\"bon-a-savoir\">\n\n\n\n<h3 class=\"wp-block-heading\">Bon \u00e0 savoir<\/h3>\n\n\n\n<p>Bien s\u00fbr, si vous n\u2019\u00eates pas enti\u00e8rement satisfait de votre compagnie d\u2019assurance, vous pouvez en changer. N\u2019oubliez pas qu\u2019il est obligatoire d\u2019<a href=\"https:\/\/leocare.eu\/fr\/assurance-auto-en-ligne\/electrique\/reparation-assurance\/\">assurer son v\u00e9hicule \u00e9lectrique \u00e0 l\u2019achat<\/a>&nbsp;pour le conduire. Gr\u00e2ce \u00e0 la loi Hamon, vous pouvez r\u00e9silier votre assurance voiture \u00e9lectrique ou hybride, tout comme une voiture essence ou diesel, apr\u00e8s la premi\u00e8re ann\u00e9e de souscription. Votre nouvel assureur s\u2019occupera de tout !<\/p>\n\n\n\n<\/div>\n\n\n\n<h2 class=\"wp-block-heading\" id=\"section-8\">Quelles sont les exclusions de garantie suite \u00e0 un vol de voiture \u00e9lectrique ?<\/h2>\n\n\n\n<p>Comme dit pr\u00e9c\u00e9demment, le vol de voiture \u00e9lectrique sans effraction peut parfois ne pas \u00eatre indemnis\u00e9. En effet, les compagnies preuve consid\u00e9rer que le vol r\u00e9sulte d\u2019une n\u00e9gligence de votre part. Par exemple, si votre voiture n\u2019\u00e9tait pas verrouill\u00e9e, si les cl\u00e9s se trouvaient dans le v\u00e9hicule, si la porte de votre garage \u00e9tait ouverte et que les cl\u00e9s \u00e9taient visibles et m\u00eame en cas de car jacking.<\/p>\n\n\n\n<p>Il existe encore d\u2019autres situations o\u00f9 votre assurance auto pourrait ne pas intervenir :<\/p>\n\n\n\n<ul class=\"wp-block-list\">\n<li>Si le vol ou la tentative de vol est commise par un de vos proches.<\/li>\n\n\n\n<li>Si le vol d\u00e9coule d\u2019une escroquerie. Par exemple, lorsqu\u2019une personne fait un tour avec votre v\u00e9hicule avant de \u201cl\u2019acheter\u201d et s\u2019enfuit avec.<\/li>\n\n\n\n<li>Si les vitres de votre voiture ne sont pas grav\u00e9es.<\/li>\n<\/ul>\n\n\n\n<p>Chez Leocare, les dommages subis par votre voiture \u00e9lectrique en cas de vol sont couverts d\u00e8s la formule interm\u00e9diaire (tiers plus).<\/p>\n","protected":false},"excerpt":{"rendered":"<p>Tous les automobilistes peuvent, un jour ou l\u2019autre, \u00eatre concern\u00e9s par le vol des voitures \u00e9lectriques. Il est donc n\u00e9cessaire de s\u2019en prot\u00e9ger en souscrivant une assurance auto adapt\u00e9e, notamment lorsqu\u2019on roule avec une voiture \u00e9lectrique neuve ou de valeur ! Contrairement \u00e0 l\u2019assurance tous risques, qui vous prot\u00e8ge contre les dommages tous accidents, l\u2019assurance [&hellip;]<\/p>\n","protected":false},"author":34,"featured_media":17379,"parent":17436,"menu_order":0,"comment_status":"closed","ping_status":"closed","template":"template_seo.php","meta":{"_acf_changed":false,"footnotes":""},"class_list":["post-17462","page","type-page","status-publish","has-post-thumbnail","hentry"],"acf":[],"yoast_head":"<!-- This site is optimized with the Yoast SEO plugin v27.3 - https:\/\/yoast.com\/product\/yoast-seo-wordpress\/ -->\n<title>Assurance en cas de vol de voiture \u00e9lectrique - Leocare<\/title>\n<meta name=\"description\" content=\"D\u00e9couvrez d\u00e8s maintenant comment prot\u00e9ger votre voiture \u00e9lectrique en cas de vol. Explorez nos options d&#039;assurance adapt\u00e9es et garantissez votre tranquillit\u00e9 d&#039;esprit.\" \/>\n<meta name=\"robots\" content=\"index, follow, max-snippet:-1, max-image-preview:large, max-video-preview:-1\" \/>\n<link rel=\"canonical\" href=\"https:\/\/leocare.eu\/fr\/assurance-auto-en-ligne\/electrique\/vol\/\" \/>\n<meta property=\"og:locale\" content=\"fr_FR\" \/>\n<meta property=\"og:type\" content=\"article\" \/>\n<meta property=\"og:title\" content=\"Assurance en cas de vol de voiture \u00e9lectrique - Leocare\" \/>\n<meta property=\"og:description\" content=\"D\u00e9couvrez d\u00e8s maintenant comment prot\u00e9ger votre voiture \u00e9lectrique en cas de vol. Explorez nos options d&#039;assurance adapt\u00e9es et garantissez votre tranquillit\u00e9 d&#039;esprit.\" \/>\n<meta property=\"og:url\" content=\"https:\/\/leocare.eu\/fr\/assurance-auto-en-ligne\/electrique\/vol\/\" \/>\n<meta property=\"og:site_name\" content=\"Leocare, assurance en ligne automobile et habitation\" \/>\n<meta property=\"article:modified_time\" content=\"2026-04-07T14:52:16+00:00\" \/>\n<meta property=\"og:image\" content=\"https:\/\/leocare.eu\/fr\/wp-content\/uploads\/2021\/01\/assurance-vol-voiture-electrique.jpg\" \/>\n\t<meta property=\"og:image:width\" content=\"1900\" \/>\n\t<meta property=\"og:image:height\" content=\"1200\" \/>\n\t<meta property=\"og:image:type\" content=\"image\/jpeg\" \/>\n<meta name=\"twitter:card\" content=\"summary_large_image\" \/>\n<meta name=\"twitter:label1\" content=\"Dur\u00e9e de lecture estim\u00e9e\" \/>\n\t<meta name=\"twitter:data1\" content=\"6 minutes\" \/>\n<!-- \/ Yoast SEO plugin. -->","yoast_head_json":{"title":"Assurance en cas de vol de voiture \u00e9lectrique - Leocare","description":"D\u00e9couvrez d\u00e8s maintenant comment prot\u00e9ger votre voiture \u00e9lectrique en cas de vol. Explorez nos options d'assurance adapt\u00e9es et garantissez votre tranquillit\u00e9 d'esprit.","robots":{"index":"index","follow":"follow","max-snippet":"max-snippet:-1","max-image-preview":"max-image-preview:large","max-video-preview":"max-video-preview:-1"},"canonical":"https:\/\/leocare.eu\/fr\/assurance-auto-en-ligne\/electrique\/vol\/","og_locale":"fr_FR","og_type":"article","og_title":"Assurance en cas de vol de voiture \u00e9lectrique - Leocare","og_description":"D\u00e9couvrez d\u00e8s maintenant comment prot\u00e9ger votre voiture \u00e9lectrique en cas de vol. Explorez nos options d'assurance adapt\u00e9es et garantissez votre tranquillit\u00e9 d'esprit.","og_url":"https:\/\/leocare.eu\/fr\/assurance-auto-en-ligne\/electrique\/vol\/","og_site_name":"Leocare, assurance en ligne automobile et habitation","article_modified_time":"2026-04-07T14:52:16+00:00","og_image":[{"width":1900,"height":1200,"url":"https:\/\/leocare.eu\/fr\/wp-content\/uploads\/2021\/01\/assurance-vol-voiture-electrique.jpg","type":"image\/jpeg"}],"twitter_card":"summary_large_image","twitter_misc":{"Dur\u00e9e de lecture estim\u00e9e":"6 minutes"},"schema":{"@context":"https:\/\/schema.org","@graph":[{"@type":"WebPage","@id":"https:\/\/leocare.eu\/fr\/assurance-auto-en-ligne\/electrique\/vol\/","url":"https:\/\/leocare.eu\/fr\/assurance-auto-en-ligne\/electrique\/vol\/","name":"Assurance en cas de vol de voiture \u00e9lectrique - Leocare","isPartOf":{"@id":"https:\/\/leocare.eu\/fr\/#website"},"primaryImageOfPage":{"@id":"https:\/\/leocare.eu\/fr\/assurance-auto-en-ligne\/electrique\/vol\/#primaryimage"},"image":{"@id":"https:\/\/leocare.eu\/fr\/assurance-auto-en-ligne\/electrique\/vol\/#primaryimage"},"thumbnailUrl":"https:\/\/leocare.eu\/fr\/wp-content\/uploads\/2021\/01\/assurance-vol-voiture-electrique.jpg","datePublished":"2023-08-01T08:56:32+00:00","dateModified":"2026-04-07T14:52:16+00:00","description":"D\u00e9couvrez d\u00e8s maintenant comment prot\u00e9ger votre voiture \u00e9lectrique en cas de vol. Explorez nos options d'assurance adapt\u00e9es et garantissez votre tranquillit\u00e9 d'esprit.","breadcrumb":{"@id":"https:\/\/leocare.eu\/fr\/assurance-auto-en-ligne\/electrique\/vol\/#breadcrumb"},"inLanguage":"fr-FR","potentialAction":[{"@type":"ReadAction","target":["https:\/\/leocare.eu\/fr\/assurance-auto-en-ligne\/electrique\/vol\/"]}]},{"@type":"ImageObject","inLanguage":"fr-FR","@id":"https:\/\/leocare.eu\/fr\/assurance-auto-en-ligne\/electrique\/vol\/#primaryimage","url":"https:\/\/leocare.eu\/fr\/wp-content\/uploads\/2021\/01\/assurance-vol-voiture-electrique.jpg","contentUrl":"https:\/\/leocare.eu\/fr\/wp-content\/uploads\/2021\/01\/assurance-vol-voiture-electrique.jpg","width":1900,"height":1200,"caption":"assurance vol voiture \u00e9lectrique"},{"@type":"WebSite","@id":"https:\/\/leocare.eu\/fr\/#website","url":"https:\/\/leocare.eu\/fr\/","name":"Leocare, assurance en ligne automobile et habitation","description":"enfin (r)assur\u00e9.e","publisher":{"@id":"https:\/\/leocare.eu\/fr\/#organization"},"potentialAction":[{"@type":"SearchAction","target":{"@type":"EntryPoint","urlTemplate":"https:\/\/leocare.eu\/fr\/?s={search_term_string}"},"query-input":{"@type":"PropertyValueSpecification","valueRequired":true,"valueName":"search_term_string"}}],"inLanguage":"fr-FR"},{"@type":"Organization","@id":"https:\/\/leocare.eu\/fr\/#organization","name":"Leocare, assurance en ligne automobile et habitation","url":"https:\/\/leocare.eu\/fr\/","logo":{"@type":"ImageObject","inLanguage":"fr-FR","@id":"https:\/\/leocare.eu\/fr\/#\/schema\/logo\/image\/","url":"https:\/\/leocare.eu\/fr\/wp-content\/uploads\/2020\/03\/logo-leocare.svg","contentUrl":"https:\/\/leocare.eu\/fr\/wp-content\/uploads\/2020\/03\/logo-leocare.svg","caption":"Leocare, assurance en ligne automobile et habitation"},"image":{"@id":"https:\/\/leocare.eu\/fr\/#\/schema\/logo\/image\/"}}]}},"_links":{"self":[{"href":"https:\/\/leocare.eu\/fr\/wp-json\/wp\/v2\/pages\/17462","targetHints":{"allow":["GET"]}}],"collection":[{"href":"https:\/\/leocare.eu\/fr\/wp-json\/wp\/v2\/pages"}],"about":[{"href":"https:\/\/leocare.eu\/fr\/wp-json\/wp\/v2\/types\/page"}],"author":[{"embeddable":true,"href":"https:\/\/leocare.eu\/fr\/wp-json\/wp\/v2\/users\/34"}],"replies":[{"embeddable":true,"href":"https:\/\/leocare.eu\/fr\/wp-json\/wp\/v2\/comments?post=17462"}],"version-history":[{"count":13,"href":"https:\/\/leocare.eu\/fr\/wp-json\/wp\/v2\/pages\/17462\/revisions"}],"predecessor-version":[{"id":37198,"href":"https:\/\/leocare.eu\/fr\/wp-json\/wp\/v2\/pages\/17462\/revisions\/37198"}],"up":[{"embeddable":true,"href":"https:\/\/leocare.eu\/fr\/wp-json\/wp\/v2\/pages\/17436"}],"wp:featuredmedia":[{"embeddable":true,"href":"https:\/\/leocare.eu\/fr\/wp-json\/wp\/v2\/media\/17379"}],"wp:attachment":[{"href":"https:\/\/leocare.eu\/fr\/wp-json\/wp\/v2\/media?parent=17462"}],"curies":[{"name":"wp","href":"https:\/\/api.w.org\/{rel}","templated":true}]}}