{"id":17447,"date":"2023-08-01T10:23:57","date_gmt":"2023-08-01T08:23:57","guid":{"rendered":"https:\/\/leocare.eu\/fr\/?page_id=17447"},"modified":"2026-04-07T16:52:15","modified_gmt":"2026-04-07T14:52:15","slug":"vol-dans-voiture","status":"publish","type":"page","link":"https:\/\/leocare.eu\/fr\/assurance-auto-en-ligne\/electrique\/vol-dans-voiture\/","title":{"rendered":"Assurance en cas de vol dans une voiture \u00e9lectrique"},"content":{"rendered":"\n<p>Il arrive parfois que vous ayez oubli\u00e9 des appareils, documents ou autres choses dans votre voiture et que des gens malintentionn\u00e9s les aient d\u00e9rob\u00e9s. Que faire pour pr\u00e9venir cela et quelles sont les d\u00e9marches \u00e0 faire en cas de vol \u00e0 la roulotte ?<\/p>\n\n\n\n<h2 class=\"wp-block-heading\" id=\"section-1\">Savoir ce qu\u2019est une assurance pour voiture \u00e9lectrique<\/h2>\n\n\n\n<p><a href=\"https:\/\/leocare.eu\/fr\/assurance-auto-en-ligne\/electrique\/c-est-quoi\/\">Qu\u2019est-ce qu\u2019une assurance pour voiture \u00e9lectrique<\/a>&nbsp;? Comme pour un v\u00e9hicule essence ou diesel, l\u2019assurance voiture \u00e9lectrique est obligatoire pour circuler. Que vous vouliez une assurance au tiers pour faire des \u00e9conomies ou une couverture tous risques pour les dommages tous accidents entra\u00eenant une prime d\u2019assurance plus \u00e9lev\u00e9e, les compagnies d\u2019assurance vous proposerons chacune des formules diff\u00e9rentes. Pour trouver l\u2019offre qui vous conviendra le mieux, n\u2019h\u00e9sitez pas \u00e0 passer par un comparateur d\u2019assurance qui vous proposera les formules d\u2019assurance les plus adapt\u00e9es \u00e0 vos besoins, votre coefficient bonus-malus et les avantages que vous souhaitez.<br>Par exemple, selon l\u2019autonomie de votre v\u00e9hicule \u00e9lectrique vous pourriez \u00eatre int\u00e9ress\u00e9 par une offre proposant une couverture pour votre borne de recharge \u00e0 domicile.<\/p>\n\n\n\n<div class=\"bon-a-savoir\">\n\n\n\n<h3 class=\"wp-block-heading\">Bon \u00e0 savoir<\/h3>\n\n\n\n<p><em>Vous \u00eates int\u00e9ress\u00e9 par les v\u00e9hicules \u00e9lectriques mais le prix vous inqui\u00e8te ? Sachez que de nombreuses aides financi\u00e8res peuvent vous \u00eatre propos\u00e9es comme le bonus \u00e9cologique ou la prime \u00e0 la conversion. Ces aides ont pour objectifs de convertir un maximum de conducteurs \u00e0 la conduite plus responsable.<\/em><\/p>\n\n\n\n<\/div>\n\n\n\n<h2 class=\"wp-block-heading\" id=\"section-2\">Assurance en cas de vol dans les voitures \u00e9lectriques<\/h2>\n\n\n\n<p>Vous garez votre v\u00e9hicule \u00e9lectrique ou hybride puis partez faire quelques courses avant votre week-end camping et l\u00e0 pas de chance, quelqu\u2019un en profite pour s\u2019introduire dans votre voiture et voler votre appareil photo, votre tente et votre sac de voyage. C\u2019est la panique, mais vous vous dites que l\u2019assurance vol de voiture vous indemnisera rapidement. Pourtant, \u00e7a ne sera pas le cas !<\/p>\n\n\n\n<p>Votre contrat d\u2019<a href=\"https:\/\/leocare.eu\/fr\/assurance-auto-en-ligne\/electrique\/\">assurance voiture \u00e9lectrique<\/a>\u00a0vous couvre <a href=\"https:\/\/leocare.eu\/fr\/assurance-auto-en-ligne\/couverture\/contrat\/releve-information\/malus\/vol-de-voiture\/\">en cas de vol du v\u00e9hicule<\/a> mais cela exclut ce qui se trouve \u00e0 l\u2019int\u00e9rieur. Il est d\u2019ailleurs important de savoir que cette garantie vol elle-m\u00eame peut comporter des exclusions et des conditions de remboursement. Concernant vos affaires, il vous sera impossible de recevoir une indemnisation sans avoir souscrit la garantie compl\u00e9mentaire vol effets personnels.<\/p>\n\n\n\n<h2 class=\"wp-block-heading\" id=\"section-3\">Qu\u2019est-ce que le vol \u00e0 la roulotte ?<\/h2>\n\n\n\n<p>L\u2019expression est ancienne mais ce type d\u2019accident est toujours d\u2019actualit\u00e9. Le vol \u00e0 la roulette d\u00e9signe le vol des objets contenus \u00e0 l\u2019int\u00e9rieur d\u2019un v\u00e9hicule, suite \u00e0 un acte de destruction, de d\u00e9gradation ou de d\u00e9t\u00e9rioration. Le plus souvent, le vol est commis lorsque le v\u00e9hicule est stationn\u00e9 et inoccup\u00e9. Un vol commis sans effraction ne rel\u00e8ve alors pas de cette qualification et est d\u00e9sign\u00e9 comme un \u201cvol simple\u201d.<\/p>\n\n\n\n<h2 class=\"wp-block-heading\" id=\"section-4\">Qu\u2019est-ce que la garantie \u00ab effets personnels \u00bb<\/h2>\n\n\n\n<p>Dans le cas que l\u2019on a cit\u00e9 plus haut, qu\u2019il s\u2019agisse d\u2019un vol \u00e0 la roulotte ou d\u2019un vol simple, cette garantie est indispensable. Elle indemnisera les effets personnels du conducteur et de ses passagers. Si vous avez souscrit une formule tous risques, en principe, la garantie effets personnels est d\u00e9j\u00e0 incluse dans votre contrat.<\/p>\n\n\n\n<p>La garantie contre le vol du contenu d\u2019un v\u00e9hicule \u00e9lectrique couvre :<\/p>\n\n\n\n<ul class=\"wp-block-list\">\n<li>Le vol des bagages<\/li>\n\n\n\n<li>Le vol d\u2019un sac de sport<\/li>\n\n\n\n<li>Le vol du mat\u00e9riel de plage, surf et camping<\/li>\n\n\n\n<li>Le vol de vos appareils \u00e9lectroniques<\/li>\n\n\n\n<li>Le vol de vos courses et achats de no\u00ebl<\/li>\n<\/ul>\n\n\n\n<div class=\"bon-a-savoir\">\n\n\n\n<h3 class=\"wp-block-heading\">Bon \u00e0 savoir<\/h3>\n\n\n\n<p>La nature du contenu concern\u00e9 et le montant de la garantie d\u00e9pendent directement de votre contrat. Pour en conna\u00eetre les d\u00e9tails, mieux vaut faire un peu de lecture et lire les conditions particuli\u00e8res de votre contrat d\u2019assurance.<\/p>\n\n\n\n<\/div>\n\n\n\n<h2 class=\"wp-block-heading\" id=\"section-5\">Que faire en cas de vol d\u2019effets personnels dans sa voiture \u00e9lectrique ?<\/h2>\n\n\n\n<p>Vous avez donc \u00e9t\u00e9 victime du vol d\u2019un appareil \u00e9lectronique, d\u2019un bagage et d\u2019un mat\u00e9riel de camping, maintenant, quelles sont les \u00e9tapes \u00e0 suivre ?<\/p>\n\n\n\n<h3 class=\"wp-block-heading\">D\u00e9clarer le vol<\/h3>\n\n\n\n<p>La premi\u00e8re \u00e9tape sera de se rendre au commissariat de police le plus proche ou \u00e0 la gendarmerie pour d\u00e9clarer le vol. Il est important de noter que vous ne pouvez pas perdre de temps, vous n\u2019avez que 24h pour faire cette d\u00e9claration et ainsi recevoir une indemnisation. Avant d\u2019y aller, listez tous les objets vol\u00e9s. Une fois la plainte d\u00e9pos\u00e9e, contactez votre compagnie d\u2019assurance pour lui faire votre demande de remboursement. Celle-ci devra \u00eatre accompagn\u00e9e de photos, si vous en avez, mais surtout de tous les justificatifs d\u2019achats des effets personnels vol\u00e9s.<\/p>\n\n\n\n<h3 class=\"wp-block-heading\">L\u2019indemnisation<\/h3>\n\n\n\n<p>Le dossier chez votre assureur est complet et finalis\u00e9 ? Il ne vous reste plus qu\u2019\u00e0 attendre et dans les semaines \u00e0 venir vous recevrez une indemnisation d\u2019un montant \u00e9quivalent \u00e0 la valeur actuelle des biens. Si vous observez une d\u00e9cote, elle correspond \u00e0 la prise en compte de la v\u00e9tust\u00e9 de vos effets personnels par votre assureur.<\/p>\n\n\n\n<div class=\"bon-a-savoir\">\n\n\n\n<h3 class=\"wp-block-heading\">Attention<\/h3>\n\n\n\n<p><em>Il est important de conna\u00eetre le plafond d\u2019indemnisation pr\u00e9vu par votre garantie en cas de vol de vos effets personnels dans votre v\u00e9hicule \u00e9lectrique. Lorsque ce montant est d\u00e9pass\u00e9, c\u2019est \u00e0 vous de r\u00e9gler la diff\u00e9rence.<\/em><\/p>\n\n\n\n<\/div>\n\n\n\n<h2 class=\"wp-block-heading\" id=\"section-6\">Franchises et exclusions de garantie en cas de vol d\u2019effets personnels<\/h2>\n\n\n\n<p>Sachez enfin que chaque contrat d\u2019assurance auto \u00e9lectrique ou hybride contient des exclusions de garantie et des franchises particuli\u00e8res,&nbsp;<a href=\"https:\/\/leocare.eu\/fr\/assurance-auto-en-ligne\/electrique\/prix\/\">ce qui peut avoir un impact sur son co\u00fbt<\/a>.<\/p>\n\n\n\n<p>Par exemple, l\u2019assurance effets personnels peut ne pas fonctionner quand votre voiture \u00e9lectrique est stationn\u00e9e en pleine rue. Aussi, certaines compagnies refusent de vous indemniser si votre coffre \u00e9tait non verrouill\u00e9 lors du vol.<\/p>\n\n\n\n<p>Chez Leocare, peu importe votre formule d\u2019assurance, nous vous indemnisons \u00e0 hauteur de 500 \u20ac pour le vol des effets personnels transport\u00e9s dans votre v\u00e9hicule. La franchise, quant \u00e0 elle, se limite \u00e0 80 \u20ac seulement.<\/p>\n\n\n\n<h2 class=\"wp-block-heading\" id=\"section-7\">Comment se pr\u00e9munir contre le vol d\u2019effets personnels ?<\/h2>\n\n\n\n<p>Vous savez maintenant que vous ne pouvez pas acheter une voiture \u00e9lectrique sans assurance et comment \u00eatre indemnis\u00e9 suite au vol de vos effets personnels dans votre voiture, mais vous n\u2019avez toujours pas envie que cela vous arrive.<\/p>\n\n\n\n<p>Pour vous pr\u00e9munir contre une effraction, sachez que les voleurs pr\u00e9f\u00e8rent agir en discr\u00e9tion et qu\u2019ils privil\u00e9gient les cibles faciles. Voici quelques exemples de dispositions \u00e0 prendre pour limiter les risques de vol :<\/p>\n\n\n\n<ul class=\"wp-block-list\">\n<li>Garez-vous au maximum dans des parkings s\u00e9curis\u00e9s, des espaces sous vid\u00e9osurveillance ou des rues \u00e9clair\u00e9es et visibles.<\/li>\n\n\n\n<li>Verrouillez automatiquement toutes les ouvertures de votre v\u00e9hicule.<\/li>\n\n\n\n<li>Ne laissez aucun objet de valeur dans le v\u00e9hicule ou rangez-les \u00e0 l\u2019abri des regards.<\/li>\n\n\n\n<li>Installez une alarme et renforcez vos vitres avec un film adh\u00e9sif antivol.<\/li>\n<\/ul>\n\n\n\n<div class=\"bon-a-savoir\">\n\n\n\n<h3 class=\"wp-block-heading\">Est-ce plus cher d&rsquo;assurer une voiture \u00e9lectrique ?<\/h3>\n\n\n\n<p>L\u2019assurance d\u2019un v\u00e9hicule \u00e9lectrique peut \u00eatre&nbsp;<a href=\"https:\/\/leocare.eu\/fr\/assurance-auto-en-ligne\/electrique\/plus-cher\/\">plus ch\u00e8re, moins ch\u00e8re ou comparable<\/a>&nbsp;\u00e0 celle d\u2019une voiture \u00e0 essence, en fonction de divers facteurs dont les compagnies d\u2019assurance. Voici quelques \u00e9l\u00e9ments \u00e0 prendre en compte lors de l\u2019assurance d\u2019une voiture \u00e9lectrique :<\/p>\n\n\n\n<ul class=\"wp-block-list\">\n<li>valeur du v\u00e9hicule ;<\/li>\n\n\n\n<li>autonomie de la batterie ;<\/li>\n\n\n\n<li>profil du conducteur.<\/li>\n<\/ul>\n\n\n\n<\/div>\n\n\n\n<p><\/p>\n","protected":false},"excerpt":{"rendered":"<p>Il arrive parfois que vous ayez oubli\u00e9 des appareils, documents ou autres choses dans votre voiture et que des gens malintentionn\u00e9s les aient d\u00e9rob\u00e9s. Que faire pour pr\u00e9venir cela et quelles sont les d\u00e9marches \u00e0 faire en cas de vol \u00e0 la roulotte ? Savoir ce qu\u2019est une assurance pour voiture \u00e9lectrique Qu\u2019est-ce qu\u2019une assurance [&hellip;]<\/p>\n","protected":false},"author":34,"featured_media":17380,"parent":17436,"menu_order":0,"comment_status":"closed","ping_status":"closed","template":"template_seo.php","meta":{"_acf_changed":false,"footnotes":""},"class_list":["post-17447","page","type-page","status-publish","has-post-thumbnail","hentry"],"acf":[],"yoast_head":"<!-- This site is optimized with the Yoast SEO plugin v27.3 - https:\/\/yoast.com\/product\/yoast-seo-wordpress\/ -->\n<title>Assurance en cas de vol dans une voiture \u00e9lectrique - Leocare<\/title>\n<meta name=\"description\" content=\"Prot\u00e9gez efficacement votre voiture \u00e9lectrique en cas de vol. D\u00e9couvrez nos offres d&#039;assurance. Agissez maintenant pour votre tranquillit\u00e9 d&#039;esprit !\" \/>\n<meta name=\"robots\" content=\"index, follow, max-snippet:-1, max-image-preview:large, max-video-preview:-1\" \/>\n<link rel=\"canonical\" href=\"https:\/\/leocare.eu\/fr\/assurance-auto-en-ligne\/electrique\/vol-dans-voiture\/\" \/>\n<meta property=\"og:locale\" content=\"fr_FR\" \/>\n<meta property=\"og:type\" content=\"article\" \/>\n<meta property=\"og:title\" content=\"Assurance en cas de vol dans une voiture \u00e9lectrique - Leocare\" \/>\n<meta property=\"og:description\" content=\"Prot\u00e9gez efficacement votre voiture \u00e9lectrique en cas de vol. D\u00e9couvrez nos offres d&#039;assurance. Agissez maintenant pour votre tranquillit\u00e9 d&#039;esprit !\" \/>\n<meta property=\"og:url\" content=\"https:\/\/leocare.eu\/fr\/assurance-auto-en-ligne\/electrique\/vol-dans-voiture\/\" \/>\n<meta property=\"og:site_name\" content=\"Leocare, assurance en ligne automobile et habitation\" \/>\n<meta property=\"article:modified_time\" content=\"2026-04-07T14:52:15+00:00\" \/>\n<meta property=\"og:image\" content=\"https:\/\/leocare.eu\/fr\/wp-content\/uploads\/2021\/01\/assurance-vol-dans-voiture-electrique.jpg\" \/>\n\t<meta property=\"og:image:width\" content=\"1900\" \/>\n\t<meta property=\"og:image:height\" content=\"1200\" \/>\n\t<meta property=\"og:image:type\" content=\"image\/jpeg\" \/>\n<meta name=\"twitter:card\" content=\"summary_large_image\" \/>\n<meta name=\"twitter:label1\" content=\"Dur\u00e9e de lecture estim\u00e9e\" \/>\n\t<meta name=\"twitter:data1\" content=\"6 minutes\" \/>\n<!-- \/ Yoast SEO plugin. -->","yoast_head_json":{"title":"Assurance en cas de vol dans une voiture \u00e9lectrique - Leocare","description":"Prot\u00e9gez efficacement votre voiture \u00e9lectrique en cas de vol. D\u00e9couvrez nos offres d'assurance. Agissez maintenant pour votre tranquillit\u00e9 d'esprit !","robots":{"index":"index","follow":"follow","max-snippet":"max-snippet:-1","max-image-preview":"max-image-preview:large","max-video-preview":"max-video-preview:-1"},"canonical":"https:\/\/leocare.eu\/fr\/assurance-auto-en-ligne\/electrique\/vol-dans-voiture\/","og_locale":"fr_FR","og_type":"article","og_title":"Assurance en cas de vol dans une voiture \u00e9lectrique - Leocare","og_description":"Prot\u00e9gez efficacement votre voiture \u00e9lectrique en cas de vol. D\u00e9couvrez nos offres d'assurance. Agissez maintenant pour votre tranquillit\u00e9 d'esprit !","og_url":"https:\/\/leocare.eu\/fr\/assurance-auto-en-ligne\/electrique\/vol-dans-voiture\/","og_site_name":"Leocare, assurance en ligne automobile et habitation","article_modified_time":"2026-04-07T14:52:15+00:00","og_image":[{"width":1900,"height":1200,"url":"https:\/\/leocare.eu\/fr\/wp-content\/uploads\/2021\/01\/assurance-vol-dans-voiture-electrique.jpg","type":"image\/jpeg"}],"twitter_card":"summary_large_image","twitter_misc":{"Dur\u00e9e de lecture estim\u00e9e":"6 minutes"},"schema":{"@context":"https:\/\/schema.org","@graph":[{"@type":"WebPage","@id":"https:\/\/leocare.eu\/fr\/assurance-auto-en-ligne\/electrique\/vol-dans-voiture\/","url":"https:\/\/leocare.eu\/fr\/assurance-auto-en-ligne\/electrique\/vol-dans-voiture\/","name":"Assurance en cas de vol dans une voiture \u00e9lectrique - Leocare","isPartOf":{"@id":"https:\/\/leocare.eu\/fr\/#website"},"primaryImageOfPage":{"@id":"https:\/\/leocare.eu\/fr\/assurance-auto-en-ligne\/electrique\/vol-dans-voiture\/#primaryimage"},"image":{"@id":"https:\/\/leocare.eu\/fr\/assurance-auto-en-ligne\/electrique\/vol-dans-voiture\/#primaryimage"},"thumbnailUrl":"https:\/\/leocare.eu\/fr\/wp-content\/uploads\/2021\/01\/assurance-vol-dans-voiture-electrique.jpg","datePublished":"2023-08-01T08:23:57+00:00","dateModified":"2026-04-07T14:52:15+00:00","description":"Prot\u00e9gez efficacement votre voiture \u00e9lectrique en cas de vol. D\u00e9couvrez nos offres d'assurance. Agissez maintenant pour votre tranquillit\u00e9 d'esprit !","breadcrumb":{"@id":"https:\/\/leocare.eu\/fr\/assurance-auto-en-ligne\/electrique\/vol-dans-voiture\/#breadcrumb"},"inLanguage":"fr-FR","potentialAction":[{"@type":"ReadAction","target":["https:\/\/leocare.eu\/fr\/assurance-auto-en-ligne\/electrique\/vol-dans-voiture\/"]}]},{"@type":"ImageObject","inLanguage":"fr-FR","@id":"https:\/\/leocare.eu\/fr\/assurance-auto-en-ligne\/electrique\/vol-dans-voiture\/#primaryimage","url":"https:\/\/leocare.eu\/fr\/wp-content\/uploads\/2021\/01\/assurance-vol-dans-voiture-electrique.jpg","contentUrl":"https:\/\/leocare.eu\/fr\/wp-content\/uploads\/2021\/01\/assurance-vol-dans-voiture-electrique.jpg","width":1900,"height":1200,"caption":"assurance vol dans voiture \u00e9lectrique"},{"@type":"WebSite","@id":"https:\/\/leocare.eu\/fr\/#website","url":"https:\/\/leocare.eu\/fr\/","name":"Leocare, assurance en ligne automobile et habitation","description":"enfin (r)assur\u00e9.e","publisher":{"@id":"https:\/\/leocare.eu\/fr\/#organization"},"potentialAction":[{"@type":"SearchAction","target":{"@type":"EntryPoint","urlTemplate":"https:\/\/leocare.eu\/fr\/?s={search_term_string}"},"query-input":{"@type":"PropertyValueSpecification","valueRequired":true,"valueName":"search_term_string"}}],"inLanguage":"fr-FR"},{"@type":"Organization","@id":"https:\/\/leocare.eu\/fr\/#organization","name":"Leocare, assurance en ligne automobile et habitation","url":"https:\/\/leocare.eu\/fr\/","logo":{"@type":"ImageObject","inLanguage":"fr-FR","@id":"https:\/\/leocare.eu\/fr\/#\/schema\/logo\/image\/","url":"https:\/\/leocare.eu\/fr\/wp-content\/uploads\/2020\/03\/logo-leocare.svg","contentUrl":"https:\/\/leocare.eu\/fr\/wp-content\/uploads\/2020\/03\/logo-leocare.svg","caption":"Leocare, assurance en ligne automobile et habitation"},"image":{"@id":"https:\/\/leocare.eu\/fr\/#\/schema\/logo\/image\/"}}]}},"_links":{"self":[{"href":"https:\/\/leocare.eu\/fr\/wp-json\/wp\/v2\/pages\/17447","targetHints":{"allow":["GET"]}}],"collection":[{"href":"https:\/\/leocare.eu\/fr\/wp-json\/wp\/v2\/pages"}],"about":[{"href":"https:\/\/leocare.eu\/fr\/wp-json\/wp\/v2\/types\/page"}],"author":[{"embeddable":true,"href":"https:\/\/leocare.eu\/fr\/wp-json\/wp\/v2\/users\/34"}],"replies":[{"embeddable":true,"href":"https:\/\/leocare.eu\/fr\/wp-json\/wp\/v2\/comments?post=17447"}],"version-history":[{"count":14,"href":"https:\/\/leocare.eu\/fr\/wp-json\/wp\/v2\/pages\/17447\/revisions"}],"predecessor-version":[{"id":37199,"href":"https:\/\/leocare.eu\/fr\/wp-json\/wp\/v2\/pages\/17447\/revisions\/37199"}],"up":[{"embeddable":true,"href":"https:\/\/leocare.eu\/fr\/wp-json\/wp\/v2\/pages\/17436"}],"wp:featuredmedia":[{"embeddable":true,"href":"https:\/\/leocare.eu\/fr\/wp-json\/wp\/v2\/media\/17380"}],"wp:attachment":[{"href":"https:\/\/leocare.eu\/fr\/wp-json\/wp\/v2\/media?parent=17447"}],"curies":[{"name":"wp","href":"https:\/\/api.w.org\/{rel}","templated":true}]}}