{"id":17441,"date":"2023-08-01T10:45:31","date_gmt":"2023-08-01T08:45:31","guid":{"rendered":"https:\/\/leocare.eu\/fr\/?page_id=17441"},"modified":"2026-04-07T16:52:14","modified_gmt":"2026-04-07T14:52:14","slug":"pret","status":"publish","type":"page","link":"https:\/\/leocare.eu\/fr\/assurance-auto-en-ligne\/electrique\/pret\/","title":{"rendered":"Assurance en cas de pr\u00eat d\u2019une voiture \u00e9lectrique"},"content":{"rendered":"\n<p>Vous avez une voiture \u00e9lectrique et un membre de votre famille ou un ami vous demande de vous l\u2019emprunter ? Avant de pr\u00eater vos cl\u00e9s, vous devez <a href=\"https:\/\/leocare.eu\/fr\/assurance-auto-en-ligne\/electrique\/a-savoir\/\">conna\u00eetre les immanquables de l\u2019assurance voiture \u00e9lectrique<\/a> et les risques associ\u00e9s au pr\u00eat du v\u00e9hicule. Comme vous le savez s\u00fbrement, l\u2019assurance d\u2019un v\u00e9hicule \u00e9lectrique ou hybride est obligatoire, au m\u00eame titre que celle d\u2019une voiture essence ou diesel. Les assurances pour v\u00e9hicules \u00e9lectriques diff\u00e8rent en fonction des formules et des compagnies d\u2019assurance. Cependant, si vous pr\u00eatez votre v\u00e9hicule \u00e0 un proche et que celui-ci cause un accident, vous devez \u00eatre assur\u00e9 pour ce type de sinistre afin de recevoir une indemnisation. Pour \u00eatre couvert pour ce qu\u2019on appelle le pr\u00eat de volant, il suffit de souscrire une garantie compl\u00e9mentaire \u00e0 votre\u00a0<a href=\"https:\/\/leocare.eu\/fr\/assurance-auto-en-ligne\/electrique\/\">assurance voiture \u00e9lectrique<\/a>. Avec cette garantie, les conducteurs inclus dans votre contrat seront couverts pour les dommages mat\u00e9riels et autres sinistres.<\/p>\n\n\n\n<h2 class=\"wp-block-heading\" id=\"section-1\">Quelles sont les conditions pour pr\u00eater sa voiture \u00e9lectrique ?<\/h2>\n\n\n\n<p>Tous les assureurs proposent des conditions sp\u00e9cifiques pour le pr\u00eat des voitures \u00e9lectriques. Face aux nombreuses fraudes des automobilistes, les compagnies ajoutent souvent une clause de \u00ab conducteur exclusif \u00bb. Si c\u2019est inscrit sur votre contrat, vous avez l\u2019interdiction de pr\u00eater votre volant \u00e0 quelqu\u2019un !<\/p>\n\n\n\n<ul class=\"wp-block-list\">\n<li>Autrement dit, vous seul pouvez conduire le v\u00e9hicule assur\u00e9. Si cette clause n\u2019appara\u00eet pas sur votre contrat, voici la liste des conditions que vous pourrez rencontrer avant de pr\u00eater votre v\u00e9hicule :<\/li>\n\n\n\n<li>Vous avez le droit de pr\u00eater votre voiture \u00e9lectrique uniquement aux membres de votre famille.<\/li>\n\n\n\n<li>Vous ne pouvez pas pr\u00eater votre voiture \u00e0 un jeune conducteur, m\u00eame s\u2019il fait partie de votre cadre familial.<\/li>\n\n\n\n<li>La franchise auto sera major\u00e9e en cas d\u2019accident responsable de l\u2019automobiliste \u00e0 qui vous avez pr\u00eat\u00e9 votre v\u00e9hicule \u00e9lectrique.<\/li>\n\n\n\n<li>Vous pouvez pr\u00eater votre voiture \u00e9lectrique sans aucune limite. Tout le monde peut la conduire, mais c\u2019est vous qui subissez le malus en cas d\u2019accident responsable.<\/li>\n<\/ul>\n\n\n\n<p>Chez Leocare, tout est simplifi\u00e9 gr\u00e2ce \u00e0 la clause \u00ab conducteur non d\u00e9nomm\u00e9 \u00bb qui vous autorise \u00e0 pr\u00eater votre v\u00e9hicule sur chaque contrat.<\/p>\n\n\n\n<h2 class=\"wp-block-heading\" id=\"section-2\">Assurance v\u00e9hicule \u00e9lectrique et pr\u00eat de volant : que se passe-t-il en cas d\u2019accident ?<\/h2>\n\n\n\n<p>Rassurez-vous, la responsabilit\u00e9 civile de votre assurance auto fonctionne tout autant lorsqu\u2019un ami a un accident avec votre voiture \u00e9lectrique.<\/p>\n\n\n\n<ul class=\"wp-block-list\">\n<li>Dans le cas d\u2019un accident, deux solutions d\u2019indemnisation existent :<\/li>\n\n\n\n<li>Votre proche a un accident non responsable avec votre voiture, l\u2019assurance du conducteur responsable du sinistre se charge des frais.<\/li>\n\n\n\n<li>Votre proche a un accident responsable avec votre voiture, alors c\u2019est comme si vous \u00e9tiez vous-m\u00eame au volant.<\/li>\n<\/ul>\n\n\n\n<p>En cas de sinistre classique, comme une panne de batterie loin d\u2019une borne de recharge, le conducteur occasionnel pourra b\u00e9n\u00e9ficier des conditions d\u2019assistance pr\u00e9vues dans votre contrat, sans augmentation de votre cotisation. Pas d\u2019inqui\u00e9tude, donc, si ce conducteur n\u2019est pas habitu\u00e9 \u00e0 g\u00e9rer l\u2019autonomie d\u2019une voiture \u00e9lectrique !<\/p>\n\n\n\n<h2 class=\"wp-block-heading\" id=\"section-3\">Assurance voiture \u00e9lectrique : quelle franchise en cas de pr\u00eat du v\u00e9hicule ?<\/h2>\n\n\n\n<p>La franchise pr\u00eat de volant est souvent major\u00e9e lors d\u2019un sinistre responsable.<br>Chez Leocare, la transparence est importante : la franchise d\u2019assurance automobile est de 900 \u20ac. Celle-ci est appliqu\u00e9e apr\u00e8s un accident responsable de l\u2019automobiliste \u00e0 qui vous pr\u00eatez votre v\u00e9hicule. Aussi, c\u2019est vous-m\u00eame, en tant qu\u2019assur\u00e9, qui enregistrez un malus \u00e0 la suite de ce sinistre et qui risquez de voir votre prime d\u2019assurance augmenter.<\/p>\n\n\n\n<p>Lors d\u2019un accident non responsable, la franchise \u00ab accident non responsable \u00bb s\u2019applique. Son montant vous est alors rembours\u00e9 par l\u2019assurance de l\u2019automobiliste responsable dans les plus brefs d\u00e9lais.<\/p>\n\n\n\n<h2 class=\"wp-block-heading\" id=\"section-4\">Quelles sont les diff\u00e9rentes formules d\u2019assurances pour une voiture \u00e9lectrique ?<\/h2>\n\n\n\n<p>Comme dit plus haut,&nbsp;<a href=\"https:\/\/leocare.eu\/fr\/assurance-auto-en-ligne\/electrique\/acheter-sans-assurance\/\">l\u2019assurance d\u2019un v\u00e9hicule \u00e9lectrique est obligatoire<\/a>, comme celle d\u2019un v\u00e9hicule thermique. Peu importe la formule d\u2019assurance que vous choisissez, vous aurez forc\u00e9ment une assurance responsabilit\u00e9 civile qui vous couvrira pour les dommages mat\u00e9riels, corporels et immat\u00e9riels que vous pourriez causer \u00e0 un tiers. L\u2019assurance au tiers pour voiture \u00e9lectrique pourrait vous correspondre si vous roulez peu et que vous avez un petit budget.<\/p>\n\n\n\n<p>Pour plus de couverture, vous pouvez opter pour une offre plus compl\u00e8te. L\u2019assurance au tiers plus vous permet d\u2019\u00eatre couvert pour&nbsp;<a href=\"https:\/\/leocare.eu\/fr\/assurance-auto-en-ligne\/electrique\/vol\/\">le vol de votre v\u00e9hicule \u00e9lectrique<\/a>, les incendies, les bris de glace, les temp\u00eates et les catastrophes naturelles. Cette formule va au-del\u00e0 de la protection responsabilit\u00e9 civile obligatoire et vous permet de circuler en toute s\u00e9r\u00e9nit\u00e9. Vous profitez d\u2019une couverture \u00e9tendue sans payer des cotisations aussi \u00e9lev\u00e9es qu\u2019en tous risques.<\/p>\n\n\n\n<p>Enfin, pour la couverture la plus compl\u00e8te, optez pour l\u2019assurance tous risques. Cette formule couvre votre responsabilit\u00e9 civile, les bris de glace, le vandalisme, le vol de votre v\u00e9hicule, mais surtout, vous \u00eates prot\u00e9g\u00e9s contre les dommages tous accidents. Ce qui veut dire que votre assurance vous assure vous et vos passagers, que vous soyez responsable ou non du sinistre. Enfin, vous profitez d\u2019une protection juridique qui vous permet d\u2019\u00eatre conseill\u00e9 par des professionnels du droit suite \u00e0 un sinistre et qui prendra en charge les frais de proc\u00e9dure et d\u2019avocat.<\/p>\n","protected":false},"excerpt":{"rendered":"<p>Vous avez une voiture \u00e9lectrique et un membre de votre famille ou un ami vous demande de vous l\u2019emprunter ? Avant de pr\u00eater vos cl\u00e9s, vous devez conna\u00eetre les immanquables de l\u2019assurance voiture \u00e9lectrique et les risques associ\u00e9s au pr\u00eat du v\u00e9hicule. Comme vous le savez s\u00fbrement, l\u2019assurance d\u2019un v\u00e9hicule \u00e9lectrique ou hybride est obligatoire, [&hellip;]<\/p>\n","protected":false},"author":34,"featured_media":17378,"parent":17436,"menu_order":0,"comment_status":"closed","ping_status":"closed","template":"template_seo.php","meta":{"_acf_changed":false,"footnotes":""},"class_list":["post-17441","page","type-page","status-publish","has-post-thumbnail","hentry"],"acf":[],"yoast_head":"<!-- This site is optimized with the Yoast SEO plugin v27.3 - https:\/\/yoast.com\/product\/yoast-seo-wordpress\/ -->\n<title>Assurance en cas de pr\u00eat d&#039;une voiture \u00e9lectrique : tout savoir<\/title>\n<meta name=\"description\" content=\"D\u00e9couvrez les avantages de l&#039;assurance de pr\u00eat pour voiture \u00e9lectrique. Assurez votre tranquillit\u00e9 et agissez pour l&#039;environnement. Lisez notre article d\u00e8s maintenant!\" \/>\n<meta name=\"robots\" content=\"index, follow, max-snippet:-1, max-image-preview:large, max-video-preview:-1\" \/>\n<link rel=\"canonical\" href=\"https:\/\/leocare.eu\/fr\/assurance-auto-en-ligne\/electrique\/pret\/\" \/>\n<meta property=\"og:locale\" content=\"fr_FR\" \/>\n<meta property=\"og:type\" content=\"article\" \/>\n<meta property=\"og:title\" content=\"Assurance en cas de pr\u00eat d&#039;une voiture \u00e9lectrique : tout savoir\" \/>\n<meta property=\"og:description\" content=\"D\u00e9couvrez les avantages de l&#039;assurance de pr\u00eat pour voiture \u00e9lectrique. Assurez votre tranquillit\u00e9 et agissez pour l&#039;environnement. Lisez notre article d\u00e8s maintenant!\" \/>\n<meta property=\"og:url\" content=\"https:\/\/leocare.eu\/fr\/assurance-auto-en-ligne\/electrique\/pret\/\" \/>\n<meta property=\"og:site_name\" content=\"Leocare, assurance en ligne automobile et habitation\" \/>\n<meta property=\"article:modified_time\" content=\"2026-04-07T14:52:14+00:00\" \/>\n<meta property=\"og:image\" content=\"https:\/\/leocare.eu\/fr\/wp-content\/uploads\/2021\/01\/assurance-pret-voiture-electrique.jpg\" \/>\n\t<meta property=\"og:image:width\" content=\"1900\" \/>\n\t<meta property=\"og:image:height\" content=\"1200\" \/>\n\t<meta property=\"og:image:type\" content=\"image\/jpeg\" \/>\n<meta name=\"twitter:card\" content=\"summary_large_image\" \/>\n<meta name=\"twitter:label1\" content=\"Dur\u00e9e de lecture estim\u00e9e\" \/>\n\t<meta name=\"twitter:data1\" content=\"5 minutes\" \/>\n<!-- \/ Yoast SEO plugin. -->","yoast_head_json":{"title":"Assurance en cas de pr\u00eat d'une voiture \u00e9lectrique : tout savoir","description":"D\u00e9couvrez les avantages de l'assurance de pr\u00eat pour voiture \u00e9lectrique. Assurez votre tranquillit\u00e9 et agissez pour l'environnement. Lisez notre article d\u00e8s maintenant!","robots":{"index":"index","follow":"follow","max-snippet":"max-snippet:-1","max-image-preview":"max-image-preview:large","max-video-preview":"max-video-preview:-1"},"canonical":"https:\/\/leocare.eu\/fr\/assurance-auto-en-ligne\/electrique\/pret\/","og_locale":"fr_FR","og_type":"article","og_title":"Assurance en cas de pr\u00eat d'une voiture \u00e9lectrique : tout savoir","og_description":"D\u00e9couvrez les avantages de l'assurance de pr\u00eat pour voiture \u00e9lectrique. Assurez votre tranquillit\u00e9 et agissez pour l'environnement. Lisez notre article d\u00e8s maintenant!","og_url":"https:\/\/leocare.eu\/fr\/assurance-auto-en-ligne\/electrique\/pret\/","og_site_name":"Leocare, assurance en ligne automobile et habitation","article_modified_time":"2026-04-07T14:52:14+00:00","og_image":[{"width":1900,"height":1200,"url":"https:\/\/leocare.eu\/fr\/wp-content\/uploads\/2021\/01\/assurance-pret-voiture-electrique.jpg","type":"image\/jpeg"}],"twitter_card":"summary_large_image","twitter_misc":{"Dur\u00e9e de lecture estim\u00e9e":"5 minutes"},"schema":{"@context":"https:\/\/schema.org","@graph":[{"@type":"WebPage","@id":"https:\/\/leocare.eu\/fr\/assurance-auto-en-ligne\/electrique\/pret\/","url":"https:\/\/leocare.eu\/fr\/assurance-auto-en-ligne\/electrique\/pret\/","name":"Assurance en cas de pr\u00eat d'une voiture \u00e9lectrique : tout savoir","isPartOf":{"@id":"https:\/\/leocare.eu\/fr\/#website"},"primaryImageOfPage":{"@id":"https:\/\/leocare.eu\/fr\/assurance-auto-en-ligne\/electrique\/pret\/#primaryimage"},"image":{"@id":"https:\/\/leocare.eu\/fr\/assurance-auto-en-ligne\/electrique\/pret\/#primaryimage"},"thumbnailUrl":"https:\/\/leocare.eu\/fr\/wp-content\/uploads\/2021\/01\/assurance-pret-voiture-electrique.jpg","datePublished":"2023-08-01T08:45:31+00:00","dateModified":"2026-04-07T14:52:14+00:00","description":"D\u00e9couvrez les avantages de l'assurance de pr\u00eat pour voiture \u00e9lectrique. Assurez votre tranquillit\u00e9 et agissez pour l'environnement. Lisez notre article d\u00e8s maintenant!","breadcrumb":{"@id":"https:\/\/leocare.eu\/fr\/assurance-auto-en-ligne\/electrique\/pret\/#breadcrumb"},"inLanguage":"fr-FR","potentialAction":[{"@type":"ReadAction","target":["https:\/\/leocare.eu\/fr\/assurance-auto-en-ligne\/electrique\/pret\/"]}]},{"@type":"ImageObject","inLanguage":"fr-FR","@id":"https:\/\/leocare.eu\/fr\/assurance-auto-en-ligne\/electrique\/pret\/#primaryimage","url":"https:\/\/leocare.eu\/fr\/wp-content\/uploads\/2021\/01\/assurance-pret-voiture-electrique.jpg","contentUrl":"https:\/\/leocare.eu\/fr\/wp-content\/uploads\/2021\/01\/assurance-pret-voiture-electrique.jpg","width":1900,"height":1200,"caption":"assurance pret voiture \u00e9lectrique"},{"@type":"WebSite","@id":"https:\/\/leocare.eu\/fr\/#website","url":"https:\/\/leocare.eu\/fr\/","name":"Leocare, assurance en ligne automobile et habitation","description":"enfin (r)assur\u00e9.e","publisher":{"@id":"https:\/\/leocare.eu\/fr\/#organization"},"potentialAction":[{"@type":"SearchAction","target":{"@type":"EntryPoint","urlTemplate":"https:\/\/leocare.eu\/fr\/?s={search_term_string}"},"query-input":{"@type":"PropertyValueSpecification","valueRequired":true,"valueName":"search_term_string"}}],"inLanguage":"fr-FR"},{"@type":"Organization","@id":"https:\/\/leocare.eu\/fr\/#organization","name":"Leocare, assurance en ligne automobile et habitation","url":"https:\/\/leocare.eu\/fr\/","logo":{"@type":"ImageObject","inLanguage":"fr-FR","@id":"https:\/\/leocare.eu\/fr\/#\/schema\/logo\/image\/","url":"https:\/\/leocare.eu\/fr\/wp-content\/uploads\/2020\/03\/logo-leocare.svg","contentUrl":"https:\/\/leocare.eu\/fr\/wp-content\/uploads\/2020\/03\/logo-leocare.svg","caption":"Leocare, assurance en ligne automobile et habitation"},"image":{"@id":"https:\/\/leocare.eu\/fr\/#\/schema\/logo\/image\/"}}]}},"_links":{"self":[{"href":"https:\/\/leocare.eu\/fr\/wp-json\/wp\/v2\/pages\/17441","targetHints":{"allow":["GET"]}}],"collection":[{"href":"https:\/\/leocare.eu\/fr\/wp-json\/wp\/v2\/pages"}],"about":[{"href":"https:\/\/leocare.eu\/fr\/wp-json\/wp\/v2\/types\/page"}],"author":[{"embeddable":true,"href":"https:\/\/leocare.eu\/fr\/wp-json\/wp\/v2\/users\/34"}],"replies":[{"embeddable":true,"href":"https:\/\/leocare.eu\/fr\/wp-json\/wp\/v2\/comments?post=17441"}],"version-history":[{"count":13,"href":"https:\/\/leocare.eu\/fr\/wp-json\/wp\/v2\/pages\/17441\/revisions"}],"predecessor-version":[{"id":37206,"href":"https:\/\/leocare.eu\/fr\/wp-json\/wp\/v2\/pages\/17441\/revisions\/37206"}],"up":[{"embeddable":true,"href":"https:\/\/leocare.eu\/fr\/wp-json\/wp\/v2\/pages\/17436"}],"wp:featuredmedia":[{"embeddable":true,"href":"https:\/\/leocare.eu\/fr\/wp-json\/wp\/v2\/media\/17378"}],"wp:attachment":[{"href":"https:\/\/leocare.eu\/fr\/wp-json\/wp\/v2\/media?parent=17441"}],"curies":[{"name":"wp","href":"https:\/\/api.w.org\/{rel}","templated":true}]}}