{"id":17436,"date":"2023-08-01T09:50:02","date_gmt":"2023-08-01T07:50:02","guid":{"rendered":"https:\/\/leocare.eu\/fr\/?page_id=17436"},"modified":"2026-04-07T16:36:40","modified_gmt":"2026-04-07T14:36:40","slug":"electrique","status":"publish","type":"page","link":"https:\/\/leocare.eu\/fr\/assurance-auto-en-ligne\/electrique\/","title":{"rendered":"Assurance voiture \u00e9lectrique"},"content":{"rendered":"\n<p>Quand on fait le choix de conduire un v\u00e9hicule \u00e9lectrique, on le fait pour le confort et l\u2019exp\u00e9rience de conduite que ce type de motorisation offre. Forc\u00e9ment, qui dit v\u00e9hicule \u00e9lectrique dit forc\u00e9ment autonomie, utilisation diff\u00e9rente et donc garanties et assurances diff\u00e9rentes ! Quand vous changez de maison, il faut aussi changer d\u2019assurance habitation pour s\u2019adapter \u00e0 votre nouveau chez-vous ! Assurance au tiers ? Tiers plus ? Tous risques ? <a href=\"https:\/\/leocare.eu\/fr\/assurance-auto-en-ligne\/electrique\/c-est-quoi\/\">Qu\u2019est-ce qu\u2019une assurance pour voiture \u00e9lectrique<\/a> et quelle offre choisir ? On fait le tour !<\/p>\n\n\n\n<h2 class=\"wp-block-heading\" id=\"anchor1\">Les diff\u00e9rentes offres d\u2019assurance de voiture \u00e9lectrique<\/h2>\n\n\n\n<p>Les voitures \u00e9lectriques poss\u00e8dent de superbes avantages : <strong>l\u2019\u00e9cologie et l\u2019exp\u00e9rience de conduite. <\/strong>Cependant, un petit b\u00e9mol subsiste : l\u2019autonomie !<\/p>\n\n\n\n<p>C\u2019est la raison pour laquelle il faut choisir la bonne offre d\u2019assurance !<\/p>\n\n\n\n<p>Et d\u2019ailleurs, on va commencer par l\u2019assurance auto au tiers.<\/p>\n\n\n\n<h3 class=\"wp-block-heading\">La couverture d\u2019une assurance au tiers pour une voiture \u00e9lectrique<\/h3>\n\n\n\n<p>Pour les conducteurs qui pensaient avoir acc\u00e8s \u00e0 plein de services notamment pour l\u2019installation de sa borne\u2026 <strong>d\u00e9sol\u00e9 mais la plupart des compagnies d\u2019assurances auto ne recommandent pas de\u00a0<a href=\"https:\/\/leocare.eu\/fr\/assurance-auto-en-ligne\/electrique\/tiers\/\">souscrire une assurance au tiers<\/a>.<\/strong><\/p>\n\n\n\n<h3 class=\"wp-block-heading\">Pourquoi ?<\/h3>\n\n\n\n<p>M\u00eame si chez Leocare, vous profitez d\u00e8s la formule tiers de nombreux avantages comme :<\/p>\n\n\n\n<ul class=\"wp-block-list\">\n<li><strong>Prise en charge des frais de d\u00e9pannage<\/strong> et de remorquage<\/li>\n\n\n\n<li><strong>Mise \u00e0 disposition d\u2019un v\u00e9hicule de remplacement<\/strong><\/li>\n\n\n\n<li><strong>Assistance 0 km<\/strong><\/li>\n\n\n\n<li><strong>Couverture des d\u00e9g\u00e2ts avec une franchise bris de glace<\/strong> et non une franchise tout accident en cas de dommages sur le toit panoramique<\/li>\n\n\n\n<li><strong>Prise en charge de la batterie et du c\u00e2ble de rechargement<\/strong> au-del\u00e0 de la garantie constructeur<\/li>\n<\/ul>\n\n\n\n<p><strong>Il n\u2019est pas forc\u00e9ment judicieux de souscrire une assurance au tiers car la valeur d\u2019un v\u00e9hicule \u00e9lectrique est en moyenne 30% plus ch\u00e8re que son homologue thermique.<\/strong> Par cons\u00e9quent, plus la valeur du v\u00e9hicule est \u00e9lev\u00e9e, plus il est recommand\u00e9 d\u2019opter pour une couverture plus renforc\u00e9e pour sa voiture.<\/p>\n\n\n\n<figure class=\"wp-block-table\"><table class=\"has-fixed-layout\"><thead><tr><th>Marque et mod\u00e8le<\/th><th>Prime Tiers<\/th><th>Prime Tiers Plus<\/th><th>Prime Tous Risques<\/th><\/tr><\/thead><tbody><tr><td>Nissan Leaf<\/td><td><span class=\"change-price\">297<\/span>\u20ac<\/td><td><span class=\"change-price\">374<\/span>\u20ac<\/td><td><span class=\"change-price\">485<\/span>\u20ac<\/td><\/tr><tr><td>Hyundai Kona<\/td><td><span class=\"change-price\">309<\/span>\u20ac<\/td><td><span class=\"change-price\">393<\/span>\u20ac<\/td><td><span class=\"change-price\">511<\/span>\u20ac<\/td><\/tr><tr><td>Tesla Model S<\/td><td><span class=\"change-price\">392<\/span>\u20ac<\/td><td><span class=\"change-price\">718<\/span>\u20ac<\/td><td><span class=\"change-price\">1 064<\/span>\u20ac<\/td><\/tr><tr><td>BMW i3<\/td><td><span class=\"change-price\">300<\/span>\u20ac<\/td><td><span class=\"change-price\">380<\/span>\u20ac<\/td><td><span class=\"change-price\">492<\/span>\u20ac<\/td><\/tr><tr><td>Mini Mini<\/td><td><span class=\"change-price\">274<\/span>\u20ac<\/td><td><span class=\"change-price\">354<\/span>\u20ac<\/td><td><span class=\"change-price\">459<\/span>\u20ac<\/td><\/tr><tr><td>Opel Corsa VI<\/td><td><span class=\"change-price\">305<\/span>\u20ac<\/td><td><span class=\"change-price\">379<\/span>\u20ac<\/td><td><span class=\"change-price\">489<\/span>\u20ac<\/td><\/tr><tr><td>Dacia Spring<\/td><td><span class=\"change-price\">244<\/span>\u20ac<\/td><td><span class=\"change-price\">283<\/span>\u20ac<\/td><td><span class=\"change-price\">346<\/span>\u20ac<\/td><\/tr><\/tbody><\/table><\/figure>\n\n\n\n<h2 class=\"wp-block-heading\" id=\"anchor2\">Ce qu\u2019il faut savoir sur une assurance pour voiture \u00e9lectrique<\/h2>\n\n\n\n<p>Quand on veut souscrire une assurance pour son nouveau bolide \u00e9lectrique ou hybride, il y a, tout comme les v\u00e9hicules essence ou diesel,\u00a0<strong><a href=\"https:\/\/leocare.eu\/fr\/assurance-auto-en-ligne\/electrique\/a-savoir\/\">de nombreux \u00e9l\u00e9ments et garanties<\/a>\u00a0(dommages tous accidents, assistance\u2026) \u00e0 regarder.<\/strong><\/p>\n\n\n\n<h3 class=\"wp-block-heading\">Les garanties<\/h3>\n\n\n\n<p>Une des premi\u00e8res choses \u00e0 regarder quand on souscrit une assurance : les garanties.<strong> Tout comme les voitures thermiques (essence ou diesel, il faut bien comprendre ce que chaque formule d\u2019assurance offre.<\/strong><\/p>\n\n\n\n<p>Pour faire simple :<\/p>\n\n\n\n<ul class=\"wp-block-list\">\n<li><strong>Tiers :<\/strong> elle repr\u00e9sente la base l\u00e9gale minimum que vous devez avoir pour \u00eatre l\u00e9galement autoris\u00e9 \u00e0 conduire un v\u00e9hicule en France. Cette formule inclut notamment la responsabilit\u00e9 civile, ce qui vous assure pour les dommages caus\u00e9s aux tiers en cas de sinistre. Par contre, vous ne serez pas indemnis\u00e9 si vous causez des dommages dont vous seriez \u00e9ventuellement responsable.<\/li>\n\n\n\n<li><strong>Tiers plus :<\/strong> une protection qui vous permet de b\u00e9n\u00e9ficier de plus de protection dont le vol, l\u2019incendie, la temp\u00eate, le bris de glace, les catastrophes naturelles et les attentats. Par contre, tout comme l\u2019offre tiers, les r\u00e9parations ne sont pas prises en charge en cas d\u2019accident responsable.<\/li>\n\n\n\n<li><strong>Tous risques : <\/strong>le top du top. L\u2019indemnisation est garantie pour tous les dommages caus\u00e9s, quels que soient leur nature.<\/li>\n<\/ul>\n\n\n\n<section class=\"wp-block-leocare-bon-a-savoir leocare-bas\"><div class=\"leocare-bas__head\"><img decoding=\"async\" class=\"leocare-bas__icon\" src=\"https:\/\/leocare.eu\/fr\/wp-content\/themes\/leocare-new\/assets\/img\/icon-alert-purple.svg\" alt=\"icon alerte\"\/><h3 class=\"leocare-bas__title\">La formule tiers plus : la protection interm\u00e9diaire pour votre v\u00e9hicule <\/h3><\/div><div class=\"leocare-bas__content\">\n<p>Il est essentiel de comprendre <strong><a href=\"https:\/\/leocare.eu\/fr\/assurance-auto-en-ligne\/tiers\/plus\/\">quelle est la signification de l&rsquo;assurance au tiers \u00e9tendu<\/a><\/strong> pour prot\u00e9ger efficacement son v\u00e9hicule sans se ruiner. Ce contrat compl\u00e8te la responsabilit\u00e9 civile obligatoire par des garanties indispensables comme le vol, l&rsquo;incendie et le bris de glace. C\u2019est le compromis id\u00e9al pour les voitures d&rsquo;occasion r\u00e9centes, offrant une s\u00e9curit\u00e9 mat\u00e9rielle solide \u00e0 un tarif bien plus attractif qu&rsquo;une formule tous risques.<\/p>\n<\/div><\/section>\n\n\n\n<h3 class=\"wp-block-heading\">Les services d\u2019assistance<\/h3>\n\n\n\n<p>G\u00e9n\u00e9ralement, c\u2019est l\u00e0 o\u00f9 les assurances sont tr\u00e8s diff\u00e9rentes les unes des autres. <strong>Certaines proposent des options payantes mais chez Leocare, on aime vous donner les meilleures garanties, au meilleur prix. <\/strong>C\u2019est pour \u00e7a que, peu importe les formules d\u2019assurance et le montant de votre prime d\u2019assurance, tous les services que nous proposons pour les v\u00e9hicules \u00e9lectriques sont gratuits et accessibles d\u00e8s la formule tiers !<\/p>\n\n\n\n<ul class=\"wp-block-list\">\n<li><strong><a href=\"https:\/\/leocare.eu\/fr\/assurance-auto-en-ligne\/electrique\/courtoisie\/\">Pr\u00eat d\u2019une voiture \u00e9lectrique par l\u2019assurance en cas de panne<\/a>,<\/strong> vol ou crevaison (sous r\u00e9serve que le garage qui r\u00e9pare votre v\u00e9hicule ait un mod\u00e8le \u00e9lectrique de pr\u00eat \u00e0 disposition).<\/li>\n\n\n\n<li><strong>Possibilit\u00e9 d\u2019ajouter un conducteur secondaire<\/strong><\/li>\n\n\n\n<li><strong>Stage de sensibilisation <\/strong>pour r\u00e9cup\u00e9rer jusqu\u2019\u00e0 4 points sur votre permis<\/li>\n\n\n\n<li><strong>Assistance 0 km<\/strong><\/li>\n\n\n\n<li><strong>Prise en charge de la batterie<\/strong> et du c\u00e2ble de rechargement<\/li>\n\n\n\n<li><strong>Mise \u00e0 disposition d\u2019un billet de train <\/strong>ou d\u2019un chauffeur pour r\u00e9cup\u00e9rer votre voiture<\/li>\n\n\n\n<li><strong>Prise en charge des frais de taxi ou d\u2019h\u00f4tel <\/strong>en cas de courte immobilisation \u00e0 l\u2019\u00e9tranger<\/li>\n\n\n\n<li><strong>Prise en charge du transport <\/strong>vers votre lieu de vacances ou votre domicile \u00e0 l\u2019\u00e9tranger<\/li>\n\n\n\n<li><strong>Rapatriement de votre v\u00e9hicule remorqu\u00e9 <\/strong>et immobilis\u00e9 \u00e0 l\u2019\u00e9tranger<\/li>\n\n\n\n<li><strong>Prise en charge de l\u2019abandon du v\u00e9hicule \u00e0 l\u2019\u00e9tranger<\/strong><\/li>\n<\/ul>\n\n\n\n<h3 class=\"wp-block-heading\">Les niveaux de prise en charge<\/h3>\n\n\n\n<p>Vous le savez, l\u2019assurance, au travers d\u2019un contrat, <strong>s\u2019engage \u00e0 prendre en charge votre v\u00e9hicule si un p\u00e9pin arrive contre le paiement d\u2019une cotisation.<\/strong><\/p>\n\n\n\n<p>Cependant, en fonction de la formule et des franchises que vous choisissez,\u00a0<a href=\"https:\/\/leocare.eu\/fr\/assurance-auto-en-ligne\/electrique\/prise-en-charge-par-assurance\/\">faire une demande de prise en charge pour assurer sa voiture \u00e9lectrique<\/a>\u00a0peut \u00eatre plus ou moins on\u00e9reuse. Et si vous faites vos comparatifs sur les comparateurs d\u2019assurances, <strong>assurez-vous de bien lire votre devis quand vous regardez les offres d\u2019assurance pour voitures \u00e9lectriques.<\/strong><\/p>\n\n\n\n<div class=\"bon-a-savoir\">\n\n\n\n<p>Peut-on remorquer une voiture \u00e9lectrique sans assurance ?<\/p>\n\n\n\n<p>La r\u00e9ponse est non. Si votre v\u00e9hicule subit des dommages et qu\u2019il doit \u00eatre remorqu\u00e9, il doit \u00eatre homologu\u00e9 pour rouler. Impossible donc de le faire en toute autonomie. <strong>La seule solution pour\u00a0<a href=\"https:\/\/leocare.eu\/fr\/assurance-auto-en-ligne\/electrique\/remorquer-voiture-non-assuree\/\">remorquer des v\u00e9hicules \u00e9lectriques sans assurance<\/a>\u00a0: le plateau du garagiste.<\/strong><\/p>\n\n\n\n<\/div>\n\n\n\n<h2 class=\"wp-block-heading\" id=\"anchor3\">Quelle est la meilleure assurance pour une voiture \u00e9lectrique ?<\/h2>\n\n\n\n<p><a href=\"https:\/\/leocare.eu\/fr\/assurance-auto-en-ligne\/electrique\/choisir-meilleure\/\">La r\u00e9ponse est tr\u00e8s simple<\/a>&nbsp;: le tous risques ! Plus de 70% des conducteurs de v\u00e9hicules \u00e9lectriques assur\u00e9s aupr\u00e8s des compagnies en France ont opt\u00e9 pour la formule Tous Risques.<\/p>\n\n\n\n<p>Pourquoi ? <strong>\u00c9tant la valeur de votre v\u00e9hicule (que vous avez probablement achet\u00e9 neuf), il est important de l\u2019assurer pour affronter tous les risques les plus divers,<\/strong> comme le vandalisme, les accidents de parking).<\/p>\n\n\n\n<div class=\"bon-a-savoir\">\n\n\n\n<p>Laisser sa voiture \u00e9lectrique sans assurance dans un parking : c\u2019est possible ?<\/p>\n\n\n\n<p>Non. Tous les v\u00e9hicules \u00e9lectriques, m\u00eame approvisionn\u00e9s en \u00e9lectricit\u00e9 par une borne \u00e9lectrique ou&nbsp;<a href=\"https:\/\/leocare.eu\/fr\/assurance-auto-en-ligne\/electrique\/voiture-non-assuree-laissee-parking\/\">laiss\u00e9s dans un parking<\/a>&nbsp;s\u2019exposent \u00e0 une amende allant jusqu\u2019\u00e0 3\u2009750 \u20ac et peut entra\u00eener la suspension voire l\u2019annulation de votre permis de conduire s\u2019ils sont contr\u00f4l\u00e9s sans assurance.<\/p>\n\n\n\n<\/div>\n\n\n\n<h2 class=\"wp-block-heading\" id=\"anchor4\">Assurance \u00e9lectrique et conducteur secondaire : le bon m\u00e9nage ?<\/h2>\n\n\n\n<p>Maintenant que vous avez fait le tour de votre assurance, vous vient une autre question : <strong>peut-on prendre une assurance voiture \u00e9lectrique pour quelqu\u2019un d\u2019 autre ?<\/strong><\/p>\n\n\n\n<p>L\u00e9galement non. <strong>Une\u00a0<a href=\"https:\/\/leocare.eu\/fr\/assurance-auto-en-ligne\/\">assurance auto<\/a>\u00a0est rattach\u00e9e \u00e0 une carte grise et donc \u00e0 une seule personne. <\/strong>Cependant,\u00a0<a href=\"https:\/\/leocare.eu\/fr\/assurance-auto-en-ligne\/electrique\/souscription-pour-tiers\/\">assurer un v\u00e9hicule \u00e9lectrique dont on n\u2019est pas le propri\u00e9taire<\/a>\u00a0est possible et cela passe par l\u2019ajout d\u2019un conducteur secondaire. L\u2019avantage, pas besoin de souscrire plusieurs contrats pour le m\u00eame v\u00e9hicule et une meilleure autonomie dans le partage des v\u00e9hicules.<\/p>\n\n\n\n<p>Chez Leocare, quand vous ajoutez un conducteur secondaire, vous pouvez ajouter :<\/p>\n\n\n\n<ul class=\"wp-block-list\">\n<li>votre conjoint<\/li>\n\n\n\n<li>votre enfant<\/li>\n<\/ul>\n\n\n\n<p>Le coefficient bonus-malus est quant \u00e0 lui partag\u00e9. <strong>Prenons un exemple : si votre conducteur secondaire commet un sinistre, le malus s\u2019appliquera aux deux conducteurs et donc le prix de l\u2019assurance auto augmentera.<\/strong><\/p>\n\n\n\n<p>Dans le cas contraire, si vous \u00eates irr\u00e9prochable sur la route, le bonus profitera aux deux conducteurs et appara\u00eetra sur le relev\u00e9 d\u2019information, mentionnant tous les conducteurs du v\u00e9hicule. <strong>En parlant de sinistres, parlons des r\u00e9parations !<\/strong><\/p>\n\n\n\n<h2 class=\"wp-block-heading\" id=\"anchor5\">Faire r\u00e9parer sa voiture \u00e9lectrique par l\u2019assurance<\/h2>\n\n\n\n<p>Tout comme les v\u00e9hicules thermiques, les conducteurs de v\u00e9hicules \u00e9lectriques n\u2019aiment pas trop se s\u00e9parer de leur voiture pendant les r\u00e9parations.<\/p>\n\n\n\n<p>C\u2019est la raison pour laquelle il est important de regarder dans votre devis d\u2019assurance les prestations propos\u00e9es par votre assurance pendant que les r\u00e9parations ont lieu : a-t-on droit \u00e0 un v\u00e9hicule de remplacement ? Si oui, pendant combien de temps ?<strong> Les\u00a0<a href=\"https:\/\/leocare.eu\/fr\/assurance-auto-en-ligne\/electrique\/reparation-assurance\/\">r\u00e9parations sont-elles prises en charge par l\u2019assurance<\/a>\u00a0? Sinon, combien dois-je avancer ?<\/strong><\/p>\n\n\n\n<p>Bonne nouvelle : chez Leocare, tout a \u00e9t\u00e9 con\u00e7u pour vous faciliter la vie !<\/p>\n\n\n\n<p><strong>Si votre v\u00e9hicule est immobilis\u00e9 pendant plusieurs jours, nous mettons \u00e0 votre disposition un v\u00e9hicule de pr\u00eat pendant :<\/strong><\/p>\n\n\n\n<ul class=\"wp-block-list\">\n<li>3 jours en cas de crevaison<\/li>\n\n\n\n<li>5 jours en cas de panne<\/li>\n\n\n\n<li>8 jours en cas d\u2019accident<\/li>\n\n\n\n<li>20 jours en cas de vol<\/li>\n<\/ul>\n\n\n\n<p>Que ce soit pour votre carrosserie, vos vitres ou encore des d\u00e9g\u00e2ts de gr\u00eale, nos garage partenaires (appel\u00e9es garages agr\u00e9\u00e9s pour les intimes) vous garantissent une prise en charge optimale de votre sinistre.<\/p>\n\n\n\n<ul class=\"wp-block-list\">\n<li>R\u00e9parations sans avance de frais<\/li>\n\n\n\n<li>Traitement de votre sinistre deux fois plus rapide que la normale<\/li>\n\n\n\n<li>Pr\u00eat de v\u00e9hicule \u00e0 0\u20ac<\/li>\n\n\n\n<li>Apr\u00e8s-service r\u00e9parations garanti durant toute la dur\u00e9e de votre contrat<\/li>\n<\/ul>\n\n\n\n<h2 class=\"wp-block-heading\" id=\"anchor6\">La gestion de la r\u00e9siliation de son contrat d\u2019assurance<\/h2>\n\n\n\n<p>Derni\u00e8re chose \u00e0 v\u00e9rifier quand on souscrit une nouvelle assurance : <strong>c\u2019est la facilit\u00e9 avec laquelle cette derni\u00e8re se charge de la r\u00e9siliation de votre ancienne assurance et de votre contrat actuel.<\/strong><\/p>\n\n\n\n<p>Bien que les assurances proposent de g\u00e9rer la r\u00e9siliation de votre ancienne assurance (notamment dans le cadre de la loi Hamon),<strong> certaines assurances n\u2019ont pas forc\u00e9ment le r\u00e9flexe de g\u00e9rer \u00e7a correctement.<\/strong><\/p>\n\n\n\n<p>Par exemple,\u00a0<a href=\"https:\/\/leocare.eu\/fr\/assurance-auto-en-ligne\/electrique\/vente-a-particulier\/\">quid de l\u2019assurance quand on vend une voiture \u00e9lectrique \u00e0 un particulier<\/a>\u00a0? N\u2019h\u00e9sitez pas \u00e0 demander directement au conseiller charg\u00e9 de votre devis, quelles sont les \u00e9tapes \u00e0 suivre quand vous vendez votre v\u00e9hicule : quel est le d\u00e9lai de prise en compte de la r\u00e9siliation ? Quel est votre niveau d\u2019autonomie sur la gestion de votre contrat ?<strong> Comment transf\u00e9rer son contrat sur d\u2019autres v\u00e9hicules \u00e9lectriques et quand est-il des garanties (dommages mat\u00e9riels, bris de glace\u2026) ?<\/strong><\/p>\n\n\n\n<h2 class=\"wp-block-heading\" id=\"anchor7\">Choisir une assurance pour une voiture \u00e9lectrique de sport<\/h2>\n\n\n\n<p>\u00c7a y est, vous avez pass\u00e9 des heures \u00e0 regarder les plus beaux v\u00e9hicules \u00e9lectriques qui existent et vous avez jet\u00e9 votre d\u00e9volu sur un beau mod\u00e8le de sport. <\/p>\n\n\n\n<p>Nous vous recommandons, pour ce type de v\u00e9hicule, de vous diriger vers un sp\u00e9cialiste des&nbsp;<a href=\"https:\/\/leocare.eu\/fr\/assurance-auto-en-ligne\/electrique\/sport\/\">assurances auto de sport<\/a>, qui vous aiguillera sur les meilleures garanties \u00e0 avoir en fonction de votre v\u00e9hicule, de son utilisation, des types de trajet et surtout\u2026 de votre budget !<\/p>\n","protected":false},"excerpt":{"rendered":"<p>Quand on fait le choix de conduire un v\u00e9hicule \u00e9lectrique, on le fait pour le confort et l\u2019exp\u00e9rience de conduite que ce type de motorisation offre. Forc\u00e9ment, qui dit v\u00e9hicule \u00e9lectrique dit forc\u00e9ment autonomie, utilisation diff\u00e9rente et donc garanties et assurances diff\u00e9rentes ! Quand vous changez de maison, il faut aussi changer d\u2019assurance habitation pour [&hellip;]<\/p>\n","protected":false},"author":34,"featured_media":27428,"parent":2326,"menu_order":0,"comment_status":"closed","ping_status":"closed","template":"template_seo.php","meta":{"_acf_changed":false,"footnotes":""},"class_list":["post-17436","page","type-page","status-publish","has-post-thumbnail","hentry"],"acf":[],"yoast_head":"<!-- This site is optimized with the Yoast SEO plugin v27.3 - https:\/\/yoast.com\/product\/yoast-seo-wordpress\/ -->\n<title>Assurance voiture \u00e9lectrique : quelles formules et garanties ?<\/title>\n<meta name=\"description\" content=\"Explorez nos solutions d&#039;assurance pour voitures \u00e9lectriques. Obtenez un devis gratuit et b\u00e9n\u00e9ficiez d&#039;offres exclusives.\" \/>\n<meta name=\"robots\" content=\"index, follow, max-snippet:-1, max-image-preview:large, max-video-preview:-1\" \/>\n<link rel=\"canonical\" href=\"https:\/\/leocare.eu\/fr\/assurance-auto-en-ligne\/electrique\/\" \/>\n<meta property=\"og:locale\" content=\"fr_FR\" \/>\n<meta property=\"og:type\" content=\"article\" \/>\n<meta property=\"og:title\" content=\"Assurance voiture \u00e9lectrique : quelles formules et garanties ?\" \/>\n<meta property=\"og:description\" content=\"Explorez nos solutions d&#039;assurance pour voitures \u00e9lectriques. Obtenez un devis gratuit et b\u00e9n\u00e9ficiez d&#039;offres exclusives.\" \/>\n<meta property=\"og:url\" content=\"https:\/\/leocare.eu\/fr\/assurance-auto-en-ligne\/electrique\/\" \/>\n<meta property=\"og:site_name\" content=\"Leocare, assurance en ligne automobile et habitation\" \/>\n<meta property=\"article:modified_time\" content=\"2026-04-07T14:36:40+00:00\" \/>\n<meta property=\"og:image\" content=\"https:\/\/leocare.eu\/fr\/wp-content\/uploads\/2021\/01\/assurance-voiture-electrique.jpeg\" \/>\n\t<meta property=\"og:image:width\" content=\"534\" \/>\n\t<meta property=\"og:image:height\" content=\"355\" \/>\n\t<meta property=\"og:image:type\" content=\"image\/jpeg\" \/>\n<meta name=\"twitter:card\" content=\"summary_large_image\" \/>\n<meta name=\"twitter:label1\" content=\"Dur\u00e9e de lecture estim\u00e9e\" \/>\n\t<meta name=\"twitter:data1\" content=\"9 minutes\" \/>\n<!-- \/ Yoast SEO plugin. -->","yoast_head_json":{"title":"Assurance voiture \u00e9lectrique : quelles formules et garanties ?","description":"Explorez nos solutions d'assurance pour voitures \u00e9lectriques. Obtenez un devis gratuit et b\u00e9n\u00e9ficiez d'offres exclusives.","robots":{"index":"index","follow":"follow","max-snippet":"max-snippet:-1","max-image-preview":"max-image-preview:large","max-video-preview":"max-video-preview:-1"},"canonical":"https:\/\/leocare.eu\/fr\/assurance-auto-en-ligne\/electrique\/","og_locale":"fr_FR","og_type":"article","og_title":"Assurance voiture \u00e9lectrique : quelles formules et garanties ?","og_description":"Explorez nos solutions d'assurance pour voitures \u00e9lectriques. Obtenez un devis gratuit et b\u00e9n\u00e9ficiez d'offres exclusives.","og_url":"https:\/\/leocare.eu\/fr\/assurance-auto-en-ligne\/electrique\/","og_site_name":"Leocare, assurance en ligne automobile et habitation","article_modified_time":"2026-04-07T14:36:40+00:00","og_image":[{"width":534,"height":355,"url":"https:\/\/leocare.eu\/fr\/wp-content\/uploads\/2021\/01\/assurance-voiture-electrique.jpeg","type":"image\/jpeg"}],"twitter_card":"summary_large_image","twitter_misc":{"Dur\u00e9e de lecture estim\u00e9e":"9 minutes"},"schema":{"@context":"https:\/\/schema.org","@graph":[{"@type":"WebPage","@id":"https:\/\/leocare.eu\/fr\/assurance-auto-en-ligne\/electrique\/","url":"https:\/\/leocare.eu\/fr\/assurance-auto-en-ligne\/electrique\/","name":"Assurance voiture \u00e9lectrique : quelles formules et garanties ?","isPartOf":{"@id":"https:\/\/leocare.eu\/fr\/#website"},"primaryImageOfPage":{"@id":"https:\/\/leocare.eu\/fr\/assurance-auto-en-ligne\/electrique\/#primaryimage"},"image":{"@id":"https:\/\/leocare.eu\/fr\/assurance-auto-en-ligne\/electrique\/#primaryimage"},"thumbnailUrl":"https:\/\/leocare.eu\/fr\/wp-content\/uploads\/2021\/01\/assurance-voiture-electrique.jpeg","datePublished":"2023-08-01T07:50:02+00:00","dateModified":"2026-04-07T14:36:40+00:00","description":"Explorez nos solutions d'assurance pour voitures \u00e9lectriques. Obtenez un devis gratuit et b\u00e9n\u00e9ficiez d'offres exclusives.","breadcrumb":{"@id":"https:\/\/leocare.eu\/fr\/assurance-auto-en-ligne\/electrique\/#breadcrumb"},"inLanguage":"fr-FR","potentialAction":[{"@type":"ReadAction","target":["https:\/\/leocare.eu\/fr\/assurance-auto-en-ligne\/electrique\/"]}]},{"@type":"ImageObject","inLanguage":"fr-FR","@id":"https:\/\/leocare.eu\/fr\/assurance-auto-en-ligne\/electrique\/#primaryimage","url":"https:\/\/leocare.eu\/fr\/wp-content\/uploads\/2021\/01\/assurance-voiture-electrique.jpeg","contentUrl":"https:\/\/leocare.eu\/fr\/wp-content\/uploads\/2021\/01\/assurance-voiture-electrique.jpeg","width":534,"height":355,"caption":"assurance voiture \u00e9lectrique"},{"@type":"WebSite","@id":"https:\/\/leocare.eu\/fr\/#website","url":"https:\/\/leocare.eu\/fr\/","name":"Leocare, assurance en ligne automobile et habitation","description":"enfin (r)assur\u00e9.e","publisher":{"@id":"https:\/\/leocare.eu\/fr\/#organization"},"potentialAction":[{"@type":"SearchAction","target":{"@type":"EntryPoint","urlTemplate":"https:\/\/leocare.eu\/fr\/?s={search_term_string}"},"query-input":{"@type":"PropertyValueSpecification","valueRequired":true,"valueName":"search_term_string"}}],"inLanguage":"fr-FR"},{"@type":"Organization","@id":"https:\/\/leocare.eu\/fr\/#organization","name":"Leocare, assurance en ligne automobile et habitation","url":"https:\/\/leocare.eu\/fr\/","logo":{"@type":"ImageObject","inLanguage":"fr-FR","@id":"https:\/\/leocare.eu\/fr\/#\/schema\/logo\/image\/","url":"https:\/\/leocare.eu\/fr\/wp-content\/uploads\/2020\/03\/logo-leocare.svg","contentUrl":"https:\/\/leocare.eu\/fr\/wp-content\/uploads\/2020\/03\/logo-leocare.svg","caption":"Leocare, assurance en ligne automobile et habitation"},"image":{"@id":"https:\/\/leocare.eu\/fr\/#\/schema\/logo\/image\/"}}]}},"_links":{"self":[{"href":"https:\/\/leocare.eu\/fr\/wp-json\/wp\/v2\/pages\/17436","targetHints":{"allow":["GET"]}}],"collection":[{"href":"https:\/\/leocare.eu\/fr\/wp-json\/wp\/v2\/pages"}],"about":[{"href":"https:\/\/leocare.eu\/fr\/wp-json\/wp\/v2\/types\/page"}],"author":[{"embeddable":true,"href":"https:\/\/leocare.eu\/fr\/wp-json\/wp\/v2\/users\/34"}],"replies":[{"embeddable":true,"href":"https:\/\/leocare.eu\/fr\/wp-json\/wp\/v2\/comments?post=17436"}],"version-history":[{"count":22,"href":"https:\/\/leocare.eu\/fr\/wp-json\/wp\/v2\/pages\/17436\/revisions"}],"predecessor-version":[{"id":39855,"href":"https:\/\/leocare.eu\/fr\/wp-json\/wp\/v2\/pages\/17436\/revisions\/39855"}],"up":[{"embeddable":true,"href":"https:\/\/leocare.eu\/fr\/wp-json\/wp\/v2\/pages\/2326"}],"wp:featuredmedia":[{"embeddable":true,"href":"https:\/\/leocare.eu\/fr\/wp-json\/wp\/v2\/media\/27428"}],"wp:attachment":[{"href":"https:\/\/leocare.eu\/fr\/wp-json\/wp\/v2\/media?parent=17436"}],"curies":[{"name":"wp","href":"https:\/\/api.w.org\/{rel}","templated":true}]}}