{"id":17400,"date":"2023-07-31T09:27:47","date_gmt":"2023-07-31T07:27:47","guid":{"rendered":"https:\/\/leocare.eu\/fr\/?page_id=17400"},"modified":"2024-05-31T10:28:40","modified_gmt":"2024-05-31T08:28:40","slug":"partenariat-wakam-moto","status":"publish","type":"page","link":"https:\/\/leocare.eu\/fr\/presse\/partenariat-wakam-moto\/","title":{"rendered":"La n\u00e9o-assurance Leocare s\u2019allie \u00e0 Wakam pour offrir son nouveau produit moto \u00e0 son r\u00e9seau de courtiers partenaires"},"content":{"rendered":"\n<p><em>Leocare, la n\u00e9o-assurance multi-services (auto, moto, habitation &amp; smartphone) vient de concr\u00e9tiser un partenariat avec l\u2019assureur europ\u00e9en Wakam pour commercialiser sa nouvelle offre pour son produit Moto \u00e0 destination de son r\u00e9seau de courtage B2B2C.<\/em><\/p>\n\n\n\n<p>Depuis juillet dernier, l\u2019assurtech Leocare et l\u2019assureur B2B2C Wakam s\u2019unissent pour mettre \u00e0 disposition du r\u00e9seau de courtage B2B2C de Leocare une nouvelle offre d\u2019assurance Moto. Wakam endosse le r\u00f4le de porteur de risques tandis que Leocare est le courtier distributeur-gestionnaire.<\/p>\n\n\n\n<p>Apr\u00e8s avoir conquis plus de 160 000 clients \u00e0 travers la France et int\u00e9gr\u00e9 d\u00e9sormais plus de 300 courtiers au sein de son r\u00e9seau, la n\u00e9o-assurance Leocare diversifie sa strat\u00e9gie d\u2019acquisition pour accueillir de nouveaux clients gr\u00e2ce aux courtiers par le biais de la vente de contrats d\u2019assurance automobile, moto et habitation pour les particuliers. <strong>L\u2019objectif : acc\u00e9l\u00e9rer la croissance de la n\u00e9o-assurance et viser le milliard d\u2019euros de primes d\u2019ici 2027 tout en couvrant l\u2019int\u00e9gralit\u00e9 des besoins des Fran\u00e7ais.<\/strong><\/p>\n\n\n\n<p><em>\u201cLa promesse faite \u00e0 nos nouveaux courtiers partenaires est un acc\u00e8s exclusif \u00e0 une gamme de plus en plus large de produits d\u2019assurance automobile, moto et habitation comp\u00e9titifs et durables. Nous intensifions le d\u00e9ploiement de nouveaux produits qui permettront \u00e0 nos partenaires distributeurs d\u2019adresser tous leurs segments privil\u00e9gi\u00e9s de client\u00e8le sur le march\u00e9 de particuliers\u201d,<\/em> <strong>d\u00e9clare Gr\u00e9goire Rastoul, Chief Business Officer de Leocare.<\/strong><\/p>\n\n\n\n<p>Gr\u00e2ce \u00e0 ce partenariat lui permettant de diversifier ses produits au sein de son r\u00e9seau de courtage, la n\u00e9o-assurance Leocare vise l\u2019objectif des 1 000 courtiers partenaires d\u2019ici la rentr\u00e9e 2023. Elle travaille d\u2019ores et d\u00e9j\u00e0 pour ouvrir son r\u00e9seau de distribution \u00e0 de nouveaux produits d\u2019assurance d\u00e9di\u00e9s \u00e0 l\u2019automobile, comme le risque aggrav\u00e9 ou encore le petit rouleur.<\/p>\n","protected":false},"excerpt":{"rendered":"<p>Leocare, la n\u00e9o-assurance multi-services (auto, moto, habitation &amp; smartphone) vient de concr\u00e9tiser un partenariat avec l\u2019assureur europ\u00e9en Wakam pour commercialiser sa nouvelle offre pour son produit Moto \u00e0 destination de son r\u00e9seau de courtage B2B2C. Depuis juillet dernier, l\u2019assurtech Leocare et l\u2019assureur B2B2C Wakam s\u2019unissent pour mettre \u00e0 disposition du r\u00e9seau de courtage B2B2C de [&hellip;]<\/p>\n","protected":false},"author":4,"featured_media":16588,"parent":16531,"menu_order":0,"comment_status":"closed","ping_status":"closed","template":"template_press_article.php","meta":{"_acf_changed":false,"footnotes":""},"class_list":["post-17400","page","type-page","status-publish","has-post-thumbnail","hentry"],"acf":[],"yoast_head":"<!-- This site is optimized with the Yoast SEO plugin v27.3 - https:\/\/yoast.com\/product\/yoast-seo-wordpress\/ -->\n<title>La n\u00e9o-assurance Leocare s\u2019allie \u00e0 Wakam pour offrir son nouveau produit moto \u00e0 son r\u00e9seau de courtiers partenaires<\/title>\n<meta name=\"description\" content=\"Leocare et Wakam s&#039;associent pour offrir des solutions d&#039;assurance moto innovantes. D\u00e9couvrez les avantages de ce partenariat.\" \/>\n<meta name=\"robots\" content=\"index, follow, max-snippet:-1, max-image-preview:large, max-video-preview:-1\" \/>\n<link rel=\"canonical\" href=\"https:\/\/leocare.eu\/fr\/presse\/partenariat-wakam-moto\/\" \/>\n<meta property=\"og:locale\" content=\"fr_FR\" \/>\n<meta property=\"og:type\" content=\"article\" \/>\n<meta property=\"og:title\" content=\"La n\u00e9o-assurance Leocare s\u2019allie \u00e0 Wakam pour offrir son nouveau produit moto \u00e0 son r\u00e9seau de courtiers partenaires\" \/>\n<meta property=\"og:description\" content=\"Leocare et Wakam s&#039;associent pour offrir des solutions d&#039;assurance moto innovantes. D\u00e9couvrez les avantages de ce partenariat.\" \/>\n<meta property=\"og:url\" content=\"https:\/\/leocare.eu\/fr\/presse\/partenariat-wakam-moto\/\" \/>\n<meta property=\"og:site_name\" content=\"Leocare, assurance en ligne automobile et habitation\" \/>\n<meta property=\"article:modified_time\" content=\"2024-05-31T08:28:40+00:00\" \/>\n<meta property=\"og:image\" content=\"https:\/\/leocare.eu\/fr\/wp-content\/uploads\/2023\/07\/background-leocare.png\" \/>\n\t<meta property=\"og:image:width\" content=\"1400\" \/>\n\t<meta property=\"og:image:height\" content=\"600\" \/>\n\t<meta property=\"og:image:type\" content=\"image\/png\" \/>\n<meta name=\"twitter:card\" content=\"summary_large_image\" \/>\n<meta name=\"twitter:label1\" content=\"Dur\u00e9e de lecture estim\u00e9e\" \/>\n\t<meta name=\"twitter:data1\" content=\"2 minutes\" \/>\n<!-- \/ Yoast SEO plugin. -->","yoast_head_json":{"title":"La n\u00e9o-assurance Leocare s\u2019allie \u00e0 Wakam pour offrir son nouveau produit moto \u00e0 son r\u00e9seau de courtiers partenaires","description":"Leocare et Wakam s'associent pour offrir des solutions d'assurance moto innovantes. D\u00e9couvrez les avantages de ce partenariat.","robots":{"index":"index","follow":"follow","max-snippet":"max-snippet:-1","max-image-preview":"max-image-preview:large","max-video-preview":"max-video-preview:-1"},"canonical":"https:\/\/leocare.eu\/fr\/presse\/partenariat-wakam-moto\/","og_locale":"fr_FR","og_type":"article","og_title":"La n\u00e9o-assurance Leocare s\u2019allie \u00e0 Wakam pour offrir son nouveau produit moto \u00e0 son r\u00e9seau de courtiers partenaires","og_description":"Leocare et Wakam s'associent pour offrir des solutions d'assurance moto innovantes. D\u00e9couvrez les avantages de ce partenariat.","og_url":"https:\/\/leocare.eu\/fr\/presse\/partenariat-wakam-moto\/","og_site_name":"Leocare, assurance en ligne automobile et habitation","article_modified_time":"2024-05-31T08:28:40+00:00","og_image":[{"width":1400,"height":600,"url":"https:\/\/leocare.eu\/fr\/wp-content\/uploads\/2023\/07\/background-leocare.png","type":"image\/png"}],"twitter_card":"summary_large_image","twitter_misc":{"Dur\u00e9e de lecture estim\u00e9e":"2 minutes"},"schema":{"@context":"https:\/\/schema.org","@graph":[{"@type":"WebPage","@id":"https:\/\/leocare.eu\/fr\/presse\/partenariat-wakam-moto\/","url":"https:\/\/leocare.eu\/fr\/presse\/partenariat-wakam-moto\/","name":"La n\u00e9o-assurance Leocare s\u2019allie \u00e0 Wakam pour offrir son nouveau produit moto \u00e0 son r\u00e9seau de courtiers partenaires","isPartOf":{"@id":"https:\/\/leocare.eu\/fr\/#website"},"primaryImageOfPage":{"@id":"https:\/\/leocare.eu\/fr\/presse\/partenariat-wakam-moto\/#primaryimage"},"image":{"@id":"https:\/\/leocare.eu\/fr\/presse\/partenariat-wakam-moto\/#primaryimage"},"thumbnailUrl":"https:\/\/leocare.eu\/fr\/wp-content\/uploads\/2023\/07\/background-leocare.png","datePublished":"2023-07-31T07:27:47+00:00","dateModified":"2024-05-31T08:28:40+00:00","description":"Leocare et Wakam s'associent pour offrir des solutions d'assurance moto innovantes. D\u00e9couvrez les avantages de ce partenariat.","breadcrumb":{"@id":"https:\/\/leocare.eu\/fr\/presse\/partenariat-wakam-moto\/#breadcrumb"},"inLanguage":"fr-FR","potentialAction":[{"@type":"ReadAction","target":["https:\/\/leocare.eu\/fr\/presse\/partenariat-wakam-moto\/"]}]},{"@type":"ImageObject","inLanguage":"fr-FR","@id":"https:\/\/leocare.eu\/fr\/presse\/partenariat-wakam-moto\/#primaryimage","url":"https:\/\/leocare.eu\/fr\/wp-content\/uploads\/2023\/07\/background-leocare.png","contentUrl":"https:\/\/leocare.eu\/fr\/wp-content\/uploads\/2023\/07\/background-leocare.png","width":1400,"height":600,"caption":"background leocare"},{"@type":"WebSite","@id":"https:\/\/leocare.eu\/fr\/#website","url":"https:\/\/leocare.eu\/fr\/","name":"Leocare, assurance en ligne automobile et habitation","description":"enfin (r)assur\u00e9.e","publisher":{"@id":"https:\/\/leocare.eu\/fr\/#organization"},"potentialAction":[{"@type":"SearchAction","target":{"@type":"EntryPoint","urlTemplate":"https:\/\/leocare.eu\/fr\/?s={search_term_string}"},"query-input":{"@type":"PropertyValueSpecification","valueRequired":true,"valueName":"search_term_string"}}],"inLanguage":"fr-FR"},{"@type":"Organization","@id":"https:\/\/leocare.eu\/fr\/#organization","name":"Leocare, assurance en ligne automobile et habitation","url":"https:\/\/leocare.eu\/fr\/","logo":{"@type":"ImageObject","inLanguage":"fr-FR","@id":"https:\/\/leocare.eu\/fr\/#\/schema\/logo\/image\/","url":"https:\/\/leocare.eu\/fr\/wp-content\/uploads\/2020\/03\/logo-leocare.svg","contentUrl":"https:\/\/leocare.eu\/fr\/wp-content\/uploads\/2020\/03\/logo-leocare.svg","caption":"Leocare, assurance en ligne automobile et habitation"},"image":{"@id":"https:\/\/leocare.eu\/fr\/#\/schema\/logo\/image\/"}}]}},"_links":{"self":[{"href":"https:\/\/leocare.eu\/fr\/wp-json\/wp\/v2\/pages\/17400","targetHints":{"allow":["GET"]}}],"collection":[{"href":"https:\/\/leocare.eu\/fr\/wp-json\/wp\/v2\/pages"}],"about":[{"href":"https:\/\/leocare.eu\/fr\/wp-json\/wp\/v2\/types\/page"}],"author":[{"embeddable":true,"href":"https:\/\/leocare.eu\/fr\/wp-json\/wp\/v2\/users\/4"}],"replies":[{"embeddable":true,"href":"https:\/\/leocare.eu\/fr\/wp-json\/wp\/v2\/comments?post=17400"}],"version-history":[{"count":6,"href":"https:\/\/leocare.eu\/fr\/wp-json\/wp\/v2\/pages\/17400\/revisions"}],"predecessor-version":[{"id":17406,"href":"https:\/\/leocare.eu\/fr\/wp-json\/wp\/v2\/pages\/17400\/revisions\/17406"}],"up":[{"embeddable":true,"href":"https:\/\/leocare.eu\/fr\/wp-json\/wp\/v2\/pages\/16531"}],"wp:featuredmedia":[{"embeddable":true,"href":"https:\/\/leocare.eu\/fr\/wp-json\/wp\/v2\/media\/16588"}],"wp:attachment":[{"href":"https:\/\/leocare.eu\/fr\/wp-json\/wp\/v2\/media?parent=17400"}],"curies":[{"name":"wp","href":"https:\/\/api.w.org\/{rel}","templated":true}]}}