{"id":17137,"date":"2023-07-28T12:20:18","date_gmt":"2023-07-28T10:20:18","guid":{"rendered":"https:\/\/leocare.eu\/fr\/?page_id=17137"},"modified":"2026-03-13T17:33:18","modified_gmt":"2026-03-13T16:33:18","slug":"partenaires","status":"publish","type":"page","link":"https:\/\/leocare.eu\/fr\/partenaires\/","title":{"rendered":"Espace partenaires Leocare"},"content":{"rendered":"","protected":false},"excerpt":{"rendered":"","protected":false},"author":4,"featured_media":0,"parent":0,"menu_order":0,"comment_status":"closed","ping_status":"closed","template":"template_partners_v2.php","meta":{"_acf_changed":false,"footnotes":""},"class_list":["post-17137","page","type-page","status-publish","hentry"],"acf":[],"yoast_head":"<!-- This site is optimized with the Yoast SEO plugin v27.3 - https:\/\/yoast.com\/product\/yoast-seo-wordpress\/ -->\n<title>Espace partenaires Leocare<\/title>\n<meta name=\"description\" content=\"D\u00e9couvrez nos partenaires et les avantages de notre r\u00e9seau. Collaboration pour des services d&#039;assurance optimis\u00e9s.\" \/>\n<meta name=\"robots\" content=\"index, follow, max-snippet:-1, max-image-preview:large, max-video-preview:-1\" \/>\n<link rel=\"canonical\" href=\"https:\/\/leocare.eu\/fr\/partenaires\/\" \/>\n<meta property=\"og:locale\" content=\"fr_FR\" \/>\n<meta property=\"og:type\" content=\"article\" \/>\n<meta property=\"og:title\" content=\"Espace partenaires Leocare\" \/>\n<meta property=\"og:description\" content=\"D\u00e9couvrez nos partenaires et les avantages de notre r\u00e9seau. Collaboration pour des services d&#039;assurance optimis\u00e9s.\" \/>\n<meta property=\"og:url\" content=\"https:\/\/leocare.eu\/fr\/partenaires\/\" \/>\n<meta property=\"og:site_name\" content=\"Leocare, assurance en ligne automobile et habitation\" \/>\n<meta property=\"article:modified_time\" content=\"2026-03-13T16:33:18+00:00\" \/>\n<meta name=\"twitter:card\" content=\"summary_large_image\" \/>\n<!-- \/ Yoast SEO plugin. -->","yoast_head_json":{"title":"Espace partenaires Leocare","description":"D\u00e9couvrez nos partenaires et les avantages de notre r\u00e9seau. Collaboration pour des services d'assurance optimis\u00e9s.","robots":{"index":"index","follow":"follow","max-snippet":"max-snippet:-1","max-image-preview":"max-image-preview:large","max-video-preview":"max-video-preview:-1"},"canonical":"https:\/\/leocare.eu\/fr\/partenaires\/","og_locale":"fr_FR","og_type":"article","og_title":"Espace partenaires Leocare","og_description":"D\u00e9couvrez nos partenaires et les avantages de notre r\u00e9seau. Collaboration pour des services d'assurance optimis\u00e9s.","og_url":"https:\/\/leocare.eu\/fr\/partenaires\/","og_site_name":"Leocare, assurance en ligne automobile et habitation","article_modified_time":"2026-03-13T16:33:18+00:00","twitter_card":"summary_large_image","schema":{"@context":"https:\/\/schema.org","@graph":[{"@type":"WebPage","@id":"https:\/\/leocare.eu\/fr\/partenaires\/","url":"https:\/\/leocare.eu\/fr\/partenaires\/","name":"Espace partenaires Leocare","isPartOf":{"@id":"https:\/\/leocare.eu\/fr\/#website"},"datePublished":"2023-07-28T10:20:18+00:00","dateModified":"2026-03-13T16:33:18+00:00","description":"D\u00e9couvrez nos partenaires et les avantages de notre r\u00e9seau. Collaboration pour des services d'assurance optimis\u00e9s.","breadcrumb":{"@id":"https:\/\/leocare.eu\/fr\/partenaires\/#breadcrumb"},"inLanguage":"fr-FR","potentialAction":[{"@type":"ReadAction","target":["https:\/\/leocare.eu\/fr\/partenaires\/"]}]},{"@type":"WebSite","@id":"https:\/\/leocare.eu\/fr\/#website","url":"https:\/\/leocare.eu\/fr\/","name":"Leocare, assurance en ligne automobile et habitation","description":"enfin (r)assur\u00e9.e","publisher":{"@id":"https:\/\/leocare.eu\/fr\/#organization"},"potentialAction":[{"@type":"SearchAction","target":{"@type":"EntryPoint","urlTemplate":"https:\/\/leocare.eu\/fr\/?s={search_term_string}"},"query-input":{"@type":"PropertyValueSpecification","valueRequired":true,"valueName":"search_term_string"}}],"inLanguage":"fr-FR"},{"@type":"Organization","@id":"https:\/\/leocare.eu\/fr\/#organization","name":"Leocare, assurance en ligne automobile et habitation","url":"https:\/\/leocare.eu\/fr\/","logo":{"@type":"ImageObject","inLanguage":"fr-FR","@id":"https:\/\/leocare.eu\/fr\/#\/schema\/logo\/image\/","url":"https:\/\/leocare.eu\/fr\/wp-content\/uploads\/2020\/03\/logo-leocare.svg","contentUrl":"https:\/\/leocare.eu\/fr\/wp-content\/uploads\/2020\/03\/logo-leocare.svg","caption":"Leocare, assurance en ligne automobile et habitation"},"image":{"@id":"https:\/\/leocare.eu\/fr\/#\/schema\/logo\/image\/"}}]}},"_links":{"self":[{"href":"https:\/\/leocare.eu\/fr\/wp-json\/wp\/v2\/pages\/17137","targetHints":{"allow":["GET"]}}],"collection":[{"href":"https:\/\/leocare.eu\/fr\/wp-json\/wp\/v2\/pages"}],"about":[{"href":"https:\/\/leocare.eu\/fr\/wp-json\/wp\/v2\/types\/page"}],"author":[{"embeddable":true,"href":"https:\/\/leocare.eu\/fr\/wp-json\/wp\/v2\/users\/4"}],"replies":[{"embeddable":true,"href":"https:\/\/leocare.eu\/fr\/wp-json\/wp\/v2\/comments?post=17137"}],"version-history":[{"count":168,"href":"https:\/\/leocare.eu\/fr\/wp-json\/wp\/v2\/pages\/17137\/revisions"}],"predecessor-version":[{"id":39254,"href":"https:\/\/leocare.eu\/fr\/wp-json\/wp\/v2\/pages\/17137\/revisions\/39254"}],"wp:attachment":[{"href":"https:\/\/leocare.eu\/fr\/wp-json\/wp\/v2\/media?parent=17137"}],"curies":[{"name":"wp","href":"https:\/\/api.w.org\/{rel}","templated":true}]}}