{"id":16681,"date":"2023-07-07T16:01:47","date_gmt":"2023-07-07T14:01:47","guid":{"rendered":"https:\/\/leocare.eu\/fr\/?page_id=16681"},"modified":"2024-05-31T10:25:13","modified_gmt":"2024-05-31T08:25:13","slug":"lancement-takecare","status":"publish","type":"page","link":"https:\/\/leocare.eu\/fr\/presse\/lancement-takecare\/","title":{"rendered":"Leocare lance TakeCare, sa nouvelle application qui prot\u00e8ge les automobilistes des accidents"},"content":{"rendered":"\n<p><em>La pr\u00e9vention doit \u00eatre au c\u0153ur du m\u00e9tier d\u2019assureur. Pour donner corps \u00e0 cette conviction, Leocare lance TakeCare, une application in\u00e9dite et gratuite de pr\u00e9vention routi\u00e8re \u00e0 l\u2019attention de tous les automobilistes. Exploitant plus de 60 sources de data et l\u2019intelligence artificielle, le nouveau service permet aux usagers de la route d\u2019anticiper, en temps r\u00e9el, les dangers et les risques d\u2019accidents tout en leur prodiguant des conseils pour une conduite plus \u00e9conomique. TakeCare est d\u2019ores et d\u00e9j\u00e0 disponible sur iOS et Android.<\/em><\/p>\n\n\n\n<h2 class=\"wp-block-heading\">La route : un danger quotidien<\/h2>\n\n\n\n<p><strong>En France, plus de 53 000 accidents corporels sont enregistr\u00e9s chaque ann\u00e9e par l\u2019Observatoire national interminist\u00e9riel de la s\u00e9curit\u00e9 routi\u00e8re et 15% des Fran\u00e7ais d\u00e9clarent ne pas se sentir en s\u00e9curit\u00e9 sur la route.<\/strong><\/p>\n\n\n\n<p>Persuad\u00e9e que la pr\u00e9vention est cl\u00e9 pour permettre \u00e0 ses assur\u00e9s de prendre la route sereinement, la n\u00e9o-assurance Leocare, sp\u00e9cialis\u00e9e dans l\u2019assurance auto, habitation et moto, poursuit son d\u00e9veloppement 100% mobile avec le lancement de son nouveau service de pr\u00e9vention, TakeCare. <strong>L\u2019objectif : utiliser la technologie pour informer en temps r\u00e9el les conducteurs des nombreux risques qu\u2019ils peuvent rencontrer sur leur trajet.<\/strong><\/p>\n\n\n\n<h2 class=\"wp-block-heading\">TakeCare : l\u2019application qui mise sur la pr\u00e9vention<\/h2>\n\n\n\n<p>Gr\u00e2ce \u00e0 un algorithme de pr\u00e9vention qui allie la puissance de l\u2019intelligence artificielle \u00e0 plus de 60 sources de data, <strong>TakeCare pr\u00e9dit les risques sur la route du conducteur en croisant des milliers de donn\u00e9es et l\u2019alerte \u00e0 l\u2019aide d\u2019une notification vocale.<\/strong> Avec ce nouveau service, Leocare rompt avec le mod\u00e8le classique de l\u2019assurance, bas\u00e9 historiquement et exclusivement sur la protection et place la pr\u00e9vention sur le devant de la sc\u00e8ne.<\/p>\n\n\n\n<h2 class=\"wp-block-heading\">Comment fonctionne TakeCare ?<\/h2>\n\n\n\n<p>L\u2019application TakeCare utilise l\u2019algorithmie, l\u2019intelligence artificielle ainsi que des milliers de donn\u00e9es pour d\u00e9velopper son service de pr\u00e9vention. Parmi les donn\u00e9es utilis\u00e9es :<\/p>\n\n\n\n<ul class=\"wp-block-list\">\n<li>Les donn\u00e9es du r\u00e9seau routier fran\u00e7ais fournies par le gouvernement<\/li>\n\n\n\n<li>Les accidents corporels de la circulation routi\u00e8re sur la p\u00e9riode 2009 &#8211; 2019<\/li>\n\n\n\n<li>La sinuosit\u00e9 de la route<\/li>\n\n\n\n<li>La courbure de la route<\/li>\n\n\n\n<li>Le trafic moyen journalier (TMJA) du r\u00e9seau routier national sur la p\u00e9riode de 2011 \u00e0 2018. <br>Ce jeu de donn\u00e9es provient du minist\u00e8re de la transition \u00e9cologique et solidaire<\/li>\n\n\n\n<li>L\u2019orientation (Est &#8211; Ouest &#8211; Nord &#8211; Sud)<\/li>\n\n\n\n<li>La m\u00e9t\u00e9o<\/li>\n\n\n\n<li>La position du soleil<\/li>\n<\/ul>\n\n\n\n<p>En int\u00e9grant et en analysant l\u2019ensemble de ces donn\u00e9es, Leocare anticipe et pr\u00e9dit les risques potentiels que le conducteur peut rencontrer au cours de son itin\u00e9raire et l\u2019en informe en amont par notification vocale. <strong>La pr\u00e9vention s\u2019inscrit d\u00e9sormais dans le quotidien des assur\u00e9s en toute simplicit\u00e9 et devient un nouveau r\u00e9flexe pour pr\u00e9venir plut\u00f4t que gu\u00e9rir !<\/strong><\/p>\n\n\n\n<figure class=\"wp-block-image size-large\"><img decoding=\"async\" width=\"1024\" height=\"459\" src=\"https:\/\/leocare.eu\/fr\/wp-content\/uploads\/2023\/07\/fonctionnement-takecare-1024x459.jpg\" alt=\"fonctionnement takecare\" class=\"wp-image-16682\" srcset=\"https:\/\/leocare.eu\/fr\/wp-content\/uploads\/2023\/07\/fonctionnement-takecare-1024x459.jpg 1024w, https:\/\/leocare.eu\/fr\/wp-content\/uploads\/2023\/07\/fonctionnement-takecare-300x134.jpg 300w, https:\/\/leocare.eu\/fr\/wp-content\/uploads\/2023\/07\/fonctionnement-takecare-768x344.jpg 768w, https:\/\/leocare.eu\/fr\/wp-content\/uploads\/2023\/07\/fonctionnement-takecare-1536x688.jpg 1536w, https:\/\/leocare.eu\/fr\/wp-content\/uploads\/2023\/07\/fonctionnement-takecare-1980x887.jpg 1980w, https:\/\/leocare.eu\/fr\/wp-content\/uploads\/2023\/07\/fonctionnement-takecare-1500x672.jpg 1500w, https:\/\/leocare.eu\/fr\/wp-content\/uploads\/2023\/07\/fonctionnement-takecare-1372x615.jpg 1372w, https:\/\/leocare.eu\/fr\/wp-content\/uploads\/2023\/07\/fonctionnement-takecare-980x439.jpg 980w, https:\/\/leocare.eu\/fr\/wp-content\/uploads\/2023\/07\/fonctionnement-takecare-575x258.jpg 575w, https:\/\/leocare.eu\/fr\/wp-content\/uploads\/2023\/07\/fonctionnement-takecare-600x269.jpg 600w, https:\/\/leocare.eu\/fr\/wp-content\/uploads\/2023\/07\/fonctionnement-takecare-700x314.jpg 700w, https:\/\/leocare.eu\/fr\/wp-content\/uploads\/2023\/07\/fonctionnement-takecare-480x215.jpg 480w, https:\/\/leocare.eu\/fr\/wp-content\/uploads\/2023\/07\/fonctionnement-takecare-515x231.jpg 515w, https:\/\/leocare.eu\/fr\/wp-content\/uploads\/2023\/07\/fonctionnement-takecare-490x220.jpg 490w, https:\/\/leocare.eu\/fr\/wp-content\/uploads\/2023\/07\/fonctionnement-takecare-360x161.jpg 360w, https:\/\/leocare.eu\/fr\/wp-content\/uploads\/2023\/07\/fonctionnement-takecare-330x148.jpg 330w, https:\/\/leocare.eu\/fr\/wp-content\/uploads\/2023\/07\/fonctionnement-takecare-173x78.jpg 173w, https:\/\/leocare.eu\/fr\/wp-content\/uploads\/2023\/07\/fonctionnement-takecare-150x67.jpg 150w, https:\/\/leocare.eu\/fr\/wp-content\/uploads\/2023\/07\/fonctionnement-takecare-100x45.jpg 100w, https:\/\/leocare.eu\/fr\/wp-content\/uploads\/2023\/07\/fonctionnement-takecare-20x9.jpg 20w, https:\/\/leocare.eu\/fr\/wp-content\/uploads\/2023\/07\/fonctionnement-takecare-40x18.jpg 40w, https:\/\/leocare.eu\/fr\/wp-content\/uploads\/2023\/07\/fonctionnement-takecare-140x63.jpg 140w, https:\/\/leocare.eu\/fr\/wp-content\/uploads\/2023\/07\/fonctionnement-takecare-200x90.jpg 200w, https:\/\/leocare.eu\/fr\/wp-content\/uploads\/2023\/07\/fonctionnement-takecare-315x141.jpg 315w, https:\/\/leocare.eu\/fr\/wp-content\/uploads\/2023\/07\/fonctionnement-takecare-781x350.jpg 781w, https:\/\/leocare.eu\/fr\/wp-content\/uploads\/2023\/07\/fonctionnement-takecare-560x251.jpg 560w, https:\/\/leocare.eu\/fr\/wp-content\/uploads\/2023\/07\/fonctionnement-takecare-623x279.jpg 623w, https:\/\/leocare.eu\/fr\/wp-content\/uploads\/2023\/07\/fonctionnement-takecare-475x213.jpg 475w, https:\/\/leocare.eu\/fr\/wp-content\/uploads\/2023\/07\/fonctionnement-takecare.jpg 2000w\" sizes=\"(max-width: 1024px) 100vw, 1024px\" \/><\/figure>\n\n\n\n<h2 class=\"wp-block-heading\">S\u00e9curit\u00e9, \u00e9conomies d\u2019argent, tranquillit\u00e9\u2026 les nombreux avantages de TakeCare<\/h2>\n\n\n\n<p>Au-del\u00e0 de sa simplicit\u00e9 d\u2019utilisation, <strong>TakeCare permet d\u2019accro\u00eetre consid\u00e9rablement la s\u00e9curit\u00e9 de ses utilisateurs en leur permettant d\u2019adopter une meilleure conduite, plus s\u00fbre et plus sereine, diminuant ainsi drastiquement les risques d\u2019accident et de collision. <\/strong>Qui dit diminution du risque dit aussi gain de temps et d\u2019argent gr\u00e2ce aux sinistres \u00e9vit\u00e9s et \u00e0 une conduite plus r\u00e9guli\u00e8re et donc plus \u00e9conomique !<\/p>\n\n\n\n<h2 class=\"wp-block-heading\">La data, au bon endroit, au bon moment<\/h2>\n\n\n\n<p>Leocare porte une conviction :<strong> l\u2019assureur doit jouer un r\u00f4le de pr\u00e9vention et de sensibilisation de premier ordre aupr\u00e8s des assur\u00e9s.<\/strong> Ce r\u00f4le, la start-up l\u2019assume en s\u2019appuyant sur la data et des nouvelles technologies toujours plus puissantes et auto-apprenantes capables de traiter des volumes de donn\u00e9es gigantesques. Les algorithmes ne pr\u00e9disent pas l\u2019avenir, bien s\u00fbr, mais ils sont \u00e0 m\u00eame de d\u00e9tecter des corr\u00e9lations suffisamment fines pour devenir pr\u00e9dictifs. <strong>Data et intelligence artificielle promettent ainsi de r\u00e9volutionner la pr\u00e9vention, et ce dans tous les domaines.<\/strong><\/p>\n\n\n\n<p>De la start-up en passant par les pouvoirs publics, de nombreux services de pr\u00e9vention ont ainsi vu le jour ces derniers mois : service d\u00e9di\u00e9 \u00e0 la sant\u00e9 des collaborateurs en entreprise, fonctionnalit\u00e9 permettant de pr\u00e9dire les futures capacit\u00e9s d\u2019\u00e9pargne\u2026 les exemples sont nombreux, sans oublier de citer celui de l\u2019application #TousAntiCovid qui permet de pr\u00e9venir les Fran\u00e7ais ayant \u00e9t\u00e9 en contact avec une personne \u00e0 risque.<\/p>\n\n\n\n<p><em>\u00ab Nous sommes heureux et fiers d\u2019annoncer le lancement de TakeCare, qui illustre non seulement notre volont\u00e9 d\u2019ancrer la pr\u00e9vention au c\u0153ur de notre m\u00e9tier, mais \u00e9galement notre d\u00e9termination \u00e0 agir concr\u00e8tement sur un enjeu de soci\u00e9t\u00e9 majeur. Cet engagement explique pourquoi nous proposons notre application gratuitement, \u00e0 tous les automobilistes, qu\u2019ils soient assur\u00e9s Leocare ou non. Parce que la s\u00e9curit\u00e9 routi\u00e8re est un sujet qui nous concerne tous, cela implique un effort collectif et national auquel chacun doit prendre part. \u00bb<\/em> <strong>conclut Christophe Dandois, CEO de Leocare.<\/strong><\/p>\n","protected":false},"excerpt":{"rendered":"<p>La pr\u00e9vention doit \u00eatre au c\u0153ur du m\u00e9tier d\u2019assureur. Pour donner corps \u00e0 cette conviction, Leocare lance TakeCare, une application in\u00e9dite et gratuite de pr\u00e9vention routi\u00e8re \u00e0 l\u2019attention de tous les automobilistes. Exploitant plus de 60 sources de data et l\u2019intelligence artificielle, le nouveau service permet aux usagers de la route d\u2019anticiper, en temps r\u00e9el, [&hellip;]<\/p>\n","protected":false},"author":34,"featured_media":16588,"parent":16531,"menu_order":0,"comment_status":"closed","ping_status":"closed","template":"template_press_article.php","meta":{"_acf_changed":false,"footnotes":""},"class_list":["post-16681","page","type-page","status-publish","has-post-thumbnail","hentry"],"acf":[],"yoast_head":"<!-- This site is optimized with the Yoast SEO plugin v27.3 - https:\/\/yoast.com\/product\/yoast-seo-wordpress\/ -->\n<title>Leocare lance TakeCare, sa nouvelle application qui prot\u00e8ge les automobilistes des accidents<\/title>\n<meta name=\"description\" content=\"Leocare lance TakeCare, un nouveau service d\u00e9di\u00e9 \u00e0 la protection de votre sant\u00e9 et de votre bien-\u00eatre. D\u00e9couvrez-le maintenant.\" \/>\n<meta name=\"robots\" content=\"index, follow, max-snippet:-1, max-image-preview:large, max-video-preview:-1\" \/>\n<link rel=\"canonical\" href=\"https:\/\/leocare.eu\/fr\/presse\/lancement-takecare\/\" \/>\n<meta property=\"og:locale\" content=\"fr_FR\" \/>\n<meta property=\"og:type\" content=\"article\" \/>\n<meta property=\"og:title\" content=\"Leocare lance TakeCare, sa nouvelle application qui prot\u00e8ge les automobilistes des accidents\" \/>\n<meta property=\"og:description\" content=\"Leocare lance TakeCare, un nouveau service d\u00e9di\u00e9 \u00e0 la protection de votre sant\u00e9 et de votre bien-\u00eatre. D\u00e9couvrez-le maintenant.\" \/>\n<meta property=\"og:url\" content=\"https:\/\/leocare.eu\/fr\/presse\/lancement-takecare\/\" \/>\n<meta property=\"og:site_name\" content=\"Leocare, assurance en ligne automobile et habitation\" \/>\n<meta property=\"article:modified_time\" content=\"2024-05-31T08:25:13+00:00\" \/>\n<meta property=\"og:image\" content=\"https:\/\/leocare.eu\/fr\/wp-content\/uploads\/2023\/07\/background-leocare.png\" \/>\n\t<meta property=\"og:image:width\" content=\"1400\" \/>\n\t<meta property=\"og:image:height\" content=\"600\" \/>\n\t<meta property=\"og:image:type\" content=\"image\/png\" \/>\n<meta name=\"twitter:card\" content=\"summary_large_image\" \/>\n<meta name=\"twitter:label1\" content=\"Dur\u00e9e de lecture estim\u00e9e\" \/>\n\t<meta name=\"twitter:data1\" content=\"4 minutes\" \/>\n<!-- \/ Yoast SEO plugin. -->","yoast_head_json":{"title":"Leocare lance TakeCare, sa nouvelle application qui prot\u00e8ge les automobilistes des accidents","description":"Leocare lance TakeCare, un nouveau service d\u00e9di\u00e9 \u00e0 la protection de votre sant\u00e9 et de votre bien-\u00eatre. D\u00e9couvrez-le maintenant.","robots":{"index":"index","follow":"follow","max-snippet":"max-snippet:-1","max-image-preview":"max-image-preview:large","max-video-preview":"max-video-preview:-1"},"canonical":"https:\/\/leocare.eu\/fr\/presse\/lancement-takecare\/","og_locale":"fr_FR","og_type":"article","og_title":"Leocare lance TakeCare, sa nouvelle application qui prot\u00e8ge les automobilistes des accidents","og_description":"Leocare lance TakeCare, un nouveau service d\u00e9di\u00e9 \u00e0 la protection de votre sant\u00e9 et de votre bien-\u00eatre. D\u00e9couvrez-le maintenant.","og_url":"https:\/\/leocare.eu\/fr\/presse\/lancement-takecare\/","og_site_name":"Leocare, assurance en ligne automobile et habitation","article_modified_time":"2024-05-31T08:25:13+00:00","og_image":[{"width":1400,"height":600,"url":"https:\/\/leocare.eu\/fr\/wp-content\/uploads\/2023\/07\/background-leocare.png","type":"image\/png"}],"twitter_card":"summary_large_image","twitter_misc":{"Dur\u00e9e de lecture estim\u00e9e":"4 minutes"},"schema":{"@context":"https:\/\/schema.org","@graph":[{"@type":"WebPage","@id":"https:\/\/leocare.eu\/fr\/presse\/lancement-takecare\/","url":"https:\/\/leocare.eu\/fr\/presse\/lancement-takecare\/","name":"Leocare lance TakeCare, sa nouvelle application qui prot\u00e8ge les automobilistes des accidents","isPartOf":{"@id":"https:\/\/leocare.eu\/fr\/#website"},"primaryImageOfPage":{"@id":"https:\/\/leocare.eu\/fr\/presse\/lancement-takecare\/#primaryimage"},"image":{"@id":"https:\/\/leocare.eu\/fr\/presse\/lancement-takecare\/#primaryimage"},"thumbnailUrl":"https:\/\/leocare.eu\/fr\/wp-content\/uploads\/2023\/07\/background-leocare.png","datePublished":"2023-07-07T14:01:47+00:00","dateModified":"2024-05-31T08:25:13+00:00","description":"Leocare lance TakeCare, un nouveau service d\u00e9di\u00e9 \u00e0 la protection de votre sant\u00e9 et de votre bien-\u00eatre. D\u00e9couvrez-le maintenant.","breadcrumb":{"@id":"https:\/\/leocare.eu\/fr\/presse\/lancement-takecare\/#breadcrumb"},"inLanguage":"fr-FR","potentialAction":[{"@type":"ReadAction","target":["https:\/\/leocare.eu\/fr\/presse\/lancement-takecare\/"]}]},{"@type":"ImageObject","inLanguage":"fr-FR","@id":"https:\/\/leocare.eu\/fr\/presse\/lancement-takecare\/#primaryimage","url":"https:\/\/leocare.eu\/fr\/wp-content\/uploads\/2023\/07\/background-leocare.png","contentUrl":"https:\/\/leocare.eu\/fr\/wp-content\/uploads\/2023\/07\/background-leocare.png","width":1400,"height":600,"caption":"background leocare"},{"@type":"WebSite","@id":"https:\/\/leocare.eu\/fr\/#website","url":"https:\/\/leocare.eu\/fr\/","name":"Leocare, assurance en ligne automobile et habitation","description":"enfin (r)assur\u00e9.e","publisher":{"@id":"https:\/\/leocare.eu\/fr\/#organization"},"potentialAction":[{"@type":"SearchAction","target":{"@type":"EntryPoint","urlTemplate":"https:\/\/leocare.eu\/fr\/?s={search_term_string}"},"query-input":{"@type":"PropertyValueSpecification","valueRequired":true,"valueName":"search_term_string"}}],"inLanguage":"fr-FR"},{"@type":"Organization","@id":"https:\/\/leocare.eu\/fr\/#organization","name":"Leocare, assurance en ligne automobile et habitation","url":"https:\/\/leocare.eu\/fr\/","logo":{"@type":"ImageObject","inLanguage":"fr-FR","@id":"https:\/\/leocare.eu\/fr\/#\/schema\/logo\/image\/","url":"https:\/\/leocare.eu\/fr\/wp-content\/uploads\/2020\/03\/logo-leocare.svg","contentUrl":"https:\/\/leocare.eu\/fr\/wp-content\/uploads\/2020\/03\/logo-leocare.svg","caption":"Leocare, assurance en ligne automobile et habitation"},"image":{"@id":"https:\/\/leocare.eu\/fr\/#\/schema\/logo\/image\/"}}]}},"_links":{"self":[{"href":"https:\/\/leocare.eu\/fr\/wp-json\/wp\/v2\/pages\/16681","targetHints":{"allow":["GET"]}}],"collection":[{"href":"https:\/\/leocare.eu\/fr\/wp-json\/wp\/v2\/pages"}],"about":[{"href":"https:\/\/leocare.eu\/fr\/wp-json\/wp\/v2\/types\/page"}],"author":[{"embeddable":true,"href":"https:\/\/leocare.eu\/fr\/wp-json\/wp\/v2\/users\/34"}],"replies":[{"embeddable":true,"href":"https:\/\/leocare.eu\/fr\/wp-json\/wp\/v2\/comments?post=16681"}],"version-history":[{"count":3,"href":"https:\/\/leocare.eu\/fr\/wp-json\/wp\/v2\/pages\/16681\/revisions"}],"predecessor-version":[{"id":16999,"href":"https:\/\/leocare.eu\/fr\/wp-json\/wp\/v2\/pages\/16681\/revisions\/16999"}],"up":[{"embeddable":true,"href":"https:\/\/leocare.eu\/fr\/wp-json\/wp\/v2\/pages\/16531"}],"wp:featuredmedia":[{"embeddable":true,"href":"https:\/\/leocare.eu\/fr\/wp-json\/wp\/v2\/media\/16588"}],"wp:attachment":[{"href":"https:\/\/leocare.eu\/fr\/wp-json\/wp\/v2\/media?parent=16681"}],"curies":[{"name":"wp","href":"https:\/\/api.w.org\/{rel}","templated":true}]}}