{"id":16667,"date":"2023-07-07T15:31:28","date_gmt":"2023-07-07T13:31:28","guid":{"rendered":"https:\/\/leocare.eu\/fr\/?page_id=16667"},"modified":"2024-09-12T12:14:48","modified_gmt":"2024-09-12T10:14:48","slug":"metro","status":"publish","type":"page","link":"https:\/\/leocare.eu\/fr\/presse\/metro\/","title":{"rendered":"Leocare f\u00eate l\u2019arriv\u00e9e du m\u00e9tro en fanfare !"},"content":{"rendered":"\n<p>Mardi matin, Leocare, la start-up rennaise install\u00e9e au pied de la nouvelle station \u00ab Cesson &#8211; Viasilva \u00bb, accueillera festivement l\u2019ouverture de la ligne B du m\u00e9tro rennais. Pour c\u00e9l\u00e9brer cet \u00e9v\u00e9nement attendu, la formation musicale br\u00e9tillienne Firebells assurera l\u2019animation et les collaborateurs de Leocare offriront caf\u00e9 et croissants aux voyageurs, de 8h30 \u00e0 9h30.<\/p>\n\n\n\n<p>La premi\u00e8re n\u00e9o-assurance multiservices de France revendique son implantation territoriale en Bretagne, au coeur de la m\u00e9tropole rennaise, et plus particuli\u00e8rement \u00e0 Cesson-S\u00e9vign\u00e9.<\/p>\n\n\n\n<p>Pr\u00e8s de 80% des effectifs de Leocare (environ 100 personnes \u00e0 ce jour), sont install\u00e9s \u00e0 Cesson-S\u00e9vign\u00e9 et saluent avec joie et enthousiasme ce nouvel \u00e9quipement majeur de la m\u00e9tropole rennaise.<\/p>\n\n\n\n<p>La n\u00e9o-assurance pr\u00e9voit de recruter pr\u00e8s d\u2019une trentaine de talents (relation client, d\u00e9veloppement, marketing\u2026) d\u2019ici \u00e0 la fin de l\u2019ann\u00e9e et plus de 150 sur les deux prochaines ann\u00e9es.<\/p>\n","protected":false},"excerpt":{"rendered":"<p>Mardi matin, Leocare, la start-up rennaise install\u00e9e au pied de la nouvelle station \u00ab Cesson &#8211; Viasilva \u00bb, accueillera festivement l\u2019ouverture de la ligne B du m\u00e9tro rennais. Pour c\u00e9l\u00e9brer cet \u00e9v\u00e9nement attendu, la formation musicale br\u00e9tillienne Firebells assurera l\u2019animation et les collaborateurs de Leocare offriront caf\u00e9 et croissants aux voyageurs, de 8h30 \u00e0 9h30. [&hellip;]<\/p>\n","protected":false},"author":4,"featured_media":16588,"parent":16531,"menu_order":0,"comment_status":"closed","ping_status":"closed","template":"template_press_article.php","meta":{"_acf_changed":false,"footnotes":""},"class_list":["post-16667","page","type-page","status-publish","has-post-thumbnail","hentry"],"acf":[],"yoast_head":"<!-- This site is optimized with the Yoast SEO plugin v27.3 - https:\/\/yoast.com\/product\/yoast-seo-wordpress\/ -->\n<title>Leocare f\u00eate l\u2019arriv\u00e9e du m\u00e9tro en fanfare !<\/title>\n<meta name=\"description\" content=\"Leocare dans le journal Metro : reportages et articles sur notre croissance et nos innovations en assurance.\" \/>\n<meta name=\"robots\" content=\"index, follow, max-snippet:-1, max-image-preview:large, max-video-preview:-1\" \/>\n<link rel=\"canonical\" href=\"https:\/\/leocare.eu\/fr\/presse\/metro\/\" \/>\n<meta property=\"og:locale\" content=\"fr_FR\" \/>\n<meta property=\"og:type\" content=\"article\" \/>\n<meta property=\"og:title\" content=\"Leocare f\u00eate l\u2019arriv\u00e9e du m\u00e9tro en fanfare !\" \/>\n<meta property=\"og:description\" content=\"Leocare dans le journal Metro : reportages et articles sur notre croissance et nos innovations en assurance.\" \/>\n<meta property=\"og:url\" content=\"https:\/\/leocare.eu\/fr\/presse\/metro\/\" \/>\n<meta property=\"og:site_name\" content=\"Leocare, assurance en ligne automobile et habitation\" \/>\n<meta property=\"article:modified_time\" content=\"2024-09-12T10:14:48+00:00\" \/>\n<meta property=\"og:image\" content=\"https:\/\/leocare.eu\/fr\/wp-content\/uploads\/2023\/07\/background-leocare.png\" \/>\n\t<meta property=\"og:image:width\" content=\"1400\" \/>\n\t<meta property=\"og:image:height\" content=\"600\" \/>\n\t<meta property=\"og:image:type\" content=\"image\/png\" \/>\n<meta name=\"twitter:card\" content=\"summary_large_image\" \/>\n<meta name=\"twitter:label1\" content=\"Dur\u00e9e de lecture estim\u00e9e\" \/>\n\t<meta name=\"twitter:data1\" content=\"1 minute\" \/>\n<!-- \/ Yoast SEO plugin. -->","yoast_head_json":{"title":"Leocare f\u00eate l\u2019arriv\u00e9e du m\u00e9tro en fanfare !","description":"Leocare dans le journal Metro : reportages et articles sur notre croissance et nos innovations en assurance.","robots":{"index":"index","follow":"follow","max-snippet":"max-snippet:-1","max-image-preview":"max-image-preview:large","max-video-preview":"max-video-preview:-1"},"canonical":"https:\/\/leocare.eu\/fr\/presse\/metro\/","og_locale":"fr_FR","og_type":"article","og_title":"Leocare f\u00eate l\u2019arriv\u00e9e du m\u00e9tro en fanfare !","og_description":"Leocare dans le journal Metro : reportages et articles sur notre croissance et nos innovations en assurance.","og_url":"https:\/\/leocare.eu\/fr\/presse\/metro\/","og_site_name":"Leocare, assurance en ligne automobile et habitation","article_modified_time":"2024-09-12T10:14:48+00:00","og_image":[{"width":1400,"height":600,"url":"https:\/\/leocare.eu\/fr\/wp-content\/uploads\/2023\/07\/background-leocare.png","type":"image\/png"}],"twitter_card":"summary_large_image","twitter_misc":{"Dur\u00e9e de lecture estim\u00e9e":"1 minute"},"schema":{"@context":"https:\/\/schema.org","@graph":[{"@type":"WebPage","@id":"https:\/\/leocare.eu\/fr\/presse\/metro\/","url":"https:\/\/leocare.eu\/fr\/presse\/metro\/","name":"Leocare f\u00eate l\u2019arriv\u00e9e du m\u00e9tro en fanfare !","isPartOf":{"@id":"https:\/\/leocare.eu\/fr\/#website"},"primaryImageOfPage":{"@id":"https:\/\/leocare.eu\/fr\/presse\/metro\/#primaryimage"},"image":{"@id":"https:\/\/leocare.eu\/fr\/presse\/metro\/#primaryimage"},"thumbnailUrl":"https:\/\/leocare.eu\/fr\/wp-content\/uploads\/2023\/07\/background-leocare.png","datePublished":"2023-07-07T13:31:28+00:00","dateModified":"2024-09-12T10:14:48+00:00","description":"Leocare dans le journal Metro : reportages et articles sur notre croissance et nos innovations en assurance.","breadcrumb":{"@id":"https:\/\/leocare.eu\/fr\/presse\/metro\/#breadcrumb"},"inLanguage":"fr-FR","potentialAction":[{"@type":"ReadAction","target":["https:\/\/leocare.eu\/fr\/presse\/metro\/"]}]},{"@type":"ImageObject","inLanguage":"fr-FR","@id":"https:\/\/leocare.eu\/fr\/presse\/metro\/#primaryimage","url":"https:\/\/leocare.eu\/fr\/wp-content\/uploads\/2023\/07\/background-leocare.png","contentUrl":"https:\/\/leocare.eu\/fr\/wp-content\/uploads\/2023\/07\/background-leocare.png","width":1400,"height":600,"caption":"background leocare"},{"@type":"WebSite","@id":"https:\/\/leocare.eu\/fr\/#website","url":"https:\/\/leocare.eu\/fr\/","name":"Leocare, assurance en ligne automobile et habitation","description":"enfin (r)assur\u00e9.e","publisher":{"@id":"https:\/\/leocare.eu\/fr\/#organization"},"potentialAction":[{"@type":"SearchAction","target":{"@type":"EntryPoint","urlTemplate":"https:\/\/leocare.eu\/fr\/?s={search_term_string}"},"query-input":{"@type":"PropertyValueSpecification","valueRequired":true,"valueName":"search_term_string"}}],"inLanguage":"fr-FR"},{"@type":"Organization","@id":"https:\/\/leocare.eu\/fr\/#organization","name":"Leocare, assurance en ligne automobile et habitation","url":"https:\/\/leocare.eu\/fr\/","logo":{"@type":"ImageObject","inLanguage":"fr-FR","@id":"https:\/\/leocare.eu\/fr\/#\/schema\/logo\/image\/","url":"https:\/\/leocare.eu\/fr\/wp-content\/uploads\/2020\/03\/logo-leocare.svg","contentUrl":"https:\/\/leocare.eu\/fr\/wp-content\/uploads\/2020\/03\/logo-leocare.svg","caption":"Leocare, assurance en ligne automobile et habitation"},"image":{"@id":"https:\/\/leocare.eu\/fr\/#\/schema\/logo\/image\/"}}]}},"_links":{"self":[{"href":"https:\/\/leocare.eu\/fr\/wp-json\/wp\/v2\/pages\/16667","targetHints":{"allow":["GET"]}}],"collection":[{"href":"https:\/\/leocare.eu\/fr\/wp-json\/wp\/v2\/pages"}],"about":[{"href":"https:\/\/leocare.eu\/fr\/wp-json\/wp\/v2\/types\/page"}],"author":[{"embeddable":true,"href":"https:\/\/leocare.eu\/fr\/wp-json\/wp\/v2\/users\/4"}],"replies":[{"embeddable":true,"href":"https:\/\/leocare.eu\/fr\/wp-json\/wp\/v2\/comments?post=16667"}],"version-history":[{"count":6,"href":"https:\/\/leocare.eu\/fr\/wp-json\/wp\/v2\/pages\/16667\/revisions"}],"predecessor-version":[{"id":23160,"href":"https:\/\/leocare.eu\/fr\/wp-json\/wp\/v2\/pages\/16667\/revisions\/23160"}],"up":[{"embeddable":true,"href":"https:\/\/leocare.eu\/fr\/wp-json\/wp\/v2\/pages\/16531"}],"wp:featuredmedia":[{"embeddable":true,"href":"https:\/\/leocare.eu\/fr\/wp-json\/wp\/v2\/media\/16588"}],"wp:attachment":[{"href":"https:\/\/leocare.eu\/fr\/wp-json\/wp\/v2\/media?parent=16667"}],"curies":[{"name":"wp","href":"https:\/\/api.w.org\/{rel}","templated":true}]}}