{"id":16664,"date":"2023-07-07T15:28:45","date_gmt":"2023-07-07T13:28:45","guid":{"rendered":"https:\/\/leocare.eu\/fr\/?page_id=16664"},"modified":"2024-05-31T10:28:41","modified_gmt":"2024-05-31T08:28:41","slug":"top-3-applications","status":"publish","type":"page","link":"https:\/\/leocare.eu\/fr\/presse\/top-3-applications\/","title":{"rendered":"Le n\u00e9o-assureur Leocare s\u2019empare du TOP 3 des applications les plus t\u00e9l\u00e9charg\u00e9es dans la cat\u00e9gorie Finance"},"content":{"rendered":"\n<p><em>Pour la premi\u00e8re fois, Leocare figure dans le top 3 des applications les plus t\u00e9l\u00e9charg\u00e9es sur Android dans la cat\u00e9gorie Finance. Une belle reconnaissance pour la start-up qui ne cesse de s\u00e9duire de nouveaux assur\u00e9s.<\/em><\/p>\n\n\n\n<p>Premi\u00e8re assurance \u00e0 figurer dans le TOP de la cat\u00e9gorie Finance, <strong>Leocare fait d\u00e9sormais partie des applications de finance les plus t\u00e9l\u00e9charg\u00e9es en France.<\/strong> La n\u00e9o-assurance se hisse ainsi \u00e0 la 3\u00e8me place au sein des stores Android et 10\u00e8me sur iOS.<\/p>\n\n\n\n<p><strong>Avec plus de 4 000 notes sur les stores et une note moyenne de 4,6 sur 5,<\/strong> la n\u00e9o-assurance Leocare s\u00e9duit gr\u00e2ce \u00e0 son application. Une interface sans cesse am\u00e9lior\u00e9e pour une relation client simple et intuitive qui ne se fait pas au d\u00e9triment de la qualit\u00e9 des couvertures et des garanties propos\u00e9es pour l\u2019habitation, l\u2019automobile, la moto ou le t\u00e9l\u00e9phone mobile.&nbsp;<\/p>\n\n\n\n<p>Services clients de qualit\u00e9 avec suivi personnalis\u00e9, co\u00fbts optimis\u00e9s et ajust\u00e9s en temps r\u00e9el aux besoins des assur\u00e9s, Leocare n\u2019innove pas pour innover mais bien pour r\u00e9pondre aux attentes des consommateurs d\u2019aujourd\u2019hui, \u00e0 la recherche du meilleur de la technologie, pour une assurance au juste prix et avec les meilleures garanties possibles.<\/p>\n","protected":false},"excerpt":{"rendered":"<p>Pour la premi\u00e8re fois, Leocare figure dans le top 3 des applications les plus t\u00e9l\u00e9charg\u00e9es sur Android dans la cat\u00e9gorie Finance. Une belle reconnaissance pour la start-up qui ne cesse de s\u00e9duire de nouveaux assur\u00e9s. Premi\u00e8re assurance \u00e0 figurer dans le TOP de la cat\u00e9gorie Finance, Leocare fait d\u00e9sormais partie des applications de finance les [&hellip;]<\/p>\n","protected":false},"author":4,"featured_media":16588,"parent":16531,"menu_order":0,"comment_status":"closed","ping_status":"closed","template":"template_press_article.php","meta":{"_acf_changed":false,"footnotes":""},"class_list":["post-16664","page","type-page","status-publish","has-post-thumbnail","hentry"],"acf":[],"yoast_head":"<!-- This site is optimized with the Yoast SEO plugin v27.3 - https:\/\/yoast.com\/product\/yoast-seo-wordpress\/ -->\n<title>Le n\u00e9o-assureur Leocare s\u2019empare du TOP 3 des applications les plus t\u00e9l\u00e9charg\u00e9es dans la cat\u00e9gorie Finance<\/title>\n<meta name=\"description\" content=\"D\u00e9couvrez les trois meilleures applications recommand\u00e9es par Leocare pour optimiser vos trajets et votre s\u00e9curit\u00e9 routi\u00e8re.\" \/>\n<meta name=\"robots\" content=\"index, follow, max-snippet:-1, max-image-preview:large, max-video-preview:-1\" \/>\n<link rel=\"canonical\" href=\"https:\/\/leocare.eu\/fr\/presse\/top-3-applications\/\" \/>\n<meta property=\"og:locale\" content=\"fr_FR\" \/>\n<meta property=\"og:type\" content=\"article\" \/>\n<meta property=\"og:title\" content=\"Le n\u00e9o-assureur Leocare s\u2019empare du TOP 3 des applications les plus t\u00e9l\u00e9charg\u00e9es dans la cat\u00e9gorie Finance\" \/>\n<meta property=\"og:description\" content=\"D\u00e9couvrez les trois meilleures applications recommand\u00e9es par Leocare pour optimiser vos trajets et votre s\u00e9curit\u00e9 routi\u00e8re.\" \/>\n<meta property=\"og:url\" content=\"https:\/\/leocare.eu\/fr\/presse\/top-3-applications\/\" \/>\n<meta property=\"og:site_name\" content=\"Leocare, assurance en ligne automobile et habitation\" \/>\n<meta property=\"article:modified_time\" content=\"2024-05-31T08:28:41+00:00\" \/>\n<meta property=\"og:image\" content=\"https:\/\/leocare.eu\/fr\/wp-content\/uploads\/2023\/07\/background-leocare.png\" \/>\n\t<meta property=\"og:image:width\" content=\"1400\" \/>\n\t<meta property=\"og:image:height\" content=\"600\" \/>\n\t<meta property=\"og:image:type\" content=\"image\/png\" \/>\n<meta name=\"twitter:card\" content=\"summary_large_image\" \/>\n<meta name=\"twitter:label1\" content=\"Dur\u00e9e de lecture estim\u00e9e\" \/>\n\t<meta name=\"twitter:data1\" content=\"1 minute\" \/>\n<!-- \/ Yoast SEO plugin. -->","yoast_head_json":{"title":"Le n\u00e9o-assureur Leocare s\u2019empare du TOP 3 des applications les plus t\u00e9l\u00e9charg\u00e9es dans la cat\u00e9gorie Finance","description":"D\u00e9couvrez les trois meilleures applications recommand\u00e9es par Leocare pour optimiser vos trajets et votre s\u00e9curit\u00e9 routi\u00e8re.","robots":{"index":"index","follow":"follow","max-snippet":"max-snippet:-1","max-image-preview":"max-image-preview:large","max-video-preview":"max-video-preview:-1"},"canonical":"https:\/\/leocare.eu\/fr\/presse\/top-3-applications\/","og_locale":"fr_FR","og_type":"article","og_title":"Le n\u00e9o-assureur Leocare s\u2019empare du TOP 3 des applications les plus t\u00e9l\u00e9charg\u00e9es dans la cat\u00e9gorie Finance","og_description":"D\u00e9couvrez les trois meilleures applications recommand\u00e9es par Leocare pour optimiser vos trajets et votre s\u00e9curit\u00e9 routi\u00e8re.","og_url":"https:\/\/leocare.eu\/fr\/presse\/top-3-applications\/","og_site_name":"Leocare, assurance en ligne automobile et habitation","article_modified_time":"2024-05-31T08:28:41+00:00","og_image":[{"width":1400,"height":600,"url":"https:\/\/leocare.eu\/fr\/wp-content\/uploads\/2023\/07\/background-leocare.png","type":"image\/png"}],"twitter_card":"summary_large_image","twitter_misc":{"Dur\u00e9e de lecture estim\u00e9e":"1 minute"},"schema":{"@context":"https:\/\/schema.org","@graph":[{"@type":"WebPage","@id":"https:\/\/leocare.eu\/fr\/presse\/top-3-applications\/","url":"https:\/\/leocare.eu\/fr\/presse\/top-3-applications\/","name":"Le n\u00e9o-assureur Leocare s\u2019empare du TOP 3 des applications les plus t\u00e9l\u00e9charg\u00e9es dans la cat\u00e9gorie Finance","isPartOf":{"@id":"https:\/\/leocare.eu\/fr\/#website"},"primaryImageOfPage":{"@id":"https:\/\/leocare.eu\/fr\/presse\/top-3-applications\/#primaryimage"},"image":{"@id":"https:\/\/leocare.eu\/fr\/presse\/top-3-applications\/#primaryimage"},"thumbnailUrl":"https:\/\/leocare.eu\/fr\/wp-content\/uploads\/2023\/07\/background-leocare.png","datePublished":"2023-07-07T13:28:45+00:00","dateModified":"2024-05-31T08:28:41+00:00","description":"D\u00e9couvrez les trois meilleures applications recommand\u00e9es par Leocare pour optimiser vos trajets et votre s\u00e9curit\u00e9 routi\u00e8re.","breadcrumb":{"@id":"https:\/\/leocare.eu\/fr\/presse\/top-3-applications\/#breadcrumb"},"inLanguage":"fr-FR","potentialAction":[{"@type":"ReadAction","target":["https:\/\/leocare.eu\/fr\/presse\/top-3-applications\/"]}]},{"@type":"ImageObject","inLanguage":"fr-FR","@id":"https:\/\/leocare.eu\/fr\/presse\/top-3-applications\/#primaryimage","url":"https:\/\/leocare.eu\/fr\/wp-content\/uploads\/2023\/07\/background-leocare.png","contentUrl":"https:\/\/leocare.eu\/fr\/wp-content\/uploads\/2023\/07\/background-leocare.png","width":1400,"height":600,"caption":"background leocare"},{"@type":"WebSite","@id":"https:\/\/leocare.eu\/fr\/#website","url":"https:\/\/leocare.eu\/fr\/","name":"Leocare, assurance en ligne automobile et habitation","description":"enfin (r)assur\u00e9.e","publisher":{"@id":"https:\/\/leocare.eu\/fr\/#organization"},"potentialAction":[{"@type":"SearchAction","target":{"@type":"EntryPoint","urlTemplate":"https:\/\/leocare.eu\/fr\/?s={search_term_string}"},"query-input":{"@type":"PropertyValueSpecification","valueRequired":true,"valueName":"search_term_string"}}],"inLanguage":"fr-FR"},{"@type":"Organization","@id":"https:\/\/leocare.eu\/fr\/#organization","name":"Leocare, assurance en ligne automobile et habitation","url":"https:\/\/leocare.eu\/fr\/","logo":{"@type":"ImageObject","inLanguage":"fr-FR","@id":"https:\/\/leocare.eu\/fr\/#\/schema\/logo\/image\/","url":"https:\/\/leocare.eu\/fr\/wp-content\/uploads\/2020\/03\/logo-leocare.svg","contentUrl":"https:\/\/leocare.eu\/fr\/wp-content\/uploads\/2020\/03\/logo-leocare.svg","caption":"Leocare, assurance en ligne automobile et habitation"},"image":{"@id":"https:\/\/leocare.eu\/fr\/#\/schema\/logo\/image\/"}}]}},"_links":{"self":[{"href":"https:\/\/leocare.eu\/fr\/wp-json\/wp\/v2\/pages\/16664","targetHints":{"allow":["GET"]}}],"collection":[{"href":"https:\/\/leocare.eu\/fr\/wp-json\/wp\/v2\/pages"}],"about":[{"href":"https:\/\/leocare.eu\/fr\/wp-json\/wp\/v2\/types\/page"}],"author":[{"embeddable":true,"href":"https:\/\/leocare.eu\/fr\/wp-json\/wp\/v2\/users\/4"}],"replies":[{"embeddable":true,"href":"https:\/\/leocare.eu\/fr\/wp-json\/wp\/v2\/comments?post=16664"}],"version-history":[{"count":3,"href":"https:\/\/leocare.eu\/fr\/wp-json\/wp\/v2\/pages\/16664\/revisions"}],"predecessor-version":[{"id":17016,"href":"https:\/\/leocare.eu\/fr\/wp-json\/wp\/v2\/pages\/16664\/revisions\/17016"}],"up":[{"embeddable":true,"href":"https:\/\/leocare.eu\/fr\/wp-json\/wp\/v2\/pages\/16531"}],"wp:featuredmedia":[{"embeddable":true,"href":"https:\/\/leocare.eu\/fr\/wp-json\/wp\/v2\/media\/16588"}],"wp:attachment":[{"href":"https:\/\/leocare.eu\/fr\/wp-json\/wp\/v2\/media?parent=16664"}],"curies":[{"name":"wp","href":"https:\/\/api.w.org\/{rel}","templated":true}]}}