{"id":16643,"date":"2023-07-07T14:37:30","date_gmt":"2023-07-07T12:37:30","guid":{"rendered":"https:\/\/leocare.eu\/fr\/?page_id=16643"},"modified":"2024-05-31T10:28:40","modified_gmt":"2024-05-31T08:28:40","slug":"leocare-challenge","status":"publish","type":"page","link":"https:\/\/leocare.eu\/fr\/presse\/leocare-challenge\/","title":{"rendered":"L\u2019assurance Leocare lance un challenge improbable aux influenceurs pour illustrer la simplicit\u00e9 de son application"},"content":{"rendered":"\n<p><em>Leocare vous permet de souscrire un contrat d\u2019assurance auto, moto, habitation, en moins de 4 minutes. Afin de d\u00e9montrer cette promesse de simplicit\u00e9, Leocare lance une nouvelle campagne d\u2019influence : le #LeocareChallenge ! Diffus\u00e9e sur Instagram, Facebook, Twitter, Snapchat et TikTok, les \u00e9quipes de Leocare ont fait appel \u00e0 quatre influenceurs pour montrer qu\u2019on peut souscrire son assurance dans les situations les plus improbables.<\/em><\/p>\n\n\n\n<p>Exit la paperasse, l\u2019opacit\u00e9, la lourdeur des d\u00e9marches ! <strong>Depuis 5 ans, Leocare casse les codes de son secteur en proposant \u00e0 ses assur\u00e9s un parcours client simplifi\u00e9, fluide et rapide : <\/strong>une offre 100% digitale pour prendre soin des consommateurs, sans leur prendre la t\u00eate. Que ce soit pour souscrire un contrat auto, habitation, moto ou smartphone, avec Leocare, on peut s\u2019assurer quand on veut, o\u00f9 on veut, comme on veut et surtout en moins de 4 minutes !<\/p>\n\n\n\n<p>Pour illustrer cette promesse de simplicit\u00e9, <strong>Leocare a fait appel \u00e0 quatre influenceurs, qui se d\u00e9fient successivement \u00e0 travers diff\u00e9rents challenges toujours plus imaginatifs et improbables. <\/strong>Football freestyle avec <strong>Victor Player<\/strong> l\u2019influenceur aux 2 millions d\u2019abonn\u00e9s sur TikTok, bapt\u00eame de vitesse avec <strong>Bruce Jouanny<\/strong> (pilote Top Gear France) et <strong>Manon Lanza <\/strong>(allonsrider, participante du GP explorer), voltige a\u00e9rienne avec <strong>M\u00e9lanie Astles<\/strong> la quintuple championne de France de voltige et <strong>Julie Bourges<\/strong> (douzef\u00e9vrier) ou chute libre, rien ne leur est \u00e9pargn\u00e9 !<\/p>\n\n\n\n<p>Chaque d\u00e9fi fait l\u2019objet d\u2019une courte vid\u00e9o de 45-50 secondes diffus\u00e9e sur l\u2019ensemble des canaux, reprise \u00e9galement par les communaut\u00e9s de la marque et des influenceurs. <strong>Leocare invite sa communaut\u00e9 \u00e0 relever \u00e9galement le d\u00e9fi de souscrire une assurance via son mobile en moins de 4 minutes tout en accomplissant une performance improbable<\/strong> via le #LeocareChallenge. Leocare offre 2 mois d\u2019assurance aux plus inspir\u00e9s et surtout aux plus performants !<\/p>\n\n\n\n<p><em>\u201cL\u2019assurance n\u2019est pas un sujet facile : qui a envie d\u2019en entendre parler ? Pour Leocare l\u2019enjeu est \u00e0 la fois de bousculer les codes pour \u00e9merger, mais aussi d\u2019informer. Avec ce challenge, le sujet de l\u2019assurance devient ludique, \u00e0 la fois pour les influenceurs et les assur\u00e9s, tout en faisant passer le message de la simplicit\u00e9.\u201d<\/em> <strong>commente Emilie de Fautereau, Chief Growth and Marketing Officer de Leocare.<\/strong><\/p>\n\n\n\n<ul class=\"wp-block-list\">\n<li>Victor Player, freestyler football<\/li>\n\n\n\n<li>Allonsrider, participante GP Explorer<\/li>\n\n\n\n<li>M\u00e9lanie Astles, quintuple championne de France de voltige<\/li>\n\n\n\n<li>douzef\u00e9vrier, influenceuse<\/li>\n\n\n\n<li>Bruce Jouanny, pilote Top Gear France<\/li>\n<\/ul>\n","protected":false},"excerpt":{"rendered":"<p>Leocare vous permet de souscrire un contrat d\u2019assurance auto, moto, habitation, en moins de 4 minutes. Afin de d\u00e9montrer cette promesse de simplicit\u00e9, Leocare lance une nouvelle campagne d\u2019influence : le #LeocareChallenge ! Diffus\u00e9e sur Instagram, Facebook, Twitter, Snapchat et TikTok, les \u00e9quipes de Leocare ont fait appel \u00e0 quatre influenceurs pour montrer qu\u2019on peut [&hellip;]<\/p>\n","protected":false},"author":4,"featured_media":16588,"parent":16531,"menu_order":0,"comment_status":"closed","ping_status":"closed","template":"template_press_article.php","meta":{"_acf_changed":false,"footnotes":""},"class_list":["post-16643","page","type-page","status-publish","has-post-thumbnail","hentry"],"acf":[],"yoast_head":"<!-- This site is optimized with the Yoast SEO plugin v27.3 - https:\/\/yoast.com\/product\/yoast-seo-wordpress\/ -->\n<title>L\u2019assurance Leocare lance un challenge improbable aux influenceurs pour illustrer la simplicit\u00e9 de son application<\/title>\n<meta name=\"description\" content=\"D\u00e9couvrez le Leocare Challenge : innovation, performance et r\u00e9compenses. Participez et relevez les d\u00e9fis avec nous.\" \/>\n<meta name=\"robots\" content=\"index, follow, max-snippet:-1, max-image-preview:large, max-video-preview:-1\" \/>\n<link rel=\"canonical\" href=\"https:\/\/leocare.eu\/fr\/presse\/leocare-challenge\/\" \/>\n<meta property=\"og:locale\" content=\"fr_FR\" \/>\n<meta property=\"og:type\" content=\"article\" \/>\n<meta property=\"og:title\" content=\"L\u2019assurance Leocare lance un challenge improbable aux influenceurs pour illustrer la simplicit\u00e9 de son application\" \/>\n<meta property=\"og:description\" content=\"D\u00e9couvrez le Leocare Challenge : innovation, performance et r\u00e9compenses. Participez et relevez les d\u00e9fis avec nous.\" \/>\n<meta property=\"og:url\" content=\"https:\/\/leocare.eu\/fr\/presse\/leocare-challenge\/\" \/>\n<meta property=\"og:site_name\" content=\"Leocare, assurance en ligne automobile et habitation\" \/>\n<meta property=\"article:modified_time\" content=\"2024-05-31T08:28:40+00:00\" \/>\n<meta property=\"og:image\" content=\"https:\/\/leocare.eu\/fr\/wp-content\/uploads\/2023\/07\/background-leocare.png\" \/>\n\t<meta property=\"og:image:width\" content=\"1400\" \/>\n\t<meta property=\"og:image:height\" content=\"600\" \/>\n\t<meta property=\"og:image:type\" content=\"image\/png\" \/>\n<meta name=\"twitter:card\" content=\"summary_large_image\" \/>\n<meta name=\"twitter:label1\" content=\"Dur\u00e9e de lecture estim\u00e9e\" \/>\n\t<meta name=\"twitter:data1\" content=\"2 minutes\" \/>\n<!-- \/ Yoast SEO plugin. -->","yoast_head_json":{"title":"L\u2019assurance Leocare lance un challenge improbable aux influenceurs pour illustrer la simplicit\u00e9 de son application","description":"D\u00e9couvrez le Leocare Challenge : innovation, performance et r\u00e9compenses. Participez et relevez les d\u00e9fis avec nous.","robots":{"index":"index","follow":"follow","max-snippet":"max-snippet:-1","max-image-preview":"max-image-preview:large","max-video-preview":"max-video-preview:-1"},"canonical":"https:\/\/leocare.eu\/fr\/presse\/leocare-challenge\/","og_locale":"fr_FR","og_type":"article","og_title":"L\u2019assurance Leocare lance un challenge improbable aux influenceurs pour illustrer la simplicit\u00e9 de son application","og_description":"D\u00e9couvrez le Leocare Challenge : innovation, performance et r\u00e9compenses. Participez et relevez les d\u00e9fis avec nous.","og_url":"https:\/\/leocare.eu\/fr\/presse\/leocare-challenge\/","og_site_name":"Leocare, assurance en ligne automobile et habitation","article_modified_time":"2024-05-31T08:28:40+00:00","og_image":[{"width":1400,"height":600,"url":"https:\/\/leocare.eu\/fr\/wp-content\/uploads\/2023\/07\/background-leocare.png","type":"image\/png"}],"twitter_card":"summary_large_image","twitter_misc":{"Dur\u00e9e de lecture estim\u00e9e":"2 minutes"},"schema":{"@context":"https:\/\/schema.org","@graph":[{"@type":"WebPage","@id":"https:\/\/leocare.eu\/fr\/presse\/leocare-challenge\/","url":"https:\/\/leocare.eu\/fr\/presse\/leocare-challenge\/","name":"L\u2019assurance Leocare lance un challenge improbable aux influenceurs pour illustrer la simplicit\u00e9 de son application","isPartOf":{"@id":"https:\/\/leocare.eu\/fr\/#website"},"primaryImageOfPage":{"@id":"https:\/\/leocare.eu\/fr\/presse\/leocare-challenge\/#primaryimage"},"image":{"@id":"https:\/\/leocare.eu\/fr\/presse\/leocare-challenge\/#primaryimage"},"thumbnailUrl":"https:\/\/leocare.eu\/fr\/wp-content\/uploads\/2023\/07\/background-leocare.png","datePublished":"2023-07-07T12:37:30+00:00","dateModified":"2024-05-31T08:28:40+00:00","description":"D\u00e9couvrez le Leocare Challenge : innovation, performance et r\u00e9compenses. Participez et relevez les d\u00e9fis avec nous.","breadcrumb":{"@id":"https:\/\/leocare.eu\/fr\/presse\/leocare-challenge\/#breadcrumb"},"inLanguage":"fr-FR","potentialAction":[{"@type":"ReadAction","target":["https:\/\/leocare.eu\/fr\/presse\/leocare-challenge\/"]}]},{"@type":"ImageObject","inLanguage":"fr-FR","@id":"https:\/\/leocare.eu\/fr\/presse\/leocare-challenge\/#primaryimage","url":"https:\/\/leocare.eu\/fr\/wp-content\/uploads\/2023\/07\/background-leocare.png","contentUrl":"https:\/\/leocare.eu\/fr\/wp-content\/uploads\/2023\/07\/background-leocare.png","width":1400,"height":600,"caption":"background leocare"},{"@type":"WebSite","@id":"https:\/\/leocare.eu\/fr\/#website","url":"https:\/\/leocare.eu\/fr\/","name":"Leocare, assurance en ligne automobile et habitation","description":"enfin (r)assur\u00e9.e","publisher":{"@id":"https:\/\/leocare.eu\/fr\/#organization"},"potentialAction":[{"@type":"SearchAction","target":{"@type":"EntryPoint","urlTemplate":"https:\/\/leocare.eu\/fr\/?s={search_term_string}"},"query-input":{"@type":"PropertyValueSpecification","valueRequired":true,"valueName":"search_term_string"}}],"inLanguage":"fr-FR"},{"@type":"Organization","@id":"https:\/\/leocare.eu\/fr\/#organization","name":"Leocare, assurance en ligne automobile et habitation","url":"https:\/\/leocare.eu\/fr\/","logo":{"@type":"ImageObject","inLanguage":"fr-FR","@id":"https:\/\/leocare.eu\/fr\/#\/schema\/logo\/image\/","url":"https:\/\/leocare.eu\/fr\/wp-content\/uploads\/2020\/03\/logo-leocare.svg","contentUrl":"https:\/\/leocare.eu\/fr\/wp-content\/uploads\/2020\/03\/logo-leocare.svg","caption":"Leocare, assurance en ligne automobile et habitation"},"image":{"@id":"https:\/\/leocare.eu\/fr\/#\/schema\/logo\/image\/"}}]}},"_links":{"self":[{"href":"https:\/\/leocare.eu\/fr\/wp-json\/wp\/v2\/pages\/16643","targetHints":{"allow":["GET"]}}],"collection":[{"href":"https:\/\/leocare.eu\/fr\/wp-json\/wp\/v2\/pages"}],"about":[{"href":"https:\/\/leocare.eu\/fr\/wp-json\/wp\/v2\/types\/page"}],"author":[{"embeddable":true,"href":"https:\/\/leocare.eu\/fr\/wp-json\/wp\/v2\/users\/4"}],"replies":[{"embeddable":true,"href":"https:\/\/leocare.eu\/fr\/wp-json\/wp\/v2\/comments?post=16643"}],"version-history":[{"count":3,"href":"https:\/\/leocare.eu\/fr\/wp-json\/wp\/v2\/pages\/16643\/revisions"}],"predecessor-version":[{"id":17002,"href":"https:\/\/leocare.eu\/fr\/wp-json\/wp\/v2\/pages\/16643\/revisions\/17002"}],"up":[{"embeddable":true,"href":"https:\/\/leocare.eu\/fr\/wp-json\/wp\/v2\/pages\/16531"}],"wp:featuredmedia":[{"embeddable":true,"href":"https:\/\/leocare.eu\/fr\/wp-json\/wp\/v2\/media\/16588"}],"wp:attachment":[{"href":"https:\/\/leocare.eu\/fr\/wp-json\/wp\/v2\/media?parent=16643"}],"curies":[{"name":"wp","href":"https:\/\/api.w.org\/{rel}","templated":true}]}}