{"id":16636,"date":"2023-07-07T14:19:32","date_gmt":"2023-07-07T12:19:32","guid":{"rendered":"https:\/\/leocare.eu\/fr\/?page_id=16636"},"modified":"2024-05-31T10:28:39","modified_gmt":"2024-05-31T08:28:39","slug":"ft-120-2022","status":"publish","type":"page","link":"https:\/\/leocare.eu\/fr\/presse\/ft-120-2022\/","title":{"rendered":"French Tech 120 : Leocare se distingue en \u00e9tant la seule nouvelle n\u00e9o-assurance \u00e0 int\u00e9grer la promotion 2022"},"content":{"rendered":"\n<p><em>Leocare rejoint le classement du programme&nbsp; French Tech 120 du gouvernement fran\u00e7ais et figure ainsi parmi les start-up fran\u00e7aises les plus prometteuses de l\u2019\u00e9cosyst\u00e8me tech. Une belle r\u00e9compense pour la n\u00e9o-assurance fran\u00e7aise qui ne cesse de s\u00e9duire de nouveaux assur\u00e9s.<\/em><\/p>\n\n\n\n<h2 class=\"wp-block-heading\">Technologie et innovation au service des assur\u00e9s<\/h2>\n\n\n\n<p>Depuis 2017, Leocare simplifie la vie des Fran\u00e7ais et bouscule le secteur de l\u2019assurance<strong> en offrant le meilleur des garanties auto, moto, habitation et smartphone au meilleur tarif.<\/strong><br>Une application intuitive avec une interface sans cesse am\u00e9lior\u00e9e pour une relation client simple qui ne se fait pas au d\u00e9triment de la qualit\u00e9 des couvertures propos\u00e9es. &nbsp;<\/p>\n\n\n\n<p>Services clients de qualit\u00e9 avec suivi personnalis\u00e9, co\u00fbts optimis\u00e9s et ajust\u00e9s en temps r\u00e9el aux besoins des assur\u00e9s, <strong>Leocare n\u2019innove pas pour innover<\/strong> mais bien pour r\u00e9pondre aux attentes des consommateurs d\u2019aujourd\u2019hui, \u00e0 la recherche du meilleur de la technologie, pour une assurance au juste prix et avec les meilleures garanties possibles.<\/p>\n\n\n\n<p>Forte de sa r\u00e9ussite,<strong> marqu\u00e9e par une ann\u00e9e de lev\u00e9es de fonds pour un total de 110 millions de dollars, la start-up int\u00e8gre la promotion 2022 de la French Tech 120.<\/strong> Pour continuer \u00e0 assurer son d\u00e9veloppement, Leocare continuera \u00e9galement <strong>sa politique de recrutement ambitieuse avec 150 emplois cr\u00e9\u00e9s,<\/strong> sur le territoire breton, pour atteindre un collectif de 240 collaborateurs fin 2022.<\/p>\n\n\n\n<h2 class=\"wp-block-heading\">Qu\u2019est-ce que French Tech 120 ?<\/h2>\n\n\n\n<p>Fruit d\u2019une volont\u00e9 de mettre le service public au service de l\u2019innovation fran\u00e7aise, <strong>ce programme offre aux 120 entreprises s\u00e9lectionn\u00e9es un accompagnement in\u00e9dit, <\/strong>qui repose entre autres sur un r\u00e9seau de 60 correspondants French Tech dans toutes les administrations. La mise en place de ce dispositif a non seulement permis d\u2019accompagner et d\u2019acc\u00e9l\u00e9rer l\u2019hypercroissance des startups laur\u00e9ates, mais il a \u00e9galement permis un rapprochement entre les secteurs public et priv\u00e9. <strong>Les startups du programme sont ainsi r\u00e9guli\u00e8rement associ\u00e9es \u00e0 des r\u00e9flexions concernant l\u2019\u00e9laboration de nouvelles politiques publiques.<\/strong><\/p>\n","protected":false},"excerpt":{"rendered":"<p>Leocare rejoint le classement du programme&nbsp; French Tech 120 du gouvernement fran\u00e7ais et figure ainsi parmi les start-up fran\u00e7aises les plus prometteuses de l\u2019\u00e9cosyst\u00e8me tech. Une belle r\u00e9compense pour la n\u00e9o-assurance fran\u00e7aise qui ne cesse de s\u00e9duire de nouveaux assur\u00e9s. Technologie et innovation au service des assur\u00e9s Depuis 2017, Leocare simplifie la vie des Fran\u00e7ais [&hellip;]<\/p>\n","protected":false},"author":4,"featured_media":16588,"parent":16531,"menu_order":0,"comment_status":"closed","ping_status":"closed","template":"template_press_article.php","meta":{"_acf_changed":false,"footnotes":""},"class_list":["post-16636","page","type-page","status-publish","has-post-thumbnail","hentry"],"acf":[],"yoast_head":"<!-- This site is optimized with the Yoast SEO plugin v27.3 - https:\/\/yoast.com\/product\/yoast-seo-wordpress\/ -->\n<title>French Tech 120 : Leocare se distingue en \u00e9tant la seule nouvelle n\u00e9o-assurance \u00e0 int\u00e9grer la promotion 2022<\/title>\n<meta name=\"description\" content=\"Leocare fait partie du FT 120 en 2022. D\u00e9couvrez cette reconnaissance et ce que cela signifie pour notre entreprise.\" \/>\n<meta name=\"robots\" content=\"index, follow, max-snippet:-1, max-image-preview:large, max-video-preview:-1\" \/>\n<link rel=\"canonical\" href=\"https:\/\/leocare.eu\/fr\/presse\/ft-120-2022\/\" \/>\n<meta property=\"og:locale\" content=\"fr_FR\" \/>\n<meta property=\"og:type\" content=\"article\" \/>\n<meta property=\"og:title\" content=\"French Tech 120 : Leocare se distingue en \u00e9tant la seule nouvelle n\u00e9o-assurance \u00e0 int\u00e9grer la promotion 2022\" \/>\n<meta property=\"og:description\" content=\"Leocare fait partie du FT 120 en 2022. D\u00e9couvrez cette reconnaissance et ce que cela signifie pour notre entreprise.\" \/>\n<meta property=\"og:url\" content=\"https:\/\/leocare.eu\/fr\/presse\/ft-120-2022\/\" \/>\n<meta property=\"og:site_name\" content=\"Leocare, assurance en ligne automobile et habitation\" \/>\n<meta property=\"article:modified_time\" content=\"2024-05-31T08:28:39+00:00\" \/>\n<meta property=\"og:image\" content=\"https:\/\/leocare.eu\/fr\/wp-content\/uploads\/2023\/07\/background-leocare.png\" \/>\n\t<meta property=\"og:image:width\" content=\"1400\" \/>\n\t<meta property=\"og:image:height\" content=\"600\" \/>\n\t<meta property=\"og:image:type\" content=\"image\/png\" \/>\n<meta name=\"twitter:card\" content=\"summary_large_image\" \/>\n<meta name=\"twitter:label1\" content=\"Dur\u00e9e de lecture estim\u00e9e\" \/>\n\t<meta name=\"twitter:data1\" content=\"2 minutes\" \/>\n<!-- \/ Yoast SEO plugin. -->","yoast_head_json":{"title":"French Tech 120 : Leocare se distingue en \u00e9tant la seule nouvelle n\u00e9o-assurance \u00e0 int\u00e9grer la promotion 2022","description":"Leocare fait partie du FT 120 en 2022. D\u00e9couvrez cette reconnaissance et ce que cela signifie pour notre entreprise.","robots":{"index":"index","follow":"follow","max-snippet":"max-snippet:-1","max-image-preview":"max-image-preview:large","max-video-preview":"max-video-preview:-1"},"canonical":"https:\/\/leocare.eu\/fr\/presse\/ft-120-2022\/","og_locale":"fr_FR","og_type":"article","og_title":"French Tech 120 : Leocare se distingue en \u00e9tant la seule nouvelle n\u00e9o-assurance \u00e0 int\u00e9grer la promotion 2022","og_description":"Leocare fait partie du FT 120 en 2022. D\u00e9couvrez cette reconnaissance et ce que cela signifie pour notre entreprise.","og_url":"https:\/\/leocare.eu\/fr\/presse\/ft-120-2022\/","og_site_name":"Leocare, assurance en ligne automobile et habitation","article_modified_time":"2024-05-31T08:28:39+00:00","og_image":[{"width":1400,"height":600,"url":"https:\/\/leocare.eu\/fr\/wp-content\/uploads\/2023\/07\/background-leocare.png","type":"image\/png"}],"twitter_card":"summary_large_image","twitter_misc":{"Dur\u00e9e de lecture estim\u00e9e":"2 minutes"},"schema":{"@context":"https:\/\/schema.org","@graph":[{"@type":"WebPage","@id":"https:\/\/leocare.eu\/fr\/presse\/ft-120-2022\/","url":"https:\/\/leocare.eu\/fr\/presse\/ft-120-2022\/","name":"French Tech 120 : Leocare se distingue en \u00e9tant la seule nouvelle n\u00e9o-assurance \u00e0 int\u00e9grer la promotion 2022","isPartOf":{"@id":"https:\/\/leocare.eu\/fr\/#website"},"primaryImageOfPage":{"@id":"https:\/\/leocare.eu\/fr\/presse\/ft-120-2022\/#primaryimage"},"image":{"@id":"https:\/\/leocare.eu\/fr\/presse\/ft-120-2022\/#primaryimage"},"thumbnailUrl":"https:\/\/leocare.eu\/fr\/wp-content\/uploads\/2023\/07\/background-leocare.png","datePublished":"2023-07-07T12:19:32+00:00","dateModified":"2024-05-31T08:28:39+00:00","description":"Leocare fait partie du FT 120 en 2022. D\u00e9couvrez cette reconnaissance et ce que cela signifie pour notre entreprise.","breadcrumb":{"@id":"https:\/\/leocare.eu\/fr\/presse\/ft-120-2022\/#breadcrumb"},"inLanguage":"fr-FR","potentialAction":[{"@type":"ReadAction","target":["https:\/\/leocare.eu\/fr\/presse\/ft-120-2022\/"]}]},{"@type":"ImageObject","inLanguage":"fr-FR","@id":"https:\/\/leocare.eu\/fr\/presse\/ft-120-2022\/#primaryimage","url":"https:\/\/leocare.eu\/fr\/wp-content\/uploads\/2023\/07\/background-leocare.png","contentUrl":"https:\/\/leocare.eu\/fr\/wp-content\/uploads\/2023\/07\/background-leocare.png","width":1400,"height":600,"caption":"background leocare"},{"@type":"WebSite","@id":"https:\/\/leocare.eu\/fr\/#website","url":"https:\/\/leocare.eu\/fr\/","name":"Leocare, assurance en ligne automobile et habitation","description":"enfin (r)assur\u00e9.e","publisher":{"@id":"https:\/\/leocare.eu\/fr\/#organization"},"potentialAction":[{"@type":"SearchAction","target":{"@type":"EntryPoint","urlTemplate":"https:\/\/leocare.eu\/fr\/?s={search_term_string}"},"query-input":{"@type":"PropertyValueSpecification","valueRequired":true,"valueName":"search_term_string"}}],"inLanguage":"fr-FR"},{"@type":"Organization","@id":"https:\/\/leocare.eu\/fr\/#organization","name":"Leocare, assurance en ligne automobile et habitation","url":"https:\/\/leocare.eu\/fr\/","logo":{"@type":"ImageObject","inLanguage":"fr-FR","@id":"https:\/\/leocare.eu\/fr\/#\/schema\/logo\/image\/","url":"https:\/\/leocare.eu\/fr\/wp-content\/uploads\/2020\/03\/logo-leocare.svg","contentUrl":"https:\/\/leocare.eu\/fr\/wp-content\/uploads\/2020\/03\/logo-leocare.svg","caption":"Leocare, assurance en ligne automobile et habitation"},"image":{"@id":"https:\/\/leocare.eu\/fr\/#\/schema\/logo\/image\/"}}]}},"_links":{"self":[{"href":"https:\/\/leocare.eu\/fr\/wp-json\/wp\/v2\/pages\/16636","targetHints":{"allow":["GET"]}}],"collection":[{"href":"https:\/\/leocare.eu\/fr\/wp-json\/wp\/v2\/pages"}],"about":[{"href":"https:\/\/leocare.eu\/fr\/wp-json\/wp\/v2\/types\/page"}],"author":[{"embeddable":true,"href":"https:\/\/leocare.eu\/fr\/wp-json\/wp\/v2\/users\/4"}],"replies":[{"embeddable":true,"href":"https:\/\/leocare.eu\/fr\/wp-json\/wp\/v2\/comments?post=16636"}],"version-history":[{"count":4,"href":"https:\/\/leocare.eu\/fr\/wp-json\/wp\/v2\/pages\/16636\/revisions"}],"predecessor-version":[{"id":17015,"href":"https:\/\/leocare.eu\/fr\/wp-json\/wp\/v2\/pages\/16636\/revisions\/17015"}],"up":[{"embeddable":true,"href":"https:\/\/leocare.eu\/fr\/wp-json\/wp\/v2\/pages\/16531"}],"wp:featuredmedia":[{"embeddable":true,"href":"https:\/\/leocare.eu\/fr\/wp-json\/wp\/v2\/media\/16588"}],"wp:attachment":[{"href":"https:\/\/leocare.eu\/fr\/wp-json\/wp\/v2\/media?parent=16636"}],"curies":[{"name":"wp","href":"https:\/\/api.w.org\/{rel}","templated":true}]}}