{"id":16604,"date":"2023-07-07T09:56:35","date_gmt":"2023-07-07T07:56:35","guid":{"rendered":"https:\/\/leocare.eu\/fr\/?page_id=16604"},"modified":"2024-05-31T10:28:43","modified_gmt":"2024-05-31T08:28:43","slug":"leocare-integre-french-tech-120-2023","status":"publish","type":"page","link":"https:\/\/leocare.eu\/fr\/presse\/leocare-integre-french-tech-120-2023\/","title":{"rendered":"Leocare int\u00e8gre le French Tech 120 pour la 2e ann\u00e9e cons\u00e9cutive"},"content":{"rendered":"\n<p><em>Leocare, la n\u00e9o-assurance multiservices 100 % mobile, annonce ce jour avoir \u00e9t\u00e9 s\u00e9lectionn\u00e9e au sein du French Tech 120, le programme national fran\u00e7ais qui rassemble les entreprises technologiques les plus innovantes et \u00e0 forte croissance. D\u00e9j\u00e0 laur\u00e9ate l\u2019an dernier, la n\u00e9oassurance rejoint ainsi pour la deuxi\u00e8me ann\u00e9e cons\u00e9cutive ce prestigieux \u00ab index \u00bb des p\u00e9pites num\u00e9riques fran\u00e7aises, aux c\u00f4t\u00e9s de champions tels que BlaBlaCar, Back Market, Deezer ou Doctolib.<\/em><\/p>\n\n\n\n<p>Lanc\u00e9 en 2019, le French Tech 120 a pour objectif de soutenir l\u2019\u00e9cosyst\u00e8me French Tech en acc\u00e9l\u00e9rant le d\u00e9veloppement des entreprises \u00e0 fort potentiel et en capacit\u00e9 de devenir des leaders technologiques de rang mondial. \u00c9tabli principalement sur des crit\u00e8res objectifs de performance \u00e9conomique, tels que la croissance du chiffre d\u2019affaires ou les lev\u00e9es de fonds, ce programme national unique offre un acc\u00e8s privil\u00e9gi\u00e9 \u00e0 plus de 50 minist\u00e8res, agences gouvernementales et services publics.<\/p>\n\n\n\n<p>Consid\u00e9r\u00e9e comme l\u2019une des entreprises les plus prometteuses de l\u2019\u00e9cosyst\u00e8me fran\u00e7ais, Leocare b\u00e9n\u00e9ficiera ainsi pendant 1 an d\u2019un dispositif sp\u00e9cialement con\u00e7u pour l\u2019accompagner dans son d\u00e9veloppement, \u00e0 savoir :<\/p>\n\n\n\n<ul class=\"wp-block-list\">\n<li>Une visibilit\u00e9 renforc\u00e9e, au travers d\u2019op\u00e9rations d\u2019influence, de communication et de pr\u00e9sence dans les d\u00e9l\u00e9gations officielles \u00e0 l\u2019\u00e9tranger ;<\/li>\n\n\n\n<li>Une offre de services sp\u00e9cifique organis\u00e9e en briques (financement, d\u00e9veloppement international, recrutement, etc.) et propos\u00e9e par les administrations et services publics partenaires ;<\/li>\n\n\n\n<li>Une identification de ses besoins en mati\u00e8re de r\u00e9glementation et de politiques publiques pour contribuer \u00e0 la construction de nouvelles r\u00e9glementations ;<\/li>\n\n\n\n<li>Un acc\u00e8s \u00e0 la communaut\u00e9 des membres du French Tech 120 afin de favoriser le partage d\u2019exp\u00e9riences, l\u2019entraide et le business entre start-ups.<\/li>\n<\/ul>\n\n\n\n<p>Christophe Dandois, co-fondateur et CEO de Leocare, commente : <em>\u00ab Int\u00e9grer le FT 120 pour la deuxi\u00e8me ann\u00e9e cons\u00e9cutive est une grande fiert\u00e9 pour Leocare et toutes nos \u00e9quipes. C\u2019est non seulement la reconnaissance de la pertinence de notre offre assurantielle et du chemin parcouru depuis plus de 5 ans, mais \u00e9galement l\u2019opportunit\u00e9 unique de b\u00e9n\u00e9ficier d\u2019un accompagnement sur mesure par des \u00e9quipes comp\u00e9tentes et pleinement investies. Nous sommes ravis de faire \u00e0 nouveau partie de ce programme prestigieux et de compter parmi les entreprises technologiques qui font rayonner l\u2019excellence fran\u00e7aise \u00e0 travers le monde. \u00bb<\/em><\/p>\n\n\n\n<h2 class=\"wp-block-heading\">1 million de clients en Europe \u00e0 l\u2019horizon 2025<\/h2>\n\n\n\n<p>Apr\u00e8s une lev\u00e9e de fonds record de 100 millions d\u2019euros en 2021 et un quadruplement de ses effectifs en moins de 2 ans, Leocare vise le million de clients en Europe en 2025. Une nouvelle \u00e9tape importante pour la n\u00e9oassurance qui s\u00e9duit toujours plus de partenaires renomm\u00e9s &#8211; au nombre desquels l\u2019\u00e9cole nouvelle g\u00e9n\u00e9ration 301 et le num\u00e9ro 1 de l\u2019alarme connect\u00e9e Verisure &#8211; et pr\u00e9voit de devenir leader europ\u00e9en d\u2019ici 2027.<\/p>\n\n\n\n<p>Positionn\u00e9e sur l\u2019automobile, l\u2019habitation, la moto et les smartphones, Leocare r\u00e9volutionne la relation assureur-assur\u00e9 avec une offre 100 % mobile et flexible. L\u2019entreprise a con\u00e7u une application destin\u00e9e \u00e0 tous les profils d\u2019utilisateurs, simple et facile \u00e0 prendre en main. Elle permet d\u2019obtenir un devis en 1 minute, de souscrire une assurance en moins de 5, de conna\u00eetre et r\u00e9gler toutes les caract\u00e9ristiques et modalit\u00e9s de son assurance en seulement quelques clics. Le service Leocare a \u00e9t\u00e9 enti\u00e8rement pens\u00e9 pour r\u00e9pondre aux besoins de l\u2019assur\u00e9 d\u2019aujourd\u2019hui : la possibilit\u00e9 de contr\u00f4ler ses assurances tout en gagnant du temps et de l\u2019argent.<\/p>\n","protected":false},"excerpt":{"rendered":"<p>Leocare, la n\u00e9o-assurance multiservices 100 % mobile, annonce ce jour avoir \u00e9t\u00e9 s\u00e9lectionn\u00e9e au sein du French Tech 120, le programme national fran\u00e7ais qui rassemble les entreprises technologiques les plus innovantes et \u00e0 forte croissance. D\u00e9j\u00e0 laur\u00e9ate l\u2019an dernier, la n\u00e9oassurance rejoint ainsi pour la deuxi\u00e8me ann\u00e9e cons\u00e9cutive ce prestigieux \u00ab index \u00bb des p\u00e9pites [&hellip;]<\/p>\n","protected":false},"author":4,"featured_media":16588,"parent":16531,"menu_order":0,"comment_status":"closed","ping_status":"closed","template":"template_press_article.php","meta":{"_acf_changed":false,"footnotes":""},"class_list":["post-16604","page","type-page","status-publish","has-post-thumbnail","hentry"],"acf":[],"yoast_head":"<!-- This site is optimized with the Yoast SEO plugin v27.3 - https:\/\/yoast.com\/product\/yoast-seo-wordpress\/ -->\n<title>Leocare int\u00e8gre le French Tech 120 pour la 2e ann\u00e9e cons\u00e9cutive<\/title>\n<meta name=\"description\" content=\"Leocare int\u00e8gre la French Tech 120 en 2023. D\u00e9couvrez cette reconnaissance et ses implications pour notre d\u00e9veloppement.\" \/>\n<meta name=\"robots\" content=\"index, follow, max-snippet:-1, max-image-preview:large, max-video-preview:-1\" \/>\n<link rel=\"canonical\" href=\"https:\/\/leocare.eu\/fr\/presse\/leocare-integre-french-tech-120-2023\/\" \/>\n<meta property=\"og:locale\" content=\"fr_FR\" \/>\n<meta property=\"og:type\" content=\"article\" \/>\n<meta property=\"og:title\" content=\"Leocare int\u00e8gre le French Tech 120 pour la 2e ann\u00e9e cons\u00e9cutive\" \/>\n<meta property=\"og:description\" content=\"Leocare int\u00e8gre la French Tech 120 en 2023. D\u00e9couvrez cette reconnaissance et ses implications pour notre d\u00e9veloppement.\" \/>\n<meta property=\"og:url\" content=\"https:\/\/leocare.eu\/fr\/presse\/leocare-integre-french-tech-120-2023\/\" \/>\n<meta property=\"og:site_name\" content=\"Leocare, assurance en ligne automobile et habitation\" \/>\n<meta property=\"article:modified_time\" content=\"2024-05-31T08:28:43+00:00\" \/>\n<meta property=\"og:image\" content=\"https:\/\/leocare.eu\/fr\/wp-content\/uploads\/2023\/07\/background-leocare.png\" \/>\n\t<meta property=\"og:image:width\" content=\"1400\" \/>\n\t<meta property=\"og:image:height\" content=\"600\" \/>\n\t<meta property=\"og:image:type\" content=\"image\/png\" \/>\n<meta name=\"twitter:card\" content=\"summary_large_image\" \/>\n<meta name=\"twitter:label1\" content=\"Dur\u00e9e de lecture estim\u00e9e\" \/>\n\t<meta name=\"twitter:data1\" content=\"3 minutes\" \/>\n<!-- \/ Yoast SEO plugin. -->","yoast_head_json":{"title":"Leocare int\u00e8gre le French Tech 120 pour la 2e ann\u00e9e cons\u00e9cutive","description":"Leocare int\u00e8gre la French Tech 120 en 2023. D\u00e9couvrez cette reconnaissance et ses implications pour notre d\u00e9veloppement.","robots":{"index":"index","follow":"follow","max-snippet":"max-snippet:-1","max-image-preview":"max-image-preview:large","max-video-preview":"max-video-preview:-1"},"canonical":"https:\/\/leocare.eu\/fr\/presse\/leocare-integre-french-tech-120-2023\/","og_locale":"fr_FR","og_type":"article","og_title":"Leocare int\u00e8gre le French Tech 120 pour la 2e ann\u00e9e cons\u00e9cutive","og_description":"Leocare int\u00e8gre la French Tech 120 en 2023. D\u00e9couvrez cette reconnaissance et ses implications pour notre d\u00e9veloppement.","og_url":"https:\/\/leocare.eu\/fr\/presse\/leocare-integre-french-tech-120-2023\/","og_site_name":"Leocare, assurance en ligne automobile et habitation","article_modified_time":"2024-05-31T08:28:43+00:00","og_image":[{"width":1400,"height":600,"url":"https:\/\/leocare.eu\/fr\/wp-content\/uploads\/2023\/07\/background-leocare.png","type":"image\/png"}],"twitter_card":"summary_large_image","twitter_misc":{"Dur\u00e9e de lecture estim\u00e9e":"3 minutes"},"schema":{"@context":"https:\/\/schema.org","@graph":[{"@type":"WebPage","@id":"https:\/\/leocare.eu\/fr\/presse\/leocare-integre-french-tech-120-2023\/","url":"https:\/\/leocare.eu\/fr\/presse\/leocare-integre-french-tech-120-2023\/","name":"Leocare int\u00e8gre le French Tech 120 pour la 2e ann\u00e9e cons\u00e9cutive","isPartOf":{"@id":"https:\/\/leocare.eu\/fr\/#website"},"primaryImageOfPage":{"@id":"https:\/\/leocare.eu\/fr\/presse\/leocare-integre-french-tech-120-2023\/#primaryimage"},"image":{"@id":"https:\/\/leocare.eu\/fr\/presse\/leocare-integre-french-tech-120-2023\/#primaryimage"},"thumbnailUrl":"https:\/\/leocare.eu\/fr\/wp-content\/uploads\/2023\/07\/background-leocare.png","datePublished":"2023-07-07T07:56:35+00:00","dateModified":"2024-05-31T08:28:43+00:00","description":"Leocare int\u00e8gre la French Tech 120 en 2023. D\u00e9couvrez cette reconnaissance et ses implications pour notre d\u00e9veloppement.","breadcrumb":{"@id":"https:\/\/leocare.eu\/fr\/presse\/leocare-integre-french-tech-120-2023\/#breadcrumb"},"inLanguage":"fr-FR","potentialAction":[{"@type":"ReadAction","target":["https:\/\/leocare.eu\/fr\/presse\/leocare-integre-french-tech-120-2023\/"]}]},{"@type":"ImageObject","inLanguage":"fr-FR","@id":"https:\/\/leocare.eu\/fr\/presse\/leocare-integre-french-tech-120-2023\/#primaryimage","url":"https:\/\/leocare.eu\/fr\/wp-content\/uploads\/2023\/07\/background-leocare.png","contentUrl":"https:\/\/leocare.eu\/fr\/wp-content\/uploads\/2023\/07\/background-leocare.png","width":1400,"height":600,"caption":"background leocare"},{"@type":"WebSite","@id":"https:\/\/leocare.eu\/fr\/#website","url":"https:\/\/leocare.eu\/fr\/","name":"Leocare, assurance en ligne automobile et habitation","description":"enfin (r)assur\u00e9.e","publisher":{"@id":"https:\/\/leocare.eu\/fr\/#organization"},"potentialAction":[{"@type":"SearchAction","target":{"@type":"EntryPoint","urlTemplate":"https:\/\/leocare.eu\/fr\/?s={search_term_string}"},"query-input":{"@type":"PropertyValueSpecification","valueRequired":true,"valueName":"search_term_string"}}],"inLanguage":"fr-FR"},{"@type":"Organization","@id":"https:\/\/leocare.eu\/fr\/#organization","name":"Leocare, assurance en ligne automobile et habitation","url":"https:\/\/leocare.eu\/fr\/","logo":{"@type":"ImageObject","inLanguage":"fr-FR","@id":"https:\/\/leocare.eu\/fr\/#\/schema\/logo\/image\/","url":"https:\/\/leocare.eu\/fr\/wp-content\/uploads\/2020\/03\/logo-leocare.svg","contentUrl":"https:\/\/leocare.eu\/fr\/wp-content\/uploads\/2020\/03\/logo-leocare.svg","caption":"Leocare, assurance en ligne automobile et habitation"},"image":{"@id":"https:\/\/leocare.eu\/fr\/#\/schema\/logo\/image\/"}}]}},"_links":{"self":[{"href":"https:\/\/leocare.eu\/fr\/wp-json\/wp\/v2\/pages\/16604","targetHints":{"allow":["GET"]}}],"collection":[{"href":"https:\/\/leocare.eu\/fr\/wp-json\/wp\/v2\/pages"}],"about":[{"href":"https:\/\/leocare.eu\/fr\/wp-json\/wp\/v2\/types\/page"}],"author":[{"embeddable":true,"href":"https:\/\/leocare.eu\/fr\/wp-json\/wp\/v2\/users\/4"}],"replies":[{"embeddable":true,"href":"https:\/\/leocare.eu\/fr\/wp-json\/wp\/v2\/comments?post=16604"}],"version-history":[{"count":4,"href":"https:\/\/leocare.eu\/fr\/wp-json\/wp\/v2\/pages\/16604\/revisions"}],"predecessor-version":[{"id":16997,"href":"https:\/\/leocare.eu\/fr\/wp-json\/wp\/v2\/pages\/16604\/revisions\/16997"}],"up":[{"embeddable":true,"href":"https:\/\/leocare.eu\/fr\/wp-json\/wp\/v2\/pages\/16531"}],"wp:featuredmedia":[{"embeddable":true,"href":"https:\/\/leocare.eu\/fr\/wp-json\/wp\/v2\/media\/16588"}],"wp:attachment":[{"href":"https:\/\/leocare.eu\/fr\/wp-json\/wp\/v2\/media?parent=16604"}],"curies":[{"name":"wp","href":"https:\/\/api.w.org\/{rel}","templated":true}]}}