{"id":16596,"date":"2023-07-07T09:49:40","date_gmt":"2023-07-07T07:49:40","guid":{"rendered":"https:\/\/leocare.eu\/fr\/?page_id=16596"},"modified":"2024-05-31T10:25:15","modified_gmt":"2024-05-31T08:25:15","slug":"leocare-carool","status":"publish","type":"page","link":"https:\/\/leocare.eu\/fr\/presse\/leocare-carool\/","title":{"rendered":"Leocare renforce ses services de pr\u00e9vention en int\u00e9grant un nouveau service de gestion d\u2019usure des pneus"},"content":{"rendered":"\n<p><em>Chaque ann\u00e9e en Europe, 156 000 accidents mortels sont caus\u00e9s par des pneus d\u00e9fectueux et plus de 128 millions de pneus sont jet\u00e9s pr\u00e9matur\u00e9ment. Persuad\u00e9e que la pr\u00e9vention est cl\u00e9 pour permettre \u00e0 ses assur\u00e9s de prendre la route sereinement, la n\u00e9o-assurance Leocare, sp\u00e9cialis\u00e9e dans l\u2019assurance auto, habitation &amp; moto poursuit son approch\u00e9e d\u00e9di\u00e9e \u00e0 la pr\u00e9vention avec l\u2019int\u00e9gration du service CaRool au sein de son application. Avec ce nouveau service, Leocare rompt avec le mod\u00e8le classique de l\u2019assurance, bas\u00e9 historiquement et exclusivement sur la protection du risque et place la pr\u00e9vention sur le devant de la sc\u00e8ne.<\/em><\/p>\n\n\n\n<h2 class=\"wp-block-heading\">Les pneumatiques, les sous-estim\u00e9s de la s\u00e9curit\u00e9<\/h2>\n\n\n\n<p>En France, plus de la moiti\u00e9 des automobilistes roule avec au moins un pneu sous-gonfl\u00e9.<\/p>\n\n\n\n<p><strong>Pire : ils sont la cause de 153 000 accidents en Europe, soit 15% des accidents de l\u2019\u00e9t\u00e9. <\/strong>Pourtant, les pneus constituent une partie capitale de la voiture. Au-del\u00e0 d\u2019\u00eatre le seul point de contact entre le v\u00e9hicule et la chauss\u00e9e, il est garant de la tenue de route et du freinage. Avec une distance moyenne parcourue de 12 000 km par an, un pneu de bonne qualit\u00e9 durera donc entre trois et cinq ans, en fonction de l\u2019entretien, du style et des conditions de conduite.<\/p>\n\n\n\n<p>Autre hic : les conducteurs accordent tr\u00e8s peu d\u2019importance au contr\u00f4le des pneus : <strong>9 Fran\u00e7ais sur 10 ne v\u00e9rifient la pression qu\u2019une fois par an, <\/strong>alors qu\u2019il peut faire l\u2019objet de nombreuses formes d\u2019usures : pincement, carrossage, usure centrale, unilat\u00e9rale, trous, hernies\u2026<\/p>\n\n\n\n<h2 class=\"wp-block-heading\">Le changement des pneus, un fort impact environnemental<\/h2>\n\n\n\n<p>A l\u2019heure du r\u00e9chauffement climatique, les pneus, s\u2019ils sont entretenus correctement et changer \u00e0 bon escient peuvent avoir un impact positif sur l\u2019environnement. <strong>Selon une \u00e9tude men\u00e9e par le laboratoire britannique Emissions Analytics, les particules fines \u00e9mises par l\u2019usure des pneus seraient 2 000 fois plus nombreuses que celles \u00e9mises par les pots d\u2019\u00e9chappement, g\u00e9n\u00e9rant ainsi plus de 6 millions de tonnes de particules plus ou moins fines.<\/strong><\/p>\n\n\n\n<h2 class=\"wp-block-heading\">La data et l\u2019intelligence artificielle au service de la pr\u00e9vention<\/h2>\n\n\n\n<p>Apr\u00e8s avoir lanc\u00e9 son application TakeCare, qui pr\u00e9dit les risques sur la route du conducteur en croisant des milliers de donn\u00e9es et l\u2019alerte \u00e0 l\u2019aide d\u2019une notification vocale, la n\u00e9o-assurance Leocare a nou\u00e9 un partenariat exclusif avec CaRool, le sp\u00e9cialiste de la gestion des pneus.<\/p>\n\n\n\n<p><strong>L\u2019objectif : utiliser l\u2019IA pour diminuer les risques li\u00e9s aux pneus d\u00e9fectueux et permettre aux consommateurs de mieux utiliser leurs pneus et ce, de la fa\u00e7on la plus \u00e9conomique et \u00e9cologique possible.<\/strong><\/p>\n\n\n\n<p><em>\u201cDans la continuit\u00e9 du succ\u00e8s de nos fonctionnalit\u00e9s visant \u00e0 am\u00e9liorer l\u2019exp\u00e9rience client (comme le sinistre avec ClaimCare) et la s\u00e9curit\u00e9 de nos assur\u00e9s (TakeCare), l\u2019ajout de CaRool au sein de notre application diversifie notre arsenal de pr\u00e9vention personnalis\u00e9e et permet \u00e0 nos assur\u00e9s de rouler encore plus en s\u00e9curit\u00e9, que ce soit avant, pendant et apr\u00e8s avoir pris la route. Notre prochain objectif : capitaliser sur notre connaissance client pour d\u00e9velopper davantage nos mod\u00e8les pr\u00e9dictifs et \u00e9tendre nos services de pr\u00e9vention personnalis\u00e9e \u00e0 toutes nos gammes de produits habitation et moto\u201d,<\/em> <strong>d\u00e9clare Christophe Dandois, CEO et cofondateur de Leocare.<\/strong><\/p>\n\n\n\n<h2 class=\"wp-block-heading\">Comment fonctionne CaRool ?<\/h2>\n\n\n\n<p>Bas\u00e9e sur l\u2019intelligence artificielle, avec 8 photos, <strong>l\u2019application CaRool alerte en cas d\u2019usure des pneumatiques et accompagne l\u2019utilisateur pour la prise de rendez-vous.<\/strong><\/p>\n\n\n\n<p>Laur\u00e9ate du troph\u00e9e de l\u2019innovation 2023 de la S\u00e9curit\u00e9 Routi\u00e8re, l\u2019application CaRool est construite autour de deux fonctionnalit\u00e9s principales. <strong>D\u2019une part, l\u2019identification de la r\u00e9f\u00e9rence et du niveau d\u2019usure des pneumatiques, <\/strong>gr\u00e2ce \u00e0 un mod\u00e8le d\u2019intelligence artificielle de reconnaissance d\u2019image. <strong>D\u2019autre part, la proposition de changement de pneus et la prise de rendez-vous <\/strong>pour le montage aupr\u00e8s des prestataires de services.<\/p>\n\n\n\n<p>Une fois arriv\u00e9 sur l\u2019application Leocare, l\u2019utilisateur se rend dans la partie \u201cServices\u201d, puis il s\u00e9lectionne le v\u00e9hicule concern\u00e9. <strong>Il est par la suite invit\u00e9 \u00e0 prendre en photo les 4 pneus de son v\u00e9hicule et il re\u00e7oit sous 24h le rapport d\u2019usure d\u00e9taill\u00e9 de ses pneus. Aussi simple que \u00e7a !<\/strong><\/p>\n\n\n\n<figure class=\"wp-block-image size-full\"><img decoding=\"async\" width=\"1000\" height=\"540\" src=\"https:\/\/leocare.eu\/fr\/wp-content\/uploads\/2023\/07\/etapes-application-carool.jpg\" alt=\"\u00e9tapes application carool\" class=\"wp-image-16597\" srcset=\"https:\/\/leocare.eu\/fr\/wp-content\/uploads\/2023\/07\/etapes-application-carool.jpg 1000w, https:\/\/leocare.eu\/fr\/wp-content\/uploads\/2023\/07\/etapes-application-carool-300x162.jpg 300w, https:\/\/leocare.eu\/fr\/wp-content\/uploads\/2023\/07\/etapes-application-carool-768x415.jpg 768w, https:\/\/leocare.eu\/fr\/wp-content\/uploads\/2023\/07\/etapes-application-carool-980x529.jpg 980w, https:\/\/leocare.eu\/fr\/wp-content\/uploads\/2023\/07\/etapes-application-carool-575x311.jpg 575w, https:\/\/leocare.eu\/fr\/wp-content\/uploads\/2023\/07\/etapes-application-carool-600x324.jpg 600w, https:\/\/leocare.eu\/fr\/wp-content\/uploads\/2023\/07\/etapes-application-carool-700x378.jpg 700w, https:\/\/leocare.eu\/fr\/wp-content\/uploads\/2023\/07\/etapes-application-carool-480x259.jpg 480w, https:\/\/leocare.eu\/fr\/wp-content\/uploads\/2023\/07\/etapes-application-carool-515x278.jpg 515w, https:\/\/leocare.eu\/fr\/wp-content\/uploads\/2023\/07\/etapes-application-carool-490x265.jpg 490w, https:\/\/leocare.eu\/fr\/wp-content\/uploads\/2023\/07\/etapes-application-carool-360x194.jpg 360w, https:\/\/leocare.eu\/fr\/wp-content\/uploads\/2023\/07\/etapes-application-carool-330x178.jpg 330w, https:\/\/leocare.eu\/fr\/wp-content\/uploads\/2023\/07\/etapes-application-carool-173x93.jpg 173w, https:\/\/leocare.eu\/fr\/wp-content\/uploads\/2023\/07\/etapes-application-carool-150x81.jpg 150w, https:\/\/leocare.eu\/fr\/wp-content\/uploads\/2023\/07\/etapes-application-carool-100x54.jpg 100w, https:\/\/leocare.eu\/fr\/wp-content\/uploads\/2023\/07\/etapes-application-carool-20x11.jpg 20w, https:\/\/leocare.eu\/fr\/wp-content\/uploads\/2023\/07\/etapes-application-carool-40x22.jpg 40w, https:\/\/leocare.eu\/fr\/wp-content\/uploads\/2023\/07\/etapes-application-carool-140x76.jpg 140w, https:\/\/leocare.eu\/fr\/wp-content\/uploads\/2023\/07\/etapes-application-carool-200x108.jpg 200w, https:\/\/leocare.eu\/fr\/wp-content\/uploads\/2023\/07\/etapes-application-carool-315x170.jpg 315w, https:\/\/leocare.eu\/fr\/wp-content\/uploads\/2023\/07\/etapes-application-carool-648x350.jpg 648w, https:\/\/leocare.eu\/fr\/wp-content\/uploads\/2023\/07\/etapes-application-carool-560x302.jpg 560w, https:\/\/leocare.eu\/fr\/wp-content\/uploads\/2023\/07\/etapes-application-carool-623x336.jpg 623w, https:\/\/leocare.eu\/fr\/wp-content\/uploads\/2023\/07\/etapes-application-carool-475x257.jpg 475w\" sizes=\"(max-width: 1000px) 100vw, 1000px\" \/><\/figure>\n","protected":false},"excerpt":{"rendered":"<p>Chaque ann\u00e9e en Europe, 156 000 accidents mortels sont caus\u00e9s par des pneus d\u00e9fectueux et plus de 128 millions de pneus sont jet\u00e9s pr\u00e9matur\u00e9ment. Persuad\u00e9e que la pr\u00e9vention est cl\u00e9 pour permettre \u00e0 ses assur\u00e9s de prendre la route sereinement, la n\u00e9o-assurance Leocare, sp\u00e9cialis\u00e9e dans l\u2019assurance auto, habitation &amp; moto poursuit son approch\u00e9e d\u00e9di\u00e9e \u00e0 [&hellip;]<\/p>\n","protected":false},"author":34,"featured_media":16588,"parent":16531,"menu_order":0,"comment_status":"closed","ping_status":"closed","template":"template_press_article.php","meta":{"_acf_changed":false,"footnotes":""},"class_list":["post-16596","page","type-page","status-publish","has-post-thumbnail","hentry"],"acf":[],"yoast_head":"<!-- This site is optimized with the Yoast SEO plugin v27.3 - https:\/\/yoast.com\/product\/yoast-seo-wordpress\/ -->\n<title>Leocare renforce ses services de pr\u00e9vention en int\u00e9grant un nouveau service de gestion d\u2019usure des pneus<\/title>\n<meta name=\"description\" content=\"D\u00e9couvrez le partenariat entre Leocare et Carool. Avantages et services exclusifs pour une conduite s\u00e9curis\u00e9e.\" \/>\n<meta name=\"robots\" content=\"index, follow, max-snippet:-1, max-image-preview:large, max-video-preview:-1\" \/>\n<link rel=\"canonical\" href=\"https:\/\/leocare.eu\/fr\/presse\/leocare-carool\/\" \/>\n<meta property=\"og:locale\" content=\"fr_FR\" \/>\n<meta property=\"og:type\" content=\"article\" \/>\n<meta property=\"og:title\" content=\"Leocare renforce ses services de pr\u00e9vention en int\u00e9grant un nouveau service de gestion d\u2019usure des pneus\" \/>\n<meta property=\"og:description\" content=\"D\u00e9couvrez le partenariat entre Leocare et Carool. Avantages et services exclusifs pour une conduite s\u00e9curis\u00e9e.\" \/>\n<meta property=\"og:url\" content=\"https:\/\/leocare.eu\/fr\/presse\/leocare-carool\/\" \/>\n<meta property=\"og:site_name\" content=\"Leocare, assurance en ligne automobile et habitation\" \/>\n<meta property=\"article:modified_time\" content=\"2024-05-31T08:25:15+00:00\" \/>\n<meta property=\"og:image\" content=\"https:\/\/leocare.eu\/fr\/wp-content\/uploads\/2023\/07\/background-leocare.png\" \/>\n\t<meta property=\"og:image:width\" content=\"1400\" \/>\n\t<meta property=\"og:image:height\" content=\"600\" \/>\n\t<meta property=\"og:image:type\" content=\"image\/png\" \/>\n<meta name=\"twitter:card\" content=\"summary_large_image\" \/>\n<meta name=\"twitter:label1\" content=\"Dur\u00e9e de lecture estim\u00e9e\" \/>\n\t<meta name=\"twitter:data1\" content=\"4 minutes\" \/>\n<!-- \/ Yoast SEO plugin. -->","yoast_head_json":{"title":"Leocare renforce ses services de pr\u00e9vention en int\u00e9grant un nouveau service de gestion d\u2019usure des pneus","description":"D\u00e9couvrez le partenariat entre Leocare et Carool. Avantages et services exclusifs pour une conduite s\u00e9curis\u00e9e.","robots":{"index":"index","follow":"follow","max-snippet":"max-snippet:-1","max-image-preview":"max-image-preview:large","max-video-preview":"max-video-preview:-1"},"canonical":"https:\/\/leocare.eu\/fr\/presse\/leocare-carool\/","og_locale":"fr_FR","og_type":"article","og_title":"Leocare renforce ses services de pr\u00e9vention en int\u00e9grant un nouveau service de gestion d\u2019usure des pneus","og_description":"D\u00e9couvrez le partenariat entre Leocare et Carool. Avantages et services exclusifs pour une conduite s\u00e9curis\u00e9e.","og_url":"https:\/\/leocare.eu\/fr\/presse\/leocare-carool\/","og_site_name":"Leocare, assurance en ligne automobile et habitation","article_modified_time":"2024-05-31T08:25:15+00:00","og_image":[{"width":1400,"height":600,"url":"https:\/\/leocare.eu\/fr\/wp-content\/uploads\/2023\/07\/background-leocare.png","type":"image\/png"}],"twitter_card":"summary_large_image","twitter_misc":{"Dur\u00e9e de lecture estim\u00e9e":"4 minutes"},"schema":{"@context":"https:\/\/schema.org","@graph":[{"@type":"WebPage","@id":"https:\/\/leocare.eu\/fr\/presse\/leocare-carool\/","url":"https:\/\/leocare.eu\/fr\/presse\/leocare-carool\/","name":"Leocare renforce ses services de pr\u00e9vention en int\u00e9grant un nouveau service de gestion d\u2019usure des pneus","isPartOf":{"@id":"https:\/\/leocare.eu\/fr\/#website"},"primaryImageOfPage":{"@id":"https:\/\/leocare.eu\/fr\/presse\/leocare-carool\/#primaryimage"},"image":{"@id":"https:\/\/leocare.eu\/fr\/presse\/leocare-carool\/#primaryimage"},"thumbnailUrl":"https:\/\/leocare.eu\/fr\/wp-content\/uploads\/2023\/07\/background-leocare.png","datePublished":"2023-07-07T07:49:40+00:00","dateModified":"2024-05-31T08:25:15+00:00","description":"D\u00e9couvrez le partenariat entre Leocare et Carool. Avantages et services exclusifs pour une conduite s\u00e9curis\u00e9e.","breadcrumb":{"@id":"https:\/\/leocare.eu\/fr\/presse\/leocare-carool\/#breadcrumb"},"inLanguage":"fr-FR","potentialAction":[{"@type":"ReadAction","target":["https:\/\/leocare.eu\/fr\/presse\/leocare-carool\/"]}]},{"@type":"ImageObject","inLanguage":"fr-FR","@id":"https:\/\/leocare.eu\/fr\/presse\/leocare-carool\/#primaryimage","url":"https:\/\/leocare.eu\/fr\/wp-content\/uploads\/2023\/07\/background-leocare.png","contentUrl":"https:\/\/leocare.eu\/fr\/wp-content\/uploads\/2023\/07\/background-leocare.png","width":1400,"height":600,"caption":"background leocare"},{"@type":"WebSite","@id":"https:\/\/leocare.eu\/fr\/#website","url":"https:\/\/leocare.eu\/fr\/","name":"Leocare, assurance en ligne automobile et habitation","description":"enfin (r)assur\u00e9.e","publisher":{"@id":"https:\/\/leocare.eu\/fr\/#organization"},"potentialAction":[{"@type":"SearchAction","target":{"@type":"EntryPoint","urlTemplate":"https:\/\/leocare.eu\/fr\/?s={search_term_string}"},"query-input":{"@type":"PropertyValueSpecification","valueRequired":true,"valueName":"search_term_string"}}],"inLanguage":"fr-FR"},{"@type":"Organization","@id":"https:\/\/leocare.eu\/fr\/#organization","name":"Leocare, assurance en ligne automobile et habitation","url":"https:\/\/leocare.eu\/fr\/","logo":{"@type":"ImageObject","inLanguage":"fr-FR","@id":"https:\/\/leocare.eu\/fr\/#\/schema\/logo\/image\/","url":"https:\/\/leocare.eu\/fr\/wp-content\/uploads\/2020\/03\/logo-leocare.svg","contentUrl":"https:\/\/leocare.eu\/fr\/wp-content\/uploads\/2020\/03\/logo-leocare.svg","caption":"Leocare, assurance en ligne automobile et habitation"},"image":{"@id":"https:\/\/leocare.eu\/fr\/#\/schema\/logo\/image\/"}}]}},"_links":{"self":[{"href":"https:\/\/leocare.eu\/fr\/wp-json\/wp\/v2\/pages\/16596","targetHints":{"allow":["GET"]}}],"collection":[{"href":"https:\/\/leocare.eu\/fr\/wp-json\/wp\/v2\/pages"}],"about":[{"href":"https:\/\/leocare.eu\/fr\/wp-json\/wp\/v2\/types\/page"}],"author":[{"embeddable":true,"href":"https:\/\/leocare.eu\/fr\/wp-json\/wp\/v2\/users\/34"}],"replies":[{"embeddable":true,"href":"https:\/\/leocare.eu\/fr\/wp-json\/wp\/v2\/comments?post=16596"}],"version-history":[{"count":9,"href":"https:\/\/leocare.eu\/fr\/wp-json\/wp\/v2\/pages\/16596\/revisions"}],"predecessor-version":[{"id":17618,"href":"https:\/\/leocare.eu\/fr\/wp-json\/wp\/v2\/pages\/16596\/revisions\/17618"}],"up":[{"embeddable":true,"href":"https:\/\/leocare.eu\/fr\/wp-json\/wp\/v2\/pages\/16531"}],"wp:featuredmedia":[{"embeddable":true,"href":"https:\/\/leocare.eu\/fr\/wp-json\/wp\/v2\/media\/16588"}],"wp:attachment":[{"href":"https:\/\/leocare.eu\/fr\/wp-json\/wp\/v2\/media?parent=16596"}],"curies":[{"name":"wp","href":"https:\/\/api.w.org\/{rel}","templated":true}]}}