{"id":16315,"date":"2023-06-01T16:14:01","date_gmt":"2023-06-01T14:14:01","guid":{"rendered":"https:\/\/leocare.eu\/fr\/?page_id=16315"},"modified":"2025-06-27T11:47:39","modified_gmt":"2025-06-27T09:47:39","slug":"recevoir-carte-verte-leocare","status":"publish","type":"page","link":"https:\/\/leocare.eu\/fr\/help\/recevoir-carte-verte-leocare\/","title":{"rendered":"Recevoir ma carte verte"},"content":{"rendered":"\n<p>Depuis le 1er avril 2024, la carte verte a officiellement \u00e9t\u00e9 supprim\u00e9e. Les forces de l&rsquo;ordre ont d\u00e9sormais acc\u00e8s au fichier national des v\u00e9hicules assur\u00e9s pour savoir si un v\u00e9hicule est assur\u00e9 ou non.<\/p>\n\n\n\n<p><br>Pour faciliter le contr\u00f4le, nous vous d\u00e9livrons un m\u00e9mo d&rsquo;assurance. Il est disponible directement depuis votre espace en ligne d\u00e8s lors que vous aurez fourni tous vos documents.<\/p>\n\n\n\n<p><strong>D\u00e8s que vous souscrivez chez Leocare, vous disposez de 30 jours pour envoyer vos documents justificatifs.<\/strong><\/p>\n","protected":false},"excerpt":{"rendered":"<p>Depuis le 1er avril 2024, la carte verte a officiellement \u00e9t\u00e9 supprim\u00e9e. Les forces de l&rsquo;ordre ont d\u00e9sormais acc\u00e8s au fichier national des v\u00e9hicules assur\u00e9s pour savoir si un v\u00e9hicule est assur\u00e9 ou non. Pour faciliter le contr\u00f4le, nous vous d\u00e9livrons un m\u00e9mo d&rsquo;assurance. Il est disponible directement depuis votre espace en ligne d\u00e8s lors [&hellip;]<\/p>\n","protected":false},"author":34,"featured_media":15892,"parent":16244,"menu_order":0,"comment_status":"closed","ping_status":"closed","template":"template_help_article.php","meta":{"_acf_changed":false,"footnotes":""},"class_list":["post-16315","page","type-page","status-publish","has-post-thumbnail","hentry"],"acf":[],"yoast_head":"<!-- This site is optimized with the Yoast SEO plugin v27.3 - https:\/\/yoast.com\/product\/yoast-seo-wordpress\/ -->\n<title>Recevoir ma carte verte<\/title>\n<meta name=\"robots\" content=\"noindex, follow\" \/>\n<meta property=\"og:locale\" content=\"fr_FR\" \/>\n<meta property=\"og:type\" content=\"article\" \/>\n<meta property=\"og:title\" content=\"Recevoir ma carte verte\" \/>\n<meta property=\"og:description\" content=\"Depuis le 1er avril 2024, la carte verte a officiellement \u00e9t\u00e9 supprim\u00e9e. Les forces de l&rsquo;ordre ont d\u00e9sormais acc\u00e8s au fichier national des v\u00e9hicules assur\u00e9s pour savoir si un v\u00e9hicule est assur\u00e9 ou non. Pour faciliter le contr\u00f4le, nous vous d\u00e9livrons un m\u00e9mo d&rsquo;assurance. Il est disponible directement depuis votre espace en ligne d\u00e8s lors [&hellip;]\" \/>\n<meta property=\"og:url\" content=\"https:\/\/leocare.eu\/fr\/help\/recevoir-carte-verte-leocare\/\" \/>\n<meta property=\"og:site_name\" content=\"Leocare, assurance en ligne automobile et habitation\" \/>\n<meta property=\"article:modified_time\" content=\"2025-06-27T09:47:39+00:00\" \/>\n<meta property=\"og:image\" content=\"https:\/\/leocare.eu\/fr\/wp-content\/uploads\/2021\/06\/carte-verte-pare-brise-voiture.webp\" \/>\n\t<meta property=\"og:image:width\" content=\"1366\" \/>\n\t<meta property=\"og:image:height\" content=\"768\" \/>\n\t<meta property=\"og:image:type\" content=\"image\/webp\" \/>\n<meta name=\"twitter:card\" content=\"summary_large_image\" \/>\n<!-- \/ Yoast SEO plugin. -->","yoast_head_json":{"title":"Recevoir ma carte verte","robots":{"index":"noindex","follow":"follow"},"og_locale":"fr_FR","og_type":"article","og_title":"Recevoir ma carte verte","og_description":"Depuis le 1er avril 2024, la carte verte a officiellement \u00e9t\u00e9 supprim\u00e9e. Les forces de l&rsquo;ordre ont d\u00e9sormais acc\u00e8s au fichier national des v\u00e9hicules assur\u00e9s pour savoir si un v\u00e9hicule est assur\u00e9 ou non. Pour faciliter le contr\u00f4le, nous vous d\u00e9livrons un m\u00e9mo d&rsquo;assurance. Il est disponible directement depuis votre espace en ligne d\u00e8s lors [&hellip;]","og_url":"https:\/\/leocare.eu\/fr\/help\/recevoir-carte-verte-leocare\/","og_site_name":"Leocare, assurance en ligne automobile et habitation","article_modified_time":"2025-06-27T09:47:39+00:00","og_image":[{"width":1366,"height":768,"url":"https:\/\/leocare.eu\/fr\/wp-content\/uploads\/2021\/06\/carte-verte-pare-brise-voiture.webp","type":"image\/webp"}],"twitter_card":"summary_large_image","schema":{"@context":"https:\/\/schema.org","@graph":[{"@type":"WebPage","@id":"https:\/\/leocare.eu\/fr\/help\/recevoir-carte-verte-leocare\/","url":"https:\/\/leocare.eu\/fr\/help\/recevoir-carte-verte-leocare\/","name":"Recevoir ma carte verte","isPartOf":{"@id":"https:\/\/leocare.eu\/fr\/#website"},"primaryImageOfPage":{"@id":"https:\/\/leocare.eu\/fr\/help\/recevoir-carte-verte-leocare\/#primaryimage"},"image":{"@id":"https:\/\/leocare.eu\/fr\/help\/recevoir-carte-verte-leocare\/#primaryimage"},"thumbnailUrl":"https:\/\/leocare.eu\/fr\/wp-content\/uploads\/2021\/06\/carte-verte-pare-brise-voiture.webp","datePublished":"2023-06-01T14:14:01+00:00","dateModified":"2025-06-27T09:47:39+00:00","breadcrumb":{"@id":"https:\/\/leocare.eu\/fr\/help\/recevoir-carte-verte-leocare\/#breadcrumb"},"inLanguage":"fr-FR","potentialAction":[{"@type":"ReadAction","target":["https:\/\/leocare.eu\/fr\/help\/recevoir-carte-verte-leocare\/"]}]},{"@type":"ImageObject","inLanguage":"fr-FR","@id":"https:\/\/leocare.eu\/fr\/help\/recevoir-carte-verte-leocare\/#primaryimage","url":"https:\/\/leocare.eu\/fr\/wp-content\/uploads\/2021\/06\/carte-verte-pare-brise-voiture.webp","contentUrl":"https:\/\/leocare.eu\/fr\/wp-content\/uploads\/2021\/06\/carte-verte-pare-brise-voiture.webp","width":1366,"height":768,"caption":"carte verte pare brise voiture"},{"@type":"WebSite","@id":"https:\/\/leocare.eu\/fr\/#website","url":"https:\/\/leocare.eu\/fr\/","name":"Leocare, assurance en ligne automobile et habitation","description":"enfin (r)assur\u00e9.e","publisher":{"@id":"https:\/\/leocare.eu\/fr\/#organization"},"potentialAction":[{"@type":"SearchAction","target":{"@type":"EntryPoint","urlTemplate":"https:\/\/leocare.eu\/fr\/?s={search_term_string}"},"query-input":{"@type":"PropertyValueSpecification","valueRequired":true,"valueName":"search_term_string"}}],"inLanguage":"fr-FR"},{"@type":"Organization","@id":"https:\/\/leocare.eu\/fr\/#organization","name":"Leocare, assurance en ligne automobile et habitation","url":"https:\/\/leocare.eu\/fr\/","logo":{"@type":"ImageObject","inLanguage":"fr-FR","@id":"https:\/\/leocare.eu\/fr\/#\/schema\/logo\/image\/","url":"https:\/\/leocare.eu\/fr\/wp-content\/uploads\/2020\/03\/logo-leocare.svg","contentUrl":"https:\/\/leocare.eu\/fr\/wp-content\/uploads\/2020\/03\/logo-leocare.svg","caption":"Leocare, assurance en ligne automobile et habitation"},"image":{"@id":"https:\/\/leocare.eu\/fr\/#\/schema\/logo\/image\/"}}]}},"_links":{"self":[{"href":"https:\/\/leocare.eu\/fr\/wp-json\/wp\/v2\/pages\/16315","targetHints":{"allow":["GET"]}}],"collection":[{"href":"https:\/\/leocare.eu\/fr\/wp-json\/wp\/v2\/pages"}],"about":[{"href":"https:\/\/leocare.eu\/fr\/wp-json\/wp\/v2\/types\/page"}],"author":[{"embeddable":true,"href":"https:\/\/leocare.eu\/fr\/wp-json\/wp\/v2\/users\/34"}],"replies":[{"embeddable":true,"href":"https:\/\/leocare.eu\/fr\/wp-json\/wp\/v2\/comments?post=16315"}],"version-history":[{"count":18,"href":"https:\/\/leocare.eu\/fr\/wp-json\/wp\/v2\/pages\/16315\/revisions"}],"predecessor-version":[{"id":31109,"href":"https:\/\/leocare.eu\/fr\/wp-json\/wp\/v2\/pages\/16315\/revisions\/31109"}],"up":[{"embeddable":true,"href":"https:\/\/leocare.eu\/fr\/wp-json\/wp\/v2\/pages\/16244"}],"wp:featuredmedia":[{"embeddable":true,"href":"https:\/\/leocare.eu\/fr\/wp-json\/wp\/v2\/media\/15892"}],"wp:attachment":[{"href":"https:\/\/leocare.eu\/fr\/wp-json\/wp\/v2\/media?parent=16315"}],"curies":[{"name":"wp","href":"https:\/\/api.w.org\/{rel}","templated":true}]}}