{"id":12821,"date":"2023-01-09T10:26:43","date_gmt":"2023-01-09T09:26:43","guid":{"rendered":"https:\/\/leocare.eu\/fr\/?page_id=12821"},"modified":"2026-04-07T16:36:32","modified_gmt":"2026-04-07T14:36:32","slug":"resilie","status":"publish","type":"page","link":"https:\/\/leocare.eu\/fr\/assurance-auto-en-ligne\/couverture\/formules\/specifiques\/tout-conducteur\/mauvais\/resilie\/","title":{"rendered":"Que faire si mon assurance auto a \u00e9t\u00e9 r\u00e9sili\u00e9e ?"},"content":{"rendered":"\n<p>Un contrat d\u2019assurance lie deux parties : vous et votre assureur. De votre c\u00f4t\u00e9, vous avez le droit de le r\u00e9silier quand bon vous semble, une fois le premier anniversaire pass\u00e9 (1 an, donc). Votre assurance peut aussi vous retirer de sa couverture. Vous vous posez des questions sur l\u2019assurance auto pour conducteur r\u00e9sili\u00e9 ? Voici toutes les r\u00e9ponses, avec Leocare, le n\u00e9o-assureur qui prend soin de vous\u2026<\/p>\n\n\n\n\n\n<h2 class=\"wp-block-heading\" id=\"section-1-pour-quelles-raisons-une-assurance-auto-peut-elle-tre-rsilie\">Pour quelles raisons une assurance auto peut-elle \u00eatre r\u00e9sili\u00e9e ?<\/h2>\n\n\n\n<p>Les al\u00e9as de la vie et de la conduite peuvent vous amener \u00e0 \u00eatre en qu\u00eate d\u2019une&nbsp;<strong>assurance auto pour r\u00e9sili\u00e9<\/strong>, autrement dit pour conducteur sans assurance \ud83d\ude14. Votre assureur peut d\u00e9cider de vous envoyer un&nbsp;<strong>courrier de r\u00e9siliation<\/strong>, pour les raisons suivantes :<\/p>\n\n\n\n<ul class=\"wp-block-list\">\n<li><strong>Une aggravation du risque d\u2019assurance<\/strong>&nbsp;(ajout d\u2019un nouveau conducteur sur votre contrat, par exemple).<\/li>\n\n\n\n<li><strong>Le non-paiement de vos cotisations annuelles.<\/strong><\/li>\n\n\n\n<li>Un&nbsp;<strong>sinistre d\u00fb \u00e0 l\u2019abus d\u2019alcool ou la consommation de stup\u00e9fiants.<\/strong><\/li>\n\n\n\n<li>Une infraction conduisant \u00e0 une&nbsp;<strong>interdiction de conduire de plus d\u2019un an ou l\u2019annulation du permis.<\/strong><\/li>\n\n\n\n<li>Un&nbsp;<strong>trop grand nombre d\u2019accidents<\/strong>, d\u2019o\u00f9 la n\u00e9cessit\u00e9 de trouver&nbsp;<a href=\"https:\/\/leocare.eu\/fr\/assurance-auto-en-ligne\/couverture\/formules\/specifiques\/tout-conducteur\/mauvais\/\">une assurance mauvais conducteur<\/a>.<\/li>\n\n\n\n<li>Une&nbsp;<strong>fausse d\u00e9claration&nbsp;<\/strong>ou une omission ayant conduit \u00e0 une mauvaise \u00e9valuation du risque \u00e0 assurer.<\/li>\n<\/ul>\n\n\n\n<p>Tous les motifs de r\u00e9siliation de votre assurance auto sont inscrits dans votre contrat. Avec Leocare,L\u2019ensemble des&nbsp;<strong>conditions sont indiqu\u00e9es en toute transparence sur notre site web \ud83d\udda5\ufe0f ou notre app<\/strong>.<\/p>\n\n\n\n<h2 class=\"wp-block-heading\" id=\"section-2-quelles-dmarches-aprs-la-rsiliation-dun-contrat-auto-\">Quelles d\u00e9marches apr\u00e8s la r\u00e9siliation d\u2019un contrat auto ?<\/h2>\n\n\n\n<h3 class=\"wp-block-heading\">Je suis \u00e0 l\u2019origine de la r\u00e9siliation<\/h3>\n\n\n\n<p>Au moment de r\u00e9silier votre assurance, demandez \u00e0 la compagnie de vous transmettre votre&nbsp;<strong>(RI) relev\u00e9 d\u2019information<\/strong>. Ce document disponible sur simple demande \u00e0 votre assureur qui doit vous le transmettre sous 15 jours. Sur la plupart des sites et apps des compagnies d\u2019assurance auto, vous pouvez&nbsp;<strong>t\u00e9l\u00e9charger directement votre RI depuis votre espace client<\/strong>.<\/p>\n\n\n\n<p>Le relev\u00e9 d\u2019information contient les informations qui permettront \u00e0 votre nouvel assureur de&nbsp;<strong>calculer le montant de vos cotisations<\/strong>&nbsp;:&nbsp;<\/p>\n\n\n\n<ul class=\"wp-block-list\">\n<li><strong>Date de souscription et de fin du contrat<\/strong><\/li>\n\n\n\n<li><strong>Donn\u00e9es relatives au souscripteur et aux conducteurs secondaires<\/strong>&nbsp;: nom, pr\u00e9nom, date de naissance, informations consign\u00e9es sur le permis de conduire<\/li>\n\n\n\n<li><strong>Informations sur le v\u00e9hicule<\/strong>&nbsp;: num\u00e9ro d\u2019immatriculation, puissance, mod\u00e8le, date de mise en circulation<\/li>\n\n\n\n<li>D\u00e9tail sur les \u00e9ventuels&nbsp;<strong>sinistres responsables ou non relatifs au conducteur principal et conducteur secondaire<\/strong>&nbsp;lors des 5 derni\u00e8res ann\u00e9es<\/li>\n\n\n\n<li>Montant du CRM (coefficient de r\u00e9duction-majoration) qui pr\u00e9sente votre&nbsp;<strong>bonus-malus<\/strong><\/li>\n<\/ul>\n\n\n\n<div class=\"bon-a-savoir\">\n\n\n\n<p>Bon \u00e0 savoir<\/p>\n\n\n\n<p>Votre&nbsp;<strong>coefficient bonus malus est transf\u00e9rable<\/strong>, ce qui signifie que si vous avez du bonus votre nouvelle assurance le prendra en compte pour&nbsp;<strong>d\u00e9terminer le co\u00fbt de votre prime<\/strong>.<\/p>\n\n\n\n<p>Pour trouver le contrat auto au meilleur rapport qualit\u00e9\/prix, utilisez un&nbsp;<strong>comparateur&nbsp;d\u2019assurances<\/strong>&nbsp;! En quelques minutes, vous obtiendrez un&nbsp;<a href=\"https:\/\/leocare.eu\/fr\/assurance-auto-en-ligne\/audi\/a3-sportback\/\"><strong>devis pour une assurance Audi A3 Sportback<\/strong><\/a>&nbsp;par exemple. Vous pourrez ainsi confronter ais\u00e9ment la prise en charge d\u2019un&nbsp;accident&nbsp;ou le montant de la&nbsp;prime d\u2019assurance.<\/p>\n\n\n\n<p>Si vous souhaitez r\u00e9silier votre assurance auto, nos Leoconseillers sont \u00e0 vos c\u00f4t\u00e9s pour vous aider !<\/p>\n\n\n\n<p>Et votre ancien assureur dans tout cela ?&nbsp;<strong>Nos Leoconseillers s\u2019occupent de tout !&nbsp;<\/strong>Ils se chargent de r\u00e9silier votre ancien contrat et effectuent toutes les d\u00e9marches pour vous.<\/p>\n\n\n\n<\/div>\n\n\n\n<h3 class=\"wp-block-heading\">L\u2019assurance est \u00e0 l\u2019origine de la r\u00e9siliation<\/h3>\n\n\n\n<p>Si votre&nbsp;<strong>assureur est \u00e0 l\u2019origine de la r\u00e9siliation<\/strong>&nbsp;du contrat assurance auto, vous devrez trouver une autre compagnie qui accepte de vous assurer :&nbsp;<strong>compliqu\u00e9 si vous \u00eates un assur\u00e9 r\u00e9sili\u00e9<\/strong>\u2026 Or, il est interdit de circuler sans assurance.&nbsp;<\/p>\n\n\n\n<p>Vous devez au moins b\u00e9n\u00e9ficier de la&nbsp;<strong>couverture responsabilit\u00e9 civile (obligatoire)<\/strong>&nbsp;via la formule dite au tiers.&nbsp;<\/p>\n\n\n\n<p>Lorsqu\u2019un assureur met fin \u00e0 un contrat, l\u2019automobiliste dispose d\u2019un&nbsp;<strong>d\u00e9lai d\u2019un mois<\/strong>&nbsp;pour trouver une nouvelle compagnie. Dans ce cas, le temps passe vite\u2026 Car votre profil est consid\u00e9r\u00e9 comme trop \u00e0 risque, entra\u00eenant une fin de non-recevoir de la part de nombreuses compagnies.&nbsp;<\/p>\n\n\n\n<p>N\u2019imaginez pas cacher la situation aux compagnies que vous allez d\u00e9marcher : elles savent ou sauront tr\u00e8s vite que vous recherchez une assurance auto en tant que conducteur r\u00e9sili\u00e9 ! D\u2019autant que pour souscrire un nouveau contrat, vous devez fournir votre relev\u00e9 d\u2019information. Clairement,&nbsp;<strong>votre statut de r\u00e9sili\u00e9 est impossible \u00e0 dissimuler<\/strong>.<\/p>\n\n\n\n<section class=\"wp-block-leocare-bon-a-savoir leocare-bas\"><div class=\"leocare-bas__head\"><img decoding=\"async\" class=\"leocare-bas__icon\" src=\"https:\/\/leocare.eu\/fr\/wp-content\/themes\/leocare-new\/assets\/img\/icon-alert-purple.svg\" alt=\"icon alerte\"\/><h3 class=\"leocare-bas__title\">Bon \u00e0 savoir<\/h3><\/div><div class=\"leocare-bas__content\">\n<p><a href=\"https:\/\/leocare.eu\/fr\/assurance-auto-en-ligne\/couverture\/contrat\/resiliation\/motifs\/\">Savoir comment r\u00e9silier une assurance auto<\/a> est tr\u00e8s important pour faire des \u00e9conomies. Pour ce faire vous avez deux moyens. La loi Chatel oblige l\u2019assureur \u00e0 vous informer de votre droit de non-reconduction annuelle. Plus flexible, la loi Hamon permet de r\u00e9silier \u00e0 tout moment apr\u00e8s un an de contrat, sans frais ni justificatif. Votre nouvel assureur s&rsquo;occupe alors des d\u00e9marches pour garantir la continuit\u00e9 de votre couverture.<\/p>\n<\/div><\/section>\n\n\n\n<p>En tant que conducteur r\u00e9sili\u00e9, vous \u00eates d\u00e9sormais&nbsp;<strong>inscrit dans le fichier de l\u2019Agira (Association pour la gestion des informations sur le risque en assurance)<\/strong>&nbsp;pendant au moins 2 ans. Cette dur\u00e9e passe \u00e0 5 ans pour une r\u00e9siliation d\u2019assurance auto suite \u00e0 un sinistre.&nbsp;L\u2019objectif de l\u2019Agira est de contr\u00f4ler le d\u00e9faut d\u2019assurance en tenant \u00e0 jour un fichier des v\u00e9hicules assur\u00e9s (FVA).<\/p>\n\n\n\n<p>Si votre assurance a annul\u00e9 votre couverture pour un d\u00e9faut de paiement de votre prime d\u2019assurance, vous disparaissez du fichier, d\u00e8s que les sommes dues ont \u00e9t\u00e9 rembours\u00e9es.&nbsp;<\/p>\n\n\n\n<p>Heureusement il existe des solutions. Des assurances auto sont sp\u00e9cialis\u00e9es dans la&nbsp;<strong>prise en charge des automobilistes r\u00e9sili\u00e9s<\/strong>.<\/p>\n\n\n\n<p>M\u00eame les&nbsp;conducteurs&nbsp;r\u00e9sili\u00e9s ou maluss\u00e9s suite \u00e0 un&nbsp;accident&nbsp;peuvent&nbsp;<strong>faire jouer la concurrence entre les&nbsp;assurances<\/strong>. Un&nbsp;comparateur&nbsp;constitue un excellent support pour&nbsp;<a href=\"https:\/\/leocare.eu\/fr\/assurance-auto-en-ligne\/couverture\/contrat\/negocier\/\"><strong>n\u00e9gocier son contrat auto<\/strong><\/a>, notamment le montant de sa&nbsp;prime d\u2019assurance&nbsp;aupr\u00e8s de plusieurs&nbsp;compagnies.<\/p>\n\n\n\n<div class=\"bon-a-savoir\">\n\n\n\n<p>Bon \u00e0 savoir<\/p>\n\n\n\n<p>Les&nbsp;conducteurs&nbsp;impliqu\u00e9s dans un&nbsp;accident&nbsp;peuvent parfois s\u2019appuyer sur une&nbsp;<a href=\"https:\/\/leocare.eu\/fr\/assurance-auto-en-ligne\/couverture\/garanties\/complementaires\/dommages-materiels\/equipements-auto\/dashcam\/\"><strong>dashcam ou cam\u00e9ra embarqu\u00e9e<\/strong><\/a>&nbsp;pour prouver leur bonne foi aux&nbsp;assurances. Certaines&nbsp;compagnies&nbsp;prennent en compte ces enregistrements.<\/p>\n\n\n\n<\/div>\n\n\n\n<h2 class=\"wp-block-heading\" id=\"section-3-combien-cote-lassurance-dun-conducteur-rsili-\">Combien co\u00fbte l\u2019assurance d\u2019un conducteur r\u00e9sili\u00e9 ?<\/h2>\n\n\n\n<p>L\u2019assurance auto pour un conducteur r\u00e9sili\u00e9 est plus ch\u00e8re qu\u2019un contrat \u00ab\u2009classique\u2009\u00bb. Pour compenser les risques, les&nbsp;<strong>compagnies appliquent des surprimes<\/strong>&nbsp;qui augmentent le prix de l\u2019assurance \ud83d\ude35\u200d:<\/p>\n\n\n\n<ul class=\"wp-block-list\">\n<li><strong>+50 %&nbsp;<\/strong>quand vous comptez&nbsp;<strong>trois accidents responsables<\/strong>&nbsp;ou plus au cours de la derni\u00e8re ann\u00e9e (c\u2019est aussi ce que l\u2019on appelle un gros malus).<\/li>\n\n\n\n<li><strong>+50 %<\/strong>&nbsp;lorsque vous \u00eates responsable d\u2018un incident ou d\u2018une infraction conduisant \u00e0 un&nbsp;<strong>retrait de permis de 2 \u00e0 6 mois<\/strong>.<\/li>\n\n\n\n<li><strong>+100 %<\/strong>&nbsp;quand vous \u00eates coupable d\u2019un&nbsp;<strong>d\u00e9lit de fuite<\/strong>.<\/li>\n\n\n\n<li><strong>+100 %<\/strong>&nbsp;si vous ne mentionnez pas un sinistre survenu au cours des 3 derni\u00e8res ann\u00e9es dans votre d\u00e9claration (<strong>d\u00e9faut ou omission de d\u00e9claration<\/strong>).<\/li>\n\n\n\n<li><strong>+100 %<\/strong>&nbsp;pour un&nbsp;<strong>retrait de permis de conduire de plus de 6 mois<\/strong>.<\/li>\n\n\n\n<li><strong>+150 %<\/strong>&nbsp;si vous provoquez un sinistre alors que votre&nbsp;<strong>alcool\u00e9mie<\/strong>&nbsp;est sup\u00e9rieure au niveau autoris\u00e9.<\/li>\n\n\n\n<li><strong>+200 %<\/strong>&nbsp;apr\u00e8s une&nbsp;<strong>annulation ou un retrait de permis plusieurs fois dans l\u2019ann\u00e9e<\/strong>.<\/li>\n<\/ul>\n\n\n\n<p><strong>Ces surprimes sont cumulables<\/strong>, mais leur total ne peut pas d\u00e9passer 400 % de la prime r\u00e9f\u00e9rence. On vous l\u2019accorde, c\u2019est d\u00e9j\u00e0 beaucoup \ud83e\udd7a.<\/p>\n\n\n\n<section class=\"wp-block-leocare-bon-a-savoir leocare-bas\"><div class=\"leocare-bas__head\"><img decoding=\"async\" class=\"leocare-bas__icon\" src=\"https:\/\/leocare.eu\/fr\/wp-content\/themes\/leocare-new\/assets\/img\/icon-alert-purple.svg\" alt=\"icon alerte\"\/><h3 class=\"leocare-bas__title\">Bon \u00e0 savoir<\/h3><\/div><div class=\"leocare-bas__content\">\n<p><a href=\"https:\/\/leocare.eu\/fr\/assurance-auto-en-ligne\/couverture\/contrat\/releve-information\/malus\/bonus-maximum\/\">Le bonus maximum de l&rsquo;assurance auto<\/a> est de 3,5.<\/p>\n<\/div><\/section>\n\n\n\n<p>Les&nbsp;conducteurs&nbsp;qui s\u2019inqui\u00e8tent de la hausse de leur&nbsp;prime d\u2019assurance&nbsp;apr\u00e8s &nbsp;r\u00e9siliation peuvent avoir recours \u00e0 un&nbsp;comparateur. Obtenir un&nbsp;<a href=\"https:\/\/leocare.eu\/fr\/assurance-auto-en-ligne\/bmw\/serie-1-ii\/\"><strong>devis en ligne pour une assurance BMW s\u00e9rie 1 II<\/strong><\/a>&nbsp;entre autres v\u00e9hicules, ne prend que quelques minutes. Les automobilistes peuvent ainsi esp\u00e9rer faire des \u00e9conomies sur le montant de leur&nbsp;cotisation.<\/p>\n\n\n\n<h2 class=\"wp-block-heading\" id=\"section-4-comment-trouver-la-bonne-assurance-auto-aprs-rsiliation-\">Comment trouver la bonne assurance auto apr\u00e8s \u00e0 r\u00e9siliation ?<\/h2>\n\n\n\n<p>Pour&nbsp;<strong>trouver une assurance auto pour r\u00e9sili\u00e9<\/strong>&nbsp;(ou conducteur r\u00e9sili\u00e9), vous devez frapper \u00e0 la porte d\u2019assureurs sp\u00e9cialis\u00e9s. N\u2019h\u00e9sitez pas \u00e0 vous appuyer sur un&nbsp;<strong>comparateur de compagnies d\u2019assurance<\/strong>. Ces derni\u00e8res peuvent vous proposer des prix int\u00e9ressants, mais prenez bien le temps d\u2019\u00e9tudier les garanties incluses \ud83d\udd0e, notamment :<\/p>\n\n\n\n<ul class=\"wp-block-list\">\n<li>Les&nbsp;<strong>plafonds d\u2019indemnisation<\/strong>&nbsp;pour les dommages.<\/li>\n\n\n\n<li>Les \u00e9ventuels&nbsp;<strong>d\u00e9lais de carence<\/strong>&nbsp;(votre assurance auto pour r\u00e9sili\u00e9 peut pr\u00e9ciser une certaine p\u00e9riode avant que la couverture soit active).<\/li>\n\n\n\n<li>Les conditions de&nbsp;<strong>garanties<\/strong>&nbsp;(faites bien attention aux exclusions mentionn\u00e9es dans le contrat, notamment pour une assurance au tiers).<\/li>\n\n\n\n<li>Le tarif des&nbsp;<strong>franchises<\/strong>&nbsp;: lors d\u2019un accident, les assurances remboursent rarement la totalit\u00e9 des dommages. C\u2019est le principe de la franchise. Il est toutefois possible de<a href=\"https:\/\/leocare.eu\/fr\/assurance-auto-en-ligne\/sinistre\/indemnisation\/franchise\/rachat\/\">&nbsp;<strong>proc\u00e9der \u00e0 un rachat<\/strong><\/a>&nbsp;de celle-ci. En \u00e9change d\u2019une hausse de la prime d\u2019assurance et de la cotisation mensuelle, les conducteurs peuvent \u00eatre int\u00e9gralement rembours\u00e9s par leur compagnie.<\/li>\n<\/ul>\n\n\n\n<p>Chez Leocare, voici\u00a0<a href=\"https:\/\/leocare.eu\/fr\/assurance-auto-en-ligne\/couverture\/contrat\/souscription\/documents\/\">les documents \u00e0 fournir pour changer votre assurance auto<\/a>\u00a0:<\/p>\n\n\n\n<ul class=\"wp-block-list\">\n<li>Permis de conduire<\/li>\n\n\n\n<li>Relev\u00e9 d\u2019informations<\/li>\n\n\n\n<li>Carte grise<\/li>\n\n\n\n<li>RIB<\/li>\n<\/ul>\n\n\n\n<div class=\"bon-a-savoir\">\n\n\n\n<p>Bon \u00e0 savoir : vous roulez dans une r\u00e9gion au climat froid.<\/p>\n\n\n\n<p>Tous les conducteurs peuvent souscrire \u00e0 une<a href=\"https:\/\/leocare.eu\/fr\/assurance-auto-en-ligne\/sinistre\/intemperies\/verglas\/\">&nbsp;assurance auto contre le verglas et la neige<\/a>. Gr\u00e2ce \u00e0 cette garantie suppl\u00e9mentaire, les automobilistes sont couverts pour les dommages subis en cas d\u2019accident d\u00fb \u00e0 une glissade par exemple.<\/p>\n\n\n\n<p>Si aucune assurance ne veut vous assurer, vous pouvez demander l\u2019aide du&nbsp;<strong>Bureau Central de Tarification<\/strong>.&nbsp;<a href=\"https:\/\/leocare.eu\/fr\/assurance-auto-en-ligne\/couverture\/formules\/specifiques\/tout-conducteur\/mauvais\/resilie\/bct\/\"><strong>Le BCT assurance<\/strong><\/a>&nbsp;est une entit\u00e9 administrative ayant le pouvoir d\u2019obliger un assureur \u00e0 vous&nbsp;<strong>fournir une couverture minimale (RC \u2013 Responsabilit\u00e9 civile)<\/strong>. C\u2019est \u00e9galement le Bureau Central de Tarification qui fixe le prix de votre cotisation.<\/p>\n\n\n\n<p>Vous travaillez dans un minist\u00e8re ou un \u00e9tablissement public ? Les&nbsp;<strong>conducteurs&nbsp;exer\u00e7ant au sein de la fonction publique<\/strong>&nbsp;b\u00e9n\u00e9ficient souvent de&nbsp;<strong>formules sp\u00e9cifiques&nbsp;<\/strong>de la part des&nbsp;compagnies d\u2019assurance. En s\u2019aidant d\u2019un&nbsp;comparateur, il est possible de trouver l\u2019<a href=\"https:\/\/leocare.eu\/fr\/assurance-auto-en-ligne\/couverture\/formules\/specifiques\/tout-conducteur\/vehicules-professionnels\/fonctionnaire\/\"><strong>assurance auto pour un fonctionnaire<\/strong><\/a>&nbsp;la plus adapt\u00e9e possible. V\u00e9rifiez-bien pour chaque&nbsp;compagnie&nbsp;les conditions propos\u00e9es :&nbsp;cotisation, indemnisation des&nbsp;dommages&nbsp;suite \u00e0 un&nbsp;accident, etc.<\/p>\n\n\n\n<\/div>\n\n\n\n<h2 class=\"wp-block-heading\" id=\"section-5-quels-sont-les-risques-de-rouler-sans-assurance-auto-\">Quels sont les risques de rouler sans assurance auto ?<\/h2>\n\n\n\n<p><strong>Conduire une voiture sans assurance<\/strong>&nbsp;est un&nbsp;<strong>d\u00e9lit&nbsp;<\/strong>pouvant \u00eatre sanctionn\u00e9 par une amende de 3 750 \u20ac \ud83d\udc6e. Vous pouvez \u00e9galement \u00e9coper de peines suppl\u00e9mentaires comme un retrait ou une annulation du permis de conduire, sans avoir la possibilit\u00e9 de le repasser, ou encore une confiscation de votre v\u00e9hicule \ud83d\ude31.&nbsp;<\/p>\n\n\n\n<p>En cas de dommages mat\u00e9riels ou corporels suite \u00e0 un sinistre responsable, partiellement responsable ou non responsable, si vous n\u2019avez pas d\u2019assurance, le&nbsp;<strong>co\u00fbt des r\u00e9parations des v\u00e9hicules et des soins m\u00e9dicaux seront \u00e0 votre charge<\/strong>. Ces frais peuvent s\u2019\u00e9lever \u00e0 plusieurs milliers d\u2019euros\u2026&nbsp;<strong>Une assurance est donc indispensable pour conduire en toute s\u00e9r\u00e9nit\u00e9.<\/strong><\/p>\n\n\n\n<p><strong>Vous cherchez une nouvelle assurance pour conducteur r\u00e9sili\u00e9 au meilleur tarif ? Les Leoconseillers vous accueillent ! Obtenez un tarif au meilleur prix en quelques minutes sur notre site web ou notre app.<\/strong><\/p>\n","protected":false},"excerpt":{"rendered":"<p>Un contrat d\u2019assurance lie deux parties : vous et votre assureur. De votre c\u00f4t\u00e9, vous avez le droit de le r\u00e9silier quand bon vous semble, une fois le premier anniversaire pass\u00e9 (1 an, donc). Votre assurance peut aussi vous retirer de sa couverture. Vous vous posez des questions sur l\u2019assurance auto pour conducteur r\u00e9sili\u00e9 ? [&hellip;]<\/p>\n","protected":false},"author":34,"featured_media":9940,"parent":12792,"menu_order":0,"comment_status":"closed","ping_status":"closed","template":"template_seo.php","meta":{"_acf_changed":false,"footnotes":""},"class_list":["post-12821","page","type-page","status-publish","has-post-thumbnail","hentry"],"acf":[],"yoast_head":"<!-- This site is optimized with the Yoast SEO plugin v27.3 - https:\/\/yoast.com\/product\/yoast-seo-wordpress\/ -->\n<title>Assurance auto pour conducteur r\u00e9sili\u00e9s<\/title>\n<meta name=\"description\" content=\"Conducteur r\u00e9sili\u00e9? D\u00e9couvrez nos solutions d&#039;assurance auto sp\u00e9cifiques. Ne restez pas sans couverture, prenez action maintenant !\" \/>\n<meta name=\"robots\" content=\"index, follow, max-snippet:-1, max-image-preview:large, max-video-preview:-1\" \/>\n<link rel=\"canonical\" href=\"https:\/\/leocare.eu\/fr\/assurance-auto-en-ligne\/couverture\/formules\/specifiques\/tout-conducteur\/mauvais\/resilie\/\" \/>\n<meta property=\"og:locale\" content=\"fr_FR\" \/>\n<meta property=\"og:type\" content=\"article\" \/>\n<meta property=\"og:title\" content=\"Assurance auto pour conducteur r\u00e9sili\u00e9s\" \/>\n<meta property=\"og:description\" content=\"Conducteur r\u00e9sili\u00e9? D\u00e9couvrez nos solutions d&#039;assurance auto sp\u00e9cifiques. Ne restez pas sans couverture, prenez action maintenant !\" \/>\n<meta property=\"og:url\" content=\"https:\/\/leocare.eu\/fr\/assurance-auto-en-ligne\/couverture\/formules\/specifiques\/tout-conducteur\/mauvais\/resilie\/\" \/>\n<meta property=\"og:site_name\" content=\"Leocare, assurance en ligne automobile et habitation\" \/>\n<meta property=\"article:modified_time\" content=\"2026-04-07T14:36:32+00:00\" \/>\n<meta property=\"og:image\" content=\"https:\/\/leocare.eu\/fr\/wp-content\/uploads\/2022\/12\/assurance-conducteur-resilie.jpg\" \/>\n\t<meta property=\"og:image:width\" content=\"1800\" \/>\n\t<meta property=\"og:image:height\" content=\"1200\" \/>\n\t<meta property=\"og:image:type\" content=\"image\/jpeg\" \/>\n<meta name=\"twitter:card\" content=\"summary_large_image\" \/>\n<meta name=\"twitter:label1\" content=\"Dur\u00e9e de lecture estim\u00e9e\" \/>\n\t<meta name=\"twitter:data1\" content=\"10 minutes\" \/>\n<!-- \/ Yoast SEO plugin. -->","yoast_head_json":{"title":"Assurance auto pour conducteur r\u00e9sili\u00e9s","description":"Conducteur r\u00e9sili\u00e9? D\u00e9couvrez nos solutions d'assurance auto sp\u00e9cifiques. Ne restez pas sans couverture, prenez action maintenant !","robots":{"index":"index","follow":"follow","max-snippet":"max-snippet:-1","max-image-preview":"max-image-preview:large","max-video-preview":"max-video-preview:-1"},"canonical":"https:\/\/leocare.eu\/fr\/assurance-auto-en-ligne\/couverture\/formules\/specifiques\/tout-conducteur\/mauvais\/resilie\/","og_locale":"fr_FR","og_type":"article","og_title":"Assurance auto pour conducteur r\u00e9sili\u00e9s","og_description":"Conducteur r\u00e9sili\u00e9? D\u00e9couvrez nos solutions d'assurance auto sp\u00e9cifiques. Ne restez pas sans couverture, prenez action maintenant !","og_url":"https:\/\/leocare.eu\/fr\/assurance-auto-en-ligne\/couverture\/formules\/specifiques\/tout-conducteur\/mauvais\/resilie\/","og_site_name":"Leocare, assurance en ligne automobile et habitation","article_modified_time":"2026-04-07T14:36:32+00:00","og_image":[{"width":1800,"height":1200,"url":"https:\/\/leocare.eu\/fr\/wp-content\/uploads\/2022\/12\/assurance-conducteur-resilie.jpg","type":"image\/jpeg"}],"twitter_card":"summary_large_image","twitter_misc":{"Dur\u00e9e de lecture estim\u00e9e":"10 minutes"},"schema":{"@context":"https:\/\/schema.org","@graph":[{"@type":"WebPage","@id":"https:\/\/leocare.eu\/fr\/assurance-auto-en-ligne\/couverture\/formules\/specifiques\/tout-conducteur\/mauvais\/resilie\/","url":"https:\/\/leocare.eu\/fr\/assurance-auto-en-ligne\/couverture\/formules\/specifiques\/tout-conducteur\/mauvais\/resilie\/","name":"Assurance auto pour conducteur r\u00e9sili\u00e9s","isPartOf":{"@id":"https:\/\/leocare.eu\/fr\/#website"},"primaryImageOfPage":{"@id":"https:\/\/leocare.eu\/fr\/assurance-auto-en-ligne\/couverture\/formules\/specifiques\/tout-conducteur\/mauvais\/resilie\/#primaryimage"},"image":{"@id":"https:\/\/leocare.eu\/fr\/assurance-auto-en-ligne\/couverture\/formules\/specifiques\/tout-conducteur\/mauvais\/resilie\/#primaryimage"},"thumbnailUrl":"https:\/\/leocare.eu\/fr\/wp-content\/uploads\/2022\/12\/assurance-conducteur-resilie.jpg","datePublished":"2023-01-09T09:26:43+00:00","dateModified":"2026-04-07T14:36:32+00:00","description":"Conducteur r\u00e9sili\u00e9? D\u00e9couvrez nos solutions d'assurance auto sp\u00e9cifiques. Ne restez pas sans couverture, prenez action maintenant !","breadcrumb":{"@id":"https:\/\/leocare.eu\/fr\/assurance-auto-en-ligne\/couverture\/formules\/specifiques\/tout-conducteur\/mauvais\/resilie\/#breadcrumb"},"inLanguage":"fr-FR","potentialAction":[{"@type":"ReadAction","target":["https:\/\/leocare.eu\/fr\/assurance-auto-en-ligne\/couverture\/formules\/specifiques\/tout-conducteur\/mauvais\/resilie\/"]}]},{"@type":"ImageObject","inLanguage":"fr-FR","@id":"https:\/\/leocare.eu\/fr\/assurance-auto-en-ligne\/couverture\/formules\/specifiques\/tout-conducteur\/mauvais\/resilie\/#primaryimage","url":"https:\/\/leocare.eu\/fr\/wp-content\/uploads\/2022\/12\/assurance-conducteur-resilie.jpg","contentUrl":"https:\/\/leocare.eu\/fr\/wp-content\/uploads\/2022\/12\/assurance-conducteur-resilie.jpg","width":1800,"height":1200,"caption":"Assurance Conducteur R\u00e9sili\u00e9"},{"@type":"WebSite","@id":"https:\/\/leocare.eu\/fr\/#website","url":"https:\/\/leocare.eu\/fr\/","name":"Leocare, assurance en ligne automobile et habitation","description":"enfin (r)assur\u00e9.e","publisher":{"@id":"https:\/\/leocare.eu\/fr\/#organization"},"potentialAction":[{"@type":"SearchAction","target":{"@type":"EntryPoint","urlTemplate":"https:\/\/leocare.eu\/fr\/?s={search_term_string}"},"query-input":{"@type":"PropertyValueSpecification","valueRequired":true,"valueName":"search_term_string"}}],"inLanguage":"fr-FR"},{"@type":"Organization","@id":"https:\/\/leocare.eu\/fr\/#organization","name":"Leocare, assurance en ligne automobile et habitation","url":"https:\/\/leocare.eu\/fr\/","logo":{"@type":"ImageObject","inLanguage":"fr-FR","@id":"https:\/\/leocare.eu\/fr\/#\/schema\/logo\/image\/","url":"https:\/\/leocare.eu\/fr\/wp-content\/uploads\/2020\/03\/logo-leocare.svg","contentUrl":"https:\/\/leocare.eu\/fr\/wp-content\/uploads\/2020\/03\/logo-leocare.svg","caption":"Leocare, assurance en ligne automobile et habitation"},"image":{"@id":"https:\/\/leocare.eu\/fr\/#\/schema\/logo\/image\/"}}]}},"_links":{"self":[{"href":"https:\/\/leocare.eu\/fr\/wp-json\/wp\/v2\/pages\/12821","targetHints":{"allow":["GET"]}}],"collection":[{"href":"https:\/\/leocare.eu\/fr\/wp-json\/wp\/v2\/pages"}],"about":[{"href":"https:\/\/leocare.eu\/fr\/wp-json\/wp\/v2\/types\/page"}],"author":[{"embeddable":true,"href":"https:\/\/leocare.eu\/fr\/wp-json\/wp\/v2\/users\/34"}],"replies":[{"embeddable":true,"href":"https:\/\/leocare.eu\/fr\/wp-json\/wp\/v2\/comments?post=12821"}],"version-history":[{"count":24,"href":"https:\/\/leocare.eu\/fr\/wp-json\/wp\/v2\/pages\/12821\/revisions"}],"predecessor-version":[{"id":36834,"href":"https:\/\/leocare.eu\/fr\/wp-json\/wp\/v2\/pages\/12821\/revisions\/36834"}],"up":[{"embeddable":true,"href":"https:\/\/leocare.eu\/fr\/wp-json\/wp\/v2\/pages\/12792"}],"wp:featuredmedia":[{"embeddable":true,"href":"https:\/\/leocare.eu\/fr\/wp-json\/wp\/v2\/media\/9940"}],"wp:attachment":[{"href":"https:\/\/leocare.eu\/fr\/wp-json\/wp\/v2\/media?parent=12821"}],"curies":[{"name":"wp","href":"https:\/\/api.w.org\/{rel}","templated":true}]}}