{"id":12639,"date":"2023-01-06T17:05:38","date_gmt":"2023-01-06T16:05:38","guid":{"rendered":"https:\/\/leocare.eu\/fr\/?page_id=12639"},"modified":"2026-04-07T16:46:38","modified_gmt":"2026-04-07T14:46:38","slug":"crevaison","status":"publish","type":"page","link":"https:\/\/leocare.eu\/fr\/assurance-auto-en-ligne\/sinistre\/reparations\/crevaison\/","title":{"rendered":"Le pneu crev\u00e9 est-il couvert par l\u2019assurance auto ?"},"content":{"rendered":"\n<p>La crevaison d\u2019un pneu\u2026 Peu importe le moment o\u00f9 cet \u00e9v\u00e8nement survient, c\u2019est toujours tr\u00e8s embarrassant. Et c\u2019est un euph\u00e9misme. Comment r\u00e9agir&nbsp;si cela vous arrive ? Quelle prise en charge, aussi,&nbsp;par l\u2019assurance en cas de pneu crev\u00e9&nbsp;? Leocare, la n\u00e9o-assurance qui r\u00e9invente les garanties auto, r\u00e9pond \u00e0 toutes vos interrogations.<\/p>\n\n\n\n<h2 class=\"wp-block-heading\" id=\"section-1-que-faire-en-cas-de-pneu-crev-\"><strong>Que faire en cas de pneu crev\u00e9 ?<\/strong><\/h2>\n\n\n\n<p>Sur le moment, la premi\u00e8re chose \u00e0 faire est d\u2019immobiliser votre v\u00e9hicule. Selon l\u2019endroit o\u00f9 vous vous situez (route secondaire ou autoroute), garez-vous sur le bas-c\u00f4t\u00e9 ou sur la bande d\u2019arr\u00eat d\u2019urgence. Puis allumez vos feux de d\u00e9tresse, enfilez votre gilet r\u00e9fl\u00e9chissant et sortez prudemment pour aller positionner le triangle de pr\u00e9-signalisation \u26a0\ufe0f. Pour rappel, celui-ci doit se trouver \u00e0 une distance d\u2019au moins 30 m\u00e8tres, en amont de la voiture.<\/p>\n\n\n\n<p>Ensuite seulement, entamez les d\u00e9marches de d\u00e9pannage. Si vous parvenez \u00e0 vous garer dans un endroit s\u00fbr (parking, par exemple), vous pouvez monter la roue de secours vous-m\u00eame, si votre v\u00e9hicule en est dot\u00e9, pour vous \u00e9viter un d\u00e9pannage. Sur autoroute, par contre, c\u2019est interdit. Attention, avec ce type de roue, il est recommand\u00e9, ensuite, de ne pas d\u00e9passer les 80 km\/h. De m\u00eame, vous ne pouvez l\u2019utiliser que sur 50 km \u00e0 100 km au maximum. Assurez-vous donc de vous situer \u00e0 courte distance de chez vous ou d\u2019un garage automobile.<\/p>\n\n\n\n<div class=\"bon-a-savoir\">\n\n\n\n<p>\u00c0 noter : les 3 principales causes de crevaison<\/p>\n\n\n\n<p>Un mauvais gonflage, un mauvais suivi de l\u2019usure de la gomme et les facteurs ext\u00e9rieurs (nid-de-poule, trottoir trop haut, d\u00e9bris de verre, objets m\u00e9talliques\u2026). Voil\u00e0 les causes les plus fr\u00e9quentes de perforation, de d\u00e9chirure ou d\u2019\u00e9clatement d\u2019un pneu.<\/p>\n\n\n\n<\/div>\n\n\n\n<p>Quant \u00e0 savoir si&nbsp;<a href=\"https:\/\/leocare.eu\/fr\/assurance-auto-en-ligne\/sinistre\/reparations\/\"><strong>la r\u00e9paration auto<\/strong><\/a>&nbsp;suite \u00e0 un pneu crev\u00e9 est prise en charge par l\u2019assurance, tout d\u00e9pend\u2026<\/p>\n\n\n\n<h2 class=\"wp-block-heading\" id=\"section-2-pneu-crev-mon-assurance-auto-me-rembourse-t-elle-\"><strong>Pneu crev\u00e9 : mon assurance auto me rembourse-t-elle \ud83e\uddd0 ?<\/strong><\/h2>\n\n\n\n<p>L\u2019indemnisation des r\u00e9parations d\u2019un pneu crev\u00e9 par l\u2019assurance auto n\u2019est pas syst\u00e9matique.<\/p>\n\n\n\n<h3 class=\"wp-block-heading\"><strong>La prise en charge par la garantie pneumatique<\/strong><\/h3>\n\n\n\n<p><strong>La garantie pneumatique, ou garantie crevaison, est la seule \u00e0 vous couvrir d\u2019office<\/strong>. Si elle est incluse dans tous les contrats d\u2019assurance tous risques, au tiers, elle n\u2019est en principe propos\u00e9e qu\u2019en option. Lorsqu\u2019elle est effectivement propos\u00e9e\u2026 C\u2019est, en effet, assez rare.<\/p>\n\n\n\n<h3 class=\"wp-block-heading\"><strong>La prise en charge par la garantie d\u2019assistance<\/strong><\/h3>\n\n\n\n<p>Si votre contrat d\u2019assurance auto au tiers inclut une garantie d\u2019assistance, alors vous avez droit \u00e0 une participation de la part de votre assureur. Bien s\u00fbr,<strong>&nbsp;ici, seul le d\u00e9pannage est pris en charge<\/strong>. Les prestations de r\u00e9paration ou remplacement restent \u00e0 votre charge.<\/p>\n\n\n\n<p>Chez Leocare, l\u2019assistance 0 km est automatiquement int\u00e9gr\u00e9e \u00e0 nos formules au tiers ! C\u2019est-\u00e0-dire que nous intervenons, m\u00eame si vous crevez un pneu \u00e0 50 m\u00e8tres de chez vous, par exemple. L\u2019assistance est g\u00e9r\u00e9e par notre partenaire de confiance, Europ Assistance. Incluse \u00e9galement, la garantie corporelle du conducteur, avec une indemnisation de 600 000 \u20ac ou 1 000 000 \u20ac, au choix. Et tout \u00e7a, d\u00e8s <span class=\"change-price\">16<\/span> \u20ac par mois ! Qui dit mieux \ud83d\ude09 ?<\/p>\n\n\n\n<h3 class=\"wp-block-heading\"><strong>Pneu crev\u00e9 par vandalisme : l\u2019assurance me couvre-t-elle ?<\/strong><\/h3>\n\n\n\n<p>Absolument. Mieux encore, en comparaison d\u2019autres causes de crevaison, celle r\u00e9sultant d\u2019un acte de malveillance est g\u00e9n\u00e9ralement mieux couverte. Si vous constatez que vos pneus ont \u00e9t\u00e9 volontairement crev\u00e9s, prenez des photos et recueillez, le cas \u00e9ch\u00e9ant, les t\u00e9moignages du voisinage. Ensuite, rendez-vous au commissariat de police ou \u00e0 la brigade de gendarmerie pour porter plainte.&nbsp;<strong>C\u2019est la condition sine qua non pour \u00eatre indemnis\u00e9 par votre assurance auto.<\/strong><\/p>\n\n\n\n<h2 class=\"wp-block-heading\" id=\"section-3-existe-t-il-une-garantie-crevaison-lors-de-lachat-des-pneus-\"><strong>Existe-t-il une garantie crevaison lors de l\u2019achat des pneus ?<\/strong><\/h2>\n\n\n\n<p>Outre l\u2019assurance voiture, un pneu crev\u00e9 peut effectivement \u00eatre couvert par le fabricant ou le garage, lors de l\u2019achat ou de la pose de vos pneumatiques. Toutefois, l\u2019\u00e9tendue de la couverture est limit\u00e9e le plus souvent \u00e0 1 an ou 2 ans, et le remboursement est rarement int\u00e9gral. Tous les risques ne sont pas non plus couverts. Hernie, choc, vandalisme\u2026 v\u00e9rifiez ceux entrant dans le champ de la garantie.&nbsp;La crevaison fait partie en effet des cas particuliers qu\u2019il faut pr\u00e9voir !<\/p>\n\n\n\n<p>Autre&nbsp;accident&nbsp;particulier pour les&nbsp;automobilistes&nbsp;: quelle est la&nbsp;<strong><a href=\"https:\/\/leocare.eu\/fr\/assurance-auto-en-ligne\/sinistre\/intemperies\/voiture-embourbee\/\">prise en charge d\u2019une voiture embourb\u00e9e<\/a><\/strong>&nbsp;? Selon les circonstances de l\u2019embourbement, le remorquage du v\u00e9hicule n\u2019est pas syst\u00e9matiquement pris en charge par les&nbsp;assurances. Vous devez v\u00e9rifier les garanties pr\u00e9vues dans votre contrat. Si l\u2019assistance prend en charge ce type de sinistre, un&nbsp;d\u00e9panneur&nbsp;intervient en&nbsp;urgence&nbsp;pour remorquer le v\u00e9hicule des&nbsp;conducteurs&nbsp;embourb\u00e9s.<\/p>\n\n\n\n<p>Et&nbsp;<strong><a href=\"https:\/\/leocare.eu\/fr\/assurance-auto-en-ligne\/sinistre\/types\/cles-voiture-perdues\/\">que faire en cas de perte de cl\u00e9s<\/a><\/strong>&nbsp;? D\u00e9clarez leur perte ou leur vol dans un commissariat ou \u00e0 la gendarmerie. Avec l\u2019attestation d\u00e9livr\u00e9e par les forces de l\u2019ordre, vous pourrez obtenir l\u2019indemnisation&nbsp;des frais d\u2019un d\u00e9pannage sur place ou d\u2019un remorquage du v\u00e9hicule jusqu\u2019\u00e0 un garage agr\u00e9\u00e9. L\u2019assistance auto est comprise dans l\u2019assurance tous risques. Sinon, souscrivez une garantie assistance auto pour ce type d\u2019accident&nbsp;aupr\u00e8s de votre&nbsp;compagnie. Mais le remplacement des cl\u00e9s perdues fait partie des exclusions : il n\u2019est pas rembours\u00e9 par les&nbsp;assurances. En revanche, il peut \u00eatre couvert par l\u2019assurance de votre banque.<\/p>\n\n\n\n<p>Enfin,&nbsp;<strong><a href=\"https:\/\/leocare.eu\/fr\/assurance-auto-en-ligne\/sinistre\/declaration\/accident\/types\/carambolage\/\">comment fonctionne l\u2019assurance auto en cas de carambolage<\/a><\/strong>&nbsp;? Les&nbsp;assurances&nbsp;d\u00e9terminent la responsabilit\u00e9 des&nbsp;conducteurs&nbsp;impliqu\u00e9s dans l\u2019accident. Elles d\u00e9cident ensuite de l\u2019indemnisation&nbsp;des&nbsp;dommages&nbsp;subis lors de la&nbsp;collision. En cas d\u2019accident responsable, vous devez poss\u00e9der une assurance tous risques ou une garantie dommages tous accidents pour \u00eatre indemnis\u00e9.<\/p>\n\n\n\n<p>Un sinistre ? Pour gagner du temps et vous simplifier la vie, d\u00e9clarez-le directement depuis l\u2019app Leocare. Suivez \u00e9galement l\u2019avanc\u00e9e de votre dossier en temps r\u00e9el et modulez vos garanties comme vous l\u2019entendez !<\/p>\n","protected":false},"excerpt":{"rendered":"<p>La crevaison d\u2019un pneu\u2026 Peu importe le moment o\u00f9 cet \u00e9v\u00e8nement survient, c\u2019est toujours tr\u00e8s embarrassant. Et c\u2019est un euph\u00e9misme. Comment r\u00e9agir&nbsp;si cela vous arrive ? Quelle prise en charge, aussi,&nbsp;par l\u2019assurance en cas de pneu crev\u00e9&nbsp;? Leocare, la n\u00e9o-assurance qui r\u00e9invente les garanties auto, r\u00e9pond \u00e0 toutes vos interrogations. Que faire en cas de [&hellip;]<\/p>\n","protected":false},"author":34,"featured_media":10049,"parent":13894,"menu_order":0,"comment_status":"closed","ping_status":"closed","template":"template_seo.php","meta":{"_acf_changed":false,"footnotes":""},"class_list":["post-12639","page","type-page","status-publish","has-post-thumbnail","hentry"],"acf":[],"yoast_head":"<!-- This site is optimized with the Yoast SEO plugin v27.3 - https:\/\/yoast.com\/product\/yoast-seo-wordpress\/ -->\n<title>Pneu crev\u00e9 : quelle couverture par l\u2019assurance auto ?<\/title>\n<meta name=\"description\" content=\"Votre pneu crev\u00e9 est-il couvert par votre assurance auto? D\u00e9couvrez cela ici et assurez-vous d&#039;\u00eatre toujours prot\u00e9g\u00e9. En savoir plus maintenant.\" \/>\n<meta name=\"robots\" content=\"index, follow, max-snippet:-1, max-image-preview:large, max-video-preview:-1\" \/>\n<link rel=\"canonical\" href=\"https:\/\/leocare.eu\/fr\/assurance-auto-en-ligne\/sinistre\/reparations\/crevaison\/\" \/>\n<meta property=\"og:locale\" content=\"fr_FR\" \/>\n<meta property=\"og:type\" content=\"article\" \/>\n<meta property=\"og:title\" content=\"Pneu crev\u00e9 : quelle couverture par l\u2019assurance auto ?\" \/>\n<meta property=\"og:description\" content=\"Votre pneu crev\u00e9 est-il couvert par votre assurance auto? D\u00e9couvrez cela ici et assurez-vous d&#039;\u00eatre toujours prot\u00e9g\u00e9. En savoir plus maintenant.\" \/>\n<meta property=\"og:url\" content=\"https:\/\/leocare.eu\/fr\/assurance-auto-en-ligne\/sinistre\/reparations\/crevaison\/\" \/>\n<meta property=\"og:site_name\" content=\"Leocare, assurance en ligne automobile et habitation\" \/>\n<meta property=\"article:modified_time\" content=\"2026-04-07T14:46:38+00:00\" \/>\n<meta property=\"og:image\" content=\"https:\/\/leocare.eu\/fr\/wp-content\/uploads\/2022\/12\/Pneu-creve.jpg\" \/>\n\t<meta property=\"og:image:width\" content=\"1800\" \/>\n\t<meta property=\"og:image:height\" content=\"1200\" \/>\n\t<meta property=\"og:image:type\" content=\"image\/jpeg\" \/>\n<meta name=\"twitter:card\" content=\"summary_large_image\" \/>\n<meta name=\"twitter:label1\" content=\"Dur\u00e9e de lecture estim\u00e9e\" \/>\n\t<meta name=\"twitter:data1\" content=\"5 minutes\" \/>\n<!-- \/ Yoast SEO plugin. -->","yoast_head_json":{"title":"Pneu crev\u00e9 : quelle couverture par l\u2019assurance auto ?","description":"Votre pneu crev\u00e9 est-il couvert par votre assurance auto? D\u00e9couvrez cela ici et assurez-vous d'\u00eatre toujours prot\u00e9g\u00e9. En savoir plus maintenant.","robots":{"index":"index","follow":"follow","max-snippet":"max-snippet:-1","max-image-preview":"max-image-preview:large","max-video-preview":"max-video-preview:-1"},"canonical":"https:\/\/leocare.eu\/fr\/assurance-auto-en-ligne\/sinistre\/reparations\/crevaison\/","og_locale":"fr_FR","og_type":"article","og_title":"Pneu crev\u00e9 : quelle couverture par l\u2019assurance auto ?","og_description":"Votre pneu crev\u00e9 est-il couvert par votre assurance auto? D\u00e9couvrez cela ici et assurez-vous d'\u00eatre toujours prot\u00e9g\u00e9. En savoir plus maintenant.","og_url":"https:\/\/leocare.eu\/fr\/assurance-auto-en-ligne\/sinistre\/reparations\/crevaison\/","og_site_name":"Leocare, assurance en ligne automobile et habitation","article_modified_time":"2026-04-07T14:46:38+00:00","og_image":[{"width":1800,"height":1200,"url":"https:\/\/leocare.eu\/fr\/wp-content\/uploads\/2022\/12\/Pneu-creve.jpg","type":"image\/jpeg"}],"twitter_card":"summary_large_image","twitter_misc":{"Dur\u00e9e de lecture estim\u00e9e":"5 minutes"},"schema":{"@context":"https:\/\/schema.org","@graph":[{"@type":"WebPage","@id":"https:\/\/leocare.eu\/fr\/assurance-auto-en-ligne\/sinistre\/reparations\/crevaison\/","url":"https:\/\/leocare.eu\/fr\/assurance-auto-en-ligne\/sinistre\/reparations\/crevaison\/","name":"Pneu crev\u00e9 : quelle couverture par l\u2019assurance auto ?","isPartOf":{"@id":"https:\/\/leocare.eu\/fr\/#website"},"primaryImageOfPage":{"@id":"https:\/\/leocare.eu\/fr\/assurance-auto-en-ligne\/sinistre\/reparations\/crevaison\/#primaryimage"},"image":{"@id":"https:\/\/leocare.eu\/fr\/assurance-auto-en-ligne\/sinistre\/reparations\/crevaison\/#primaryimage"},"thumbnailUrl":"https:\/\/leocare.eu\/fr\/wp-content\/uploads\/2022\/12\/Pneu-creve.jpg","datePublished":"2023-01-06T16:05:38+00:00","dateModified":"2026-04-07T14:46:38+00:00","description":"Votre pneu crev\u00e9 est-il couvert par votre assurance auto? D\u00e9couvrez cela ici et assurez-vous d'\u00eatre toujours prot\u00e9g\u00e9. En savoir plus maintenant.","breadcrumb":{"@id":"https:\/\/leocare.eu\/fr\/assurance-auto-en-ligne\/sinistre\/reparations\/crevaison\/#breadcrumb"},"inLanguage":"fr-FR","potentialAction":[{"@type":"ReadAction","target":["https:\/\/leocare.eu\/fr\/assurance-auto-en-ligne\/sinistre\/reparations\/crevaison\/"]}]},{"@type":"ImageObject","inLanguage":"fr-FR","@id":"https:\/\/leocare.eu\/fr\/assurance-auto-en-ligne\/sinistre\/reparations\/crevaison\/#primaryimage","url":"https:\/\/leocare.eu\/fr\/wp-content\/uploads\/2022\/12\/Pneu-creve.jpg","contentUrl":"https:\/\/leocare.eu\/fr\/wp-content\/uploads\/2022\/12\/Pneu-creve.jpg","width":1800,"height":1200,"caption":"pneu crev\u00e9"},{"@type":"WebSite","@id":"https:\/\/leocare.eu\/fr\/#website","url":"https:\/\/leocare.eu\/fr\/","name":"Leocare, assurance en ligne automobile et habitation","description":"enfin (r)assur\u00e9.e","publisher":{"@id":"https:\/\/leocare.eu\/fr\/#organization"},"potentialAction":[{"@type":"SearchAction","target":{"@type":"EntryPoint","urlTemplate":"https:\/\/leocare.eu\/fr\/?s={search_term_string}"},"query-input":{"@type":"PropertyValueSpecification","valueRequired":true,"valueName":"search_term_string"}}],"inLanguage":"fr-FR"},{"@type":"Organization","@id":"https:\/\/leocare.eu\/fr\/#organization","name":"Leocare, assurance en ligne automobile et habitation","url":"https:\/\/leocare.eu\/fr\/","logo":{"@type":"ImageObject","inLanguage":"fr-FR","@id":"https:\/\/leocare.eu\/fr\/#\/schema\/logo\/image\/","url":"https:\/\/leocare.eu\/fr\/wp-content\/uploads\/2020\/03\/logo-leocare.svg","contentUrl":"https:\/\/leocare.eu\/fr\/wp-content\/uploads\/2020\/03\/logo-leocare.svg","caption":"Leocare, assurance en ligne automobile et habitation"},"image":{"@id":"https:\/\/leocare.eu\/fr\/#\/schema\/logo\/image\/"}}]}},"_links":{"self":[{"href":"https:\/\/leocare.eu\/fr\/wp-json\/wp\/v2\/pages\/12639","targetHints":{"allow":["GET"]}}],"collection":[{"href":"https:\/\/leocare.eu\/fr\/wp-json\/wp\/v2\/pages"}],"about":[{"href":"https:\/\/leocare.eu\/fr\/wp-json\/wp\/v2\/types\/page"}],"author":[{"embeddable":true,"href":"https:\/\/leocare.eu\/fr\/wp-json\/wp\/v2\/users\/34"}],"replies":[{"embeddable":true,"href":"https:\/\/leocare.eu\/fr\/wp-json\/wp\/v2\/comments?post=12639"}],"version-history":[{"count":21,"href":"https:\/\/leocare.eu\/fr\/wp-json\/wp\/v2\/pages\/12639\/revisions"}],"predecessor-version":[{"id":39857,"href":"https:\/\/leocare.eu\/fr\/wp-json\/wp\/v2\/pages\/12639\/revisions\/39857"}],"up":[{"embeddable":true,"href":"https:\/\/leocare.eu\/fr\/wp-json\/wp\/v2\/pages\/13894"}],"wp:featuredmedia":[{"embeddable":true,"href":"https:\/\/leocare.eu\/fr\/wp-json\/wp\/v2\/media\/10049"}],"wp:attachment":[{"href":"https:\/\/leocare.eu\/fr\/wp-json\/wp\/v2\/media?parent=12639"}],"curies":[{"name":"wp","href":"https:\/\/api.w.org\/{rel}","templated":true}]}}