{"id":12615,"date":"2023-01-06T16:53:37","date_gmt":"2023-01-06T15:53:37","guid":{"rendered":"https:\/\/leocare.eu\/fr\/?page_id=12615"},"modified":"2026-04-07T16:46:34","modified_gmt":"2026-04-07T14:46:34","slug":"climatisation","status":"publish","type":"page","link":"https:\/\/leocare.eu\/fr\/assurance-auto-en-ligne\/sinistre\/reparations\/climatisation\/","title":{"rendered":"R\u00e9paration clim auto : ce qu\u2019il faut faire en cas de panne de climatisation"},"content":{"rendered":"\n<p>\u00c0 une \u00e9poque o\u00f9 le mercure s\u2019affole facilement \ud83e\udd75, avoir une climatisation dans sa voiture est un soulagement. Pas tr\u00e8s \u00e9cologique, mais salutaire\u2026 La plupart des nouveaux mod\u00e8les de voiture en sont d\u2019ailleurs \u00e9quip\u00e9s. Pour les petits comme pour les longs trajets, la clim permet de profiter d\u2019un confort appr\u00e9ciable. Tellement m\u00eame, que lorsqu\u2019elle tombe en panne, c\u2019est panique \u00e0 bord \ud83d\ude13! Avec Leocare, vous n\u2019\u00eates pas seul. Des causes de panne les plus fr\u00e9quentes, au co\u00fbt d\u2019une r\u00e9paration de clim automobile, en passant par les prises en charge possibles\u2026 on vous dit tout !<\/p>\n\n\n\n<h2 class=\"wp-block-heading\" id=\"ancre1\">Qu\u2019est-ce que la climatisation automobile ?<\/h2>\n\n\n\n<p>La clim auto est un syst\u00e8me de refroidissement et d\u2019assainissement permettant d\u2019ajuster la temp\u00e9rature au sein de l\u2019habitacle. Coupl\u00e9e \u00e0 un syst\u00e8me de chauffage et de ventilation, elle peut \u00eatre :<\/p>\n\n\n\n<ul class=\"wp-block-list\">\n<li><strong>Manuelle<\/strong>&nbsp;: cette variante propose, en principe, une simple fonction de soufflerie et \u00e9quipe plut\u00f4t les petits v\u00e9hicules.<\/li>\n\n\n\n<li><strong>Automatique<\/strong>&nbsp;: multifonction, vous pouvez choisir la temp\u00e9rature souhait\u00e9e, modifier l\u2019orientation de l\u2019air et la puissance de ventilation, activer le d\u00e9sembuage des vitres\u2026<\/li>\n<\/ul>\n\n\n\n<div class=\"bon-a-savoir\">\n\n\n\n<p>\u00c0 noter : plusieurs versions \u00e9galement<\/p>\n\n\n\n<p>Certains syst\u00e8mes de climatisation auto scindent l\u2019habitacle en plusieurs zones distinctes (clim bizone, voire quadrizone). Conducteur et passagers peuvent ainsi r\u00e9gler la temp\u00e9rature souhait\u00e9e, individuellement.<\/p>\n\n\n\n<\/div>\n\n\n\n<p>Le fonctionnement d\u2019une clim auto est similaire \u00e0 celui d\u2019une clim classique. L\u2019air chaud produit par le moteur est tout d\u2019abord refroidi par un fluide ou gaz frigorig\u00e8ne. Comment ? Gr\u00e2ce \u00e0 diff\u00e9rents dispositifs, comme un compresseur rotatif, un condensateur, ou encore un \u00e9vaporateur. Enfin, l\u2019air rafra\u00eechi est souffl\u00e9 dans l\u2019habitacle, via les a\u00e9rateurs \u2744. Seulement, le syst\u00e8me peut dans certains cas s\u2019enrayer.&nbsp;<strong>Lors du dysfonctionnement de votre clim,&nbsp;<a href=\"https:\/\/leocare.eu\/fr\/assurance-auto-en-ligne\/sinistre\/reparations\/\">une r\u00e9paration auto<\/a>&nbsp;s\u2019impose \ud83d\udd27<\/strong>.<\/p>\n\n\n\n<h2 class=\"wp-block-heading\" id=\"ancre2\">L\u2019importance d\u2019un bon entretien<\/h2>\n\n\n\n<p>Qu\u2019on se le dise : rouler au frais par 30 \u00b0C \u00e0 l\u2019ombre, ce n\u2019est pas du luxe \ud83d\udd25. Alors, pour limiter le risque de panne, votre climatisation auto doit \u00eatre r\u00e9guli\u00e8rement entretenue. Cette op\u00e9ration est, en principe, effectu\u00e9e lors de la r\u00e9vision de votre v\u00e9hicule.<\/p>\n\n\n\n<p>S\u2019il se passe plus d\u2019un an entre deux r\u00e9visions, n\u2019attendez pas pour faire contr\u00f4ler et nettoyer le circuit. C\u2019est l\u2019occasion de renouveler le traitement antibact\u00e9rien du filtre d\u2019habitacle. Il est \u00e9galement&nbsp;<strong>recommand\u00e9 de recharger le fluide frigorig\u00e8ne, en moyenne tous les 2 ans<\/strong>. Tout d\u00e9pend \u00e9videmment de la fr\u00e9quence d\u2019utilisation de votre clim.<\/p>\n\n\n\n<h2 class=\"wp-block-heading\" id=\"ancre3\">Dans quels cas faire r\u00e9parer sa climatisation auto ?<\/h2>\n\n\n\n<p>Rep\u00e9rer un dysfonctionnement sur sa clim auto n\u2019est pas toujours \u00e9vident, mais certains signes peuvent vous alerter :<\/p>\n\n\n\n<ul class=\"wp-block-list\">\n<li><strong>Le manque d\u2019air froid<\/strong>. C\u2019est sans doute le signe le plus \u00e9vident. Le plus souvent, il s\u2019agit d\u2019un manque de fluide frigorig\u00e8ne.<\/li>\n\n\n\n<li><strong>Des bruits anormaux<\/strong>, du type vrombissement ou cliquetis. Le probl\u00e8me peut alors venir du compresseur.<\/li>\n\n\n\n<li><strong>Des odeurs d\u00e9sagr\u00e9ables<\/strong>. Elles peuvent indiquer une fuite de gaz r\u00e9frig\u00e9rant ou un filtre d\u00e9fectueux.<\/li>\n<\/ul>\n\n\n\n<p>La panne peut aussi \u00eatre li\u00e9e, par exemple, \u00e0 une obstruction du filtre de climatisation, \u00e0 une d\u00e9faillance du capteur de pression, de la poulie ou encore du condensateur.<\/p>\n\n\n\n<h2 class=\"wp-block-heading\" id=\"ancre4\">Comment faire r\u00e9parer sa climatisation auto ?<\/h2>\n\n\n\n<p>Une r\u00e9paration de clim voiture ne s\u2019improvise pas. Si vous ne poss\u00e9dez pas les comp\u00e9tences m\u00e9caniques suffisantes, mieux vaut passer par un professionnel. En clair, direction le garage ! Le m\u00e9canicien va proc\u00e9der \u00e0 un examen minutieux du syst\u00e8me de climatisation afin de trouver l\u2019origine exacte de la panne.<\/p>\n\n\n\n<h2 class=\"wp-block-heading\" id=\"ancre5\">Combien co\u00fbte la r\u00e9paration de la climatisation de sa voiture ?<\/h2>\n\n\n\n<p><strong>De quelques dizaines d\u2019euros \u00e0 plusieurs centaines d\u2019euros<\/strong>&nbsp;\ud83d\ude35\u2026 Les tarifs de r\u00e9paration de clim automobile sont tr\u00e8s variables. Ils d\u00e9pendent de la source du probl\u00e8me (des pi\u00e8ces plus ou moins on\u00e9reuses peuvent \u00eatre \u00e0 remplacer), mais aussi du tarif horaire pratiqu\u00e9 par le garage. En concession, ce dernier oscille entre 70 \u20ac et pr\u00e8s de 130 \u20ac, suivant les marques.<\/p>\n\n\n\n<p>Voici quelques exemples de prix, pour vous donner une id\u00e9e :<\/p>\n\n\n\n<ul class=\"wp-block-list\">\n<li>Recharge de gaz r\u00e9frig\u00e9rant : 20 \u20ac \u00e0 90 \u20ac.<\/li>\n\n\n\n<li>Remplacement du condensateur : 200 \u20ac \u00e0 400 \u20ac.<\/li>\n\n\n\n<li>Remplacement du compresseur de gaz : 500 \u20ac et plus.<\/li>\n<\/ul>\n\n\n\n<h2 class=\"wp-block-heading\" id=\"ancre6\">Quelles sont les prises en charge possibles \ud83e\udd14?<\/h2>\n\n\n\n<p>L\u2019assurance auto ne prend pas en charge les r\u00e9parations de climatiseurs automobiles. Inutile donc de chercher un garagiste agr\u00e9\u00e9. C\u2019est la premi\u00e8re chose \u00e0 savoir.<\/p>\n\n\n\n<div class=\"bon-a-savoir\">\n\n\n\n<p>Bon \u00e0 savoir : d\u00e9clarez vos sinistres en un \u00e9clair avec Leocare<\/p>\n\n\n\n<p>Cette d\u00e9marche est possible depuis notre app d\u00e9di\u00e9e ! Gr\u00e2ce \u00e0 son interface intuitive, effectuez votre d\u00e9claration sans vous prendre la t\u00eate et t\u00e9l\u00e9chargez instantan\u00e9ment vos photos et documents. Depuis notre app, suivez \u00e9galement votre dossier, et g\u00e9rez en un clic vos niveaux de garantie, pour chacune de vos couvertures (auto, moto, habitation, smartphone). Elle n\u2019est pas belle, la vie ?<\/p>\n\n\n\n<\/div>\n\n\n\n<p>En revanche, vous pouvez faire jouer la garantie constructeur ou les garanties l\u00e9gales.<\/p>\n\n\n\n<h3 class=\"wp-block-heading\">La garantie constructeur<\/h3>\n\n\n\n<p>Cette assurance commerciale facultative couvre la plupart des pi\u00e8ces auto. Elle court au minimum sur 2 ans, parfois plus, en fonction des marques. Au moment d\u2019acheter votre auto, vous pouvez aussi opter pour une extension de garantie, dans la limite de 3 ans (soit 5 ans de garantie au total). Les r\u00e9parations de clim auto peuvent \u00eatre incluses dans cette fameuse garantie. Pour en avoir le c\u0153ur net, \u00e9pluchez votre contrat.<\/p>\n\n\n\n<h3 class=\"wp-block-heading\">Les garanties l\u00e9gales<\/h3>\n\n\n\n<p>Ces garanties englobent la garantie l\u00e9gale de conformit\u00e9 et la garantie des vices cach\u00e9s. Elles vous couvrent contre les d\u00e9fauts existant avant achat, et ce, durant les 2 ann\u00e9es suivant l\u2019acquisition de votre auto neuve ou d\u2019occasion. Si vous d\u00e9tectez une d\u00e9faillance sur votre clim durant ce laps de temps,&nbsp;<strong>ces garanties vous permettent de vous retourner contre le vendeur pour obtenir r\u00e9paration<\/strong>.<\/p>\n\n\n\n<p>Avec Leocare, faites le choix d\u2019une assurance auto couvrante, sans avoir \u00e0 payer le prix fort. La formule au tiers, accessible d\u00e8s <span class=\"change-price\">16<\/span> \u20ac par mois, inclut d\u2019office l\u2019assistance 0 km et la garantie corporelle du conducteur \ud83d\ude00. En tous risques, b\u00e9n\u00e9ficiez de la garantie valeur \u00e0 neuf sur 12, 24 ou 36 mois. Sinon, il y a la formule interm\u00e9diaire (tiers +). Pour trouver celle dont vous avez besoin et obtenir un devis, rendez-vous sur notre site web !<\/p>\n","protected":false},"excerpt":{"rendered":"<p>\u00c0 une \u00e9poque o\u00f9 le mercure s\u2019affole facilement \ud83e\udd75, avoir une climatisation dans sa voiture est un soulagement. Pas tr\u00e8s \u00e9cologique, mais salutaire\u2026 La plupart des nouveaux mod\u00e8les de voiture en sont d\u2019ailleurs \u00e9quip\u00e9s. Pour les petits comme pour les longs trajets, la clim permet de profiter d\u2019un confort appr\u00e9ciable. Tellement m\u00eame, que lorsqu\u2019elle tombe [&hellip;]<\/p>\n","protected":false},"author":34,"featured_media":9939,"parent":13894,"menu_order":0,"comment_status":"closed","ping_status":"closed","template":"template_seo.php","meta":{"_acf_changed":false,"footnotes":""},"class_list":["post-12615","page","type-page","status-publish","has-post-thumbnail","hentry"],"acf":[],"yoast_head":"<!-- This site is optimized with the Yoast SEO plugin v27.3 - https:\/\/yoast.com\/product\/yoast-seo-wordpress\/ -->\n<title>R\u00e9paration de clim automobile : que faire en cas de panne ?<\/title>\n<meta name=\"description\" content=\"D\u00e9couvrez nos conseils pour r\u00e9parer votre clim auto en cas de panne. Agissez rapidement pour un confort optimal. Cliquez ici pour plus d&#039;informations.\" \/>\n<meta name=\"robots\" content=\"index, follow, max-snippet:-1, max-image-preview:large, max-video-preview:-1\" \/>\n<link rel=\"canonical\" href=\"https:\/\/leocare.eu\/fr\/assurance-auto-en-ligne\/sinistre\/reparations\/climatisation\/\" \/>\n<meta property=\"og:locale\" content=\"fr_FR\" \/>\n<meta property=\"og:type\" content=\"article\" \/>\n<meta property=\"og:title\" content=\"R\u00e9paration de clim automobile : que faire en cas de panne ?\" \/>\n<meta property=\"og:description\" content=\"D\u00e9couvrez nos conseils pour r\u00e9parer votre clim auto en cas de panne. Agissez rapidement pour un confort optimal. Cliquez ici pour plus d&#039;informations.\" \/>\n<meta property=\"og:url\" content=\"https:\/\/leocare.eu\/fr\/assurance-auto-en-ligne\/sinistre\/reparations\/climatisation\/\" \/>\n<meta property=\"og:site_name\" content=\"Leocare, assurance en ligne automobile et habitation\" \/>\n<meta property=\"article:modified_time\" content=\"2026-04-07T14:46:34+00:00\" \/>\n<meta property=\"og:image\" content=\"https:\/\/leocare.eu\/fr\/wp-content\/uploads\/2022\/12\/assurance-climatisation.jpg\" \/>\n\t<meta property=\"og:image:width\" content=\"1800\" \/>\n\t<meta property=\"og:image:height\" content=\"1200\" \/>\n\t<meta property=\"og:image:type\" content=\"image\/jpeg\" \/>\n<meta name=\"twitter:card\" content=\"summary_large_image\" \/>\n<meta name=\"twitter:label1\" content=\"Dur\u00e9e de lecture estim\u00e9e\" \/>\n\t<meta name=\"twitter:data1\" content=\"5 minutes\" \/>\n<!-- \/ Yoast SEO plugin. -->","yoast_head_json":{"title":"R\u00e9paration de clim automobile : que faire en cas de panne ?","description":"D\u00e9couvrez nos conseils pour r\u00e9parer votre clim auto en cas de panne. Agissez rapidement pour un confort optimal. Cliquez ici pour plus d'informations.","robots":{"index":"index","follow":"follow","max-snippet":"max-snippet:-1","max-image-preview":"max-image-preview:large","max-video-preview":"max-video-preview:-1"},"canonical":"https:\/\/leocare.eu\/fr\/assurance-auto-en-ligne\/sinistre\/reparations\/climatisation\/","og_locale":"fr_FR","og_type":"article","og_title":"R\u00e9paration de clim automobile : que faire en cas de panne ?","og_description":"D\u00e9couvrez nos conseils pour r\u00e9parer votre clim auto en cas de panne. Agissez rapidement pour un confort optimal. Cliquez ici pour plus d'informations.","og_url":"https:\/\/leocare.eu\/fr\/assurance-auto-en-ligne\/sinistre\/reparations\/climatisation\/","og_site_name":"Leocare, assurance en ligne automobile et habitation","article_modified_time":"2026-04-07T14:46:34+00:00","og_image":[{"width":1800,"height":1200,"url":"https:\/\/leocare.eu\/fr\/wp-content\/uploads\/2022\/12\/assurance-climatisation.jpg","type":"image\/jpeg"}],"twitter_card":"summary_large_image","twitter_misc":{"Dur\u00e9e de lecture estim\u00e9e":"5 minutes"},"schema":{"@context":"https:\/\/schema.org","@graph":[{"@type":"WebPage","@id":"https:\/\/leocare.eu\/fr\/assurance-auto-en-ligne\/sinistre\/reparations\/climatisation\/","url":"https:\/\/leocare.eu\/fr\/assurance-auto-en-ligne\/sinistre\/reparations\/climatisation\/","name":"R\u00e9paration de clim automobile : que faire en cas de panne ?","isPartOf":{"@id":"https:\/\/leocare.eu\/fr\/#website"},"primaryImageOfPage":{"@id":"https:\/\/leocare.eu\/fr\/assurance-auto-en-ligne\/sinistre\/reparations\/climatisation\/#primaryimage"},"image":{"@id":"https:\/\/leocare.eu\/fr\/assurance-auto-en-ligne\/sinistre\/reparations\/climatisation\/#primaryimage"},"thumbnailUrl":"https:\/\/leocare.eu\/fr\/wp-content\/uploads\/2022\/12\/assurance-climatisation.jpg","datePublished":"2023-01-06T15:53:37+00:00","dateModified":"2026-04-07T14:46:34+00:00","description":"D\u00e9couvrez nos conseils pour r\u00e9parer votre clim auto en cas de panne. Agissez rapidement pour un confort optimal. Cliquez ici pour plus d'informations.","breadcrumb":{"@id":"https:\/\/leocare.eu\/fr\/assurance-auto-en-ligne\/sinistre\/reparations\/climatisation\/#breadcrumb"},"inLanguage":"fr-FR","potentialAction":[{"@type":"ReadAction","target":["https:\/\/leocare.eu\/fr\/assurance-auto-en-ligne\/sinistre\/reparations\/climatisation\/"]}]},{"@type":"ImageObject","inLanguage":"fr-FR","@id":"https:\/\/leocare.eu\/fr\/assurance-auto-en-ligne\/sinistre\/reparations\/climatisation\/#primaryimage","url":"https:\/\/leocare.eu\/fr\/wp-content\/uploads\/2022\/12\/assurance-climatisation.jpg","contentUrl":"https:\/\/leocare.eu\/fr\/wp-content\/uploads\/2022\/12\/assurance-climatisation.jpg","width":1800,"height":1200,"caption":"Assurance Climatisation"},{"@type":"WebSite","@id":"https:\/\/leocare.eu\/fr\/#website","url":"https:\/\/leocare.eu\/fr\/","name":"Leocare, assurance en ligne automobile et habitation","description":"enfin (r)assur\u00e9.e","publisher":{"@id":"https:\/\/leocare.eu\/fr\/#organization"},"potentialAction":[{"@type":"SearchAction","target":{"@type":"EntryPoint","urlTemplate":"https:\/\/leocare.eu\/fr\/?s={search_term_string}"},"query-input":{"@type":"PropertyValueSpecification","valueRequired":true,"valueName":"search_term_string"}}],"inLanguage":"fr-FR"},{"@type":"Organization","@id":"https:\/\/leocare.eu\/fr\/#organization","name":"Leocare, assurance en ligne automobile et habitation","url":"https:\/\/leocare.eu\/fr\/","logo":{"@type":"ImageObject","inLanguage":"fr-FR","@id":"https:\/\/leocare.eu\/fr\/#\/schema\/logo\/image\/","url":"https:\/\/leocare.eu\/fr\/wp-content\/uploads\/2020\/03\/logo-leocare.svg","contentUrl":"https:\/\/leocare.eu\/fr\/wp-content\/uploads\/2020\/03\/logo-leocare.svg","caption":"Leocare, assurance en ligne automobile et habitation"},"image":{"@id":"https:\/\/leocare.eu\/fr\/#\/schema\/logo\/image\/"}}]}},"_links":{"self":[{"href":"https:\/\/leocare.eu\/fr\/wp-json\/wp\/v2\/pages\/12615","targetHints":{"allow":["GET"]}}],"collection":[{"href":"https:\/\/leocare.eu\/fr\/wp-json\/wp\/v2\/pages"}],"about":[{"href":"https:\/\/leocare.eu\/fr\/wp-json\/wp\/v2\/types\/page"}],"author":[{"embeddable":true,"href":"https:\/\/leocare.eu\/fr\/wp-json\/wp\/v2\/users\/34"}],"replies":[{"embeddable":true,"href":"https:\/\/leocare.eu\/fr\/wp-json\/wp\/v2\/comments?post=12615"}],"version-history":[{"count":20,"href":"https:\/\/leocare.eu\/fr\/wp-json\/wp\/v2\/pages\/12615\/revisions"}],"predecessor-version":[{"id":39858,"href":"https:\/\/leocare.eu\/fr\/wp-json\/wp\/v2\/pages\/12615\/revisions\/39858"}],"up":[{"embeddable":true,"href":"https:\/\/leocare.eu\/fr\/wp-json\/wp\/v2\/pages\/13894"}],"wp:featuredmedia":[{"embeddable":true,"href":"https:\/\/leocare.eu\/fr\/wp-json\/wp\/v2\/media\/9939"}],"wp:attachment":[{"href":"https:\/\/leocare.eu\/fr\/wp-json\/wp\/v2\/media?parent=12615"}],"curies":[{"name":"wp","href":"https:\/\/api.w.org\/{rel}","templated":true}]}}