{"id":12614,"date":"2023-01-06T16:52:21","date_gmt":"2023-01-06T15:52:21","guid":{"rendered":"https:\/\/leocare.eu\/fr\/?page_id=12614"},"modified":"2026-04-07T16:46:33","modified_gmt":"2026-04-07T14:46:33","slug":"puissantes","status":"publish","type":"page","link":"https:\/\/leocare.eu\/fr\/assurance-auto-en-ligne\/couverture\/formules\/specifiques\/tout-conducteur\/jeune-conducteur\/voitures-a-eviter\/puissantes\/","title":{"rendered":"Tout savoir sur l\u2019assurance jeune conducteur d\u2019une voiture puissante"},"content":{"rendered":"\n<p>Vous avez obtenu votre permis de conduire ? Comme certains jeunes conducteurs, vous r\u00eavez d\u2019acheter une voiture puissante ? Prix d\u2019achat, choix de l\u2019assureur\u2026 souscrire une assurance auto pour ce type de v\u00e9hicule n\u2019est pas toujours facile. La n\u00e9o-assurance Leocare vous explique comment assurer une voiture puissante en tant que jeune conducteur.<\/p>\n\n\n\n<h2 class=\"wp-block-heading\" id=\"section-1-comment-assurer-une-voiture-puissante-lorsque-lon-est-un-jeu\"><strong>Comment assurer une voiture puissante lorsque l\u2019on est un jeune conducteur ?<\/strong><\/h2>\n\n\n\n<p>\u00c0 cause de leurs sp\u00e9cificit\u00e9s, une grosse cylindr\u00e9e est plus ch\u00e8re \u00e0 assurer pour un conducteur novice. Et ce type de v\u00e9hicule peut freiner les assureurs. Si c\u2019est votre premi\u00e8re assurance auto jeune conducteur pour une voiture puissante, ils peuvent m\u00eame refuser de l\u2019assurer. Vous l\u2019aurez compris, il s\u2019agit, id\u00e9alement, d\u2019<strong><a href=\"https:\/\/leocare.eu\/fr\/assurance-auto-en-ligne\/couverture\/formules\/specifiques\/tout-conducteur\/jeune-conducteur\/voitures-a-eviter\/\">une cat\u00e9gorie de voiture \u00e0 \u00e9viter pour un jeune conducteur<\/a><\/strong>, notamment du fait de la puissance fiscale pour un jeune conducteur, qu\u2019elle repr\u00e9sente (ou nombre de chevaux fiscaux).<\/p>\n\n\n\n<p>N\u2019oubliez pas, par ailleurs, que pendant les 3 premi\u00e8res ann\u00e9es apr\u00e8s l\u2019obtention de votre permis, une surprime s\u2019applique \u00e0 votre contrat. Elle vient, elle aussi, gonfler le prix de votre&nbsp;assurance&nbsp;automobile jeunes conducteurs.<\/p>\n\n\n\n<p>Car oui, avant m\u00eame de parler de type de voiture, une&nbsp;<a href=\"https:\/\/leocare.eu\/fr\/assurance-auto-en-ligne\/couverture\/formules\/specifiques\/tout-conducteur\/jeune-conducteur\/\"><strong>assurance auto pour jeune conducteur<\/strong><\/a>&nbsp;est g\u00e9n\u00e9ralement plus \u00e9lev\u00e9e que pour les conducteurs exp\u00e9riment\u00e9s, m\u00eame une&nbsp;assurance au tiers. Pour les&nbsp;compagnies d\u2019assurances, les&nbsp;conducteurs novices&nbsp;pr\u00e9sentent plus de risques, car ils sont plus susceptibles d\u2019\u00eatre impliqu\u00e9s dans&nbsp; un&nbsp;accident.<\/p>\n\n\n\n<div class=\"bon-a-savoir\">\n\n\n\n<p>Bon \u00e0 savoir :<\/p>\n\n\n\n<p>Avant de choisir votre formule d\u2019assurance automobile, savez-vous ce qu\u2019est la&nbsp;<a href=\"https:\/\/leocare.eu\/fr\/blog\/surprime-jeunes-conducteurs-assurance\/\">surprime jeune conducteur<\/a>&nbsp;? Les&nbsp;compagnies&nbsp;l\u2019ajoutent d\u2019office pour les&nbsp;jeunes conducteurs. Il existe toutefois des moyens pour obtenir le meilleur tarif d\u2019assurance auto jeune conducteur. Par exemple, pour les&nbsp;conducteurs&nbsp;ayant suivi une formation traditionnelle, les&nbsp;compagnies&nbsp;appliquent une surprime de 100 % contre 50 % pour la conduite accompagn\u00e9e. Et sans&nbsp;accident&nbsp;responsable \u00e0 votre actif, votre surprime sera divis\u00e9e par 2 chaque ann\u00e9e. Une bonne raison pour bichonner votre&nbsp;malus.<\/p>\n\n\n\n<\/div>\n\n\n\n<h2 class=\"wp-block-heading\" id=\"section-2-pourquoi-est-il-plus-cher-dassurer-une-voiture-puissante-\"><strong>Pourquoi est-il plus cher d\u2019assurer une voiture puissante \ud83d\udcb0 ?<\/strong><\/h2>\n\n\n\n<p>Un v\u00e9hicule est consid\u00e9r\u00e9 comme puissant, par les assureurs, s\u2019il d\u00e9passe les 6 CV. Vous vous demandez pourquoi l\u2019assurance des jeunes automobilistes pour une voiture puissante est plus ch\u00e8re ? Nous vous l\u2019expliquons juste apr\u00e8s\u2026<\/p>\n\n\n\n<h3 class=\"wp-block-heading\"><strong>Dangers associ\u00e9s aux v\u00e9hicules puissants<\/strong><\/h3>\n\n\n\n<p>En r\u00e8gle g\u00e9n\u00e9rale, ces v\u00e9hicules sont associ\u00e9s \u00e0 une hausse des risques de sinistre \ud83d\udcc8. Ces derniers sont li\u00e9s \u00e0 leurs performances sup\u00e9rieures \u00e0 celles des autres v\u00e9hicules. Parmi les risques les plus importants, figurent :<\/p>\n\n\n\n<ul class=\"wp-block-list\">\n<li>Les collisions, dont les dommages peuvent \u00eatre augment\u00e9s \u00e0 cause de la vitesse.<\/li>\n\n\n\n<li>Les vols ou d\u00e9gradations, plus fr\u00e9quents.<\/li>\n<\/ul>\n\n\n\n<p>L\u2019ensemble de ces dangers se r\u00e9percutent sur le prix de l\u2019assurance auto pour un jeune conducteur d\u2019une voiture puissante.<\/p>\n\n\n\n<p>Avec ce genre de v\u00e9hicule, les&nbsp;conducteurs novices&nbsp;peuvent avoir des difficult\u00e9s \u00e0 trouver un assureur, m\u00eame si le Code des&nbsp;assurances&nbsp;n\u2019indique pas de<strong><a href=\"https:\/\/leocare.eu\/fr\/assurance-auto-en-ligne\/couverture\/formules\/specifiques\/tout-conducteur\/jeune-conducteur\/voitures-a-eviter\/puissantes\/fiscale\/\">&nbsp;limite de puissance fiscale pour un jeune conducteur<\/a><\/strong>. Car, comme ce type de v\u00e9hicule, les&nbsp;jeunes conducteurs&nbsp;repr\u00e9sentent un risque d\u2019accident&nbsp;\u00e9lev\u00e9, ce qui peut dissuader les&nbsp;compagnies&nbsp;d\u2019assurance automobile. Deux solutions possibles :<\/p>\n\n\n\n<ul class=\"wp-block-list\">\n<li>Revoir la couverture \u00e0 la baisse : l\u2019assurance au tiers&nbsp;est la plus abordable, mais pas forc\u00e9ment conseill\u00e9e. L\u2019assurance tiers&nbsp;Plus semble donc le meilleur compromis pour les&nbsp;conducteurs&nbsp;novices.&nbsp;<\/li>\n\n\n\n<li>B\u00e9n\u00e9ficier du coefficient de bonus-malus&nbsp;de vos parents en devenant conducteur secondaire.&nbsp;<\/li>\n<\/ul>\n\n\n\n<h3 class=\"wp-block-heading\"><strong>Calcul du montant de l\u2019assurance<\/strong><\/h3>\n\n\n\n<p>La cotisation de votre contrat d\u2019assurance auto est calcul\u00e9e sur la m\u00eame base que pour les autres types de v\u00e9hicules. Ces crit\u00e8res ont un impact important sur le tarif :<\/p>\n\n\n\n<ul class=\"wp-block-list\">\n<li>La valeur du v\u00e9hicule, d\u00e9termin\u00e9e selon la marque, le mod\u00e8le, la puissance, etc.<\/li>\n\n\n\n<li>L\u2019usage que vous en avez : trajets au quotidien, comp\u00e9titions sur circuit, etc.<\/li>\n\n\n\n<li>Le lieu o\u00f9 vous habitez \ud83c\udfe1.<\/li>\n\n\n\n<li>Votre \u00e2ge, le calcul du bonus-malus&nbsp;(il baisse de 5 % tous les ans sauf en cas d\u2019accident responsable), vos ant\u00e9c\u00e9dents de conduite&nbsp;(pas d\u2019accident&nbsp;responsable), etc.<\/li>\n<\/ul>\n\n\n\n<p id=\"ancre2\">Vous venez d\u2019obtenir votre permis et vous souhaitez souscrire une&nbsp;assurance automobile&nbsp;? On vous dit tout ce que vous devez savoir pour&nbsp;<strong><a href=\"https:\/\/leocare.eu\/fr\/assurance-auto-en-ligne\/couverture\/formules\/specifiques\/tout-conducteur\/jeune-conducteur\/\">assurer un jeune conducteur<\/a><\/strong>. Pour un premier contrat individuel, vous pourrez choisir entre l\u2019assurance au tiers, l\u2019assurance tiers plus&nbsp;ou la tous risques. N\u2019oubliez pas que, pour toutes les&nbsp;compagnies d\u2019assurance, votre statut de jeune conducteur vous expose \u00e0 une surprime.<\/p>\n\n\n\n<div class=\"bon-a-savoir\">\n\n\n\n<p>Bon \u00e0 savoir : L&#8217;assurance tiers plus ou assurance au tiers \u00e9tendu, quelle est la diff\u00e9rence ?<\/p>\n\n\n\n<p>Conducteurs&nbsp;confirm\u00e9s ou&nbsp;jeunes conducteurs, l\u2019assurance au tiers&nbsp;est le minimum obligatoire dans un contrat d\u2019assurance automobile. Cette garantie responsabilit\u00e9 civile couvre les dommages caus\u00e9s par votre voiture aux autres usagers. Mais pas les v\u00f4tres en cas d\u2019accident&nbsp;responsable. Avec le tiers \u00e9tendu, vous b\u00e9n\u00e9ficiez d\u2019une meilleure couverture et votre&nbsp;compagnie&nbsp;d\u2019assurance peut m\u00eame vous proposer des garanties compl\u00e9mentaires en fonction de votre budget.<\/p>\n\n\n\n<\/div>\n\n\n\n<h2 class=\"wp-block-heading\" id=\"section-3-pourquoi-souscrire-une-assurance-pour-une-voiture-puissante-\"><strong>Pourquoi souscrire une assurance pour une voiture puissante jeune conducteur ?<\/strong><\/h2>\n\n\n\n<p>L\u2019assurance auto est obligatoire pour l\u2019ensemble des propri\u00e9taires de v\u00e9hicules. Si vous n\u2019en souscrivez pas une, vous vous exposez \u00e0 une amende pouvant aller jusqu\u2019\u00e0 3 750 \u20ac. Vous recherchez une assurance auto pas ch\u00e8re pour votre voiture puissante ? La premi\u00e8re chose \u00e0 faire est de comparer et d&#8217;<a href=\"https:\/\/leocare.eu\/fr\/assurance-auto-en-ligne\/devis\/tarifs\/\">obtenir un devis d&#8217;assurance auto<\/a> pour trouver le meilleur prix.<\/p>\n\n\n\n<h2 class=\"wp-block-heading\" id=\"section-4-voiture-puissante-et-assurance-auto-pour-jeune-conducteur-co\"><strong>Voiture puissante et assurance auto pour jeune conducteur : comment payer moins cher ?<\/strong><\/h2>\n\n\n\n<p>Envie de savoir comment faire baisser le montant de l\u2019assurance auto pour un jeune conducteur d\u2019une voiture puissante ? D\u00e9couvrez nos astuces :<\/p>\n\n\n\n<ul class=\"wp-block-list\">\n<li>Suivre la conduite accompagn\u00e9e. Si vous optez pour cette formation, votre surprime d\u2019assurance auto jeune conducteur pour une voiture puissante est divis\u00e9e par deux. La 1re ann\u00e9e, elle est de 50 %, au lieu de 100 % pour une formation traditionnelle. Au bout de la 3e ann\u00e9e sans accidents de voiture responsables, elle est totalement supprim\u00e9e.<\/li>\n\n\n\n<li>Pr\u00e9f\u00e9rer les voitures d\u2019occasion. M\u00eame s\u2019il est toujours plus agr\u00e9able d\u2019acheter une voiture neuve, <a href=\"https:\/\/leocare.eu\/fr\/assurance-auto-en-ligne\/types-vehicule\/neuf\/\">une assurance pour un v\u00e9hicule neuf<\/a> co\u00fbte plus cher qu&#8217;une assurance pour un v\u00e9hicule d&#8217;occasion. Vous vous demandez comment assurer une voiture d\u2019occasion ? En acqu\u00e9rant ce type de v\u00e9hicule plut\u00f4t qu\u2019un neuf, vous b\u00e9n\u00e9ficiez de tarifs plus attractifs. En plus, vous profitez d\u2019un prix d\u2019assurance auto plus bas \ud83d\udcc9. C\u2019est pareil pour la surprime. Elle est moins \u00e9lev\u00e9e pour une voiture d\u2019occasion.<\/li>\n\n\n\n<li>Choisir avec soin vos garanties. Certaines d\u2019entre elles vous permettent de diminuer le montant de votre prime d\u2019assurance auto. Si vous \u00eates propri\u00e9taire d\u2019une voiture puissante, nous vous conseillons de souscrire une assurance voiture sportive adapt\u00e9e. Elle doit couvrir les d\u00e9g\u00e2ts subis par le v\u00e9hicule \u00e0 la suite d\u2019un accident responsable. Ce n\u2019est, par exemple, pas le cas pour une assurance au tiers\u2026 Si vous optez pour une assurance auto interm\u00e9diaire ou Tiers Plus chez Leocare, s\u00e9lectionnez les garanties compl\u00e9mentaires dont vous avez r\u00e9ellement besoin : assurance vol voiture, assurance parking, etc. Pour \u00eatre bien prot\u00e9g\u00e9, le mieux reste \u00e9videmment de souscrire une assurance tous risques \ud83d\ude0a.<\/li>\n\n\n\n<li>Opter pour une assurance voiture puissante au kilom\u00e8tre (km). Vous roulez peu au cours de l\u2019ann\u00e9e ? N\u2019h\u00e9sitez pas \u00e0 souscrire ce type d\u2019assurance auto tr\u00e8s avantageux pour les petits conducteurs.<\/li>\n\n\n\n<li>Faire monter le montant de votre franchise assurance auto. Si vous adoptez une conduite prudente, c\u2019est un excellent moyen de r\u00e9duire le montant de votre cotisation \ud83d\ude09. Sur l\u2019appli Leocare, changez vos formules, franchises et garanties assurance auto \u00e0 tout moment, en quelques clics.<\/li>\n\n\n\n<li>Souscrire une&nbsp;assurance automobile<strong>&nbsp;<a href=\"https:\/\/leocare.eu\/fr\/assurance-auto-en-ligne\/couverture\/formules\/specifiques\/au-km\/auto-connectee\/phyd\/\">Pay How You Drive<\/a><\/strong>&nbsp;aupr\u00e8s d\u2019une&nbsp;compagnie&nbsp;sp\u00e9cialis\u00e9e. Cette assurance connect\u00e9e permet aux bons&nbsp;conducteurs&nbsp;de b\u00e9n\u00e9ficier de&nbsp;cotisations&nbsp;sur-mesure, en fonction de leur conduite. Si peu de&nbsp;compagnies d\u2019assurance&nbsp;proposent ces formules en France, elles pourraient bient\u00f4t convaincre bon nombre d\u2019automobilistes, et notamment les&nbsp;jeunes conducteurs&nbsp;!<\/li>\n\n\n\n<li>S\u2019ajouter en tant que conducteur secondaire sur le contrat de l\u2019un de vos proches (parents, conjoint, etc.) L\u2019assurance auto conducteur secondaire est id\u00e9ale si vous avez l\u2019habitude de conduire r\u00e9guli\u00e8rement. Si vous roulez tr\u00e8s peu, il est important de conna\u00eetre le principe du conducteur occasionnel bonus-malus. En cas d\u2019accident&nbsp;ou de dommages, c\u2019est le coefficient du conducteur principal qui est impact\u00e9.<\/li>\n<\/ul>\n\n\n\n<div class=\"bon-a-savoir\">\n\n\n\n<p>Bon \u00e0 savoir : Ma\u00eetriser son budget assurance automobile quand on est \u00e9tudiant.<\/p>\n\n\n\n<p>La plupart des&nbsp;compagnies d\u2019assurance&nbsp;consid\u00e8rent les \u00e9tudiants comme de&nbsp;jeunes conducteurs, avec les&nbsp;cotisations&nbsp;et la surprime qui vont avec. Alors, comment bien&nbsp;<strong><a href=\"https:\/\/leocare.eu\/fr\/assurance-auto-en-ligne\/couverture\/formules\/specifiques\/tout-conducteur\/jeune-conducteur\/etudiant\/\">choisir son assurance auto \u00e9tudiant<\/a><\/strong>&nbsp;et faire des \u00e9conomies\u2009? D\u00e9j\u00e0, sachez que certaines&nbsp;compagnies&nbsp;d\u2019assurances&nbsp;peuvent proposer des minorations de la surprime d\u2019assurance jeune conducteur&nbsp;! Alors n\u2019h\u00e9sitez pas \u00e0 utiliser un&nbsp;comparateur d\u2019assurances&nbsp;et \u00e0 faire jouer la concurrence. L\u2019autre solution, si vous conduisez peu, est de d\u00e9marrer avec une&nbsp;assurance conducteur&nbsp;secondaire plut\u00f4t que de souscrire directement une&nbsp;assurance auto jeune conducteur.&nbsp;<\/p>\n\n\n\n<\/div>\n","protected":false},"excerpt":{"rendered":"<p>Vous avez obtenu votre permis de conduire ? Comme certains jeunes conducteurs, vous r\u00eavez d\u2019acheter une voiture puissante ? Prix d\u2019achat, choix de l\u2019assureur\u2026 souscrire une assurance auto pour ce type de v\u00e9hicule n\u2019est pas toujours facile. La n\u00e9o-assurance Leocare vous explique comment assurer une voiture puissante en tant que jeune conducteur. Comment assurer une [&hellip;]<\/p>\n","protected":false},"author":34,"featured_media":9947,"parent":12557,"menu_order":0,"comment_status":"closed","ping_status":"closed","template":"template_seo.php","meta":{"_acf_changed":false,"footnotes":""},"class_list":["post-12614","page","type-page","status-publish","has-post-thumbnail","hentry"],"acf":[],"yoast_head":"<!-- This site is optimized with the Yoast SEO plugin v27.3 - https:\/\/yoast.com\/product\/yoast-seo-wordpress\/ -->\n<title>Assurance jeune conducteur d&#039;une voiture puissante<\/title>\n<meta name=\"description\" content=\"Naviguez parmi nos offres d&#039;assurance pour jeune conducteur de voiture puissante. Adapt\u00e9e \u00e0 vos besoins, nos offres sont personnalisables. Comparez et obtenez un devis gratuit maintenant.\" \/>\n<meta name=\"robots\" content=\"index, follow, max-snippet:-1, max-image-preview:large, max-video-preview:-1\" \/>\n<link rel=\"canonical\" href=\"https:\/\/leocare.eu\/fr\/assurance-auto-en-ligne\/couverture\/formules\/specifiques\/tout-conducteur\/jeune-conducteur\/voitures-a-eviter\/puissantes\/\" \/>\n<meta property=\"og:locale\" content=\"fr_FR\" \/>\n<meta property=\"og:type\" content=\"article\" \/>\n<meta property=\"og:title\" content=\"Assurance jeune conducteur d&#039;une voiture puissante\" \/>\n<meta property=\"og:description\" content=\"Naviguez parmi nos offres d&#039;assurance pour jeune conducteur de voiture puissante. Adapt\u00e9e \u00e0 vos besoins, nos offres sont personnalisables. Comparez et obtenez un devis gratuit maintenant.\" \/>\n<meta property=\"og:url\" content=\"https:\/\/leocare.eu\/fr\/assurance-auto-en-ligne\/couverture\/formules\/specifiques\/tout-conducteur\/jeune-conducteur\/voitures-a-eviter\/puissantes\/\" \/>\n<meta property=\"og:site_name\" content=\"Leocare, assurance en ligne automobile et habitation\" \/>\n<meta property=\"article:modified_time\" content=\"2026-04-07T14:46:33+00:00\" \/>\n<meta property=\"og:image\" content=\"https:\/\/leocare.eu\/fr\/wp-content\/uploads\/2022\/12\/assurance-jeune-voiture-puissante.jpg\" \/>\n\t<meta property=\"og:image:width\" content=\"1800\" \/>\n\t<meta property=\"og:image:height\" content=\"1200\" \/>\n\t<meta property=\"og:image:type\" content=\"image\/jpeg\" \/>\n<meta name=\"twitter:card\" content=\"summary_large_image\" \/>\n<meta name=\"twitter:label1\" content=\"Est. reading time\" \/>\n\t<meta name=\"twitter:data1\" content=\"8 minutes\" \/>\n<!-- \/ Yoast SEO plugin. -->","yoast_head_json":{"title":"Assurance jeune conducteur d'une voiture puissante","description":"Naviguez parmi nos offres d'assurance pour jeune conducteur de voiture puissante. Adapt\u00e9e \u00e0 vos besoins, nos offres sont personnalisables. Comparez et obtenez un devis gratuit maintenant.","robots":{"index":"index","follow":"follow","max-snippet":"max-snippet:-1","max-image-preview":"max-image-preview:large","max-video-preview":"max-video-preview:-1"},"canonical":"https:\/\/leocare.eu\/fr\/assurance-auto-en-ligne\/couverture\/formules\/specifiques\/tout-conducteur\/jeune-conducteur\/voitures-a-eviter\/puissantes\/","og_locale":"fr_FR","og_type":"article","og_title":"Assurance jeune conducteur d'une voiture puissante","og_description":"Naviguez parmi nos offres d'assurance pour jeune conducteur de voiture puissante. Adapt\u00e9e \u00e0 vos besoins, nos offres sont personnalisables. Comparez et obtenez un devis gratuit maintenant.","og_url":"https:\/\/leocare.eu\/fr\/assurance-auto-en-ligne\/couverture\/formules\/specifiques\/tout-conducteur\/jeune-conducteur\/voitures-a-eviter\/puissantes\/","og_site_name":"Leocare, assurance en ligne automobile et habitation","article_modified_time":"2026-04-07T14:46:33+00:00","og_image":[{"width":1800,"height":1200,"url":"https:\/\/leocare.eu\/fr\/wp-content\/uploads\/2022\/12\/assurance-jeune-voiture-puissante.jpg","type":"image\/jpeg"}],"twitter_card":"summary_large_image","twitter_misc":{"Est. reading time":"8 minutes"},"schema":{"@context":"https:\/\/schema.org","@graph":[{"@type":"WebPage","@id":"https:\/\/leocare.eu\/fr\/assurance-auto-en-ligne\/couverture\/formules\/specifiques\/tout-conducteur\/jeune-conducteur\/voitures-a-eviter\/puissantes\/","url":"https:\/\/leocare.eu\/fr\/assurance-auto-en-ligne\/couverture\/formules\/specifiques\/tout-conducteur\/jeune-conducteur\/voitures-a-eviter\/puissantes\/","name":"Assurance jeune conducteur d'une voiture puissante","isPartOf":{"@id":"https:\/\/leocare.eu\/fr\/#website"},"primaryImageOfPage":{"@id":"https:\/\/leocare.eu\/fr\/assurance-auto-en-ligne\/couverture\/formules\/specifiques\/tout-conducteur\/jeune-conducteur\/voitures-a-eviter\/puissantes\/#primaryimage"},"image":{"@id":"https:\/\/leocare.eu\/fr\/assurance-auto-en-ligne\/couverture\/formules\/specifiques\/tout-conducteur\/jeune-conducteur\/voitures-a-eviter\/puissantes\/#primaryimage"},"thumbnailUrl":"https:\/\/leocare.eu\/fr\/wp-content\/uploads\/2022\/12\/assurance-jeune-voiture-puissante.jpg","datePublished":"2023-01-06T15:52:21+00:00","dateModified":"2026-04-07T14:46:33+00:00","description":"Naviguez parmi nos offres d'assurance pour jeune conducteur de voiture puissante. Adapt\u00e9e \u00e0 vos besoins, nos offres sont personnalisables. Comparez et obtenez un devis gratuit maintenant.","breadcrumb":{"@id":"https:\/\/leocare.eu\/fr\/assurance-auto-en-ligne\/couverture\/formules\/specifiques\/tout-conducteur\/jeune-conducteur\/voitures-a-eviter\/puissantes\/#breadcrumb"},"inLanguage":"fr-FR","potentialAction":[{"@type":"ReadAction","target":["https:\/\/leocare.eu\/fr\/assurance-auto-en-ligne\/couverture\/formules\/specifiques\/tout-conducteur\/jeune-conducteur\/voitures-a-eviter\/puissantes\/"]}]},{"@type":"ImageObject","inLanguage":"fr-FR","@id":"https:\/\/leocare.eu\/fr\/assurance-auto-en-ligne\/couverture\/formules\/specifiques\/tout-conducteur\/jeune-conducteur\/voitures-a-eviter\/puissantes\/#primaryimage","url":"https:\/\/leocare.eu\/fr\/wp-content\/uploads\/2022\/12\/assurance-jeune-voiture-puissante.jpg","contentUrl":"https:\/\/leocare.eu\/fr\/wp-content\/uploads\/2022\/12\/assurance-jeune-voiture-puissante.jpg","width":1800,"height":1200,"caption":"Assurance Jeune Conducteur Voiture Puissante"},{"@type":"WebSite","@id":"https:\/\/leocare.eu\/fr\/#website","url":"https:\/\/leocare.eu\/fr\/","name":"Leocare, assurance en ligne automobile et habitation","description":"enfin (r)assur\u00e9.e","publisher":{"@id":"https:\/\/leocare.eu\/fr\/#organization"},"potentialAction":[{"@type":"SearchAction","target":{"@type":"EntryPoint","urlTemplate":"https:\/\/leocare.eu\/fr\/?s={search_term_string}"},"query-input":{"@type":"PropertyValueSpecification","valueRequired":true,"valueName":"search_term_string"}}],"inLanguage":"fr-FR"},{"@type":"Organization","@id":"https:\/\/leocare.eu\/fr\/#organization","name":"Leocare, assurance en ligne automobile et habitation","url":"https:\/\/leocare.eu\/fr\/","logo":{"@type":"ImageObject","inLanguage":"fr-FR","@id":"https:\/\/leocare.eu\/fr\/#\/schema\/logo\/image\/","url":"https:\/\/leocare.eu\/fr\/wp-content\/uploads\/2020\/03\/logo-leocare.svg","contentUrl":"https:\/\/leocare.eu\/fr\/wp-content\/uploads\/2020\/03\/logo-leocare.svg","caption":"Leocare, assurance en ligne automobile et habitation"},"image":{"@id":"https:\/\/leocare.eu\/fr\/#\/schema\/logo\/image\/"}}]}},"_links":{"self":[{"href":"https:\/\/leocare.eu\/fr\/wp-json\/wp\/v2\/pages\/12614","targetHints":{"allow":["GET"]}}],"collection":[{"href":"https:\/\/leocare.eu\/fr\/wp-json\/wp\/v2\/pages"}],"about":[{"href":"https:\/\/leocare.eu\/fr\/wp-json\/wp\/v2\/types\/page"}],"author":[{"embeddable":true,"href":"https:\/\/leocare.eu\/fr\/wp-json\/wp\/v2\/users\/34"}],"replies":[{"embeddable":true,"href":"https:\/\/leocare.eu\/fr\/wp-json\/wp\/v2\/comments?post=12614"}],"version-history":[{"count":21,"href":"https:\/\/leocare.eu\/fr\/wp-json\/wp\/v2\/pages\/12614\/revisions"}],"predecessor-version":[{"id":36836,"href":"https:\/\/leocare.eu\/fr\/wp-json\/wp\/v2\/pages\/12614\/revisions\/36836"}],"up":[{"embeddable":true,"href":"https:\/\/leocare.eu\/fr\/wp-json\/wp\/v2\/pages\/12557"}],"wp:featuredmedia":[{"embeddable":true,"href":"https:\/\/leocare.eu\/fr\/wp-json\/wp\/v2\/media\/9947"}],"wp:attachment":[{"href":"https:\/\/leocare.eu\/fr\/wp-json\/wp\/v2\/media?parent=12614"}],"curies":[{"name":"wp","href":"https:\/\/api.w.org\/{rel}","templated":true}]}}