{"id":12604,"date":"2023-01-06T16:46:06","date_gmt":"2023-01-06T15:46:06","guid":{"rendered":"https:\/\/leocare.eu\/fr\/?page_id=12604"},"modified":"2026-04-07T16:46:32","modified_gmt":"2026-04-07T14:46:32","slug":"carrosserie","status":"publish","type":"page","link":"https:\/\/leocare.eu\/fr\/assurance-auto-en-ligne\/sinistre\/reparations\/carrosserie\/","title":{"rendered":"R\u00e9paration carrosserie : tout savoir"},"content":{"rendered":"\n<p><strong>La carrosserie est l\u2019un des \u00e9l\u00e9ments d\u2019une voiture les plus expos\u00e9s aux d\u00e9gradations. Cette enveloppe est pourtant essentielle \u00e0 la s\u00e9curit\u00e9 des personnes se trouvant \u00e0 l\u2019int\u00e9rieur du v\u00e9hicule. Elle doit, ainsi, \u00eatre dans le meilleur \u00e9tat possible. Types de r\u00e9parations, co\u00fbt, assurance carrosserie\u2026 Leocare, le n\u00e9o-assureur engag\u00e9, fait un tour complet du sujet.<\/strong><\/p>\n\n\n\n<h2 class=\"wp-block-heading\" id=\"section-1-carrosserie-dfinition-lgale-\"><strong>Carrosserie : d\u00e9finition l\u00e9gale \ud83d\ude97<\/strong><\/h2>\n\n\n\n<p>La carrosserie est d\u00e9finie par le Code de la route comme une enveloppe m\u00e9tallique recouvrant tout v\u00e9hicule motoris\u00e9.&nbsp;<strong>Cet habillage compose le ch\u00e2ssis<\/strong>, abritant lui-m\u00eame le conducteur, les passagers, ainsi que leurs effets personnels. Elle constitue un \u00e9l\u00e9ment de protection et de s\u00e9curit\u00e9, notamment en cas d\u2019accident de voiture. C\u2019est pourquoi il est primordial qu\u2019elle soit en bon \u00e9tat.<\/p>\n\n\n\n<p>\u00c0 d\u00e9faut, un accrochage peut, par exemple, faire se d\u00e9crocher le pare-chocs et cr\u00e9er un suraccident. Autre exemple : des porti\u00e8res qui s\u2019ouvrent et se ferment mal, du fait de la formation de rouille ou d\u2019un enfoncement suite \u00e0 une collision. Dans ce cas, l\u2019espace au bord des vitres peut laisser entrer les fum\u00e9es d\u2019\u00e9chappement nocives, au sein de l\u2019habitacle.<\/p>\n\n\n\n<p id=\"ancre1\"><strong>Pour toutes ces raisons, la carrosserie est soumise au contr\u00f4le technique.<\/strong>&nbsp;En cas d\u2019anomalies graves relev\u00e9es lors de ce test, vous devez effectuer&nbsp;<strong><a href=\"https:\/\/leocare.eu\/fr\/assurance-auto-en-ligne\/sinistre\/reparations\/\">une r\u00e9paration auto<\/a><\/strong>&nbsp;afin d\u2019y rem\u00e9dier \ud83d\udd27.<\/p>\n\n\n\n<div class=\"bon-a-savoir\">\n\n\n\n<p>Bon \u00e0 savoir : le d\u00e9lai imparti pour passer la contre-visite<\/p>\n\n\n\n<p>Des d\u00e9faillances majeures ou critiques imposent de passer une contre-visite pour faire v\u00e9rifier les r\u00e9parations. Celle-ci doit \u00eatre effectu\u00e9e dans un d\u00e9lai de 2 mois, \u00e0 compter de la date de la premi\u00e8re visite. Attention, en cas de d\u00e9faillances critiques, vous n\u2019\u00eates plus autoris\u00e9 \u00e0 utiliser ce v\u00e9hicule, d\u00e8s minuit, le jour du contr\u00f4le.<\/p>\n\n\n\n<\/div>\n\n\n\n<h2 class=\"wp-block-heading\" id=\"section-2-la-rparation-de-la-carrosserie\"><strong>La r\u00e9paration de la carrosserie<\/strong><\/h2>\n\n\n\n<p>Suivant l\u2019ampleur des d\u00e9g\u00e2ts, les r\u00e9parations sur votre auto peuvent \u00eatre simples, comme tr\u00e8s complexes.<\/p>\n\n\n\n<h3 class=\"wp-block-heading\"><strong>Les types de r\u00e9parations<\/strong><\/h3>\n\n\n\n<p>Pour faire retrouver \u00e0 la carrosserie sa forme originelle, 5 principaux produits et techniques de r\u00e9paration sont \u00e0 distinguer :<\/p>\n\n\n\n<ul class=\"wp-block-list\">\n<li>Le\u00a0<strong>crayon de carrosserie et l\u2019efface-rayures<\/strong>, pour les rayures superficielles, tr\u00e8s fr\u00e9quentes sur les\u00a0porti\u00e8res\u00a0ou les ailes.<\/li>\n\n\n\n<li>Le\u00a0<strong>masticage<\/strong>, pour reboucher les rayures un peu plus profondes et les petits trous.<\/li>\n\n\n\n<li>Le\u00a0<strong>d\u00e9bosselage<\/strong>, pour enlever des bosses, notamment dues \u00e0 la gr\u00eale.<\/li>\n\n\n\n<li>Le\u00a0<strong>banc de redressage<\/strong>, une sorte de ch\u00e2ssis roulant muni d\u2019une \u00e9querre hydraulique et d\u2019un v\u00e9rin.<\/li>\n<\/ul>\n\n\n\n<p>Et qui dit r\u00e9paration de carrosserie, dit aussi marouflage (pour prot\u00e9ger la zone non trait\u00e9e), et, bien s\u00fbr, peinture.<\/p>\n\n\n\n<h3 class=\"wp-block-heading\"><strong>Peut-on r\u00e9parer sa carrosserie soi-m\u00eame ?<\/strong><\/h3>\n\n\n\n<p>Certaines op\u00e9rations, comme le d\u00e9bosselage et la peinture, peuvent \u00eatre r\u00e9alis\u00e9es facilement par vous-m\u00eame, si vous vous sentez l\u2019\u00e2me bricoleuse. Mais d\u2019autres requi\u00e8rent un vrai savoir-faire. Le risque, c\u2019est de d\u00e9t\u00e9riorer davantage la carrosserie. Avouez que ce serait dommage\u2026 Sans compter que pour certaines interventions, il faut \u00eatre \u00e9quip\u00e9. Le prix d\u2019un banc de redressement atteint facilement plusieurs milliers d\u2019euros. Bref, autant passer par un professionnel \ud83d\ude42 !<\/p>\n\n\n\n<h2 class=\"wp-block-heading\" id=\"section-3-quel-est-le-prix-dune-rparation-de-la-carrosserie-\"><strong>Quel est le prix d\u2019une r\u00e9paration de la carrosserie ?<\/strong><\/h2>\n\n\n\n<p>Les tarifs varient \u00e9videmment en fonction de l\u2019\u00e9tendue des d\u00e9g\u00e2ts. Pour une op\u00e9ration basique, comme le masticage, comptez entre 50 \u20ac et 60 \u20ac de l\u2019heure. Pour une r\u00e9paration plus complexe, les prix \u00e0 l\u2019heure d\u00e9marrent \u00e0 70 \u20ac et vont jusqu\u2019\u00e0 80 \u20ac, en moyenne.<\/p>\n\n\n\n<p>D\u2019une mani\u00e8re g\u00e9n\u00e9rale, peinture comprise,&nbsp;<strong>un passage chez le carrossier co\u00fbte souvent plusieurs centaines d\u2019euros<\/strong>. Et parfois, plusieurs milliers \ud83d\udcb0\u2026<\/p>\n\n\n\n<p>Pour r\u00e9duire les&nbsp;co\u00fbts&nbsp;en cas de&nbsp;dommages&nbsp;et obtenir une meilleure&nbsp;indemnisation, Il vaut mieux demander l\u2019intervention&nbsp;d\u2019un&nbsp;<a href=\"https:\/\/leocare.eu\/fr\/assurance-auto-en-ligne\/sinistre\/indemnisation\/garage-agree\/\"><strong>garage agr\u00e9\u00e9 par votre assurance auto<\/strong>.<\/a>&nbsp;Avec la&nbsp;compagnie&nbsp;Leocare, en cas d\u2019accident&nbsp;ou de d\u00e9g\u00e2ts \u00e0 votre carrosserie, il suffit d\u2019aller sur l\u2019app pour trouver le&nbsp;garagiste&nbsp;le plus proche. Savez-vous que depuis la loi&nbsp;Hamon, vous pouvez changer de&nbsp;compagnie d\u2019assurance&nbsp;\u00e0 tout moment de l\u2019ann\u00e9e ?<\/p>\n\n\n\n<h2 class=\"wp-block-heading\" id=\"section-4-est-ce-que-lassurance-prend-en-charge-la-carrosserie-\"><strong>Est-ce que l\u2019assurance prend en charge la carrosserie ?<\/strong><\/h2>\n\n\n\n<p>Tout d\u00e9pend du type de sinistre, du responsable&nbsp;et de la formule d\u2019assurance&nbsp;choisie. En effet, les&nbsp;compagnies d\u2019assurance&nbsp;proposent des&nbsp;<strong><a href=\"https:\/\/leocare.eu\/fr\/assurance-auto-en-ligne\/sinistre\/\">assurances plus ou moins protectrices en cas de sinistre<\/a><\/strong>&nbsp;selon les&nbsp;circonstances. Les&nbsp;assurances&nbsp;tout risque vont couvrir tous les&nbsp;dommages, peu importe qui est \u00e0 l\u2019origine de l\u2019accident ou du d\u00e9g\u00e2t tandis que l\u2018assurance&nbsp;au tiers+ devra inclure des options couvrant le sinistre en question.<\/p>\n\n\n\n<h3 class=\"wp-block-heading\"><strong>Indemnisation des d\u00e9g\u00e2ts dont vous \u00eates responsable et indemnisation d\u2019un sinistre commis par un tiers<\/strong><\/h3>\n\n\n\n<p>Dans le cas d\u2019un impact ou d\u2019une rayure (caillou, cl\u00e9) non responsable sur votre voiture, c\u2019est l\u2019assurance de la personne en tort qui vous indemnise \u00e0 condition qu\u2019elle soit identifi\u00e9e et reconnue comme responsable, dans le constat amiable. C\u2019est valable, quelle que soit la garantie souscrite (la responsabilit\u00e9 civile du tiers vous couvre).<\/p>\n\n\n\n<p>Par contre, si vous \u00eates responsable, si le responsable est non identifi\u00e9 ou s\u2019il a pris la fuite, seule l\u2019assurance tous risques vous indemnise. Autre exemple : une temp\u00eate, une catastrophe naturelle ou un attentat a endommag\u00e9 votre voiture. Si vous avez souscrit une assurance au tiers plus, vous \u00eates couvert, mais pas avec la formule au tiers.<\/p>\n\n\n\n<h3 class=\"wp-block-heading\"><strong>Deux garanties utiles en cas de collision ou de vol<\/strong><\/h3>\n\n\n\n<p>Et concernant la garantie collision ?&nbsp;<strong>Eh bien, contrairement \u00e0 la garantie dommages tous accidents, celle-ci fonctionne uniquement si le tiers est identifi\u00e9<\/strong>. Y compris en cas d\u2019accident&nbsp;de voiture responsable&nbsp;ou commis par le voleur de votre v\u00e9hicule. Pour une bonne&nbsp;indemnisation&nbsp;des&nbsp;dommages&nbsp;en cas de vol, m\u00eame sans collision, si vous ne voulez pas d\u2019une&nbsp;assurance&nbsp;tout risque, votre&nbsp;compagnie d\u2019assurance&nbsp;propose une option&nbsp;<strong><a href=\"https:\/\/leocare.eu\/fr\/assurance-auto-en-ligne\/couverture\/garanties\/complementaires\/dommages-materiels\/vol\/\">assurance pour le vol<\/a><\/strong>&nbsp;\u00e0 ajouter \u00e0 votre assurance au tiers plus.&nbsp;Comparez ses tarifs&nbsp;avec le montant des cotisations de la&nbsp;compagnie&nbsp;Leocare.<\/p>\n\n\n\n<p>Dans le cas d\u2019un acte de malveillance, avant de faire votre d\u00e9claration de sinistre aupr\u00e8s de l\u2019assurance, pensez bien \u00e0 d\u00e9poser plainte aupr\u00e8s des forces de l\u2019ordre.<\/p>\n\n\n\n<p>Avec Leocare, d\u00e9clarez vos sinistres en quelques coups de pouce, depuis notre app ! Ce n\u2019est pas tout. Vous pouvez aussi suivre votre dossier et ajuster vos garanties sur vos divers contrats d\u2019assurance. Pratique, n\u2019est-ce pas \ud83e\udd17 ?<\/p>\n\n\n\n<h3 class=\"wp-block-heading\"><strong>La franchise auto pour la r\u00e9paration des dommages<\/strong><\/h3>\n\n\n\n<p>Pour trouver le meilleur contrat d\u2019assurance au meilleur prix, pensez \u00e0 jouer sur la<strong><a href=\"https:\/\/leocare.eu\/fr\/assurance-auto-en-ligne\/sinistre\/indemnisation\/franchise\/accident-responsable\/\">&nbsp;franchise en cas d\u2019accident responsable<\/a><\/strong>. Mieux vaut une&nbsp;indemnisation&nbsp;partielle en cas d\u2019accident&nbsp;responsable par la&nbsp;compagnie d\u2019assurance&nbsp;qu\u2019aucune indemnisation parce que le co\u00fbt de l\u2019assurance&nbsp;tous risques serait trop \u00e9lev\u00e9.<\/p>\n\n\n\n<h3 class=\"wp-block-heading\"><strong>V\u00e9hicule de pr\u00eat : comment l\u2019assurer contre les dommages \u00e0 la carrosserie ?<\/strong><\/h3>\n\n\n\n<p>Durant l\u2018immobilisation&nbsp;de votre voiture chez le&nbsp;carrossier, vous risquez d\u2019avoir besoin d\u2019un v\u00e9hicule de remplacement. Quelle&nbsp;<strong><a href=\"https:\/\/leocare.eu\/fr\/assurance-auto-en-ligne\/couverture\/assistance-auto\/assurance-voiture-de-pret\/\">assurance pour les voitures de pr\u00eat<\/a><\/strong>&nbsp;? Que la voiture fasse partie de la&nbsp;prestation&nbsp;du&nbsp;garagiste&nbsp;ou soit pr\u00eat\u00e9e par un proche, v\u00e9rifiez son contrat d\u2019assurance. Si la couverture en cas de dommage suite \u00e0 un&nbsp;accident&nbsp;responsable est insuffisante, demandez \u00e0 votre&nbsp;compagnie d\u2019assurance&nbsp;de transf\u00e9rer provisoirement votre contrat. Attention, certaines&nbsp;assurances&nbsp;refusent. Et si vous optiez pour la&nbsp;compagnie&nbsp;Leocare ?<\/p>\n\n\n\n<p>Leocare, c\u2019est aussi et surtout des prestations de qualit\u00e9, au meilleur prix. D\u00e8s l\u2019assurance au tiers, b\u00e9n\u00e9ficiez de l\u2019assistance 0 km et de la garantie corporelle du conducteur. Celle-ci est assortie, au choix, d\u2019un plafond d\u2019indemnisation de 600 000 \u20ac ou 1 000 000 \u20ac. Pour obtenir votre devis d\u2019assurance auto en quelques minutes, entrez votre&nbsp;immatriculation&nbsp;sur notre site web !<\/p>\n\n\n\n<p>D\u00e9couvrez les&nbsp;assurances&nbsp;et l\u2019indemnisation&nbsp;des&nbsp;dommages&nbsp;en cas d\u2019accident&nbsp;que notre&nbsp;compagnie&nbsp;propose pour votre&nbsp;<strong><a href=\"https:\/\/leocare.eu\/fr\/assurance-auto-en-ligne\/audi\/a3\/\">Audi A3<\/a><\/strong>. Leurs tarifs sont tr\u00e8s avantageux.<\/p>\n\n\n\n<p id=\"ancre2\">Vous avez un v\u00e9hicule d\u2019une autre marque ? Une Citro\u00ebn par exemple ? Demandez un&nbsp;<strong><a href=\"https:\/\/leocare.eu\/fr\/assurance-auto-en-ligne\/citroen\/c4\/\">devis gratuit pour votre C4<\/a><\/strong>. Notre&nbsp;compagnie&nbsp;propose pour les Citro\u00ebn C4 \u00e9galement des&nbsp;assurances&nbsp;tr\u00e8s int\u00e9ressantes avec une bonne&nbsp;indemnisation&nbsp;des&nbsp;dommages&nbsp;en cas d\u2019accident.<\/p>\n","protected":false},"excerpt":{"rendered":"<p>La carrosserie est l\u2019un des \u00e9l\u00e9ments d\u2019une voiture les plus expos\u00e9s aux d\u00e9gradations. Cette enveloppe est pourtant essentielle \u00e0 la s\u00e9curit\u00e9 des personnes se trouvant \u00e0 l\u2019int\u00e9rieur du v\u00e9hicule. Elle doit, ainsi, \u00eatre dans le meilleur \u00e9tat possible. Types de r\u00e9parations, co\u00fbt, assurance carrosserie\u2026 Leocare, le n\u00e9o-assureur engag\u00e9, fait un tour complet du sujet. Carrosserie [&hellip;]<\/p>\n","protected":false},"author":34,"featured_media":9938,"parent":13894,"menu_order":0,"comment_status":"closed","ping_status":"closed","template":"template_seo.php","meta":{"_acf_changed":false,"footnotes":""},"class_list":["post-12604","page","type-page","status-publish","has-post-thumbnail","hentry"],"acf":[],"yoast_head":"<!-- This site is optimized with the Yoast SEO plugin v27.3 - https:\/\/yoast.com\/product\/yoast-seo-wordpress\/ -->\n<title>R\u00e9paration carrosserie : assurance, d\u00e9marches, prix<\/title>\n<meta name=\"description\" content=\"Besoin de r\u00e9parer votre carrosserie? Faites confiance \u00e0 nos experts chez XYZ Auto pour retrouver l&#039;\u00e9clat de votre v\u00e9hicule. Contactez-nous d\u00e8s maintenant!\" \/>\n<meta name=\"robots\" content=\"index, follow, max-snippet:-1, max-image-preview:large, max-video-preview:-1\" \/>\n<link rel=\"canonical\" href=\"https:\/\/leocare.eu\/fr\/assurance-auto-en-ligne\/sinistre\/reparations\/carrosserie\/\" \/>\n<meta property=\"og:locale\" content=\"fr_FR\" \/>\n<meta property=\"og:type\" content=\"article\" \/>\n<meta property=\"og:title\" content=\"R\u00e9paration carrosserie : assurance, d\u00e9marches, prix\" \/>\n<meta property=\"og:description\" content=\"Besoin de r\u00e9parer votre carrosserie? Faites confiance \u00e0 nos experts chez XYZ Auto pour retrouver l&#039;\u00e9clat de votre v\u00e9hicule. Contactez-nous d\u00e8s maintenant!\" \/>\n<meta property=\"og:url\" content=\"https:\/\/leocare.eu\/fr\/assurance-auto-en-ligne\/sinistre\/reparations\/carrosserie\/\" \/>\n<meta property=\"og:site_name\" content=\"Leocare, assurance en ligne automobile et habitation\" \/>\n<meta property=\"article:modified_time\" content=\"2026-04-07T14:46:32+00:00\" \/>\n<meta property=\"og:image\" content=\"https:\/\/leocare.eu\/fr\/wp-content\/uploads\/2022\/12\/assurance-carrosserie.jpg\" \/>\n\t<meta property=\"og:image:width\" content=\"1800\" \/>\n\t<meta property=\"og:image:height\" content=\"1200\" \/>\n\t<meta property=\"og:image:type\" content=\"image\/jpeg\" \/>\n<meta name=\"twitter:card\" content=\"summary_large_image\" \/>\n<meta name=\"twitter:label1\" content=\"Dur\u00e9e de lecture estim\u00e9e\" \/>\n\t<meta name=\"twitter:data1\" content=\"7 minutes\" \/>\n<!-- \/ Yoast SEO plugin. -->","yoast_head_json":{"title":"R\u00e9paration carrosserie : assurance, d\u00e9marches, prix","description":"Besoin de r\u00e9parer votre carrosserie? Faites confiance \u00e0 nos experts chez XYZ Auto pour retrouver l'\u00e9clat de votre v\u00e9hicule. Contactez-nous d\u00e8s maintenant!","robots":{"index":"index","follow":"follow","max-snippet":"max-snippet:-1","max-image-preview":"max-image-preview:large","max-video-preview":"max-video-preview:-1"},"canonical":"https:\/\/leocare.eu\/fr\/assurance-auto-en-ligne\/sinistre\/reparations\/carrosserie\/","og_locale":"fr_FR","og_type":"article","og_title":"R\u00e9paration carrosserie : assurance, d\u00e9marches, prix","og_description":"Besoin de r\u00e9parer votre carrosserie? Faites confiance \u00e0 nos experts chez XYZ Auto pour retrouver l'\u00e9clat de votre v\u00e9hicule. Contactez-nous d\u00e8s maintenant!","og_url":"https:\/\/leocare.eu\/fr\/assurance-auto-en-ligne\/sinistre\/reparations\/carrosserie\/","og_site_name":"Leocare, assurance en ligne automobile et habitation","article_modified_time":"2026-04-07T14:46:32+00:00","og_image":[{"width":1800,"height":1200,"url":"https:\/\/leocare.eu\/fr\/wp-content\/uploads\/2022\/12\/assurance-carrosserie.jpg","type":"image\/jpeg"}],"twitter_card":"summary_large_image","twitter_misc":{"Dur\u00e9e de lecture estim\u00e9e":"7 minutes"},"schema":{"@context":"https:\/\/schema.org","@graph":[{"@type":"WebPage","@id":"https:\/\/leocare.eu\/fr\/assurance-auto-en-ligne\/sinistre\/reparations\/carrosserie\/","url":"https:\/\/leocare.eu\/fr\/assurance-auto-en-ligne\/sinistre\/reparations\/carrosserie\/","name":"R\u00e9paration carrosserie : assurance, d\u00e9marches, prix","isPartOf":{"@id":"https:\/\/leocare.eu\/fr\/#website"},"primaryImageOfPage":{"@id":"https:\/\/leocare.eu\/fr\/assurance-auto-en-ligne\/sinistre\/reparations\/carrosserie\/#primaryimage"},"image":{"@id":"https:\/\/leocare.eu\/fr\/assurance-auto-en-ligne\/sinistre\/reparations\/carrosserie\/#primaryimage"},"thumbnailUrl":"https:\/\/leocare.eu\/fr\/wp-content\/uploads\/2022\/12\/assurance-carrosserie.jpg","datePublished":"2023-01-06T15:46:06+00:00","dateModified":"2026-04-07T14:46:32+00:00","description":"Besoin de r\u00e9parer votre carrosserie? Faites confiance \u00e0 nos experts chez XYZ Auto pour retrouver l'\u00e9clat de votre v\u00e9hicule. Contactez-nous d\u00e8s maintenant!","breadcrumb":{"@id":"https:\/\/leocare.eu\/fr\/assurance-auto-en-ligne\/sinistre\/reparations\/carrosserie\/#breadcrumb"},"inLanguage":"fr-FR","potentialAction":[{"@type":"ReadAction","target":["https:\/\/leocare.eu\/fr\/assurance-auto-en-ligne\/sinistre\/reparations\/carrosserie\/"]}]},{"@type":"ImageObject","inLanguage":"fr-FR","@id":"https:\/\/leocare.eu\/fr\/assurance-auto-en-ligne\/sinistre\/reparations\/carrosserie\/#primaryimage","url":"https:\/\/leocare.eu\/fr\/wp-content\/uploads\/2022\/12\/assurance-carrosserie.jpg","contentUrl":"https:\/\/leocare.eu\/fr\/wp-content\/uploads\/2022\/12\/assurance-carrosserie.jpg","width":1800,"height":1200,"caption":"Assurance Carrosserie"},{"@type":"WebSite","@id":"https:\/\/leocare.eu\/fr\/#website","url":"https:\/\/leocare.eu\/fr\/","name":"Leocare, assurance en ligne automobile et habitation","description":"enfin (r)assur\u00e9.e","publisher":{"@id":"https:\/\/leocare.eu\/fr\/#organization"},"potentialAction":[{"@type":"SearchAction","target":{"@type":"EntryPoint","urlTemplate":"https:\/\/leocare.eu\/fr\/?s={search_term_string}"},"query-input":{"@type":"PropertyValueSpecification","valueRequired":true,"valueName":"search_term_string"}}],"inLanguage":"fr-FR"},{"@type":"Organization","@id":"https:\/\/leocare.eu\/fr\/#organization","name":"Leocare, assurance en ligne automobile et habitation","url":"https:\/\/leocare.eu\/fr\/","logo":{"@type":"ImageObject","inLanguage":"fr-FR","@id":"https:\/\/leocare.eu\/fr\/#\/schema\/logo\/image\/","url":"https:\/\/leocare.eu\/fr\/wp-content\/uploads\/2020\/03\/logo-leocare.svg","contentUrl":"https:\/\/leocare.eu\/fr\/wp-content\/uploads\/2020\/03\/logo-leocare.svg","caption":"Leocare, assurance en ligne automobile et habitation"},"image":{"@id":"https:\/\/leocare.eu\/fr\/#\/schema\/logo\/image\/"}}]}},"_links":{"self":[{"href":"https:\/\/leocare.eu\/fr\/wp-json\/wp\/v2\/pages\/12604","targetHints":{"allow":["GET"]}}],"collection":[{"href":"https:\/\/leocare.eu\/fr\/wp-json\/wp\/v2\/pages"}],"about":[{"href":"https:\/\/leocare.eu\/fr\/wp-json\/wp\/v2\/types\/page"}],"author":[{"embeddable":true,"href":"https:\/\/leocare.eu\/fr\/wp-json\/wp\/v2\/users\/34"}],"replies":[{"embeddable":true,"href":"https:\/\/leocare.eu\/fr\/wp-json\/wp\/v2\/comments?post=12604"}],"version-history":[{"count":17,"href":"https:\/\/leocare.eu\/fr\/wp-json\/wp\/v2\/pages\/12604\/revisions"}],"predecessor-version":[{"id":37327,"href":"https:\/\/leocare.eu\/fr\/wp-json\/wp\/v2\/pages\/12604\/revisions\/37327"}],"up":[{"embeddable":true,"href":"https:\/\/leocare.eu\/fr\/wp-json\/wp\/v2\/pages\/13894"}],"wp:featuredmedia":[{"embeddable":true,"href":"https:\/\/leocare.eu\/fr\/wp-json\/wp\/v2\/media\/9938"}],"wp:attachment":[{"href":"https:\/\/leocare.eu\/fr\/wp-json\/wp\/v2\/media?parent=12604"}],"curies":[{"name":"wp","href":"https:\/\/api.w.org\/{rel}","templated":true}]}}