{"id":12586,"date":"2023-01-06T16:30:10","date_gmt":"2023-01-06T15:30:10","guid":{"rendered":"https:\/\/leocare.eu\/fr\/?page_id=12586"},"modified":"2026-04-07T16:36:22","modified_gmt":"2026-04-07T14:36:22","slug":"domicile","status":"publish","type":"page","link":"https:\/\/leocare.eu\/fr\/assurance-auto-en-ligne\/sinistre\/reparations\/diagnostic\/domicile\/","title":{"rendered":"Diagnostic auto \u00e0 domicile : comment faire\u2009?"},"content":{"rendered":"\n<p>Un voyant s\u2019est allum\u00e9 sur votre tableau de bord, et c\u2019est un peu la panique\u2009? D\u00e9tendez-vous et prenez rendez-vous pour un diagnostic auto \u00e0 domicile\u2009! Gr\u00e2ce \u00e0 ce service, un m\u00e9canicien se d\u00e9place jusque chez vous pour analyser le probl\u00e8me et vous apporter une solution. Coup d\u2019\u0153il sur cette prestation sur mesure, qui va changer le cours de votre journ\u00e9e, avec Leocare, la n\u00e9o-assurance qui prend soin de vous\u2009\u263a!<\/p>\n\n\n\n<h2 class=\"wp-block-heading\" id=\"section-1-quest-ce-que-le-diagnostic-auto-domicile-\"><strong>Qu\u2019est-ce que le diagnostic auto \u00e0 domicile ?<\/strong><\/h2>\n\n\n\n<p>Le&nbsp;<strong><a href=\"https:\/\/leocare.eu\/fr\/assurance-auto-en-ligne\/sinistre\/reparations\/diagnostic\/domicile\/\">diagnostic auto<\/a><\/strong>&nbsp;\u00e0 domicile, c\u2019est simple, c\u2019est un peu le SOS m\u00e9decin, mais pour votre voiture \ud83d\udd27.<\/p>\n\n\n\n<p>Avant de commencer, voici une petite mise en situation. Fermez les yeux et imaginez : hier soir, alors que vous reveniez tranquillement du travail, un voyant s\u2019est allum\u00e9 sur votre tableau de bord et vous avez d\u00e9tect\u00e9 une l\u00e9g\u00e8re baisse de r\u00e9gime au niveau du moteur. Ne sachant pas de quoi il s\u2019agit, vous n\u2019osez plus utiliser votre v\u00e9hicule. Ce dernier se retrouve donc immobilis\u00e9 devant votre domicile. Vous aimeriez vous d\u00e9brouiller tout seul, mais il faut bien admettre&nbsp;que la m\u00e9canique auto est un&nbsp;m\u00e9tier&nbsp;qui ne s\u2019improvise pas, et&nbsp;qu\u2019avec tous les composants \u00e9lectroniques pr\u00e9sents aujourd\u2019hui dans votre voiture, ce n\u2019est pas facile de s\u2019y retrouver\u2009\ud83d\ude15 !<\/p>\n\n\n\n<p id=\"ancre1\">C\u2019est l\u00e0 que le diagnostic&nbsp;\u00e9lectronique&nbsp;auto \u00e0 domicile entre en jeu ! En effet, certains garagistes proposent de se d\u00e9placer jusque chez vous pour proc\u00e9der \u00e0 une analyse de la situation. Gr\u00e2ce \u00e0 un outil (presque magique), appel\u00e9 valise de diagnostic, le professionnel va identifier la cause de la panne ou du dysfonctionnement.&nbsp;La valise rel\u00e8ve l\u2019ensemble des donn\u00e9es de fonctionnement du mot : du filtre \u00e0&nbsp;particules, du turbo, valeurs du&nbsp;d\u00e9bitm\u00e8tre, etc.&nbsp;Il peut alors \u00e9tablir un devis des r\u00e9parations \u00e0 effectuer.<\/p>\n\n\n\n<h2 class=\"wp-block-heading\" id=\"section-2-pourquoi-raliser-un-diagnostic-auto-domicile-\"><strong>Pourquoi r\u00e9aliser un diagnostic auto \u00e0 domicile ?<\/strong><\/h2>\n\n\n\n<p>Dans le cas d\u2019un voyant allum\u00e9, r\u00e9aliser un diagnostic&nbsp;\u00e9lectronique&nbsp;est la premi\u00e8re \u00e9tape obligatoire, avant d\u2019engager des r\u00e9parations. C\u2019est lui qui permet,&nbsp;\u00e0 l\u2019aide d\u2019une&nbsp;valise \u00e9lectronique,&nbsp;de d\u00e9terminer avec pr\u00e9cision l\u2019origine et la gravit\u00e9 de la panne.<\/p>\n\n\n\n<p>Il se peut aussi qu\u2019il s\u2019agisse d\u2019une simple d\u00e9faillance du circuit. Dans ce cas, le professionnel proc\u00e8de \u00e0 la remise \u00e0 z\u00e9ro du syst\u00e8me \ud83d\ude0e.<\/p>\n\n\n\n<p>Comme vous l\u2019aurez compris, le diagnostic auto \u00e0 domicile est un moyen efficace pour d\u00e9celer, rapidement et de chez vous, un \u00e9ventuel probl\u00e8me m\u00e9canique ou \u00e9lectronique. Et puis, c\u2019est rassurant de ne pas avoir \u00e0 d\u00e9placer votre v\u00e9hicule lorsque vous ne mesurez pas l\u2019\u00e9tendue de la situation.<\/p>\n\n\n\n<p>Vous pouvez \u00e9galement demander un diagnostic auto dans le cadre d\u2019un entretien. Un petit bilan de sant\u00e9, en somme, parce que, comme dit le dicton : mieux vaut pr\u00e9venir que gu\u00e9rir. C\u2019est une mani\u00e8re d\u2019anticiper de potentielles r\u00e9parations et de prendre soin de sa voiture. Et puis, si \u00e7a peut vous \u00e9viter un sinistre auto, nous chez Leocare, on est plut\u00f4t pour !<\/p>\n\n\n\n<div class=\"bon-a-savoir\">\n\n\n\n<p>Bon \u00e0 savoir :<\/p>\n\n\n\n<p>Pour trouver un garagiste agr\u00e9\u00e9 pour un diagnostic&nbsp;\u00e9lectronique&nbsp;\u00e0 domicile, contactez nos Leoconseillers via notre app. En quelques clics, vous posez votre question et obtenez une r\u00e9ponse \ud83d\udcf1. Simple et rapide !<\/p>\n\n\n\n<\/div>\n\n\n\n<h2 class=\"wp-block-heading\" id=\"section-3-comment-faire-un-diagnostic-auto-domicile-\"><strong>Comment faire un diagnostic auto \u00e0 domicile ?<\/strong><\/h2>\n\n\n\n<p>Comme vu pr\u00e9c\u00e9demment, la premi\u00e8re chose \u00e0 faire est de trouver un garage ou un m\u00e9canicien ind\u00e9pendant, pr\u00e8s de chez vous, qui effectue ce type d\u2019intervention. D\u00e8s lors, un rendez-vous est pris, afin de proc\u00e9der au diagnostic automobile \u00e0 domicile.<\/p>\n\n\n\n<p>Une fois sur place, le prestataire r\u00e9alise le m\u00eame examen qu\u2019en atelier. \u00c0 l\u2019aide d\u2019une valise de diagnostic, il passe en revue l\u2019ensemble des calculateurs de votre v\u00e9hicule. Gr\u00e2ce \u00e0 l\u2019interpr\u00e9tation des r\u00e9sultats, il est en mesure d\u2019identifier pr\u00e9cis\u00e9ment l\u2019origine du probl\u00e8me. Enfin, s\u2019il s\u2019agit d\u2019une panne ou de pi\u00e8ces d\u00e9fectueuses \u00e0 changer&nbsp;(syst\u00e8me d\u2019injection,&nbsp;capteurs,&nbsp;plaquettes, vannes&nbsp;EGR, etc.),&nbsp;il peut, \u00e0 votre demande, vous faire un devis. Mais attention, r\u00e9aliser un diagnostic&nbsp;\u00e9lectronique&nbsp;\u00e0 domicile ne signifie pas pour autant que les r\u00e9parations ont lieu devant chez vous\u2009\ud83d\ude1f !<\/p>\n\n\n\n<p id=\"ancre3\">Une fois votre voiture d\u00e9plac\u00e9e, le garagiste proc\u00e8de au remplacement des pi\u00e8ces d\u00e9fectueuses, ainsi qu\u2019\u00e0 la remise \u00e0 z\u00e9ro des&nbsp;syst\u00e8mes&nbsp;embarqu\u00e9s.&nbsp;Vous pouvez alors r\u00e9cup\u00e9rer votre v\u00e9hicule et repartir avec.<\/p>\n\n\n\n<div class=\"bon-a-savoir\">\n\n\n\n<p>Bon \u00e0 savoir :<\/p>\n\n\n\n<p>Chez Leocare, en cas d\u2019immobilisation de votre v\u00e9hicule, tous nos contrats d\u2019assurance&nbsp;pour&nbsp;automobiliste&nbsp;comportent l\u2019assistance 0 km. Tiers, tiers plus et tous risques ! En fonction des r\u00e9sultats du diagnostic auto, il se peut que votre voiture doive \u00eatre remorqu\u00e9e jusqu\u2019\u00e0 l\u2019un de nos garages agr\u00e9\u00e9s. Eh bien, le co\u00fbt de ce remorquage est pris en charge jusqu\u2019\u00e0 200 \u20ac TTC, \u00e0 l\u2019exclusion des frais de r\u00e9paration, bien s\u00fbr. Ce n\u2019est pas tout ! Le pr\u00eat d\u2019une voiture de courtoisie est \u00e9galement pr\u00e9vu. Nous avons vraiment pens\u00e9 \u00e0 tout. De quoi sauver votre journ\u00e9e\u2009\ud83d\ude03 !<\/p>\n\n\n\n<\/div>\n\n\n\n<h2 class=\"wp-block-heading\" id=\"section-4-diagnostic-auto-domicile-combien-a-cote-\"><strong>Diagnostic auto \u00e0 domicile : combien \u00e7a co\u00fbte ?<\/strong><\/h2>\n\n\n\n<p>\u00c0 domicile,&nbsp;le prix d\u2019un diagnostic auto est variable. Il peut aller de 50 \u20ac \u00e0 150 \u20ac, en fonction du temps pass\u00e9 \u00e0 analyser votre v\u00e9hicule (comptez entre 1 heure et 3 heures). Sachez qu\u2019\u00e0 ce montant, peut s\u2019ajouter le prix du d\u00e9placement jusqu\u2019\u00e0 votre domicile. Le plus simple est de contacter plusieurs garages et de leur demander leurs tarifs avant de prendre rendez-vous. Vous pouvez \u00e9galement utiliser les comparateurs en ligne afin de trouver le garage le moins cher, pr\u00e8s de chez vous. Et naturellement, contacter Leocare via notre app, pour conna\u00eetre les garages agr\u00e9\u00e9s \u00e0 proximit\u00e9. L\u2019avantage ? Nous avons n\u00e9goci\u00e9 avec eux des tarifs comp\u00e9titifs \ud83d\udcb0 !<\/p>\n\n\n\n<p>Chez un garagiste, un&nbsp;diagnostic \u00e9lectronique&nbsp;automatique simple, par le biais d\u2019une&nbsp;valise \u00e9lectronique&nbsp;branch\u00e9e sur les&nbsp;calculateurs&nbsp;des v\u00e9hicules (25 \u20ac pour une&nbsp;prestation&nbsp;simple), co\u00fbte moins cher qu\u2019un diagnostic int\u00e9gral (jusqu\u2019\u00e0 200 \u20ac). Savoir&nbsp;<strong><a href=\"https:\/\/leocare.eu\/fr\/assurance-auto-en-ligne\/sinistre\/reparations\/diagnostic\/\">combien co\u00fbte un diagnostic auto<\/a><\/strong>&nbsp;fait par des&nbsp;techniciens et&nbsp;m\u00e9caniciens&nbsp;professionnels vous permettra d\u2019anticiper votre budget de&nbsp;maintenance. Selon vos besoins, des diagnostics sp\u00e9cialis\u00e9s sont possibles :&nbsp;syst\u00e8mes&nbsp;de freinage, batterie, pneumatiques, contr\u00f4le&nbsp;pollution, etc. Notez que le diagnostic automobile peut m\u00eame \u00eatre rembours\u00e9 au garagiste si vous faites les r\u00e9parations chez lui !<\/p>\n","protected":false},"excerpt":{"rendered":"<p>Un voyant s\u2019est allum\u00e9 sur votre tableau de bord, et c\u2019est un peu la panique\u2009? D\u00e9tendez-vous et prenez rendez-vous pour un diagnostic auto \u00e0 domicile\u2009! Gr\u00e2ce \u00e0 ce service, un m\u00e9canicien se d\u00e9place jusque chez vous pour analyser le probl\u00e8me et vous apporter une solution. Coup d\u2019\u0153il sur cette prestation sur mesure, qui va changer [&hellip;]<\/p>\n","protected":false},"author":34,"featured_media":10003,"parent":12553,"menu_order":0,"comment_status":"closed","ping_status":"closed","template":"template_seo.php","meta":{"_acf_changed":false,"footnotes":""},"class_list":["post-12586","page","type-page","status-publish","has-post-thumbnail","hentry"],"acf":[],"yoast_head":"<!-- This site is optimized with the Yoast SEO plugin v27.3 - https:\/\/yoast.com\/product\/yoast-seo-wordpress\/ -->\n<title>Diagnostic auto \u00e0 domicile : tout savoir<\/title>\n<meta name=\"description\" content=\"D\u00e9couvrez comment r\u00e9aliser un diagnostic auto \u00e0 domicile avec notre guide d\u00e9taill\u00e9. Commencez d\u00e8s maintenant \u00e0 diagnostiquer votre v\u00e9hicule sans quitter votre maison. Apprenez-en plus ici !\" \/>\n<meta name=\"robots\" content=\"index, follow, max-snippet:-1, max-image-preview:large, max-video-preview:-1\" \/>\n<link rel=\"canonical\" href=\"https:\/\/leocare.eu\/fr\/assurance-auto-en-ligne\/sinistre\/reparations\/diagnostic\/domicile\/\" \/>\n<meta property=\"og:locale\" content=\"fr_FR\" \/>\n<meta property=\"og:type\" content=\"article\" \/>\n<meta property=\"og:title\" content=\"Diagnostic auto \u00e0 domicile : tout savoir\" \/>\n<meta property=\"og:description\" content=\"D\u00e9couvrez comment r\u00e9aliser un diagnostic auto \u00e0 domicile avec notre guide d\u00e9taill\u00e9. Commencez d\u00e8s maintenant \u00e0 diagnostiquer votre v\u00e9hicule sans quitter votre maison. Apprenez-en plus ici !\" \/>\n<meta property=\"og:url\" content=\"https:\/\/leocare.eu\/fr\/assurance-auto-en-ligne\/sinistre\/reparations\/diagnostic\/domicile\/\" \/>\n<meta property=\"og:site_name\" content=\"Leocare, assurance en ligne automobile et habitation\" \/>\n<meta property=\"article:modified_time\" content=\"2026-04-07T14:36:22+00:00\" \/>\n<meta property=\"og:image\" content=\"https:\/\/leocare.eu\/fr\/wp-content\/uploads\/2022\/12\/Diagnostic-a-domicile.jpg\" \/>\n\t<meta property=\"og:image:width\" content=\"1800\" \/>\n\t<meta property=\"og:image:height\" content=\"1200\" \/>\n\t<meta property=\"og:image:type\" content=\"image\/jpeg\" \/>\n<meta name=\"twitter:card\" content=\"summary_large_image\" \/>\n<meta name=\"twitter:label1\" content=\"Dur\u00e9e de lecture estim\u00e9e\" \/>\n\t<meta name=\"twitter:data1\" content=\"6 minutes\" \/>\n<!-- \/ Yoast SEO plugin. -->","yoast_head_json":{"title":"Diagnostic auto \u00e0 domicile : tout savoir","description":"D\u00e9couvrez comment r\u00e9aliser un diagnostic auto \u00e0 domicile avec notre guide d\u00e9taill\u00e9. Commencez d\u00e8s maintenant \u00e0 diagnostiquer votre v\u00e9hicule sans quitter votre maison. Apprenez-en plus ici !","robots":{"index":"index","follow":"follow","max-snippet":"max-snippet:-1","max-image-preview":"max-image-preview:large","max-video-preview":"max-video-preview:-1"},"canonical":"https:\/\/leocare.eu\/fr\/assurance-auto-en-ligne\/sinistre\/reparations\/diagnostic\/domicile\/","og_locale":"fr_FR","og_type":"article","og_title":"Diagnostic auto \u00e0 domicile : tout savoir","og_description":"D\u00e9couvrez comment r\u00e9aliser un diagnostic auto \u00e0 domicile avec notre guide d\u00e9taill\u00e9. Commencez d\u00e8s maintenant \u00e0 diagnostiquer votre v\u00e9hicule sans quitter votre maison. Apprenez-en plus ici !","og_url":"https:\/\/leocare.eu\/fr\/assurance-auto-en-ligne\/sinistre\/reparations\/diagnostic\/domicile\/","og_site_name":"Leocare, assurance en ligne automobile et habitation","article_modified_time":"2026-04-07T14:36:22+00:00","og_image":[{"width":1800,"height":1200,"url":"https:\/\/leocare.eu\/fr\/wp-content\/uploads\/2022\/12\/Diagnostic-a-domicile.jpg","type":"image\/jpeg"}],"twitter_card":"summary_large_image","twitter_misc":{"Dur\u00e9e de lecture estim\u00e9e":"6 minutes"},"schema":{"@context":"https:\/\/schema.org","@graph":[{"@type":"WebPage","@id":"https:\/\/leocare.eu\/fr\/assurance-auto-en-ligne\/sinistre\/reparations\/diagnostic\/domicile\/","url":"https:\/\/leocare.eu\/fr\/assurance-auto-en-ligne\/sinistre\/reparations\/diagnostic\/domicile\/","name":"Diagnostic auto \u00e0 domicile : tout savoir","isPartOf":{"@id":"https:\/\/leocare.eu\/fr\/#website"},"primaryImageOfPage":{"@id":"https:\/\/leocare.eu\/fr\/assurance-auto-en-ligne\/sinistre\/reparations\/diagnostic\/domicile\/#primaryimage"},"image":{"@id":"https:\/\/leocare.eu\/fr\/assurance-auto-en-ligne\/sinistre\/reparations\/diagnostic\/domicile\/#primaryimage"},"thumbnailUrl":"https:\/\/leocare.eu\/fr\/wp-content\/uploads\/2022\/12\/Diagnostic-a-domicile.jpg","datePublished":"2023-01-06T15:30:10+00:00","dateModified":"2026-04-07T14:36:22+00:00","description":"D\u00e9couvrez comment r\u00e9aliser un diagnostic auto \u00e0 domicile avec notre guide d\u00e9taill\u00e9. Commencez d\u00e8s maintenant \u00e0 diagnostiquer votre v\u00e9hicule sans quitter votre maison. Apprenez-en plus ici !","breadcrumb":{"@id":"https:\/\/leocare.eu\/fr\/assurance-auto-en-ligne\/sinistre\/reparations\/diagnostic\/domicile\/#breadcrumb"},"inLanguage":"fr-FR","potentialAction":[{"@type":"ReadAction","target":["https:\/\/leocare.eu\/fr\/assurance-auto-en-ligne\/sinistre\/reparations\/diagnostic\/domicile\/"]}]},{"@type":"ImageObject","inLanguage":"fr-FR","@id":"https:\/\/leocare.eu\/fr\/assurance-auto-en-ligne\/sinistre\/reparations\/diagnostic\/domicile\/#primaryimage","url":"https:\/\/leocare.eu\/fr\/wp-content\/uploads\/2022\/12\/Diagnostic-a-domicile.jpg","contentUrl":"https:\/\/leocare.eu\/fr\/wp-content\/uploads\/2022\/12\/Diagnostic-a-domicile.jpg","width":1800,"height":1200,"caption":"Diagnostic Auto A Domicile"},{"@type":"WebSite","@id":"https:\/\/leocare.eu\/fr\/#website","url":"https:\/\/leocare.eu\/fr\/","name":"Leocare, assurance en ligne automobile et habitation","description":"enfin (r)assur\u00e9.e","publisher":{"@id":"https:\/\/leocare.eu\/fr\/#organization"},"potentialAction":[{"@type":"SearchAction","target":{"@type":"EntryPoint","urlTemplate":"https:\/\/leocare.eu\/fr\/?s={search_term_string}"},"query-input":{"@type":"PropertyValueSpecification","valueRequired":true,"valueName":"search_term_string"}}],"inLanguage":"fr-FR"},{"@type":"Organization","@id":"https:\/\/leocare.eu\/fr\/#organization","name":"Leocare, assurance en ligne automobile et habitation","url":"https:\/\/leocare.eu\/fr\/","logo":{"@type":"ImageObject","inLanguage":"fr-FR","@id":"https:\/\/leocare.eu\/fr\/#\/schema\/logo\/image\/","url":"https:\/\/leocare.eu\/fr\/wp-content\/uploads\/2020\/03\/logo-leocare.svg","contentUrl":"https:\/\/leocare.eu\/fr\/wp-content\/uploads\/2020\/03\/logo-leocare.svg","caption":"Leocare, assurance en ligne automobile et habitation"},"image":{"@id":"https:\/\/leocare.eu\/fr\/#\/schema\/logo\/image\/"}}]}},"_links":{"self":[{"href":"https:\/\/leocare.eu\/fr\/wp-json\/wp\/v2\/pages\/12586","targetHints":{"allow":["GET"]}}],"collection":[{"href":"https:\/\/leocare.eu\/fr\/wp-json\/wp\/v2\/pages"}],"about":[{"href":"https:\/\/leocare.eu\/fr\/wp-json\/wp\/v2\/types\/page"}],"author":[{"embeddable":true,"href":"https:\/\/leocare.eu\/fr\/wp-json\/wp\/v2\/users\/34"}],"replies":[{"embeddable":true,"href":"https:\/\/leocare.eu\/fr\/wp-json\/wp\/v2\/comments?post=12586"}],"version-history":[{"count":16,"href":"https:\/\/leocare.eu\/fr\/wp-json\/wp\/v2\/pages\/12586\/revisions"}],"predecessor-version":[{"id":37324,"href":"https:\/\/leocare.eu\/fr\/wp-json\/wp\/v2\/pages\/12586\/revisions\/37324"}],"up":[{"embeddable":true,"href":"https:\/\/leocare.eu\/fr\/wp-json\/wp\/v2\/pages\/12553"}],"wp:featuredmedia":[{"embeddable":true,"href":"https:\/\/leocare.eu\/fr\/wp-json\/wp\/v2\/media\/10003"}],"wp:attachment":[{"href":"https:\/\/leocare.eu\/fr\/wp-json\/wp\/v2\/media?parent=12586"}],"curies":[{"name":"wp","href":"https:\/\/api.w.org\/{rel}","templated":true}]}}