{"id":12560,"date":"2023-01-06T16:13:08","date_gmt":"2023-01-06T15:13:08","guid":{"rendered":"https:\/\/leocare.eu\/fr\/?page_id=12560"},"modified":"2026-04-07T16:36:20","modified_gmt":"2026-04-07T14:36:20","slug":"demarches","status":"publish","type":"page","link":"https:\/\/leocare.eu\/fr\/assurance-auto-en-ligne\/couverture\/formules\/specifiques\/tout-conducteur\/jeune-conducteur\/demarches\/","title":{"rendered":"Comment assurer un jeune conducteur ?"},"content":{"rendered":"\n<p>Comment assurer un jeune conducteur, parfois appel\u00e9 jeune permis ? C\u2019est la question que se pose tout parent dont l\u2019enfant vient de valider son permis B. L\u2019heure est venue, pour lui, de souscrire sa premi\u00e8re assurance auto. Mais quelle formule est la moins ch\u00e8re ? Quelles astuces permettent d\u2019avoir une bonne couverture sans pour autant avoir une prime d\u2019assurance trop \u00e9lev\u00e9e ? <a href=\"https:\/\/leocare.eu\/fr\/assurance-auto-en-ligne\/pas-cher\/\">D\u00e9couvrez comment obtenir une assurance voiture en ligne pas ch\u00e8re.<\/a><\/p>\n\n\n\n<h2 class=\"wp-block-heading\" id=\"section-1-comment-assurer-sa-voiture-lorsque-lon-est-jeune-conducteur-\"><strong>Comment assurer sa voiture lorsque l\u2019on est jeune conducteur ?<\/strong><\/h2>\n\n\n\n<p>Conduire une voiture sans assurance est interdit en France, qui que vous soyez : jeune ou moins jeune conducteur. <strong>En tant que jeune permis, vous devez donc souscrire une assurance jeune conducteur. <\/strong>Avec peu d\u2019exp\u00e9rience au volant, vous \u00eates statistiquement un profil \u00e0 risques pour les compagnies d\u2019assurances.<\/p>\n\n\n\n<p><strong>Autrement dit, vous avez plus de risques de conna\u00eetre un sinistre voiture que les automobilistes plus exp\u00e9riment\u00e9s. <\/strong>C\u2019est pourquoi l\u2019application d\u2019une surprime jeune conducteur est fr\u00e9quente, voire imm\u00e9diate. Elle peut m\u00eame doubler le montant de votre cotisation. Alors, comment assurer un jeune conducteur sans se ruiner ? Facile : contactez plusieurs assureurs pour faire jouer la concurrence, remplissez des devis et voyez lequel vous correspond le mieux.<\/p>\n\n\n\n<p>Vous avez envie de faire des&nbsp;\u00e9conomies&nbsp;tout en \u00e9tant bien couvert en cas d\u2019accident&nbsp;? Pour choisir la meilleure offre parmi les&nbsp;formules d\u2019assurance&nbsp;propos\u00e9es par les&nbsp;compagnies&nbsp;aux jeunes conducteurs, l\u2019id\u00e9al est d\u2019utiliser un&nbsp;<strong><a href=\"https:\/\/leocare.eu\/fr\/assurance-auto-en-ligne\/comparateur\/\">comparateur gratuit d\u2019assurance auto en ligne<\/a><\/strong>. En quelques minutes, vous disposerez de toutes les informations n\u00e9cessaires : <strong>montant de la&nbsp;prime d\u2019assurance&nbsp;et de la&nbsp;cotisation&nbsp;mensuelle, prise en charge des&nbsp;dommages&nbsp;(dommages mat\u00e9riels et dommages corporels), etc.<\/strong><\/p>\n\n\n\n<p>Astuce : les assurances vous ferment leurs portes ? <strong>D\u00e9tendez-vous, le Bureau Central de Tarification (BCT), appel\u00e9 aussi BCT assurance, est un organisme qui peut imposer \u00e0 une compagnie de vous assurer, avec la Responsabilit\u00e9 Civile (RC) obligatoire. <\/strong>Pour en profiter, contactez-le sans tarder !<\/p>\n\n\n\n<h2 class=\"wp-block-heading\" id=\"section-2-comment-rduire-le-cot-de-son-assurance-auto-jeune-conducteur\"><strong>Comment r\u00e9duire le co\u00fbt de son assurance auto jeune conducteur ?<\/strong><\/h2>\n\n\n\n<p>En France, <a href=\"https:\/\/leocare.eu\/fr\/assurance-auto-en-ligne\/devis\/tarifs\/\">le co\u00fbt moyen d&rsquo;une assurance auto<\/a> est de <span class=\"change-price\">1 017<\/span> \u20ac par an. Mais, comment assurer un jeune permis en faisant des \u00e9conomies ? Vous pouvez \u00eatre tent\u00e9 de pr\u00e9f\u00e9rer la seule garantie responsabilit\u00e9 civile obligatoire de l\u2019assurance auto ou peu de garanties d\u2019assurance voiture, mais attention \u00e0 la couverture en cas d\u2019accident ! <strong>Pourtant, il y a des id\u00e9es simples \u00e0 mettre en \u0153uvre pour respecter votre budget tour en profitant d\u2019une couverture \u00e9largie.<\/strong><\/p>\n\n\n\n<h3 class=\"wp-block-heading\"><strong>R\u00e9duction de la surprime avec la conduite accompagn\u00e9e<\/strong><\/h3>\n\n\n\n<p>Votre enfant a entre 15 et 18 ans ?<strong> Faites-lui passer la conduite accompagn\u00e9e ! <\/strong>Quand son permis de conduire est valid\u00e9, il a droit \u00e0 une r\u00e9duction de sa surprime de l\u2019ordre de 50 %. Besoin d\u2019y voir plus clair ? Jetez un \u0153il au tableau r\u00e9capitulatif, ci-dessous :<\/p>\n\n\n\n<figure class=\"wp-block-table\"><table class=\"has-fixed-layout\"><thead><tr><th><strong>Ann\u00e9es de souscription<\/strong><\/th><th><strong>Prime d\u2019assurance auto<\/strong><\/th><th><strong>Prime d\u2019assurance voiture avec surprime<\/strong><\/th><th><strong>Prime d\u2019assurance auto pour jeune permis avec conduite accompagn\u00e9e<\/strong><\/th><\/tr><\/thead><tbody><tr><td>1re ann\u00e9e<\/td><td><span class=\"change-price\">1 070<\/span> \u20ac annuels<\/td><td><span class=\"change-price\">2 140<\/span> \u20ac annuels<\/td><td><span class=\"change-price\">1 605<\/span> \u20ac annuels<\/td><\/tr><tr><td>2e ann\u00e9e<\/td><td><span class=\"change-price\">1 017<\/span> \u20ac annuels<\/td><td><span class=\"change-price\">1 525<\/span> \u20ac annuels<\/td><td><span class=\"change-price\">1 270<\/span> \u20ac annuels<\/td><\/tr><tr><td>3e ann\u00e9e<\/td><td><span class=\"change-price\">966<\/span> \u20ac annuels<\/td><td><span class=\"change-price\">1 207<\/span> \u20ac annuels<\/td><td><span class=\"change-price\">1 086<\/span> \u20ac annuels<\/td><\/tr><tr><td>4e ann\u00e9e<\/td><td><span class=\"change-price\">917<\/span> \u20ac annuels<\/td><td><span class=\"change-price\">917<\/span> \u20ac annuels<\/td><td><span class=\"change-price\">917<\/span> \u20ac annuels<\/td><\/tr><\/tbody><\/table><\/figure>\n\n\n\n<p>Avec la conduite accompagn\u00e9e, la surprime n\u2019est plus que de 50 % la premi\u00e8re ann\u00e9e de souscription du contrat. Elle est r\u00e9duite \u00e0 25 % la deuxi\u00e8me ann\u00e9e, puis \u00e0 12,5 % la troisi\u00e8me. <strong>La quatri\u00e8me, la prime revient \u00e0 la normale. Pas mal, non ?<\/strong><\/p>\n\n\n\n<p>La surprime impos\u00e9e aux jeunes conducteurs par les&nbsp;compagnies d\u2019assurance&nbsp;peut varier \u00e9norm\u00e9ment.<strong>&nbsp;Assurance au tiers&nbsp;ou tous risques, refusez une&nbsp;prime d\u2019assurance&nbsp;qui vous semble trop \u00e9lev\u00e9e.<\/strong><\/p>\n\n\n\n<p>\u00c0 l\u2019aide d\u2019un&nbsp;comparateur, vous aurez acc\u00e8s \u00e0 de nombreux devis de&nbsp;compagnies d\u2019assurance&nbsp;pour une<strong><a href=\"https:\/\/leocare.eu\/fr\/assurance-auto-en-ligne\/sinistre\/indemnisation\/franchise\/sans\/\">&nbsp;assurance auto sans franchise<\/a><\/strong>&nbsp;adapt\u00e9e. Vous aurez acc\u00e8s \u00e0 de nombreuses&nbsp;formules d\u2019assurance, dont certaines seront bien meilleures (cotisation&nbsp;plus faible, garantie sup\u00e9rieure sur les&nbsp;dommages accidents,&nbsp;malus&nbsp;moindre, etc.).<strong> Il n\u2019y a pas de raison qu\u2019un conducteur novice soit surtax\u00e9 durant les premi\u00e8res ann\u00e9es de sa conduite.<\/strong><\/p>\n\n\n\n<h3 class=\"wp-block-heading\"><strong>Ne pas choisir un v\u00e9hicule trop puissant<\/strong><\/h3>\n\n\n\n<p>Une assurance pour couvrir une voiture puissante est plus on\u00e9reuse, que vous soyez jeune conducteur ou pas. Pourquoi ? Car plus le v\u00e9hicule est puissant et plus le risque d\u2019accident augmente. <strong>Certaines compagnies d\u2019assurances refusent purement et simplement la souscription d\u2019une assurance jeune conducteur avec une voiture puissante.<\/strong> Ce type de refus est quasi-syst\u00e9matique quand le v\u00e9hicule d\u00e9passe les 130 chevaux. Bon \u00e0 savoir !<\/p>\n\n\n\n<p>Les\u00a0compagnies\u00a0peuvent appliquer une\u00a0surprime jeune conducteur\u00a0sur la\u00a0cotisation\u00a0et la\u00a0prime d\u2019assurance. Ces\u00a0jeunes conducteurs\u00a0sont plus susceptibles de provoquer un\u00a0accident. Utilisez un comparateur d\u2019assurance pour conna\u00eetre la<strong><a href=\"https:\/\/leocare.eu\/fr\/assurance-auto-en-ligne\/couverture\/formules\/specifiques\/tout-conducteur\/jeune-conducteur\/voitures-a-eviter\/puissantes\/fiscale\/\">\u00a0puissance fiscale maximale pour un jeune conducteur<\/a><\/strong>\u00a0autoris\u00e9e par les compagnies d\u2019assurance. <strong>Une\u00a0assurance au tiers ou m\u00eame une <a href=\"https:\/\/leocare.eu\/fr\/assurance-auto-en-ligne\/tiers\/plus\/\">formule au tiers plus<\/a>\u00a0peut \u00eatre refus\u00e9e aux\u00a0conducteurs\u00a0avec\u00a0malus\u00a0disposant d\u2019un v\u00e9hicule trop puissant.<\/strong><\/p>\n\n\n\n<section class=\"wp-block-leocare-bon-a-savoir leocare-bas\"><div class=\"leocare-bas__head\"><img decoding=\"async\" class=\"leocare-bas__icon\" src=\"https:\/\/leocare.eu\/fr\/wp-content\/themes\/leocare-new\/assets\/img\/icon-alert-purple.svg\" alt=\"icon alerte\"\/><h3 class=\"leocare-bas__title\">Tout savoir sur l&rsquo;assurance au tiers<\/h3><\/div><div class=\"leocare-bas__content\">\n<p><a href=\"https:\/\/leocare.eu\/fr\/assurance-auto-en-ligne\/tiers\/\">L&rsquo;assurance au tiers<\/a> constitue le niveau de protection minimal obligatoire pour circuler, <strong>couvrant uniquement les dommages mat\u00e9riels et corporels caus\u00e9s \u00e0 autrui via la responsabilit\u00e9 civile. <\/strong>Bien qu&rsquo;elle soit la formule la plus \u00e9conomique, il est essentiel de v\u00e9rifier les garanties d&rsquo;assistance incluses pour ne pas se retrouver d\u00e9pourvu en cas de panne.<\/p>\n<\/div><\/section>\n\n\n\n<h3 class=\"wp-block-heading\"><strong>Souscrire en tant que conducteur secondaire sur le contrat des parents<\/strong><\/h3>\n\n\n\n<p>Comment assurer un jeune conducteur sur l\u2019assurance des parents ? En l\u2019ajoutant comme conducteur suppl\u00e9mentaire. <strong>Cette astuce, qui peut s\u2019appeler assurance auto tout conducteur, n\u2019a que des avantages :<\/strong><\/p>\n\n\n\n<ul class=\"wp-block-list\">\n<li><strong>Le montant de la surprime est revu \u00e0 la baisse,<\/strong> car le temps de conduite du jeune conducteur diminue statistiquement, en tant que conducteur secondaire.<\/li>\n\n\n\n<li><strong>Ce dernier profite de votre Coefficient R\u00e9duction-Majoration (CRM), <\/strong>appel\u00e9 aussi bonus-malus, tout en contribuant aussi\u2026<\/li>\n\n\n\n<li><strong>Il conduit le m\u00eame v\u00e9hicule que celui utilis\u00e9 pendant la conduite accompagn\u00e9e, <\/strong>r\u00e9duisant ainsi le risque d\u2019accident.<\/li>\n<\/ul>\n\n\n\n<p>Cette offre d\u2019assurance automobile&nbsp;est vraiment adapt\u00e9e aux&nbsp;jeunes conducteurs. Aidez-vous d\u2019un comparateur pour visualiser les <a href=\"https:\/\/leocare.eu\/fr\/assurance-auto-en-ligne\/devis\/tarifs\/promotions\/\">tarifs de votre assurance auto<\/a> et garanties (notamment pour les&nbsp;dommages tous accidents). Contactez votre&nbsp;compagnie&nbsp;pour&nbsp;<strong><a href=\"https:\/\/leocare.eu\/fr\/assurance-auto-en-ligne\/couverture\/formules\/specifiques\/tout-conducteur\/\">bien comprendre le fonctionnement de l\u2019assurance auto tout conducteur<\/a><\/strong>. <strong>Normalement, votre&nbsp;prime d\u2019assurance&nbsp;ne s\u2019envole pas et votre&nbsp;malus&nbsp;n\u2019augmente pas en cas d\u2019accident&nbsp;provoqu\u00e9 par l\u2019un des&nbsp;conducteurs&nbsp;secondaires.&nbsp;<\/strong><\/p>\n\n\n\n<p>Le saviez-vous ? Lorsque vos parents vous ajoutent comme sur l\u2019app Leocare, vous partagez le coefficient bonus-malus du m\u00eame v\u00e9hicule. <strong>Ajoutez votre profil jeune conducteur en 4 minutes et \u00e9vitez la surprime ! <\/strong>Simple et \u00e9conomique ! Soyez le bienvenu chez Leocare.<\/p>\n\n\n\n<h3 class=\"wp-block-heading\"><strong>Choisir l\u2019assurance la plus adapt\u00e9e<\/strong><\/h3>\n\n\n\n<p>Adaptez votre contrat d\u2019assurance \u00e0 vos besoins et \u00e0 votre profil conducteur est cl\u00e9 ! Si possible, choisissez d\u2019assurer une voiture d\u2019occasion plut\u00f4t qu\u2019une voiture neuve. De facto, cela co\u00fbte moins cher. Vous avez d\u00e9j\u00e0 un v\u00e9hicule, comme une <a href=\"https:\/\/leocare.eu\/fr\/assurance-auto-en-ligne\/opel\/corsa\/\">Opel Corsa<\/a> ?<strong> Trois formules d\u2019assurance sont \u00e0 votre disposition :<\/strong><\/p>\n\n\n\n<ul class=\"wp-block-list\">\n<li><strong>Le tiers : <\/strong>c\u2019est la base, celle qui comprend la garantie Responsabilit\u00e9 Civile. Chez Leocare, vous b\u00e9n\u00e9ficiez aussi de l\u2019assistance 0 km, de la garantie protection conducteur (jusqu\u2019\u00e0 1 000 000 \u20ac de couverture ) et de la d\u00e9fense recours, et ce, gratuitement. Pas mal, non ?<\/li>\n\n\n\n<li><strong>Le tiers interm\u00e9diaire ou tiers plus chez Leocare :<\/strong> votre couverture est \u00e9largie gr\u00e2ce \u00e0 plusieurs garanties suppl\u00e9mentaires. Chez Leocare, elles ne sont pas en option, elles sont comprises dans la formule tiers plus et sont gratuites.<\/li>\n\n\n\n<li><strong>L\u2019assurance tous risques :<\/strong> elle couvre tout type de sinistre gr\u00e2ce \u00e0 la garantie dommages tous accidents, que vous soyez responsable ou pas.<\/li>\n<\/ul>\n\n\n\n<p>Une offre sp\u00e9cifique d\u2019assurance automobile&nbsp;peut convenir aux&nbsp;jeunes conducteurs. Il s\u2019agit de l\u2019<strong><a href=\"https:\/\/leocare.eu\/fr\/assurance-auto-en-ligne\/couverture\/formules\/specifiques\/au-km\/auto-connectee\/phyd\/\">assurance auto pay how you drive<\/a><\/strong>. Toutes les&nbsp;compagnies d\u2019assurance&nbsp;ne la proposent pas. Elle ne se distingue pas d\u2019une assurance au tiers pour l\u2019indemnisation d\u2019un&nbsp;accident, mais elle permet de r\u00e9aliser de belles&nbsp;\u00e9conomies&nbsp;sur sa&nbsp;prime d\u2019assurance. Renseignez-vous aupr\u00e8s de votre&nbsp;compagnie&nbsp;!<\/p>\n\n\n\n<p>Parmi les autres&nbsp;formules d\u2019assurance, certaines&nbsp;compagnies&nbsp;proposent aux&nbsp;jeunes conducteurs&nbsp;de&nbsp;<strong><a href=\"https:\/\/leocare.eu\/fr\/assurance-auto-en-ligne\/couverture\/formules\/specifiques\/au-km\/\">souscrire une assurance auto au kilom\u00e8tre<\/a><\/strong>. La&nbsp;cotisation&nbsp;et la&nbsp;prime d\u2019assurance&nbsp;sont moindres que pour une&nbsp;assurance automobile&nbsp;classique. <strong>Ces&nbsp;\u00e9conomies&nbsp;ne se font pas au d\u00e9triment de la garantie&nbsp;dommages tous accidents&nbsp;qui est en revanche \u00e9quivalente.<\/strong><\/p>\n\n\n\n<h2 class=\"wp-block-heading\" id=\"section-3-assurance-auto-jeune-conducteur-quels-sont-les-documents-req\"><strong>Assurance auto jeune conducteur : quels sont les documents requis ?<\/strong><\/h2>\n\n\n\n<p>Pour souscrire un contrat v\u00e9hicule, les informations de la carte grise sont n\u00e9cessaires pour conna\u00eetre la voiture assur\u00e9e. Le mod\u00e8le d\u2019auto ainsi que sa puissance ou son anciennet\u00e9 doivent \u00eatre \u00e9galement renseign\u00e9s. <strong>Mais pour \u00eatre ajout\u00e9 en tant que jeune conducteur sur le contrat de vos parents, c\u2019est encore plus simple avec Leocare.<\/strong><\/p>\n\n\n\n<p>Rendez-vous sur notre app avec vos parents\u2026 Contactez un Leoconseiller. Dans le message, envoyez un scan de votre permis de conduire en recto verso ainsi qu\u2019un relev\u00e9 d\u2019information (RI) si vous avez d\u00e9j\u00e0 \u00e9t\u00e9 assur\u00e9 auparavant. Si c\u2019est la premi\u00e8re fois, oubliez le relev\u00e9 d\u2019information.<strong> Ensuite, c\u2019est notre Leoconseiller qui se charge de tout : il vous envoie un devis par e-mail dans les minutes qui suivent.<\/strong> D\u00e8s r\u00e9ception, vous n\u2019avez plus qu\u2019\u00e0 le signer \u00e9lectroniquement pour g\u00e9n\u00e9rer le nouveau contrat. C\u2019est simple et efficace. Bienvenue dans le monde de la n\u00e9o-assurance de Leocare.<\/p>\n\n\n\n<p>Vous avez encore des doutes sur les&nbsp;formules d\u2019assurance&nbsp;propos\u00e9es par les&nbsp;compagnies&nbsp;? Vous ne savez que choisir entre assurance au tiers et&nbsp;assurance automobile&nbsp;sp\u00e9cifique&nbsp;jeunes conducteurs&nbsp;? N\u2019h\u00e9sitez pas \u00e0 consulter&nbsp;<strong><a href=\"https:\/\/leocare.eu\/fr\/assurance-auto-en-ligne\/comparateur\/bien-choisir\/\">nos 10 conseils pour choisir son assurance auto<\/a><\/strong>. Autre solution : utilisez un&nbsp;comparateur&nbsp;! <strong>Vous aurez ainsi acc\u00e8s aux offres de nombreuses&nbsp;compagnies d\u2019assurance&nbsp;et conna\u00eetrez tout de ce qu\u2019elles r\u00e9servent aux&nbsp;conducteurs&nbsp;(prime d\u2019assurance,&nbsp;cotisation,&nbsp;malus&nbsp;en cas d\u2019accident, etc.) !<\/strong><\/p>\n","protected":false},"excerpt":{"rendered":"<p>Comment assurer un jeune conducteur, parfois appel\u00e9 jeune permis ? C\u2019est la question que se pose tout parent dont l\u2019enfant vient de valider son permis B. L\u2019heure est venue, pour lui, de souscrire sa premi\u00e8re assurance auto. Mais quelle formule est la moins ch\u00e8re ? Quelles astuces permettent d\u2019avoir une bonne couverture sans pour autant [&hellip;]<\/p>\n","protected":false},"author":34,"featured_media":9946,"parent":12392,"menu_order":0,"comment_status":"closed","ping_status":"closed","template":"template_seo.php","meta":{"_acf_changed":false,"footnotes":""},"class_list":["post-12560","page","type-page","status-publish","has-post-thumbnail","hentry"],"acf":[],"yoast_head":"<!-- This site is optimized with the Yoast SEO plugin v27.3 - https:\/\/yoast.com\/product\/yoast-seo-wordpress\/ -->\n<title>Comment assurer un jeune conducteur ?<\/title>\n<meta name=\"description\" content=\"D\u00e9couvrez comment assurer un jeune conducteur efficacement. Explorez notre guide pratique, prenez les bonnes d\u00e9cisions. Cliquez pour en savoir plus.\" \/>\n<meta name=\"robots\" content=\"index, follow, max-snippet:-1, max-image-preview:large, max-video-preview:-1\" \/>\n<link rel=\"canonical\" href=\"https:\/\/leocare.eu\/fr\/assurance-auto-en-ligne\/couverture\/formules\/specifiques\/tout-conducteur\/jeune-conducteur\/demarches\/\" \/>\n<meta property=\"og:locale\" content=\"fr_FR\" \/>\n<meta property=\"og:type\" content=\"article\" \/>\n<meta property=\"og:title\" content=\"Comment assurer un jeune conducteur ?\" \/>\n<meta property=\"og:description\" content=\"D\u00e9couvrez comment assurer un jeune conducteur efficacement. Explorez notre guide pratique, prenez les bonnes d\u00e9cisions. Cliquez pour en savoir plus.\" \/>\n<meta property=\"og:url\" content=\"https:\/\/leocare.eu\/fr\/assurance-auto-en-ligne\/couverture\/formules\/specifiques\/tout-conducteur\/jeune-conducteur\/demarches\/\" \/>\n<meta property=\"og:site_name\" content=\"Leocare, assurance en ligne automobile et habitation\" \/>\n<meta property=\"article:modified_time\" content=\"2026-04-07T14:36:20+00:00\" \/>\n<meta property=\"og:image\" content=\"https:\/\/leocare.eu\/fr\/wp-content\/uploads\/2022\/12\/assurance-jeune-permis.jpg\" \/>\n\t<meta property=\"og:image:width\" content=\"1800\" \/>\n\t<meta property=\"og:image:height\" content=\"1200\" \/>\n\t<meta property=\"og:image:type\" content=\"image\/jpeg\" \/>\n<meta name=\"twitter:card\" content=\"summary_large_image\" \/>\n<meta name=\"twitter:label1\" content=\"Dur\u00e9e de lecture estim\u00e9e\" \/>\n\t<meta name=\"twitter:data1\" content=\"9 minutes\" \/>\n<!-- \/ Yoast SEO plugin. -->","yoast_head_json":{"title":"Comment assurer un jeune conducteur ?","description":"D\u00e9couvrez comment assurer un jeune conducteur efficacement. Explorez notre guide pratique, prenez les bonnes d\u00e9cisions. Cliquez pour en savoir plus.","robots":{"index":"index","follow":"follow","max-snippet":"max-snippet:-1","max-image-preview":"max-image-preview:large","max-video-preview":"max-video-preview:-1"},"canonical":"https:\/\/leocare.eu\/fr\/assurance-auto-en-ligne\/couverture\/formules\/specifiques\/tout-conducteur\/jeune-conducteur\/demarches\/","og_locale":"fr_FR","og_type":"article","og_title":"Comment assurer un jeune conducteur ?","og_description":"D\u00e9couvrez comment assurer un jeune conducteur efficacement. Explorez notre guide pratique, prenez les bonnes d\u00e9cisions. Cliquez pour en savoir plus.","og_url":"https:\/\/leocare.eu\/fr\/assurance-auto-en-ligne\/couverture\/formules\/specifiques\/tout-conducteur\/jeune-conducteur\/demarches\/","og_site_name":"Leocare, assurance en ligne automobile et habitation","article_modified_time":"2026-04-07T14:36:20+00:00","og_image":[{"width":1800,"height":1200,"url":"https:\/\/leocare.eu\/fr\/wp-content\/uploads\/2022\/12\/assurance-jeune-permis.jpg","type":"image\/jpeg"}],"twitter_card":"summary_large_image","twitter_misc":{"Dur\u00e9e de lecture estim\u00e9e":"9 minutes"},"schema":{"@context":"https:\/\/schema.org","@graph":[{"@type":"WebPage","@id":"https:\/\/leocare.eu\/fr\/assurance-auto-en-ligne\/couverture\/formules\/specifiques\/tout-conducteur\/jeune-conducteur\/demarches\/","url":"https:\/\/leocare.eu\/fr\/assurance-auto-en-ligne\/couverture\/formules\/specifiques\/tout-conducteur\/jeune-conducteur\/demarches\/","name":"Comment assurer un jeune conducteur ?","isPartOf":{"@id":"https:\/\/leocare.eu\/fr\/#website"},"primaryImageOfPage":{"@id":"https:\/\/leocare.eu\/fr\/assurance-auto-en-ligne\/couverture\/formules\/specifiques\/tout-conducteur\/jeune-conducteur\/demarches\/#primaryimage"},"image":{"@id":"https:\/\/leocare.eu\/fr\/assurance-auto-en-ligne\/couverture\/formules\/specifiques\/tout-conducteur\/jeune-conducteur\/demarches\/#primaryimage"},"thumbnailUrl":"https:\/\/leocare.eu\/fr\/wp-content\/uploads\/2022\/12\/assurance-jeune-permis.jpg","datePublished":"2023-01-06T15:13:08+00:00","dateModified":"2026-04-07T14:36:20+00:00","description":"D\u00e9couvrez comment assurer un jeune conducteur efficacement. Explorez notre guide pratique, prenez les bonnes d\u00e9cisions. Cliquez pour en savoir plus.","breadcrumb":{"@id":"https:\/\/leocare.eu\/fr\/assurance-auto-en-ligne\/couverture\/formules\/specifiques\/tout-conducteur\/jeune-conducteur\/demarches\/#breadcrumb"},"inLanguage":"fr-FR","potentialAction":[{"@type":"ReadAction","target":["https:\/\/leocare.eu\/fr\/assurance-auto-en-ligne\/couverture\/formules\/specifiques\/tout-conducteur\/jeune-conducteur\/demarches\/"]}]},{"@type":"ImageObject","inLanguage":"fr-FR","@id":"https:\/\/leocare.eu\/fr\/assurance-auto-en-ligne\/couverture\/formules\/specifiques\/tout-conducteur\/jeune-conducteur\/demarches\/#primaryimage","url":"https:\/\/leocare.eu\/fr\/wp-content\/uploads\/2022\/12\/assurance-jeune-permis.jpg","contentUrl":"https:\/\/leocare.eu\/fr\/wp-content\/uploads\/2022\/12\/assurance-jeune-permis.jpg","width":1800,"height":1200,"caption":"Assurance Jeune Permis"},{"@type":"WebSite","@id":"https:\/\/leocare.eu\/fr\/#website","url":"https:\/\/leocare.eu\/fr\/","name":"Leocare, assurance en ligne automobile et habitation","description":"enfin (r)assur\u00e9.e","publisher":{"@id":"https:\/\/leocare.eu\/fr\/#organization"},"potentialAction":[{"@type":"SearchAction","target":{"@type":"EntryPoint","urlTemplate":"https:\/\/leocare.eu\/fr\/?s={search_term_string}"},"query-input":{"@type":"PropertyValueSpecification","valueRequired":true,"valueName":"search_term_string"}}],"inLanguage":"fr-FR"},{"@type":"Organization","@id":"https:\/\/leocare.eu\/fr\/#organization","name":"Leocare, assurance en ligne automobile et habitation","url":"https:\/\/leocare.eu\/fr\/","logo":{"@type":"ImageObject","inLanguage":"fr-FR","@id":"https:\/\/leocare.eu\/fr\/#\/schema\/logo\/image\/","url":"https:\/\/leocare.eu\/fr\/wp-content\/uploads\/2020\/03\/logo-leocare.svg","contentUrl":"https:\/\/leocare.eu\/fr\/wp-content\/uploads\/2020\/03\/logo-leocare.svg","caption":"Leocare, assurance en ligne automobile et habitation"},"image":{"@id":"https:\/\/leocare.eu\/fr\/#\/schema\/logo\/image\/"}}]}},"_links":{"self":[{"href":"https:\/\/leocare.eu\/fr\/wp-json\/wp\/v2\/pages\/12560","targetHints":{"allow":["GET"]}}],"collection":[{"href":"https:\/\/leocare.eu\/fr\/wp-json\/wp\/v2\/pages"}],"about":[{"href":"https:\/\/leocare.eu\/fr\/wp-json\/wp\/v2\/types\/page"}],"author":[{"embeddable":true,"href":"https:\/\/leocare.eu\/fr\/wp-json\/wp\/v2\/users\/34"}],"replies":[{"embeddable":true,"href":"https:\/\/leocare.eu\/fr\/wp-json\/wp\/v2\/comments?post=12560"}],"version-history":[{"count":26,"href":"https:\/\/leocare.eu\/fr\/wp-json\/wp\/v2\/pages\/12560\/revisions"}],"predecessor-version":[{"id":39860,"href":"https:\/\/leocare.eu\/fr\/wp-json\/wp\/v2\/pages\/12560\/revisions\/39860"}],"up":[{"embeddable":true,"href":"https:\/\/leocare.eu\/fr\/wp-json\/wp\/v2\/pages\/12392"}],"wp:featuredmedia":[{"embeddable":true,"href":"https:\/\/leocare.eu\/fr\/wp-json\/wp\/v2\/media\/9946"}],"wp:attachment":[{"href":"https:\/\/leocare.eu\/fr\/wp-json\/wp\/v2\/media?parent=12560"}],"curies":[{"name":"wp","href":"https:\/\/api.w.org\/{rel}","templated":true}]}}