{"id":12557,"date":"2023-01-06T16:35:05","date_gmt":"2023-01-06T15:35:05","guid":{"rendered":"https:\/\/leocare.eu\/fr\/?page_id=12557"},"modified":"2026-04-07T16:36:19","modified_gmt":"2026-04-07T14:36:19","slug":"voitures-a-eviter","status":"publish","type":"page","link":"https:\/\/leocare.eu\/fr\/assurance-auto-en-ligne\/couverture\/formules\/specifiques\/tout-conducteur\/jeune-conducteur\/voitures-a-eviter\/","title":{"rendered":"Quelles sont les voitures \u00e0 \u00e9viter pour un jeune conducteur ?"},"content":{"rendered":"\n<p>Trouver une bonne assurance auto n\u2019est pas facile, et ce, d\u2019autant plus si vous \u00eates jeune conducteur. Les assureurs estiment que votre profil est plus risqu\u00e9 \u00e0 cause de votre manque d\u2019exp\u00e9rience. Voiture puissante, d\u2019occasion, peu ch\u00e8re, essence ou diesel\u2026 Le choix du v\u00e9hicule impacte directement le tarif de votre assurance jeune conducteur. Leocare, le n\u00e9o-assureur qui prend soin de vous, fait le tour des v\u00e9hicules \u00e0 \u00e9viter, si vous ne voulez pas voir votre cotisation s\u2019enflammer.<\/p>\n\n\n\n\n\n<h2 class=\"wp-block-heading\" id=\"section-1-certains-vhicules-sont-ils-interdits-la-conduite-pour-les-je\"><strong>Certains v\u00e9hicules sont-ils interdits \u00e0 la conduite pour les jeunes conducteurs ?<\/strong><\/h2>\n\n\n\n<p>Il n\u2019y a pas d\u2019interdiction concernant le type de voiture que vous pouvez conduire. Rien ne peut vous emp\u00eacher de choisir votre v\u00e9hicule et de trouver une assurance.\u00a0Les\u00a0compagnies\u00a0accueillent bien volontiers les\u00a0jeunes conducteurs, y compris avec\u00a0malus.<strong> Par contre, elles appliquent une\u00a0surprime jeune conducteur\u00a0sp\u00e9cifique pour une\u00a0assurance au tiers\u00a0ou toute autre formule.<\/strong> En utilisant un\u00a0comparateur, il est possible de r\u00e9aliser de jolies\u00a0\u00e9conomies\u00a0pour son\u00a0<strong><a href=\"https:\/\/leocare.eu\/fr\/assurance-auto-en-ligne\/couverture\/formules\/specifiques\/tout-conducteur\/jeune-conducteur\/\">assurance auto pour jeune conducteur<\/a><\/strong>. En revanche, veillez \u00e0 ne pas r\u00e9duire les garanties en cas d\u2019accident\u00a0avec\u00a0dommages.<\/p>\n\n\n\n<p>Avec un\u00a0comparateur, il est \u00e9galement possible de trouver des\u00a0compagnies d\u2019assurance\u00a0proposant une\u00a0<strong><a href=\"https:\/\/leocare.eu\/fr\/assurance-auto-en-ligne\/couverture\/formules\/specifiques\/tout-conducteur\/jeune-conducteur\/voitures-a-eviter\/puissantes\/\">assurance jeune conducteur pour voiture puissante<\/a><\/strong>, qu\u2019il s\u2019agisse d\u2019une\u00a0assurance au tiers\u00a0ou d\u2019une assurance tous risques. <strong>Avec une telle formule d\u2019assurance auto jeune conducteur, les droits et devoirs seront les m\u00eames que pour les autres\u00a0automobilistes<\/strong>\u00a0(indemnisation des\u00a0dommages\u00a0suite \u00e0 un\u00a0accident,\u00a0malus, etc.).\u00a0Le seul risque, c\u2019est de voir le prix de l\u2019assurance auto grimper.<\/p>\n\n\n\n<p><strong>Lors de la souscription de votre contrat, une surprime peut \u00eatre appliqu\u00e9e \u00e0 votre cotisation,<\/strong> \u00e0 la discr\u00e9tion de l\u2019assureur.\u00a0Cette\u00a0surprime conducteur\u00a0correspond \u00e0 une majoration qu\u2019appliquent les\u00a0compagnies d\u2019assurance\u00a0\u00e0 la cotisation des\u00a0jeunes conducteurs. Ces derniers sont en effet plus susceptibles d\u2019\u00eatre implaiqu\u00e9s dans un\u00a0accident de par leur jeune exp\u00e9rience sur la route. Pour\u00a0<strong><a href=\"https:\/\/leocare.eu\/fr\/assurance-auto-en-ligne\/devis\/tarifs\/surprime\/\">en savoir plus sur la surprime d\u2019assurance auto<\/a><\/strong>, contactez directement votre assureur. Ce surco\u00fbt s\u2019applique sur toutes les formules, y compris l\u2019assurance tiers.\u00a0<\/p>\n\n\n\n<p>Pour limiter l\u2019impact de la&nbsp;surprime jeune conducteur&nbsp;impos\u00e9e par les&nbsp;compagnies d\u2019assurance, il est possible d\u2019<strong><a href=\"https:\/\/leocare.eu\/fr\/assurance-auto-en-ligne\/couverture\/formules\/specifiques\/tout-conducteur\/jeune-conducteur\/parents\/\">assurer un jeune conducteur sur l\u2019assurance des parents<\/a><\/strong>&nbsp;(assurance au tiers&nbsp;ou tous risques). Attention, en cas d\u2019accident&nbsp;avec&nbsp;dommages&nbsp;responsables, le malus est affect\u00e9 au v\u00e9hicule conduit par le novice.<\/p>\n\n\n\n<div class=\"bon-a-savoir\">\n\n\n\n<p>Bon \u00e0 savoir :<\/p>\n\n\n\n<p>Lors de la souscription de votre assurance auto jeune conducteur, une surprime peut \u00eatre appliqu\u00e9e \u00e0 votre contrat, \u00e0 la discr\u00e9tion de l\u2019assureur.<\/p>\n\n\n\n<\/div>\n\n\n\n<h2 class=\"wp-block-heading\" id=\"section-2-assurance-auto-quelles-voitures-viter-lorsquon-est-jeune-con\"><strong>Assurance auto : quelles voitures \u00e9viter lorsqu\u2019on est jeune conducteur ?<\/strong><\/h2>\n\n\n\n<p>Il existe des voitures qui augmentent le prix de l\u2019assurance jeune conducteur. Mieux vaut les conna\u00eetre avant de souscrire un contrat.<\/p>\n\n\n\n<h3 class=\"wp-block-heading\"><strong>Type de v\u00e9hicule<\/strong><\/h3>\n\n\n\n<p>Vous souhaitez savoir quelle voiture \u00e9viter pour un jeune conducteur ? <strong>Une voiture toute neuve, ch\u00e8re et puissante n\u2019est pas recommand\u00e9e. <\/strong>Pour ce type de v\u00e9hicule, le prix de l\u2019assurance auto est plus \u00e9lev\u00e9. Cela s\u2019explique par un co\u00fbt des r\u00e9parations plus \u00e9lev\u00e9 en cas de sinistre, et un risque d\u2019accident accru du fait du nombre de cylindres. Les compagnies d\u2019assurance vont alors gonfler le montant de la surprime jeune conducteur.<\/p>\n\n\n\n<p>Vous \u00eates un jeune conducteur ? Nous vous conseillons de choisir une voiture d\u2019occasion. Votre assurance auto est alors nettement moins ch\u00e8re.<strong> Avec une assurance au tiers, vous r\u00e9duisez encore le co\u00fbt.<\/strong> <a href=\"https:\/\/leocare.eu\/fr\/assurance-auto-en-ligne\/tiers\/\">D\u00e9couvrez ici notre guide complet sur l&rsquo;assurance voiture au tiers.<\/a><\/p>\n\n\n\n<p>Parmi les formules d\u2019assurances auto jeune conducteur, certaines\u00a0compagnies\u00a0proposent une offre sp\u00e9cifique d\u2019<strong><a href=\"https:\/\/leocare.eu\/fr\/assurance-auto-en-ligne\/couverture\/formules\/specifiques\/tout-conducteur\/jeune-conducteur\/etudiant\/\">assurance auto \u00e9tudiant<\/a><\/strong>\u00a0(m\u00eame ceux avec\u00a0malus\u00a0!). <strong>C\u2019est un bon moyen de faire des\u00a0\u00e9conomies\u00a0pour les\u00a0conducteurs\u00a0concern\u00e9s. <\/strong>Avec un\u00a0comparateur, vous pouvez \u00e9valuer l\u2019indemnisation des\u00a0dommages\u00a0en cas d\u2019accident.\u00a0<\/p>\n\n\n\n<h3 class=\"wp-block-heading\"><strong>Puissance fiscale du v\u00e9hicule<\/strong><\/h3>\n\n\n\n<p>Mod\u00e8le, marque, prix, type de v\u00e9hicule\u2026 en plus de ces facteurs, un autre \u00e9l\u00e9ment a un impact direct sur le tarif de votre prime d\u2019assurance. Il s\u2019agit de la puissance fiscale de votre v\u00e9hicule.&nbsp;Pour \u00e9viter une&nbsp;surprime jeune conducteur&nbsp;trop \u00e9lev\u00e9e, mieux vaut se renseigner aupr\u00e8s de diverses&nbsp;compagnies&nbsp;de leur&nbsp;<strong><a href=\"https:\/\/leocare.eu\/fr\/assurance-auto-en-ligne\/couverture\/formules\/specifiques\/tout-conducteur\/jeune-conducteur\/voitures-a-eviter\/puissantes\/fiscale\/\">recommandation sur la puissance fiscale maximale pour un jeune conducteur<\/a><\/strong>, surtout si vous avez du&nbsp;malus. Avec une&nbsp;assurance au tiers, seuls les&nbsp;dommages&nbsp;inflig\u00e9s lors d\u2019un&nbsp;accident&nbsp;responsable sont indemnis\u00e9s.&nbsp;Les assureurs consid\u00e8rent g\u00e9n\u00e9ralement un v\u00e9hicule comme puissant s\u2019il dispose de 6 chevaux fiscaux ou plus.<\/p>\n\n\n\n<p>Pour les compagnies d\u2019assurances, <strong>une voiture puissante ou de sport a une plus forte probabilit\u00e9 de sinistre et donc de dommages \u00e0 cause de la vitesse (a\u00efe le malus !).<\/strong> En plus, elle est plus sujette au vol ou aux d\u00e9gradations. L\u2019ensemble de ces risques se r\u00e9percutent directement sur le montant des cotisations. Chers automobilistes, vous l\u2019aurez compris, <strong>une assurance voiture puissante est plus ch\u00e8re, que l\u2019on soit conducteur novice ou non.<\/strong><\/p>\n\n\n\n<p>Si vous \u00eates jeune conducteur, privil\u00e9giez une voiture dont la puissance est inf\u00e9rieure \u00e0 6 chevaux. C\u2019est le cas de certains mod\u00e8les tr\u00e8s appr\u00e9ci\u00e9s des jeunes conducteurs : Ford Fiesta, Citro\u00ebn C3, Renault Twingo ou encore Renault Clio. <strong>N\u2019h\u00e9sitez pas \u00e0 avoir recours \u00e0 un comparateur, vous pourriez faire de belles \u00e9conomies sur votre assurance automobile !<\/strong><\/p>\n\n\n\n<p>Surprime jeune conducteur,\u00a0malus,\u00a0assurance au tiers\u00a0ou non, prise en charge des\u00a0dommages\u00a0lors d\u2019un\u00a0accident, vous avez du mal \u00e0 vous y retrouver ? Notre guide : \u201c<strong><a href=\"https:\/\/leocare.eu\/fr\/assurance-auto-en-ligne\/couverture\/formules\/specifiques\/tout-conducteur\/jeune-conducteur\/demarches\/\">Comment assurer un jeune conducteur<\/a><\/strong>\u201d est fait pour vous ! <strong>Vous pourrez ensuite utiliser un\u00a0comparateur\u00a0pour mettre en concurrence les\u00a0compagnies d\u2019assurance, ou contacter directement un de nos Leoconseillers !<\/strong><\/p>\n","protected":false},"excerpt":{"rendered":"<p>Trouver une bonne assurance auto n\u2019est pas facile, et ce, d\u2019autant plus si vous \u00eates jeune conducteur. Les assureurs estiment que votre profil est plus risqu\u00e9 \u00e0 cause de votre manque d\u2019exp\u00e9rience. Voiture puissante, d\u2019occasion, peu ch\u00e8re, essence ou diesel\u2026 Le choix du v\u00e9hicule impacte directement le tarif de votre assurance jeune conducteur. Leocare, le [&hellip;]<\/p>\n","protected":false},"author":34,"featured_media":10080,"parent":12392,"menu_order":0,"comment_status":"closed","ping_status":"closed","template":"template_seo.php","meta":{"_acf_changed":false,"footnotes":""},"class_list":["post-12557","page","type-page","status-publish","has-post-thumbnail","hentry"],"acf":[],"yoast_head":"<!-- This site is optimized with the Yoast SEO plugin v27.3 - https:\/\/yoast.com\/product\/yoast-seo-wordpress\/ -->\n<title>Quelles sont les voitures \u00e0 \u00e9viter pour un jeune conducteur ?<\/title>\n<meta name=\"description\" content=\"D\u00e9couvrez les voitures \u00e0 \u00e9viter en tant que jeune conducteur. Guide complet pour une conduite s\u00fbre. Cliquez pour en savoir plus!\" \/>\n<meta name=\"robots\" content=\"index, follow, max-snippet:-1, max-image-preview:large, max-video-preview:-1\" \/>\n<link rel=\"canonical\" href=\"https:\/\/leocare.eu\/fr\/assurance-auto-en-ligne\/couverture\/formules\/specifiques\/tout-conducteur\/jeune-conducteur\/voitures-a-eviter\/\" \/>\n<meta property=\"og:locale\" content=\"fr_FR\" \/>\n<meta property=\"og:type\" content=\"article\" \/>\n<meta property=\"og:title\" content=\"Quelles sont les voitures \u00e0 \u00e9viter pour un jeune conducteur ?\" \/>\n<meta property=\"og:description\" content=\"D\u00e9couvrez les voitures \u00e0 \u00e9viter en tant que jeune conducteur. Guide complet pour une conduite s\u00fbre. Cliquez pour en savoir plus!\" \/>\n<meta property=\"og:url\" content=\"https:\/\/leocare.eu\/fr\/assurance-auto-en-ligne\/couverture\/formules\/specifiques\/tout-conducteur\/jeune-conducteur\/voitures-a-eviter\/\" \/>\n<meta property=\"og:site_name\" content=\"Leocare, assurance en ligne automobile et habitation\" \/>\n<meta property=\"article:modified_time\" content=\"2026-04-07T14:36:19+00:00\" \/>\n<meta property=\"og:image\" content=\"https:\/\/leocare.eu\/fr\/wp-content\/uploads\/2022\/12\/Voiture-a-eviter-jeune-.jpg\" \/>\n\t<meta property=\"og:image:width\" content=\"1800\" \/>\n\t<meta property=\"og:image:height\" content=\"1200\" \/>\n\t<meta property=\"og:image:type\" content=\"image\/jpeg\" \/>\n<meta name=\"twitter:card\" content=\"summary_large_image\" \/>\n<meta name=\"twitter:label1\" content=\"Dur\u00e9e de lecture estim\u00e9e\" \/>\n\t<meta name=\"twitter:data1\" content=\"5 minutes\" \/>\n<!-- \/ Yoast SEO plugin. -->","yoast_head_json":{"title":"Quelles sont les voitures \u00e0 \u00e9viter pour un jeune conducteur ?","description":"D\u00e9couvrez les voitures \u00e0 \u00e9viter en tant que jeune conducteur. Guide complet pour une conduite s\u00fbre. Cliquez pour en savoir plus!","robots":{"index":"index","follow":"follow","max-snippet":"max-snippet:-1","max-image-preview":"max-image-preview:large","max-video-preview":"max-video-preview:-1"},"canonical":"https:\/\/leocare.eu\/fr\/assurance-auto-en-ligne\/couverture\/formules\/specifiques\/tout-conducteur\/jeune-conducteur\/voitures-a-eviter\/","og_locale":"fr_FR","og_type":"article","og_title":"Quelles sont les voitures \u00e0 \u00e9viter pour un jeune conducteur ?","og_description":"D\u00e9couvrez les voitures \u00e0 \u00e9viter en tant que jeune conducteur. Guide complet pour une conduite s\u00fbre. Cliquez pour en savoir plus!","og_url":"https:\/\/leocare.eu\/fr\/assurance-auto-en-ligne\/couverture\/formules\/specifiques\/tout-conducteur\/jeune-conducteur\/voitures-a-eviter\/","og_site_name":"Leocare, assurance en ligne automobile et habitation","article_modified_time":"2026-04-07T14:36:19+00:00","og_image":[{"width":1800,"height":1200,"url":"https:\/\/leocare.eu\/fr\/wp-content\/uploads\/2022\/12\/Voiture-a-eviter-jeune-.jpg","type":"image\/jpeg"}],"twitter_card":"summary_large_image","twitter_misc":{"Dur\u00e9e de lecture estim\u00e9e":"5 minutes"},"schema":{"@context":"https:\/\/schema.org","@graph":[{"@type":"WebPage","@id":"https:\/\/leocare.eu\/fr\/assurance-auto-en-ligne\/couverture\/formules\/specifiques\/tout-conducteur\/jeune-conducteur\/voitures-a-eviter\/","url":"https:\/\/leocare.eu\/fr\/assurance-auto-en-ligne\/couverture\/formules\/specifiques\/tout-conducteur\/jeune-conducteur\/voitures-a-eviter\/","name":"Quelles sont les voitures \u00e0 \u00e9viter pour un jeune conducteur ?","isPartOf":{"@id":"https:\/\/leocare.eu\/fr\/#website"},"primaryImageOfPage":{"@id":"https:\/\/leocare.eu\/fr\/assurance-auto-en-ligne\/couverture\/formules\/specifiques\/tout-conducteur\/jeune-conducteur\/voitures-a-eviter\/#primaryimage"},"image":{"@id":"https:\/\/leocare.eu\/fr\/assurance-auto-en-ligne\/couverture\/formules\/specifiques\/tout-conducteur\/jeune-conducteur\/voitures-a-eviter\/#primaryimage"},"thumbnailUrl":"https:\/\/leocare.eu\/fr\/wp-content\/uploads\/2022\/12\/Voiture-a-eviter-jeune-.jpg","datePublished":"2023-01-06T15:35:05+00:00","dateModified":"2026-04-07T14:36:19+00:00","description":"D\u00e9couvrez les voitures \u00e0 \u00e9viter en tant que jeune conducteur. Guide complet pour une conduite s\u00fbre. Cliquez pour en savoir plus!","breadcrumb":{"@id":"https:\/\/leocare.eu\/fr\/assurance-auto-en-ligne\/couverture\/formules\/specifiques\/tout-conducteur\/jeune-conducteur\/voitures-a-eviter\/#breadcrumb"},"inLanguage":"fr-FR","potentialAction":[{"@type":"ReadAction","target":["https:\/\/leocare.eu\/fr\/assurance-auto-en-ligne\/couverture\/formules\/specifiques\/tout-conducteur\/jeune-conducteur\/voitures-a-eviter\/"]}]},{"@type":"ImageObject","inLanguage":"fr-FR","@id":"https:\/\/leocare.eu\/fr\/assurance-auto-en-ligne\/couverture\/formules\/specifiques\/tout-conducteur\/jeune-conducteur\/voitures-a-eviter\/#primaryimage","url":"https:\/\/leocare.eu\/fr\/wp-content\/uploads\/2022\/12\/Voiture-a-eviter-jeune-.jpg","contentUrl":"https:\/\/leocare.eu\/fr\/wp-content\/uploads\/2022\/12\/Voiture-a-eviter-jeune-.jpg","width":1800,"height":1200,"caption":"voiture \u00e0 \u00e9viter jeune conducteur"},{"@type":"WebSite","@id":"https:\/\/leocare.eu\/fr\/#website","url":"https:\/\/leocare.eu\/fr\/","name":"Leocare, assurance en ligne automobile et habitation","description":"enfin (r)assur\u00e9.e","publisher":{"@id":"https:\/\/leocare.eu\/fr\/#organization"},"potentialAction":[{"@type":"SearchAction","target":{"@type":"EntryPoint","urlTemplate":"https:\/\/leocare.eu\/fr\/?s={search_term_string}"},"query-input":{"@type":"PropertyValueSpecification","valueRequired":true,"valueName":"search_term_string"}}],"inLanguage":"fr-FR"},{"@type":"Organization","@id":"https:\/\/leocare.eu\/fr\/#organization","name":"Leocare, assurance en ligne automobile et habitation","url":"https:\/\/leocare.eu\/fr\/","logo":{"@type":"ImageObject","inLanguage":"fr-FR","@id":"https:\/\/leocare.eu\/fr\/#\/schema\/logo\/image\/","url":"https:\/\/leocare.eu\/fr\/wp-content\/uploads\/2020\/03\/logo-leocare.svg","contentUrl":"https:\/\/leocare.eu\/fr\/wp-content\/uploads\/2020\/03\/logo-leocare.svg","caption":"Leocare, assurance en ligne automobile et habitation"},"image":{"@id":"https:\/\/leocare.eu\/fr\/#\/schema\/logo\/image\/"}}]}},"_links":{"self":[{"href":"https:\/\/leocare.eu\/fr\/wp-json\/wp\/v2\/pages\/12557","targetHints":{"allow":["GET"]}}],"collection":[{"href":"https:\/\/leocare.eu\/fr\/wp-json\/wp\/v2\/pages"}],"about":[{"href":"https:\/\/leocare.eu\/fr\/wp-json\/wp\/v2\/types\/page"}],"author":[{"embeddable":true,"href":"https:\/\/leocare.eu\/fr\/wp-json\/wp\/v2\/users\/34"}],"replies":[{"embeddable":true,"href":"https:\/\/leocare.eu\/fr\/wp-json\/wp\/v2\/comments?post=12557"}],"version-history":[{"count":24,"href":"https:\/\/leocare.eu\/fr\/wp-json\/wp\/v2\/pages\/12557\/revisions"}],"predecessor-version":[{"id":37041,"href":"https:\/\/leocare.eu\/fr\/wp-json\/wp\/v2\/pages\/12557\/revisions\/37041"}],"up":[{"embeddable":true,"href":"https:\/\/leocare.eu\/fr\/wp-json\/wp\/v2\/pages\/12392"}],"wp:featuredmedia":[{"embeddable":true,"href":"https:\/\/leocare.eu\/fr\/wp-json\/wp\/v2\/media\/10080"}],"wp:attachment":[{"href":"https:\/\/leocare.eu\/fr\/wp-json\/wp\/v2\/media?parent=12557"}],"curies":[{"name":"wp","href":"https:\/\/api.w.org\/{rel}","templated":true}]}}