{"id":12553,"date":"2023-01-06T16:15:45","date_gmt":"2023-01-06T15:15:45","guid":{"rendered":"https:\/\/leocare.eu\/fr\/?page_id=12553"},"modified":"2026-03-23T11:33:00","modified_gmt":"2026-03-23T10:33:00","slug":"diagnostic","status":"publish","type":"page","link":"https:\/\/leocare.eu\/fr\/assurance-auto-en-ligne\/sinistre\/reparations\/diagnostic\/","title":{"rendered":"Diagnostic auto : proc\u00e9dure et prix"},"content":{"rendered":"\n<p><strong>Votre v\u00e9hicule est en panne, mais vous ne savez pas pourquoi ? Vous suspectez un dysfonctionnement, mais de quoi ? Pour y voir plus clair, r\u00e9alisez un diagnostic auto ! Leocare, la n\u00e9o-assurance 100 % mobile et flexible, vous dit tout ce qu\u2019il y a \u00e0 savoir sur cette op\u00e9ration.<\/strong><\/p>\n\n\n\n<h2 class=\"wp-block-heading\" id=\"section-1-quest-ce-quun-diagnostic-auto-\"><strong>Qu\u2019est-ce qu\u2019un diagnostic auto ?<\/strong><\/h2>\n\n\n\n<p>Depuis le d\u00e9but, on vous parle de diagnostic auto, mais savez-vous en quoi il consiste ? Avec une&nbsp;valise de diagnostic&nbsp;(valise de tests et d\u2019analyses), un garagiste identifie le ou les probl\u00e8mes d\u2019un v\u00e9hicule&nbsp;en passant en revue l\u2019ensemble des&nbsp;calculateurs&nbsp;de votre v\u00e9hicule.&nbsp;\u00c0 la suite de l\u2019examen, il peut vous proposer une&nbsp;<strong><a href=\"https:\/\/leocare.eu\/fr\/assurance-auto-en-ligne\/sinistre\/reparations\/\">r\u00e9paration auto<\/a><\/strong>&nbsp;adapt\u00e9e.<\/p>\n\n\n\n<p>On retrouve deux types de diagnostics :<\/p>\n\n\n\n<ul class=\"wp-block-list\">\n<li>Le&nbsp;<strong><a href=\"https:\/\/leocare.eu\/fr\/assurance-auto-en-ligne\/sinistre\/reparations\/diagnostic\/domicile\/\">diagnostic auto \u00e0 domicile<\/a><\/strong>.<\/li>\n\n\n\n<li>Le diagnostic auto au garage.<\/li>\n<\/ul>\n\n\n\n<h2 class=\"wp-block-heading\" id=\"section-2-pourquoi-faire-diagnostiquer-son-auto-\"><strong>Pourquoi faire diagnostiquer son auto ?<\/strong><\/h2>\n\n\n\n<p>Vous pouvez effectuer un diagnostic auto si vous soup\u00e7onnez un dysfonctionnement sur votre v\u00e9hicule \ud83d\udc68\u200d\ud83d\udd27.&nbsp;Le diagnostic \u00e9lectronique a lieu en cas de suspicion d\u2019anomalies.&nbsp;Il se diff\u00e9rencie du contr\u00f4le technique, qui est accompli de mani\u00e8re pr\u00e9ventive.<\/p>\n\n\n\n<p>Le diagnostic auto permet d\u2019\u00e9viter une panne, voire un accident de voiture. Il vous donne une vision pr\u00e9cise de l\u2019\u00e9tat de sant\u00e9 de votre v\u00e9hicule. Pour votre s\u00e9curit\u00e9 et celle des autres usagers de la route, il est important de r\u00e9aliser un diagnostic si :<\/p>\n\n\n\n<ul class=\"wp-block-list\">\n<li>Un voyant orange (d\u00e9faut) ou rouge (probl\u00e8me s\u00e9rieux) s\u2019est allum\u00e9 sur votre tableau de bord.<\/li>\n\n\n\n<li>Vous entendez un son bruyant lors du freinage.<\/li>\n\n\n\n<li>Vous rencontrez des difficult\u00e9s \u00e0 d\u00e9marrer votre v\u00e9hicule.<\/li>\n\n\n\n<li>Votre voiture produit des sons (jusque-l\u00e0, c\u2019est normal \ud83d\ude09) inhabituels (\u00e7a l\u2019est d\u00e9j\u00e0 moins) : vrombissements, cliquetis, etc.<\/li>\n<\/ul>\n\n\n\n<p>Ces sympt\u00f4mes doivent vous pousser \u00e0 faire un diagnostic auto, au plus vite. Car mieux vaut pr\u00e9venir que gu\u00e9rir, n\u2019est-ce pas \ud83d\ude0a ?<\/p>\n\n\n\n<h2 class=\"wp-block-heading\" id=\"section-3-les-types-de-diagnostics\"><strong>Les types de diagnostics<\/strong><\/h2>\n\n\n\n<p>Automatique, manuel, int\u00e9gral\u2026 il existe diff\u00e9rents types de diagnostics auto. On passe leurs diff\u00e9rences \u00e0 la loupe \ud83d\udd75\ufe0f !<\/p>\n\n\n\n<h3 class=\"wp-block-heading\"><strong>Le diagnostic automatique<\/strong><\/h3>\n\n\n\n<p>C\u2019est le diagnostic classique, r\u00e9alis\u00e9 avec une valise.&nbsp;Ce type d\u2019appareils&nbsp;de&nbsp;diagnostic \u00e9lectronique&nbsp;est utilis\u00e9 par le m\u00e9canicien pour d\u00e9tecter et analyser les probl\u00e8mes de votre v\u00e9hicule. Il le branche sur le calculateur moteur, puis r\u00e9cup\u00e8re les codes erreurs, aussi appel\u00e9s codes d\u00e9fauts standards (DTC).<\/p>\n\n\n\n<h3 class=\"wp-block-heading\"><strong>Le diagnostic manuel<\/strong><\/h3>\n\n\n\n<p>La garagiste effectue des tests et recherches manuels pour trouver l\u2019origine du dysfonctionnement. Ce type de diagnostic auto est plus long et demande de l\u2019expertise. Il est souvent r\u00e9alis\u00e9, quand le diagnostic automatique n\u2019a pas \u00e9t\u00e9 concluant.<\/p>\n\n\n\n<h3 class=\"wp-block-heading\"><strong>Le diagnostic int\u00e9gral<\/strong><\/h3>\n\n\n\n<p>De nombreux garagistes proposent un service de diagnostic int\u00e9gral. L\u2019objectif de l\u2019op\u00e9ration est de v\u00e9rifier l\u2019int\u00e9gralit\u00e9 des \u00e9l\u00e9ments n\u00e9cessaires au fonctionnement normal de votre voiture. On vous donne quelques exemples :<\/p>\n\n\n\n<ul class=\"wp-block-list\">\n<li>Pneumatiques avant et arri\u00e8re (niveau de pression, usure).<\/li>\n\n\n\n<li>Amortisseurs avant et arri\u00e8re.<\/li>\n\n\n\n<li>R\u00e9troviseurs ext\u00e9rieurs.<\/li>\n\n\n\n<li>Feux de signalisation.<\/li>\n\n\n\n<li>Pare-brise.<\/li>\n\n\n\n<li>Transmissions et soufflets.<\/li>\n\n\n\n<li>\u00c9tat de la plaque d\u2019immatriculation.<\/li>\n\n\n\n<li>Roulements des roues.<\/li>\n\n\n\n<li>Niveau des liquides.<\/li>\n\n\n\n<li>\u00c9chappement.<\/li>\n\n\n\n<li>Freins.<\/li>\n\n\n\n<li>Optiques.<\/li>\n<\/ul>\n\n\n\n<h2 class=\"wp-block-heading\" id=\"section-4-comment-faire-raliser-un-diagnostic-auto-\"><strong>Comment faire r\u00e9aliser un diagnostic auto ?<\/strong><\/h2>\n\n\n\n<p>Pour r\u00e9aliser un diagnostic auto, la solution la plus simple est de faire appel \u00e0 votre garagiste habituel \ud83d\udc68\u200d\ud83d\udd27. Il vous guide dans les \u00e9tapes de l\u2019op\u00e9ration : de la recherche de probl\u00e8mes \u00e0 la remise en \u00e9tatdu v\u00e9hicule.<\/p>\n\n\n\n<p>D\u00e9couvrez les 5 grandes \u00e9tapes d\u2019un diagnostic auto :<\/p>\n\n\n\n<ol class=\"wp-block-list\">\n<li>Analyser le dysfonctionnement. Vous faites le point avec le garagiste sur les sympt\u00f4mes anormaux rep\u00e9r\u00e9s. C\u2019est le moment de tout lui expliquer : quand le probl\u00e8me a d\u00e9but\u00e9, l\u2019historique des r\u00e9parationsdu v\u00e9hicule, un accident de la route r\u00e9cent, etc.<\/li>\n\n\n\n<li>Identifier le probl\u00e8me. Le m\u00e9canicien r\u00e9alise le diagnostic auto \u00e0 l\u2019aide de la valise&nbsp;de diagnostic,&nbsp;un&nbsp;outil de diagnostic \u00e9lectronique. Il recherche la source du dysfonctionnement.<\/li>\n\n\n\n<li>Trouver des solutions. Le garagiste vous propose les r\u00e9parations pour remettre en \u00e9tat votre v\u00e9hicule. Il peut vous demander de signer undevis auto.<\/li>\n\n\n\n<li>R\u00e9parer le v\u00e9hicule. Si vous \u00eates d\u2019accord avec son devis, le m\u00e9canicien proc\u00e8de aux r\u00e9parations et au remplacement d\u2019\u00e9ventuelles pi\u00e8ces.<\/li>\n\n\n\n<li>Contr\u00f4ler. Le garagiste a fait son job. Il ne vous reste plus qu\u2019\u00e0 constater que votre v\u00e9hicule fonctionne bien. Vous pouvez reprendre la route en toute tranquillit\u00e9 !<\/li>\n<\/ol>\n\n\n\n<h3 class=\"wp-block-heading\"><strong>Le diagnostic en garage agr\u00e9\u00e9<\/strong><\/h3>\n\n\n\n<p>Vous pouvez effectuer un diagnostic dans un garage agr\u00e9\u00e9, partenaire de votre assureur auto. Les professionnels s\u00e9lectionn\u00e9s sont reconnus pour la qualit\u00e9 de leurs prestations. Gr\u00e2ce \u00e0 des accords pass\u00e9s avec ces r\u00e9parateurs, vous b\u00e9n\u00e9ficiez de services pr\u00e9f\u00e9rentiels, notamment des tarifs n\u00e9goci\u00e9s.<\/p>\n\n\n\n<div class=\"bon-a-savoir\">\n\n\n\n<p>Conseil<\/p>\n\n\n\n<p>Avec Leocare, souscrivez une assurance auto \u00e0 partir de <span class=\"change-price\">16<\/span> \u20ac par mois \ud83d\ude2e ! Profitez de garanties au top avec nos 3 formules, 100 % adaptables \u00e0 vos besoins : tiers, tiers plus et tous risques. Et m\u00eame au tiers, vous profitez, en plus de la responsabilit\u00e9 civile, de la d\u00e9fense p\u00e9nale et recours suite \u00e0 un accident, de la garantie de protection conducteur et m\u00eame de l\u2019assistance 0 km !<\/p>\n\n\n\n<\/div>\n\n\n\n<h3 class=\"wp-block-heading\"><strong>Peut-on faire un diagnostic soi-m\u00eame<\/strong><\/h3>\n\n\n\n<p>Oui, si vous avez une valise&nbsp;de&nbsp;diagnostic multimarque&nbsp;(plusieurs&nbsp;fabricants&nbsp;existent, comme Foxwell, Icaresoft ou la&nbsp;valise ultimate diag&nbsp;de Self Auto Diag)&nbsp;et que vous savez l\u2019utiliser \ud83d\ude09. De multiples mod\u00e8les (plus ou moins sophistiqu\u00e9s) sont disponibles sur le Web.&nbsp;La&nbsp;gamme&nbsp;de prix va&nbsp;de 150 \u20ac \u00e0 1 000 \u20ac. On vous conseille d\u2019acheter un bo\u00eetier&nbsp;de&nbsp;diagnostic auto multimarque&nbsp;avec&nbsp;logiciels de diagnostic&nbsp;et software&nbsp;ODB. Il est adapt\u00e9 \u00e0 tous les v\u00e9hicules, quel que soit leur mod\u00e8le.<\/p>\n\n\n\n<p>Un diagnostic auto \u00e0 domicile a un avantage de taille : son co\u00fbt.&nbsp;Un bon moyen pour tout&nbsp;automobiliste&nbsp;de faire des&nbsp;\u00e9conomies&nbsp;sur la&nbsp;prestation&nbsp;de&nbsp;diagnostic \u00e9lectronique&nbsp;!&nbsp;En revanche, selon les dysfonctionnements identifi\u00e9s, vous devez r\u00e9aliser les r\u00e9parations. Si vous pouvez les effectuer vous-m\u00eame, tant mieux, cela vous \u00e9vite de payer l\u2019intervention d\u2019un garagiste !&nbsp;S\u2019il s\u2019agit d\u2019une simple d\u00e9faillance du circuit, ce professionnel proc\u00e9dera \u00e0 la remise \u00e0 z\u00e9ro des&nbsp;syst\u00e8mes.<\/p>\n\n\n\n<h2 class=\"wp-block-heading\" id=\"section-5-diagnostic-auto-quel-prix-\"><strong>Diagnostic auto : quel prix ?<\/strong><\/h2>\n\n\n\n<p>Vous vous demandez combien co\u00fbte un diagnostic voiture ? Cela d\u00e9pend du temps pass\u00e9 par le garagiste. Plus le dysfonctionnement est difficile \u00e0 identifier, plus le prix du diagnostic voiture augmente. Il va de 25 \u20ac(pour une lecture \u00e9lectronique de codes erreurs) \u00e0 200 \u20ac (pour un diagnostic int\u00e9gral).<\/p>\n\n\n\n<p>Les garages proposent souvent des diagnostics sp\u00e9cialis\u00e9s. Ils sont cibl\u00e9s sur une zone du v\u00e9hicule : batterie, syst\u00e8me de freinage, pneumatiques, etc. C\u2019est l\u2019id\u00e9al si vous savez d\u00e9j\u00e0 quelle partie de votre voiture ne fonctionne pas correctement ! Et certains garagistes vous remboursent le diagnostic, si vous faites les r\u00e9parations chez eux. Pas mal, non \ud83d\ude09 ?<\/p>\n\n\n\n<div class=\"bon-a-savoir\">\n\n\n\n<p>\u00c0 savoir :<\/p>\n\n\n\n<p>En moyenne, le diagnostic auto effectu\u00e9 en garage dure 90 minutes \u23f2\ufe0f. Vous le saurez\u2026<\/p>\n\n\n\n<\/div>\n\n\n\n<p><\/p>\n","protected":false},"excerpt":{"rendered":"<p>Votre v\u00e9hicule est en panne, mais vous ne savez pas pourquoi ? Vous suspectez un dysfonctionnement, mais de quoi ? Pour y voir plus clair, r\u00e9alisez un diagnostic auto ! Leocare, la n\u00e9o-assurance 100 % mobile et flexible, vous dit tout ce qu\u2019il y a \u00e0 savoir sur cette op\u00e9ration. Qu\u2019est-ce qu\u2019un diagnostic auto ? [&hellip;]<\/p>\n","protected":false},"author":34,"featured_media":10004,"parent":13894,"menu_order":0,"comment_status":"closed","ping_status":"closed","template":"template_cocon_seo.php","meta":{"_acf_changed":false,"footnotes":""},"class_list":["post-12553","page","type-page","status-publish","has-post-thumbnail","hentry"],"acf":[],"yoast_head":"<!-- This site is optimized with the Yoast SEO plugin v27.3 - https:\/\/yoast.com\/product\/yoast-seo-wordpress\/ -->\n<title>Diagnostic auto : combien \u00e7a co\u00fbte ? - Leocare<\/title>\n<meta name=\"description\" content=\"D\u00e9couvrez la proc\u00e9dure et les co\u00fbts d&#039;un diagnostic auto. Investissez pour \u00e9conomiser et roulez en toute s\u00e9r\u00e9nit\u00e9. Cliquez pour en savoir plus.\" \/>\n<meta name=\"robots\" content=\"index, follow, max-snippet:-1, max-image-preview:large, max-video-preview:-1\" \/>\n<link rel=\"canonical\" href=\"https:\/\/leocare.eu\/fr\/assurance-auto-en-ligne\/sinistre\/reparations\/diagnostic\/\" \/>\n<meta property=\"og:locale\" content=\"fr_FR\" \/>\n<meta property=\"og:type\" content=\"article\" \/>\n<meta property=\"og:title\" content=\"Diagnostic auto : combien \u00e7a co\u00fbte ? - Leocare\" \/>\n<meta property=\"og:description\" content=\"D\u00e9couvrez la proc\u00e9dure et les co\u00fbts d&#039;un diagnostic auto. Investissez pour \u00e9conomiser et roulez en toute s\u00e9r\u00e9nit\u00e9. Cliquez pour en savoir plus.\" \/>\n<meta property=\"og:url\" content=\"https:\/\/leocare.eu\/fr\/assurance-auto-en-ligne\/sinistre\/reparations\/diagnostic\/\" \/>\n<meta property=\"og:site_name\" content=\"Leocare, assurance en ligne automobile et habitation\" \/>\n<meta property=\"article:modified_time\" content=\"2026-03-23T10:33:00+00:00\" \/>\n<meta property=\"og:image\" content=\"https:\/\/leocare.eu\/fr\/wp-content\/uploads\/2022\/12\/Diagnostic-auto.jpg\" \/>\n\t<meta property=\"og:image:width\" content=\"1800\" \/>\n\t<meta property=\"og:image:height\" content=\"1200\" \/>\n\t<meta property=\"og:image:type\" content=\"image\/jpeg\" \/>\n<meta name=\"twitter:card\" content=\"summary_large_image\" \/>\n<meta name=\"twitter:label1\" content=\"Est. reading time\" \/>\n\t<meta name=\"twitter:data1\" content=\"6 minutes\" \/>\n<!-- \/ Yoast SEO plugin. -->","yoast_head_json":{"title":"Diagnostic auto : combien \u00e7a co\u00fbte ? - Leocare","description":"D\u00e9couvrez la proc\u00e9dure et les co\u00fbts d'un diagnostic auto. Investissez pour \u00e9conomiser et roulez en toute s\u00e9r\u00e9nit\u00e9. Cliquez pour en savoir plus.","robots":{"index":"index","follow":"follow","max-snippet":"max-snippet:-1","max-image-preview":"max-image-preview:large","max-video-preview":"max-video-preview:-1"},"canonical":"https:\/\/leocare.eu\/fr\/assurance-auto-en-ligne\/sinistre\/reparations\/diagnostic\/","og_locale":"fr_FR","og_type":"article","og_title":"Diagnostic auto : combien \u00e7a co\u00fbte ? - Leocare","og_description":"D\u00e9couvrez la proc\u00e9dure et les co\u00fbts d'un diagnostic auto. Investissez pour \u00e9conomiser et roulez en toute s\u00e9r\u00e9nit\u00e9. Cliquez pour en savoir plus.","og_url":"https:\/\/leocare.eu\/fr\/assurance-auto-en-ligne\/sinistre\/reparations\/diagnostic\/","og_site_name":"Leocare, assurance en ligne automobile et habitation","article_modified_time":"2026-03-23T10:33:00+00:00","og_image":[{"width":1800,"height":1200,"url":"https:\/\/leocare.eu\/fr\/wp-content\/uploads\/2022\/12\/Diagnostic-auto.jpg","type":"image\/jpeg"}],"twitter_card":"summary_large_image","twitter_misc":{"Est. reading time":"6 minutes"},"schema":{"@context":"https:\/\/schema.org","@graph":[{"@type":"WebPage","@id":"https:\/\/leocare.eu\/fr\/assurance-auto-en-ligne\/sinistre\/reparations\/diagnostic\/","url":"https:\/\/leocare.eu\/fr\/assurance-auto-en-ligne\/sinistre\/reparations\/diagnostic\/","name":"Diagnostic auto : combien \u00e7a co\u00fbte ? - Leocare","isPartOf":{"@id":"https:\/\/leocare.eu\/fr\/#website"},"primaryImageOfPage":{"@id":"https:\/\/leocare.eu\/fr\/assurance-auto-en-ligne\/sinistre\/reparations\/diagnostic\/#primaryimage"},"image":{"@id":"https:\/\/leocare.eu\/fr\/assurance-auto-en-ligne\/sinistre\/reparations\/diagnostic\/#primaryimage"},"thumbnailUrl":"https:\/\/leocare.eu\/fr\/wp-content\/uploads\/2022\/12\/Diagnostic-auto.jpg","datePublished":"2023-01-06T15:15:45+00:00","dateModified":"2026-03-23T10:33:00+00:00","description":"D\u00e9couvrez la proc\u00e9dure et les co\u00fbts d'un diagnostic auto. Investissez pour \u00e9conomiser et roulez en toute s\u00e9r\u00e9nit\u00e9. Cliquez pour en savoir plus.","breadcrumb":{"@id":"https:\/\/leocare.eu\/fr\/assurance-auto-en-ligne\/sinistre\/reparations\/diagnostic\/#breadcrumb"},"inLanguage":"fr-FR","potentialAction":[{"@type":"ReadAction","target":["https:\/\/leocare.eu\/fr\/assurance-auto-en-ligne\/sinistre\/reparations\/diagnostic\/"]}]},{"@type":"ImageObject","inLanguage":"fr-FR","@id":"https:\/\/leocare.eu\/fr\/assurance-auto-en-ligne\/sinistre\/reparations\/diagnostic\/#primaryimage","url":"https:\/\/leocare.eu\/fr\/wp-content\/uploads\/2022\/12\/Diagnostic-auto.jpg","contentUrl":"https:\/\/leocare.eu\/fr\/wp-content\/uploads\/2022\/12\/Diagnostic-auto.jpg","width":1800,"height":1200,"caption":"Diagnostic Auto"},{"@type":"WebSite","@id":"https:\/\/leocare.eu\/fr\/#website","url":"https:\/\/leocare.eu\/fr\/","name":"Leocare, assurance en ligne automobile et habitation","description":"enfin (r)assur\u00e9.e","publisher":{"@id":"https:\/\/leocare.eu\/fr\/#organization"},"potentialAction":[{"@type":"SearchAction","target":{"@type":"EntryPoint","urlTemplate":"https:\/\/leocare.eu\/fr\/?s={search_term_string}"},"query-input":{"@type":"PropertyValueSpecification","valueRequired":true,"valueName":"search_term_string"}}],"inLanguage":"fr-FR"},{"@type":"Organization","@id":"https:\/\/leocare.eu\/fr\/#organization","name":"Leocare, assurance en ligne automobile et habitation","url":"https:\/\/leocare.eu\/fr\/","logo":{"@type":"ImageObject","inLanguage":"fr-FR","@id":"https:\/\/leocare.eu\/fr\/#\/schema\/logo\/image\/","url":"https:\/\/leocare.eu\/fr\/wp-content\/uploads\/2020\/03\/logo-leocare.svg","contentUrl":"https:\/\/leocare.eu\/fr\/wp-content\/uploads\/2020\/03\/logo-leocare.svg","caption":"Leocare, assurance en ligne automobile et habitation"},"image":{"@id":"https:\/\/leocare.eu\/fr\/#\/schema\/logo\/image\/"}}]}},"_links":{"self":[{"href":"https:\/\/leocare.eu\/fr\/wp-json\/wp\/v2\/pages\/12553","targetHints":{"allow":["GET"]}}],"collection":[{"href":"https:\/\/leocare.eu\/fr\/wp-json\/wp\/v2\/pages"}],"about":[{"href":"https:\/\/leocare.eu\/fr\/wp-json\/wp\/v2\/types\/page"}],"author":[{"embeddable":true,"href":"https:\/\/leocare.eu\/fr\/wp-json\/wp\/v2\/users\/34"}],"replies":[{"embeddable":true,"href":"https:\/\/leocare.eu\/fr\/wp-json\/wp\/v2\/comments?post=12553"}],"version-history":[{"count":21,"href":"https:\/\/leocare.eu\/fr\/wp-json\/wp\/v2\/pages\/12553\/revisions"}],"predecessor-version":[{"id":39859,"href":"https:\/\/leocare.eu\/fr\/wp-json\/wp\/v2\/pages\/12553\/revisions\/39859"}],"up":[{"embeddable":true,"href":"https:\/\/leocare.eu\/fr\/wp-json\/wp\/v2\/pages\/13894"}],"wp:featuredmedia":[{"embeddable":true,"href":"https:\/\/leocare.eu\/fr\/wp-json\/wp\/v2\/media\/10004"}],"wp:attachment":[{"href":"https:\/\/leocare.eu\/fr\/wp-json\/wp\/v2\/media?parent=12553"}],"curies":[{"name":"wp","href":"https:\/\/api.w.org\/{rel}","templated":true}]}}