{"id":12470,"date":"2023-01-06T14:11:23","date_gmt":"2023-01-06T13:11:23","guid":{"rendered":"https:\/\/leocare.eu\/fr\/?page_id=12470"},"modified":"2026-04-07T16:50:58","modified_gmt":"2026-04-07T14:50:58","slug":"parents","status":"publish","type":"page","link":"https:\/\/leocare.eu\/fr\/assurance-auto-en-ligne\/couverture\/formules\/specifiques\/tout-conducteur\/jeune-conducteur\/parents\/","title":{"rendered":"Comment assurer un jeune conducteur sur l&rsquo;assurance des parents ?"},"content":{"rendered":"\n<p>Le petit dernier vient d\u2019obtenir son permis ? Bravo \ud83e\udd73! Maintenant, il ne vous reste plus qu\u2019\u00e0 trouver la couverture auto adapt\u00e9e\u2026 Vous vous demandez comment assurer un jeune conducteur sur l&rsquo;assurance des parents ? Leocare, la n\u00e9o-assurance qui associe flexibilit\u00e9 et garantie aux meilleurs prix, a quelques propositions \u00e0 vous faire \ud83d\ude01.<\/p>\n\n\n\n<h2 class=\"wp-block-heading\" id=\"section-1-rappel-quest-ce-quun-jeune-conducteur-\"><strong>Rappel : qu\u2019est-ce qu\u2019un jeune conducteur ?<\/strong><\/h2>\n\n\n\n<p>M\u00eame si assurer un&nbsp;<strong><a href=\"https:\/\/leocare.eu\/fr\/assurance-auto-en-ligne\/couverture\/formules\/specifiques\/tout-conducteur\/jeune-conducteur\/\">jeune conducteur<\/a><\/strong>&nbsp;suscite \u00e9norm\u00e9ment de questions, il n\u2019y a pas de v\u00e9ritable d\u00e9finition pour un conducteur novice. Ainsi, sont consid\u00e9r\u00e9s comme jeunes conducteurs :<\/p>\n\n\n\n<ul class=\"wp-block-list\">\n<li>Les automobilistes ayant leur permis depuis moins de 3 ans.<\/li>\n\n\n\n<li>Ceux n\u2019ayant jamais \u00e9t\u00e9 assur\u00e9s (ils ont toujours conduit sans figurer sur un contrat d\u2019assurance auto).<\/li>\n\n\n\n<li>Les automobilistes contraints de repasser leur permis \u00e0 la suite d\u2019une annulation.<\/li>\n<\/ul>\n\n\n\n<p>Pour un assureur, un jeune conducteur est un risque accru, compte tenu de sa faible exp\u00e9rience au volant \ud83d\ude2c. Les&nbsp;jeunes conducteurs&nbsp;sont statistiquement un profil \u00e0 risque pour les&nbsp;compagnies&nbsp;d\u2019assurance automobile, car ils pr\u00e9sentent plus de risques d\u2019accidents&nbsp;et de&nbsp;dommages. Elles appliquent de ce fait une&nbsp;surprime jeune conducteur&nbsp;qui peut faire doubler la&nbsp;prime d\u2019assurance. \u00c0 la recherche d\u2019une&nbsp;<strong><a href=\"https:\/\/leocare.eu\/fr\/assurance-auto-en-ligne\/couverture\/formules\/specifiques\/tout-conducteur\/jeune-conducteur\/\">assurance auto pour un jeune conducteur&nbsp;<\/a><\/strong>? Plut\u00f4t que de tenter votre chance sur un comparateur d\u2019assurance, rendez-vous sur le calculateur Leocare pour d\u00e9couvrir nos formules, de l\u2019assurance au tiers&nbsp;aux&nbsp;dommages tous accidents.<\/p>\n\n\n\n<div class=\"bon-a-savoir\">\n\n\n\n<p>Tout ce que vous devez savoir avant d\u2019assurer un jeune conducteur :&nbsp;<\/p>\n\n\n\n<p>Vous l\u2019aurez compris, il n\u2019est pas si simple de trouver des&nbsp;compagnies d\u2019assurance&nbsp;pr\u00eates \u00e0 assurer des&nbsp;jeunes conducteurs. Ces derniers sont soumis \u00e0 une&nbsp;surprime jeune conducteur&nbsp;qui s\u2019ajoute \u00e0 leur&nbsp;cotisation. De plus, la&nbsp;prime d\u2019assurance&nbsp;est par d\u00e9finition plus \u00e9lev\u00e9e, car les&nbsp;compagnies&nbsp;les calculent en fonction du risque d\u2019accident&nbsp;et de&nbsp;dommages. Mais alors,&nbsp;<strong><a href=\"https:\/\/leocare.eu\/fr\/assurance-auto-en-ligne\/couverture\/formules\/specifiques\/tout-conducteur\/jeune-conducteur\/demarches\/\">comment assurer un jeune conducteur&nbsp;<\/a><\/strong>? Certes, il est possible de le d\u00e9clarer comme conducteur occasionnel, mais dans ce cas, il n\u2019y aura pas d\u2019impact sur son bonus-malus&nbsp;et il subira toujours une&nbsp;surprime jeune conducteur&nbsp;\u00e0 la souscription de son premier contrat.<\/p>\n\n\n\n<\/div>\n\n\n\n<h2 class=\"wp-block-heading\" id=\"section-2-faut-il-assurer-un-jeune-conducteur-sur-lassurance-des-paren\"><strong>Faut-il assurer un jeune conducteur sur l\u2019assurance des parents ?<\/strong><\/h2>\n\n\n\n<p>Assurer son enfant en tant que&nbsp;conducteur secondaire&nbsp;sur l\u2019assurance des parents est une tr\u00e8s bonne id\u00e9e. En effet, cette formule d\u2019assurance automobile est aussi b\u00e9n\u00e9fique pour le&nbsp;conducteur novice&nbsp;que pour les propri\u00e9taires de la voiture. Chez Leocare, si votre enfant a entre 18 et 20 ans, et que vous \u00eates titulaire de la carte grise, vous pouvez l\u2019inscrire sur votre contrat d\u2019assurance automobile&nbsp;\ud83e\udd70.<\/p>\n\n\n\n<h3 class=\"wp-block-heading\"><strong>Risques de mal d\u00e9clarer le jeune conducteur aupr\u00e8s de l\u2019assurance<\/strong><\/h3>\n\n\n\n<p>Avant d\u2019assurer un jeune conducteur sur l\u2019assurance des parents, vous devez vous souvenir qu\u2019il est un utilisateur secondaire. Cela signifie qu\u2019il peut conduire votre voiture de temps en temps, mais vous devez rester le principal utilisateur du v\u00e9hicule. Votre enfant obtient un petit boulot et doit s\u2019y rendre en voiture tous les jours ? D\u00e9clarez-le \u00e0 votre assurance pour ne pas \u00eatre suspect\u00e9 de fausse d\u00e9claration intentionnelle \ud83d\ude28.<\/p>\n\n\n\n<h3 class=\"wp-block-heading\"><strong>Avantages financiers de l\u2019assurance auto pour un conducteur secondaire<\/strong><\/h3>\n\n\n\n<p>Comme tous les automobilistes, un jeune conducteur doit au moins \u00eatre couvert pour sa responsabilit\u00e9 civile assurance auto. La bonne nouvelle, c\u2019est qu\u2019un contrat d\u2019assurance au tiers suffit pour obtenir cette garantie. La moins bonne est que cette formule ne couvre rien d\u2019autre. Enfin, chez Leocare, elle int\u00e8gre l\u2019assistance 0 km, la d\u00e9fense p\u00e9nale et recours \u00e0 la suite d\u2019un accident, mais aussi la garantie de protection conducteur. Le tout, offert par Leocare, bien \u00e9videmment \ud83c\udf81 !&nbsp;<\/p>\n\n\n\n<p>En accueillant votre enfant sur votre contrat, votre prime augmente, forc\u00e9ment. Mais, compar\u00e9e \u00e0 la surprime appliqu\u00e9e pour un contrat \u00e0 son nom, l\u2019op\u00e9ration reste tr\u00e8s avantageuse. Il peut ainsi b\u00e9n\u00e9ficier d\u2019une couverture plus protectrice comme l\u2019assurance&nbsp;automobile&nbsp;au tiers +(le tiers \u00e9tendu de Leocare) ou tous risques.<\/p>\n\n\n\n<p>Comment fonctionne l\u2019<strong><a href=\"https:\/\/leocare.eu\/fr\/assurance-auto-en-ligne\/couverture\/garanties\/complementaires\/dommages-corporels\/conducteur-secondaire\/\">assurance auto pour un conducteur secondaire<\/a><\/strong>&nbsp;? Les&nbsp;jeunes conducteurs, s\u2019ils ne conduisent pas quotidiennement, peuvent \u00eatre d\u00e9clar\u00e9s en tant que&nbsp;conducteurs&nbsp;secondaires sur le contrat d\u2019assurance auto d\u2019un parent ou du conjoint. Attention ! En cas d\u2019accident&nbsp;ou de&nbsp;dommages&nbsp;responsables du&nbsp;conducteur secondaire, l\u2019automobiliste principal se verra maluss\u00e9 et sa&nbsp;prime d\u2019assurance&nbsp;sera impact\u00e9e ! Le&nbsp;conducteur occasionnel, quant \u00e0 lui, n\u2019est pas inscrit au contrat d\u2019assurance auto.<\/p>\n\n\n\n<h3 class=\"wp-block-heading\"><strong>Bonus et malus du v\u00e9hicule<\/strong><\/h3>\n\n\n\n<p>Assurer un jeune conducteur sur l\u2019assurance des parents exerce \u00e9galement une influence sur le calcul du bonus-malus. En effet, s\u2019il cause un sinistre, c\u2019est votre contrat qui sera maluss\u00e9. C\u2019est la m\u00eame chose si votre enfant conduit occasionnellement, les bonus et p\u00e9nalit\u00e9s se r\u00e9percutent sur votre coefficient de r\u00e9duction-majoration ! Ce qui fonctionne pour les malus est \u00e9galement de mise pour le bonus. Quand votre enfant roule sans&nbsp;accident, le bonus augmente ! Ainsi, lorsqu\u2019il aura sa propre voiture, sa prime d\u2019assurance sera moins \u00e9lev\u00e9e \ud83e\udd17. En revanche, s\u2019il n\u2019est pas nomm\u00e9 sur votre contrat, il peut gagner en pratique, mais sera consid\u00e9r\u00e9 comme&nbsp;conducteur novice&nbsp;au moment de souscrire son premier contrat. Une raison de plus de l\u2019ajouter en tant que&nbsp;conducteur secondaire.<\/p>\n\n\n\n<div class=\"bon-a-savoir\">\n\n\n\n<p>Tout savoir sur la surprime appliqu\u00e9e aux jeunes conducteurs :&nbsp;<\/p>\n\n\n\n<p>Les&nbsp;compagnies&nbsp;d\u2019assurance automobile&nbsp;ont pour habitude d\u2019appliquer un suppl\u00e9ment de prime aux&nbsp;jeunes conducteurs. Cette&nbsp;surprime jeune conducteur&nbsp;est divis\u00e9e par deux chaque ann\u00e9e sans&nbsp;accidents&nbsp;ni&nbsp;dommages&nbsp;responsables. Et elle dispara\u00eet totalement au bout de trois ans, que vous ayez souscrit une&nbsp;assurance au tiers&nbsp;ou&nbsp;dommages tous accidents&nbsp;!&nbsp;<\/p>\n\n\n\n<\/div>\n\n\n\n<h3 class=\"wp-block-heading\"><strong>Assurances sp\u00e9cialis\u00e9es jeunes conducteurs<\/strong><\/h3>\n\n\n\n<p>Il existe des assureurs proposant des contrats d\u00e9di\u00e9s aux automobilistes novices. C\u2019est une offre \u00e0 consid\u00e9rer, car les primes peuvent \u00eatre plus basses. Si vous vous demandez comment assurer une voiture d\u2019occasion pour votre enfant, c\u2019est une option \u00e0 envisager. En revanche, \u00e9tudiez bien le montant des franchises. Et avec ce type de contrat, les p\u00e9nalit\u00e9s et les bonus sont toujours d\u2019actualit\u00e9.<\/p>\n\n\n\n<div class=\"bon-a-savoir\">\n\n\n\n<p>Le saviez-vous :<\/p>\n\n\n\n<p>vous envisagez une&nbsp;assurance jeune conducteur&nbsp;pour une voiture de la cat\u00e9gorie des berlines puissantes ? Celles-ci sont&nbsp;<strong><a href=\"https:\/\/leocare.eu\/fr\/assurance-auto-en-ligne\/couverture\/formules\/specifiques\/tout-conducteur\/jeune-conducteur\/voitures-a-eviter\/puissantes\/\">plus ch\u00e8res \u00e0 assurer<\/a><\/strong>&nbsp;surtout pour les&nbsp;jeunes conducteurs&nbsp;! Les&nbsp;compagnies d\u2019assurance&nbsp;peuvent \u00eatre r\u00e9ticentes, de vous proposer une assurance . Ces v\u00e9hicules co\u00fbtent plus chers \u00e0 l\u2019achat et leurs&nbsp;conducteurs&nbsp;pr\u00e9sentent plus de risques d\u2019accident, de vol, de vandalisme, etc. La prime est ainsi plus \u00e9lev\u00e9e, d\u2019autant qu\u2019un&nbsp;conducteur&nbsp;va rarement se contenter d\u2019une&nbsp;assurance au tiers&nbsp;pour ce type de v\u00e9hicule.<\/p>\n\n\n\n<\/div>\n\n\n\n<p>Avant de choisir votre v\u00e9hicule et votre&nbsp;assurance automobile, la question se pose donc :&nbsp;<strong><a href=\"https:\/\/leocare.eu\/fr\/assurance-auto-en-ligne\/couverture\/formules\/specifiques\/tout-conducteur\/jeune-conducteur\/voitures-a-eviter\/puissantes\/fiscale\/\">quelle puissance fiscale maximale<\/a><\/strong>&nbsp;pour les&nbsp;jeunes conducteurs&nbsp;? L\u00e9galement, il n\u2019existe pas de limite. Mais les&nbsp;compagnies&nbsp;ont le droit de refuser si elles estiment que la puissance du v\u00e9hicule et le profil du conducteur pr\u00e9sentent des risques d\u2019accident&nbsp;responsable et de&nbsp;dommages&nbsp;corporels ou mat\u00e9riels. Et si le dossier est accept\u00e9, la&nbsp;prime d\u2019assurance&nbsp;et la&nbsp;surprime jeune conducteur&nbsp;font exploser la facture. Pour faire baisser votre&nbsp;cotisation, optez alors pour un contrat interm\u00e9diaire avec une assurance tiers +. L\u2019autre solution est d\u2019\u00eatre d\u00e9clar\u00e9 comme&nbsp;conducteur secondaire.&nbsp;<\/p>\n\n\n\n<div class=\"bon-a-savoir\">\n\n\n\n<p>Bon \u00e0 savoir :<\/p>\n\n\n\n<p>comment bien choisir son&nbsp;assurance automobile<strong>&nbsp;<a href=\"https:\/\/leocare.eu\/fr\/assurance-auto-en-ligne\/couverture\/formules\/specifiques\/tout-conducteur\/jeune-conducteur\/etudiant\/\">lorsque l\u2019on est \u00e9tudiant<\/a><\/strong>&nbsp;? La plupart des&nbsp;compagnies d\u2019assurance&nbsp;consid\u00e8rent les \u00e9tudiants comme de&nbsp;jeunes conducteurs. Et oui, vous \u00eates souvent peu exp\u00e9riment\u00e9 au volant et rentrez de ce fait dans les statistiques des conducteurs pr\u00e9sentant des risques plus \u00e9lev\u00e9s d\u2019accident&nbsp;et&nbsp;dommages. Vous \u00eates donc \u00e9galement concern\u00e9 par la surprime sur votre contrat d\u2019assurance jeune conducteur. La solution est alors d\u2019\u00eatre d\u00e9clar\u00e9 comme&nbsp;conducteur secondaire&nbsp;si vous ne conduisez pas quotidiennement. Sinon, zappez l\u2019\u00e9tape comparateur pour simuler votre&nbsp;assurance conducteur&nbsp;et demandez directement \u00e0 Leocare !<\/p>\n\n\n\n<\/div>\n","protected":false},"excerpt":{"rendered":"<p>Rappel : qu\u2019est-ce qu\u2019un jeune conducteur ? M\u00eame si assurer un&nbsp;jeune conducteur&nbsp;suscite \u00e9norm\u00e9ment de questions, il n\u2019y a pas de v\u00e9ritable d\u00e9finition pour un conducteur novice. Ainsi, sont consid\u00e9r\u00e9s comme jeunes conducteurs : Pour un assureur, un jeune conducteur est un risque accru, compte tenu de sa faible exp\u00e9rience au volant \ud83d\ude2c. Les&nbsp;jeunes conducteurs&nbsp;sont statistiquement [&hellip;]<\/p>\n","protected":false},"author":34,"featured_media":9943,"parent":12392,"menu_order":0,"comment_status":"closed","ping_status":"closed","template":"template_seo.php","meta":{"_acf_changed":false,"footnotes":""},"class_list":["post-12470","page","type-page","status-publish","has-post-thumbnail","hentry"],"acf":[],"yoast_head":"<!-- This site is optimized with the Yoast SEO plugin v27.3 - https:\/\/yoast.com\/product\/yoast-seo-wordpress\/ -->\n<title>Comment assurer un jeune conducteur sur l&#039;assurance des parents ?<\/title>\n<meta name=\"description\" content=\"D\u00e9couvrez comment un jeune conducteur peut \u00eatre assur\u00e9 sur l&#039;assurance de ses parents. Cliquez pour en savoir plus et faire le meilleur choix pour votre famille.\" \/>\n<meta name=\"robots\" content=\"index, follow, max-snippet:-1, max-image-preview:large, max-video-preview:-1\" \/>\n<link rel=\"canonical\" href=\"https:\/\/leocare.eu\/fr\/assurance-auto-en-ligne\/couverture\/formules\/specifiques\/tout-conducteur\/jeune-conducteur\/parents\/\" \/>\n<meta property=\"og:locale\" content=\"fr_FR\" \/>\n<meta property=\"og:type\" content=\"article\" \/>\n<meta property=\"og:title\" content=\"Comment assurer un jeune conducteur sur l&#039;assurance des parents ?\" \/>\n<meta property=\"og:description\" content=\"D\u00e9couvrez comment un jeune conducteur peut \u00eatre assur\u00e9 sur l&#039;assurance de ses parents. Cliquez pour en savoir plus et faire le meilleur choix pour votre famille.\" \/>\n<meta property=\"og:url\" content=\"https:\/\/leocare.eu\/fr\/assurance-auto-en-ligne\/couverture\/formules\/specifiques\/tout-conducteur\/jeune-conducteur\/parents\/\" \/>\n<meta property=\"og:site_name\" content=\"Leocare, assurance en ligne automobile et habitation\" \/>\n<meta property=\"article:modified_time\" content=\"2026-04-07T14:50:58+00:00\" \/>\n<meta property=\"og:image\" content=\"https:\/\/leocare.eu\/fr\/wp-content\/uploads\/2022\/12\/assurance-jeune-conducteur-parent.jpg\" \/>\n\t<meta property=\"og:image:width\" content=\"1800\" \/>\n\t<meta property=\"og:image:height\" content=\"1200\" \/>\n\t<meta property=\"og:image:type\" content=\"image\/jpeg\" \/>\n<meta name=\"twitter:card\" content=\"summary_large_image\" \/>\n<meta name=\"twitter:label1\" content=\"Dur\u00e9e de lecture estim\u00e9e\" \/>\n\t<meta name=\"twitter:data1\" content=\"7 minutes\" \/>\n<!-- \/ Yoast SEO plugin. -->","yoast_head_json":{"title":"Comment assurer un jeune conducteur sur l'assurance des parents ?","description":"D\u00e9couvrez comment un jeune conducteur peut \u00eatre assur\u00e9 sur l'assurance de ses parents. Cliquez pour en savoir plus et faire le meilleur choix pour votre famille.","robots":{"index":"index","follow":"follow","max-snippet":"max-snippet:-1","max-image-preview":"max-image-preview:large","max-video-preview":"max-video-preview:-1"},"canonical":"https:\/\/leocare.eu\/fr\/assurance-auto-en-ligne\/couverture\/formules\/specifiques\/tout-conducteur\/jeune-conducteur\/parents\/","og_locale":"fr_FR","og_type":"article","og_title":"Comment assurer un jeune conducteur sur l'assurance des parents ?","og_description":"D\u00e9couvrez comment un jeune conducteur peut \u00eatre assur\u00e9 sur l'assurance de ses parents. Cliquez pour en savoir plus et faire le meilleur choix pour votre famille.","og_url":"https:\/\/leocare.eu\/fr\/assurance-auto-en-ligne\/couverture\/formules\/specifiques\/tout-conducteur\/jeune-conducteur\/parents\/","og_site_name":"Leocare, assurance en ligne automobile et habitation","article_modified_time":"2026-04-07T14:50:58+00:00","og_image":[{"width":1800,"height":1200,"url":"https:\/\/leocare.eu\/fr\/wp-content\/uploads\/2022\/12\/assurance-jeune-conducteur-parent.jpg","type":"image\/jpeg"}],"twitter_card":"summary_large_image","twitter_misc":{"Dur\u00e9e de lecture estim\u00e9e":"7 minutes"},"schema":{"@context":"https:\/\/schema.org","@graph":[{"@type":"WebPage","@id":"https:\/\/leocare.eu\/fr\/assurance-auto-en-ligne\/couverture\/formules\/specifiques\/tout-conducteur\/jeune-conducteur\/parents\/","url":"https:\/\/leocare.eu\/fr\/assurance-auto-en-ligne\/couverture\/formules\/specifiques\/tout-conducteur\/jeune-conducteur\/parents\/","name":"Comment assurer un jeune conducteur sur l'assurance des parents ?","isPartOf":{"@id":"https:\/\/leocare.eu\/fr\/#website"},"primaryImageOfPage":{"@id":"https:\/\/leocare.eu\/fr\/assurance-auto-en-ligne\/couverture\/formules\/specifiques\/tout-conducteur\/jeune-conducteur\/parents\/#primaryimage"},"image":{"@id":"https:\/\/leocare.eu\/fr\/assurance-auto-en-ligne\/couverture\/formules\/specifiques\/tout-conducteur\/jeune-conducteur\/parents\/#primaryimage"},"thumbnailUrl":"https:\/\/leocare.eu\/fr\/wp-content\/uploads\/2022\/12\/assurance-jeune-conducteur-parent.jpg","datePublished":"2023-01-06T13:11:23+00:00","dateModified":"2026-04-07T14:50:58+00:00","description":"D\u00e9couvrez comment un jeune conducteur peut \u00eatre assur\u00e9 sur l'assurance de ses parents. Cliquez pour en savoir plus et faire le meilleur choix pour votre famille.","breadcrumb":{"@id":"https:\/\/leocare.eu\/fr\/assurance-auto-en-ligne\/couverture\/formules\/specifiques\/tout-conducteur\/jeune-conducteur\/parents\/#breadcrumb"},"inLanguage":"fr-FR","potentialAction":[{"@type":"ReadAction","target":["https:\/\/leocare.eu\/fr\/assurance-auto-en-ligne\/couverture\/formules\/specifiques\/tout-conducteur\/jeune-conducteur\/parents\/"]}]},{"@type":"ImageObject","inLanguage":"fr-FR","@id":"https:\/\/leocare.eu\/fr\/assurance-auto-en-ligne\/couverture\/formules\/specifiques\/tout-conducteur\/jeune-conducteur\/parents\/#primaryimage","url":"https:\/\/leocare.eu\/fr\/wp-content\/uploads\/2022\/12\/assurance-jeune-conducteur-parent.jpg","contentUrl":"https:\/\/leocare.eu\/fr\/wp-content\/uploads\/2022\/12\/assurance-jeune-conducteur-parent.jpg","width":1800,"height":1200,"caption":"Assurance Jeune Conducteur Parent"},{"@type":"WebSite","@id":"https:\/\/leocare.eu\/fr\/#website","url":"https:\/\/leocare.eu\/fr\/","name":"Leocare, assurance en ligne automobile et habitation","description":"enfin (r)assur\u00e9.e","publisher":{"@id":"https:\/\/leocare.eu\/fr\/#organization"},"potentialAction":[{"@type":"SearchAction","target":{"@type":"EntryPoint","urlTemplate":"https:\/\/leocare.eu\/fr\/?s={search_term_string}"},"query-input":{"@type":"PropertyValueSpecification","valueRequired":true,"valueName":"search_term_string"}}],"inLanguage":"fr-FR"},{"@type":"Organization","@id":"https:\/\/leocare.eu\/fr\/#organization","name":"Leocare, assurance en ligne automobile et habitation","url":"https:\/\/leocare.eu\/fr\/","logo":{"@type":"ImageObject","inLanguage":"fr-FR","@id":"https:\/\/leocare.eu\/fr\/#\/schema\/logo\/image\/","url":"https:\/\/leocare.eu\/fr\/wp-content\/uploads\/2020\/03\/logo-leocare.svg","contentUrl":"https:\/\/leocare.eu\/fr\/wp-content\/uploads\/2020\/03\/logo-leocare.svg","caption":"Leocare, assurance en ligne automobile et habitation"},"image":{"@id":"https:\/\/leocare.eu\/fr\/#\/schema\/logo\/image\/"}}]}},"_links":{"self":[{"href":"https:\/\/leocare.eu\/fr\/wp-json\/wp\/v2\/pages\/12470","targetHints":{"allow":["GET"]}}],"collection":[{"href":"https:\/\/leocare.eu\/fr\/wp-json\/wp\/v2\/pages"}],"about":[{"href":"https:\/\/leocare.eu\/fr\/wp-json\/wp\/v2\/types\/page"}],"author":[{"embeddable":true,"href":"https:\/\/leocare.eu\/fr\/wp-json\/wp\/v2\/users\/34"}],"replies":[{"embeddable":true,"href":"https:\/\/leocare.eu\/fr\/wp-json\/wp\/v2\/comments?post=12470"}],"version-history":[{"count":22,"href":"https:\/\/leocare.eu\/fr\/wp-json\/wp\/v2\/pages\/12470\/revisions"}],"predecessor-version":[{"id":34631,"href":"https:\/\/leocare.eu\/fr\/wp-json\/wp\/v2\/pages\/12470\/revisions\/34631"}],"up":[{"embeddable":true,"href":"https:\/\/leocare.eu\/fr\/wp-json\/wp\/v2\/pages\/12392"}],"wp:featuredmedia":[{"embeddable":true,"href":"https:\/\/leocare.eu\/fr\/wp-json\/wp\/v2\/media\/9943"}],"wp:attachment":[{"href":"https:\/\/leocare.eu\/fr\/wp-json\/wp\/v2\/media?parent=12470"}],"curies":[{"name":"wp","href":"https:\/\/api.w.org\/{rel}","templated":true}]}}