{"id":12412,"date":"2023-01-06T12:07:39","date_gmt":"2023-01-06T11:07:39","guid":{"rendered":"https:\/\/leocare.eu\/fr\/?page_id=12412"},"modified":"2026-04-07T16:50:54","modified_gmt":"2026-04-07T14:50:54","slug":"porte-velo","status":"publish","type":"page","link":"https:\/\/leocare.eu\/fr\/assurance-auto-en-ligne\/couverture\/garanties\/complementaires\/dommages-materiels\/equipements-auto\/porte-velo\/","title":{"rendered":"Faut-il une assurance v\u00e9lo pour le transporter sur sa voiture ?"},"content":{"rendered":"\n<p><strong>Tout semble pr\u00eat pour des vacances radieuses en famille ou entre amis. Vos v\u00e9los bien attach\u00e9s \u00e0 l\u2019arri\u00e8re de votre v\u00e9hicule, \u00e0 vous les balades bucoliques et les activit\u00e9s sportives \ud83d\udeb4. Mais avez-vous pens\u00e9 \u00e0 l\u2019assurance de votre porte-v\u00e9los et de vos v\u00e9los ? Non ? Suivez le guide Leocare, le n\u00e9o-assureur qui prend soin de vous !\u00a0<\/strong><\/p>\n\n\n\n<h2 class=\"wp-block-heading\" id=\"section-1-pourquoi-faut-il-assurer-les-vlos-fixs-sur-la-voiture-\"><strong>Pourquoi faut-il assurer les v\u00e9los fix\u00e9s sur la voiture ?<\/strong><\/h2>\n\n\n\n<p>Pendant un trajet, il peut arriver qu\u2019un v\u00e9lo fix\u00e9 \u00e0 un porte-v\u00e9los arri\u00e8re ou transport\u00e9 sur le toit d\u2019une voiture se d\u00e9tache et tombe. Et bien souvent, \u00e0 cette occasion, les automobilistes d\u00e9couvrent un peu tard qu\u2019ils ne sont pas correctement assur\u00e9s.<\/p>\n\n\n\n<p>Commen\u00e7ons par clarifier un point essentiel \ud83e\uddd0 : un v\u00e9lo n\u2019\u00e9tant pas&nbsp;<strong><a href=\"https:\/\/leocare.eu\/fr\/assurance-auto-en-ligne\/couverture\/garanties\/complementaires\/dommages-materiels\/equipements-auto\/\">un accessoire ou un \u00e9quipement auto de s\u00e9rie<\/a><\/strong>, il ne peut pas, en principe, pr\u00e9tendre aux garanties d\u2019une assurance auto classique.<\/p>\n\n\n\n<p>Alors, pour ne pas devoir racheter un v\u00e9lo \u00e9cras\u00e9 par un autre v\u00e9hicule, vol\u00e9 sur une aire d\u2019autoroute ou endommag\u00e9 lors d\u2019un accident, une seule solution : prendre une assurance pour votre porte-v\u00e9los et votre v\u00e9lo. C\u2019est exactement le m\u00eame principe que pour les autres accessoires rattach\u00e9s \u00e0 votre v\u00e9hicule. Il est n\u00e9cessaire de souscrire une assurance coffre de toit pour couvrir les dommages subis par cet \u00e9quipement suppl\u00e9mentaire et son contenu.<\/p>\n\n\n\n<p>Un v\u00e9lo mal fix\u00e9 et qui se d\u00e9croche peut \u00e9galement \u00eatre \u00e0 l\u2019origine d\u2019un&nbsp;accident&nbsp;et de&nbsp;dommages. Pour esp\u00e9rer une&nbsp;indemnisation, vous devrez&nbsp;<strong><a href=\"https:\/\/leocare.eu\/fr\/assurance-auto-en-ligne\/sinistre\/declaration\/lettre\/\">r\u00e9diger une d\u00e9claration de sinistre<\/a><\/strong>&nbsp;en bonne et due forme aupr\u00e8s des&nbsp;assurances. Bon \u00e0 savoir : Leocare a r\u00e9dig\u00e9 un guide pour mieux diff\u00e9rencier&nbsp;<strong><a href=\"https:\/\/leocare.eu\/fr\/assurance-auto-en-ligne\/sinistre\/declaration\/accident\/types\/\">les diff\u00e9rents types d\u2019accident de voiture<\/a><\/strong>. Vous conna\u00eetrez ainsi les r\u00e8gles d\u2019indemnisation&nbsp;des&nbsp;assurances&nbsp;pour une collision avec des&nbsp;cyclistes&nbsp;qui roulent sans&nbsp;feux.<\/p>\n\n\n\n<h2 class=\"wp-block-heading\" id=\"section-2-est-ce-que-lassurance-auto-peut-suffire-pour-couvrir-les-vlo\"><strong>Est-ce que l\u2019assurance auto peut suffire pour couvrir les v\u00e9los ?<\/strong><\/h2>\n\n\n\n<p>En toute franchise, transporter des v\u00e9los sur son v\u00e9hicule sans avoir souscrit d\u2019assurance sp\u00e9cifique pour ce type d\u2019\u00e9quipement, c\u2019est possible.&nbsp;<\/p>\n\n\n\n<p>En effet, les d\u00e9g\u00e2ts caus\u00e9s aux tiers par la chute d\u2019un v\u00e9lo depuis un porte-v\u00e9los sont couverts par la garantie responsabilit\u00e9 civile de l\u2019assurance auto. Rappelez-vous, il s\u2019agit de la couverture minimale obligatoire pour tous les automobilistes. Peu importe votre contrat, vous l\u2019avez forc\u00e9ment souscrite.&nbsp;<\/p>\n\n\n\n<p>Si \u00e0 la suite d\u2019un&nbsp;accident&nbsp;votre v\u00e9hicule a subi des&nbsp;dommages, vous devrez proc\u00e9der aux&nbsp;<strong><a href=\"https:\/\/leocare.eu\/fr\/assurance-auto-en-ligne\/sinistre\/reparations\/carrosserie\/\">d\u00e9marches pour la r\u00e9paration de la carrosserie<\/a><\/strong>. Les&nbsp;assurances&nbsp;peuvent imposer un garage agr\u00e9\u00e9.<\/p>\n\n\n\n<p>Alors, tout va bien ? Pas besoin d\u2019assurance v\u00e9lo ? \ud83d\udc4d<\/p>\n\n\n\n<p>En fait, pas vraiment, car sans garantie compl\u00e9mentaire, impossible de vous faire rembourser votre v\u00e9lo et son support avec votre couverture auto standard. Et votre assurance tous risques n\u2019y change rien non plus !<\/p>\n\n\n\n<p>Et en cas de vol, que se passe-t-il ? Eh bien\u2026 rien\u2026 Votre v\u00e9lo n\u2019\u00e9tant pas un accessoire couvert par l\u2019assurance auto classique, vous ne touchez pas un centime \ud83d\ude22. C\u2019est une situation d\u00e9plaisante, surtout si vous poss\u00e9dez un v\u00e9lo \u00e9lectrique haut de gamme.<\/p>\n\n\n\n<p>D\u2019autres&nbsp;\u00e9quipements&nbsp;peuvent subir des&nbsp;dommages&nbsp;lors d\u2019un&nbsp;accident. Les r\u00e8gles d\u2019indemnisation&nbsp;suivies par les&nbsp;assurances&nbsp;sont les m\u00eames que pour un v\u00e9lo, notamment pour le&nbsp;<strong><a href=\"https:\/\/leocare.eu\/fr\/assurance-auto-en-ligne\/couverture\/garanties\/complementaires\/dommages-materiels\/equipements-auto\/siege-auto\/\">remboursement pour un si\u00e8ge auto<\/a><\/strong>&nbsp;(nous ne parlons ici que des dommages mat\u00e9riels et non des&nbsp;dommages corporels).&nbsp;<\/p>\n\n\n\n<p>De mani\u00e8re g\u00e9n\u00e9rale, les&nbsp;assurances&nbsp;proposent des garanties compl\u00e9mentaires pour&nbsp;<strong><a href=\"https:\/\/leocare.eu\/fr\/assurance-auto-en-ligne\/couverture\/garanties\/complementaires\/dommages-materiels\/equipements-auto\/\">assurer les accessoires de sa voiture<\/a><\/strong>. Cela permet d\u2019obtenir une indemnisation pour ses&nbsp;\u00e9quipements&nbsp;et pour les&nbsp;dommages mat\u00e9riels&nbsp;qu\u2019ils subissent lors d\u2019un&nbsp;accident.<\/p>\n\n\n\n<p>Voil\u00e0 pour le principe. Chez Leocare, en revanche, peu importe votre formule d\u2019assurance auto, nous prenons en charge les effets, objets et accessoires des usagers \u00e0 hauteur de 500 \u20ac. C\u2019est d\u00e9j\u00e0 mieux, non ?<\/p>\n\n\n\n<h2 class=\"wp-block-heading\" id=\"section-3-quelle-assurance-pour-le-porte-vlos-et-les-vlos-\"><strong>Quelle assurance pour le porte-v\u00e9los et les v\u00e9los ?<\/strong><\/h2>\n\n\n\n<p>Contre les mauvaises surprises et les tracas, vous avez donc le choix entre deux options :<\/p>\n\n\n\n<ul class=\"wp-block-list\">\n<li>Vous avez d\u00e9j\u00e0 une assurance et un porte-v\u00e9los ? Assurez les v\u00e9los fix\u00e9s sur la voiture dans le cadre d\u2019une option sp\u00e9cifique : c\u2019est id\u00e9al pour les cyclistes possesseurs d\u2019un v\u00e9lo classique, peu co\u00fbteux.<\/li>\n\n\n\n<li>Assurez les v\u00e9los sur porte-v\u00e9los dans le cadre d\u2019un contrat d\u2019assurance s\u00e9par\u00e9 : cette option est \u00e0 privil\u00e9gier pour les v\u00e9los dont la valeur est \u00e9lev\u00e9e. C\u2019est le cas des v\u00e9los \u00e0 assistance \u00e9lectrique.\u00a0<\/li>\n<\/ul>\n\n\n\n<p>Il est \u00e9galement possible de<strong><a href=\"https:\/\/leocare.eu\/fr\/assurance-auto-en-ligne\/couverture\/garanties\/complementaires\/dommages-materiels\/equipements-auto\/coffre-de-toit\/\">&nbsp;souscrire une assurance auto pour son coffre de toit<\/a><\/strong>. Ces&nbsp;\u00e9quipements&nbsp;peuvent occasionner un&nbsp;accident&nbsp;et des&nbsp;dommages&nbsp;(y compris des&nbsp;dommages corporels) lorsqu\u2019ils se d\u00e9crochent ou que leur contenu se r\u00e9pand sur la route. Les&nbsp;assurances&nbsp;proposent des garanties compl\u00e9mentaires permettant une&nbsp;indemnisation.<\/p>\n\n\n\n<p>Pour votre assurance porte-v\u00e9los, optez pour les garanties Leocare, adapt\u00e9es \u00e0 vos besoins. Dans le cadre de nos formules, vous s\u00e9lectionnez uniquement celles qui correspondent \u00e0 l\u2019usage que vous faites de votre voiture au quotidien. C\u2019est simple, transparent et flexible via notre app disponible 24 h\/24.<\/p>\n\n\n\n<h2 class=\"wp-block-heading\" id=\"section-4-les-consignes-suivre-pour-bien-assurer-le-porte-vlos-et-les-\"><strong>Les consignes \u00e0 suivre pour bien assurer le porte-v\u00e9los et les v\u00e9los<\/strong><\/h2>\n\n\n\n<p>\u00c0 ce stade, vous \u00eates convaincu de la n\u00e9cessit\u00e9 de souscrire une assurance lorsque les v\u00e9los sont transport\u00e9s. Encore faut-il que les garanties souscrites correspondent bien \u00e0 vos besoins. Pour cela, plusieurs pr\u00e9cautions sont indispensables :<\/p>\n\n\n\n<ul class=\"wp-block-list\">\n<li>V\u00e9rifiez le montant de la franchise applicable en cas de d\u00e9g\u00e2ts caus\u00e9s aux \u00e9quipements et objets. Chez Leocare, pour plus de s\u00e9r\u00e9nit\u00e9, nous avons fait le choix d\u2019une franchise limit\u00e9e \u00e0 80 \u20ac.<\/li>\n\n\n\n<li>Modulez l\u2019\u00e9tendue de la garantie de votre assurance. Si vous transportez votre v\u00e9lo \u00e9lectrique tous les week-ends, vous n\u2019avez pas besoin de la m\u00eame couverture que si vous ne fixez votre porte-v\u00e9los qu\u2019une fois par an. C\u2019est pourquoi Leocare vous offre la possibilit\u00e9 de souscrire des garanties ponctuelles.<\/li>\n\n\n\n<li>\u00c9tudiez les conditions et les exclusions de la garantie. Les porte-v\u00e9los non homologu\u00e9s ne sont g\u00e9n\u00e9ralement pas couverts par les assurances. Si votre v\u00e9lo (\u00e9lectrique VAE ou classique) se d\u00e9croche et provoque un accident avec dommages corporels, vous ne pourrez pr\u00e9tendre \u00e0 aucune prise en charge par votre assurance automobile. V\u00e9rifiez \u00e9galement les feux et la lisibilit\u00e9 de votre plaque d\u2019immatriculation, si celle-ci est couverte par le porte-v\u00e9los.<\/li>\n<\/ul>\n\n\n\n<p>En choisissant Leocare, vous profitez d\u2019une assurance en ligne sur mesure, 100 % flexible, avec des garanties adapt\u00e9es \u00e0 votre voiture. Mieux, vous b\u00e9n\u00e9ficiez de tarifs jusqu\u2019\u00e0 25 % moins chers que ceux de la concurrence.<\/p>\n\n\n\n<div class=\"bon-a-savoir\">\n\n\n\n<p>Bon \u00e0 savoir :<\/p>\n\n\n\n<p>Vous \u00eates chauffeur VTC et vous utilisez votre voiture dans un cadre professionnel ? Les compagnies proposent parfois des&nbsp;assurances&nbsp;sp\u00e9cifiques. Pour une meilleure indemnisation des&nbsp;dommages&nbsp;(notamment des&nbsp;dommages corporels) suite \u00e0 un&nbsp;accident, mieux vaut souscrire une<a href=\"https:\/\/leocare.eu\/fr\/assurance-auto-en-ligne\/couverture\/formules\/specifiques\/tout-conducteur\/vehicules-professionnels\/chauffeur-vtc\/\">&nbsp;assurance auto pour chauffeur VTC<\/a>.<\/p>\n\n\n\n<\/div>\n","protected":false},"excerpt":{"rendered":"<p>Pourquoi faut-il assurer les v\u00e9los fix\u00e9s sur la voiture ? Pendant un trajet, il peut arriver qu\u2019un v\u00e9lo fix\u00e9 \u00e0 un porte-v\u00e9los arri\u00e8re ou transport\u00e9 sur le toit d\u2019une voiture se d\u00e9tache et tombe. Et bien souvent, \u00e0 cette occasion, les automobilistes d\u00e9couvrent un peu tard qu\u2019ils ne sont pas correctement assur\u00e9s. Commen\u00e7ons par clarifier [&hellip;]<\/p>\n","protected":false},"author":34,"featured_media":9906,"parent":12341,"menu_order":0,"comment_status":"closed","ping_status":"closed","template":"template_seo.php","meta":{"_acf_changed":false,"footnotes":""},"class_list":["post-12412","page","type-page","status-publish","has-post-thumbnail","hentry"],"acf":[],"yoast_head":"<!-- This site is optimized with the Yoast SEO plugin v27.3 - https:\/\/yoast.com\/product\/yoast-seo-wordpress\/ -->\n<title>Faut-il une assurance v\u00e9lo pour le transporter sur sa voiture ?<\/title>\n<meta name=\"description\" content=\"Cherchez-vous une assurance ad\u00e9quate pour votre v\u00e9lo et v\u00e9hicule ? D\u00e9couvrez nos offres compl\u00e8tes et prot\u00e9gez-vous de tous types de risques. Agissez maintenant !\" \/>\n<meta name=\"robots\" content=\"index, follow, max-snippet:-1, max-image-preview:large, max-video-preview:-1\" \/>\n<link rel=\"canonical\" href=\"https:\/\/leocare.eu\/fr\/assurance-auto-en-ligne\/couverture\/garanties\/complementaires\/dommages-materiels\/equipements-auto\/porte-velo\/\" \/>\n<meta property=\"og:locale\" content=\"fr_FR\" \/>\n<meta property=\"og:type\" content=\"article\" \/>\n<meta property=\"og:title\" content=\"Faut-il une assurance v\u00e9lo pour le transporter sur sa voiture ?\" \/>\n<meta property=\"og:description\" content=\"Cherchez-vous une assurance ad\u00e9quate pour votre v\u00e9lo et v\u00e9hicule ? D\u00e9couvrez nos offres compl\u00e8tes et prot\u00e9gez-vous de tous types de risques. Agissez maintenant !\" \/>\n<meta property=\"og:url\" content=\"https:\/\/leocare.eu\/fr\/assurance-auto-en-ligne\/couverture\/garanties\/complementaires\/dommages-materiels\/equipements-auto\/porte-velo\/\" \/>\n<meta property=\"og:site_name\" content=\"Leocare, assurance en ligne automobile et habitation\" \/>\n<meta property=\"article:modified_time\" content=\"2026-04-07T14:50:54+00:00\" \/>\n<meta property=\"og:image\" content=\"https:\/\/leocare.eu\/fr\/wp-content\/uploads\/2022\/12\/assurance-porte-velo.jpg\" \/>\n\t<meta property=\"og:image:width\" content=\"1800\" \/>\n\t<meta property=\"og:image:height\" content=\"1200\" \/>\n\t<meta property=\"og:image:type\" content=\"image\/jpeg\" \/>\n<meta name=\"twitter:card\" content=\"summary_large_image\" \/>\n<meta name=\"twitter:label1\" content=\"Dur\u00e9e de lecture estim\u00e9e\" \/>\n\t<meta name=\"twitter:data1\" content=\"6 minutes\" \/>\n<!-- \/ Yoast SEO plugin. -->","yoast_head_json":{"title":"Faut-il une assurance v\u00e9lo pour le transporter sur sa voiture ?","description":"Cherchez-vous une assurance ad\u00e9quate pour votre v\u00e9lo et v\u00e9hicule ? D\u00e9couvrez nos offres compl\u00e8tes et prot\u00e9gez-vous de tous types de risques. Agissez maintenant !","robots":{"index":"index","follow":"follow","max-snippet":"max-snippet:-1","max-image-preview":"max-image-preview:large","max-video-preview":"max-video-preview:-1"},"canonical":"https:\/\/leocare.eu\/fr\/assurance-auto-en-ligne\/couverture\/garanties\/complementaires\/dommages-materiels\/equipements-auto\/porte-velo\/","og_locale":"fr_FR","og_type":"article","og_title":"Faut-il une assurance v\u00e9lo pour le transporter sur sa voiture ?","og_description":"Cherchez-vous une assurance ad\u00e9quate pour votre v\u00e9lo et v\u00e9hicule ? D\u00e9couvrez nos offres compl\u00e8tes et prot\u00e9gez-vous de tous types de risques. Agissez maintenant !","og_url":"https:\/\/leocare.eu\/fr\/assurance-auto-en-ligne\/couverture\/garanties\/complementaires\/dommages-materiels\/equipements-auto\/porte-velo\/","og_site_name":"Leocare, assurance en ligne automobile et habitation","article_modified_time":"2026-04-07T14:50:54+00:00","og_image":[{"width":1800,"height":1200,"url":"https:\/\/leocare.eu\/fr\/wp-content\/uploads\/2022\/12\/assurance-porte-velo.jpg","type":"image\/jpeg"}],"twitter_card":"summary_large_image","twitter_misc":{"Dur\u00e9e de lecture estim\u00e9e":"6 minutes"},"schema":{"@context":"https:\/\/schema.org","@graph":[{"@type":"WebPage","@id":"https:\/\/leocare.eu\/fr\/assurance-auto-en-ligne\/couverture\/garanties\/complementaires\/dommages-materiels\/equipements-auto\/porte-velo\/","url":"https:\/\/leocare.eu\/fr\/assurance-auto-en-ligne\/couverture\/garanties\/complementaires\/dommages-materiels\/equipements-auto\/porte-velo\/","name":"Faut-il une assurance v\u00e9lo pour le transporter sur sa voiture ?","isPartOf":{"@id":"https:\/\/leocare.eu\/fr\/#website"},"primaryImageOfPage":{"@id":"https:\/\/leocare.eu\/fr\/assurance-auto-en-ligne\/couverture\/garanties\/complementaires\/dommages-materiels\/equipements-auto\/porte-velo\/#primaryimage"},"image":{"@id":"https:\/\/leocare.eu\/fr\/assurance-auto-en-ligne\/couverture\/garanties\/complementaires\/dommages-materiels\/equipements-auto\/porte-velo\/#primaryimage"},"thumbnailUrl":"https:\/\/leocare.eu\/fr\/wp-content\/uploads\/2022\/12\/assurance-porte-velo.jpg","datePublished":"2023-01-06T11:07:39+00:00","dateModified":"2026-04-07T14:50:54+00:00","description":"Cherchez-vous une assurance ad\u00e9quate pour votre v\u00e9lo et v\u00e9hicule ? D\u00e9couvrez nos offres compl\u00e8tes et prot\u00e9gez-vous de tous types de risques. Agissez maintenant !","breadcrumb":{"@id":"https:\/\/leocare.eu\/fr\/assurance-auto-en-ligne\/couverture\/garanties\/complementaires\/dommages-materiels\/equipements-auto\/porte-velo\/#breadcrumb"},"inLanguage":"fr-FR","potentialAction":[{"@type":"ReadAction","target":["https:\/\/leocare.eu\/fr\/assurance-auto-en-ligne\/couverture\/garanties\/complementaires\/dommages-materiels\/equipements-auto\/porte-velo\/"]}]},{"@type":"ImageObject","inLanguage":"fr-FR","@id":"https:\/\/leocare.eu\/fr\/assurance-auto-en-ligne\/couverture\/garanties\/complementaires\/dommages-materiels\/equipements-auto\/porte-velo\/#primaryimage","url":"https:\/\/leocare.eu\/fr\/wp-content\/uploads\/2022\/12\/assurance-porte-velo.jpg","contentUrl":"https:\/\/leocare.eu\/fr\/wp-content\/uploads\/2022\/12\/assurance-porte-velo.jpg","width":1800,"height":1200,"caption":"Assurance auto Porte V\u00e9lo"},{"@type":"WebSite","@id":"https:\/\/leocare.eu\/fr\/#website","url":"https:\/\/leocare.eu\/fr\/","name":"Leocare, assurance en ligne automobile et habitation","description":"enfin (r)assur\u00e9.e","publisher":{"@id":"https:\/\/leocare.eu\/fr\/#organization"},"potentialAction":[{"@type":"SearchAction","target":{"@type":"EntryPoint","urlTemplate":"https:\/\/leocare.eu\/fr\/?s={search_term_string}"},"query-input":{"@type":"PropertyValueSpecification","valueRequired":true,"valueName":"search_term_string"}}],"inLanguage":"fr-FR"},{"@type":"Organization","@id":"https:\/\/leocare.eu\/fr\/#organization","name":"Leocare, assurance en ligne automobile et habitation","url":"https:\/\/leocare.eu\/fr\/","logo":{"@type":"ImageObject","inLanguage":"fr-FR","@id":"https:\/\/leocare.eu\/fr\/#\/schema\/logo\/image\/","url":"https:\/\/leocare.eu\/fr\/wp-content\/uploads\/2020\/03\/logo-leocare.svg","contentUrl":"https:\/\/leocare.eu\/fr\/wp-content\/uploads\/2020\/03\/logo-leocare.svg","caption":"Leocare, assurance en ligne automobile et habitation"},"image":{"@id":"https:\/\/leocare.eu\/fr\/#\/schema\/logo\/image\/"}}]}},"_links":{"self":[{"href":"https:\/\/leocare.eu\/fr\/wp-json\/wp\/v2\/pages\/12412","targetHints":{"allow":["GET"]}}],"collection":[{"href":"https:\/\/leocare.eu\/fr\/wp-json\/wp\/v2\/pages"}],"about":[{"href":"https:\/\/leocare.eu\/fr\/wp-json\/wp\/v2\/types\/page"}],"author":[{"embeddable":true,"href":"https:\/\/leocare.eu\/fr\/wp-json\/wp\/v2\/users\/34"}],"replies":[{"embeddable":true,"href":"https:\/\/leocare.eu\/fr\/wp-json\/wp\/v2\/comments?post=12412"}],"version-history":[{"count":12,"href":"https:\/\/leocare.eu\/fr\/wp-json\/wp\/v2\/pages\/12412\/revisions"}],"predecessor-version":[{"id":37142,"href":"https:\/\/leocare.eu\/fr\/wp-json\/wp\/v2\/pages\/12412\/revisions\/37142"}],"up":[{"embeddable":true,"href":"https:\/\/leocare.eu\/fr\/wp-json\/wp\/v2\/pages\/12341"}],"wp:featuredmedia":[{"embeddable":true,"href":"https:\/\/leocare.eu\/fr\/wp-json\/wp\/v2\/media\/9906"}],"wp:attachment":[{"href":"https:\/\/leocare.eu\/fr\/wp-json\/wp\/v2\/media?parent=12412"}],"curies":[{"name":"wp","href":"https:\/\/api.w.org\/{rel}","templated":true}]}}