{"id":12369,"date":"2023-01-06T10:24:01","date_gmt":"2023-01-06T09:24:01","guid":{"rendered":"https:\/\/leocare.eu\/fr\/?page_id=12369"},"modified":"2026-01-23T10:32:42","modified_gmt":"2026-01-23T09:32:42","slug":"vol-jantes-enjoliveurs","status":"publish","type":"page","link":"https:\/\/leocare.eu\/fr\/assurance-auto-en-ligne\/couverture\/garanties\/complementaires\/dommages-materiels\/equipements-auto\/vol-jantes-enjoliveurs\/","title":{"rendered":"Vol de jantes et d\u2019enjoliveurs : quelle indemnisation ?"},"content":{"rendered":"\n<p><strong>Vos jantes et enjoliveurs ont \u00e9t\u00e9 vol\u00e9s ? Vous n\u2019\u00eates malheureusement pas le seul conducteur ! En France, le march\u00e9 noir des pi\u00e8ces d\u00e9tach\u00e9es conna\u00eet un boom sans pr\u00e9c\u00e9dent. Mais alors, quelle indemnisation esp\u00e9rer de la part de son assurance auto ? R\u00e9ponses avec Leocare, la n\u00e9o-assurance qui prend soin de vous et de votre v\u00e9hicule.<\/strong><\/p>\n\n\n\n<h2 class=\"wp-block-heading\" id=\"section-1-comment-obtenir-une-prise-en-charge-par-son-assurance-en-cas\"><strong>Comment obtenir une prise en charge par son assurance en cas de jantes vol\u00e9es ?<\/strong><\/h2>\n\n\n\n<p>Pour \u00eatre indemnis\u00e9, vous devez avoir souscrit aupr\u00e8s d\u2019une assurance&nbsp;<strong><a href=\"https:\/\/leocare.eu\/fr\/assurance-auto-en-ligne\/couverture\/garanties\/complementaires\/dommages-materiels\/equipements-auto\/\">les garanties pour l\u2019\u00e9quipement auto<\/a><\/strong>&nbsp;et les jantes vol\u00e9es.<\/p>\n\n\n\n<h3 class=\"wp-block-heading\"><strong>Les formules d\u2019assurance auto qui contiennent la garantie vol<\/strong><\/h3>\n\n\n\n<p>Comprenez bien qu\u2019un contrat d\u2019assurance de base ne couvre pas n\u00e9cessairement le vol de vos jantes. Cela peut para\u00eetre surprenant, mais seules les formules incluant une garantie vol permettent un d\u00e9dommagement.<\/p>\n\n\n\n<p>Pour faire simple, si vous avez souscrit une assurance tous risques, vous \u00eates couvert. A contrario, les garanties au tiers n\u2019incluent jamais une couverture pour le vol de jantes. Vous \u00eates titulaire d\u2019un contrat d\u2019assurance auto interm\u00e9diaire (au kilom\u00e9trage par exemple) ? Tout d\u00e9pend, alors, des garanties assurance auto souscrites !<\/p>\n\n\n\n<p>Un doute sur les couvertures de votre assurance auto ? Chez Leocare, nos Leoconseillers sont disponibles via notre app, pour r\u00e9pondre \u00e0 toutes vos questions.<\/p>\n\n\n\n<section class=\"wp-block-leocare-bon-a-savoir leocare-bas\"><div class=\"leocare-bas__head\"><img decoding=\"async\" class=\"leocare-bas__icon\" src=\"https:\/\/leocare.eu\/fr\/wp-content\/themes\/leocare-new\/assets\/img\/icon-alert-purple.svg\" alt=\"icon alerte\"\/><h3 class=\"leocare-bas__title\">Bon \u00e0 savoir<\/h3><\/div><div class=\"leocare-bas__content\">\n<p>Votre voiture a \u00e9t\u00e9 vol\u00e9e ? Si <a href=\"https:\/\/leocare.eu\/fr\/assurance-auto-en-ligne\/couverture\/contrat\/releve-information\/malus\/vol-de-voiture\/\">l&rsquo;assurance en cas de vol de voiture<\/a> est activ\u00e9e, <strong>vous \u00eates couverts et cerise sur le g\u00e2teau : il n\u2019y a pas d\u2019impact sur votre coefficient bonus-malus.<\/strong><\/p>\n<\/div><\/section>\n\n\n\n<h3 class=\"wp-block-heading\"><strong>La garantie vol n\u2019est pas toujours suffisante<\/strong><\/h3>\n\n\n\n<p>Prenez garde, une garantie vol n\u2019inclut pas toujours un remboursement en cas de vol de jantes ! Vraiment ? Eh oui, certains contrats d\u2019assurance auto limitent les pi\u00e8ces automobiles prises en charge.<\/p>\n\n\n\n<p>Que faire, alors ? Une seule solution : souscrire une assurance vol de voiture pour vos \u00e9quipements pneumatiques. \ud83d\udede<\/p>\n\n\n\n<p>Ok, donc l\u00e0, la couverture est compl\u00e8te ? Pas n\u00e9cessairement\u2026 \ud83d\ude15 Les conditions g\u00e9n\u00e9rales des contrats auto peuvent pr\u00e9voir un remboursement sur la base d\u2019un montant fixe. En cas de d\u00e9passement, vous allez devoir sortir votre portefeuille. Par ailleurs, la plupart des garanties vol sont assorties d\u2019une franchise assurance auto qui vient en d\u00e9duction du remboursement. Autrement dit, une partie des frais reste \u00e0 votre charge.<\/p>\n\n\n\n<div class=\"bon-a-savoir\">\n\n\n\n<p>Bon \u00e0 savoir<\/p>\n\n\n\n<p>Une assurance vol du contenu du v\u00e9hicule peut \u00e9galement \u00eatre souscrite. Elle peut, aussi, faire l\u2019objet d\u2019une garantie compl\u00e9mentaire dans le cadre de certains contrats d\u2019assurance auto classique, comme au tiers.<\/p>\n\n\n\n<\/div>\n\n\n\n<h2 class=\"wp-block-heading\" id=\"section-2-comment-dclarer-des-jantes-voles-son-assurance-\"><strong>Comment d\u00e9clarer des jantes vol\u00e9es \u00e0 son assurance ?<\/strong><\/h2>\n\n\n\n<p>Deux \u00e9tapes sont n\u00e9cessaires pour obtenir une prise en charge de votre assurance.<\/p>\n\n\n\n<h3 class=\"wp-block-heading\"><strong>D\u00e9poser une plainte pour vol au commissariat<\/strong><\/h3>\n\n\n\n<p>Un matin, en partant au travail, vous trouvez votre voiture sur cale, sans pneu\u2026 Premier r\u00e9flexe \u00e0 avoir : d\u00e9clarer le vol de vos \u00e9quipements externes aupr\u00e8s de la police ou de la gendarmerie \ud83d\udc6e.<\/p>\n\n\n\n<p>Ne tardez pas ! Cette formalit\u00e9, indispensable pour la suite, doit \u00eatre effectu\u00e9e dans les 24 heures suivant la constatation de l\u2019infraction.<\/p>\n\n\n\n<h3 class=\"wp-block-heading\"><strong>D\u00e9clarer le sinistre \u00e0 son assureur<\/strong><\/h3>\n\n\n\n<p>Votre proc\u00e8s-verbal en main, rendez-vous chez votre assureur auto pour d\u00e9clarer un sinistre sur votre voiture et obtenir un remboursement des jantes vol\u00e9es. Plusieurs documents sont indispensables :<\/p>\n\n\n\n<ul class=\"wp-block-list\">\n<li>Le PV du d\u00e9p\u00f4t de plainte et votre num\u00e9ro d\u2019immatriculation.<\/li>\n\n\n\n<li>Les factures des jantes si celles-ci ne sont pas d\u2019origine.<\/li>\n\n\n\n<li>Des preuves : le plus simple est de fournir des photos des objets vol\u00e9s \u00e0 votre assurance.<\/li>\n\n\n\n<li>Une description pr\u00e9cise des circonstances du vol.<\/li>\n<\/ul>\n\n\n\n<p>Chez Leocare, d\u00e9clarer un sinistre \u00e0 son assurance est un jeu d\u2019enfant. Le rendez-vous c\u2019est sur notre app dans la section \u00ab Services \u00bb. Cliquez sur \u00ab J\u2019ai un sinistre \u00e0 d\u00e9clarer \u00bb. Vous n\u2019avez plus qu\u2019\u00e0 remplir votre d\u00e9claration et \u00e0 t\u00e9l\u00e9charger toutes les pi\u00e8ces justificatives. Simple, intuitif et rapide !<\/p>\n\n\n\n<p>Vous pouvez aussi effectuer un&nbsp;d\u00e9p\u00f4t de plainte&nbsp;aupr\u00e8s de la police ou de la&nbsp;gendarmerie&nbsp;pour le&nbsp;<strong><a href=\"https:\/\/leocare.eu\/fr\/assurance-auto-en-ligne\/couverture\/garanties\/complementaires\/dommages-materiels\/vol\/contenu-vehicule\/\">vol d\u2019effets personnels dans une auto<\/a><\/strong>. Vous recevrez un r\u00e9c\u00e9piss\u00e9 de l\u2019autorit\u00e9 comp\u00e9tente d\u00e9taillant les&nbsp;circonstances. V\u00e9rifiez aupr\u00e8s de votre&nbsp;compagnie&nbsp;que cela ne fait pas partie des&nbsp;exclusions&nbsp;de garantie. Si c\u2019est le cas, vous ne pourrez pas pr\u00e9tendre \u00e0 une&nbsp;indemnisation. En revanche, le vol n\u2019a pas d\u2019impact sur votre&nbsp;malus. Ouf !<\/p>\n\n\n\n<h2 class=\"wp-block-heading\" id=\"section-3-lassureur-auto-peut-il-refuser-dindemniser-le-vol-\"><strong>L\u2019assureur auto peut-il refuser d\u2019indemniser le vol ?<\/strong><\/h2>\n\n\n\n<p>C\u2019est \u00e9videmment le cas si vous n\u2019avez pas souscrit aux garanties ad\u00e9quates (les fameuses exclusions\u2026) aupr\u00e8s de votre compagnie. Mais pas seulement ! La prise en compte du vol par votre assurance peut \u00eatre rejet\u00e9e en cas :<\/p>\n\n\n\n<ul class=\"wp-block-list\">\n<li>D\u2019absence de syst\u00e8me antivol install\u00e9 sur les jantes.<\/li>\n\n\n\n<li>De stationnement du v\u00e9hicule sur la voie publique.<\/li>\n\n\n\n<li>De tuning de la voiture.<\/li>\n\n\n\n<li>D\u2019\u00e9quipement auto trop on\u00e9reux : les jantes vol\u00e9es peuvent \u00eatre consid\u00e9r\u00e9es comme trop ch\u00e8res par votre assurance.<\/li>\n<\/ul>\n\n\n\n<h2 class=\"wp-block-heading\" id=\"section-4-jantes-voles-quelle-consquence-pour-le-contrat-dassurance-au\"><strong>Jantes vol\u00e9es : quelle cons\u00e9quence pour le contrat d\u2019assurance auto ?<\/strong><\/h2>\n\n\n\n<p>A priori, il n\u2019y en a aucune. Le vol n\u2019impacte pas le bonus-malus du conducteur. Ce syst\u00e8me a, en effet, \u00e9t\u00e9 mis en place uniquement pour assurer la pr\u00e9vention des accidents, en incitant les automobilistes \u00e0 faire preuve de vigilance sur la route.<\/p>\n\n\n\n<p>Toutefois, en cas de sinistres trop fr\u00e9quents, certains assureurs pr\u00e9f\u00e8rent opter pour la r\u00e9siliation de l\u2019assurance auto. Pour \u00e9viter cette d\u00e9convenue, r\u00e9fl\u00e9chissez bien avant de d\u00e9clarer les jantes vol\u00e9es \u00e0 votre assurance, surtout si le remboursement esp\u00e9r\u00e9 est r\u00e9duit, voire nul.<\/p>\n\n\n\n<p>D\u2019autres&nbsp;circonstances&nbsp;dramatiques peuvent vous obliger \u00e0 effectuer un&nbsp;d\u00e9p\u00f4t de plainte&nbsp;en&nbsp;gendarmerie&nbsp;ou dans un poste de police. C\u2019est le cas de l\u2019incendie volontaire ou accidentel de votre v\u00e9hicule. Pour \u00eatre<strong><a href=\"https:\/\/leocare.eu\/fr\/assurance-auto-en-ligne\/couverture\/garanties\/complementaires\/dommages-materiels\/voiture-brulee\/\">&nbsp;indemnis\u00e9 en cas de voiture br\u00fbl\u00e9e<\/a><\/strong>, contactez votre&nbsp;compagnie. Celle-ci vous indiquera la proc\u00e9dure \u00e0 suivre pour b\u00e9n\u00e9ficier d\u2019une&nbsp;indemnisation.<\/p>\n\n\n\n<h2 class=\"wp-block-heading\" id=\"section-5-comment-viter-le-vol-de-jantes-\"><strong>Comment \u00e9viter le vol de jantes ?<\/strong><\/h2>\n\n\n\n<p>Le risque z\u00e9ro n\u2019existe pas. Toutefois, pour ne pas subir le vol de vos jantes tous les quatre matins, mieux vaut prendre quelques pr\u00e9cautions :<\/p>\n\n\n\n<ul class=\"wp-block-list\">\n<li>\u00c9vitez de garer votre voiture sur la voie publique la nuit : la location d\u2019un garage ferm\u00e9 est la solution la plus s\u00fbre. Vous \u00e9viterez ainsi le risque de d\u00e9gradation (r\u00e9troviseurs arrach\u00e9s, vitres cass\u00e9es ou pneus crev\u00e9s sont, h\u00e9las, des classiques).<\/li>\n\n\n\n<li>Si vous d\u00e9cidez de changer vos jantes, optez pour un mod\u00e8le sobre et discret.<\/li>\n\n\n\n<li>Conservez les mod\u00e8les de s\u00e9rie le plus longtemps possible.<\/li>\n\n\n\n<li>Installez des \u00e9crous antivol sur vos jantes \ud83d\udd12 : il existe de nombreux mod\u00e8les, mais dont le fonctionnement et le prix varient. Ce type de protection est indispensable, notamment en cas d\u2019\u00e9quipement automobile co\u00fbteux. D\u2019ailleurs, certaines compagnies imposent l\u2019installation de syst\u00e8me antivol.<\/li>\n<\/ul>\n\n\n\n<p>En cas de vol de jantes, avec Leocare, vous profitez d\u2019une assistance 0 km incluse dans toutes les formules d\u2019assurance auto. Un sinistre ? Contactez sans tarder nos Leoconseillers via notre app et laissez-vous guider !<\/p>\n\n\n\n<div class=\"bon-a-savoir\">\n\n\n\n<p>Bon \u00e0 savoir :<\/p>\n\n\n\n<p>V\u00e9rifiez aupr\u00e8s des&nbsp;assurances&nbsp;l\u2019\u00e9ventuelle&nbsp;absence&nbsp;d\u2019indemnisation&nbsp;en cas d\u2019accident et quelle serait votre&nbsp;<strong><a href=\"https:\/\/leocare.eu\/fr\/assurance-auto-en-ligne\/sinistre\/epave\/pieces-reemploi\/\">couverture pour une r\u00e9paration avec pi\u00e8ces de r\u00e9emploi<\/a><\/strong>. On parle des pi\u00e8ces m\u00e9caniques \u00e9videmment, pas de vos&nbsp;r\u00e9troviseurs&nbsp;!<\/p>\n\n\n\n<\/div>\n","protected":false},"excerpt":{"rendered":"<p>Vos jantes et enjoliveurs ont \u00e9t\u00e9 vol\u00e9s ? Vous n\u2019\u00eates malheureusement pas le seul conducteur ! En France, le march\u00e9 noir des pi\u00e8ces d\u00e9tach\u00e9es conna\u00eet un boom sans pr\u00e9c\u00e9dent. Mais alors, quelle indemnisation esp\u00e9rer de la part de son assurance auto ? R\u00e9ponses avec Leocare, la n\u00e9o-assurance qui prend soin de vous et de votre [&hellip;]<\/p>\n","protected":false},"author":34,"featured_media":9915,"parent":12341,"menu_order":0,"comment_status":"closed","ping_status":"closed","template":"template_cocon_seo.php","meta":{"_acf_changed":false,"footnotes":""},"class_list":["post-12369","page","type-page","status-publish","has-post-thumbnail","hentry"],"acf":[],"yoast_head":"<!-- This site is optimized with the Yoast SEO plugin v27.3 - https:\/\/yoast.com\/product\/yoast-seo-wordpress\/ -->\n<title>Vol de jantes et d\u2019enjoliveurs : quelle indemnisation ?<\/title>\n<meta name=\"description\" content=\"Voici comment vous pouvez vous pr\u00e9munir du vol de jantes. Ne laissez pas la chance aux voleurs, agissez maintenant pour une protection fiable !\" \/>\n<meta name=\"robots\" content=\"index, follow, max-snippet:-1, max-image-preview:large, max-video-preview:-1\" \/>\n<link rel=\"canonical\" href=\"https:\/\/leocare.eu\/fr\/assurance-auto-en-ligne\/couverture\/garanties\/complementaires\/dommages-materiels\/equipements-auto\/vol-jantes-enjoliveurs\/\" \/>\n<meta property=\"og:locale\" content=\"fr_FR\" \/>\n<meta property=\"og:type\" content=\"article\" \/>\n<meta property=\"og:title\" content=\"Vol de jantes et d\u2019enjoliveurs : quelle indemnisation ?\" \/>\n<meta property=\"og:description\" content=\"Voici comment vous pouvez vous pr\u00e9munir du vol de jantes. Ne laissez pas la chance aux voleurs, agissez maintenant pour une protection fiable !\" \/>\n<meta property=\"og:url\" content=\"https:\/\/leocare.eu\/fr\/assurance-auto-en-ligne\/couverture\/garanties\/complementaires\/dommages-materiels\/equipements-auto\/vol-jantes-enjoliveurs\/\" \/>\n<meta property=\"og:site_name\" content=\"Leocare, assurance en ligne automobile et habitation\" \/>\n<meta property=\"article:modified_time\" content=\"2026-01-23T09:32:42+00:00\" \/>\n<meta property=\"og:image\" content=\"https:\/\/leocare.eu\/fr\/wp-content\/uploads\/2022\/12\/assurance-enjoliveurs-vol.jpg\" \/>\n\t<meta property=\"og:image:width\" content=\"1800\" \/>\n\t<meta property=\"og:image:height\" content=\"1200\" \/>\n\t<meta property=\"og:image:type\" content=\"image\/jpeg\" \/>\n<meta name=\"twitter:card\" content=\"summary_large_image\" \/>\n<meta name=\"twitter:label1\" content=\"Est. reading time\" \/>\n\t<meta name=\"twitter:data1\" content=\"6 minutes\" \/>\n<!-- \/ Yoast SEO plugin. -->","yoast_head_json":{"title":"Vol de jantes et d\u2019enjoliveurs : quelle indemnisation ?","description":"Voici comment vous pouvez vous pr\u00e9munir du vol de jantes. Ne laissez pas la chance aux voleurs, agissez maintenant pour une protection fiable !","robots":{"index":"index","follow":"follow","max-snippet":"max-snippet:-1","max-image-preview":"max-image-preview:large","max-video-preview":"max-video-preview:-1"},"canonical":"https:\/\/leocare.eu\/fr\/assurance-auto-en-ligne\/couverture\/garanties\/complementaires\/dommages-materiels\/equipements-auto\/vol-jantes-enjoliveurs\/","og_locale":"fr_FR","og_type":"article","og_title":"Vol de jantes et d\u2019enjoliveurs : quelle indemnisation ?","og_description":"Voici comment vous pouvez vous pr\u00e9munir du vol de jantes. Ne laissez pas la chance aux voleurs, agissez maintenant pour une protection fiable !","og_url":"https:\/\/leocare.eu\/fr\/assurance-auto-en-ligne\/couverture\/garanties\/complementaires\/dommages-materiels\/equipements-auto\/vol-jantes-enjoliveurs\/","og_site_name":"Leocare, assurance en ligne automobile et habitation","article_modified_time":"2026-01-23T09:32:42+00:00","og_image":[{"width":1800,"height":1200,"url":"https:\/\/leocare.eu\/fr\/wp-content\/uploads\/2022\/12\/assurance-enjoliveurs-vol.jpg","type":"image\/jpeg"}],"twitter_card":"summary_large_image","twitter_misc":{"Est. reading time":"6 minutes"},"schema":{"@context":"https:\/\/schema.org","@graph":[{"@type":"WebPage","@id":"https:\/\/leocare.eu\/fr\/assurance-auto-en-ligne\/couverture\/garanties\/complementaires\/dommages-materiels\/equipements-auto\/vol-jantes-enjoliveurs\/","url":"https:\/\/leocare.eu\/fr\/assurance-auto-en-ligne\/couverture\/garanties\/complementaires\/dommages-materiels\/equipements-auto\/vol-jantes-enjoliveurs\/","name":"Vol de jantes et d\u2019enjoliveurs : quelle indemnisation ?","isPartOf":{"@id":"https:\/\/leocare.eu\/fr\/#website"},"primaryImageOfPage":{"@id":"https:\/\/leocare.eu\/fr\/assurance-auto-en-ligne\/couverture\/garanties\/complementaires\/dommages-materiels\/equipements-auto\/vol-jantes-enjoliveurs\/#primaryimage"},"image":{"@id":"https:\/\/leocare.eu\/fr\/assurance-auto-en-ligne\/couverture\/garanties\/complementaires\/dommages-materiels\/equipements-auto\/vol-jantes-enjoliveurs\/#primaryimage"},"thumbnailUrl":"https:\/\/leocare.eu\/fr\/wp-content\/uploads\/2022\/12\/assurance-enjoliveurs-vol.jpg","datePublished":"2023-01-06T09:24:01+00:00","dateModified":"2026-01-23T09:32:42+00:00","description":"Voici comment vous pouvez vous pr\u00e9munir du vol de jantes. Ne laissez pas la chance aux voleurs, agissez maintenant pour une protection fiable !","breadcrumb":{"@id":"https:\/\/leocare.eu\/fr\/assurance-auto-en-ligne\/couverture\/garanties\/complementaires\/dommages-materiels\/equipements-auto\/vol-jantes-enjoliveurs\/#breadcrumb"},"inLanguage":"fr-FR","potentialAction":[{"@type":"ReadAction","target":["https:\/\/leocare.eu\/fr\/assurance-auto-en-ligne\/couverture\/garanties\/complementaires\/dommages-materiels\/equipements-auto\/vol-jantes-enjoliveurs\/"]}]},{"@type":"ImageObject","inLanguage":"fr-FR","@id":"https:\/\/leocare.eu\/fr\/assurance-auto-en-ligne\/couverture\/garanties\/complementaires\/dommages-materiels\/equipements-auto\/vol-jantes-enjoliveurs\/#primaryimage","url":"https:\/\/leocare.eu\/fr\/wp-content\/uploads\/2022\/12\/assurance-enjoliveurs-vol.jpg","contentUrl":"https:\/\/leocare.eu\/fr\/wp-content\/uploads\/2022\/12\/assurance-enjoliveurs-vol.jpg","width":1800,"height":1200,"caption":"Assurance Vol Enjoliveurs"},{"@type":"WebSite","@id":"https:\/\/leocare.eu\/fr\/#website","url":"https:\/\/leocare.eu\/fr\/","name":"Leocare, assurance en ligne automobile et habitation","description":"enfin (r)assur\u00e9.e","publisher":{"@id":"https:\/\/leocare.eu\/fr\/#organization"},"potentialAction":[{"@type":"SearchAction","target":{"@type":"EntryPoint","urlTemplate":"https:\/\/leocare.eu\/fr\/?s={search_term_string}"},"query-input":{"@type":"PropertyValueSpecification","valueRequired":true,"valueName":"search_term_string"}}],"inLanguage":"fr-FR"},{"@type":"Organization","@id":"https:\/\/leocare.eu\/fr\/#organization","name":"Leocare, assurance en ligne automobile et habitation","url":"https:\/\/leocare.eu\/fr\/","logo":{"@type":"ImageObject","inLanguage":"fr-FR","@id":"https:\/\/leocare.eu\/fr\/#\/schema\/logo\/image\/","url":"https:\/\/leocare.eu\/fr\/wp-content\/uploads\/2020\/03\/logo-leocare.svg","contentUrl":"https:\/\/leocare.eu\/fr\/wp-content\/uploads\/2020\/03\/logo-leocare.svg","caption":"Leocare, assurance en ligne automobile et habitation"},"image":{"@id":"https:\/\/leocare.eu\/fr\/#\/schema\/logo\/image\/"}}]}},"_links":{"self":[{"href":"https:\/\/leocare.eu\/fr\/wp-json\/wp\/v2\/pages\/12369","targetHints":{"allow":["GET"]}}],"collection":[{"href":"https:\/\/leocare.eu\/fr\/wp-json\/wp\/v2\/pages"}],"about":[{"href":"https:\/\/leocare.eu\/fr\/wp-json\/wp\/v2\/types\/page"}],"author":[{"embeddable":true,"href":"https:\/\/leocare.eu\/fr\/wp-json\/wp\/v2\/users\/34"}],"replies":[{"embeddable":true,"href":"https:\/\/leocare.eu\/fr\/wp-json\/wp\/v2\/comments?post=12369"}],"version-history":[{"count":13,"href":"https:\/\/leocare.eu\/fr\/wp-json\/wp\/v2\/pages\/12369\/revisions"}],"predecessor-version":[{"id":36156,"href":"https:\/\/leocare.eu\/fr\/wp-json\/wp\/v2\/pages\/12369\/revisions\/36156"}],"up":[{"embeddable":true,"href":"https:\/\/leocare.eu\/fr\/wp-json\/wp\/v2\/pages\/12341"}],"wp:featuredmedia":[{"embeddable":true,"href":"https:\/\/leocare.eu\/fr\/wp-json\/wp\/v2\/media\/9915"}],"wp:attachment":[{"href":"https:\/\/leocare.eu\/fr\/wp-json\/wp\/v2\/media?parent=12369"}],"curies":[{"name":"wp","href":"https:\/\/api.w.org\/{rel}","templated":true}]}}