{"id":12146,"date":"2023-01-05T15:21:58","date_gmt":"2023-01-05T14:21:58","guid":{"rendered":"https:\/\/leocare.eu\/fr\/?page_id=12146"},"modified":"2025-11-05T12:05:32","modified_gmt":"2025-11-05T11:05:32","slug":"vehicules-professionnels","status":"publish","type":"page","link":"https:\/\/leocare.eu\/fr\/assurance-auto-en-ligne\/couverture\/formules\/specifiques\/tout-conducteur\/vehicules-professionnels\/","title":{"rendered":"Tout ce qu\u2019il faut savoir sur l\u2019assurance des v\u00e9hicules professionnels"},"content":{"rendered":"\n<p>Tout le monde conna\u00eet (plus ou moins, on vous l\u2019accorde) les garanties qu\u2019il est possible d\u2019obtenir gr\u00e2ce \u00e0 une couverture auto pour un particulier. Mais pour les entreprises, l\u2019assurance auto professionnelle doit proposer bien plus de garanties pour une protection optimale. Vous avez besoin d\u2019une assurance pour v\u00e9hicule professionnel ? Vous tombez bien, nous avons toutes les informations qu\u2019il vous faut \ud83d\ude0e!<\/p>\n\n\n\n<h2 class=\"wp-block-heading\" id=\"section-1-que-couvre-lassurance-auto-pour-les-professionnels-\"><strong>Que couvre l\u2019assurance auto pour les professionnels ?<\/strong><\/h2>\n\n\n\n<p>L\u2019<strong><a href=\"https:\/\/leocare.eu\/fr\/assurance-auto-en-ligne\/couverture\/formules\/specifiques\/tout-conducteur\/vehicules-professionnels\/\">assurance auto pour les professionnels<\/a><\/strong>&nbsp;prend en charge une large vari\u00e9t\u00e9 de v\u00e9hicules. Le contrat est \u00e9tabli au nom du conducteur principal, mais les garanties peuvent s\u2019\u00e9tendre aux autres employ\u00e9s. Sur un chantier, pour le transport de personnes ou dans le cadre de d\u00e9placements : les applications de l\u2019assurance auto professionnelle sont multiples. Elle couvre, par exemple, les voitures de fonction. Les d\u00e9placements personnels sont alors autoris\u00e9s, ce qui est l\u2019id\u00e9al pour une&nbsp;<strong><a href=\"https:\/\/leocare.eu\/fr\/assurance-auto-en-ligne\/couverture\/formules\/specifiques\/tout-conducteur\/vehicules-professionnels\/fonctionnaire\/\">assurance auto fonctionnaire<\/a><\/strong>. C\u2019est \u00e9galement le contrat propos\u00e9 pour un v\u00e9hicule de soci\u00e9t\u00e9 qui ne peut \u00eatre utilis\u00e9 que durant les horaires de bureau.<\/p>\n\n\n\n<h2 class=\"wp-block-heading\" id=\"section-2--qui-sadresse-lassurance-auto-professionnelle-\"><strong>\u00c0 qui s\u2019adresse l\u2019assurance auto professionnelle ?<\/strong><\/h2>\n\n\n\n<p>L\u2019assurance auto pour professionnels s\u2019adresse \u00e0 tous les m\u00e9tiers, d\u00e8s qu\u2019un v\u00e9hicule est essentiel pour accomplir votre activit\u00e9. Sont donc concern\u00e9s&nbsp;par cette assurance automobile&nbsp;:<\/p>\n\n\n\n<ul class=\"wp-block-list\">\n<li>Les artisans (traiteurs, \u00e9lectriciens, ma\u00e7ons, plombiers, etc.).<\/li>\n\n\n\n<li>Les commer\u00e7ants (fleuristes, esth\u00e9ticiennes \u00e0 domicile, mais aussi\u00a0<strong><a href=\"https:\/\/leocare.eu\/fr\/assurance-auto-en-ligne\/couverture\/formules\/specifiques\/tout-conducteur\/vehicules-professionnels\/vrp-agent-commercial\/\">assurance auto VRP<\/a><\/strong>).<\/li>\n\n\n\n<li>Les professions lib\u00e9rales (m\u00e9decins, infirmiers, etc.).<\/li>\n\n\n\n<li>Les VTC (<strong><a href=\"https:\/\/leocare.eu\/fr\/assurance-auto-en-ligne\/couverture\/formules\/specifiques\/tout-conducteur\/vehicules-professionnels\/chauffeur-vtc\/\">l\u2019assurance professionnelle pour VTC<\/a><\/strong>\u00a0est obligatoire pour garantir la responsabilit\u00e9 civile circulation, mais aussi la responsabilit\u00e9 civile professionnelle et exploitation).<\/li>\n\n\n\n<li>Le transport de personnes (taxis, services de bus, etc.).<\/li>\n<\/ul>\n\n\n\n<p><strong>Dans la pratique, cela signifie qu\u2019une assurance auto pour les professionnels et entreprises peut couvrir des v\u00e9hicules tr\u00e8s diff\u00e9rents<\/strong>&nbsp;\ud83d\ude95\ud83d\ude91\ud83d\ude9c. Outre les voitures, elle prend en charge les camions, utilitaires, engins, chariots \u00e9l\u00e9vateurs (eh oui, eux aussi doivent \u00eatre assur\u00e9s !) ou encore les foodtrucks. M\u00eame les ambulances, camions de pompiers, v\u00e9hicules de police et autres chasse-neige doivent \u00eatre couverts avant de prendre la route. Vous avez \u00e9galement la possibilit\u00e9 de souscrire une&nbsp;<strong><a href=\"https:\/\/leocare.eu\/fr\/assurance-auto-en-ligne\/couverture\/formules\/specifiques\/tout-conducteur\/vehicules-professionnels\/militaire\/\">assurance auto militaire<\/a><\/strong>, dont les conditions s\u2019adaptent au d\u00e9part en mission et aux longues immobilisations des v\u00e9hicules.<\/p>\n\n\n\n<h2 class=\"wp-block-heading\" id=\"section-3-quelles-sont-les-garanties-dassurance-auto-adaptes-aux-profe\"><strong>Quelles sont les garanties d\u2019assurance auto adapt\u00e9es aux professionnels ?<\/strong><\/h2>\n\n\n\n<p><strong>Les assurances auto adapt\u00e9es aux professionnels doivent proposer une couverture r\u00e9pondant aux besoins de chaque activit\u00e9.<\/strong>&nbsp;Les garanties sont donc tr\u00e8s larges pour que chaque entreprise puisse trouver une formule sur mesure :<\/p>\n\n\n\n<h3 class=\"wp-block-heading\"><strong>Responsabilit\u00e9 Civile (RC)<\/strong><\/h3>\n\n\n\n<p>Comme pour les particuliers,&nbsp;<strong>c\u2019est le minimum l\u00e9gal d\u2019un contrat assurance auto<\/strong>. Cette couverture permet de prendre en charge les&nbsp;dommages&nbsp;corporels ou mat\u00e9riels caus\u00e9s \u00e0 un tiers&nbsp;lors d\u2019un&nbsp;accident. Elle est propos\u00e9e par chaque&nbsp;compagnie&nbsp;dans l\u2019assurance au tiers. C\u2019est la seule&nbsp;<strong><a href=\"https:\/\/leocare.eu\/fr\/assurance-auto-en-ligne\/couverture\/garanties\/\">garantie d\u2019assurance auto obligatoire<\/a><\/strong>. La&nbsp;protection juridique&nbsp;et la formule&nbsp;dommages tous accidents&nbsp;sont facultatives.&nbsp;<\/p>\n\n\n\n<h3 class=\"wp-block-heading\"><strong>Garantie d\u00e9fense p\u00e9nale et recours<\/strong><\/h3>\n\n\n\n<p>Cette protection est d\u00e9clench\u00e9e&nbsp;<strong>en cas de sinistre pour d\u00e9fendre vos droits et obtenir r\u00e9paration<\/strong>&nbsp;(pour vous et votre v\u00e9hicule \ud83d\ude05).<\/p>\n\n\n\n<h3 class=\"wp-block-heading\"><strong>Protection des am\u00e9nagements du v\u00e9hicule<\/strong><\/h3>\n\n\n\n<p>Certains m\u00e9tiers exigent des \u00e9quipements sp\u00e9cifiques co\u00fbteux comme les r\u00e9frig\u00e9rateurs et plaques de cuisson d\u2019un foodtruck.&nbsp;<strong>L\u2019assurance auto \u00e0 usage professionnel peut prendre en charge ce mat\u00e9riel co\u00fbteux lorsqu\u2019il est endommag\u00e9 durant un sinistre.<\/strong><\/p>\n\n\n\n<h3 class=\"wp-block-heading\"><strong>Garantie vol marchandise et outillage<\/strong><\/h3>\n\n\n\n<p>Outils d\u2019un artisan du b\u00e2timent ou cargaison de fleurs d\u2019un fleuriste : le contenu d\u2019un v\u00e9hicule professionnel a \u00e9galement beaucoup de valeur.&nbsp;<strong>Il est donc possible d\u2019ajouter une protection contre le vol de marchandise \u00e0 son contrat assurance auto pour professionnel.<\/strong><\/p>\n\n\n\n<h3 class=\"wp-block-heading\"><strong>Remplacement du v\u00e9hicule<\/strong><\/h3>\n\n\n\n<p>Cette garantie est<strong>&nbsp;incontournable lorsque le v\u00e9hicule assur\u00e9 est l\u2019outil de travail du professionnel.<\/strong>&nbsp;En cas de sinistre, elle permet, par exemple, d\u2019obtenir un remplacement \u00e0 neuf du v\u00e9hicule&nbsp;\u00e0 usage professionnel.<\/p>\n\n\n\n<h3 class=\"wp-block-heading\"><strong>Assistance<\/strong><\/h3>\n\n\n\n<p id=\"ancre3\"><strong>Il existe deux types d\u2019assistance dans le cadre d\u2019une assurance auto pour d\u00e9placements professionnels<\/strong>. Elle peut tout d\u2019abord \u00eatre&nbsp;<strong>apport\u00e9e aux personnes transport\u00e9es pour une prise en charge des passagers d\u2019un VTC ou d\u2019un bus en cas de sinistre<\/strong>. Il peut \u00e9galement s\u2019agir d\u2019une&nbsp;<strong>assistance 0 km<\/strong>. Vous pouvez ainsi b\u00e9n\u00e9ficier d\u2019un remorquage m\u00eame si votre activit\u00e9 vous am\u00e8ne \u00e0 parcourir de courtes distances.<\/p>\n\n\n\n<h2 class=\"wp-block-heading\" id=\"section-4-quelles-sont-les-formules-dassurance-auto-professionnelle-\"><strong>Quelles sont les formules d\u2019assurance auto professionnelle ?<\/strong><\/h2>\n\n\n\n<p>Chaque assureur propose plusieurs formules d\u2019assurance v\u00e9hicule professionnel&nbsp;pour les&nbsp;conducteurs.&nbsp;Les&nbsp;compagnies&nbsp;int\u00e8grent toutes des garanties sp\u00e9cifiques&nbsp;comme la&nbsp;protection juridique&nbsp;ou l\u2019assurance&nbsp;dommages tous accidents.&nbsp;Globalement, on retrouve les trois types de&nbsp;<strong><a href=\"https:\/\/leocare.eu\/fr\/assurance-auto-en-ligne\/couverture\/\">couvertures d\u2019assurance auto<\/a><\/strong>&nbsp;propos\u00e9es aux particuliers :&nbsp;assurance au tiers, tiers plus et tous risques.&nbsp;<\/p>\n\n\n\n<h3 class=\"wp-block-heading\"><strong>Assurance au tiers<\/strong><\/h3>\n\n\n\n<p><strong>Vous disposez de la garantie responsabilit\u00e9 civile, mais aussi de la protection p\u00e9nale assurance auto.<\/strong>&nbsp;Il s\u2019agit d\u2019un contrat assurance auto offrant le minimum l\u00e9gal. L\u2019assistance 0 km, la garantie du mat\u00e9riel et des marchandises et le pr\u00eat d\u2019un v\u00e9hicule en cas de sinistre sont propos\u00e9s en option.&nbsp;<\/p>\n\n\n\n<h3 class=\"wp-block-heading\"><strong>Assurance tiers plus<\/strong><\/h3>\n\n\n\n<p>Plus protectrice, cette assurance auto pour d\u00e9placements professionnels&nbsp;<strong>prot\u00e8ge contre les principaux risques rencontr\u00e9s par un v\u00e9hicule<\/strong>&nbsp;: bris de glace, incendie, vol, temp\u00eate, mais aussi catastrophes naturelles ou climatiques.&nbsp;Elle est propos\u00e9e par la plupart des compagnies pour assurer vos v\u00e9hicules utilitaires, camions ou engins.&nbsp;<\/p>\n\n\n\n<h3 class=\"wp-block-heading\"><strong>Assurance tous risques<\/strong><\/h3>\n\n\n\n<p>L\u00e0, vous avez le droit \u00e0 une assurance auto de haut vol&nbsp;pour vos trajets professionnels&nbsp;! En plus des protections classiques, vous pouvez souvent compter sur l\u2019<strong>assistance 0 km, la garantie des accessoires et m\u00eame un pr\u00eat du v\u00e9hicule de remplacement<\/strong>. Elle couvre \u00e9galement&nbsp;<strong>les<\/strong>&nbsp;<strong>r\u00e9parations en cas d\u2019accident responsable<\/strong>.<\/p>\n\n\n\n<p>Avec la garantie&nbsp;dommages tous accidents, la&nbsp;compagnie d\u2019assurance&nbsp;indemnise m\u00eame en cas d<strong>\u2019<\/strong><strong><a href=\"https:\/\/leocare.eu\/fr\/assurance-auto-en-ligne\/sinistre\/declaration\/accident\/indemnisation\/50-50\/\">accident avec torts partag\u00e9s<\/a><\/strong>. On parle aussi d\u2019accident&nbsp;50\/50. Cela signifie que tous les&nbsp;conducteurs&nbsp;impliqu\u00e9s sont responsables des&nbsp;dommages.<\/p>\n\n\n\n<h2 class=\"wp-block-heading\" id=\"section-5-comment-protger-votre-vhicule-professionnel-avec-une-assuran\"><strong>Comment prot\u00e9ger votre v\u00e9hicule professionnel avec une assurance auto ?<\/strong><\/h2>\n\n\n\n<p><strong>Pour une protection assurance auto pour professionnel optimale, vous devez vous interroger sur vos besoins&nbsp;<\/strong>\ud83e\uddd0. Plus l\u2019usage de votre v\u00e9hicule est important pour votre m\u00e9tier, plus vous devez vous orienter vers une formule offrant des indemnisations et une assistance infaillible. En cas de sinistre&nbsp;lors d\u2019un d\u00e9placement professionnel,&nbsp;<strong>cela vous permet de limiter l\u2019impact sur votre activit\u00e9.<\/strong>&nbsp;Aussi, faites bien la diff\u00e9rence entre v\u00e9hicule de soci\u00e9t\u00e9 destin\u00e9 \u00e0 un emploi exclusif par vos collaborateurs et voiture de fonction. Cette derni\u00e8re peut aussi \u00eatre utilis\u00e9e par votre employ\u00e9 dans un cadre priv\u00e9.<\/p>\n\n\n\n<div class=\"bon-a-savoir\">\n\n\n\n<p>Bon \u00e0 savoir : Leocare, l\u2019assurance pas ch\u00e8re pour vos trajets domicile-travail<\/p>\n\n\n\n<p>Il ne s\u2019agit pas d\u2019un usage professionnel,&nbsp;<strong>mais les trajets domicile-travail demandent une protection sp\u00e9cifique.<\/strong>&nbsp;Quelques clics sur notre app ou notre site web et notre simulateur de devis vous donne le montant de votre cotisation au tiers, tiers plus ou tous risques. Vous n\u2019avez plus qu\u2019\u00e0 signer votre contrat pour \u00eatre imm\u00e9diatement couvert \ud83d\ude0e. Et si votre ancien contrat doit \u00eatre r\u00e9sili\u00e9 pour nous rejoindre, nos Leoconseillers s\u2019en occupent !<\/p>\n\n\n\n<\/div>\n\n\n\n<h2 class=\"wp-block-heading\" id=\"section-6-combien-cote-une-assurance-auto-pour-les-professionnels-\"><strong>Combien co\u00fbte une assurance auto pour les professionnels ?<\/strong><\/h2>\n\n\n\n<p>Il existe une telle vari\u00e9t\u00e9 de garanties dans les contrats auto pour professionnel qu\u2019il est impossible de donner un tarif moyen.&nbsp;Le montant d\u2019une prime d\u2019assurance d\u00e9pend de nombreux facteurs.&nbsp;Certains artisans n\u2019assurent qu\u2019un petit utilitaire, d\u2019autres entreprises une flotte de 15 berlines ou 4 v\u00e9hicules de construction ! Ce que l\u2019on peut vous dire toutefois, c\u2019est que les assureurs prennent en compte les crit\u00e8res suivants pour \u00e9tablir le montant de votre assurance auto :<\/p>\n\n\n\n<ul class=\"wp-block-list\">\n<li>Le nombre de conducteurs potentiels.<\/li>\n\n\n\n<li>La quantit\u00e9 de v\u00e9hicules \u00e0 assurer.<\/li>\n\n\n\n<li>Le mod\u00e8le de chaque v\u00e9hicule et sa date d\u2019immatriculation.<\/li>\n\n\n\n<li>L\u2019usage du v\u00e9hicule.<\/li>\n\n\n\n<li>L\u2019endroit o\u00f9 le v\u00e9hicule stationne.<\/li>\n<\/ul>\n\n\n\n<p>Les prix pratiqu\u00e9s par les&nbsp;compagnies&nbsp;d\u00e9pendent aussi des&nbsp;dommages&nbsp;et&nbsp;accidents&nbsp;couverts. Pour conna\u00eetre le co\u00fbt d\u2019une&nbsp;assurance au tiers&nbsp;ou tous risques, utilisez le&nbsp;<strong><a href=\"https:\/\/leocare.eu\/fr\/assurance-auto-en-ligne\/comparateur\/\">comparateur d\u2019assurances auto<\/a><\/strong>&nbsp;Leocare. Les montants affich\u00e9s d\u00e9pendront des garanties souscrites et du niveau d\u2019indemnisation&nbsp;souhait\u00e9.<\/p>\n\n\n\n<p>En quelques clics, obtenez un&nbsp;<strong><a href=\"https:\/\/leocare.eu\/fr\/assurance-auto-en-ligne\/devis\/\">devis d\u2019assurance auto<\/a><\/strong>&nbsp;sur mesure indiquant les&nbsp;dommages&nbsp;pris en charge. La&nbsp;compagnie&nbsp;Leocare vous propose trois formules :&nbsp;assurance au tiers, tiers plus ou tous risques. En cas&nbsp;d\u2019accident, nous vous indemnisons dans la limite des garanties souscrites.<\/p>\n\n\n\n<p id=\"ancre6\">Avec Leocare, faites des \u00e9conomies sur l\u2019<strong><a href=\"https:\/\/leocare.eu\/fr\/assurance-auto-en-ligne\/citroen\/\">assurance Citro\u00ebn<\/a><\/strong>&nbsp;de votre parc automobile de cette marque. Nous proposons des solutions sur mesure pour couvrir vos&nbsp;dommages corporels&nbsp;et vos&nbsp;dommages mat\u00e9riels.&nbsp;Assurance au tiers&nbsp;ou formule&nbsp;dommages tous accidents, s\u00e9lectionnez le niveau d\u2019indemnisation&nbsp;qui vous convient.<\/p>\n","protected":false},"excerpt":{"rendered":"<p>Que couvre l\u2019assurance auto pour les professionnels ? L\u2019assurance auto pour les professionnels&nbsp;prend en charge une large vari\u00e9t\u00e9 de v\u00e9hicules. Le contrat est \u00e9tabli au nom du conducteur principal, mais les garanties peuvent s\u2019\u00e9tendre aux autres employ\u00e9s. Sur un chantier, pour le transport de personnes ou dans le cadre de d\u00e9placements : les applications de [&hellip;]<\/p>\n","protected":false},"author":34,"featured_media":9934,"parent":11846,"menu_order":0,"comment_status":"closed","ping_status":"closed","template":"template_cocon_seo.php","meta":{"_acf_changed":false,"footnotes":""},"class_list":["post-12146","page","type-page","status-publish","has-post-thumbnail","hentry"],"acf":[],"yoast_head":"<!-- This site is optimized with the Yoast SEO plugin v27.3 - https:\/\/yoast.com\/product\/yoast-seo-wordpress\/ -->\n<title>Assurance v\u00e9hicules professionnels : tout savoir<\/title>\n<meta name=\"description\" content=\"Prot\u00e9gez votre activit\u00e9 avec une assurance v\u00e9hicule professionnel id\u00e9ale. D\u00e9couvrez ici pourquoi elle est indispensable et comment la choisir. Agissez maintenant !\" \/>\n<meta name=\"robots\" content=\"index, follow, max-snippet:-1, max-image-preview:large, max-video-preview:-1\" \/>\n<link rel=\"canonical\" href=\"https:\/\/leocare.eu\/fr\/assurance-auto-en-ligne\/couverture\/formules\/specifiques\/tout-conducteur\/vehicules-professionnels\/\" \/>\n<meta property=\"og:locale\" content=\"fr_FR\" \/>\n<meta property=\"og:type\" content=\"article\" \/>\n<meta property=\"og:title\" content=\"Assurance v\u00e9hicules professionnels : tout savoir\" \/>\n<meta property=\"og:description\" content=\"Prot\u00e9gez votre activit\u00e9 avec une assurance v\u00e9hicule professionnel id\u00e9ale. D\u00e9couvrez ici pourquoi elle est indispensable et comment la choisir. Agissez maintenant !\" \/>\n<meta property=\"og:url\" content=\"https:\/\/leocare.eu\/fr\/assurance-auto-en-ligne\/couverture\/formules\/specifiques\/tout-conducteur\/vehicules-professionnels\/\" \/>\n<meta property=\"og:site_name\" content=\"Leocare, assurance en ligne automobile et habitation\" \/>\n<meta property=\"article:modified_time\" content=\"2025-11-05T11:05:32+00:00\" \/>\n<meta property=\"og:image\" content=\"https:\/\/leocare.eu\/fr\/wp-content\/uploads\/2022\/12\/assurance-auto-professionnel.jpg\" \/>\n\t<meta property=\"og:image:width\" content=\"1800\" \/>\n\t<meta property=\"og:image:height\" content=\"1200\" \/>\n\t<meta property=\"og:image:type\" content=\"image\/jpeg\" \/>\n<meta name=\"twitter:card\" content=\"summary_large_image\" \/>\n<meta name=\"twitter:label1\" content=\"Dur\u00e9e de lecture estim\u00e9e\" \/>\n\t<meta name=\"twitter:data1\" content=\"8 minutes\" \/>\n<!-- \/ Yoast SEO plugin. -->","yoast_head_json":{"title":"Assurance v\u00e9hicules professionnels : tout savoir","description":"Prot\u00e9gez votre activit\u00e9 avec une assurance v\u00e9hicule professionnel id\u00e9ale. D\u00e9couvrez ici pourquoi elle est indispensable et comment la choisir. Agissez maintenant !","robots":{"index":"index","follow":"follow","max-snippet":"max-snippet:-1","max-image-preview":"max-image-preview:large","max-video-preview":"max-video-preview:-1"},"canonical":"https:\/\/leocare.eu\/fr\/assurance-auto-en-ligne\/couverture\/formules\/specifiques\/tout-conducteur\/vehicules-professionnels\/","og_locale":"fr_FR","og_type":"article","og_title":"Assurance v\u00e9hicules professionnels : tout savoir","og_description":"Prot\u00e9gez votre activit\u00e9 avec une assurance v\u00e9hicule professionnel id\u00e9ale. D\u00e9couvrez ici pourquoi elle est indispensable et comment la choisir. Agissez maintenant !","og_url":"https:\/\/leocare.eu\/fr\/assurance-auto-en-ligne\/couverture\/formules\/specifiques\/tout-conducteur\/vehicules-professionnels\/","og_site_name":"Leocare, assurance en ligne automobile et habitation","article_modified_time":"2025-11-05T11:05:32+00:00","og_image":[{"width":1800,"height":1200,"url":"https:\/\/leocare.eu\/fr\/wp-content\/uploads\/2022\/12\/assurance-auto-professionnel.jpg","type":"image\/jpeg"}],"twitter_card":"summary_large_image","twitter_misc":{"Dur\u00e9e de lecture estim\u00e9e":"8 minutes"},"schema":{"@context":"https:\/\/schema.org","@graph":[{"@type":"WebPage","@id":"https:\/\/leocare.eu\/fr\/assurance-auto-en-ligne\/couverture\/formules\/specifiques\/tout-conducteur\/vehicules-professionnels\/","url":"https:\/\/leocare.eu\/fr\/assurance-auto-en-ligne\/couverture\/formules\/specifiques\/tout-conducteur\/vehicules-professionnels\/","name":"Assurance v\u00e9hicules professionnels : tout savoir","isPartOf":{"@id":"https:\/\/leocare.eu\/fr\/#website"},"primaryImageOfPage":{"@id":"https:\/\/leocare.eu\/fr\/assurance-auto-en-ligne\/couverture\/formules\/specifiques\/tout-conducteur\/vehicules-professionnels\/#primaryimage"},"image":{"@id":"https:\/\/leocare.eu\/fr\/assurance-auto-en-ligne\/couverture\/formules\/specifiques\/tout-conducteur\/vehicules-professionnels\/#primaryimage"},"thumbnailUrl":"https:\/\/leocare.eu\/fr\/wp-content\/uploads\/2022\/12\/assurance-auto-professionnel.jpg","datePublished":"2023-01-05T14:21:58+00:00","dateModified":"2025-11-05T11:05:32+00:00","description":"Prot\u00e9gez votre activit\u00e9 avec une assurance v\u00e9hicule professionnel id\u00e9ale. D\u00e9couvrez ici pourquoi elle est indispensable et comment la choisir. Agissez maintenant !","breadcrumb":{"@id":"https:\/\/leocare.eu\/fr\/assurance-auto-en-ligne\/couverture\/formules\/specifiques\/tout-conducteur\/vehicules-professionnels\/#breadcrumb"},"inLanguage":"fr-FR","potentialAction":[{"@type":"ReadAction","target":["https:\/\/leocare.eu\/fr\/assurance-auto-en-ligne\/couverture\/formules\/specifiques\/tout-conducteur\/vehicules-professionnels\/"]}]},{"@type":"ImageObject","inLanguage":"fr-FR","@id":"https:\/\/leocare.eu\/fr\/assurance-auto-en-ligne\/couverture\/formules\/specifiques\/tout-conducteur\/vehicules-professionnels\/#primaryimage","url":"https:\/\/leocare.eu\/fr\/wp-content\/uploads\/2022\/12\/assurance-auto-professionnel.jpg","contentUrl":"https:\/\/leocare.eu\/fr\/wp-content\/uploads\/2022\/12\/assurance-auto-professionnel.jpg","width":1800,"height":1200,"caption":"Assurance Auto V\u00e9hicule Professionnel"},{"@type":"WebSite","@id":"https:\/\/leocare.eu\/fr\/#website","url":"https:\/\/leocare.eu\/fr\/","name":"Leocare, assurance en ligne automobile et habitation","description":"enfin (r)assur\u00e9.e","publisher":{"@id":"https:\/\/leocare.eu\/fr\/#organization"},"potentialAction":[{"@type":"SearchAction","target":{"@type":"EntryPoint","urlTemplate":"https:\/\/leocare.eu\/fr\/?s={search_term_string}"},"query-input":{"@type":"PropertyValueSpecification","valueRequired":true,"valueName":"search_term_string"}}],"inLanguage":"fr-FR"},{"@type":"Organization","@id":"https:\/\/leocare.eu\/fr\/#organization","name":"Leocare, assurance en ligne automobile et habitation","url":"https:\/\/leocare.eu\/fr\/","logo":{"@type":"ImageObject","inLanguage":"fr-FR","@id":"https:\/\/leocare.eu\/fr\/#\/schema\/logo\/image\/","url":"https:\/\/leocare.eu\/fr\/wp-content\/uploads\/2020\/03\/logo-leocare.svg","contentUrl":"https:\/\/leocare.eu\/fr\/wp-content\/uploads\/2020\/03\/logo-leocare.svg","caption":"Leocare, assurance en ligne automobile et habitation"},"image":{"@id":"https:\/\/leocare.eu\/fr\/#\/schema\/logo\/image\/"}}]}},"_links":{"self":[{"href":"https:\/\/leocare.eu\/fr\/wp-json\/wp\/v2\/pages\/12146","targetHints":{"allow":["GET"]}}],"collection":[{"href":"https:\/\/leocare.eu\/fr\/wp-json\/wp\/v2\/pages"}],"about":[{"href":"https:\/\/leocare.eu\/fr\/wp-json\/wp\/v2\/types\/page"}],"author":[{"embeddable":true,"href":"https:\/\/leocare.eu\/fr\/wp-json\/wp\/v2\/users\/34"}],"replies":[{"embeddable":true,"href":"https:\/\/leocare.eu\/fr\/wp-json\/wp\/v2\/comments?post=12146"}],"version-history":[{"count":25,"href":"https:\/\/leocare.eu\/fr\/wp-json\/wp\/v2\/pages\/12146\/revisions"}],"predecessor-version":[{"id":34592,"href":"https:\/\/leocare.eu\/fr\/wp-json\/wp\/v2\/pages\/12146\/revisions\/34592"}],"up":[{"embeddable":true,"href":"https:\/\/leocare.eu\/fr\/wp-json\/wp\/v2\/pages\/11846"}],"wp:featuredmedia":[{"embeddable":true,"href":"https:\/\/leocare.eu\/fr\/wp-json\/wp\/v2\/media\/9934"}],"wp:attachment":[{"href":"https:\/\/leocare.eu\/fr\/wp-json\/wp\/v2\/media?parent=12146"}],"curies":[{"name":"wp","href":"https:\/\/api.w.org\/{rel}","templated":true}]}}