{"id":12080,"date":"2023-01-05T13:50:26","date_gmt":"2023-01-05T12:50:26","guid":{"rendered":"https:\/\/leocare.eu\/fr\/?page_id=12080"},"modified":"2026-04-07T16:35:35","modified_gmt":"2026-04-07T14:35:35","slug":"vandalisme","status":"publish","type":"page","link":"https:\/\/leocare.eu\/fr\/assurance-auto-en-ligne\/couverture\/garanties\/complementaires\/dommages-materiels\/vandalisme\/","title":{"rendered":"Vandalisme voiture : quelle est l\u2019indemnisation de l\u2019assurance auto ?"},"content":{"rendered":"\n<p><strong>Vous partez travailler et avez la mauvaise surprise de d\u00e9couvrir votre voiture vandalis\u00e9e. Vitre bris\u00e9e, porti\u00e8re ray\u00e9e\u2026 la journ\u00e9e commence mal. En pareil cas, vous pouvez heureusement compter sur une indemnisation de votre assurance.<\/strong><\/p>\n\n\n\n<p><strong>Soumise \u00e0 conditions, cette derni\u00e8re peut n\u00e9anmoins s\u2019accompagner d\u2019une franchise vandalisme voiture. Vous souhaitez vous pr\u00e9parer \u00e0 une telle \u00e9ventualit\u00e9 ? \u00catre rapidement indemnis\u00e9 ? D\u00e9couvrez comment en b\u00e9n\u00e9ficier mais aussi quels sont les bons r\u00e9flexes \u00e0 adopter face \u00e0 une telle situation. Laissez-vous guider par Leocare, on vous explique tout !<\/strong><\/p>\n\n\n\n<h2 class=\"wp-block-heading\" id=\"section-1-quest-ce-que-le-vandalisme-automobile-\"><strong>Qu\u2019est-ce que le vandalisme automobile ?<\/strong><\/h2>\n\n\n\n<p>Carrosserie ray\u00e9e ou enfonc\u00e9e, r\u00e9troviseur endommag\u00e9 ou arrach\u00e9, pneu crev\u00e9, vitre cass\u00e9e ou v\u00e9hicule d\u00e9grad\u00e9 par des tags ou des graffitis\u2026 ces diff\u00e9rents actes sont consid\u00e9r\u00e9s comme du vandalisme voiture. Chez Leocare, nous consid\u00e9rons comme tel, l\u2019ensemble des actions d\u2019un tiers destin\u00e9es \u00e0 porter atteinte \u00e0 votre v\u00e9hicule sans motif l\u00e9gitime. En bref, nous restons \u00e0 vos c\u00f4t\u00e9s en cas de d\u00e9g\u00e2ts sur votre v\u00e9hicule, quelles que soient les circonstances !<\/p>\n\n\n\n<p>Gr\u00e2ce \u00e0 l\u2019application Leocare, vous \u00eates accompagn\u00e9 dans vos d\u00e9marches d\u00e8s la d\u00e9couverte de l\u2019acte de vandalisme. Il vous suffit de vous y connecter depuis votre smartphone pour signaler le sinistre et joindre un conseiller en quelques secondes. Nos \u00e9quipes sont l\u00e0 pour vous !<\/p>\n\n\n\n<p>Vous n\u2019\u00eates pas encore chez Leocare ? Il est temps de changer de&nbsp;compagnie d\u2019assurance\u202f!&nbsp;Vous pouvez obtenir un&nbsp;<strong><a href=\"https:\/\/leocare.eu\/fr\/assurance-auto-en-ligne\/couverture\/contrat\/souscription\/\">devis pour souscrire une assurance auto en ligne<\/a><\/strong>&nbsp;en quelques clics. Vous d\u00e9couvrirez nos offres d\u2019indemnisation&nbsp;des&nbsp;dommages&nbsp;en cas d\u2019accident.<\/p>\n\n\n\n<h2 class=\"wp-block-heading\" id=\"section-2-pourquoi-opter-pour-une-garantie-vandalisme-voiture-\"><strong>Pourquoi opter pour une garantie vandalisme voiture ?<\/strong><\/h2>\n\n\n\n<p>Votre v\u00e9hicule m\u00e9rite la meilleure prise en charge ! Pour le prot\u00e9ger efficacement des risques li\u00e9s au vandalisme, il vous est possible de souscrire \u00e0 une assurance tous risques (qui couvre les dommages tous accidents) ou d\u2019ajouter \u00e0 votre contrat au tiers une garantie vandalisme voiture assurance. Avec ces deux solutions, vous faites le plein de bonnes nouvelles :<\/p>\n\n\n\n<ul class=\"wp-block-list\">\n<li>Avec un contrat vandalisme voiture tous risques, vous pourrez \u00eatre indemnis\u00e9 en quasi-totalit\u00e9. Seule la franchise vandalisme voiture sera \u00e0 verser.<\/li>\n\n\n\n<li>Si vous \u00eates simplement assur\u00e9 au tiers, vous pouvez y ajouter une option particuli\u00e8re. En optant pour cette version, vous prot\u00e9gez votre v\u00e9hicule contre ce type de sinistre.<\/li>\n<\/ul>\n\n\n\n<div class=\"bon-a-savoir\">\n\n\n\n<p>Bon \u00e0 savoir : Auteur identifi\u00e9 et assurance au tiers<\/p>\n\n\n\n<p>Si l\u2019auteur de la d\u00e9gradation de votre v\u00e9hicule est identifi\u00e9, vous faites partie des plus chanceux. Votre assurance peut alors se retourner contre lui pour exiger le remboursement des frais. Vous \u00eates indemnis\u00e9, m\u00eame si vous avez opt\u00e9 pour un contrat au tiers. Avec un contrat tous risques, vous \u00eates m\u00eame exon\u00e9r\u00e9 des frais de franchise. Il s\u2019agit donc d\u2019une excellente nouvelle.<\/p>\n\n\n\n<\/div>\n\n\n\n<p>La garantie vandalisme est une option propos\u00e9e par certaines&nbsp;assurances. Elle est recommand\u00e9e pour l\u2019<strong><a href=\"https:\/\/leocare.eu\/fr\/assurance-auto-en-ligne\/couverture\/formules\/specifiques\/tout-conducteur\/vehicules-professionnels\/\">assurance auto de v\u00e9hicules professionnels<\/a><\/strong>. V\u00e9rifiez que votre&nbsp;compagnie d\u2019assurance&nbsp;la propose, en plus d\u2019offrir une bonne&nbsp;indemnisation&nbsp;des&nbsp;dommages&nbsp;en cas d\u2019accident.<\/p>\n\n\n\n<p>Si vous vivez en milieu urbain et si vous ne disposez pas d\u2019un garage ou d\u2019un box ferm\u00e9 pour prot\u00e9ger votre v\u00e9hicule, soyez pr\u00e9voyant ! Il est ici conseill\u00e9 de souscrire \u00e0 un tel contrat pour offrir un espace s\u00e9curis\u00e9 \u00e0 votre pr\u00e9cieuse voiture et \u00e9viter un p\u00e9nible accident. Dans le cas contraire, vous risquez de devoir financer r\u00e9guli\u00e8rement les r\u00e9parations li\u00e9es aux actes de vandalisme : rayure sur votre voiture, vitre ou phare bris\u00e9s, etc. Une routine dont vous avez sans doute envie de vous passer\u2026<\/p>\n\n\n\n<p>Le vol de son v\u00e9hicule est \u00e9galement un \u00e9v\u00e9nement particuli\u00e8rement contrariant. Lorsque la police le retrouve, celui-ci a souvent subi des&nbsp;dommages&nbsp;et des&nbsp;d\u00e9gradations. Pour&nbsp;<strong><a href=\"https:\/\/leocare.eu\/fr\/assurance-auto-en-ligne\/couverture\/garanties\/complementaires\/dommages-materiels\/vol\/\">\u00eatre indemnis\u00e9 par l\u2019assurance en cas de vol de voiture<\/a><\/strong>, vous devez effectuer un&nbsp;d\u00e9p\u00f4t de plainte&nbsp;et envoyer le&nbsp;r\u00e9c\u00e9piss\u00e9&nbsp;\u00e0 votre&nbsp;compagnie. Attention, v\u00e9rifiez bien les&nbsp;exclusions&nbsp;de garanties si les voleurs ont eu un&nbsp;accident.<\/p>\n\n\n\n<h2 class=\"wp-block-heading\" id=\"section-3-combien-cote-la-garantie-vandalisme-et-que-comprend-elle-\"><strong>Combien co\u00fbte la garantie vandalisme et que comprend-elle ?<\/strong><\/h2>\n\n\n\n<p>Vous l\u2019avez compris, la garantie vandalisme vous offre de nombreux avantages. Les assurances la soumettent toutefois \u00e0 de nombreuses conditions. Pour \u00eatre indemnis\u00e9, il vous faut r\u00e9pondre \u00e0 quelques crit\u00e8res :<\/p>\n\n\n\n<ul class=\"wp-block-list\">\n<li>Vous devez avoir souscrit \u00e0 un contrat assurance auto tous risques ou \u00e0 une option compl\u00e9mentaire en cas de formule au tiers.<\/li>\n\n\n\n<li>Votre v\u00e9hicule doit pr\u00e9senter des traces d\u2019effraction. En cas de n\u00e9gligence (porti\u00e8re laiss\u00e9e ouverte par exemple), vous ne pourrez pas \u00eatre indemnis\u00e9.<\/li>\n\n\n\n<li>Seuls les dommages sur la voiture sont couverts (comme pour un accident). Le vol d\u2019objets pr\u00e9sents dans l\u2019habitacle n\u2019est pas garanti par une telle assurance mais seulement par la garantie \u00e9quipements auto. Attention \u00e0 ne rien laisser tra\u00eener.<\/li>\n\n\n\n<li>Tous les d\u00e9g\u00e2ts doivent \u00eatre visibles pour \u00eatre prises en charge.<\/li>\n<\/ul>\n\n\n\n<p>Comprise dans le montant de votre assurance tous risques, la garantie vandalisme automobile co\u00fbte entre <span class=\"change-price\">54<\/span> et <span class=\"change-price\">107<\/span> euros par an. Cette somme varie en fonction du niveau de protection choisi et de la franchise due en cas de sinistre.<\/p>\n\n\n\n<div class=\"bon-a-savoir\">\n\n\n\n<p>Bon \u00e0 savoir : Une franchise mais aucun malus en cas de vandalisme sur votre voiture<\/p>\n\n\n\n<p>Si la prise en charge de la d\u00e9gradation de votre v\u00e9hicule s\u2019accompagne d\u2019une franchise \u00e0 payer, vous n\u2019avez pas \u00e0 supporter de majoration de cotisation. Vous pouvez \u00eatre rassur\u00e9 ! Le vandalisme ne s\u2019accompagne donc pas d\u2019une augmentation du prix de votre cotisation.<\/p>\n\n\n\n<\/div>\n\n\n\n<p>Vous souhaitez obtenir un&nbsp;<strong><a href=\"https:\/\/leocare.eu\/fr\/assurance-auto-en-ligne\/sinistre\/indemnisation\/franchise\/sans\/\">devis pour une assurance auto sans franchise<\/a><\/strong>\u202f? Pensez \u00e0 bien prendre en compte tous les \u00e9l\u00e9ments :&nbsp;indemnisation&nbsp;des&nbsp;dommages tous accidents, attribution du&nbsp;malus, etc. Mieux vaut prendre son temps avant de choisir sa nouvelle compagnie d\u2019assurance !<\/p>\n\n\n\n<h2 class=\"wp-block-heading\" id=\"section-4-comment-dclarer-un-acte-de-vandalisme-son-assurance-auto-\"><strong>Comment d\u00e9clarer un acte de vandalisme \u00e0 son assurance auto ?<\/strong><\/h2>\n\n\n\n<p>Si vous constatez une d\u00e9gradation de votre v\u00e9hicule, rendez-vous imm\u00e9diatement au poste de police ou \u00e0 la gendarmerie pour y d\u00e9poser plainte. Vous avez 48 heures au maximum pour d\u00e9clarer le sinistre, il ne faut donc pas tra\u00eener. Il est alors conseill\u00e9 d\u2019indiquer le plus pr\u00e9cis\u00e9ment possible :<\/p>\n\n\n\n<ul class=\"wp-block-list\">\n<li>La date et l\u2019heure de l\u2019acte de vandalisme sur votre voiture,<\/li>\n\n\n\n<li>Le lieu des faits,<\/li>\n\n\n\n<li>La nature et la gravit\u00e9 des dommages,<\/li>\n\n\n\n<li>Les \u00e9ventuels t\u00e9moignages recueillis concernant l\u2019infraction,<\/li>\n\n\n\n<li>Y joindre des photos et toutes les preuves disponibles.<\/li>\n<\/ul>\n\n\n\n<p>Les forces de l\u2019ordre vous remettent un document appel\u00e9 proc\u00e8s-verbal. Ce r\u00e9c\u00e9piss\u00e9 de d\u00e9p\u00f4t de plainte doit \u00eatre adress\u00e9 sous 5 jours \u00e0 votre assureur. Le plus souvent, ce dernier mandate un expert pour \u00e9valuer le montant des r\u00e9parations et ainsi vous indemniser. Si la voiture vandalis\u00e9e est consid\u00e9r\u00e9e comme r\u00e9parable par l\u2019assurance, les r\u00e9parations sont effectu\u00e9es puis prises en charge. Dans le cas contraire, votre assureur vous indemnise \u00e0 la hauteur de sa valeur via&nbsp;<strong><a href=\"https:\/\/leocare.eu\/fr\/assurance-auto-en-ligne\/couverture\/garanties\/complementaires\/dommages-materiels\/\">la garantie dommage mat\u00e9riel<\/a><\/strong>. Elle applique alors un coefficient de v\u00e9tust\u00e9 en fonction de l\u2019\u00e2ge de votre v\u00e9hicule.<\/p>\n\n\n\n<p>Chez Leocare, on aime faciliter vos d\u00e9marches. Pour vous faire gagner du temps, nous mettons par exemple \u00e0 votre disposition une application mobile. Votre smartphone en main, vous ne mettez que quelques secondes \u00e0 joindre un conseiller pour l\u2019informer du sinistre.<\/p>\n\n\n\n<p>Vous pouvez \u00e9galement souscrire aupr\u00e8s de notre&nbsp;compagnie&nbsp;une&nbsp;<strong><a href=\"https:\/\/leocare.eu\/fr\/assurance-auto-en-ligne\/couverture\/formules\/specifiques\/auto-moto\/\">assurance auto moto pour assurer votre deux roues<\/a><\/strong>. Chez Leocare, Tous les conducteurs sont les bienvenus, m\u00eame ceux avec&nbsp;malus\u202f!<\/p>\n\n\n\n<h2 class=\"wp-block-heading\" id=\"section-5-quelle-prise-en-charge-en-cas-de-voiture-vandalise-\"><strong>Quelle prise en charge en cas de voiture vandalis\u00e9e ?<\/strong><\/h2>\n\n\n\n<p>Vous avez un doute sur le montant de votre remboursement ? Votre contrat d\u2019assurance le pr\u00e9voit et l\u2019indique avec pr\u00e9cision. Il d\u00e9taille :<\/p>\n\n\n\n<ul class=\"wp-block-list\">\n<li>le montant de la franchise pour tous les types de d\u00e9g\u00e2ts ;<\/li>\n\n\n\n<li>les diff\u00e9rentes exclusions ;<\/li>\n\n\n\n<li>les conditions : voiture bien gar\u00e9e, traces d\u2019effraction, etc.<\/li>\n<\/ul>\n\n\n\n<p>Depuis votre smartphone, sur votre application Leocare, vous acc\u00e9dez en quelques clics \u00e0 vos garanties. Vous pouvez ainsi les consulter, mais \u00e9galement modifier votre niveau de couverture \u00e0 tout moment. Un doute ? Une envie soudaine d\u2019offrir une meilleure assurance \u00e0 votre v\u00e9hicule ? Rendez-vous sur notre application mobile !<\/p>\n\n\n\n<p>Si votre v\u00e9hicule se retrouve hors service en raison de&nbsp;dommages&nbsp;survenus lors d\u2019un&nbsp;accident, votre&nbsp;compagnie&nbsp;peut vous proposer un v\u00e9hicule de pr\u00eat. Si c\u2019est le cas, renseignez-vous sur l\u2019<strong><a href=\"https:\/\/leocare.eu\/fr\/assurance-auto-en-ligne\/couverture\/assistance-auto\/vehicule-de-remplacement\/\">assurance auto des v\u00e9hicules de remplacement<\/a><\/strong>&nbsp;(exclusions&nbsp;de garantie,&nbsp;malus,&nbsp;indemnisation, etc.).<\/p>\n\n\n\n<p>Les actes de vandalisme sont malheureusement encore trop nombreux. Gr\u00e2ce \u00e0 une assurance tous risques ou \u00e0 une garantie vandalisme, vous vous prot\u00e9gez des cons\u00e9quences (r\u00e9troviseur ou vitres bris\u00e9s, destruction partielle, etc.), en b\u00e9n\u00e9ficiant de la couverture de votre assurance. Rendez-vous d\u00e8s maintenant sur votre application Leocare pour ajuster votre contrat et b\u00e9n\u00e9ficier du meilleur de notre assurance.<\/p>\n\n\n\n<p>Les trois points cl\u00e9s :<\/p>\n\n\n\n<ul class=\"wp-block-list\">\n<li>Votre assurance vandalisme voiture doit correspondre \u00e0 un contrat auto tous risques ou \u00e0 un contrat au tiers \u00e9tendu aux actes de d\u00e9gradations volontaires.<\/li>\n\n\n\n<li>Si vous vivez en ville, il est conseill\u00e9 de prot\u00e9ger votre voiture avec une assurance d\u00e9di\u00e9e aux actes de vandalisme. Face \u00e0 ce genre de situations, mieux vaut ne prendre aucun risque. Renseignez-vous aupr\u00e8s de votre compagnie.<\/li>\n\n\n\n<li>Pour conna\u00eetre le montant pris en charge, connectez-vous sur l\u2019application Leocare. Tout y est indiqu\u00e9.<\/li>\n<\/ul>\n\n\n\n<p>Vous \u00eates un conducteur (avec ou sans&nbsp;malus) \u00e0 la recherche d\u2019une nouvelle&nbsp;compagnie&nbsp;? Optez pour une&nbsp;<strong><a href=\"https:\/\/leocare.eu\/fr\/assurance-auto-en-ligne\/devis\/sans-frais-de-dossier\/\">assurance auto en ligne sans frais de dossier<\/a><\/strong>&nbsp;et faites votre choix parmi les offres de plusieurs&nbsp;assurances! Vous pourrez obtenir une bonne&nbsp;indemnisation&nbsp;des&nbsp;dommages&nbsp;en cas d\u2019accident&nbsp;en faisant jouer la concurrence.<\/p>\n","protected":false},"excerpt":{"rendered":"<p>Vous partez travailler et avez la mauvaise surprise de d\u00e9couvrir votre voiture vandalis\u00e9e. Vitre bris\u00e9e, porti\u00e8re ray\u00e9e\u2026 la journ\u00e9e commence mal. En pareil cas, vous pouvez heureusement compter sur une indemnisation de votre assurance. Soumise \u00e0 conditions, cette derni\u00e8re peut n\u00e9anmoins s\u2019accompagner d\u2019une franchise vandalisme voiture. Vous souhaitez vous pr\u00e9parer \u00e0 une telle \u00e9ventualit\u00e9 ? [&hellip;]<\/p>\n","protected":false},"author":34,"featured_media":9833,"parent":11672,"menu_order":0,"comment_status":"closed","ping_status":"closed","template":"template_seo.php","meta":{"_acf_changed":false,"footnotes":""},"class_list":["post-12080","page","type-page","status-publish","has-post-thumbnail","hentry"],"acf":[],"yoast_head":"<!-- This site is optimized with the Yoast SEO plugin v27.3 - https:\/\/yoast.com\/product\/yoast-seo-wordpress\/ -->\n<title>Vandalisme voiture : quelle indemnisation ?<\/title>\n<meta name=\"description\" content=\"D\u00e9couvrez comment obtenir une indemnisation en cas de vandalisme sur votre voiture. Suivez nos \u00e9tapes d\u00e9taill\u00e9es. Cliquez ici pour en savoir plus !\" \/>\n<meta name=\"robots\" content=\"index, follow, max-snippet:-1, max-image-preview:large, max-video-preview:-1\" \/>\n<link rel=\"canonical\" href=\"https:\/\/leocare.eu\/fr\/assurance-auto-en-ligne\/couverture\/garanties\/complementaires\/dommages-materiels\/vandalisme\/\" \/>\n<meta property=\"og:locale\" content=\"fr_FR\" \/>\n<meta property=\"og:type\" content=\"article\" \/>\n<meta property=\"og:title\" content=\"Vandalisme voiture : quelle indemnisation ?\" \/>\n<meta property=\"og:description\" content=\"D\u00e9couvrez comment obtenir une indemnisation en cas de vandalisme sur votre voiture. Suivez nos \u00e9tapes d\u00e9taill\u00e9es. Cliquez ici pour en savoir plus !\" \/>\n<meta property=\"og:url\" content=\"https:\/\/leocare.eu\/fr\/assurance-auto-en-ligne\/couverture\/garanties\/complementaires\/dommages-materiels\/vandalisme\/\" \/>\n<meta property=\"og:site_name\" content=\"Leocare, assurance en ligne automobile et habitation\" \/>\n<meta property=\"article:modified_time\" content=\"2026-04-07T14:35:35+00:00\" \/>\n<meta property=\"og:image\" content=\"https:\/\/leocare.eu\/fr\/wp-content\/uploads\/2022\/12\/vandalisme.jpg\" \/>\n\t<meta property=\"og:image:width\" content=\"1800\" \/>\n\t<meta property=\"og:image:height\" content=\"1200\" \/>\n\t<meta property=\"og:image:type\" content=\"image\/jpeg\" \/>\n<meta name=\"twitter:card\" content=\"summary_large_image\" \/>\n<meta name=\"twitter:label1\" content=\"Dur\u00e9e de lecture estim\u00e9e\" \/>\n\t<meta name=\"twitter:data1\" content=\"8 minutes\" \/>\n<!-- \/ Yoast SEO plugin. -->","yoast_head_json":{"title":"Vandalisme voiture : quelle indemnisation ?","description":"D\u00e9couvrez comment obtenir une indemnisation en cas de vandalisme sur votre voiture. Suivez nos \u00e9tapes d\u00e9taill\u00e9es. Cliquez ici pour en savoir plus !","robots":{"index":"index","follow":"follow","max-snippet":"max-snippet:-1","max-image-preview":"max-image-preview:large","max-video-preview":"max-video-preview:-1"},"canonical":"https:\/\/leocare.eu\/fr\/assurance-auto-en-ligne\/couverture\/garanties\/complementaires\/dommages-materiels\/vandalisme\/","og_locale":"fr_FR","og_type":"article","og_title":"Vandalisme voiture : quelle indemnisation ?","og_description":"D\u00e9couvrez comment obtenir une indemnisation en cas de vandalisme sur votre voiture. Suivez nos \u00e9tapes d\u00e9taill\u00e9es. Cliquez ici pour en savoir plus !","og_url":"https:\/\/leocare.eu\/fr\/assurance-auto-en-ligne\/couverture\/garanties\/complementaires\/dommages-materiels\/vandalisme\/","og_site_name":"Leocare, assurance en ligne automobile et habitation","article_modified_time":"2026-04-07T14:35:35+00:00","og_image":[{"width":1800,"height":1200,"url":"https:\/\/leocare.eu\/fr\/wp-content\/uploads\/2022\/12\/vandalisme.jpg","type":"image\/jpeg"}],"twitter_card":"summary_large_image","twitter_misc":{"Dur\u00e9e de lecture estim\u00e9e":"8 minutes"},"schema":{"@context":"https:\/\/schema.org","@graph":[{"@type":"WebPage","@id":"https:\/\/leocare.eu\/fr\/assurance-auto-en-ligne\/couverture\/garanties\/complementaires\/dommages-materiels\/vandalisme\/","url":"https:\/\/leocare.eu\/fr\/assurance-auto-en-ligne\/couverture\/garanties\/complementaires\/dommages-materiels\/vandalisme\/","name":"Vandalisme voiture : quelle indemnisation ?","isPartOf":{"@id":"https:\/\/leocare.eu\/fr\/#website"},"primaryImageOfPage":{"@id":"https:\/\/leocare.eu\/fr\/assurance-auto-en-ligne\/couverture\/garanties\/complementaires\/dommages-materiels\/vandalisme\/#primaryimage"},"image":{"@id":"https:\/\/leocare.eu\/fr\/assurance-auto-en-ligne\/couverture\/garanties\/complementaires\/dommages-materiels\/vandalisme\/#primaryimage"},"thumbnailUrl":"https:\/\/leocare.eu\/fr\/wp-content\/uploads\/2022\/12\/vandalisme.jpg","datePublished":"2023-01-05T12:50:26+00:00","dateModified":"2026-04-07T14:35:35+00:00","description":"D\u00e9couvrez comment obtenir une indemnisation en cas de vandalisme sur votre voiture. Suivez nos \u00e9tapes d\u00e9taill\u00e9es. Cliquez ici pour en savoir plus !","breadcrumb":{"@id":"https:\/\/leocare.eu\/fr\/assurance-auto-en-ligne\/couverture\/garanties\/complementaires\/dommages-materiels\/vandalisme\/#breadcrumb"},"inLanguage":"fr-FR","potentialAction":[{"@type":"ReadAction","target":["https:\/\/leocare.eu\/fr\/assurance-auto-en-ligne\/couverture\/garanties\/complementaires\/dommages-materiels\/vandalisme\/"]}]},{"@type":"ImageObject","inLanguage":"fr-FR","@id":"https:\/\/leocare.eu\/fr\/assurance-auto-en-ligne\/couverture\/garanties\/complementaires\/dommages-materiels\/vandalisme\/#primaryimage","url":"https:\/\/leocare.eu\/fr\/wp-content\/uploads\/2022\/12\/vandalisme.jpg","contentUrl":"https:\/\/leocare.eu\/fr\/wp-content\/uploads\/2022\/12\/vandalisme.jpg","width":1800,"height":1200,"caption":"Vandalisme Voiture"},{"@type":"WebSite","@id":"https:\/\/leocare.eu\/fr\/#website","url":"https:\/\/leocare.eu\/fr\/","name":"Leocare, assurance en ligne automobile et habitation","description":"enfin (r)assur\u00e9.e","publisher":{"@id":"https:\/\/leocare.eu\/fr\/#organization"},"potentialAction":[{"@type":"SearchAction","target":{"@type":"EntryPoint","urlTemplate":"https:\/\/leocare.eu\/fr\/?s={search_term_string}"},"query-input":{"@type":"PropertyValueSpecification","valueRequired":true,"valueName":"search_term_string"}}],"inLanguage":"fr-FR"},{"@type":"Organization","@id":"https:\/\/leocare.eu\/fr\/#organization","name":"Leocare, assurance en ligne automobile et habitation","url":"https:\/\/leocare.eu\/fr\/","logo":{"@type":"ImageObject","inLanguage":"fr-FR","@id":"https:\/\/leocare.eu\/fr\/#\/schema\/logo\/image\/","url":"https:\/\/leocare.eu\/fr\/wp-content\/uploads\/2020\/03\/logo-leocare.svg","contentUrl":"https:\/\/leocare.eu\/fr\/wp-content\/uploads\/2020\/03\/logo-leocare.svg","caption":"Leocare, assurance en ligne automobile et habitation"},"image":{"@id":"https:\/\/leocare.eu\/fr\/#\/schema\/logo\/image\/"}}]}},"_links":{"self":[{"href":"https:\/\/leocare.eu\/fr\/wp-json\/wp\/v2\/pages\/12080","targetHints":{"allow":["GET"]}}],"collection":[{"href":"https:\/\/leocare.eu\/fr\/wp-json\/wp\/v2\/pages"}],"about":[{"href":"https:\/\/leocare.eu\/fr\/wp-json\/wp\/v2\/types\/page"}],"author":[{"embeddable":true,"href":"https:\/\/leocare.eu\/fr\/wp-json\/wp\/v2\/users\/34"}],"replies":[{"embeddable":true,"href":"https:\/\/leocare.eu\/fr\/wp-json\/wp\/v2\/comments?post=12080"}],"version-history":[{"count":18,"href":"https:\/\/leocare.eu\/fr\/wp-json\/wp\/v2\/pages\/12080\/revisions"}],"predecessor-version":[{"id":39871,"href":"https:\/\/leocare.eu\/fr\/wp-json\/wp\/v2\/pages\/12080\/revisions\/39871"}],"up":[{"embeddable":true,"href":"https:\/\/leocare.eu\/fr\/wp-json\/wp\/v2\/pages\/11672"}],"wp:featuredmedia":[{"embeddable":true,"href":"https:\/\/leocare.eu\/fr\/wp-json\/wp\/v2\/media\/9833"}],"wp:attachment":[{"href":"https:\/\/leocare.eu\/fr\/wp-json\/wp\/v2\/media?parent=12080"}],"curies":[{"name":"wp","href":"https:\/\/api.w.org\/{rel}","templated":true}]}}