{"id":12023,"date":"2023-01-05T11:28:14","date_gmt":"2023-01-05T10:28:14","guid":{"rendered":"https:\/\/leocare.eu\/fr\/?page_id=12023"},"modified":"2026-04-07T16:35:29","modified_gmt":"2026-04-07T14:35:29","slug":"phyd","status":"publish","type":"page","link":"https:\/\/leocare.eu\/fr\/assurance-auto-en-ligne\/couverture\/formules\/specifiques\/au-km\/auto-connectee\/phyd\/","title":{"rendered":"Tout sur l\u2019assurance auto Pay How You Drive"},"content":{"rendered":"\n<p><strong>Encore peu connues en France, les assurances Pay How You Drive sont pourtant tr\u00e8s avantageuses pour les conducteurs respectueux du Code de la route. Leocare, la n\u00e9o-assurance, qui prend soin de vous, vous explique tout de ces nouvelles offres d\u2019assurances auto connect\u00e9es.<\/strong><\/p>\n\n\n\n<h2 class=\"wp-block-heading\" id=\"section-1-assurance-auto-pay-how-you-drive-quest-ce-que-cest-\"><strong>Assurance auto Pay How You Drive : qu\u2019est-ce que c\u2019est ?<\/strong><\/h2>\n\n\n\n<p>La garantie Pay How You Drive (\u00e0 traduire par : payez selon votre conduite) est&nbsp;<strong><a href=\"https:\/\/leocare.eu\/fr\/assurance-auto-en-ligne\/couverture\/formules\/specifiques\/au-km\/auto-connectee\/\">une assurance auto connect\u00e9e<\/a><\/strong><strong>,<\/strong>&nbsp;qui vous propose, en tant qu\u2019assur\u00e9, une cotisation sur mesure, en fonction de vos habitudes au volant et de votre usage du v\u00e9hicule.<\/p>\n\n\n\n<p>Comment ? C\u2019est tr\u00e8s simple ! Un bo\u00eetier \u00e9lectronique est install\u00e9 \u00e0 l\u2019int\u00e9rieur de votre v\u00e9hicule pour r\u00e9colter, en continu, les informations relatives \u00e0 votre conduite. Ces donn\u00e9es sont ensuite transmises \u00e0 votre compagnie, qui peut ainsi \u00e9tablir votre profil conducteur. Sur cette base, le prix de votre assurance auto peut \u00eatre diminu\u00e9 ou augment\u00e9, selon votre attitude au volant.<\/p>\n\n\n\n<p>Les\u00a0jeunes conducteurs tout comme les <a href=\"https:\/\/leocare.eu\/fr\/assurance-auto-en-ligne\/couverture\/formules\/specifiques\/au-km\/petit-rouleur\/\">petits rouleurs<\/a>\u00a0peuvent \u00eatre s\u00e9duits par cette formule d\u2019assurance automobile\u00a0Pay How You Drive. Elle permet de r\u00e9aliser des\u00a0\u00e9conomies\u00a0appr\u00e9ciables sur la\u00a0prime d\u2019assurance. N\u2019h\u00e9sitez pas \u00e0 d\u00e9marcher diverses\u00a0compagnies\u00a0pour conna\u00eetre leur offre d\u2019<strong><a href=\"https:\/\/leocare.eu\/fr\/assurance-auto-en-ligne\/couverture\/formules\/specifiques\/tout-conducteur\/jeune-conducteur\/\">assurance auto pour jeune conducteur<\/a><\/strong>\u00a0et leurs garanties en cas d\u2019accident.<\/p>\n\n\n\n<p>Les&nbsp;compagnies d\u2019assurance&nbsp;consid\u00e8rent que les&nbsp;jeunes conducteurs&nbsp;sont plus susceptibles d\u2019\u00eatre \u00e0 l\u2019origine d\u2019un&nbsp;accident. En cons\u00e9quence, elles appliquent g\u00e9n\u00e9ralement une&nbsp;<strong><a href=\"https:\/\/leocare.eu\/fr\/assurance-auto-en-ligne\/devis\/tarifs\/surprime\/\">surprime d\u2019assurance auto<\/a><\/strong>&nbsp;pour ces&nbsp;conducteurs&nbsp;novices.<\/p>\n\n\n\n<div class=\"bon-a-savoir\">\n\n\n\n<p>Bon \u00e0 savoir :<\/p>\n\n\n\n<p><em>L\u2019assurance Pay How You Drive est une nouvelle version de l\u2019assurance au kilom\u00e8tre. Petit rappel, ce type d\u2019offre auto permet une tarification en fonction de l\u2019utilisation r\u00e9elle du v\u00e9hicule. Par exemple, opter pour une assurance petit rouleur permet de faire des \u00e9conomies, si vous utilisez votre v\u00e9hicule tr\u00e8s ponctuellement.<\/em><\/p>\n\n\n\n<\/div>\n\n\n\n<h2 class=\"wp-block-heading\" id=\"section-2-quelles-sont-les-donnes-de-conduite-rcoltes-par-le-botier-\"><strong>Quelles sont les donn\u00e9es de conduite r\u00e9colt\u00e9es par le bo\u00eetier ?<\/strong><\/h2>\n\n\n\n<p>Le but des assurances Pay How You Drive (PHYD) est de r\u00e9colter le plus d\u2019\u00e9l\u00e9ments possible sur votre conduite. Les informations demand\u00e9es peuvent varier selon les assureurs, mais, dans la plupart des cas, votre assureur a acc\u00e8s aux donn\u00e9es suivantes :<\/p>\n\n\n\n<ul class=\"wp-block-list\">\n<li>Le nombre de kilom\u00e8tres parcourus.<\/li>\n\n\n\n<li>La fr\u00e9quence d\u2019utilisation du v\u00e9hicule.<\/li>\n\n\n\n<li>Les horaires de conduite.<\/li>\n\n\n\n<li>Le nombre de pauses pendant les longs trajets.<\/li>\n\n\n\n<li>La vitesse de la voiture.<\/li>\n\n\n\n<li>La gestion des virages.<\/li>\n\n\n\n<li>La mani\u00e8re d\u2019acc\u00e9l\u00e9rer et de freiner.<\/li>\n\n\n\n<li>La position GPS du v\u00e9hicule.<\/li>\n<\/ul>\n\n\n\n<div class=\"bon-a-savoir\">\n\n\n\n<p>\ud83d\udca1 Bon \u00e0 savoir :<\/p>\n\n\n\n<p><em>Les compagnies d\u2019assurance qui pr\u00e9sentent ces offres PHYD peuvent vous proposer, en tant qu\u2019assur\u00e9, de disposer d\u2019une application permettant de suivre les indicateurs de conduite r\u00e9colt\u00e9s. De cette fa\u00e7on, vous pouvez, depuis votre smartphone, avoir rapidement une id\u00e9e de votre profil de conducteur.<\/em><\/p>\n\n\n\n<\/div>\n\n\n\n<p>Dans le cas d\u2019une&nbsp;<strong><a href=\"https:\/\/leocare.eu\/fr\/assurance-auto-en-ligne\/couverture\/contrat\/resiliation\/motifs\/non-paiement\/\">assurance auto r\u00e9sili\u00e9e pour non-paiement<\/a><\/strong>, un comparateur d\u2019assurances vous permettra de trouver la meilleure offre (montant de la prime d\u2019assurance, indemnisation suite \u00e0 un accident, etc.). Privil\u00e9giez alors, les compagnies qui proposent la formule Pay How You Drive pour plus de s\u00e9r\u00e9nit\u00e9.<\/p>\n\n\n\n<h2 class=\"wp-block-heading\" id=\"section-3-comment-est-calcul-le-montant-dune-assurance-auto-pay-how-yo\"><strong>Comment est calcul\u00e9 le montant d\u2019une assurance auto Pay How You Drive ?<\/strong><\/h2>\n\n\n\n<p>Gr\u00e2ce aux donn\u00e9es r\u00e9colt\u00e9es par le bo\u00eetier PHYD, votre assureur peut \u00e9tablir un profil d\u2019automobiliste assez pr\u00e9cis. La virulence de vos freinages et de vos acc\u00e9l\u00e9rations contribuent \u00e0 le d\u00e9finir. En fonction de ce dernier, il peut moduler les prix de votre garantie assurance auto de la mani\u00e8re suivante :<\/p>\n\n\n\n<p>Si vous \u00eates un conducteur exemplaire et responsable, la tarification de votre prime d\u2019assurance annuelle peut b\u00e9n\u00e9ficier d\u2019une remise importante : 30 %, 40 %, voire 50 % de r\u00e9duction sur vos cotisations selon les compagnies. Si vous \u00eates un conducteur un peu moins attentif sur la route, le montant de votre assurance peut, au contraire, rapidement s\u2019envoler, en m\u00eame temps que votre malus \ud83d\udcb8.<\/p>\n\n\n\n<p>Les&nbsp;assurances&nbsp;peuvent proposer aux&nbsp;jeunes conducteurs&nbsp;de s\u2019assurer en tant que conducteur secondaire sur l\u2019assurance automobile&nbsp;de leurs parents. V\u00e9rifiez bien aupr\u00e8s de votre&nbsp;compagnie&nbsp;<strong><a href=\"https:\/\/leocare.eu\/fr\/assurance-auto-en-ligne\/couverture\/garanties\/complementaires\/dommages-corporels\/conducteur-secondaire\/bonus-malus\/\">comment le bonus-malus s\u2019applique \u00e0 un conducteur secondaire<\/a><\/strong>&nbsp;en cas d\u2019accident.<\/p>\n\n\n\n<p>Chez Leocare, nos tarifs d\u2019assurance sont d\u00e9j\u00e0 inf\u00e9rieurs de 25 % par rapport \u00e0 la concurrence. Pas mal, non ?<\/p>\n\n\n\n<h2 class=\"wp-block-heading\" id=\"section-4-quels-sont-les-avantages-des-offres-pay-how-you-drive-\"><strong>Quels sont les avantages des offres Pay How You Drive ?<\/strong><\/h2>\n\n\n\n<p>Peu r\u00e9pandues en France, les formules Pay How You Drive (PHYD) pourraient bient\u00f4t convaincre bon nombre d\u2019automobilistes, gr\u00e2ce \u00e0 leurs multiples avantages. En voici quelques-uns.<\/p>\n\n\n\n<h3 class=\"wp-block-heading\"><strong>Un syst\u00e8me d\u2019assurance gagnant-gagnant<\/strong><\/h3>\n\n\n\n<p>Assur\u00e9 ou assureur : cette formule est profitable \u00e0 tous ! Pourquoi ?<\/p>\n\n\n\n<p>Du c\u00f4t\u00e9 des assur\u00e9s, en cas de bonne conduite, vous b\u00e9n\u00e9ficiez d\u2019une assurance auto pas ch\u00e8re. Vous diminuez, parfois de mani\u00e8re importante, votre cotisation. Enfin, elle est motivante pour bien conduire, \u00eatre attentif\u2026 d\u2019o\u00f9 une diminution du nombre d\u2019accidents de la route ou de sinistres.<\/p>\n\n\n\n<p>Du c\u00f4t\u00e9 des compagnies, prot\u00e9ger un conducteur s\u00e9rieux est plus avantageux que prot\u00e9ger un conducteur imprudent, car cela limite les frais de couverture \u00e0 payer en cas de dommage mat\u00e9riel \ud83d\udc4c. De plus, gr\u00e2ce aux donn\u00e9es r\u00e9colt\u00e9es et v\u00e9rifi\u00e9es, les risques de fraude \u00e0 l\u2019assurance voiture sont \u00e9galement limit\u00e9s.<\/p>\n\n\n\n<p>Les&nbsp;compagnies d\u2019assurance&nbsp;esp\u00e8rent une diminution du risque d\u2019accident. En contrepartie, les&nbsp;conducteurs&nbsp;voient&nbsp;leur prime d\u2019assurance&nbsp;diminuer. Si vous cherchez, par exemple, des devis pour une&nbsp;<strong><a href=\"https:\/\/leocare.eu\/fr\/assurance-auto-en-ligne\/audi\/a3\/\">assurance Audi A3<\/a><\/strong>, cette assurance automobile au kilom\u00e9trage constitue une r\u00e9elle opportunit\u00e9.<\/p>\n\n\n\n<h3 class=\"wp-block-heading\"><strong>Une application smartphone pratique au quotidien<\/strong><\/h3>\n\n\n\n<p>Autre avantage des formules PHYD : l\u2019application accessible aux usagers. Elle livre des pistes d\u2019optimisation de conduite et un acc\u00e8s simplifi\u00e9 \u00e0 des services d\u2019assistance \ud83d\ude4c.<\/p>\n\n\n\n<h3 class=\"wp-block-heading\"><strong>Une assurance \u00e0 l\u2019avantage des jeunes conducteurs<\/strong><\/h3>\n\n\n\n<p>Il est souvent compliqu\u00e9 de d\u00e9crocher une assurance jeune conducteur \u00e0 un prix int\u00e9ressant lorsqu\u2019on est jeune permis. L\u2019assurance auto connect\u00e9e PHYD permet de moduler le tarif de votre contrat d\u2019assurance, en fonction de votre comportement routier : vitesse, freinage, virage\u2026 Un bon moyen de faire des \u00e9conomies.<\/p>\n\n\n\n<p>Les&nbsp;compagnies d\u2019assurance&nbsp;appliquent aux&nbsp;jeunes conducteurs&nbsp;une surprime d\u2019autant plus lourde que la voiture est puissante. Il faut reconna\u00eetre que le risque d\u2019accident&nbsp;est largement accru. Pour \u00e9viter cela, il vaut mieux&nbsp;<strong><a href=\"https:\/\/leocare.eu\/fr\/assurance-auto-en-ligne\/couverture\/formules\/specifiques\/tout-conducteur\/jeune-conducteur\/voitures-a-eviter\/\">conna\u00eetre les voitures \u00e0 \u00e9viter pour un jeune conducteur<\/a><\/strong>. Cela permettra aux&nbsp;automobilistes&nbsp;d\u00e9butants de faire quelques&nbsp;\u00e9conomies.<\/p>\n\n\n\n<p>Apr\u00e8s, il y a Leocare, aussi, et la possibilit\u00e9 d\u2019\u00eatre ajout\u00e9 comme jeune conducteur au contrat auto de l\u2019un de vos parents\u2026&nbsp;Leocare fait en effet partie des&nbsp;compagnies d\u2019assurance&nbsp;qui permettent d\u2019<strong><a href=\"https:\/\/leocare.eu\/fr\/assurance-auto-en-ligne\/couverture\/formules\/specifiques\/tout-conducteur\/jeune-conducteur\/parents\/\">assurer un jeune conducteur sur l\u2019assurance des parents<\/a><\/strong><strong>.<\/strong>&nbsp;Cela permet de ne payer qu\u2019une seule&nbsp;prime d\u2019assurance&nbsp;et de garantir une bonne couverture&nbsp;accident&nbsp;\u00e0 ses enfants. Les&nbsp;jeunes conducteurs&nbsp;appr\u00e9cient cette opportunit\u00e9 !<\/p>\n\n\n\n<h3 class=\"wp-block-heading\"><strong>Une aide efficace en cas de vol<\/strong><\/h3>\n\n\n\n<p>Le bo\u00eetier \u00e9lectronique associ\u00e9 \u00e0 une formule auto Pay How You Drive transmet des informations \u00e0 votre assureur, comme les donn\u00e9es GPS de votre v\u00e9hicule. Un syst\u00e8me qui, en cas de vol, peut permettre de retrouver votre voiture. Elles permettent \u00e9galement \u00e0 votre assureur de vous localiser, plus facilement, en cas de sinistre et donc d\u2019envoyer au plus vite l\u2019assistance n\u00e9cessaire.<\/p>\n\n\n\n<h2 class=\"wp-block-heading\" id=\"section-5-quelles-sont-les-limites-des-contrats-auto-pay-how-you-drive\"><strong>Quelles sont les limites des contrats auto Pay How You Drive ?<\/strong><\/h2>\n\n\n\n<p>Malgr\u00e9 plusieurs avantages appr\u00e9ciables en tant qu\u2019assur\u00e9s ou qu\u2019assureurs, ce dispositif a quand m\u00eame quelques points n\u00e9gatifs\u2026<\/p>\n\n\n\n<h3 class=\"wp-block-heading\"><strong>Le manque de contexte pendant les relev\u00e9s de donn\u00e9es<\/strong><\/h3>\n\n\n\n<p>Les informations relev\u00e9es par le bo\u00eetier \u00e9lectronique sont remont\u00e9es \u00e0 l\u2019assurance sans faire mention du contexte associ\u00e9 \u00e0 l\u2019action. Par exemple, un freinage brutal peut \u00eatre interpr\u00e9t\u00e9 comme le signe d\u2019une conduite dangereuse. Mais il peut, tout aussi bien, \u00eatre un bon r\u00e9flexe en tant qu\u2019automobiliste, pour \u00e9viter un accident ou un animal qui traverse la route.<\/p>\n\n\n\n<h3 class=\"wp-block-heading\"><strong>L\u2019utilisation des donn\u00e9es par l\u2019assurance auto<\/strong><\/h3>\n\n\n\n<p>Les offres Pay How You Drive peuvent soulever quelques interrogations concernant l\u2019utilisation des informations relev\u00e9es. La fameuse data\u2026 Soyez rassur\u00e9, tout comme pour les formules d\u2019assurance au kilom\u00e8tre, les formules PHYD sont encadr\u00e9es de pr\u00e8s par la Commission nationale de l\u2019informatique et des libert\u00e9s (CNIL) pour vous prot\u00e9ger de toute entrave concernant l\u2019utilisation de vos donn\u00e9es personnelles.<\/p>\n","protected":false},"excerpt":{"rendered":"<p>Encore peu connues en France, les assurances Pay How You Drive sont pourtant tr\u00e8s avantageuses pour les conducteurs respectueux du Code de la route. Leocare, la n\u00e9o-assurance, qui prend soin de vous, vous explique tout de ces nouvelles offres d\u2019assurances auto connect\u00e9es. Assurance auto Pay How You Drive : qu\u2019est-ce que c\u2019est ? La garantie [&hellip;]<\/p>\n","protected":false},"author":34,"featured_media":10047,"parent":11997,"menu_order":0,"comment_status":"closed","ping_status":"closed","template":"template_seo.php","meta":{"_acf_changed":false,"footnotes":""},"class_list":["post-12023","page","type-page","status-publish","has-post-thumbnail","hentry"],"acf":[],"yoast_head":"<!-- This site is optimized with the Yoast SEO plugin v27.3 - https:\/\/yoast.com\/product\/yoast-seo-wordpress\/ -->\n<title>Tout sur l\u2019assurance auto Pay How You Drive<\/title>\n<meta name=\"description\" content=\"D\u00e9couvrez comment l&#039;assurance Pay How You Drive peut vous aider \u00e0 r\u00e9duire vos frais d&#039;assurance. Prenez le contr\u00f4le de vos finances aujourd&#039;hui!\" \/>\n<meta name=\"robots\" content=\"index, follow, max-snippet:-1, max-image-preview:large, max-video-preview:-1\" \/>\n<link rel=\"canonical\" href=\"https:\/\/leocare.eu\/fr\/assurance-auto-en-ligne\/couverture\/formules\/specifiques\/au-km\/auto-connectee\/phyd\/\" \/>\n<meta property=\"og:locale\" content=\"fr_FR\" \/>\n<meta property=\"og:type\" content=\"article\" \/>\n<meta property=\"og:title\" content=\"Tout sur l\u2019assurance auto Pay How You Drive\" \/>\n<meta property=\"og:description\" content=\"D\u00e9couvrez comment l&#039;assurance Pay How You Drive peut vous aider \u00e0 r\u00e9duire vos frais d&#039;assurance. Prenez le contr\u00f4le de vos finances aujourd&#039;hui!\" \/>\n<meta property=\"og:url\" content=\"https:\/\/leocare.eu\/fr\/assurance-auto-en-ligne\/couverture\/formules\/specifiques\/au-km\/auto-connectee\/phyd\/\" \/>\n<meta property=\"og:site_name\" content=\"Leocare, assurance en ligne automobile et habitation\" \/>\n<meta property=\"article:modified_time\" content=\"2026-04-07T14:35:29+00:00\" \/>\n<meta property=\"og:image\" content=\"https:\/\/leocare.eu\/fr\/wp-content\/uploads\/2022\/12\/PHYD-1.jpg\" \/>\n\t<meta property=\"og:image:width\" content=\"1800\" \/>\n\t<meta property=\"og:image:height\" content=\"1200\" \/>\n\t<meta property=\"og:image:type\" content=\"image\/jpeg\" \/>\n<meta name=\"twitter:card\" content=\"summary_large_image\" \/>\n<meta name=\"twitter:label1\" content=\"Dur\u00e9e de lecture estim\u00e9e\" \/>\n\t<meta name=\"twitter:data1\" content=\"7 minutes\" \/>\n<!-- \/ Yoast SEO plugin. -->","yoast_head_json":{"title":"Tout sur l\u2019assurance auto Pay How You Drive","description":"D\u00e9couvrez comment l'assurance Pay How You Drive peut vous aider \u00e0 r\u00e9duire vos frais d'assurance. Prenez le contr\u00f4le de vos finances aujourd'hui!","robots":{"index":"index","follow":"follow","max-snippet":"max-snippet:-1","max-image-preview":"max-image-preview:large","max-video-preview":"max-video-preview:-1"},"canonical":"https:\/\/leocare.eu\/fr\/assurance-auto-en-ligne\/couverture\/formules\/specifiques\/au-km\/auto-connectee\/phyd\/","og_locale":"fr_FR","og_type":"article","og_title":"Tout sur l\u2019assurance auto Pay How You Drive","og_description":"D\u00e9couvrez comment l'assurance Pay How You Drive peut vous aider \u00e0 r\u00e9duire vos frais d'assurance. Prenez le contr\u00f4le de vos finances aujourd'hui!","og_url":"https:\/\/leocare.eu\/fr\/assurance-auto-en-ligne\/couverture\/formules\/specifiques\/au-km\/auto-connectee\/phyd\/","og_site_name":"Leocare, assurance en ligne automobile et habitation","article_modified_time":"2026-04-07T14:35:29+00:00","og_image":[{"width":1800,"height":1200,"url":"https:\/\/leocare.eu\/fr\/wp-content\/uploads\/2022\/12\/PHYD-1.jpg","type":"image\/jpeg"}],"twitter_card":"summary_large_image","twitter_misc":{"Dur\u00e9e de lecture estim\u00e9e":"7 minutes"},"schema":{"@context":"https:\/\/schema.org","@graph":[{"@type":"WebPage","@id":"https:\/\/leocare.eu\/fr\/assurance-auto-en-ligne\/couverture\/formules\/specifiques\/au-km\/auto-connectee\/phyd\/","url":"https:\/\/leocare.eu\/fr\/assurance-auto-en-ligne\/couverture\/formules\/specifiques\/au-km\/auto-connectee\/phyd\/","name":"Tout sur l\u2019assurance auto Pay How You Drive","isPartOf":{"@id":"https:\/\/leocare.eu\/fr\/#website"},"primaryImageOfPage":{"@id":"https:\/\/leocare.eu\/fr\/assurance-auto-en-ligne\/couverture\/formules\/specifiques\/au-km\/auto-connectee\/phyd\/#primaryimage"},"image":{"@id":"https:\/\/leocare.eu\/fr\/assurance-auto-en-ligne\/couverture\/formules\/specifiques\/au-km\/auto-connectee\/phyd\/#primaryimage"},"thumbnailUrl":"https:\/\/leocare.eu\/fr\/wp-content\/uploads\/2022\/12\/PHYD-1.jpg","datePublished":"2023-01-05T10:28:14+00:00","dateModified":"2026-04-07T14:35:29+00:00","description":"D\u00e9couvrez comment l'assurance Pay How You Drive peut vous aider \u00e0 r\u00e9duire vos frais d'assurance. Prenez le contr\u00f4le de vos finances aujourd'hui!","breadcrumb":{"@id":"https:\/\/leocare.eu\/fr\/assurance-auto-en-ligne\/couverture\/formules\/specifiques\/au-km\/auto-connectee\/phyd\/#breadcrumb"},"inLanguage":"fr-FR","potentialAction":[{"@type":"ReadAction","target":["https:\/\/leocare.eu\/fr\/assurance-auto-en-ligne\/couverture\/formules\/specifiques\/au-km\/auto-connectee\/phyd\/"]}]},{"@type":"ImageObject","inLanguage":"fr-FR","@id":"https:\/\/leocare.eu\/fr\/assurance-auto-en-ligne\/couverture\/formules\/specifiques\/au-km\/auto-connectee\/phyd\/#primaryimage","url":"https:\/\/leocare.eu\/fr\/wp-content\/uploads\/2022\/12\/PHYD-1.jpg","contentUrl":"https:\/\/leocare.eu\/fr\/wp-content\/uploads\/2022\/12\/PHYD-1.jpg","width":1800,"height":1200,"caption":"PHYD"},{"@type":"WebSite","@id":"https:\/\/leocare.eu\/fr\/#website","url":"https:\/\/leocare.eu\/fr\/","name":"Leocare, assurance en ligne automobile et habitation","description":"enfin (r)assur\u00e9.e","publisher":{"@id":"https:\/\/leocare.eu\/fr\/#organization"},"potentialAction":[{"@type":"SearchAction","target":{"@type":"EntryPoint","urlTemplate":"https:\/\/leocare.eu\/fr\/?s={search_term_string}"},"query-input":{"@type":"PropertyValueSpecification","valueRequired":true,"valueName":"search_term_string"}}],"inLanguage":"fr-FR"},{"@type":"Organization","@id":"https:\/\/leocare.eu\/fr\/#organization","name":"Leocare, assurance en ligne automobile et habitation","url":"https:\/\/leocare.eu\/fr\/","logo":{"@type":"ImageObject","inLanguage":"fr-FR","@id":"https:\/\/leocare.eu\/fr\/#\/schema\/logo\/image\/","url":"https:\/\/leocare.eu\/fr\/wp-content\/uploads\/2020\/03\/logo-leocare.svg","contentUrl":"https:\/\/leocare.eu\/fr\/wp-content\/uploads\/2020\/03\/logo-leocare.svg","caption":"Leocare, assurance en ligne automobile et habitation"},"image":{"@id":"https:\/\/leocare.eu\/fr\/#\/schema\/logo\/image\/"}}]}},"_links":{"self":[{"href":"https:\/\/leocare.eu\/fr\/wp-json\/wp\/v2\/pages\/12023","targetHints":{"allow":["GET"]}}],"collection":[{"href":"https:\/\/leocare.eu\/fr\/wp-json\/wp\/v2\/pages"}],"about":[{"href":"https:\/\/leocare.eu\/fr\/wp-json\/wp\/v2\/types\/page"}],"author":[{"embeddable":true,"href":"https:\/\/leocare.eu\/fr\/wp-json\/wp\/v2\/users\/34"}],"replies":[{"embeddable":true,"href":"https:\/\/leocare.eu\/fr\/wp-json\/wp\/v2\/comments?post=12023"}],"version-history":[{"count":24,"href":"https:\/\/leocare.eu\/fr\/wp-json\/wp\/v2\/pages\/12023\/revisions"}],"predecessor-version":[{"id":36303,"href":"https:\/\/leocare.eu\/fr\/wp-json\/wp\/v2\/pages\/12023\/revisions\/36303"}],"up":[{"embeddable":true,"href":"https:\/\/leocare.eu\/fr\/wp-json\/wp\/v2\/pages\/11997"}],"wp:featuredmedia":[{"embeddable":true,"href":"https:\/\/leocare.eu\/fr\/wp-json\/wp\/v2\/media\/10047"}],"wp:attachment":[{"href":"https:\/\/leocare.eu\/fr\/wp-json\/wp\/v2\/media?parent=12023"}],"curies":[{"name":"wp","href":"https:\/\/api.w.org\/{rel}","templated":true}]}}