{"id":12006,"date":"2023-01-05T11:16:21","date_gmt":"2023-01-05T10:16:21","guid":{"rendered":"https:\/\/leocare.eu\/fr\/?page_id=12006"},"modified":"2026-04-07T16:35:28","modified_gmt":"2026-04-07T14:35:28","slug":"arnaque-retroviseur","status":"publish","type":"page","link":"https:\/\/leocare.eu\/fr\/assurance-auto-en-ligne\/couverture\/garanties\/complementaires\/dommages-materiels\/bris-de-glace\/arnaque-retroviseur\/","title":{"rendered":"Arnaque au r\u00e9troviseur : tout ce qu\u2019il faut savoir"},"content":{"rendered":"\n<p><strong>De plus en plus sophistiqu\u00e9s, les r\u00e9troviseurs co\u00fbtent aussi de plus en plus cher ! Ce ph\u00e9nom\u00e8ne a redonn\u00e9 de l\u2019int\u00e9r\u00eat \u00e0 l\u2019arnaque au r\u00e9troviseur. Leocare vous dit tout de cette technique d\u2019extorsion ancienne, mais efficace. Un conducteur averti en vaut deux !<\/strong><\/p>\n\n\n\n<h2 class=\"wp-block-heading\" id=\"section-1-quest-ce-que-larnaque-au-rtroviseur-\"><strong>Qu\u2019est-ce que l\u2019arnaque au r\u00e9troviseur ?<\/strong><\/h2>\n\n\n\n<p id=\"ancre1\">La technique est simple et malheureusement souvent efficace ! Un automobiliste vous accuse d\u2019avoir cass\u00e9 un de ses r\u00e9troviseurs. Il vous propose d\u2019effectuer un constat amiable et appelle son assureur pour faire jouer la garantie&nbsp;<strong><a href=\"https:\/\/leocare.eu\/fr\/assurance-auto-en-ligne\/couverture\/garanties\/complementaires\/dommages-materiels\/bris-de-glace\/\">bris de glace<\/a><\/strong>. Ce dernier est en fait un complice, qui annonce un montant de r\u00e9paration tr\u00e8s \u00e9lev\u00e9. Face \u00e0 votre d\u00e9pit, l\u2019arnaqueur vous propose un arrangement de la main \u00e0 la main, c\u2019est-\u00e0-dire sans d\u00e9claration, pour une somme nettement inf\u00e9rieure, payable imm\u00e9diatement en liquide. Bien \u00e9videmment, il sait vous indiquer un distributeur de billets tout proche. Bref, ne tombez pas dans le pi\u00e8ge et pr\u00e9venez imm\u00e9diatement la police ou la gendarmerie (17). \ud83d\udc6e<\/p>\n\n\n\n<div class=\"bon-a-savoir\">\n\n\n\n<p>Bon \u00e0 savoir :<\/p>\n\n\n\n<p>Pour pratiquer l\u2019arnaque au r\u00e9troviseur, les escrocs ciblent plus particuli\u00e8rement les personnes \u00e2g\u00e9es ou les femmes seules, plus d\u00e9munies ou influen\u00e7ables face \u00e0 la pression et \u00e0 la menace.<\/p>\n\n\n\n<\/div>\n\n\n\n<h2 class=\"wp-block-heading\" id=\"section-2-comment-reconnatre-une-arnaque-au-rtroviseur-\"><strong>Comment reconna\u00eetre une arnaque au r\u00e9troviseur ?<\/strong><\/h2>\n\n\n\n<p>L\u2019arnaque au r\u00e9troviseur repose sur un processus en quatre \u00e9tapes. Cette succession de phases doit imm\u00e9diatement vous alerter :<\/p>\n\n\n\n<h3 class=\"wp-block-heading\"><strong>Accident artificiel<\/strong><\/h3>\n\n\n\n<p>L\u2019escroc vous aborde g\u00e9n\u00e9ralement sur un parking. Il vous accuse d\u2019avoir cass\u00e9 son r\u00e9troviseur en circulant ou en man\u0153uvrant. Vous ne vous \u00eates \u00e9videmment rendu compte de rien, puisque cet accrochage est totalement fictif !<\/p>\n\n\n\n<h3 class=\"wp-block-heading\"><strong>Coup de fil \u00e0 une fausse assurance auto<\/strong><\/h3>\n\n\n\n<p>Tr\u00e8s vite, l\u2019arnaqueur d\u00e9clare contacter par t\u00e9l\u00e9phone son assureur. \u00c0 l\u2019autre bout du fil, un complice se faisant passer pour ce dernier \u00e9value les dommages et les frais \u00e0 votre charge \u00e0 un montant anormalement \u00e9lev\u00e9. Cette mani\u00e8re de faire ne rel\u00e8ve pas d\u2019une v\u00e9ritable proc\u00e9dure de traitement d\u2019un sinistre par un assureur. Ce type de sinistre ne s\u2019\u00e9value pas en ligne. De plus, le dommage ne rel\u00e8ve pas de la garantie bris de glace, mais de la responsabilit\u00e9 civile auto du fautif.<\/p>\n\n\n\n<p>Cette situation peut surprendre la&nbsp;vigilance&nbsp;de tous les conducteurs. En particulier, lorsque les conditions m\u00e9t\u00e9o g\u00eanent leur visibilit\u00e9. D\u00e8s lors, les propos de l\u2019escroc peuvent vous sembler l\u00e9gitimes et vous inqui\u00e9ter. Pour vous pr\u00e9munir de l\u2019effet de surprise, v\u00e9rifiez les garanties de votre&nbsp;<strong><a href=\"https:\/\/leocare.eu\/fr\/assurance-auto-en-ligne\/sinistre\/intemperies\/verglas\/\">assurance auto contre le verglas et la neige<\/a><\/strong>. En cas d\u2019accident, certains&nbsp;dommages&nbsp;caus\u00e9s peuvent \u00eatre pris en charge gr\u00e2ce \u00e0 des&nbsp;assurances&nbsp;intemp\u00e9ries ou dommages tous accidents. Contactez votre propre assureur si cette situation survient.<\/p>\n\n\n\n<h3 class=\"wp-block-heading\"><strong>Proposition d\u2019arrangement \u00e0 l\u2019amiable<\/strong><\/h3>\n\n\n\n<p>Vient ensuite, la proposition d\u2019arrangement \u00e0 l\u2019amiable. Votre interlocuteur malhonn\u00eate se dit pr\u00eat \u00e0 accepter un d\u00e9dommagement direct sans passer par la case assurance. Une option selon lui plus avantageuse pour vous (#malus). Il vous explique, en effet, que faire jouer votre assurance bris de glace r\u00e9troviseur s\u2019accompagne d\u2019une franchise \u00e9lev\u00e9e et de la perte de votre bonus (tout cela est faux !). Vous \u00eates \u00e0 pr\u00e9sent au c\u0153ur de l\u2019arnaque au r\u00e9troviseur !<\/p>\n\n\n\n<p id=\"ancre2\">Lorsque vous \u00eates impliqu\u00e9 dans un&nbsp;accident&nbsp;de voiture, vous devez remplir un constat amiable. Si l\u2019autre automobiliste&nbsp;<strong><a href=\"https:\/\/leocare.eu\/fr\/assurance-auto-en-ligne\/sinistre\/declaration\/accident\/constat-amiable\/refus\/\">refuse le constat amiable<\/a><\/strong>&nbsp;sans vous donner les informations n\u00e9cessaires \u00e0 son identification (nom, coordonn\u00e9es, num\u00e9ro de contrat d\u2019assurance), ne vous sentez pas d\u00e9muni. L\u2019escroc prendra sans doute la fuite devant ce rappel du fonctionnement des&nbsp;assurances. Essayez d\u00e8s lors de retenir sa plaque d\u2019immatriculation&nbsp;ou de la prendre en photo. Puis, contactez la&nbsp;gendarmerie&nbsp;pour signaler cette situation.<\/p>\n\n\n\n<div class=\"bon-a-savoir\">\n\n\n\n<p>Rappel :<\/p>\n\n\n\n<p>Il est important de<strong><a href=\"https:\/\/leocare.eu\/fr\/assurance-auto-en-ligne\/sinistre\/declaration\/accident\/constat-amiable\/\">&nbsp;savoir remplir un constat amiable<\/a><\/strong>. Les&nbsp;assurances&nbsp;se fondent sur les informations partag\u00e9es dans ce document pour l\u2019indemnisation des&nbsp;dommages&nbsp;li\u00e9s \u00e0 l\u2019accident. N\u2019oubliez pas de demander \u00e0 l\u2019autre automobiliste son certificat d\u2019immatriculation.<\/p>\n\n\n\n<\/div>\n\n\n\n<h3 class=\"wp-block-heading\"><strong>Paiement en esp\u00e8ces<\/strong><\/h3>\n\n\n\n<p>Bien \u00e9videmment, le d\u00e9dommagement demand\u00e9, de quelques dizaines \u00e0 plusieurs milliers d\u2019euros selon le profil de la victime, doit \u00eatre r\u00e9gl\u00e9 sur-le-champ et en esp\u00e8ces. Et l\u2019affaire se conclut au distributeur automatique de billets le plus proche.<\/p>\n\n\n\n<p>Si ce processus se d\u00e9roule sans violence physique, il n\u2019est pas d\u00e9nu\u00e9 de pression psychologique. L\u2019escroc peut se montrer mena\u00e7ant pour obtenir ce qu\u2019il veut. Rompu aux techniques d\u2019intimidation, il peut tr\u00e8s rapidement prendre l\u2019ascendant sur sa victime et r\u00e9ussir son mauvais coup. \ud83d\ude15<\/p>\n\n\n\n<h3 class=\"wp-block-heading\"><strong>Que faire si vous \u00eates victime d\u2019une arnaque au r\u00e9troviseur ?<\/strong><\/h3>\n\n\n\n<p>Vous estimez \u00eatre victime d\u2019une arnaque au r\u00e9troviseur ? Vous pouvez d\u00e9jouer la tentative d\u2019escroquerie, en annon\u00e7ant appeler la police ou la gendarmerie.\ud83d\udcf1 L\u2019arnaqueur quitte g\u00e9n\u00e9ralement les lieux. Essayez de m\u00e9moriser et de noter le num\u00e9ro d\u2019immatriculation, la marque, le mod\u00e8le et la couleur de son v\u00e9hicule. Ces \u00e9l\u00e9ments vont faciliter l\u2019enqu\u00eate et l\u2019arrestation du coupable.<\/p>\n\n\n\n<div class=\"bon-a-savoir\">\n\n\n\n<p>Bon \u00e0 savoir :<\/p>\n\n\n\n<p>L\u2019<strong><a href=\"https:\/\/leocare.eu\/fr\/assurance-auto-en-ligne\/couverture\/garanties\/complementaires\/dommages-materiels\/equipements-auto\/dashcam\/\">utilisation d\u2019une dashcam&nbsp;<\/a><\/strong>est autoris\u00e9e en France. Cette cam\u00e9ra embarqu\u00e9e filme l\u2019environnement imm\u00e9diat de votre v\u00e9hicule. Certaines&nbsp;assurances&nbsp;incitent \u00e0 leur installation. Les images contribuent \u00e0 \u00e9tablir les responsabilit\u00e9s en cas d\u2019accident. Et donc l\u2019indemnisation des&nbsp;dommages&nbsp;caus\u00e9s. Dans le cas de l\u2019arnaque au r\u00e9troviseur, la plaque d\u2019immatriculation&nbsp;de l\u2019automobiliste&nbsp;escroc peut figurer sur les images de dashcam.&nbsp;<\/p>\n\n\n\n<\/div>\n\n\n\n<h2 class=\"wp-block-heading\" id=\"section-3-quelles-sont-les-autres-arnaques-sur-la-route-\"><strong>Quelles sont les autres arnaques sur la route ?<\/strong><\/h2>\n\n\n\n<p>Les escrocs ne manquent malheureusement pas d\u2019imagination ! Ces derni\u00e8res ann\u00e9es plusieurs arnaques de la route ont \u00e9t\u00e9 d\u00e9tect\u00e9es par les forces de l\u2019ordre :<\/p>\n\n\n\n<ul class=\"wp-block-list\">\n<li><strong>L\u2019arnaque au pneu crev\u00e9 :<\/strong>\u00a0vous retrouvez votre voiture avec un pneu \u00e0 plat. Un bon samaritain vous propose de vous aider \u00e0 changer votre roue. Tandis que vous vous affairez avec celui-ci, son complice s\u2019empare de vos affaires personnelles rest\u00e9es dans l\u2019habitacle.\u00a0Pour \u00e9viter de tomber dans cette arnaque, pensez \u00e0\u00a0<strong><a href=\"https:\/\/leocare.eu\/fr\/assurance-auto-en-ligne\/couverture\/assistance-auto\/\">souscrire une garantie assistance auto<\/a><\/strong>. Selon les\u00a0assurances\u00a0auto, de nombreuses situations sont prises en charge par l\u2019assistance auto. En cas de\u00a0dommages, d\u2019accident, de panne d\u2019essence ou de pneu crev\u00e9, appelez ce service et donnez votre num\u00e9ro d\u2019assur\u00e9 et votre\u00a0immatriculation\u00a0pour organiser votre prise en charge. Soyez un\u00a0automobiliste\u00a0autonome !<\/li>\n\n\n\n<li><strong>L\u2019arnaque au billet :<\/strong>\u00a0vous vous installez au volant et vous apercevez un billet de 20 ou 50 \u20ac gliss\u00e9 sous l\u2019un de vos essuie-glaces. Bien \u00e9videmment, vous sortez pour le r\u00e9cup\u00e9rer. Avant que vous ne puissiez r\u00e9agir, un individu se glisse au volant de votre voiture et d\u00e9marre. Un vol rondement men\u00e9 sans aucune effraction !<\/li>\n\n\n\n<li><strong>L\u2019arnaque aux faux policiers :<\/strong>\u00a0des individus en uniforme ou porteurs d\u2019un brassard de la police vous enjoignent de vous ranger sur le c\u00f4t\u00e9 pour un contr\u00f4le. L\u2019op\u00e9ration vise \u00e0 obtenir le paiement d\u2019une fausse amende ou m\u00eame \u00e0 s\u2019emparer de votre voiture.<\/li>\n\n\n\n<li><strong>L\u2019arnaque au remboursement :<\/strong>\u00a0une personne se disant victime d\u2019un vol vous demande de la d\u00e9panner financi\u00e8rement pour qu\u2019elle puisse rentrer chez elle. L\u2019individu prend soin de demander vos coordonn\u00e9es pour vous adresser un remboursement qui, bien s\u00fbr, ne vient jamais !<\/li>\n\n\n\n<li><strong>L\u2019arnaque \u00e0 la pompe :<\/strong>\u00a0l\u2019automobiliste devant vous se dit victime d\u2019un probl\u00e8me avec sa carte bancaire. \u00c0 la limite de la panne s\u00e8che, il vous demande de bien vouloir lui avancer 10 litres de carburant avec votre propre carte. Vous pouvez \u00eatre certain que l\u2019individu va reconduire l\u2019op\u00e9ration une dizaine de minutes plus tard avec un autre automobiliste. Une mani\u00e8re d\u2019obtenir un plein sur le dos des autres !<\/li>\n\n\n\n<li><strong>L\u2019arnaque \u00e0 la plaque d\u2019immatriculation :<\/strong>\u00a0un individu ayant obtenu votre num\u00e9ro de t\u00e9l\u00e9phone vous contacte et dit avoir relev\u00e9 votre num\u00e9ro de plaque sur les lieux d\u2019un accident. Il vous menace de tous les feux de l\u2019enfer si vous ne le d\u00e9dommagez pas directement.\u00a0Dans certains cas, il pr\u00e9tend m\u00eame que son\u00a0<strong><a href=\"https:\/\/leocare.eu\/fr\/assurance-auto-en-ligne\/sinistre\/epave\/vei\/\">v\u00e9hicule est \u00e9conomiquement irr\u00e9parable<\/a><\/strong>\u00a0: les\u00a0dommages\u00a0li\u00e9s \u00e0 l\u2019accident\u00a0en font une \u00e9pave ! Selon lui, vous avez tout \u00e0 gagner en ne passant pas par les\u00a0assurances.<\/li>\n<\/ul>\n\n\n\n<p>Sur la route, soyez vigilant et m\u00e9fiant ! Les escroqueries se multiplient et le pr\u00e9judice peut \u00eatre \u00e9lev\u00e9\ud83d\udcb0. Dans le doute, n\u2019h\u00e9sitez pas \u00e0 pr\u00e9venir policiers ou gendarmes ! Sur un parking ou \u00e0 la pompe d\u2019un supermarch\u00e9, essayez de pr\u00e9venir la s\u00e9curit\u00e9 de ce dernier. Cette r\u00e9action doit mettre fin \u00e0 la tentative d\u2019arnaque.<\/p>\n\n\n\n<div class=\"bon-a-savoir\">\n\n\n\n<p>Bon \u00e0 savoir :<\/p>\n\n\n\n<p>Si vous avez fait le choix de la location avec option d\u2019achat, sachez qu\u2019une&nbsp;<strong><a href=\"https:\/\/leocare.eu\/fr\/assurance-auto-en-ligne\/couverture\/formules\/specifiques\/temporaire\/leasing\/\">assurance pour une voiture en leasing&nbsp;<\/a><\/strong>est comparable \u00e0 une assurance classique. Les&nbsp;assurances&nbsp;vous proposent les m\u00eames garanties dommages en cas d\u2019accident&nbsp;ou de sinistre. Ne c\u00e9dez pas \u00e0 un&nbsp;automobiliste&nbsp;qui veut vous intimider ! \u00c9vitez le litige direct et pensez \u00e0 noter sa plaque d\u2019immatriculation&nbsp;pour pr\u00e9venir les forces de l\u2019ordre.<\/p>\n\n\n\n<\/div>\n\n\n\n<p><\/p>\n","protected":false},"excerpt":{"rendered":"<p>Qu\u2019est-ce que l\u2019arnaque au r\u00e9troviseur ? La technique est simple et malheureusement souvent efficace ! Un automobiliste vous accuse d\u2019avoir cass\u00e9 un de ses r\u00e9troviseurs. Il vous propose d\u2019effectuer un constat amiable et appelle son assureur pour faire jouer la garantie&nbsp;bris de glace. Ce dernier est en fait un complice, qui annonce un montant de [&hellip;]<\/p>\n","protected":false},"author":34,"featured_media":9907,"parent":11994,"menu_order":0,"comment_status":"closed","ping_status":"closed","template":"template_seo.php","meta":{"_acf_changed":false,"footnotes":""},"class_list":["post-12006","page","type-page","status-publish","has-post-thumbnail","hentry"],"acf":[],"yoast_head":"<!-- This site is optimized with the Yoast SEO plugin v27.3 - https:\/\/yoast.com\/product\/yoast-seo-wordpress\/ -->\n<title>Arnaque au r\u00e9troviseur : tout ce qu\u2019il faut savoir<\/title>\n<meta name=\"description\" content=\"D\u00e9couvrez comment d\u00e9celer et \u00e9viter l&#039;arnaque au r\u00e9troviseur. Soyez vigilant, votre s\u00e9curit\u00e9 en d\u00e9pend. Informez-vous ici.\" \/>\n<meta name=\"robots\" content=\"index, follow, max-snippet:-1, max-image-preview:large, max-video-preview:-1\" \/>\n<link rel=\"canonical\" href=\"https:\/\/leocare.eu\/fr\/assurance-auto-en-ligne\/couverture\/garanties\/complementaires\/dommages-materiels\/bris-de-glace\/arnaque-retroviseur\/\" \/>\n<meta property=\"og:locale\" content=\"fr_FR\" \/>\n<meta property=\"og:type\" content=\"article\" \/>\n<meta property=\"og:title\" content=\"Arnaque au r\u00e9troviseur : tout ce qu\u2019il faut savoir\" \/>\n<meta property=\"og:description\" content=\"D\u00e9couvrez comment d\u00e9celer et \u00e9viter l&#039;arnaque au r\u00e9troviseur. Soyez vigilant, votre s\u00e9curit\u00e9 en d\u00e9pend. Informez-vous ici.\" \/>\n<meta property=\"og:url\" content=\"https:\/\/leocare.eu\/fr\/assurance-auto-en-ligne\/couverture\/garanties\/complementaires\/dommages-materiels\/bris-de-glace\/arnaque-retroviseur\/\" \/>\n<meta property=\"og:site_name\" content=\"Leocare, assurance en ligne automobile et habitation\" \/>\n<meta property=\"article:modified_time\" content=\"2026-04-07T14:35:28+00:00\" \/>\n<meta property=\"og:image\" content=\"https:\/\/leocare.eu\/fr\/wp-content\/uploads\/2022\/12\/arnaque-retroviseur.jpg\" \/>\n\t<meta property=\"og:image:width\" content=\"1800\" \/>\n\t<meta property=\"og:image:height\" content=\"1200\" \/>\n\t<meta property=\"og:image:type\" content=\"image\/jpeg\" \/>\n<meta name=\"twitter:card\" content=\"summary_large_image\" \/>\n<meta name=\"twitter:label1\" content=\"Dur\u00e9e de lecture estim\u00e9e\" \/>\n\t<meta name=\"twitter:data1\" content=\"8 minutes\" \/>\n<!-- \/ Yoast SEO plugin. -->","yoast_head_json":{"title":"Arnaque au r\u00e9troviseur : tout ce qu\u2019il faut savoir","description":"D\u00e9couvrez comment d\u00e9celer et \u00e9viter l'arnaque au r\u00e9troviseur. Soyez vigilant, votre s\u00e9curit\u00e9 en d\u00e9pend. Informez-vous ici.","robots":{"index":"index","follow":"follow","max-snippet":"max-snippet:-1","max-image-preview":"max-image-preview:large","max-video-preview":"max-video-preview:-1"},"canonical":"https:\/\/leocare.eu\/fr\/assurance-auto-en-ligne\/couverture\/garanties\/complementaires\/dommages-materiels\/bris-de-glace\/arnaque-retroviseur\/","og_locale":"fr_FR","og_type":"article","og_title":"Arnaque au r\u00e9troviseur : tout ce qu\u2019il faut savoir","og_description":"D\u00e9couvrez comment d\u00e9celer et \u00e9viter l'arnaque au r\u00e9troviseur. Soyez vigilant, votre s\u00e9curit\u00e9 en d\u00e9pend. Informez-vous ici.","og_url":"https:\/\/leocare.eu\/fr\/assurance-auto-en-ligne\/couverture\/garanties\/complementaires\/dommages-materiels\/bris-de-glace\/arnaque-retroviseur\/","og_site_name":"Leocare, assurance en ligne automobile et habitation","article_modified_time":"2026-04-07T14:35:28+00:00","og_image":[{"width":1800,"height":1200,"url":"https:\/\/leocare.eu\/fr\/wp-content\/uploads\/2022\/12\/arnaque-retroviseur.jpg","type":"image\/jpeg"}],"twitter_card":"summary_large_image","twitter_misc":{"Dur\u00e9e de lecture estim\u00e9e":"8 minutes"},"schema":{"@context":"https:\/\/schema.org","@graph":[{"@type":"WebPage","@id":"https:\/\/leocare.eu\/fr\/assurance-auto-en-ligne\/couverture\/garanties\/complementaires\/dommages-materiels\/bris-de-glace\/arnaque-retroviseur\/","url":"https:\/\/leocare.eu\/fr\/assurance-auto-en-ligne\/couverture\/garanties\/complementaires\/dommages-materiels\/bris-de-glace\/arnaque-retroviseur\/","name":"Arnaque au r\u00e9troviseur : tout ce qu\u2019il faut savoir","isPartOf":{"@id":"https:\/\/leocare.eu\/fr\/#website"},"primaryImageOfPage":{"@id":"https:\/\/leocare.eu\/fr\/assurance-auto-en-ligne\/couverture\/garanties\/complementaires\/dommages-materiels\/bris-de-glace\/arnaque-retroviseur\/#primaryimage"},"image":{"@id":"https:\/\/leocare.eu\/fr\/assurance-auto-en-ligne\/couverture\/garanties\/complementaires\/dommages-materiels\/bris-de-glace\/arnaque-retroviseur\/#primaryimage"},"thumbnailUrl":"https:\/\/leocare.eu\/fr\/wp-content\/uploads\/2022\/12\/arnaque-retroviseur.jpg","datePublished":"2023-01-05T10:16:21+00:00","dateModified":"2026-04-07T14:35:28+00:00","description":"D\u00e9couvrez comment d\u00e9celer et \u00e9viter l'arnaque au r\u00e9troviseur. Soyez vigilant, votre s\u00e9curit\u00e9 en d\u00e9pend. Informez-vous ici.","breadcrumb":{"@id":"https:\/\/leocare.eu\/fr\/assurance-auto-en-ligne\/couverture\/garanties\/complementaires\/dommages-materiels\/bris-de-glace\/arnaque-retroviseur\/#breadcrumb"},"inLanguage":"fr-FR","potentialAction":[{"@type":"ReadAction","target":["https:\/\/leocare.eu\/fr\/assurance-auto-en-ligne\/couverture\/garanties\/complementaires\/dommages-materiels\/bris-de-glace\/arnaque-retroviseur\/"]}]},{"@type":"ImageObject","inLanguage":"fr-FR","@id":"https:\/\/leocare.eu\/fr\/assurance-auto-en-ligne\/couverture\/garanties\/complementaires\/dommages-materiels\/bris-de-glace\/arnaque-retroviseur\/#primaryimage","url":"https:\/\/leocare.eu\/fr\/wp-content\/uploads\/2022\/12\/arnaque-retroviseur.jpg","contentUrl":"https:\/\/leocare.eu\/fr\/wp-content\/uploads\/2022\/12\/arnaque-retroviseur.jpg","width":1800,"height":1200,"caption":"Arnaque R\u00e9troviseur"},{"@type":"WebSite","@id":"https:\/\/leocare.eu\/fr\/#website","url":"https:\/\/leocare.eu\/fr\/","name":"Leocare, assurance en ligne automobile et habitation","description":"enfin (r)assur\u00e9.e","publisher":{"@id":"https:\/\/leocare.eu\/fr\/#organization"},"potentialAction":[{"@type":"SearchAction","target":{"@type":"EntryPoint","urlTemplate":"https:\/\/leocare.eu\/fr\/?s={search_term_string}"},"query-input":{"@type":"PropertyValueSpecification","valueRequired":true,"valueName":"search_term_string"}}],"inLanguage":"fr-FR"},{"@type":"Organization","@id":"https:\/\/leocare.eu\/fr\/#organization","name":"Leocare, assurance en ligne automobile et habitation","url":"https:\/\/leocare.eu\/fr\/","logo":{"@type":"ImageObject","inLanguage":"fr-FR","@id":"https:\/\/leocare.eu\/fr\/#\/schema\/logo\/image\/","url":"https:\/\/leocare.eu\/fr\/wp-content\/uploads\/2020\/03\/logo-leocare.svg","contentUrl":"https:\/\/leocare.eu\/fr\/wp-content\/uploads\/2020\/03\/logo-leocare.svg","caption":"Leocare, assurance en ligne automobile et habitation"},"image":{"@id":"https:\/\/leocare.eu\/fr\/#\/schema\/logo\/image\/"}}]}},"_links":{"self":[{"href":"https:\/\/leocare.eu\/fr\/wp-json\/wp\/v2\/pages\/12006","targetHints":{"allow":["GET"]}}],"collection":[{"href":"https:\/\/leocare.eu\/fr\/wp-json\/wp\/v2\/pages"}],"about":[{"href":"https:\/\/leocare.eu\/fr\/wp-json\/wp\/v2\/types\/page"}],"author":[{"embeddable":true,"href":"https:\/\/leocare.eu\/fr\/wp-json\/wp\/v2\/users\/34"}],"replies":[{"embeddable":true,"href":"https:\/\/leocare.eu\/fr\/wp-json\/wp\/v2\/comments?post=12006"}],"version-history":[{"count":16,"href":"https:\/\/leocare.eu\/fr\/wp-json\/wp\/v2\/pages\/12006\/revisions"}],"predecessor-version":[{"id":37105,"href":"https:\/\/leocare.eu\/fr\/wp-json\/wp\/v2\/pages\/12006\/revisions\/37105"}],"up":[{"embeddable":true,"href":"https:\/\/leocare.eu\/fr\/wp-json\/wp\/v2\/pages\/11994"}],"wp:featuredmedia":[{"embeddable":true,"href":"https:\/\/leocare.eu\/fr\/wp-json\/wp\/v2\/media\/9907"}],"wp:attachment":[{"href":"https:\/\/leocare.eu\/fr\/wp-json\/wp\/v2\/media?parent=12006"}],"curies":[{"name":"wp","href":"https:\/\/api.w.org\/{rel}","templated":true}]}}