{"id":11974,"date":"2023-01-05T10:42:01","date_gmt":"2023-01-05T09:42:01","guid":{"rendered":"https:\/\/leocare.eu\/fr\/?page_id=11974"},"modified":"2026-04-07T16:53:36","modified_gmt":"2026-04-07T14:53:36","slug":"animal-sauvage","status":"publish","type":"page","link":"https:\/\/leocare.eu\/fr\/assurance-auto-en-ligne\/couverture\/garanties\/complementaires\/dommages-materiels\/animal-sauvage\/","title":{"rendered":"Collision avec un animal sauvage : quelle indemnisation ?"},"content":{"rendered":"\n<p><strong><span style=\"font-size: revert; color: initial;\">La collision avec un animal sauvage occasionne souvent des d\u00e9g\u00e2ts mat\u00e9riels importants et co\u00fbteux, \u00e0 votre v\u00e9hicule. Elle peut, \u00e9galement, cr\u00e9er des dommages corporels \u00e0 vos passagers et \u00e0 vous-m\u00eame ! Comment \u00eatre indemnis\u00e9 suite \u00e0 ce type d\u2019accident ? Toutes les informations utiles pour y voir plus clair, gr\u00e2ce \u00e0 Leocare, la n\u00e9o-assurance simple, rapide et flexible.<\/span><\/strong><\/p>\n\n\n\n<h2 class=\"wp-block-heading\" id=\"section-1-lindemnisation-de-la-collision-avec-un-animal-sauvage\"><strong>L\u2019indemnisation de la collision avec un animal sauvage<\/strong><\/h2>\n\n\n\n<p>L\u2019indemnisation apr\u00e8s un choc avec un animal sauvage d\u00e9pend du contrat d\u2019assurance auto souscrit et des garanties incluses dans celui-ci.&nbsp;En cas de&nbsp;collision avec un animal&nbsp;domestique, ce sont les&nbsp;assurances&nbsp;responsabilit\u00e9 civile qui prennent en charge le co\u00fbt financier des&nbsp;dommages.&nbsp;Mais pour un&nbsp;accident de la route&nbsp;avec des&nbsp;animaux sauvages, c\u2019est diff\u00e9rent. En cas de&nbsp;collision&nbsp;ou&nbsp;accident avec un animal&nbsp;sauvage, comme du&nbsp;gibier,&nbsp;<strong><a href=\"https:\/\/leocare.eu\/fr\/assurance-auto-en-ligne\/sinistre\/declaration\/accident\/types\/tiers-non-identifie\/animal-sauvage\/\">\u00e0 quelle indemnisation&nbsp;<\/a><\/strong>pr\u00e9tendre\u202f? Fonds de Garantie des&nbsp;Assurances Obligatoires de dommages&nbsp;(FGAO),&nbsp;indemnisation&nbsp;des d\u00e9g\u00e2ts mat\u00e9riels en cas d\u2019accident&nbsp;responsable ou non, impact sur le malus, etc. D\u00e9couvrez tout ce que vous devez savoir.<\/p>\n\n\n\n<h2 class=\"wp-block-heading\" id=\"section-2-les-dommages-matriels-subis-par-votre-vhicule\"><strong>Les dommages mat\u00e9riels subis par votre v\u00e9hicule<\/strong><\/h2>\n\n\n\n<p><strong><a href=\"https:\/\/leocare.eu\/fr\/assurance-auto-en-ligne\/sinistre\/declaration\/accident\/types\/tiers-non-identifie\/animal-sauvage\/\">Si vous percutez un sanglier<\/a><\/strong>\ud83d\udc17 ou un cerf \ud83e\udd8c de plein fouet, votre v\u00e9hicule n\u2019en ressort g\u00e9n\u00e9ralement pas indemne. La prise en charge de cet accident varie selon la formule d\u2019assurance auto choisie et des \u00e9ventuelles garanties compl\u00e9mentaires souscrites.<\/p>\n\n\n\n<p>Si vous \u00eates assur\u00e9 au tiers, aucune&nbsp;indemnisation&nbsp;ne vous est vers\u00e9e : elle ne couvre que les&nbsp;dommages&nbsp;mat\u00e9riels subis&nbsp;par les tiers, en cas d\u2019accident du fait de votre v\u00e9hicule.&nbsp;Idem pour les&nbsp;dommages&nbsp;corporels.<\/p>\n\n\n\n<p>Il en est de m\u00eame si vous avez opt\u00e9 pour un tiers interm\u00e9diaire m\u00eame si vous avez souscrit \u00e0&nbsp;<strong><a href=\"https:\/\/leocare.eu\/fr\/assurance-auto-en-ligne\/tiers\/\">la garantie tierce collision<\/a><\/strong>. Celle-ci n\u2019intervient qu\u2019en cas de&nbsp;collision&nbsp;avec des animaux domestiques et un propri\u00e9taire identifi\u00e9. Or, comme vous l\u2019aurez compris, un animal sauvage n\u2019appartient \u00e0 personne.&nbsp;Les&nbsp;d\u00e9g\u00e2ts mat\u00e9riels&nbsp;ne sont pas pris en charge par les&nbsp;assurances.&nbsp;<\/p>\n\n\n\n<p id=\"ancre1\">Avec les&nbsp;assurances&nbsp;tous risques, vous recevez souvent&nbsp; une&nbsp;indemnisation. Elle couvre les d\u00e9g\u00e2ts mat\u00e9riels du v\u00e9hicule, que vous soyez ou non responsable du sinistre. Selon votre niveau de couverture et vos options, la<strong><a href=\"https:\/\/leocare.eu\/fr\/assurance-auto-en-ligne\/couverture\/garanties\/complementaires\/dommages-materiels\/#ancre1\">&nbsp;garantie dommages mat\u00e9riels<\/a><\/strong>&nbsp;peut vous couvrir en cas de&nbsp;collision,&nbsp;accident,&nbsp;dommages&nbsp;suite \u00e0 une temp\u00eate, vol de v\u00e9hicule ; mais les&nbsp;dommages mat\u00e9riels&nbsp;du type bris de glace sont \u00e9galement pris en compte.<\/p>\n\n\n\n<div class=\"bon-a-savoir\">\n\n\n\n<p>Bon \u00e0 savoir :<\/p>\n\n\n\n<p>Le risque de croiser des animaux sauvages sur sa route n\u2019est pas anecdotique, notamment en fin de journ\u00e9e. La probabilit\u00e9 augmente \u00e9galement \u00e0 la saison froide et \u00e0 proximit\u00e9 d\u2019un bois ou d\u2019une for\u00eat. Redoublez de vigilance quand tous ces facteurs sont r\u00e9unis !<\/p>\n\n\n\n<\/div>\n\n\n\n<h3 class=\"wp-block-heading\"><strong>Les dommages corporels au conducteur<\/strong><\/h3>\n\n\n\n<p>Si vous \u00eates bless\u00e9 suite \u00e0 une collision avec un animal sauvage, votre assurance auto vous indemnise si vous avez souscrit une garantie accident corporel du conducteur. Celle-ci est, la plupart du temps, incluse dans le contrat d\u2019assurance auto tous risques \ud83d\ude97.<\/p>\n\n\n\n<p>Si vous \u00eates assur\u00e9 au tiers interm\u00e9diaire avec une garantie conducteur, votre assureur prend \u00e9galement en charge les frais n\u00e9cessaires \u00e0 votre r\u00e9tablissement, sur la base des plafonds de garantie pr\u00e9vus dans le contrat.<\/p>\n\n\n\n<p>Avec une assurance au tiers, aucune&nbsp;indemnisation&nbsp;n\u2019est pr\u00e9vue lors d\u2019une collision avec un animal sauvage. Le&nbsp;<strong><a href=\"https:\/\/leocare.eu\/fr\/assurance-auto-en-ligne\/sinistre\/declaration\/accident\/indemnisation\/fgao\/\">Fonds de Garantie des Assurances Obligatoires<\/a><\/strong>&nbsp;de&nbsp;dommages&nbsp;(FGAO)&nbsp;peut vous indemniser. Celui-ci couvre les victimes d\u2019accident&nbsp;de la route lorsque les responsables ne sont pas assur\u00e9s ou non identifi\u00e9s.&nbsp;Le Fonds de Garantie des&nbsp;Assurances Obligatoires de dommages&nbsp;intervient \u00e9galement pour compl\u00e9ter le montant vers\u00e9 par les assurances pour les&nbsp;dommages mat\u00e9riels.<\/p>\n\n\n\n<div class=\"bon-a-savoir\">\n\n\n\n<p>Bon \u00e0 savoir :<\/p>\n\n\n\n<p>Le&nbsp;FGAO&nbsp;prend uniquement en charge les dommages cons\u00e9cutifs \u00e0 une r\u00e9elle collision. Si vous avez percut\u00e9 un arbre, pour \u00e9viter un animal sauvage, aucune indemnisation n\u2019est due.<\/p>\n\n\n\n<\/div>\n\n\n\n<h3 class=\"wp-block-heading\"><strong>Les dommages corporels aux passagers<\/strong><\/h3>\n\n\n\n<p>La garantie responsabilit\u00e9 civile est obligatoire en mati\u00e8re d\u2019assurance auto. Assur\u00e9 au tiers, a minima, ou tous risques, votre assurance prend en charge l\u2019indemnisation des passagers bless\u00e9s.<\/p>\n\n\n\n<p>Si le passager a souscrit, \u00e0 titre personnel, une assurance individuelle accident, il d\u00e9clare, en parall\u00e8le, l\u2019accident \u00e0 son assureur dans un d\u00e9lai de 5 jours ouvr\u00e9s.<\/p>\n\n\n\n<h3 class=\"wp-block-heading\"><strong>Que se passe-t-il en cas de d\u00e9c\u00e8s du conducteur ou d\u2019un passager ?<\/strong><\/h3>\n\n\n\n<p>Si vous d\u00e9c\u00e9dez suite \u00e0 l\u2019accident, sachez que vos ayants droit peuvent solliciter votre assurance. Le versement d\u2019un capital aux proches du d\u00e9funt est souvent pr\u00e9vu dans le contrat d\u2019assurance. \u00c0 d\u00e9faut, la saisie du FGAO est possible.<\/p>\n\n\n\n<p>Si c\u2019est un passager qui perd la vie, votre assurance auto indemnise le pr\u00e9judice de ses ayants droit. C\u2019est la responsabilit\u00e9 civile obligatoire.<\/p>\n\n\n\n<div class=\"bon-a-savoir\">\n\n\n\n<p>Bon \u00e0 savoir :<\/p>\n\n\n\n<p>Dans la plupart des cas, si vous \u00eates responsable d\u2019un&nbsp;accident de la route, vos&nbsp;dommages&nbsp;corporels comme vos dommages mat\u00e9riels ne sont pas pris en charge par les&nbsp;assurances. La responsabilit\u00e9 civile ne prot\u00e8ge que les passagers ou les tiers ! D\u2019o\u00f9 l\u2019int\u00e9r\u00eat de&nbsp;<strong><a href=\"https:\/\/leocare.eu\/fr\/assurance-auto-en-ligne\/couverture\/garanties\/complementaires\/dommages-corporels\/conducteur-principal\/\">souscrire une garantie conducteur<\/a><\/strong>. Elle seule ouvre droit \u00e0 une&nbsp;indemnisation&nbsp;en cas d\u2019accident&nbsp;responsable.<\/p>\n\n\n\n<\/div>\n\n\n\n<h2 class=\"wp-block-heading\" id=\"section-3-comment-faire-en-cas-de-collision-avec-un-animal-sauvage-\"><strong>Comment faire en cas de collision avec un animal sauvage ?<\/strong><\/h2>\n\n\n\n<p>Si votre v\u00e9hicule entre en collision avec un animal sauvage, alertez la police ou les gendarmes \ud83d\ude93. Ce sont les seules autorit\u00e9s habilit\u00e9es \u00e0 dresser un proc\u00e8s-verbal lors de dommages corporels et \u00e0 s\u00e9curiser la voirie. S\u2019il y a des bless\u00e9s, pr\u00e9venez \u00e9galement les secours \ud83d\ude92.<\/p>\n\n\n\n<p>\u00c9tablissez un constat en expliquant bien les circonstances de l\u2019accident. Prenez \u00e9galement les coordonn\u00e9es, le cas \u00e9ch\u00e9ant, des t\u00e9moins pr\u00e9sents. Afin de faciliter la preuve de la collision, n\u2019h\u00e9sitez pas \u00e0 prendre quelques photos du lieu de l\u2019accident et de votre v\u00e9hicule.<\/p>\n\n\n\n<div class=\"bon-a-savoir\">\n\n\n\n<p>Bon \u00e0 savoir :<\/p>\n\n\n\n<p>Si l\u2019animal sauvage a \u00e9t\u00e9 tu\u00e9 suite \u00e0 la collision, les forces de l\u2019ordre peuvent vous autoriser \u00e0 l\u2019emporter. \u00c0 d\u00e9faut, contactez les services de la mairie, pour proc\u00e9der \u00e0 son enl\u00e8vement et ainsi, lib\u00e9rer la voirie.<\/p>\n\n\n\n<\/div>\n\n\n\n<p>D\u00e9clarez l\u2019accident \u00e0 votre assureur dans un d\u00e9lai maximal de 5 jours ouvr\u00e9s \u00e0 compter de l\u2019\u00e9v\u00e9nement. L\u2019id\u00e9al est de le contacter imm\u00e9diatement par t\u00e9l\u00e9phone pour l\u2019informer avant d\u2019envoyer les \u00e9l\u00e9ments n\u00e9cessaires au traitement du sinistre. Quatre possibilit\u00e9s s\u2019offrent \u00e0 vous :<\/p>\n\n\n\n<ul class=\"wp-block-list\">\n<li>L\u2019envoi d\u2019un courrier.<\/li>\n\n\n\n<li>Le constat sur l\u2019application e-constat auto.<\/li>\n\n\n\n<li>La d\u00e9claration du sinistre en ligne sur le site de votre assureur.<\/li>\n\n\n\n<li>La d\u00e9claration directement dans les locaux de l\u2019assureur.<\/li>\n<\/ul>\n\n\n\n<p>\u00c0 r\u00e9ception, votre assureur d\u00e9signe un expert pour v\u00e9rifier les causes du sinistre et \u00e9valuer, le cas \u00e9ch\u00e9ant, l\u2019indemnisation&nbsp;\u00e0 verser.<\/p>\n\n\n\n<div class=\"bon-a-savoir\">\n\n\n\n<p>Bon \u00e0 savoir : accident avec un animal domestique<\/p>\n\n\n\n<p>Vous avez\u00a0<strong><a href=\"https:\/\/leocare.eu\/fr\/assurance-auto-en-ligne\/couverture\/garanties\/complementaires\/dommages-materiels\/animal-domestique\/\">percut\u00e9 un animal domestique<\/a><\/strong>, et la question est\u00a0que devez-vous faire\u00a0? Si le propri\u00e9taire de l\u2019animal est pr\u00e9sent, vous devez remplir ensemble un constat amiable. \u00c0 d\u00e9faut, vous devez porter plainte aupr\u00e8s de la\u00a0gendarmerie. Soyez rassur\u00e9,\u00a0animaux sauvages\u00a0ou domestiques, aucun\u00a0malus\u00a0n\u2019est appliqu\u00e9 si vous n\u2019\u00eates pas responsable de l\u2019accident\u00a0et des\u00a0dommages. Par contre, dans le cas o\u00f9 l\u2019animal est tenu en laisse, les assurances vous consid\u00e8rent comme responsable des\u00a0dommages corporels\u00a0et\u00a0d\u00e9g\u00e2ts mat\u00e9riels.\u00a0<\/p>\n\n\n\n<\/div>\n\n\n\n<h2 class=\"wp-block-heading\" id=\"section-4-quels-sont-les-frais-rgler-en-cas-de-collision-avec-un-anima\"><strong>Quels sont les frais \u00e0 r\u00e9gler en cas de collision avec un animal sauvage ?<\/strong><\/h2>\n\n\n\n<p>M\u00eame si vous \u00eates couvert pour ce type d\u2019accident, certains frais restent \u00e0 votre charge, \u00e0 savoir la franchise et la surprime si un malus est appliqu\u00e9.<\/p>\n\n\n\n<h3 class=\"wp-block-heading\"><strong>La franchise d\u2019assurance auto<\/strong><\/h3>\n\n\n\n<p>Si vous \u00eates assur\u00e9 au tiers, vous n\u2019avez, par principe, aucune franchise \u00e0 r\u00e9gler, car vous ne b\u00e9n\u00e9ficiez d\u2019aucune indemnisation. Vous prenez en charge l\u2019int\u00e9gralit\u00e9 des dommages mat\u00e9riels de votre v\u00e9hicule.<\/p>\n\n\n\n<p>Si vous avez souscrit une assurance tous risques, une franchise s\u2019applique. Son montant figure dans les conditions g\u00e9n\u00e9rales de vente et est d\u00e9duit de l\u2019indemnisation due.<\/p>\n\n\n\n<h3 class=\"wp-block-heading\"><strong>L\u2019application d\u2019un malus<\/strong><\/h3>\n\n\n\n<p>Un malus n\u2019est pas automatiquement appliqu\u00e9 lors de la collision entre un v\u00e9hicule et un animal sauvage. De mani\u00e8re g\u00e9n\u00e9rale, vous n\u2019encourez pas un malus si la collision r\u00e9sulte d\u2019un cas de force majeure, c\u2019est-\u00e0-dire qu\u2019elle ne peut \u00eatre emp\u00each\u00e9e de quelconque fa\u00e7on. La force majeure est caract\u00e9ris\u00e9e d\u00e8s lors que l\u2019\u00e9v\u00e8nement est irr\u00e9sistible, impr\u00e9visible et ext\u00e9rieur.<\/p>\n\n\n\n<p>Certains assureurs appliquent toutefois un malus de 25 %, si vous \u00eates, au moment des faits, dans une zone \u00e9quip\u00e9e de panneaux A15a passage d\u2019animaux. Ils consid\u00e8rent alors que tous les \u00e9l\u00e9ments de force majeure ne sont alors pas r\u00e9unis.<\/p>\n\n\n\n<p>Faites le choix d\u2019une n\u00e9o-assurance auto 100 % mobile et flexible, comme Leocare. Nous vous simplifions la vie avec notre appli performante. Elle vous permet de g\u00e9rer votre contrat et vos sinistres \u00e0 tout moment. N\u2019h\u00e9sitez pas \u00e0 d\u00e9couvrir nos tarifs attractifs en r\u00e9alisant gratuitement un devis en une minute !<\/p>\n\n\n\n<div class=\"bon-a-savoir\">\n\n\n\n<p>Bon \u00e0 savoir :<\/p>\n\n\n\n<p>Vous \u00eates victime d\u2019un accident de la route, mais un probl\u00e8me se pose : le<strong><a href=\"https:\/\/leocare.eu\/fr\/assurance-auto-en-ligne\/sinistre\/declaration\/accident\/types\/tiers-non-identifie\/\">&nbsp;tiers n\u2019est pas identifi\u00e9<\/a><\/strong>&nbsp;!&nbsp;<\/p>\n\n\n\n<p>En cas de&nbsp;collision&nbsp;ou d\u2019accident&nbsp;sans tiers identifi\u00e9, l\u2019indemnisation&nbsp;d\u00e9pend des garanties de votre contrat. Avec une assurance tous risques, vos&nbsp;dommages mat\u00e9riels&nbsp;sont pris en charge. Assur\u00e9 au tiers, les&nbsp;dommages, \u00e0 l\u2019inverse, ne le sont pas. Toutefois, vous pouvez d\u00e9poser un recours aupr\u00e8s du Fonds de Garantie des Assurances Obligatoires de&nbsp;dommages (FGAO).<\/p>\n\n\n\n<\/div>\n","protected":false},"excerpt":{"rendered":"<p>L\u2019indemnisation de la collision avec un animal sauvage L\u2019indemnisation apr\u00e8s un choc avec un animal sauvage d\u00e9pend du contrat d\u2019assurance auto souscrit et des garanties incluses dans celui-ci.&nbsp;En cas de&nbsp;collision avec un animal&nbsp;domestique, ce sont les&nbsp;assurances&nbsp;responsabilit\u00e9 civile qui prennent en charge le co\u00fbt financier des&nbsp;dommages.&nbsp;Mais pour un&nbsp;accident de la route&nbsp;avec des&nbsp;animaux sauvages, c\u2019est diff\u00e9rent. En [&hellip;]<\/p>\n","protected":false},"author":34,"featured_media":9909,"parent":11672,"menu_order":0,"comment_status":"closed","ping_status":"closed","template":"template_seo.php","meta":{"_acf_changed":false,"footnotes":""},"class_list":["post-11974","page","type-page","status-publish","has-post-thumbnail","hentry"],"acf":[],"yoast_head":"<!-- This site is optimized with the Yoast SEO plugin v27.3 - https:\/\/yoast.com\/product\/yoast-seo-wordpress\/ -->\n<title>Collision avec un animal sauvage : quelle indemnisation ?<\/title>\n<meta name=\"description\" content=\"Apprenez \u00e0 pr\u00e9venir les collisions avec les animaux sauvages, et \u00e0 g\u00e9rer les situations qui surviennent. D\u00e9couvrez nos conseils pour une conduite plus s\u00fbre d\u00e8s aujourd&#039;hui!\" \/>\n<meta name=\"robots\" content=\"index, follow, max-snippet:-1, max-image-preview:large, max-video-preview:-1\" \/>\n<link rel=\"canonical\" href=\"https:\/\/leocare.eu\/fr\/assurance-auto-en-ligne\/couverture\/garanties\/complementaires\/dommages-materiels\/animal-sauvage\/\" \/>\n<meta property=\"og:locale\" content=\"fr_FR\" \/>\n<meta property=\"og:type\" content=\"article\" \/>\n<meta property=\"og:title\" content=\"Collision avec un animal sauvage : quelle indemnisation ?\" \/>\n<meta property=\"og:description\" content=\"Apprenez \u00e0 pr\u00e9venir les collisions avec les animaux sauvages, et \u00e0 g\u00e9rer les situations qui surviennent. D\u00e9couvrez nos conseils pour une conduite plus s\u00fbre d\u00e8s aujourd&#039;hui!\" \/>\n<meta property=\"og:url\" content=\"https:\/\/leocare.eu\/fr\/assurance-auto-en-ligne\/couverture\/garanties\/complementaires\/dommages-materiels\/animal-sauvage\/\" \/>\n<meta property=\"og:site_name\" content=\"Leocare, assurance en ligne automobile et habitation\" \/>\n<meta property=\"article:modified_time\" content=\"2026-04-07T14:53:36+00:00\" \/>\n<meta property=\"og:image\" content=\"https:\/\/leocare.eu\/fr\/wp-content\/uploads\/2022\/12\/assurance-auto-animaux-sauvages.jpg\" \/>\n\t<meta property=\"og:image:width\" content=\"1800\" \/>\n\t<meta property=\"og:image:height\" content=\"1200\" \/>\n\t<meta property=\"og:image:type\" content=\"image\/jpeg\" \/>\n<meta name=\"twitter:card\" content=\"summary_large_image\" \/>\n<meta name=\"twitter:label1\" content=\"Est. reading time\" \/>\n\t<meta name=\"twitter:data1\" content=\"9 minutes\" \/>\n<!-- \/ Yoast SEO plugin. -->","yoast_head_json":{"title":"Collision avec un animal sauvage : quelle indemnisation ?","description":"Apprenez \u00e0 pr\u00e9venir les collisions avec les animaux sauvages, et \u00e0 g\u00e9rer les situations qui surviennent. D\u00e9couvrez nos conseils pour une conduite plus s\u00fbre d\u00e8s aujourd'hui!","robots":{"index":"index","follow":"follow","max-snippet":"max-snippet:-1","max-image-preview":"max-image-preview:large","max-video-preview":"max-video-preview:-1"},"canonical":"https:\/\/leocare.eu\/fr\/assurance-auto-en-ligne\/couverture\/garanties\/complementaires\/dommages-materiels\/animal-sauvage\/","og_locale":"fr_FR","og_type":"article","og_title":"Collision avec un animal sauvage : quelle indemnisation ?","og_description":"Apprenez \u00e0 pr\u00e9venir les collisions avec les animaux sauvages, et \u00e0 g\u00e9rer les situations qui surviennent. D\u00e9couvrez nos conseils pour une conduite plus s\u00fbre d\u00e8s aujourd'hui!","og_url":"https:\/\/leocare.eu\/fr\/assurance-auto-en-ligne\/couverture\/garanties\/complementaires\/dommages-materiels\/animal-sauvage\/","og_site_name":"Leocare, assurance en ligne automobile et habitation","article_modified_time":"2026-04-07T14:53:36+00:00","og_image":[{"width":1800,"height":1200,"url":"https:\/\/leocare.eu\/fr\/wp-content\/uploads\/2022\/12\/assurance-auto-animaux-sauvages.jpg","type":"image\/jpeg"}],"twitter_card":"summary_large_image","twitter_misc":{"Est. reading time":"9 minutes"},"schema":{"@context":"https:\/\/schema.org","@graph":[{"@type":"WebPage","@id":"https:\/\/leocare.eu\/fr\/assurance-auto-en-ligne\/couverture\/garanties\/complementaires\/dommages-materiels\/animal-sauvage\/","url":"https:\/\/leocare.eu\/fr\/assurance-auto-en-ligne\/couverture\/garanties\/complementaires\/dommages-materiels\/animal-sauvage\/","name":"Collision avec un animal sauvage : quelle indemnisation ?","isPartOf":{"@id":"https:\/\/leocare.eu\/fr\/#website"},"primaryImageOfPage":{"@id":"https:\/\/leocare.eu\/fr\/assurance-auto-en-ligne\/couverture\/garanties\/complementaires\/dommages-materiels\/animal-sauvage\/#primaryimage"},"image":{"@id":"https:\/\/leocare.eu\/fr\/assurance-auto-en-ligne\/couverture\/garanties\/complementaires\/dommages-materiels\/animal-sauvage\/#primaryimage"},"thumbnailUrl":"https:\/\/leocare.eu\/fr\/wp-content\/uploads\/2022\/12\/assurance-auto-animaux-sauvages.jpg","datePublished":"2023-01-05T09:42:01+00:00","dateModified":"2026-04-07T14:53:36+00:00","description":"Apprenez \u00e0 pr\u00e9venir les collisions avec les animaux sauvages, et \u00e0 g\u00e9rer les situations qui surviennent. D\u00e9couvrez nos conseils pour une conduite plus s\u00fbre d\u00e8s aujourd'hui!","breadcrumb":{"@id":"https:\/\/leocare.eu\/fr\/assurance-auto-en-ligne\/couverture\/garanties\/complementaires\/dommages-materiels\/animal-sauvage\/#breadcrumb"},"inLanguage":"fr-FR","potentialAction":[{"@type":"ReadAction","target":["https:\/\/leocare.eu\/fr\/assurance-auto-en-ligne\/couverture\/garanties\/complementaires\/dommages-materiels\/animal-sauvage\/"]}]},{"@type":"ImageObject","inLanguage":"fr-FR","@id":"https:\/\/leocare.eu\/fr\/assurance-auto-en-ligne\/couverture\/garanties\/complementaires\/dommages-materiels\/animal-sauvage\/#primaryimage","url":"https:\/\/leocare.eu\/fr\/wp-content\/uploads\/2022\/12\/assurance-auto-animaux-sauvages.jpg","contentUrl":"https:\/\/leocare.eu\/fr\/wp-content\/uploads\/2022\/12\/assurance-auto-animaux-sauvages.jpg","width":1800,"height":1200,"caption":"Assurance auto Collision Animaux Sauvages"},{"@type":"WebSite","@id":"https:\/\/leocare.eu\/fr\/#website","url":"https:\/\/leocare.eu\/fr\/","name":"Leocare, assurance en ligne automobile et habitation","description":"enfin (r)assur\u00e9.e","publisher":{"@id":"https:\/\/leocare.eu\/fr\/#organization"},"potentialAction":[{"@type":"SearchAction","target":{"@type":"EntryPoint","urlTemplate":"https:\/\/leocare.eu\/fr\/?s={search_term_string}"},"query-input":{"@type":"PropertyValueSpecification","valueRequired":true,"valueName":"search_term_string"}}],"inLanguage":"fr-FR"},{"@type":"Organization","@id":"https:\/\/leocare.eu\/fr\/#organization","name":"Leocare, assurance en ligne automobile et habitation","url":"https:\/\/leocare.eu\/fr\/","logo":{"@type":"ImageObject","inLanguage":"fr-FR","@id":"https:\/\/leocare.eu\/fr\/#\/schema\/logo\/image\/","url":"https:\/\/leocare.eu\/fr\/wp-content\/uploads\/2020\/03\/logo-leocare.svg","contentUrl":"https:\/\/leocare.eu\/fr\/wp-content\/uploads\/2020\/03\/logo-leocare.svg","caption":"Leocare, assurance en ligne automobile et habitation"},"image":{"@id":"https:\/\/leocare.eu\/fr\/#\/schema\/logo\/image\/"}}]}},"_links":{"self":[{"href":"https:\/\/leocare.eu\/fr\/wp-json\/wp\/v2\/pages\/11974","targetHints":{"allow":["GET"]}}],"collection":[{"href":"https:\/\/leocare.eu\/fr\/wp-json\/wp\/v2\/pages"}],"about":[{"href":"https:\/\/leocare.eu\/fr\/wp-json\/wp\/v2\/types\/page"}],"author":[{"embeddable":true,"href":"https:\/\/leocare.eu\/fr\/wp-json\/wp\/v2\/users\/34"}],"replies":[{"embeddable":true,"href":"https:\/\/leocare.eu\/fr\/wp-json\/wp\/v2\/comments?post=11974"}],"version-history":[{"count":19,"href":"https:\/\/leocare.eu\/fr\/wp-json\/wp\/v2\/pages\/11974\/revisions"}],"predecessor-version":[{"id":35507,"href":"https:\/\/leocare.eu\/fr\/wp-json\/wp\/v2\/pages\/11974\/revisions\/35507"}],"up":[{"embeddable":true,"href":"https:\/\/leocare.eu\/fr\/wp-json\/wp\/v2\/pages\/11672"}],"wp:featuredmedia":[{"embeddable":true,"href":"https:\/\/leocare.eu\/fr\/wp-json\/wp\/v2\/media\/9909"}],"wp:attachment":[{"href":"https:\/\/leocare.eu\/fr\/wp-json\/wp\/v2\/media?parent=11974"}],"curies":[{"name":"wp","href":"https:\/\/api.w.org\/{rel}","templated":true}]}}