{"id":11964,"date":"2023-01-05T10:32:11","date_gmt":"2023-01-05T09:32:11","guid":{"rendered":"https:\/\/leocare.eu\/fr\/?page_id=11964"},"modified":"2026-04-07T16:53:35","modified_gmt":"2026-04-07T14:53:35","slug":"animal-domestique","status":"publish","type":"page","link":"https:\/\/leocare.eu\/fr\/assurance-auto-en-ligne\/couverture\/garanties\/complementaires\/dommages-materiels\/animal-domestique\/","title":{"rendered":"Que faire en cas d\u2019accident avec un animal domestique ?"},"content":{"rendered":"\n<p><strong>Si vous avez un accident avec un chien qui est responsable ou percutez un chat, comment faut-il r\u00e9agir ? Votre responsabilit\u00e9 va-t-elle obligatoirement retenue ? Comment se d\u00e9roule l\u2019indemnisation de ce type de sinistre ? Autant de questions auxquelles Leocare vous apporte des \u00e9l\u00e9ments de r\u00e9ponses ! \ud83d\ude0a<\/strong><\/p>\n\n\n\n<h2 class=\"wp-block-heading\" id=\"section-1-la-non-responsabilit-de-lanimal-domestique\"><strong>La non-responsabilit\u00e9 de l\u2019animal domestique<\/strong><\/h2>\n\n\n\n<p>Depuis 2015, l\u2019animal est reconnu comme un \u00eatre dou\u00e9 de sensibilit\u00e9. N\u00e9anmoins, juridiquement, il n\u2019a aucune responsabilit\u00e9 personnelle, car il est consid\u00e9r\u00e9 comme un bien. C\u2019est son propri\u00e9taire qui est responsable des \u00e9ventuels dommages caus\u00e9s par l\u2019animal, selon l\u2019article 1385 du Code civil. En d\u2019autres termes, le propri\u00e9taire r\u00e9pond de tous les actes, d\u00e8s lors, que l\u2019animal :<\/p>\n\n\n\n<ul class=\"wp-block-list\">\n<li>Est sous sa garde.<\/li>\n\n\n\n<li>S\u2019est \u00e9gar\u00e9 ou a fui.<\/li>\n<\/ul>\n\n\n\n<p>Aussi, si vous \u00eates victime et que le chien qui est responsable, la responsabilit\u00e9 de son propri\u00e9taire est pleinement engag\u00e9e.<\/p>\n\n\n\n<div class=\"bon-a-savoir\">\n\n\n\n<p>Bon \u00e0 savoir :<\/p>\n\n\n\n<p>Par principe, les animaux sauvages, comme du gibier, n\u2019ont pas de propri\u00e9taire identifi\u00e9. Les r\u00e8gles d\u2019indemnisation sont donc diff\u00e9rentes.&nbsp;<\/p>\n\n\n\n<\/div>\n\n\n\n<h2 class=\"wp-block-heading\" id=\"section-2-lassurance-auto-en-cas-daccident-avec-un-chien-ou-un-chat-su\"><strong>L\u2019assurance auto en cas d\u2019accident avec un chien ou un chat sur la voie publique<\/strong><\/h2>\n\n\n\n<p>Plusieurs situations peuvent se pr\u00e9senter lorsqu\u2019un chien \ud83d\udc36 ou un chat \ud83d\ude3a sont impliqu\u00e9s. Les solutions sont diff\u00e9rentes de celles intervenant lors d\u2019une collision avec un animal sauvage. Examinons-les toutes !<\/p>\n\n\n\n<h3 class=\"wp-block-heading\"><strong>Le propri\u00e9taire de l\u2019animal n\u2019est pas identifi\u00e9<\/strong><\/h3>\n\n\n\n<p>Il arrive qu\u2019il soit difficile d\u2019identifier le propri\u00e9taire de l\u2019animal. Celui-ci s\u2019est \u00e9gar\u00e9 et il ne poss\u00e8de ni m\u00e9daille, ni tatouage, ni puce \u00e9lectronique, apr\u00e8s v\u00e9rification chez un v\u00e9t\u00e9rinaire. Vous pourriez \u00eatre indemnis\u00e9 selon la formule d\u2019assurance auto souscrite.<\/p>\n\n\n\n<p>Si vous \u00eates titulaire d\u2019un contrat d\u2019assurance au tiers, le Fonds de Garanties des Assurances Obligatoires de&nbsp;dommages (FGAO)&nbsp;assure l\u2019indemnisation&nbsp;de ce type d\u2019accident. Faites preuve de patience, car il a un d\u00e9lai de six mois pour l\u2019activer. De plus, vous devez r\u00e9gler une franchise relativement \u00e9lev\u00e9e.<\/p>\n\n\n\n<p>L\u2019assurance&nbsp;automobile&nbsp;tous risques, quant \u00e0 elle, prend en charge ce type de sinistre. Comme pour tout autre accident, la compagnie&nbsp;d\u2019assurances&nbsp;d\u00e9signe un expert pour \u00e9valuer les&nbsp;dommages,&nbsp;m\u00eame en l\u2019absence de&nbsp;constat amiable. Vous recevez alors une&nbsp;<strong><a href=\"https:\/\/leocare.eu\/fr\/assurance-auto-en-ligne\/sinistre\/declaration\/accident\/types\/dommages-materiels\/\">indemnisation des dommages&nbsp;<\/a><\/strong>mat\u00e9riels soit :<\/p>\n\n\n\n<ul class=\"wp-block-list\">\n<li>Au montant des r\u00e9parations n\u00e9cessaires pour rendre le v\u00e9hicule \u00e0 nouveau utilisable.<\/li>\n\n\n\n<li>\u00c0 la valeur de remplacement \u00e0 dire d\u2019expert (VRADE) si la voiture est irr\u00e9parable.<\/li>\n\n\n\n<li>Au prix d\u2019achat du v\u00e9hicule, si vous avez souscrit une garantie valeur d\u2019achat.<\/li>\n<\/ul>\n\n\n\n<p id=\"ancre2\">Enfin, si vous b\u00e9n\u00e9ficiez d\u2019un contrat au tiers interm\u00e9diaire, vous n\u2019\u00eates indemnis\u00e9 que si vous avez opt\u00e9 pour la&nbsp;<a href=\"https:\/\/leocare.eu\/fr\/assurance-auto-en-ligne\/tiers\/\">garantie tierce collision<\/a>. \u00c0 d\u00e9faut, le&nbsp;FGAO&nbsp;intervient.<\/p>\n\n\n\n<div class=\"bon-a-savoir\">\n\n\n\n<p>En bref : En cas d\u2019accident de la route, l\u2019intervention du FGAO<\/p>\n\n\n\n<p>La mission principale du Fonds de Garanties des Assurances Obligatoires de&nbsp;dommages (FGAO)&nbsp;est de prendre en charge l\u2019indemnisation&nbsp;des&nbsp;dommages corporels&nbsp;ou des&nbsp;dommages mat\u00e9riels&nbsp;subis par les victimes d\u2019accidents et de&nbsp;dommages&nbsp;de la circulation (ou leurs ayants droit).&nbsp;<\/p>\n\n\n\n<\/div>\n\n\n\n<h3 class=\"wp-block-heading\"><strong>L\u2019animal de compagnie est sous bonne garde<\/strong><\/h3>\n\n\n\n<p>Si votre v\u00e9hicule percute un animal alors qu\u2019il est tenu en laisse \ud83d\udc15\u200d\ud83e\uddba ou est sous la surveillance directe de son ma\u00eetre, vous \u00eates responsable de l\u2019accident. Si le chien ou le chat bless\u00e9 a besoin de soins, vous \u00eates couvert par votre responsabilit\u00e9 civile auto. Celle-ci indemnise le propri\u00e9taire.<\/p>\n\n\n\n<p>Qu\u2019en est-il des \u00e9ventuels d\u00e9g\u00e2ts \u00e0 votre v\u00e9hicule caus\u00e9s par cette collision ? Leur prise en charge par votre assureur n\u2019est possible que si vous avez souscrit :<\/p>\n\n\n\n<ul class=\"wp-block-list\">\n<li>Une assurance tous risques.<\/li>\n\n\n\n<li>Une garantie compl\u00e9mentaire collision \u00e0 une assurance au tiers.<\/li>\n<\/ul>\n\n\n\n<h3 class=\"wp-block-heading\"><strong>L\u2019animal est seul<\/strong><\/h3>\n\n\n\n<p>Que se passe-t-il si votre voiture percute un animal lorsque ce dernier ne se trouve pas sous la surveillance directe de son ma\u00eetre ? Le propri\u00e9taire est alors pleinement responsable. La divagation d\u2019animal est interdite. \u00c0 ce propos, est consid\u00e9r\u00e9 comme \u00e9tant en \u00e9tat de divagation :<\/p>\n\n\n\n<ul class=\"wp-block-list\">\n<li>Un chien \u00e9loign\u00e9 de son propri\u00e9taire de plus de 100 m\u00e8tres.<\/li>\n\n\n\n<li>Tout chat \ud83d\udc08 situ\u00e9 \u00e0 plus de 200 m\u00e8tres des habitations ou \u00e0 plus de 1 000 m\u00e8tres de son domicile.<\/li>\n<\/ul>\n\n\n\n<p>Concr\u00e8tement, c\u2019est la responsabilit\u00e9 civile de l\u2019assurance habitation du propri\u00e9taire de l\u2019animal qui vous indemnise en cas de dommages de votre v\u00e9hicule.<\/p>\n\n\n\n<h2 class=\"wp-block-heading\" id=\"section-3-laccident-a-lieu-sur-une-proprit-prive\"><strong>L\u2019accident a lieu sur une propri\u00e9t\u00e9 priv\u00e9e<\/strong><\/h2>\n\n\n\n<p>La situation est diff\u00e9rente si l\u2019accident se produit sur une propri\u00e9t\u00e9 priv\u00e9e. Les animaux domestiques y sont libres de se d\u00e9placer sans surveillance. Si un chien est \u00e9cras\u00e9 par votre voiture, vous \u00eates responsable. La responsabilit\u00e9 civile de votre assurance habitation entre en jeu si des frais de v\u00e9t\u00e9rinaire sont n\u00e9cessaires \u00e0 son bon r\u00e9tablissement. Votre assurance auto intervient, le cas \u00e9ch\u00e9ant, en compl\u00e9ment de votre garantie responsabilit\u00e9 civile habitation si l\u2019animal d\u00e9c\u00e8de.<\/p>\n\n\n\n<h2 class=\"wp-block-heading\" id=\"section-4-la-dclaration-de-sinistre-avec-un-animal-domestique\"><strong>La d\u00e9claration de sinistre avec un animal domestique<\/strong><\/h2>\n\n\n\n<p>Si le ma\u00eetre de l\u2019animal est pr\u00e9sent, compl\u00e9tez un constat amiable, avec lui. \u00c0 d\u00e9faut, un d\u00e9p\u00f4t de plainte au commissariat ou \u00e0 la gendarmerie est demand\u00e9 pour faire \u00e9tat de la divagation de l\u2019animal.<\/p>\n\n\n\n<p>Communiquez ensuite votre d\u00e9claration de sinistre \u00e0 votre&nbsp;compagnie&nbsp;d\u2019assurances&nbsp;dans un d\u00e9lai de cinq jours ouvr\u00e9s \u00e0 compter de l\u2019\u00e9v\u00e9nement.<\/p>\n\n\n\n<div class=\"bon-a-savoir\">\n\n\n\n<p>En bref : les types de sinistres<\/p>\n\n\n\n<p>En&nbsp;assurance automobile, il existe diff\u00e9rents types de sinistres, comme l\u2019accident&nbsp;(seul ou avec un tiers), la panne, le bris de glace, le vol, l\u2019erreur de carburant, l\u2019incendie, la perte des cl\u00e9s, les rayures, etc. Suivant les circonstances et\/ou votre niveau de couverture, certains ouvrent droit \u00e0 une&nbsp;indemnisation.&nbsp;<\/p>\n\n\n\n<\/div>\n\n\n\n<h2 class=\"wp-block-heading\" id=\"section-5-lassureur-peut-il-appliquer-un-malus-lors-dun-sinistre-avec-\"><strong>L\u2019assureur peut-il appliquer un malus lors d\u2019un sinistre avec un animal de compagnie ?<\/strong><\/h2>\n\n\n\n<p>Tout d\u00e9pend de votre responsabilit\u00e9. Aucun&nbsp;malus&nbsp;n\u2019est appliqu\u00e9 en cas&nbsp;<strong><a href=\"https:\/\/leocare.eu\/fr\/assurance-auto-en-ligne\/sinistre\/indemnisation\/franchise\/accident-non-responsable\/\">d\u2019accident non responsable<\/a><\/strong>. Lors d\u2019un&nbsp;accident&nbsp;de voiture avec&nbsp;dommages, la&nbsp;compagnie&nbsp;d\u2019assurance automobile&nbsp;d\u00e9termine les responsabilit\u00e9s de chacun. Les assurances s\u2019appuient pour cela sur le&nbsp;constat amiable. C\u2019est ce qui va d\u00e9clencher votre indemnisation en cas de&nbsp;dommages mat\u00e9riels.&nbsp;<\/p>\n\n\n\n<p>Qu\u2019en est-il des&nbsp;dommages corporels&nbsp;en cas d\u2019accident&nbsp;non responsable ? Conducteur non responsable ou passager, m\u00eame assur\u00e9 au tiers, vous avez le droit \u00e0 une<strong>&nbsp;i<\/strong><strong><a href=\"https:\/\/leocare.eu\/fr\/assurance-auto-en-ligne\/sinistre\/declaration\/accident\/indemnisation\/bareme\/\">ndemnisation en cas de dommage corporel<\/a><\/strong>. Si le conducteur responsable n\u2019est pas assur\u00e9 ou non identifi\u00e9, vos&nbsp;dommages&nbsp;sont indemnis\u00e9s par le Fonds de Garantie des&nbsp;Assurances&nbsp;Obligatoires de&nbsp;dommages (FGAO).<\/p>\n\n\n\n<p>\u00c0 l\u2019inverse, si votre responsabilit\u00e9 est engag\u00e9e, vous \u00eates maluss\u00e9 \u00e0 hauteur de 25 % comme pour tous les accidents responsables. Toutefois, sachez que le premier accident n\u2019entra\u00eene souvent pas de p\u00e9nalit\u00e9 si vous b\u00e9n\u00e9ficiez d\u2019un bonus de 0,50 depuis plus de trois ans.<\/p>\n\n\n\n<p>Pour \u00eatre bien assur\u00e9 \u00e0 un tarif d\u00e9fiant toute concurrence, rendez-vous sur le site Leocare, une n\u00e9o-assurance auto 100 % mobile et flexible. En quelques clics, obtenez un devis gratuit sur notre site. Et nos Leoconseillers vous r\u00e9pondent sans engagement, pour rouler en toute s\u00e9r\u00e9nit\u00e9 \ud83d\udee3\ufe0f.<\/p>\n\n\n\n<div class=\"bon-a-savoir\">\n\n\n\n<p>Bon \u00e0 savoir : que se passe-t-il en cas d\u2019accident et dommages avec un conducteur non assur\u00e9\u202f?<\/p>\n\n\n\n<p>Assur\u00e9 tous risques, votre&nbsp;assurance automobile&nbsp;prend en charge vos&nbsp;dommages mat\u00e9riels, moins la franchise. Votre&nbsp;compagnie&nbsp;se tourne alors vers le conducteur du v\u00e9hicule non assur\u00e9. Si vous \u00eates assur\u00e9 au tiers, c\u2019est le Fonds de garantie des assurances obligatoires de&nbsp;dommages (FGAO)&nbsp;qui prend en charge votre indemnisation. Pour les&nbsp;dommages corporels, les&nbsp;assurances&nbsp;n\u2019interviennent pas. Dans ces circonstances, seul le&nbsp;FGAO&nbsp;agit.<\/p>\n\n\n\n<\/div>\n","protected":false},"excerpt":{"rendered":"<p>La non-responsabilit\u00e9 de l\u2019animal domestique Depuis 2015, l\u2019animal est reconnu comme un \u00eatre dou\u00e9 de sensibilit\u00e9. N\u00e9anmoins, juridiquement, il n\u2019a aucune responsabilit\u00e9 personnelle, car il est consid\u00e9r\u00e9 comme un bien. C\u2019est son propri\u00e9taire qui est responsable des \u00e9ventuels dommages caus\u00e9s par l\u2019animal, selon l\u2019article 1385 du Code civil. En d\u2019autres termes, le propri\u00e9taire r\u00e9pond de [&hellip;]<\/p>\n","protected":false},"author":34,"featured_media":9908,"parent":11672,"menu_order":0,"comment_status":"closed","ping_status":"closed","template":"template_seo.php","meta":{"_acf_changed":false,"footnotes":""},"class_list":["post-11964","page","type-page","status-publish","has-post-thumbnail","hentry"],"acf":[],"yoast_head":"<!-- This site is optimized with the Yoast SEO plugin v27.3 - https:\/\/yoast.com\/product\/yoast-seo-wordpress\/ -->\n<title>Que faire en cas d\u2019accident avec un animal domestique ?<\/title>\n<meta name=\"description\" content=\"D\u00e9couvrez comment pr\u00e9venir les accidents domestiques impliquant des animaux. Agissez d\u00e8s maintenant pour la s\u00e9curit\u00e9 de vos animaux de compagnie !\" \/>\n<meta name=\"robots\" content=\"index, follow, max-snippet:-1, max-image-preview:large, max-video-preview:-1\" \/>\n<link rel=\"canonical\" href=\"https:\/\/leocare.eu\/fr\/assurance-auto-en-ligne\/couverture\/garanties\/complementaires\/dommages-materiels\/animal-domestique\/\" \/>\n<meta property=\"og:locale\" content=\"fr_FR\" \/>\n<meta property=\"og:type\" content=\"article\" \/>\n<meta property=\"og:title\" content=\"Que faire en cas d\u2019accident avec un animal domestique ?\" \/>\n<meta property=\"og:description\" content=\"D\u00e9couvrez comment pr\u00e9venir les accidents domestiques impliquant des animaux. Agissez d\u00e8s maintenant pour la s\u00e9curit\u00e9 de vos animaux de compagnie !\" \/>\n<meta property=\"og:url\" content=\"https:\/\/leocare.eu\/fr\/assurance-auto-en-ligne\/couverture\/garanties\/complementaires\/dommages-materiels\/animal-domestique\/\" \/>\n<meta property=\"og:site_name\" content=\"Leocare, assurance en ligne automobile et habitation\" \/>\n<meta property=\"article:modified_time\" content=\"2026-04-07T14:53:35+00:00\" \/>\n<meta property=\"og:image\" content=\"https:\/\/leocare.eu\/fr\/wp-content\/uploads\/2022\/12\/assurance-auto-animaux-domestiques.jpg\" \/>\n\t<meta property=\"og:image:width\" content=\"1800\" \/>\n\t<meta property=\"og:image:height\" content=\"1200\" \/>\n\t<meta property=\"og:image:type\" content=\"image\/jpeg\" \/>\n<meta name=\"twitter:card\" content=\"summary_large_image\" \/>\n<meta name=\"twitter:label1\" content=\"Est. reading time\" \/>\n\t<meta name=\"twitter:data1\" content=\"7 minutes\" \/>\n<!-- \/ Yoast SEO plugin. -->","yoast_head_json":{"title":"Que faire en cas d\u2019accident avec un animal domestique ?","description":"D\u00e9couvrez comment pr\u00e9venir les accidents domestiques impliquant des animaux. Agissez d\u00e8s maintenant pour la s\u00e9curit\u00e9 de vos animaux de compagnie !","robots":{"index":"index","follow":"follow","max-snippet":"max-snippet:-1","max-image-preview":"max-image-preview:large","max-video-preview":"max-video-preview:-1"},"canonical":"https:\/\/leocare.eu\/fr\/assurance-auto-en-ligne\/couverture\/garanties\/complementaires\/dommages-materiels\/animal-domestique\/","og_locale":"fr_FR","og_type":"article","og_title":"Que faire en cas d\u2019accident avec un animal domestique ?","og_description":"D\u00e9couvrez comment pr\u00e9venir les accidents domestiques impliquant des animaux. Agissez d\u00e8s maintenant pour la s\u00e9curit\u00e9 de vos animaux de compagnie !","og_url":"https:\/\/leocare.eu\/fr\/assurance-auto-en-ligne\/couverture\/garanties\/complementaires\/dommages-materiels\/animal-domestique\/","og_site_name":"Leocare, assurance en ligne automobile et habitation","article_modified_time":"2026-04-07T14:53:35+00:00","og_image":[{"width":1800,"height":1200,"url":"https:\/\/leocare.eu\/fr\/wp-content\/uploads\/2022\/12\/assurance-auto-animaux-domestiques.jpg","type":"image\/jpeg"}],"twitter_card":"summary_large_image","twitter_misc":{"Est. reading time":"7 minutes"},"schema":{"@context":"https:\/\/schema.org","@graph":[{"@type":"WebPage","@id":"https:\/\/leocare.eu\/fr\/assurance-auto-en-ligne\/couverture\/garanties\/complementaires\/dommages-materiels\/animal-domestique\/","url":"https:\/\/leocare.eu\/fr\/assurance-auto-en-ligne\/couverture\/garanties\/complementaires\/dommages-materiels\/animal-domestique\/","name":"Que faire en cas d\u2019accident avec un animal domestique ?","isPartOf":{"@id":"https:\/\/leocare.eu\/fr\/#website"},"primaryImageOfPage":{"@id":"https:\/\/leocare.eu\/fr\/assurance-auto-en-ligne\/couverture\/garanties\/complementaires\/dommages-materiels\/animal-domestique\/#primaryimage"},"image":{"@id":"https:\/\/leocare.eu\/fr\/assurance-auto-en-ligne\/couverture\/garanties\/complementaires\/dommages-materiels\/animal-domestique\/#primaryimage"},"thumbnailUrl":"https:\/\/leocare.eu\/fr\/wp-content\/uploads\/2022\/12\/assurance-auto-animaux-domestiques.jpg","datePublished":"2023-01-05T09:32:11+00:00","dateModified":"2026-04-07T14:53:35+00:00","description":"D\u00e9couvrez comment pr\u00e9venir les accidents domestiques impliquant des animaux. Agissez d\u00e8s maintenant pour la s\u00e9curit\u00e9 de vos animaux de compagnie !","breadcrumb":{"@id":"https:\/\/leocare.eu\/fr\/assurance-auto-en-ligne\/couverture\/garanties\/complementaires\/dommages-materiels\/animal-domestique\/#breadcrumb"},"inLanguage":"fr-FR","potentialAction":[{"@type":"ReadAction","target":["https:\/\/leocare.eu\/fr\/assurance-auto-en-ligne\/couverture\/garanties\/complementaires\/dommages-materiels\/animal-domestique\/"]}]},{"@type":"ImageObject","inLanguage":"fr-FR","@id":"https:\/\/leocare.eu\/fr\/assurance-auto-en-ligne\/couverture\/garanties\/complementaires\/dommages-materiels\/animal-domestique\/#primaryimage","url":"https:\/\/leocare.eu\/fr\/wp-content\/uploads\/2022\/12\/assurance-auto-animaux-domestiques.jpg","contentUrl":"https:\/\/leocare.eu\/fr\/wp-content\/uploads\/2022\/12\/assurance-auto-animaux-domestiques.jpg","width":1800,"height":1200,"caption":"Accident Auto Animaux Domestiques"},{"@type":"WebSite","@id":"https:\/\/leocare.eu\/fr\/#website","url":"https:\/\/leocare.eu\/fr\/","name":"Leocare, assurance en ligne automobile et habitation","description":"enfin (r)assur\u00e9.e","publisher":{"@id":"https:\/\/leocare.eu\/fr\/#organization"},"potentialAction":[{"@type":"SearchAction","target":{"@type":"EntryPoint","urlTemplate":"https:\/\/leocare.eu\/fr\/?s={search_term_string}"},"query-input":{"@type":"PropertyValueSpecification","valueRequired":true,"valueName":"search_term_string"}}],"inLanguage":"fr-FR"},{"@type":"Organization","@id":"https:\/\/leocare.eu\/fr\/#organization","name":"Leocare, assurance en ligne automobile et habitation","url":"https:\/\/leocare.eu\/fr\/","logo":{"@type":"ImageObject","inLanguage":"fr-FR","@id":"https:\/\/leocare.eu\/fr\/#\/schema\/logo\/image\/","url":"https:\/\/leocare.eu\/fr\/wp-content\/uploads\/2020\/03\/logo-leocare.svg","contentUrl":"https:\/\/leocare.eu\/fr\/wp-content\/uploads\/2020\/03\/logo-leocare.svg","caption":"Leocare, assurance en ligne automobile et habitation"},"image":{"@id":"https:\/\/leocare.eu\/fr\/#\/schema\/logo\/image\/"}}]}},"_links":{"self":[{"href":"https:\/\/leocare.eu\/fr\/wp-json\/wp\/v2\/pages\/11964","targetHints":{"allow":["GET"]}}],"collection":[{"href":"https:\/\/leocare.eu\/fr\/wp-json\/wp\/v2\/pages"}],"about":[{"href":"https:\/\/leocare.eu\/fr\/wp-json\/wp\/v2\/types\/page"}],"author":[{"embeddable":true,"href":"https:\/\/leocare.eu\/fr\/wp-json\/wp\/v2\/users\/34"}],"replies":[{"embeddable":true,"href":"https:\/\/leocare.eu\/fr\/wp-json\/wp\/v2\/comments?post=11964"}],"version-history":[{"count":17,"href":"https:\/\/leocare.eu\/fr\/wp-json\/wp\/v2\/pages\/11964\/revisions"}],"predecessor-version":[{"id":34370,"href":"https:\/\/leocare.eu\/fr\/wp-json\/wp\/v2\/pages\/11964\/revisions\/34370"}],"up":[{"embeddable":true,"href":"https:\/\/leocare.eu\/fr\/wp-json\/wp\/v2\/pages\/11672"}],"wp:featuredmedia":[{"embeddable":true,"href":"https:\/\/leocare.eu\/fr\/wp-json\/wp\/v2\/media\/9908"}],"wp:attachment":[{"href":"https:\/\/leocare.eu\/fr\/wp-json\/wp\/v2\/media?parent=11964"}],"curies":[{"name":"wp","href":"https:\/\/api.w.org\/{rel}","templated":true}]}}