{"id":11868,"date":"2023-01-04T17:28:05","date_gmt":"2023-01-04T16:28:05","guid":{"rendered":"https:\/\/leocare.eu\/fr\/?page_id=11868"},"modified":"2026-04-07T16:53:27","modified_gmt":"2026-04-07T14:53:27","slug":"bonus-malus","status":"publish","type":"page","link":"https:\/\/leocare.eu\/fr\/assurance-auto-en-ligne\/couverture\/garanties\/complementaires\/dommages-corporels\/conducteur-secondaire\/bonus-malus\/","title":{"rendered":"Bonus-malus : comment s\u2019applique-t-il au conducteur secondaire ?"},"content":{"rendered":"\n<p><strong>Bonus-malus, conducteur principal, secondaire et occasionnel\u2026 ces notions de votre contrat d\u2019assurance auto vous d\u00e9passent un peu\u00a0? Rassurez-vous, Leocare vous explique tout et vous dit comment ce syst\u00e8me peut \u00eatre avantageux.<\/strong><\/p>\n\n\n\n<h2 class=\"wp-block-heading\" id=\"ancre1\">Qu\u2019est-ce que le syst\u00e8me du bonus-malus ?<\/h2>\n\n\n\n<p>Le coefficient de r\u00e9duction-majoration, plus connu sous l\u2019appellation de bonus-malus, <strong>module la cotisation d\u2019assurance, \u00e0 la baisse ou \u00e0 la hausse, en fonction des accidents imputables au conducteur d\u00e9clar\u00e9s au cours d\u2019une p\u00e9riode donn\u00e9e.<\/strong> Concr\u00e8tement, ce syst\u00e8me est cens\u00e9 r\u00e9compenser les bons chauffeurs et p\u00e9naliser les mauvais ! Il permet \u00e0 un assur\u00e9, cumulant 13 ann\u00e9es de conduite sans sinistre responsable, de b\u00e9n\u00e9ficier d\u2019un bonus 50, <strong>c\u2019est-\u00e0-dire d\u2019une r\u00e9duction de 50 % de sa prime d\u2019assurance.<\/strong> Bien conduire vous prot\u00e8ge et vous rapporte !<\/p>\n\n\n\n<p>Le coefficient de r\u00e9duction-majoration ou CRM entre dans le\u00a0<strong><a href=\"https:\/\/leocare.eu\/fr\/assurance-auto-en-ligne\/devis\/tarifs\/simulation\/\">calcul du prix de l\u2019assurance voiture<\/a><\/strong>. Pour les\u00a0conducteurs\u00a0ayant cumul\u00e9 plusieurs\u00a0accidents responsables, la\u00a0compagnie\u00a0applique la\u00a0majoration CRM\u00a0qui entra\u00eene une augmentation de la\u00a0cotisation. <strong>Un bon\u00a0automobiliste\u00a0am\u00e9liore chaque ann\u00e9e son coefficient de bonus-malus.<\/strong> Il b\u00e9n\u00e9ficie ainsi d\u2019une r\u00e9duction de la prime annuelle.<\/p>\n\n\n\n<p>Au contraire, si le conducteur a eu quelques p\u00e9pins sur la route, le coefficient-bonus augmente.<strong> En France, <a href=\"https:\/\/leocare.eu\/fr\/assurance-auto-en-ligne\/couverture\/contrat\/releve-information\/malus\/bonus-maximum\/\">le bonus maximum d&rsquo;assurance auto<\/a> qu&rsquo;un conducteur peut avoir peut atteindre 3,5.<\/strong><\/p>\n\n\n\n<div class=\"bon-a-savoir\">\n\n\n\n<p>Attention<\/p>\n\n\n\n<p><strong>Le coefficient de r\u00e9duction-majoration est li\u00e9 au contrat de couverture auto, et non \u00e0 un conducteur en particulier.<\/strong> Vous pouvez b\u00e9n\u00e9ficier d\u2019un bonus sur un de vos contrats d\u2019assurance auto et d\u2019une majoration sur un autre. Lorsque votre contrat inclut plusieurs automobilistes, le coefficient de hausse ou de baisse se calcule sur les d\u00e9clarations de sinistre responsable de chacun d\u2019entre eux. Opter pour une\u00a0<strong><a href=\"https:\/\/leocare.eu\/fr\/assurance-auto-en-ligne\/couverture\/garanties\/complementaires\/dommages-corporels\/conducteur-secondaire\/\">assurance auto conducteur secondaire<\/a><\/strong>\u00a0est une option \u00e0 bien peser.<\/p>\n\n\n\n<\/div>\n\n\n\n<p>Certaines&nbsp;compagnies d\u2019assurance&nbsp;appliquent une majoration de la&nbsp;cotisation&nbsp;aux&nbsp;jeunes conducteurs&nbsp;et aux non-assur\u00e9s depuis plus de trois ans.&nbsp;<a href=\"https:\/\/leocare.eu\/fr\/assurance-auto-en-ligne\/devis\/tarifs\/surprime\/\"><strong>Il s\u2019agit de la surprime<\/strong><\/a>. Elle s\u2019ajoute au syst\u00e8me de majoration CRM et dure trois ans. Les bons&nbsp;conducteurs&nbsp;voient leur surprime diminuer chaque ann\u00e9e. Renseignez-vous aupr\u00e8s de plusieurs&nbsp;compagnies&nbsp;pour conna\u00eetre leur politique en mati\u00e8re de surprime.<\/p>\n\n\n\n<p>Il existe cependant une exception \u00e0 cette r\u00e8gle. C\u2019est le\u00a0<a href=\"https:\/\/leocare.eu\/fr\/assurance-auto-en-ligne\/couverture\/formules\/specifiques\/tout-conducteur\/vehicules-professionnels\/militaire\/\"><strong>cas des militaires<\/strong><\/a>. <strong>Ils b\u00e9n\u00e9ficient d\u2019une\u00a0assurance automobile\u00a0sp\u00e9cifique qui les prot\u00e8ge en cas d\u2019accident. <\/strong>Ils se voient exon\u00e9r\u00e9s par les\u00a0assurances\u00a0de la surprime appliqu\u00e9e aux\u00a0conducteurs\u00a0novices et ne r\u00e8glent qu\u2019un montant de\u00a0cotisation\u00a0standard.<\/p>\n\n\n\n<h2 class=\"wp-block-heading\" id=\"ancre2\">Comment fonctionne le bonus-malus pour un conducteur secondaire ?<\/h2>\n\n\n\n<p>La non-individualisation du coefficient de r\u00e9duction-majoration dans un contrat d\u2019assurance auto a des cons\u00e9quences \u00e0 ne pas n\u00e9gliger. <strong>Lorsqu\u2019un des automobilistes d\u00e9clar\u00e9s a un accident responsable, la correction du coefficient de r\u00e9duction-majoration du contrat s\u2019applique \u00e0 lui-m\u00eame comme \u00e0 tous les autres.<\/strong><\/p>\n\n\n\n<p>L\u2019ajout d\u2019un\u00a0deuxi\u00e8me conducteur\u00a0\u00e0 votre contrat d\u2019assurance automobile\u00a0permet de le prot\u00e9ger en cas de sinistre. Notez que les<strong><a href=\"https:\/\/leocare.eu\/fr\/assurance-auto-en-ligne\/couverture\/garanties\/complementaires\/dommages-corporels\/conducteur-secondaire\/\">\u00a0conducteurs secondaires<\/a><\/strong>\u00a0sont\u00a0des automobilistes comme les autres. Ils doivent respecter les r\u00e8gles du Code de la route, surtout lorsqu\u2019il s\u2019agit de\u00a0jeunes conducteurs. <strong>Aux yeux des\u00a0assurances, ces\u00a0conducteurs\u00a0ne doivent pas utiliser le v\u00e9hicule quotidiennement.<\/strong><\/p>\n\n\n\n<p>L\u2019inscription d\u2019un jeune conducteur en tant que conducteur secondaire sur le contrat d\u2019un de ses parents, bon conducteur,<strong> lui permet d\u2019accumuler de l\u2019exp\u00e9rience de conduite sans avoir \u00e0 payer de prime d\u2019assurance.<\/strong> Cela revient \u00e0 assurer deux chauffeurs sur une voiture avec le risque du bonus-malus, en cas d\u2019accident responsable.<\/p>\n\n\n\n<p>Inscrire un enfant sur\u00a0<a href=\"https:\/\/leocare.eu\/fr\/assurance-auto-en-ligne\/couverture\/formules\/specifiques\/tout-conducteur\/jeune-conducteur\/parents\/\"><strong>l\u2019assurance automobile des parents<\/strong><\/a>\u00a0reste une\u00a0op\u00e9ration financi\u00e8rement int\u00e9ressante, m\u00eame avec l\u2019augmentation de la prime annuelle. Contrairement \u00e0 un\u00a0conducteur occasionnel, il peut gagner en anciennet\u00e9 d\u2019assurance. <strong>L\u2019automobiliste novice pourra \u00e0 terme signer son propre contrat avec un montant de\u00a0cotisation\u00a0non major\u00e9.<\/strong> Cependant, si votre enfant a besoin d\u2019utiliser son v\u00e9hicule tous les jours, certaines\u00a0compagnies d\u2019assurance\u00a0proposent des contrats d\u00e9di\u00e9s aux\u00a0jeunes conducteurs. En cas d\u2019accidents, il sera le seul \u00e0 subir un\u00a0malus, comme la majorit\u00e9 des\u00a0conducteurs.<\/p>\n\n\n\n<h3 class=\"wp-block-heading\">Les avantages du bonus-malus<\/h3>\n\n\n\n<p>En l\u2019absence de sinistre responsable d\u00e9clar\u00e9,<strong> le conducteur secondaire et le conducteur principal accumulent du bonus.<\/strong><\/p>\n\n\n\n<p>C\u2019est id\u00e9al pour votre enfant ! Ainsi, lorsqu\u2019il contracte sa propre assurance auto, il peut b\u00e9n\u00e9ficier d\u2019un tarif plus avantageux. <strong>Il lui suffit de choisir un assureur, qui tient compte de son exp\u00e9rience de conduite, comme Leocare. <\/strong>Cette derni\u00e8re est attest\u00e9e via le relev\u00e9 d\u2019informations fourni par son ancien assureur. Oui, l\u2019exp\u00e9rience et la bonne conduite payent !<\/p>\n\n\n\n<p>Il est \u00e0 noter que pour les\u00a0jeunes conducteurs, il est pr\u00e9f\u00e9rable d\u2019<strong><a href=\"https:\/\/leocare.eu\/fr\/assurance-auto-en-ligne\/couverture\/formules\/specifiques\/tout-conducteur\/jeune-conducteur\/voitures-a-eviter\/\">\u00e9viter les voitures neuves et puissantes<\/a><\/strong>, en particulier lorsqu\u2019ils ont du malus. <strong>En effet, les\u00a0compagnies d\u2019assurance\u00a0consid\u00e8rent que, par manque d\u2019exp\u00e9rience, les\u00a0conducteurs\u00a0novices auront du mal \u00e0 ma\u00eetriser ce type de v\u00e9hicule. <\/strong>Par cons\u00e9quent, il repr\u00e9sente pour eux un risque accru d\u2019accident\u00a0que les\u00a0compagnies\u00a0peuvent r\u00e9percuter sur le montant de cotisation.<\/p>\n\n\n\n<h3 class=\"wp-block-heading\">Les inconv\u00e9nients du bonus-malus<\/h3>\n\n\n\n<p>Le conducteur secondaire est d\u00e9pendant du contrat souscrit par le conducteur principal, car les deux automobilistes sont assur\u00e9s sur la m\u00eame voiture. <strong>Il ne peut donc pas obtenir de garanties sp\u00e9cifiques. Plac\u00e9 sous la responsabilit\u00e9 du conducteur principal, <\/strong>le conducteur secondaire a le droit d\u2019utiliser r\u00e9guli\u00e8rement le v\u00e9hicule assur\u00e9, mais en aucun cas quotidiennement. S\u2019il \u00e9tait amen\u00e9 \u00e0 le faire, l\u2019assureur peut consid\u00e9rer cela comme une fraude et ne pas couvrir le sinistre d\u00e9clar\u00e9.<\/p>\n\n\n\n<p>Le conducteur principal, bien qu\u2019excellent conducteur, <strong>peut \u00eatre maluss\u00e9 du fait d\u2019un ou plusieurs sinistres responsables caus\u00e9s par le conducteur secondaire.<\/strong><\/p>\n\n\n\n<div class=\"bon-a-savoir\">\n\n\n\n<p>Bon \u00e0 savoir : Le relev\u00e9 d\u2019informations<\/p>\n\n\n\n<p><em>Un assureur analyse le profil d\u2019un conducteur gr\u00e2ce \u00e0 un relev\u00e9 d\u2019informations fourni par son ancien assureur. Ce document mentionne les ant\u00e9c\u00e9dents de conduite qui lui permettent de d\u00e9finir le coefficient de r\u00e9duction-majoration de d\u00e9part appliqu\u00e9 \u00e0 sa proposition d\u2019assurance auto.<\/em><\/p>\n\n\n\n<\/div>\n\n\n\n<h2 class=\"wp-block-heading\" id=\"ancre3\">Quelle est la diff\u00e9rence entre conducteur secondaire et occasionnel ?<\/h2>\n\n\n\n<p>Conducteur secondaire et conducteur occasionnel ne peuvent pas conduire quotidiennement le v\u00e9hicule assur\u00e9. Par ailleurs, du point de vue de l\u2019assureur, leur statut est tr\u00e8s diff\u00e9rent.<strong> Le conducteur secondaire est identifi\u00e9 comme tel et inscrit au contrat d\u2019assurance comme un utilisateur r\u00e9gulier du v\u00e9hicule. <\/strong>Le conducteur inhabituel est une personne autoris\u00e9e par le conducteur principal, \u00e0 utiliser le v\u00e9hicule dans le cadre d\u2019un pr\u00eat. Cette utilisation est exceptionnelle et toujours de courte dur\u00e9e. Non inscrit au contrat d\u2019assurance, le conducteur occasionnel n\u2019est pas concern\u00e9 par le coefficient de r\u00e9duction-majoration.<\/p>\n\n\n\n<p>Vous avez besoin d\u2019<strong><a href=\"https:\/\/leocare.eu\/fr\/assurance-auto-en-ligne\/couverture\/garanties\/complementaires\/dommages-corporels\/conducteur-secondaire\/multiconducteurs\/\">assurer votre v\u00e9hicule pour plusieurs conducteurs<\/a><\/strong>\u00a0? <strong>Selon les\u00a0compagnies d\u2019assurance, cette op\u00e9ration entra\u00eene peu d\u2019impact sur le montant de votre\u00a0assurance automobile. <\/strong>Cependant, les profils comme les\u00a0jeunes conducteurs\u00a0ou les\u00a0conducteurs\u00a0ayant cumul\u00e9 un important\u00a0malus\u00a0risquent d\u2019alourdir le montant de cotisation. Ce n\u2019est pas une raison pour faire l\u2019impasse sur l\u2019assurance des\u00a0conducteurs secondaires\u00a0ou du\u00a0conducteur occasionnel.<\/p>\n\n\n\n<p><strong>L\u2019ajout d\u2019un conducteur secondaire \u00e0 votre contrat de couverture auto est id\u00e9al,<\/strong> d\u00e8s lors qu\u2019il ne conduit pas quotidiennement. Cette solution lui permet de profiter de vos garanties, sans avoir \u00e0 les payer, et d\u2019accumuler de l\u2019exp\u00e9rience de conduite.<\/p>\n","protected":false},"excerpt":{"rendered":"<p>Bonus-malus, conducteur principal, secondaire et occasionnel\u2026 ces notions de votre contrat d\u2019assurance auto vous d\u00e9passent un peu\u00a0? Rassurez-vous, Leocare vous explique tout et vous dit comment ce syst\u00e8me peut \u00eatre avantageux. Qu\u2019est-ce que le syst\u00e8me du bonus-malus ? Le coefficient de r\u00e9duction-majoration, plus connu sous l\u2019appellation de bonus-malus, module la cotisation d\u2019assurance, \u00e0 la baisse [&hellip;]<\/p>\n","protected":false},"author":34,"featured_media":9898,"parent":11854,"menu_order":0,"comment_status":"closed","ping_status":"closed","template":"template_seo.php","meta":{"_acf_changed":false,"footnotes":""},"class_list":["post-11868","page","type-page","status-publish","has-post-thumbnail","hentry"],"acf":[],"yoast_head":"<!-- This site is optimized with the Yoast SEO plugin v27.3 - https:\/\/yoast.com\/product\/yoast-seo-wordpress\/ -->\n<title>Bonus-malus : comment s\u2019applique-t-il au conducteur secondaire ?<\/title>\n<meta name=\"description\" content=\"D\u00e9couvrez comment le syst\u00e8me de bonus-malus affecte les conducteurs secondaires. Optimisez votre assurance avec nos conseils. En savoir plus !\" \/>\n<meta name=\"robots\" content=\"index, follow, max-snippet:-1, max-image-preview:large, max-video-preview:-1\" \/>\n<link rel=\"canonical\" href=\"https:\/\/leocare.eu\/fr\/assurance-auto-en-ligne\/couverture\/garanties\/complementaires\/dommages-corporels\/conducteur-secondaire\/bonus-malus\/\" \/>\n<meta property=\"og:locale\" content=\"fr_FR\" \/>\n<meta property=\"og:type\" content=\"article\" \/>\n<meta property=\"og:title\" content=\"Bonus-malus : comment s\u2019applique-t-il au conducteur secondaire ?\" \/>\n<meta property=\"og:description\" content=\"D\u00e9couvrez comment le syst\u00e8me de bonus-malus affecte les conducteurs secondaires. Optimisez votre assurance avec nos conseils. En savoir plus !\" \/>\n<meta property=\"og:url\" content=\"https:\/\/leocare.eu\/fr\/assurance-auto-en-ligne\/couverture\/garanties\/complementaires\/dommages-corporels\/conducteur-secondaire\/bonus-malus\/\" \/>\n<meta property=\"og:site_name\" content=\"Leocare, assurance en ligne automobile et habitation\" \/>\n<meta property=\"article:modified_time\" content=\"2026-04-07T14:53:27+00:00\" \/>\n<meta property=\"og:image\" content=\"https:\/\/leocare.eu\/fr\/wp-content\/uploads\/2022\/12\/conducteur-secondaire-bonus.jpg\" \/>\n\t<meta property=\"og:image:width\" content=\"1800\" \/>\n\t<meta property=\"og:image:height\" content=\"1200\" \/>\n\t<meta property=\"og:image:type\" content=\"image\/jpeg\" \/>\n<meta name=\"twitter:card\" content=\"summary_large_image\" \/>\n<meta name=\"twitter:label1\" content=\"Dur\u00e9e de lecture estim\u00e9e\" \/>\n\t<meta name=\"twitter:data1\" content=\"6 minutes\" \/>\n<!-- \/ Yoast SEO plugin. -->","yoast_head_json":{"title":"Bonus-malus : comment s\u2019applique-t-il au conducteur secondaire ?","description":"D\u00e9couvrez comment le syst\u00e8me de bonus-malus affecte les conducteurs secondaires. Optimisez votre assurance avec nos conseils. En savoir plus !","robots":{"index":"index","follow":"follow","max-snippet":"max-snippet:-1","max-image-preview":"max-image-preview:large","max-video-preview":"max-video-preview:-1"},"canonical":"https:\/\/leocare.eu\/fr\/assurance-auto-en-ligne\/couverture\/garanties\/complementaires\/dommages-corporels\/conducteur-secondaire\/bonus-malus\/","og_locale":"fr_FR","og_type":"article","og_title":"Bonus-malus : comment s\u2019applique-t-il au conducteur secondaire ?","og_description":"D\u00e9couvrez comment le syst\u00e8me de bonus-malus affecte les conducteurs secondaires. Optimisez votre assurance avec nos conseils. En savoir plus !","og_url":"https:\/\/leocare.eu\/fr\/assurance-auto-en-ligne\/couverture\/garanties\/complementaires\/dommages-corporels\/conducteur-secondaire\/bonus-malus\/","og_site_name":"Leocare, assurance en ligne automobile et habitation","article_modified_time":"2026-04-07T14:53:27+00:00","og_image":[{"width":1800,"height":1200,"url":"https:\/\/leocare.eu\/fr\/wp-content\/uploads\/2022\/12\/conducteur-secondaire-bonus.jpg","type":"image\/jpeg"}],"twitter_card":"summary_large_image","twitter_misc":{"Dur\u00e9e de lecture estim\u00e9e":"6 minutes"},"schema":{"@context":"https:\/\/schema.org","@graph":[{"@type":"WebPage","@id":"https:\/\/leocare.eu\/fr\/assurance-auto-en-ligne\/couverture\/garanties\/complementaires\/dommages-corporels\/conducteur-secondaire\/bonus-malus\/","url":"https:\/\/leocare.eu\/fr\/assurance-auto-en-ligne\/couverture\/garanties\/complementaires\/dommages-corporels\/conducteur-secondaire\/bonus-malus\/","name":"Bonus-malus : comment s\u2019applique-t-il au conducteur secondaire ?","isPartOf":{"@id":"https:\/\/leocare.eu\/fr\/#website"},"primaryImageOfPage":{"@id":"https:\/\/leocare.eu\/fr\/assurance-auto-en-ligne\/couverture\/garanties\/complementaires\/dommages-corporels\/conducteur-secondaire\/bonus-malus\/#primaryimage"},"image":{"@id":"https:\/\/leocare.eu\/fr\/assurance-auto-en-ligne\/couverture\/garanties\/complementaires\/dommages-corporels\/conducteur-secondaire\/bonus-malus\/#primaryimage"},"thumbnailUrl":"https:\/\/leocare.eu\/fr\/wp-content\/uploads\/2022\/12\/conducteur-secondaire-bonus.jpg","datePublished":"2023-01-04T16:28:05+00:00","dateModified":"2026-04-07T14:53:27+00:00","description":"D\u00e9couvrez comment le syst\u00e8me de bonus-malus affecte les conducteurs secondaires. Optimisez votre assurance avec nos conseils. En savoir plus !","breadcrumb":{"@id":"https:\/\/leocare.eu\/fr\/assurance-auto-en-ligne\/couverture\/garanties\/complementaires\/dommages-corporels\/conducteur-secondaire\/bonus-malus\/#breadcrumb"},"inLanguage":"fr-FR","potentialAction":[{"@type":"ReadAction","target":["https:\/\/leocare.eu\/fr\/assurance-auto-en-ligne\/couverture\/garanties\/complementaires\/dommages-corporels\/conducteur-secondaire\/bonus-malus\/"]}]},{"@type":"ImageObject","inLanguage":"fr-FR","@id":"https:\/\/leocare.eu\/fr\/assurance-auto-en-ligne\/couverture\/garanties\/complementaires\/dommages-corporels\/conducteur-secondaire\/bonus-malus\/#primaryimage","url":"https:\/\/leocare.eu\/fr\/wp-content\/uploads\/2022\/12\/conducteur-secondaire-bonus.jpg","contentUrl":"https:\/\/leocare.eu\/fr\/wp-content\/uploads\/2022\/12\/conducteur-secondaire-bonus.jpg","width":1800,"height":1200,"caption":"Bonus Conducteur Secondaire"},{"@type":"WebSite","@id":"https:\/\/leocare.eu\/fr\/#website","url":"https:\/\/leocare.eu\/fr\/","name":"Leocare, assurance en ligne automobile et habitation","description":"enfin (r)assur\u00e9.e","publisher":{"@id":"https:\/\/leocare.eu\/fr\/#organization"},"potentialAction":[{"@type":"SearchAction","target":{"@type":"EntryPoint","urlTemplate":"https:\/\/leocare.eu\/fr\/?s={search_term_string}"},"query-input":{"@type":"PropertyValueSpecification","valueRequired":true,"valueName":"search_term_string"}}],"inLanguage":"fr-FR"},{"@type":"Organization","@id":"https:\/\/leocare.eu\/fr\/#organization","name":"Leocare, assurance en ligne automobile et habitation","url":"https:\/\/leocare.eu\/fr\/","logo":{"@type":"ImageObject","inLanguage":"fr-FR","@id":"https:\/\/leocare.eu\/fr\/#\/schema\/logo\/image\/","url":"https:\/\/leocare.eu\/fr\/wp-content\/uploads\/2020\/03\/logo-leocare.svg","contentUrl":"https:\/\/leocare.eu\/fr\/wp-content\/uploads\/2020\/03\/logo-leocare.svg","caption":"Leocare, assurance en ligne automobile et habitation"},"image":{"@id":"https:\/\/leocare.eu\/fr\/#\/schema\/logo\/image\/"}}]}},"_links":{"self":[{"href":"https:\/\/leocare.eu\/fr\/wp-json\/wp\/v2\/pages\/11868","targetHints":{"allow":["GET"]}}],"collection":[{"href":"https:\/\/leocare.eu\/fr\/wp-json\/wp\/v2\/pages"}],"about":[{"href":"https:\/\/leocare.eu\/fr\/wp-json\/wp\/v2\/types\/page"}],"author":[{"embeddable":true,"href":"https:\/\/leocare.eu\/fr\/wp-json\/wp\/v2\/users\/34"}],"replies":[{"embeddable":true,"href":"https:\/\/leocare.eu\/fr\/wp-json\/wp\/v2\/comments?post=11868"}],"version-history":[{"count":11,"href":"https:\/\/leocare.eu\/fr\/wp-json\/wp\/v2\/pages\/11868\/revisions"}],"predecessor-version":[{"id":36312,"href":"https:\/\/leocare.eu\/fr\/wp-json\/wp\/v2\/pages\/11868\/revisions\/36312"}],"up":[{"embeddable":true,"href":"https:\/\/leocare.eu\/fr\/wp-json\/wp\/v2\/pages\/11854"}],"wp:featuredmedia":[{"embeddable":true,"href":"https:\/\/leocare.eu\/fr\/wp-json\/wp\/v2\/media\/9898"}],"wp:attachment":[{"href":"https:\/\/leocare.eu\/fr\/wp-json\/wp\/v2\/media?parent=11868"}],"curies":[{"name":"wp","href":"https:\/\/api.w.org\/{rel}","templated":true}]}}