{"id":11854,"date":"2023-01-04T17:19:20","date_gmt":"2023-01-04T16:19:20","guid":{"rendered":"https:\/\/leocare.eu\/fr\/?page_id=11854"},"modified":"2026-04-07T16:35:11","modified_gmt":"2026-04-07T14:35:11","slug":"conducteur-secondaire","status":"publish","type":"page","link":"https:\/\/leocare.eu\/fr\/assurance-auto-en-ligne\/couverture\/garanties\/complementaires\/dommages-corporels\/conducteur-secondaire\/","title":{"rendered":"Conducteur secondaire et assurance auto : comment \u00e7a fonctionne ?"},"content":{"rendered":"\n<p><strong>La notion de conducteur secondaire vous int\u00e9resse, pour vous-m\u00eame ou pour un proche, mais vous ne savez pas vraiment comment cela fonctionne. Pas de soucis : comme toujours, Leocare vous dit tout ce qu\u2019il faut savoir pour modifier ou souscrire votre contrat d\u2019assurance auto en toute tranquillit\u00e9 !<\/strong><\/p>\n\n\n\n<h2 class=\"wp-block-heading\" id=\"section-1-quest-ce-quun-conducteur-secondaire-\"><strong>Qu\u2019est-ce qu\u2019un conducteur secondaire ?<\/strong><\/h2>\n\n\n\n<p>Le conducteur secondaire est une personne ajout\u00e9e en tant que telle par le conducteur principal sur son contrat automobile. Cette personne est donc habilit\u00e9e \u00e0 conduire le v\u00e9hicule assur\u00e9 et b\u00e9n\u00e9ficie de toutes les garanties pr\u00e9vues par ce dernier.<\/p>\n\n\n\n<h3 class=\"wp-block-heading\"><strong>Obligation de moins conduire que le conducteur principal<\/strong><\/h3>\n\n\n\n<p>S\u2019il est autoris\u00e9 \u00e0 conduire r\u00e9guli\u00e8rement le v\u00e9hicule assur\u00e9, le second conducteur ne peut en aucun cas le faire quotidiennement. Celui-ci ne peut de ce fait pas l\u2019utiliser pour se rendre tous les jours sur son lieu d\u2019\u00e9tude ou de travail. S\u2019il le faisait et que cela venait \u00e0 \u00eatre d\u00e9montr\u00e9, l\u2019assureur consid\u00e9rerait cette entorse \u00e0 la r\u00e8gle comme une fraude \u00e0 l\u2019assurance. En cas de sinistre responsable, il est fort probable qu\u2019il refuserait la prise en charge et porterait l\u2019affaire devant un tribunal. Le contrevenant s\u2019exposerait alors \u00e0 une amende de 375 000 \u20ac (pouvant aller dans certains cas jusqu\u2019\u00e0 1 875 000 \u20ac) et 5 ans de prison \ud83d\udc6e.<\/p>\n\n\n\n<h3 class=\"wp-block-heading\"><strong>Un automobiliste comme un autre<\/strong><\/h3>\n\n\n\n<p>Titulaire du permis de conduire et b\u00e9n\u00e9ficiaire de toutes les garanties pr\u00e9vues au contrat du conducteur principal, le second conducteur est un automobiliste \u00e0 part enti\u00e8re. Il est notamment prot\u00e9g\u00e9, par la responsabilit\u00e9 civile automobile, des cons\u00e9quences financi\u00e8res des&nbsp;<strong><a href=\"https:\/\/leocare.eu\/fr\/assurance-auto-en-ligne\/couverture\/garanties\/complementaires\/dommages-corporels\/\">dommages corporels<\/a><\/strong>&nbsp;et mat\u00e9riels r\u00e9sultant d\u2019un accident de voiture fautif.<\/p>\n\n\n\n<p>Avant de d\u00e9marrer, il doit s\u2019assurer d\u2019\u00eatre en possession de la carte grise, de son permis de conduire et de sa carte verte. Sur la route, il respecte, bien \u00e9videmment, toutes les r\u00e8gles du Code de la route et, notamment, celles sp\u00e9cifiques aux&nbsp;<strong>jeunes conducteurs<\/strong>&nbsp;s\u2019il appartient \u00e0 cette cat\u00e9gorie.<\/p>\n\n\n\n<h2 class=\"wp-block-heading\" id=\"section-2-quelle-est-la-responsabilit-du-conducteur-secondaire-\"><strong>Quelle est la responsabilit\u00e9 du conducteur secondaire ?<\/strong><\/h2>\n\n\n\n<p>Si les responsabilit\u00e9s du second conducteur sont identiques \u00e0 celles de tout automobiliste sur la route, elles sont inexistantes en termes de gestion du contrat d\u2019assurance auto.<\/p>\n\n\n\n<h3 class=\"wp-block-heading\"><strong>Paiement de la prime d\u2019assurance auto<\/strong><\/h3>\n\n\n\n<p>Le second conducteur n\u2019est pas le titulaire du contrat d\u2019assurance, il ne paie donc pas la cotisation du contrat d\u2019assurance auto \ud83d\ude0a.<\/p>\n\n\n\n<p>Vous cherchez une alternative \u00e0 l\u2019ajout d\u2019un conducteur occasionnel \u00e0 votre&nbsp;assurance automobile, qu\u2019elle soit une assurance au tiers ou tous risques ? Une&nbsp;<strong><a href=\"https:\/\/leocare.eu\/fr\/assurance-auto-en-ligne\/couverture\/formules\/specifiques\/au-km\/auto-connectee\/\">assurance auto connect\u00e9e<\/a><\/strong>&nbsp;pourrait vous convenir. Gr\u00e2ce \u00e0 un bo\u00eetier \u00e9lectronique install\u00e9 sur votre v\u00e9hicule, votre&nbsp;compagnie&nbsp;peut ajuster la&nbsp;cotisation&nbsp;en fonction de la qualit\u00e9 de votre conduite. Ce dispositif est particuli\u00e8rement avantageux pour les&nbsp;jeunes conducteurs&nbsp;ou les&nbsp;conducteurs&nbsp;au comportement irr\u00e9prochable au volant. Dans tous les cas, comparez les diff\u00e9rents contrats avant d\u2019arr\u00eater votre choix gr\u00e2ce au comparateur d\u2019assurances.<\/p>\n\n\n\n<h3 class=\"wp-block-heading\"><strong>En cas d\u2019accident<\/strong><\/h3>\n\n\n\n<p>La d\u00e9claration d\u2019un accident de voiture, m\u00eame impliquant le second conducteur, demeure la responsabilit\u00e9 du conducteur principal \ud83d\udcf1.<\/p>\n\n\n\n<p>Apr\u00e8s l\u2019accident, que vous soyez deuxi\u00e8me conducteur ou conducteur principal, il est indispensable de&nbsp;<strong><a href=\"https:\/\/leocare.eu\/fr\/assurance-auto-en-ligne\/sinistre\/declaration\/accident\/constat-amiable\/\">remplir le constat amiable<\/a><\/strong>&nbsp;que la&nbsp;compagnie d\u2019assurance&nbsp;met \u00e0 votre disposition. Il permet, lorsque le sinistre concerne plusieurs&nbsp;conducteurs, de signaler les&nbsp;dommages&nbsp;subis par chacun. Envoyez-le ensuite \u00e0 la&nbsp;compagnie&nbsp;pour l\u2019ouverture de votre demande d\u2019indemnisation.<\/p>\n\n\n\n<p>L\u2019indemnisation&nbsp;per\u00e7ue apr\u00e8s un&nbsp;accident&nbsp;est destin\u00e9e \u00e0 couvrir les&nbsp;dommages&nbsp;mat\u00e9riels ou autres dommages subis lors du sinistre. Son&nbsp;<strong><a href=\"https:\/\/leocare.eu\/fr\/assurance-auto-en-ligne\/sinistre\/indemnisation\/convention-irsa\/\">montant d\u00e9pend de l\u2019IRSA<\/a><\/strong>, une convention sign\u00e9e entre&nbsp;assurances. Cependant, si celui-ci ne vous convient pas, vous pouvez le faire savoir aupr\u00e8s de votre&nbsp;compagnie d\u2019assurance.<\/p>\n\n\n\n<h2 class=\"wp-block-heading\" id=\"section-3-quel-bonus-malus-pour-le-conducteur-secondaire-\"><strong>Quel bonus-malus pour le conducteur secondaire ?<\/strong><\/h2>\n\n\n\n<p>Le&nbsp;<strong><a href=\"https:\/\/leocare.eu\/fr\/assurance-auto-en-ligne\/couverture\/garanties\/complementaires\/dommages-corporels\/conducteur-secondaire\/bonus-malus\/\">syst\u00e8me du bonus-malus<\/a><\/strong>&nbsp;du second conducteur, officiellement d\u00e9nomm\u00e9 Coefficient de R\u00e9duction-Majoration (CRM) est li\u00e9 au contrat d\u2019assurance auto et non \u00e0 un conducteur sp\u00e9cifique. Ainsi, le second conducteur et le conducteur principal contribuent tous deux au calcul du bonus-malus de leur contrat d\u2019assurance auto.<\/p>\n\n\n\n<p>Dans le cadre d\u2019une&nbsp;<strong><a href=\"https:\/\/leocare.eu\/fr\/assurance-auto-en-ligne\/couverture\/formules\/specifiques\/tout-conducteur\/\">assurance tout conducteur<\/a><\/strong>, le&nbsp;conducteur occasionnel&nbsp;est nomm\u00e9 dans le contrat. Ce dispositif prot\u00e8ge les&nbsp;conducteurs&nbsp;en cas d\u2019accident&nbsp;et g\u00e9n\u00e8re peu d\u2019impact sur votre&nbsp;prime d\u2019assurance. Cependant, si vous int\u00e9grez de&nbsp;jeunes conducteurs&nbsp;dans votre&nbsp;assurance automobile&nbsp;tout conducteur, son prix risque d\u2019\u00eatre major\u00e9 par votre&nbsp;compagnie.<\/p>\n\n\n\n<h2 class=\"wp-block-heading\" id=\"section-4-conducteur-secondaire-une-excellente-solution-pour-un-jeune-\"><strong>Conducteur secondaire, une excellente solution pour un jeune ?<\/strong><\/h2>\n\n\n\n<p>L\u2019inscription en tant que second conducteur d\u2019un jeune conducteur sur le contrat d\u2019assurance auto d\u2019un de ses parents ou de son conjoint est une solution \u00e0 envisager, s\u2019il n\u2019a pas \u00e0 conduire quotidiennement \ud83d\udc65.<\/p>\n\n\n\n<p><strong><a href=\"https:\/\/leocare.eu\/fr\/assurance-auto-en-ligne\/couverture\/garanties\/complementaires\/dommages-corporels\/conducteur-secondaire\/multiconducteurs\/\">L\u2019assurance auto multiconducteurs&nbsp;<\/a><\/strong>\u00e9vite au jeune conducteur la souscription d\u2019un contrat \u00e0 son nom et le paiement de la surprime li\u00e9e \u00e0 son inexp\u00e9rience. En tant que second conducteur, il peut prendre le volant r\u00e9guli\u00e8rement et acqu\u00e9rir de l\u2019exp\u00e9rience. Cette derni\u00e8re lui permet, le jour venu, de souscrire un contrat \u00e0 son nom \u00e0 tarif plus avantageux. De nombreux assureurs tiennent en effet compte des ann\u00e9es de conduite effectu\u00e9es en tant que second conducteur. Attest\u00e9s par le relev\u00e9 d\u2019information fourni par l\u2019ancien assureur, ils convertissent tout ou partie de ces ann\u00e9es de conduite en bonus.<\/p>\n\n\n\n<p>En cas d\u2019accident, les&nbsp;dommages&nbsp;risquent de co\u00fbter cher \u00e0 la compagnie. Par cons\u00e9quent, les&nbsp;jeunes conducteurs&nbsp;doivent&nbsp;<strong><a href=\"https:\/\/leocare.eu\/fr\/assurance-auto-en-ligne\/couverture\/formules\/specifiques\/tout-conducteur\/jeune-conducteur\/voitures-a-eviter\/\">\u00e9viter de conduire des voitures puissantes&nbsp;<\/a><\/strong>s\u2019ils veulent b\u00e9n\u00e9ficier d\u2019un prix d\u2019assurance raisonnable.<\/p>\n\n\n\n<p>Prenons l\u2019exemple du&nbsp;<strong><a href=\"https:\/\/leocare.eu\/fr\/assurance-auto-en-ligne\/renault\/clio-4\/\">prix de l\u2019assurance Renault Clio 4<\/a><\/strong>. Il d\u00e9marre \u00e0 <span class=\"change-price\">593<\/span> euros par an pour les&nbsp;jeunes conducteurs. Dans le cas d\u2019une Audi A3 Sportback, la&nbsp;prime d\u2019assurance&nbsp;moyenne propos\u00e9e par les&nbsp;assurances&nbsp;aux&nbsp;conducteurs&nbsp;novices d\u00e9marre \u00e0 <span class=\"change-price\">1 712<\/span> euros par an. Vous l\u2019avez bien constat\u00e9 : le type de voiture influe sur le montant de cotisation d\u2019une&nbsp;assurance automobile&nbsp;pour jeunes.<\/p>\n\n\n\n<p>Vous pensez int\u00e9grer des conducteurs secondaires dans votre contrat d\u2019assurance ? Votre&nbsp;cotisation&nbsp;peut \u00eatre major\u00e9e si l\u2019un d\u2019eux fait partie des&nbsp;conducteurs&nbsp;\u00e0 risque comme c\u2019est le cas des&nbsp;jeunes conducteurs. Mais cela permet \u00e0 ce&nbsp;conducteur secondaire&nbsp;d\u2019\u00e9viter de&nbsp;<strong><a href=\"https:\/\/leocare.eu\/fr\/blog\/surprime-jeunes-conducteurs-assurance\/\">payer la surprime<\/a><\/strong>&nbsp;tout en \u00e9tant couvert en cas d\u2019accident.<\/p>\n\n\n\n<div class=\"bon-a-savoir\">\n\n\n\n<p>Bon \u00e0 savoir : la surprime des jeunes conducteurs<\/p>\n\n\n\n<p>Les assureurs appliquent une surprime aux jeunes conducteurs durant leurs 3 premi\u00e8res ann\u00e9es de conduite. Le montant initial de cette surprime ne peut d\u00e9passer 100 % de la prime de r\u00e9f\u00e9rence. Sans sinistre responsable, elle diminue de moiti\u00e9 chaque ann\u00e9e.<\/p>\n\n\n\n<\/div>\n\n\n\n<p>Vous l\u2019avez compris, le statut de second conducteur n\u2019a qu\u2019un seul inconv\u00e9nient : il ne peut conduire quotidiennement le v\u00e9hicule assur\u00e9. En dehors de cet inconv\u00e9nient, il offre une solution parfaite pour b\u00e9n\u00e9ficier des garanties accord\u00e9es au conducteur principal. Attention toutefois ! Gardez en t\u00eate qu\u2019en cas de sinistre responsable du second conducteur, le conducteur principal est, lui aussi, maluss\u00e9 !<\/p>\n","protected":false},"excerpt":{"rendered":"<p>Qu\u2019est-ce qu\u2019un conducteur secondaire ? Le conducteur secondaire est une personne ajout\u00e9e en tant que telle par le conducteur principal sur son contrat automobile. Cette personne est donc habilit\u00e9e \u00e0 conduire le v\u00e9hicule assur\u00e9 et b\u00e9n\u00e9ficie de toutes les garanties pr\u00e9vues par ce dernier. Obligation de moins conduire que le conducteur principal S\u2019il est autoris\u00e9 [&hellip;]<\/p>\n","protected":false},"author":34,"featured_media":9912,"parent":11599,"menu_order":0,"comment_status":"closed","ping_status":"closed","template":"template_seo.php","meta":{"_acf_changed":false,"footnotes":""},"class_list":["post-11854","page","type-page","status-publish","has-post-thumbnail","hentry"],"acf":[],"yoast_head":"<!-- This site is optimized with the Yoast SEO plugin v27.3 - https:\/\/yoast.com\/product\/yoast-seo-wordpress\/ -->\n<title>Conducteur secondaire et assurance auto : comment \u00e7a fonctionne ?<\/title>\n<meta name=\"description\" content=\"D\u00e9couvrez comment le statut de conducteur secondaire influence votre assurance auto. Apprenez \u00e0 ma\u00eetriser cette notion pour une couverture optimale. Cliquez pour en savoir plus.\" \/>\n<meta name=\"robots\" content=\"index, follow, max-snippet:-1, max-image-preview:large, max-video-preview:-1\" \/>\n<link rel=\"canonical\" href=\"https:\/\/leocare.eu\/fr\/assurance-auto-en-ligne\/couverture\/garanties\/complementaires\/dommages-corporels\/conducteur-secondaire\/\" \/>\n<meta property=\"og:locale\" content=\"fr_FR\" \/>\n<meta property=\"og:type\" content=\"article\" \/>\n<meta property=\"og:title\" content=\"Conducteur secondaire et assurance auto : comment \u00e7a fonctionne ?\" \/>\n<meta property=\"og:description\" content=\"D\u00e9couvrez comment le statut de conducteur secondaire influence votre assurance auto. Apprenez \u00e0 ma\u00eetriser cette notion pour une couverture optimale. Cliquez pour en savoir plus.\" \/>\n<meta property=\"og:url\" content=\"https:\/\/leocare.eu\/fr\/assurance-auto-en-ligne\/couverture\/garanties\/complementaires\/dommages-corporels\/conducteur-secondaire\/\" \/>\n<meta property=\"og:site_name\" content=\"Leocare, assurance en ligne automobile et habitation\" \/>\n<meta property=\"article:modified_time\" content=\"2026-04-07T14:35:11+00:00\" \/>\n<meta property=\"og:image\" content=\"https:\/\/leocare.eu\/fr\/wp-content\/uploads\/2022\/12\/assurance-conducteur-secondaire.jpg\" \/>\n\t<meta property=\"og:image:width\" content=\"1800\" \/>\n\t<meta property=\"og:image:height\" content=\"1200\" \/>\n\t<meta property=\"og:image:type\" content=\"image\/jpeg\" \/>\n<meta name=\"twitter:card\" content=\"summary_large_image\" \/>\n<meta name=\"twitter:label1\" content=\"Est. reading time\" \/>\n\t<meta name=\"twitter:data1\" content=\"6 minutes\" \/>\n<!-- \/ Yoast SEO plugin. -->","yoast_head_json":{"title":"Conducteur secondaire et assurance auto : comment \u00e7a fonctionne ?","description":"D\u00e9couvrez comment le statut de conducteur secondaire influence votre assurance auto. Apprenez \u00e0 ma\u00eetriser cette notion pour une couverture optimale. Cliquez pour en savoir plus.","robots":{"index":"index","follow":"follow","max-snippet":"max-snippet:-1","max-image-preview":"max-image-preview:large","max-video-preview":"max-video-preview:-1"},"canonical":"https:\/\/leocare.eu\/fr\/assurance-auto-en-ligne\/couverture\/garanties\/complementaires\/dommages-corporels\/conducteur-secondaire\/","og_locale":"fr_FR","og_type":"article","og_title":"Conducteur secondaire et assurance auto : comment \u00e7a fonctionne ?","og_description":"D\u00e9couvrez comment le statut de conducteur secondaire influence votre assurance auto. Apprenez \u00e0 ma\u00eetriser cette notion pour une couverture optimale. Cliquez pour en savoir plus.","og_url":"https:\/\/leocare.eu\/fr\/assurance-auto-en-ligne\/couverture\/garanties\/complementaires\/dommages-corporels\/conducteur-secondaire\/","og_site_name":"Leocare, assurance en ligne automobile et habitation","article_modified_time":"2026-04-07T14:35:11+00:00","og_image":[{"width":1800,"height":1200,"url":"https:\/\/leocare.eu\/fr\/wp-content\/uploads\/2022\/12\/assurance-conducteur-secondaire.jpg","type":"image\/jpeg"}],"twitter_card":"summary_large_image","twitter_misc":{"Est. reading time":"6 minutes"},"schema":{"@context":"https:\/\/schema.org","@graph":[{"@type":"WebPage","@id":"https:\/\/leocare.eu\/fr\/assurance-auto-en-ligne\/couverture\/garanties\/complementaires\/dommages-corporels\/conducteur-secondaire\/","url":"https:\/\/leocare.eu\/fr\/assurance-auto-en-ligne\/couverture\/garanties\/complementaires\/dommages-corporels\/conducteur-secondaire\/","name":"Conducteur secondaire et assurance auto : comment \u00e7a fonctionne ?","isPartOf":{"@id":"https:\/\/leocare.eu\/fr\/#website"},"primaryImageOfPage":{"@id":"https:\/\/leocare.eu\/fr\/assurance-auto-en-ligne\/couverture\/garanties\/complementaires\/dommages-corporels\/conducteur-secondaire\/#primaryimage"},"image":{"@id":"https:\/\/leocare.eu\/fr\/assurance-auto-en-ligne\/couverture\/garanties\/complementaires\/dommages-corporels\/conducteur-secondaire\/#primaryimage"},"thumbnailUrl":"https:\/\/leocare.eu\/fr\/wp-content\/uploads\/2022\/12\/assurance-conducteur-secondaire.jpg","datePublished":"2023-01-04T16:19:20+00:00","dateModified":"2026-04-07T14:35:11+00:00","description":"D\u00e9couvrez comment le statut de conducteur secondaire influence votre assurance auto. Apprenez \u00e0 ma\u00eetriser cette notion pour une couverture optimale. Cliquez pour en savoir plus.","breadcrumb":{"@id":"https:\/\/leocare.eu\/fr\/assurance-auto-en-ligne\/couverture\/garanties\/complementaires\/dommages-corporels\/conducteur-secondaire\/#breadcrumb"},"inLanguage":"fr-FR","potentialAction":[{"@type":"ReadAction","target":["https:\/\/leocare.eu\/fr\/assurance-auto-en-ligne\/couverture\/garanties\/complementaires\/dommages-corporels\/conducteur-secondaire\/"]}]},{"@type":"ImageObject","inLanguage":"fr-FR","@id":"https:\/\/leocare.eu\/fr\/assurance-auto-en-ligne\/couverture\/garanties\/complementaires\/dommages-corporels\/conducteur-secondaire\/#primaryimage","url":"https:\/\/leocare.eu\/fr\/wp-content\/uploads\/2022\/12\/assurance-conducteur-secondaire.jpg","contentUrl":"https:\/\/leocare.eu\/fr\/wp-content\/uploads\/2022\/12\/assurance-conducteur-secondaire.jpg","width":1800,"height":1200,"caption":"Assurance Auto Conducteur Secondaire"},{"@type":"WebSite","@id":"https:\/\/leocare.eu\/fr\/#website","url":"https:\/\/leocare.eu\/fr\/","name":"Leocare, assurance en ligne automobile et habitation","description":"enfin (r)assur\u00e9.e","publisher":{"@id":"https:\/\/leocare.eu\/fr\/#organization"},"potentialAction":[{"@type":"SearchAction","target":{"@type":"EntryPoint","urlTemplate":"https:\/\/leocare.eu\/fr\/?s={search_term_string}"},"query-input":{"@type":"PropertyValueSpecification","valueRequired":true,"valueName":"search_term_string"}}],"inLanguage":"fr-FR"},{"@type":"Organization","@id":"https:\/\/leocare.eu\/fr\/#organization","name":"Leocare, assurance en ligne automobile et habitation","url":"https:\/\/leocare.eu\/fr\/","logo":{"@type":"ImageObject","inLanguage":"fr-FR","@id":"https:\/\/leocare.eu\/fr\/#\/schema\/logo\/image\/","url":"https:\/\/leocare.eu\/fr\/wp-content\/uploads\/2020\/03\/logo-leocare.svg","contentUrl":"https:\/\/leocare.eu\/fr\/wp-content\/uploads\/2020\/03\/logo-leocare.svg","caption":"Leocare, assurance en ligne automobile et habitation"},"image":{"@id":"https:\/\/leocare.eu\/fr\/#\/schema\/logo\/image\/"}}]}},"_links":{"self":[{"href":"https:\/\/leocare.eu\/fr\/wp-json\/wp\/v2\/pages\/11854","targetHints":{"allow":["GET"]}}],"collection":[{"href":"https:\/\/leocare.eu\/fr\/wp-json\/wp\/v2\/pages"}],"about":[{"href":"https:\/\/leocare.eu\/fr\/wp-json\/wp\/v2\/types\/page"}],"author":[{"embeddable":true,"href":"https:\/\/leocare.eu\/fr\/wp-json\/wp\/v2\/users\/34"}],"replies":[{"embeddable":true,"href":"https:\/\/leocare.eu\/fr\/wp-json\/wp\/v2\/comments?post=11854"}],"version-history":[{"count":18,"href":"https:\/\/leocare.eu\/fr\/wp-json\/wp\/v2\/pages\/11854\/revisions"}],"predecessor-version":[{"id":39874,"href":"https:\/\/leocare.eu\/fr\/wp-json\/wp\/v2\/pages\/11854\/revisions\/39874"}],"up":[{"embeddable":true,"href":"https:\/\/leocare.eu\/fr\/wp-json\/wp\/v2\/pages\/11599"}],"wp:featuredmedia":[{"embeddable":true,"href":"https:\/\/leocare.eu\/fr\/wp-json\/wp\/v2\/media\/9912"}],"wp:attachment":[{"href":"https:\/\/leocare.eu\/fr\/wp-json\/wp\/v2\/media?parent=11854"}],"curies":[{"name":"wp","href":"https:\/\/api.w.org\/{rel}","templated":true}]}}