{"id":11846,"date":"2023-01-04T17:10:05","date_gmt":"2023-01-04T16:10:05","guid":{"rendered":"https:\/\/leocare.eu\/fr\/?page_id=11846"},"modified":"2026-04-07T16:35:10","modified_gmt":"2026-04-07T14:35:10","slug":"tout-conducteur","status":"publish","type":"page","link":"https:\/\/leocare.eu\/fr\/assurance-auto-en-ligne\/couverture\/formules\/specifiques\/tout-conducteur\/","title":{"rendered":"Assurance auto tout conducteur : comment \u00e7a marche ?"},"content":{"rendered":"\n<p><strong>Pr\u00eater votre voiture pour d\u00e9panner un proche est une situation assez commune. Et si l\u2019on vous disait que ce geste peut vous causer quelques probl\u00e8mes en cas de sinistre ? Pour \u00e9viter cela, pensez \u00e0 souscrire une assurance auto tout conducteur. Leocare, le n\u00e9o-assureur proche de vous, vous explique comment \u00e7a marche \ud83d\ude0a.<\/strong><\/p>\n\n\n\n<h2 class=\"wp-block-heading\" id=\"section-1-en-quoi-consiste-lassurance-tout-conducteur-\"><strong>En quoi consiste l\u2019assurance tout conducteur ?<\/strong><\/h2>\n\n\n\n<p>Lorsque vous souscrivez une&nbsp;<strong><a href=\"https:\/\/leocare.eu\/fr\/assurance-auto-en-ligne\/devis\/tarifs\/\">assurance auto<\/a><\/strong>, vous vous concentrez principalement sur les&nbsp;<strong><a href=\"https:\/\/leocare.eu\/fr\/assurance-auto-en-ligne\/couverture\/formules\/specifiques\/auto-moto\/\">sp\u00e9cificit\u00e9s<\/a><\/strong>&nbsp;dont vous avez besoin et sur la couverture choisie : assurance au tiers, tiers \u00e9tendu ou tous risques. . Ces trois<strong><a href=\"https:\/\/leocare.eu\/fr\/assurance-auto-en-ligne\/couverture\/formules\/specifiques\/\">&nbsp;formules sp\u00e9cifiques d\u2019assurance auto&nbsp;<\/a><\/strong>couvrent votre responsabilit\u00e9 civile. Si vous causez des dommages mat\u00e9riels ou corporels \u00e0 un tiers, ils sont pris en charge. Mais cette protection n\u2019est pas forc\u00e9ment une assurance auto tout conducteur, car chaque contrat a ses sp\u00e9cificit\u00e9s. Quel que soit le type d\u2019assurance auto, vous pouvez \u00eatre confront\u00e9 \u00e0 :<\/p>\n\n\n\n<ul class=\"wp-block-list\">\n<li><strong>Une autorisation de pr\u00eat sans restriction<\/strong>\u00a0: l\u2019assurance tout conducteur par excellence !<\/li>\n\n\n\n<li><strong>Un accord de pr\u00eat avec restriction :<\/strong>\u00a0attendez-vous \u00e0 une augmentation de la\u00a0<strong><a href=\"https:\/\/leocare.eu\/fr\/assurance-auto-en-ligne\/sinistre\/indemnisation\/franchise\/accident-responsable\/\">franchise en cas d\u2019accident responsable<\/a><\/strong>.<\/li>\n\n\n\n<li><strong>Une possibilit\u00e9 de pr\u00eat avec exclusion :<\/strong>\u00a0bien souvent cela vise l\u2019assurance d\u2019un jeune conducteur \ud83d\ude13.<\/li>\n\n\n\n<li><strong>Une autorisation de pr\u00eater votre v\u00e9hicule exclusivement valable pour les membres de votre famille<\/strong>\u00a0: g\u00e9n\u00e9ralement les ascendants et descendants.<\/li>\n\n\n\n<li><strong>L\u2019interdiction stricte de pr\u00eater votre v\u00e9hicule :<\/strong>\u00a0une clause tr\u00e8s commune pour une assurance de voiture de collection.<\/li>\n<\/ul>\n\n\n\n<p>Pour mieux comprendre la&nbsp;prime d\u2019assurance&nbsp;: la cotisation d\u2019assurance automobile&nbsp;correspond au montant annuel dont les&nbsp;conducteurs&nbsp;s\u2019acquittent aupr\u00e8s d\u2019une&nbsp;compagnie d\u2019assurance&nbsp;pour leur v\u00e9hicule. La&nbsp;<strong><a href=\"https:\/\/leocare.eu\/fr\/assurance-auto-en-ligne\/devis\/tarifs\/primes\/\">prime d\u2019assurance<\/a><\/strong>&nbsp;est fix\u00e9e par la compagnie selon diff\u00e9rents crit\u00e8res. En fonction de la formule choisie, vous pouvez b\u00e9n\u00e9ficier d\u2019une&nbsp;indemnisation&nbsp;plus ou moins \u00e9lev\u00e9e en cas de&nbsp;dommages&nbsp;ou d\u2019accident.&nbsp;<\/p>\n\n\n\n<p>Le co\u00fbt de la&nbsp;prime d\u2019assurance&nbsp;n\u2019est, bien \u00e9videmment, pas identique pour les&nbsp;jeunes conducteurs&nbsp;ou les&nbsp;conducteurs&nbsp;confirm\u00e9s. Il diff\u00e8re \u00e9galement selon le&nbsp;malus&nbsp;et l\u2019historique de l\u2019automobiliste. Difficile de&nbsp;<strong><a href=\"https:\/\/leocare.eu\/fr\/assurance-auto-en-ligne\/devis\/tarifs\/\">naviguer entre les tarifs<\/a><\/strong>, mais sachez qu\u2019une&nbsp;compagnie d\u2019assurance&nbsp;va g\u00e9n\u00e9ralement proposer trois formules d\u2019assurance.&nbsp;<\/p>\n\n\n\n<ul class=\"wp-block-list\">\n<li>L\u2019assurance au tiers\u00a0est obligatoire, elle couvre les\u00a0dommages\u00a0corporels et\/ou mat\u00e9riels caus\u00e9s \u00e0 autrui, mais pas les v\u00f4tres en cas d\u2019accident\u00a0responsable.\u00a0<\/li>\n\n\n\n<li>Une formule interm\u00e9diaire compl\u00e8te l\u2019assurance tiers\u00a0par des options (dommages accidents\u00a0responsables, bris de glace, vol, etc.).\u00a0<\/li>\n<\/ul>\n\n\n\n<p id=\"ancre1\">Enfin, l\u2019assurance tous risques est la plus compl\u00e8te, elle assure l\u2019indemnisation des&nbsp;dommages tous accidents, mais sa&nbsp;prime d\u2019assurance&nbsp;est la plus \u00e9lev\u00e9e.<\/p>\n\n\n\n<h2 class=\"wp-block-heading\" id=\"section-2-dans-quels-cas-peut-on-recourir-lassurance-tout-conducteur-\"><strong>Dans quels cas peut-on recourir \u00e0 l\u2019assurance tout conducteur ?<\/strong><\/h2>\n\n\n\n<p>Souscrire une assurance tout conducteur est conseill\u00e9 si vous savez que votre a\u00een\u00e9 ou votre conjoint peut \u00eatre amen\u00e9 \u00e0 emprunter votre v\u00e9hicule occasionnellement. Attention, pour que votre responsabilit\u00e9 civile assurance auto s\u2019applique \u00e0 un autre conducteur, l\u2019aspect \u00ab\u2009occasionnel\u2009\u00bb est primordial. Ce type de contrat est \u00e9galement tr\u00e8s int\u00e9ressant pour une&nbsp;<strong><a href=\"https:\/\/leocare.eu\/fr\/assurance-auto-en-ligne\/couverture\/formules\/specifiques\/tout-conducteur\/vehicules-professionnels\/\">assurance auto pour professionnel<\/a><\/strong>. Ainsi, la garantie assurance auto est valable quelle que soit la personne au volant. Pour les emprunts r\u00e9guliers, c\u2019est une assurance auto&nbsp;<strong><a href=\"https:\/\/leocare.eu\/fr\/assurance-auto-en-ligne\/couverture\/garanties\/complementaires\/dommages-corporels\/conducteur-secondaire\/bonus-malus\/\">conducteur secondaire<\/a><\/strong>&nbsp;qu\u2019il vous faut. Vous devez alors nous donner le nom de l\u2019autre personne et votre&nbsp;<strong><a href=\"https:\/\/leocare.eu\/fr\/assurance-auto-en-ligne\/devis\/tarifs\/\">prime<\/a><\/strong>&nbsp;est r\u00e9\u00e9valu\u00e9e en fonction.<\/p>\n\n\n\n<div class=\"bon-a-savoir\">\n\n\n\n<p>Bon \u00e0 savoir :<\/p>\n\n\n\n<p>Quel que soit le type de v\u00e9hicule, les conducteurs ont l\u2019obligation de souscrire au minimum une&nbsp;assurance au tiers&nbsp;aupr\u00e8s d\u2019une&nbsp;compagnie&nbsp;d\u2019assurance. Vous pouvez fusionner votre&nbsp;prime d\u2019assurance&nbsp;auto et celle de votre moto en optant pour une&nbsp;<strong><a href=\"https:\/\/leocare.eu\/fr\/assurance-auto-en-ligne\/couverture\/formules\/specifiques\/auto-moto\/\">assurance auto moto<\/a><\/strong>&nbsp;! Vous pourriez ainsi profiter d\u2019une baisse de votre&nbsp;prime d\u2019assurance&nbsp;globale, mais \u00e9galement d\u2019une gestion plus simplifi\u00e9e. Comme pour toutes les assurances, vous pouvez choisir diff\u00e9rentes formules, pour y int\u00e9grer une&nbsp;indemnisation&nbsp;en cas d\u2019accident&nbsp;responsable avec&nbsp;dommages&nbsp;mat\u00e9riels et\/ou&nbsp;dommages corporels. Et sachez que le bonus-malus&nbsp;est calcul\u00e9 ind\u00e9pendamment pour chaque v\u00e9hicule.<\/p>\n\n\n\n<\/div>\n\n\n\n<h2 class=\"wp-block-heading\" id=\"section-3-assurance-auto-tout-conducteur-quel-impact-sur-la-cotisation\"><strong>Assurance auto tout conducteur : quel impact sur la cotisation ?<\/strong><\/h2>\n\n\n\n<p>Quand vous ajoutez nomm\u00e9ment \u00e0 votre contrat un autre conducteur, son bonus-malus est int\u00e9gr\u00e9 \u00e0 notre calcul. Passer \u00e0 une assurance tout conducteur ne fait donc pas toujours augmenter le prix de votre contrat. Avec l\u2019<strong><a href=\"https:\/\/leocare.eu\/fr\/assurance-auto-en-ligne\/couverture\/formules\/specifiques\/tout-conducteur\/mauvais\/\">assurance d\u2019un mauvais conducteur<\/a><\/strong>, le tarif de votre formule augmente forc\u00e9ment. C\u2019est la m\u00eame chose quand l\u2019ajout d\u2019un chauffeur implique&nbsp;<strong><a href=\"https:\/\/leocare.eu\/fr\/assurance-auto-en-ligne\/couverture\/formules\/specifiques\/tout-conducteur\/jeune-conducteur\/\">une assurance jeune conducteur<\/a><\/strong>.Enfin, l\u2019assurance auto d\u2019un senior peut aussi faire grimper le montant de vos cotisations. Si l\u2018automobiliste&nbsp;secondaire n\u2019a connu aucun sinistre d\u2019assurance, son ajout ne change rien puisque le calcul bonus-malus&nbsp;est \u00e0 son avantage.<\/p>\n\n\n\n<div class=\"bon-a-savoir\">\n\n\n\n<p>Bon \u00e0 savoir :<\/p>\n\n\n\n<p>dans votre contrat d\u2019assurance automobile,&nbsp;<strong><a href=\"https:\/\/leocare.eu\/fr\/assurance-auto-en-ligne\/couverture\/garanties\/complementaires\/dommages-corporels\/conducteur-secondaire\/bonus-malus\/\">comment le bonus-malus s\u2019applique-t-il au conducteur secondaire<\/a><\/strong>&nbsp;? Sachez que si l\u2019un des&nbsp;conducteurs&nbsp;d\u00e9clar\u00e9s a un&nbsp;accident&nbsp;responsable, la correction du bonus-malus du contrat s\u2019applique \u00e0 lui-m\u00eame comme \u00e0 tous les autres. Seul le&nbsp;conducteur occasionnel&nbsp;n\u2019est pas concern\u00e9. Les&nbsp;jeunes conducteurs, d\u00e9clar\u00e9s comme conducteurs secondaires, peuvent ainsi b\u00e9n\u00e9ficier du bonus accumul\u00e9 lors de la souscription de leur premier contrat individuel aupr\u00e8s du m\u00eame assureur ou d\u2019une autre&nbsp;compagnie.<\/p>\n\n\n\n<\/div>\n\n\n\n<p>Vous vous demandez quel est le d\u00e9lai d\u2019une assurance auto pour r\u00e9silier votre ancien contrat et nous rejoindre chez Leocare \ud83d\udc96? Depuis la loi consommation assurance, d\u00e8s que vous avez un an de contrat, vous pouvez partir quand bon vous semble. Chez nous, nos Leoconseillers s\u2019occupent m\u00eame de r\u00e9silier votre ancienne assurance auto.<\/p>\n\n\n\n<h2 class=\"wp-block-heading\" id=\"section-4-quels-sont-les-risques-de-prter-votre-voiture-un-autre-condu\"><strong>Quels sont les risques de pr\u00eater votre voiture \u00e0 un autre conducteur ?<\/strong><\/h2>\n\n\n\n<p>Si vous n\u2019avez pas d\u2019assurance tout conducteur,&nbsp;<strong><a href=\"https:\/\/leocare.eu\/fr\/assurance-auto-en-ligne\/couverture\/garanties\/complementaires\/pret-de-volant\/\">pr\u00eater votre voiture<\/a><\/strong>&nbsp;peut vous causer pas mal de probl\u00e8mes \ud83d\ude2c. Lorsque le conducteur non officiel est victime d\u2019un dommage, la responsabilit\u00e9 civile de l\u2019autre conducteur est sollicit\u00e9e pour prendre en charge les d\u00e9g\u00e2ts mat\u00e9riels et corporels qu\u2019il subit. En revanche, s\u2019il est responsable du sinistre, les choses se compliquent. M\u00eame si votre responsabilit\u00e9 civile couvre les d\u00e9g\u00e2ts caus\u00e9s, vous pouvez \u00e9coper de diff\u00e9rentes sanctions :<\/p>\n\n\n\n<ul class=\"wp-block-list\">\n<li>Application d\u2019une majoration de la franchise (900 \u20ac chez nous, mais pas pour un conducteur secondaire \ud83d\ude07).<\/li>\n\n\n\n<li>Refus d\u2019indemnisation\u00a0des\u00a0dommages\u00a0subis par votre v\u00e9hicule et des\u00a0dommages corporels\u00a0du conducteur en question.<\/li>\n\n\n\n<li>R\u00e9siliation de votre contrat par votre compagnie \ud83d\ude28.<\/li>\n\n\n\n<li>Prise en charge moindre pour les r\u00e9parations et on ne vous parle pas du tarif si vous n\u2019avez pas souscrit une\u00a0<strong><a href=\"https:\/\/leocare.eu\/fr\/assurance-auto-en-ligne\/couverture\/assistance-auto\/franchise-kilometrique\/\">garantie assistance 0 km<\/a><\/strong>\u00a0!<\/li>\n<\/ul>\n\n\n\n<p>Et pour couronner le tout, \u00e9tant titulaire du contrat, pour l\u2019assurance, le&nbsp;malus&nbsp;vous revient \u00e9galement !<\/p>\n\n\n\n<p>Le&nbsp;<strong><a href=\"https:\/\/leocare.eu\/fr\/assurance-auto-en-ligne\/couverture\/garanties\/complementaires\/pret-de-volant\/\">pr\u00eat de volant&nbsp;<\/a><\/strong>est une garantie compl\u00e9mentaire de l\u2019assurance automobile&nbsp;incluse dans beaucoup de contrats, mais v\u00e9rifiez quand m\u00eame le v\u00f4tre avant de passer le volant \u00e0 d\u2019autres conducteurs. En int\u00e9grant l\u2019option dans votre&nbsp;prime d\u2019assurance, vous \u00e9viterez de nombreux d\u00e9sagr\u00e9ments. Attention toutefois aux \u00e9ventuelles exclusions, comme le pr\u00eat \u00e0 de&nbsp;jeunes conducteurs.&nbsp;<\/p>\n\n\n\n<h3 class=\"wp-block-heading\"><strong>Conditions pour pr\u00eater sa voiture<\/strong><\/h3>\n\n\n\n<p>Pour pr\u00eater votre voiture sereinement, v\u00e9rifiez que vous poss\u00e9dez bien une assurance tout conducteur. Toutes les conditions et restrictions figurent sur votre contrat. Chez Leocare, impossible de le perdre, puisqu\u2019il se trouve dans votre espace personnel en ligne. Sur notre app ou notre site web, tous les d\u00e9tails de votre couverture assurance auto sont \u00e0 port\u00e9e de clic ! Vous n\u2019avez m\u00eame pas besoin d\u2019utiliser un comparateur d\u2019assurances auto, notre simulateur vous permet d\u2019obtenir un devis en 1 minute.<\/p>\n\n\n\n<h3 class=\"wp-block-heading\"><strong>Personnes \u00e0 qui vous pouvez pr\u00eater votre v\u00e9hicule<\/strong><\/h3>\n\n\n\n<p>Vous pouvez pr\u00eater votre voiture \u00e0 toutes les personnes figurant sur votre contrat. Le plus souvent, il s\u2019agit d\u2019un conducteur occasionnel ou secondaire mentionn\u00e9 nomm\u00e9ment. Certains contrats d\u2019assurance tout conducteur autorisent \u00e9galement le pr\u00eat de volant \u00e0 des automobilistes r\u00e9pondant \u00e0 certaines exigences (ann\u00e9es minimums de permis, lien de parent\u00e9, etc.).<\/p>\n\n\n\n<p>Parlons franchise ! La&nbsp;<strong><a href=\"https:\/\/leocare.eu\/fr\/assurance-auto-en-ligne\/sinistre\/indemnisation\/franchise\/accident-responsable\/\">franchise en cas d\u2019accident responsable<\/a><\/strong>, c\u2019est la somme restante due apr\u00e8s&nbsp;indemnisation&nbsp;de la part de votre&nbsp;compagnie d\u2019assurance. Si vous avez opt\u00e9 pour une&nbsp;assurance au tiers, vous ne b\u00e9n\u00e9ficiez d\u2019aucune prise en charge pour vos propres dommages en cas d\u2019accident&nbsp;responsable. Pour une meilleure indemnisation, les&nbsp;conducteurs&nbsp;doivent souscrire des options ou choisir une&nbsp;prime d\u2019assurance&nbsp;tout risque et donc payer plus cher.&nbsp;<\/p>\n\n\n\n<p>Du c\u00f4t\u00e9 de la<strong><a href=\"https:\/\/leocare.eu\/fr\/assurance-auto-en-ligne\/couverture\/assistance-auto\/franchise-kilometrique\/\">&nbsp;franchise kilom\u00e9trique<\/a><\/strong>, on ne parle pas d\u2019indemnisation, mais de la distance \u00e0 partir de laquelle l\u2019assistance d\u00e9pannage de l\u2019automobiliste se d\u00e9clenche en cas de panne. Elle ne s\u2019applique pas \u00e0 toutes les situations, notamment en cas d\u2019accident, mais votre&nbsp;compagnie d\u2019assurance&nbsp;peut inclure un pr\u00eat de v\u00e9hicule en cas d\u2019immobilisation suite \u00e0 des&nbsp;dommages accidents. V\u00e9rifiez le niveau inclus dans votre&nbsp;prime d\u2019assurance. Chez Leocare, l\u2019assistance panne 0 km est accessible d\u00e8s la formule d\u2019assurance au tiers&nbsp;pour tous les&nbsp;conducteurs.<\/p>\n","protected":false},"excerpt":{"rendered":"<p>Pr\u00eater votre voiture pour d\u00e9panner un proche est une situation assez commune. Et si l\u2019on vous disait que ce geste peut vous causer quelques probl\u00e8mes en cas de sinistre ? Pour \u00e9viter cela, pensez \u00e0 souscrire une assurance auto tout conducteur. Leocare, le n\u00e9o-assureur proche de vous, vous explique comment \u00e7a marche \ud83d\ude0a. En quoi [&hellip;]<\/p>\n","protected":false},"author":34,"featured_media":9955,"parent":11626,"menu_order":0,"comment_status":"closed","ping_status":"closed","template":"template_seo.php","meta":{"_acf_changed":false,"footnotes":""},"class_list":["post-11846","page","type-page","status-publish","has-post-thumbnail","hentry"],"acf":[],"yoast_head":"<!-- This site is optimized with the Yoast SEO plugin v27.3 - https:\/\/yoast.com\/product\/yoast-seo-wordpress\/ -->\n<title>Assurance auto tout conducteur : comment \u00e7a marche ?<\/title>\n<meta name=\"description\" content=\"D\u00e9couvrez le guide sur l&#039;assurance auto pour tout conducteur. Faites le bon choix pour votre s\u00e9curit\u00e9. Cliquez pour obtenir plus d&#039;informations.\" \/>\n<meta name=\"robots\" content=\"index, follow, max-snippet:-1, max-image-preview:large, max-video-preview:-1\" \/>\n<link rel=\"canonical\" href=\"https:\/\/leocare.eu\/fr\/assurance-auto-en-ligne\/couverture\/formules\/specifiques\/tout-conducteur\/\" \/>\n<meta property=\"og:locale\" content=\"fr_FR\" \/>\n<meta property=\"og:type\" content=\"article\" \/>\n<meta property=\"og:title\" content=\"Assurance auto tout conducteur : comment \u00e7a marche ?\" \/>\n<meta property=\"og:description\" content=\"D\u00e9couvrez le guide sur l&#039;assurance auto pour tout conducteur. Faites le bon choix pour votre s\u00e9curit\u00e9. Cliquez pour obtenir plus d&#039;informations.\" \/>\n<meta property=\"og:url\" content=\"https:\/\/leocare.eu\/fr\/assurance-auto-en-ligne\/couverture\/formules\/specifiques\/tout-conducteur\/\" \/>\n<meta property=\"og:site_name\" content=\"Leocare, assurance en ligne automobile et habitation\" \/>\n<meta property=\"article:modified_time\" content=\"2026-04-07T14:35:10+00:00\" \/>\n<meta property=\"og:image\" content=\"https:\/\/leocare.eu\/fr\/wp-content\/uploads\/2022\/12\/assu-tout-conducteur.jpg\" \/>\n\t<meta property=\"og:image:width\" content=\"1800\" \/>\n\t<meta property=\"og:image:height\" content=\"1200\" \/>\n\t<meta property=\"og:image:type\" content=\"image\/jpeg\" \/>\n<meta name=\"twitter:card\" content=\"summary_large_image\" \/>\n<meta name=\"twitter:label1\" content=\"Dur\u00e9e de lecture estim\u00e9e\" \/>\n\t<meta name=\"twitter:data1\" content=\"8 minutes\" \/>\n<!-- \/ Yoast SEO plugin. -->","yoast_head_json":{"title":"Assurance auto tout conducteur : comment \u00e7a marche ?","description":"D\u00e9couvrez le guide sur l'assurance auto pour tout conducteur. Faites le bon choix pour votre s\u00e9curit\u00e9. Cliquez pour obtenir plus d'informations.","robots":{"index":"index","follow":"follow","max-snippet":"max-snippet:-1","max-image-preview":"max-image-preview:large","max-video-preview":"max-video-preview:-1"},"canonical":"https:\/\/leocare.eu\/fr\/assurance-auto-en-ligne\/couverture\/formules\/specifiques\/tout-conducteur\/","og_locale":"fr_FR","og_type":"article","og_title":"Assurance auto tout conducteur : comment \u00e7a marche ?","og_description":"D\u00e9couvrez le guide sur l'assurance auto pour tout conducteur. Faites le bon choix pour votre s\u00e9curit\u00e9. Cliquez pour obtenir plus d'informations.","og_url":"https:\/\/leocare.eu\/fr\/assurance-auto-en-ligne\/couverture\/formules\/specifiques\/tout-conducteur\/","og_site_name":"Leocare, assurance en ligne automobile et habitation","article_modified_time":"2026-04-07T14:35:10+00:00","og_image":[{"width":1800,"height":1200,"url":"https:\/\/leocare.eu\/fr\/wp-content\/uploads\/2022\/12\/assu-tout-conducteur.jpg","type":"image\/jpeg"}],"twitter_card":"summary_large_image","twitter_misc":{"Dur\u00e9e de lecture estim\u00e9e":"8 minutes"},"schema":{"@context":"https:\/\/schema.org","@graph":[{"@type":"WebPage","@id":"https:\/\/leocare.eu\/fr\/assurance-auto-en-ligne\/couverture\/formules\/specifiques\/tout-conducteur\/","url":"https:\/\/leocare.eu\/fr\/assurance-auto-en-ligne\/couverture\/formules\/specifiques\/tout-conducteur\/","name":"Assurance auto tout conducteur : comment \u00e7a marche ?","isPartOf":{"@id":"https:\/\/leocare.eu\/fr\/#website"},"primaryImageOfPage":{"@id":"https:\/\/leocare.eu\/fr\/assurance-auto-en-ligne\/couverture\/formules\/specifiques\/tout-conducteur\/#primaryimage"},"image":{"@id":"https:\/\/leocare.eu\/fr\/assurance-auto-en-ligne\/couverture\/formules\/specifiques\/tout-conducteur\/#primaryimage"},"thumbnailUrl":"https:\/\/leocare.eu\/fr\/wp-content\/uploads\/2022\/12\/assu-tout-conducteur.jpg","datePublished":"2023-01-04T16:10:05+00:00","dateModified":"2026-04-07T14:35:10+00:00","description":"D\u00e9couvrez le guide sur l'assurance auto pour tout conducteur. Faites le bon choix pour votre s\u00e9curit\u00e9. Cliquez pour obtenir plus d'informations.","breadcrumb":{"@id":"https:\/\/leocare.eu\/fr\/assurance-auto-en-ligne\/couverture\/formules\/specifiques\/tout-conducteur\/#breadcrumb"},"inLanguage":"fr-FR","potentialAction":[{"@type":"ReadAction","target":["https:\/\/leocare.eu\/fr\/assurance-auto-en-ligne\/couverture\/formules\/specifiques\/tout-conducteur\/"]}]},{"@type":"ImageObject","inLanguage":"fr-FR","@id":"https:\/\/leocare.eu\/fr\/assurance-auto-en-ligne\/couverture\/formules\/specifiques\/tout-conducteur\/#primaryimage","url":"https:\/\/leocare.eu\/fr\/wp-content\/uploads\/2022\/12\/assu-tout-conducteur.jpg","contentUrl":"https:\/\/leocare.eu\/fr\/wp-content\/uploads\/2022\/12\/assu-tout-conducteur.jpg","width":1800,"height":1200,"caption":"Assurance Tout Conducteur"},{"@type":"WebSite","@id":"https:\/\/leocare.eu\/fr\/#website","url":"https:\/\/leocare.eu\/fr\/","name":"Leocare, assurance en ligne automobile et habitation","description":"enfin (r)assur\u00e9.e","publisher":{"@id":"https:\/\/leocare.eu\/fr\/#organization"},"potentialAction":[{"@type":"SearchAction","target":{"@type":"EntryPoint","urlTemplate":"https:\/\/leocare.eu\/fr\/?s={search_term_string}"},"query-input":{"@type":"PropertyValueSpecification","valueRequired":true,"valueName":"search_term_string"}}],"inLanguage":"fr-FR"},{"@type":"Organization","@id":"https:\/\/leocare.eu\/fr\/#organization","name":"Leocare, assurance en ligne automobile et habitation","url":"https:\/\/leocare.eu\/fr\/","logo":{"@type":"ImageObject","inLanguage":"fr-FR","@id":"https:\/\/leocare.eu\/fr\/#\/schema\/logo\/image\/","url":"https:\/\/leocare.eu\/fr\/wp-content\/uploads\/2020\/03\/logo-leocare.svg","contentUrl":"https:\/\/leocare.eu\/fr\/wp-content\/uploads\/2020\/03\/logo-leocare.svg","caption":"Leocare, assurance en ligne automobile et habitation"},"image":{"@id":"https:\/\/leocare.eu\/fr\/#\/schema\/logo\/image\/"}}]}},"_links":{"self":[{"href":"https:\/\/leocare.eu\/fr\/wp-json\/wp\/v2\/pages\/11846","targetHints":{"allow":["GET"]}}],"collection":[{"href":"https:\/\/leocare.eu\/fr\/wp-json\/wp\/v2\/pages"}],"about":[{"href":"https:\/\/leocare.eu\/fr\/wp-json\/wp\/v2\/types\/page"}],"author":[{"embeddable":true,"href":"https:\/\/leocare.eu\/fr\/wp-json\/wp\/v2\/users\/34"}],"replies":[{"embeddable":true,"href":"https:\/\/leocare.eu\/fr\/wp-json\/wp\/v2\/comments?post=11846"}],"version-history":[{"count":29,"href":"https:\/\/leocare.eu\/fr\/wp-json\/wp\/v2\/pages\/11846\/revisions"}],"predecessor-version":[{"id":36840,"href":"https:\/\/leocare.eu\/fr\/wp-json\/wp\/v2\/pages\/11846\/revisions\/36840"}],"up":[{"embeddable":true,"href":"https:\/\/leocare.eu\/fr\/wp-json\/wp\/v2\/pages\/11626"}],"wp:featuredmedia":[{"embeddable":true,"href":"https:\/\/leocare.eu\/fr\/wp-json\/wp\/v2\/media\/9955"}],"wp:attachment":[{"href":"https:\/\/leocare.eu\/fr\/wp-json\/wp\/v2\/media?parent=11846"}],"curies":[{"name":"wp","href":"https:\/\/api.w.org\/{rel}","templated":true}]}}