{"id":11749,"date":"2023-01-04T15:54:14","date_gmt":"2023-01-04T14:54:14","guid":{"rendered":"https:\/\/leocare.eu\/fr\/?page_id=11749"},"modified":"2026-04-07T16:35:02","modified_gmt":"2026-04-07T14:35:02","slug":"pieces-reemploi","status":"publish","type":"page","link":"https:\/\/leocare.eu\/fr\/assurance-auto-en-ligne\/sinistre\/epave\/pieces-reemploi\/","title":{"rendered":"Quelle couverture pour les voitures r\u00e9par\u00e9es avec des pi\u00e8ces d\u2019occasion ?"},"content":{"rendered":"\n<p>Votre voiture vient de subir un sinistre. A\u00efe ! Dans ce genre de cas, on sait ce qui vous pr\u00e9occupe : \u00e0 combien vont se chiffrer les r\u00e9parations ? Bonne nouvelle ! Vous pouvez opter pour des pi\u00e8ces de r\u00e9emploi, afin de diminuer le budget de remise en \u00e9tat de votre v\u00e9hicule. Depuis 2017, votre r\u00e9parateur est oblig\u00e9 de vous proposer ces pi\u00e8ces d\u2019occasion, lorsque les conditions le permettent. \u00c0 quoi correspond une pi\u00e8ce de r\u00e9emploi ? Est-ce que le recours aux pi\u00e8ces recycl\u00e9es peut affecter la prise en charge de l\u2019assurance auto ? Chez Leocare, la n\u00e9o-assurance 25 % moins ch\u00e8re, on n\u2019y va pas avec le dos de la cuill\u00e8re pour vous satisfaire \ud83d\ude09. C\u2019est bien pour \u00e7a qu\u2019on vous a concoct\u00e9 un article ultra complet. On vous explique tout sur l\u2019utilisation des pi\u00e8ces d\u00e9tach\u00e9es. Vous \u00eates pr\u00eats ? Suivez le guide \ud83e\uddd0!<\/p>\n\n\n\n<h2 class=\"wp-block-heading\" id=\"ancre1\">Qu\u2019est-ce qu\u2019une pi\u00e8ce de r\u00e9emploi ?<\/h2>\n\n\n\n<p>Une pi\u00e8ce de r\u00e9emploi automobile est une pi\u00e8ce d\u2019occasion, ou une&nbsp;<strong>Pi\u00e8ce Issue de l\u2019\u00c9conomie<\/strong>&nbsp;<strong>Circulaire (PIEC)<\/strong>, qui respecte les conditions suivantes :<\/p>\n\n\n\n<ul class=\"wp-block-list\">\n<li>Pi\u00e8ces recycl\u00e9es provenant de V\u00e9hicules Hors D\u2019usage (VHU) ou d\u2019<strong><a href=\"https:\/\/leocare.eu\/fr\/assurance-auto-en-ligne\/sinistre\/epave\/\">une \u00e9pave de voiture<\/a><\/strong><strong>,<\/strong>&nbsp;plac\u00e9s dans des centres, appel\u00e9s aussi casses automobiles.<\/li>\n\n\n\n<li>\u00c9l\u00e9ments remis en \u00e9tat selon les instructions du constructeur et portant la mention \u00ab \u00e9change standard \u00bb.<\/li>\n<\/ul>\n\n\n\n<h2 class=\"wp-block-heading\" id=\"ancre2\">Quelles sont les pi\u00e8ces auto pouvant \u00eatre recycl\u00e9es ?<\/h2>\n\n\n\n<p>Attention, toutes les pi\u00e8ces auto ne sont pas concern\u00e9es par le recyclage ! Leocare vous d\u00e9voile la liste des \u00e9l\u00e9ments de rechange pouvant \u00eatre convertis en pi\u00e8ces de r\u00e9emploi assurance :<\/p>\n\n\n\n<ul class=\"wp-block-list\">\n<li>les pi\u00e8ces d\u00e9montables de la carrosserie ;<\/li>\n\n\n\n<li>les \u00e9l\u00e9ments de garnissage int\u00e9rieur et la sellerie&nbsp;;<\/li>\n\n\n\n<li>les vitrages non coll\u00e9s ;<\/li>\n\n\n\n<li>les pi\u00e8ces optiques&nbsp;(r\u00e9troviseurs, feux, etc.) ;<\/li>\n\n\n\n<li>les \u00e9l\u00e9ments m\u00e9caniques ou \u00e9lectroniques hors syst\u00e8me de freinage, train roulant, direction et liaison au sol.<\/li>\n<\/ul>\n\n\n\n<p>C\u2019est \u00e9galement le cas si votre coffre de toit et son contenu ont subi des&nbsp;dommages&nbsp;lors d\u2019un&nbsp;accident. Vous pouvez donc b\u00e9n\u00e9ficier d\u2019une&nbsp;indemnisation&nbsp;pour un nouveau coffre d\u2019occasion, car il ne fait pas partie des&nbsp;\u00e9quipements&nbsp;li\u00e9s \u00e0 la s\u00e9curit\u00e9 du v\u00e9hicule. Toutes les&nbsp;assurances&nbsp;auto Leocare incluent une&nbsp;<strong><a href=\"https:\/\/leocare.eu\/fr\/assurance-auto-en-ligne\/couverture\/garanties\/complementaires\/dommages-materiels\/equipements-auto\/coffre-de-toit\/\">garantie pour les coffres de toit,&nbsp;<\/a><\/strong>objets et accessoire<a href=\"https:\/\/leocare.eu\/fr\/assurance-auto-en-ligne\/couverture\/garanties\/complementaires\/dommages-materiels\/equipements-auto\/coffre-de-toit\/\">s<\/a>&nbsp;jusqu\u2019\u00e0 500 \u20ac, avec une franchise de 80 \u20ac.<\/p>\n\n\n\n<div class=\"bon-a-savoir\">\n\n\n\n<p>Bon \u00e0 savoir :<\/p>\n\n\n\n<p>Les pi\u00e8ces auto directement li\u00e9es \u00e0 la s\u00e9curit\u00e9 de votre v\u00e9hicule ne peuvent pas \u00eatre recycl\u00e9es.<\/p>\n\n\n\n<p>Les&nbsp;<a href=\"https:\/\/leocare.eu\/fr\/assurance-auto-en-ligne\/couverture\/garanties\/complementaires\/dommages-materiels\/equipements-auto\/siege-auto\/\"><strong>si\u00e8ges-auto<\/strong><\/a>&nbsp;sont un&nbsp;\u00e9quipement&nbsp;li\u00e9 \u00e0 la s\u00e9curit\u00e9 de votre voiture. Ils ne peuvent \u00eatre recycl\u00e9s. Selon, la r\u00e9glementation, tout choc sup\u00e9rieur \u00e0 10 km\/heure impose leur&nbsp;destruction&nbsp;et l\u2019acquisition&nbsp;d\u2019un nouveau si\u00e8ge. En cas d\u2019accident, il faut mentionner le si\u00e8ge-auto parmi les&nbsp;dommages&nbsp;et demander son&nbsp;indemnisation&nbsp;aupr\u00e8s de la compagnie d\u2019assurances.<\/p>\n\n\n\n<\/div>\n\n\n\n<h2 class=\"wp-block-heading\" id=\"ancre3\">Quels avantages aux pi\u00e8ces de r\u00e9emploi ?<\/h2>\n\n\n\n<p>Vous avez besoin de faire r\u00e9parer votre v\u00e9hicule apr\u00e8s un accident de voiture ? Le&nbsp;<strong>recours aux pi\u00e8ces<\/strong>&nbsp;<strong>d\u2019occasion&nbsp;<\/strong>vous apporte de nombreux b\u00e9n\u00e9fices. Et puisqu\u2019on vous souhaite le meilleur chez Leocare, on vous explique tous ces avantages en d\u00e9tail \ud83d\ude0e.<\/p>\n\n\n\n<h3 class=\"wp-block-heading\">Diminuer le prix des r\u00e9parations auto gr\u00e2ce aux pi\u00e8ces recycl\u00e9es<\/h3>\n\n\n\n<p>En moyenne,&nbsp;chez le&nbsp;garagiste,&nbsp;<strong>les pi\u00e8ces de r\u00e9emploi pr\u00e9sentent des&nbsp;<\/strong><strong>co\u00fbts<\/strong>&nbsp;<a href=\"https:\/\/leocare.eu\/fr\/assurance-auto-en-ligne\/sinistre\/reparations\/carrosserie\/\"><strong>40 % \u00e0 50 % moins chers qu\u2019une pi\u00e8ce auto neuve<\/strong><\/a>&nbsp;\ud83e\udd11.&nbsp;En cas d\u2019accident&nbsp;causant des&nbsp;dommages&nbsp;\u00e0 votre&nbsp;carrosserie, r\u00e9aliser un maximum d\u2019\u00e9change standard avec des pi\u00e8ces d\u2019occasion fait donc grimper votre pouvoir d\u2019achat.&nbsp;C\u2019est particuli\u00e8rement utile si le sinistre ne b\u00e9n\u00e9ficie pas d\u2019une&nbsp;indemnisation&nbsp;par les&nbsp;assurances.<\/p>\n\n\n\n<h3 class=\"wp-block-heading\">\u00c9viter la classification en tant que V\u00e9hicule \u00c9conomiquement Irr\u00e9parable (VEI)<\/h3>\n\n\n\n<p>Apr\u00e8s un&nbsp;accident, l\u2019expert automobile \u00e9value le montant des r\u00e9parations&nbsp;chez le&nbsp;garagiste.&nbsp;Il d\u00e9finit \u00e9galement la&nbsp;<strong><a href=\"https:\/\/leocare.eu\/fr\/assurance-auto-en-ligne\/sinistre\/expert\/vrade\/\">valeur de remplacement \u00e0 dire d\u2019expert<\/a><\/strong>, la VRADE.&nbsp;Si le co\u00fbt&nbsp;des&nbsp;dommages&nbsp;estim\u00e9 par votre assurance auto est sup\u00e9rieur \u00e0 la VRADE, celui-ci entre dans la cat\u00e9gorie des VEI.&nbsp;Sa&nbsp;destruction&nbsp;sera demand\u00e9e et la compagnie d\u2019assurances&nbsp;vous accordera une&nbsp;indemnisation&nbsp;en fonction de cette valeur. Celle-ci peut \u00eatre insuffisante pour racheter un nouveau v\u00e9hicule. Suivant le&nbsp;territoire&nbsp;o\u00f9 vous vivez, vous vous retrouvez alors priv\u00e9 de&nbsp;mobilit\u00e9.<\/p>\n\n\n\n<p>Votre&nbsp;accident&nbsp;est caus\u00e9 par un tiers assur\u00e9 identifi\u00e9\u202f? En l\u2019absence&nbsp;de tort, pour recevoir une&nbsp;indemnisation&nbsp;plus rapide, faites un&nbsp;<strong><a href=\"https:\/\/leocare.eu\/fr\/assurance-auto-en-ligne\/sinistre\/declaration\/recours-droit-commun\/\">recours de droit commun<\/a><\/strong>&nbsp;directement aupr\u00e8s de sa compagnie d\u2019assurances.&nbsp;Choisissez un garagiste figurant sur la liste des&nbsp;r\u00e9parateurs&nbsp;agr\u00e9\u00e9s et&nbsp;demandez un devis qui prend en compte le prix des pi\u00e8ces de r\u00e9emploi. Cela diminuera le budget global de la remise en \u00e9tat \ud83d\udcb0. Cette d\u00e9marche est autoris\u00e9e depuis 2009.<\/p>\n\n\n\n<h3 class=\"wp-block-heading\">Adopter une d\u00e9marche \u00e9coresponsable avec le recours aux pi\u00e8ces de r\u00e9emploi<\/h3>\n\n\n\n<p>Quand on sait que la production d\u2019un seul v\u00e9hicule engendre plus de 10 tonnes d\u2019\u00e9missions de CO2, on comprend pourquoi limiter la fabrication de pi\u00e8ces neuves est un enjeu fondamental.<\/p>\n\n\n\n<p>Favoriser le recyclage de pi\u00e8ces d\u2019occasion est une approche en faveur de la pr\u00e9servation de l\u2019environnement.<\/p>\n\n\n\n<h3 class=\"wp-block-heading\">Soutenir l\u2019\u00e9conomie locale en utilisant les pi\u00e8ces auto d\u2019occasion<\/h3>\n\n\n\n<p><strong>Choisir des pi\u00e8ces de r\u00e9emploi<\/strong>, c\u2019est encourager l\u2019activit\u00e9 \u00e9conomique des centres de traitement des VHU.&nbsp;Ce sont des acteurs majeurs de l\u2019\u00e9conomie circulaire, qui b\u00e9n\u00e9ficient souvent d\u2019un label QUALICERT d\u00e9livr\u00e9 par un organisme ind\u00e9pendant. Gr\u00e2ce \u00e0 cette approche, vous favorisez l\u2019emploi local.<\/p>\n\n\n\n<h3 class=\"wp-block-heading\">B\u00e9n\u00e9ficier d\u2019une garantie sur la conformit\u00e9 des PIEC<\/h3>\n\n\n\n<p>Sachez que&nbsp;<strong>les pi\u00e8ces recycl\u00e9es suivent un parcours tr\u00e8s encadr\u00e9<\/strong>. Leur remise en \u00e9tat doit \u00eatre approuv\u00e9e par un expert agr\u00e9\u00e9 qui atteste de leur fiabilit\u00e9.<\/p>\n\n\n\n<p>Rassurez-vous, les pi\u00e8ces d\u00e9tach\u00e9es restent des pi\u00e8ces d\u2019origine. Elles r\u00e9pondent aux m\u00eames exigences et aux m\u00eames normes que les pi\u00e8ces neuves.<\/p>\n\n\n\n<h2 class=\"wp-block-heading\" id=\"ancre4\">Quelles garanties sur les pi\u00e8ces recycl\u00e9es ?<\/h2>\n\n\n\n<p>Si vous faites\u00a0<strong>r\u00e9parer votre v\u00e9hicule avec des pi\u00e8ces de r\u00e9emploi<\/strong>, vous b\u00e9n\u00e9ficiez de deux types de garanties et ce, peu importe votre formule (tiers, <a href=\"https:\/\/leocare.eu\/fr\/assurance-auto-en-ligne\/tiers\/plus\/\">tiers plus<\/a> ou m\u00eame tous risques).<\/p>\n\n\n\n<p>La premi\u00e8re concerne la&nbsp;<strong>garantie de conformit\u00e9 des pi\u00e8ces de r\u00e9emploi<\/strong>. Elle est fix\u00e9e \u00e0 six mois. La seconde repr\u00e9sente la&nbsp;<strong>garantie l\u00e9gale contre les vices cach\u00e9s des PIEC<\/strong>. Elle est \u00e9quivalente \u00e0 cinq ans.<\/p>\n\n\n\n<div class=\"bon-a-savoir\">\n\n\n\n<p>Bon \u00e0 savoir :<\/p>\n\n\n\n<p>Vous pouvez obtenir une extension de garantie compl\u00e9mentaire de six mois chez certains fournisseurs. V\u00e9rifiez leurs conditions commerciales \ud83d\ude09.<\/p>\n\n\n\n<\/div>\n\n\n\n<h2 class=\"wp-block-heading\" id=\"ancre5\">Comment l\u2019assurance couvre-t-elle les r\u00e9parations avec des pi\u00e8ces de r\u00e9emploi ?<\/h2>\n\n\n\n<p>Vous vous demandez si l\u2019<strong>usage de pi\u00e8ces recycl\u00e9es<\/strong>&nbsp;peut affecter votre prise en charge en cas de sinistre ? D\u00e9couvrez nos conseils !<\/p>\n\n\n\n<p>Il est essentiel d\u2019\u00e9tudier les conditions g\u00e9n\u00e9rales de votre contrat d\u2019assurance auto pour v\u00e9rifier que le&nbsp;<strong>recours aux pi\u00e8ces de r\u00e9emploi<\/strong>&nbsp;ne remet pas en question votre couverture. Si aucune exclusion n\u2019est pr\u00e9cis\u00e9e,&nbsp;<strong>vous pouvez utiliser les pi\u00e8ces d\u2019occasions pour r\u00e9parer votre v\u00e9hicule<\/strong>, tout en pr\u00e9servant vos droits \u00e0 une indemnisation.<\/p>\n\n\n\n<p>Il faut \u00e9galement d\u00e9clarer votre&nbsp;accident&nbsp;et ses&nbsp;dommages&nbsp;dans les d\u00e9lais indiqu\u00e9s par votre contrat, sous peine de subir une&nbsp;<strong><a href=\"https:\/\/leocare.eu\/fr\/assurance-auto-en-ligne\/sinistre\/indemnisation\/decheance-garantie\/\">d\u00e9ch\u00e9ance de garantie<\/a><\/strong>. En l\u2019absence&nbsp;de d\u00e9claration dans les temps, les compagnies d\u2019assurances&nbsp;refusent&nbsp;l\u2019indemnisation&nbsp;du sinistre.<\/p>\n\n\n\n<p>Chez Leocare, toutes les informations de votre contrat sont accessibles directement sur votre app ! Rien de tel qu\u2019un outil connect\u00e9 et pratique, pour vous simplifier la vie \ud83d\ude00.<\/p>\n\n\n\n<p>Vous l\u2019aurez compris, il est possible et m\u00eame recommand\u00e9 d\u2019<strong>utiliser des pi\u00e8ces de r\u00e9emploi lors de vos r\u00e9parations<\/strong>. Vous profitez de nombreux avantages gr\u00e2ce \u00e0 cette solution. Dans la plupart des cas, cette d\u00e9marche ne restreint pas la couverture de votre assurance auto. Si vous souhaitez encore plus de bons plans pour votre assurance auto, essayez Leocare \ud83e\udd29. Accessibilit\u00e9 et qualit\u00e9 sont au rendez-vous. Et nos Leoconseillers n\u2019attendent que vous \ud83d\ude09.<\/p>\n\n\n\n<p>Pour vous faciliter la vie, d\u00e9couvrez nos&nbsp;<strong><a href=\"https:\/\/leocare.eu\/fr\/assurance-auto-en-ligne\/sinistre\/declaration\/lettre\/\">conseils pour r\u00e9diger votre d\u00e9claration de sinistre<\/a><\/strong>&nbsp;aupr\u00e8s des compagnies d\u2019assurances. Vous obtiendrez une meilleure&nbsp;indemnisation&nbsp;des&nbsp;dommages&nbsp;subis en cas d\u2019accident, surtout en l\u2019absence&nbsp;de tort de votre part.<\/p>\n","protected":false},"excerpt":{"rendered":"<p>Votre voiture vient de subir un sinistre. A\u00efe ! Dans ce genre de cas, on sait ce qui vous pr\u00e9occupe : \u00e0 combien vont se chiffrer les r\u00e9parations ? Bonne nouvelle ! Vous pouvez opter pour des pi\u00e8ces de r\u00e9emploi, afin de diminuer le budget de remise en \u00e9tat de votre v\u00e9hicule. Depuis 2017, votre [&hellip;]<\/p>\n","protected":false},"author":34,"featured_media":10048,"parent":11674,"menu_order":0,"comment_status":"closed","ping_status":"closed","template":"template_seo.php","meta":{"_acf_changed":false,"footnotes":""},"class_list":["post-11749","page","type-page","status-publish","has-post-thumbnail","hentry"],"acf":[],"yoast_head":"<!-- This site is optimized with the Yoast SEO plugin v27.3 - https:\/\/yoast.com\/product\/yoast-seo-wordpress\/ -->\n<title>Quelle couverture pour une r\u00e9paration avec pi\u00e8ces de r\u00e9emploi ?<\/title>\n<meta name=\"description\" content=\"D\u00e9couvrez comment choisir la meilleure couverture auto pour votre voiture r\u00e9par\u00e9e avec des pi\u00e8ces d&#039;occasion. Consultez nos conseils sp\u00e9ciales et faites le bon choix!\" \/>\n<meta name=\"robots\" content=\"index, follow, max-snippet:-1, max-image-preview:large, max-video-preview:-1\" \/>\n<link rel=\"canonical\" href=\"https:\/\/leocare.eu\/fr\/assurance-auto-en-ligne\/sinistre\/epave\/pieces-reemploi\/\" \/>\n<meta property=\"og:locale\" content=\"fr_FR\" \/>\n<meta property=\"og:type\" content=\"article\" \/>\n<meta property=\"og:title\" content=\"Quelle couverture pour une r\u00e9paration avec pi\u00e8ces de r\u00e9emploi ?\" \/>\n<meta property=\"og:description\" content=\"D\u00e9couvrez comment choisir la meilleure couverture auto pour votre voiture r\u00e9par\u00e9e avec des pi\u00e8ces d&#039;occasion. Consultez nos conseils sp\u00e9ciales et faites le bon choix!\" \/>\n<meta property=\"og:url\" content=\"https:\/\/leocare.eu\/fr\/assurance-auto-en-ligne\/sinistre\/epave\/pieces-reemploi\/\" \/>\n<meta property=\"og:site_name\" content=\"Leocare, assurance en ligne automobile et habitation\" \/>\n<meta property=\"article:modified_time\" content=\"2026-04-07T14:35:02+00:00\" \/>\n<meta property=\"og:image\" content=\"https:\/\/leocare.eu\/fr\/wp-content\/uploads\/2022\/12\/Piece-de-reemploi.jpg\" \/>\n\t<meta property=\"og:image:width\" content=\"1800\" \/>\n\t<meta property=\"og:image:height\" content=\"1200\" \/>\n\t<meta property=\"og:image:type\" content=\"image\/jpeg\" \/>\n<meta name=\"twitter:card\" content=\"summary_large_image\" \/>\n<meta name=\"twitter:label1\" content=\"Dur\u00e9e de lecture estim\u00e9e\" \/>\n\t<meta name=\"twitter:data1\" content=\"8 minutes\" \/>\n<!-- \/ Yoast SEO plugin. -->","yoast_head_json":{"title":"Quelle couverture pour une r\u00e9paration avec pi\u00e8ces de r\u00e9emploi ?","description":"D\u00e9couvrez comment choisir la meilleure couverture auto pour votre voiture r\u00e9par\u00e9e avec des pi\u00e8ces d'occasion. Consultez nos conseils sp\u00e9ciales et faites le bon choix!","robots":{"index":"index","follow":"follow","max-snippet":"max-snippet:-1","max-image-preview":"max-image-preview:large","max-video-preview":"max-video-preview:-1"},"canonical":"https:\/\/leocare.eu\/fr\/assurance-auto-en-ligne\/sinistre\/epave\/pieces-reemploi\/","og_locale":"fr_FR","og_type":"article","og_title":"Quelle couverture pour une r\u00e9paration avec pi\u00e8ces de r\u00e9emploi ?","og_description":"D\u00e9couvrez comment choisir la meilleure couverture auto pour votre voiture r\u00e9par\u00e9e avec des pi\u00e8ces d'occasion. Consultez nos conseils sp\u00e9ciales et faites le bon choix!","og_url":"https:\/\/leocare.eu\/fr\/assurance-auto-en-ligne\/sinistre\/epave\/pieces-reemploi\/","og_site_name":"Leocare, assurance en ligne automobile et habitation","article_modified_time":"2026-04-07T14:35:02+00:00","og_image":[{"width":1800,"height":1200,"url":"https:\/\/leocare.eu\/fr\/wp-content\/uploads\/2022\/12\/Piece-de-reemploi.jpg","type":"image\/jpeg"}],"twitter_card":"summary_large_image","twitter_misc":{"Dur\u00e9e de lecture estim\u00e9e":"8 minutes"},"schema":{"@context":"https:\/\/schema.org","@graph":[{"@type":"WebPage","@id":"https:\/\/leocare.eu\/fr\/assurance-auto-en-ligne\/sinistre\/epave\/pieces-reemploi\/","url":"https:\/\/leocare.eu\/fr\/assurance-auto-en-ligne\/sinistre\/epave\/pieces-reemploi\/","name":"Quelle couverture pour une r\u00e9paration avec pi\u00e8ces de r\u00e9emploi ?","isPartOf":{"@id":"https:\/\/leocare.eu\/fr\/#website"},"primaryImageOfPage":{"@id":"https:\/\/leocare.eu\/fr\/assurance-auto-en-ligne\/sinistre\/epave\/pieces-reemploi\/#primaryimage"},"image":{"@id":"https:\/\/leocare.eu\/fr\/assurance-auto-en-ligne\/sinistre\/epave\/pieces-reemploi\/#primaryimage"},"thumbnailUrl":"https:\/\/leocare.eu\/fr\/wp-content\/uploads\/2022\/12\/Piece-de-reemploi.jpg","datePublished":"2023-01-04T14:54:14+00:00","dateModified":"2026-04-07T14:35:02+00:00","description":"D\u00e9couvrez comment choisir la meilleure couverture auto pour votre voiture r\u00e9par\u00e9e avec des pi\u00e8ces d'occasion. Consultez nos conseils sp\u00e9ciales et faites le bon choix!","breadcrumb":{"@id":"https:\/\/leocare.eu\/fr\/assurance-auto-en-ligne\/sinistre\/epave\/pieces-reemploi\/#breadcrumb"},"inLanguage":"fr-FR","potentialAction":[{"@type":"ReadAction","target":["https:\/\/leocare.eu\/fr\/assurance-auto-en-ligne\/sinistre\/epave\/pieces-reemploi\/"]}]},{"@type":"ImageObject","inLanguage":"fr-FR","@id":"https:\/\/leocare.eu\/fr\/assurance-auto-en-ligne\/sinistre\/epave\/pieces-reemploi\/#primaryimage","url":"https:\/\/leocare.eu\/fr\/wp-content\/uploads\/2022\/12\/Piece-de-reemploi.jpg","contentUrl":"https:\/\/leocare.eu\/fr\/wp-content\/uploads\/2022\/12\/Piece-de-reemploi.jpg","width":1800,"height":1200,"caption":"pi\u00e8ce de r\u00e9emploi assurance"},{"@type":"WebSite","@id":"https:\/\/leocare.eu\/fr\/#website","url":"https:\/\/leocare.eu\/fr\/","name":"Leocare, assurance en ligne automobile et habitation","description":"enfin (r)assur\u00e9.e","publisher":{"@id":"https:\/\/leocare.eu\/fr\/#organization"},"potentialAction":[{"@type":"SearchAction","target":{"@type":"EntryPoint","urlTemplate":"https:\/\/leocare.eu\/fr\/?s={search_term_string}"},"query-input":{"@type":"PropertyValueSpecification","valueRequired":true,"valueName":"search_term_string"}}],"inLanguage":"fr-FR"},{"@type":"Organization","@id":"https:\/\/leocare.eu\/fr\/#organization","name":"Leocare, assurance en ligne automobile et habitation","url":"https:\/\/leocare.eu\/fr\/","logo":{"@type":"ImageObject","inLanguage":"fr-FR","@id":"https:\/\/leocare.eu\/fr\/#\/schema\/logo\/image\/","url":"https:\/\/leocare.eu\/fr\/wp-content\/uploads\/2020\/03\/logo-leocare.svg","contentUrl":"https:\/\/leocare.eu\/fr\/wp-content\/uploads\/2020\/03\/logo-leocare.svg","caption":"Leocare, assurance en ligne automobile et habitation"},"image":{"@id":"https:\/\/leocare.eu\/fr\/#\/schema\/logo\/image\/"}}]}},"_links":{"self":[{"href":"https:\/\/leocare.eu\/fr\/wp-json\/wp\/v2\/pages\/11749","targetHints":{"allow":["GET"]}}],"collection":[{"href":"https:\/\/leocare.eu\/fr\/wp-json\/wp\/v2\/pages"}],"about":[{"href":"https:\/\/leocare.eu\/fr\/wp-json\/wp\/v2\/types\/page"}],"author":[{"embeddable":true,"href":"https:\/\/leocare.eu\/fr\/wp-json\/wp\/v2\/users\/34"}],"replies":[{"embeddable":true,"href":"https:\/\/leocare.eu\/fr\/wp-json\/wp\/v2\/comments?post=11749"}],"version-history":[{"count":17,"href":"https:\/\/leocare.eu\/fr\/wp-json\/wp\/v2\/pages\/11749\/revisions"}],"predecessor-version":[{"id":39025,"href":"https:\/\/leocare.eu\/fr\/wp-json\/wp\/v2\/pages\/11749\/revisions\/39025"}],"up":[{"embeddable":true,"href":"https:\/\/leocare.eu\/fr\/wp-json\/wp\/v2\/pages\/11674"}],"wp:featuredmedia":[{"embeddable":true,"href":"https:\/\/leocare.eu\/fr\/wp-json\/wp\/v2\/media\/10048"}],"wp:attachment":[{"href":"https:\/\/leocare.eu\/fr\/wp-json\/wp\/v2\/media?parent=11749"}],"curies":[{"name":"wp","href":"https:\/\/api.w.org\/{rel}","templated":true}]}}