{"id":11672,"date":"2023-01-04T14:46:58","date_gmt":"2023-01-04T13:46:58","guid":{"rendered":"https:\/\/leocare.eu\/fr\/?page_id=11672"},"modified":"2026-04-07T16:46:05","modified_gmt":"2026-04-07T14:46:05","slug":"dommages-materiels","status":"publish","type":"page","link":"https:\/\/leocare.eu\/fr\/assurance-auto-en-ligne\/couverture\/garanties\/complementaires\/dommages-materiels\/","title":{"rendered":"Garanties pour couvrir les dommages mat\u00e9riels : quelles sont-elles ?"},"content":{"rendered":"\n<p><strong>L\u2019assurance auto offre de nombreuses garanties pour couvrir les dommages mat\u00e9riels. Elle vous couvre en cas d\u2019accident, de vol, d\u2019incendie et dans bien d\u2019autres situations. Voici les principales protections possibles dans un contrat d\u2019assurance auto.<\/strong><\/p>\n\n\n\n<h2 class=\"wp-block-heading\" id=\"section-1-quelles-sont-les-principales-garanties-pour-les-dommages-mat\"><strong>Quelles sont les principales garanties pour les dommages mat\u00e9riels ?<\/strong><\/h2>\n\n\n\n<p>Selon la formule choisie, vous b\u00e9n\u00e9ficiez d\u2019une protection plus ou moins \u00e9tendue, lors d\u2019un sinistre. Pour rappel, il existe trois cat\u00e9gories d\u2019assurance auto :<\/p>\n\n\n\n<h3 class=\"wp-block-heading\"><strong>La garantie obligatoire au tiers<\/strong><\/h3>\n\n\n\n<p>Elle couvre les d\u00e9g\u00e2ts&nbsp;mat\u00e9riels et corporels&nbsp;au tiers caus\u00e9s par votre v\u00e9hicule.&nbsp;Elle comprend une assurance&nbsp;<strong><a href=\"https:\/\/leocare.eu\/fr\/assurance-auto-en-ligne\/couverture\/garanties\/responsabilite-civile\/\">responsabilit\u00e9 civile<\/a><\/strong>&nbsp;qui est obligatoire pour circuler. Elle intervient en cas de&nbsp;dommages&nbsp;caus\u00e9s par votre voiture lors d\u2019un&nbsp;accident. Les&nbsp;situations&nbsp;faisant l\u2019objet d\u2019exclusions&nbsp;sont indiqu\u00e9es dans le contrat.<\/p>\n\n\n\n<p>Chez Leocare, deux garanties suppl\u00e9mentaires sont incluses dans la formule au tiers :<\/p>\n\n\n\n<ul class=\"wp-block-list\">\n<li>L\u2019assistance \u00e0 partir de 0 km en cas de panne, vol ou collision avec pr\u00eat d\u2019un v\u00e9hicule.<\/li>\n\n\n\n<li>La garantie corporelle du conducteur avec un plafond d\u2019indemnisation au choix de 600 000 \u20ac ou 1 M\u20ac.<\/li>\n<\/ul>\n\n\n\n<p>Parmi toutes les&nbsp;assurances, elle vous prot\u00e8ge au minimum l\u00e9gal. Par exemple, les&nbsp;compagnies&nbsp;d\u2019assurance ne couvrent pas les&nbsp;dommages mat\u00e9riels&nbsp;caus\u00e9s \u00e0 la suite d\u2019un&nbsp;<strong><a href=\"https:\/\/leocare.eu\/fr\/assurance-auto-en-ligne\/sinistre\/declaration\/accident\/types\/seul\/\">accident de voiture seul<\/a><\/strong>. Pour une meilleure&nbsp;indemnisation, il faut souscrire une garantie&nbsp;dommages tous accidents.<\/p>\n\n\n\n<h3 class=\"wp-block-heading\"><strong>Le tiers interm\u00e9diaire (appel\u00e9 tiers plus chez Leocare \ud83d\ude09)<\/strong><\/h3>\n\n\n\n<p>C\u2019est une alternative entre l\u2019assurance au tiers et tous risques. L&rsquo;<a href=\"https:\/\/leocare.eu\/fr\/assurance-auto-en-ligne\/tiers\/plus\/\">assurance au tiers \u00e9tendu<\/a> vous assure contre les dommages au tiers et int\u00e8gre d\u2019autres garanties comme le vol, l\u2019incendie ou encore le bris de glace.<\/p>\n\n\n\n<h3 class=\"wp-block-heading\"><strong>L\u2019assurance tous risques<\/strong><\/h3>\n\n\n\n<p>Elle garantit les&nbsp;dommages&nbsp;caus\u00e9s aux tiers et ceux subis par votre v\u00e9hicule, quel que soit le type d\u2019accident, que vous soyez ou non responsable du sinistre.&nbsp;Les&nbsp;assurances&nbsp;tous risques offrent une&nbsp;indemnisation&nbsp;optimale m\u00eame en cas de&nbsp;dommages mat\u00e9riels. Elles permettent d\u2019avoir syst\u00e9matiquement droit \u00e0 une&nbsp;<strong><a href=\"https:\/\/leocare.eu\/fr\/assurance-auto-en-ligne\/sinistre\/indemnisation\/avance-sur-recours\/\">avance sur recours<\/a><\/strong>.<\/p>\n\n\n\n<p>Toutes ces formules comprennent une couverture commune et des&nbsp;<a href=\"https:\/\/leocare.eu\/fr\/assurance-auto-en-ligne\/couverture\/garanties\/complementaires\/\"><strong>garanties facultatives<\/strong>.<\/a>&nbsp;Les&nbsp;compagnies&nbsp;proposent ces&nbsp;garanties compl\u00e9mentaires&nbsp;pour ajuster votre&nbsp;assurance automobile. Elles permettent une meilleure&nbsp;indemnisation&nbsp;en cas d\u2019accident&nbsp;ou de&nbsp;collision&nbsp;entra\u00eenant des&nbsp;dommages mat\u00e9riels&nbsp;ou des&nbsp;dommages corporels.<\/p>\n\n\n\n<h2 class=\"wp-block-heading\" id=\"section-2-liste-des-principaux-risques-assurs\"><strong>Liste des principaux risques assur\u00e9s<\/strong><\/h2>\n\n\n\n<h3 class=\"wp-block-heading\"><strong>L\u2019assurance dommages collision<\/strong><\/h3>\n\n\n\n<p>La&nbsp;<strong><a href=\"https:\/\/leocare.eu\/fr\/assurance-auto-en-ligne\/tiers\/\">garantie tierce collision<\/a><\/strong>&nbsp;vous indemnise si votre v\u00e9hicule entre en collision avec :<\/p>\n\n\n\n<ul class=\"wp-block-list\">\n<li>Un autre v\u00e9hicule.<\/li>\n\n\n\n<li>Un pi\u00e9ton.<\/li>\n\n\n\n<li>Un animal \ud83e\udd8c.<\/li>\n<\/ul>\n\n\n\n<div class=\"bon-a-savoir\">\n\n\n\n<p>Bon \u00e0 savoir<\/p>\n\n\n\n<p>La garantie dommages collision joue uniquement si le propri\u00e9taire du v\u00e9hicule, de l\u2019animal ou le pi\u00e9ton est clairement identifi\u00e9. Dans le cas contraire, vous r\u00e9glez, vous-m\u00eame, les frais occasionn\u00e9s par la collision.&nbsp;Sauf avec l\u2019assurance automobile&nbsp;tous risques. Elle permet une&nbsp;indemnisation&nbsp;optimale en cas de&nbsp;dommages mat\u00e9riels&nbsp;ou de&nbsp;dommages corporels, m\u00eame lors d\u2019un&nbsp;<strong><a href=\"https:\/\/leocare.eu\/fr\/assurance-auto-en-ligne\/couverture\/garanties\/complementaires\/dommages-materiels\/animal-domestique\/\">accident avec un animal domestique<\/a><\/strong>.<\/p>\n\n\n\n<\/div>\n\n\n\n<h3 class=\"wp-block-heading\"><strong>Le bris de glace<\/strong><\/h3>\n\n\n\n<p>L\u2019<strong><a href=\"https:\/\/leocare.eu\/fr\/assurance-auto-en-ligne\/couverture\/garanties\/complementaires\/dommages-materiels\/bris-de-glace\/\">assurance bris de glace<\/a><\/strong>&nbsp;vous couvre en cas de dommages caus\u00e9s sur le pare-brise de votre v\u00e9hicule. Certains contrats d\u2019assurance garantissent aussi les autres \u00e9l\u00e9ments vitr\u00e9s \u00e0 savoir :<\/p>\n\n\n\n<ul class=\"wp-block-list\">\n<li>Les vitres lat\u00e9rales et arri\u00e8re.<\/li>\n\n\n\n<li>La vitre de toit ouvrant ou fixe.<\/li>\n\n\n\n<li>Les verres des phares et clignotants.<\/li>\n\n\n\n<li>Les r\u00e9troviseurs externes.<\/li>\n<\/ul>\n\n\n\n<h3 class=\"wp-block-heading\"><strong>La garantie incendie<\/strong><\/h3>\n\n\n\n<p>L\u2019<strong><a href=\"https:\/\/leocare.eu\/fr\/assurance-auto-en-ligne\/couverture\/garanties\/complementaires\/dommages-materiels\/voiture-brulee\/\">assurance incendie de voiture<\/a><\/strong>&nbsp;\ud83e\uddef vous assure si votre v\u00e9hicule est incendi\u00e9. Selon les clauses du contrat, vous percevez comme indemnit\u00e9, un montant \u00e9gal \u00e0 :<\/p>\n\n\n\n<ul class=\"wp-block-list\">\n<li>La valeur de votre v\u00e9hicule au jour du sinistre.<\/li>\n\n\n\n<li>Le prix d\u2019achat de votre voiture.<\/li>\n\n\n\n<li>Voire la somme indiqu\u00e9e dans votre contrat d\u2019assurance.<\/li>\n<\/ul>\n\n\n\n<div class=\"bon-a-savoir\">\n\n\n\n<p>Bon \u00e0 savoir<\/p>\n\n\n\n<p>La garantie incendie est toujours incluse dans la cotisation des assurances auto tous risques. Par contre, elle est une option dans un contrat au tiers. Pour en b\u00e9n\u00e9ficier, contactez votre assureur.<\/p>\n\n\n\n<\/div>\n\n\n\n<h3 class=\"wp-block-heading\"><strong>La garantie vandalisme<\/strong><\/h3>\n\n\n\n<p>L\u2019<strong><a href=\"https:\/\/leocare.eu\/fr\/assurance-auto-en-ligne\/couverture\/garanties\/complementaires\/dommages-materiels\/vandalisme\/\">assurance vandalisme pour une voiture<\/a><\/strong>&nbsp;vous indemnise contre le vol de votre v\u00e9hicule. Les modalit\u00e9s de remboursement sont g\u00e9n\u00e9ralement identiques d\u2019un assureur \u00e0 l\u2019autre. Sachez, cependant, qu\u2019elle n\u2019intervient qu\u2019\u00e0 l\u2019expiration du d\u00e9lai pr\u00e9vu dans le contrat d\u2019assurance auto. En effet, chaque assureur se laisse le temps ou l\u2019opportunit\u00e9 de retrouver votre v\u00e9hicule \ud83d\ude97.<\/p>\n\n\n\n<p>Si ce dernier est retrouv\u00e9, vous \u00eates indemnis\u00e9 \u00e0 hauteur du montant n\u00e9cessaire pour le r\u00e9parer. S\u2019il est inutilisable, vous percevez une r\u00e9paration correspondant \u00e0 la valeur estim\u00e9e par l\u2019expert. Vous pouvez aussi utiliser, le cas \u00e9ch\u00e9ant, la garantie valeur d\u2019achat.<\/p>\n\n\n\n<div class=\"bon-a-savoir\">\n\n\n\n<p>Bon \u00e0 savoir<\/p>\n\n\n\n<p>Leocare propose une garantie optionnelle Valeur A Neuf (VAN) pour une dur\u00e9e de 12, 24 ou 36 mois. N\u2019h\u00e9sitez pas \u00e0 contacter l\u2019un de nos Leoconseillers pour plus d\u2019informations !<\/p>\n\n\n\n<\/div>\n\n\n\n<h3 class=\"wp-block-heading\"><strong>La garantie vol<\/strong><\/h3>\n\n\n\n<p>Cette&nbsp;<strong><a href=\"https:\/\/leocare.eu\/fr\/assurance-auto-en-ligne\/couverture\/garanties\/complementaires\/dommages-materiels\/vol\/\">assurance vol de voiture<\/a><\/strong>&nbsp;est diff\u00e9rente de la garantie vandalisme. Elle vous garantit en cas de disparition d\u2019objets personnels et\/ou professionnels transport\u00e9s dans votre v\u00e9hicule. Sachez que le montant du remboursement est souvent plafonn\u00e9.<\/p>\n\n\n\n<h3 class=\"wp-block-heading\"><strong>La garantie IARD<\/strong><\/h3>\n\n\n\n<p>IARD signifie Incendies, Accidents et Risques divers. Cette assurance vous prot\u00e8ge contre l\u2019ensemble de ces risques. L\u2019<strong><a href=\"https:\/\/leocare.eu\/fr\/assurance-auto-en-ligne\/couverture\/garanties\/complementaires\/dommages-materiels\/iard\/\">assurance auto IARD<\/a><\/strong>&nbsp;est obligatoire pour les dommages au tiers. Chaque contrat \u00e9tant diff\u00e9rent, lisez attentivement les conditions g\u00e9n\u00e9rales de votre contrat. L\u2019\u00e9tendue de la couverture pour chaque type de sinistre y est pr\u00e9cis\u00e9e et m\u00eame d\u00e9taill\u00e9e, pour parer \u00e0 tous les cas de figure.<\/p>\n\n\n\n<h3 class=\"wp-block-heading\"><strong>L\u2019assurance optionnelle \u00e9quipement auto<\/strong><\/h3>\n\n\n\n<p>Une&nbsp;<strong><a href=\"https:\/\/leocare.eu\/fr\/assurance-auto-en-ligne\/couverture\/garanties\/complementaires\/dommages-materiels\/equipements-auto\/\">garantie \u00e9quipement auto<\/a><\/strong>&nbsp;est utile si votre v\u00e9hicule contient des accessoires ou \u00e9quipements sp\u00e9cifiques. Ils se distinguent des \u00e9l\u00e9ments de s\u00e9rie traditionnels. Concr\u00e8tement, il peut s\u2019agir :<\/p>\n\n\n\n<ul class=\"wp-block-list\">\n<li>De pneumatiques et jantes haut de gamme.<\/li>\n\n\n\n<li>De barres de toit.<\/li>\n\n\n\n<li>D\u2019un GPS.<\/li>\n\n\n\n<li>D\u2019une attache-remorque.<\/li>\n<\/ul>\n\n\n\n<p>En souscrivant cette option, votre indemnisation est major\u00e9e, en cas de dommage ou de vol de votre v\u00e9hicule.<\/p>\n\n\n\n<h3 class=\"wp-block-heading\"><strong>La garantie panne m\u00e9canique<\/strong><\/h3>\n\n\n\n<p>Avec l\u2019augmentation du co\u00fbt des r\u00e9parations automobiles \ud83d\udd27, la facture suite \u00e0 une panne est souvent \u00e9lev\u00e9e. Avec l\u2019<strong><a href=\"https:\/\/leocare.eu\/fr\/assurance-auto-en-ligne\/sinistre\/types\/panne\/\">assurance auto panne m\u00e9canique<\/a><\/strong>, les frais de remise en \u00e9tat de votre v\u00e9hicule sont pris en charge par votre assureur. Cette couverture est id\u00e9ale, \u00e0 l\u2019issue de la p\u00e9riode de garantie constructeur, si vous achetez un v\u00e9hicule neuf. Elle est son relais !<\/p>\n\n\n\n<p>En&nbsp;assurance automobile, cette option est souvent associ\u00e9e \u00e0 la&nbsp;<strong><a href=\"https:\/\/leocare.eu\/fr\/assurance-auto-en-ligne\/couverture\/assistance-auto\/vehicule-de-remplacement\/\">garantie v\u00e9hicule de remplacement<\/a><\/strong>. Celle-ci permet d\u2019obtenir une voiture de pr\u00eat apr\u00e8s un&nbsp;accident. Comme toutes les&nbsp;assurances, elle est accompagn\u00e9e d\u2019exclusions&nbsp;qui limitent votre&nbsp;indemnisation.<\/p>\n\n\n\n<h3 class=\"wp-block-heading\"><strong>La garantie temp\u00eate<\/strong><\/h3>\n\n\n\n<p>Cette assurance auto vous prot\u00e8ge contre les d\u00e9g\u00e2ts caus\u00e9s \u00e0 votre v\u00e9hicule suite \u00e0 une temp\u00eate \ud83c\udf43. La&nbsp;<strong><a href=\"https:\/\/leocare.eu\/fr\/assurance-auto-en-ligne\/couverture\/garanties\/complementaires\/dommages-materiels\/tempete\/\">garantie temp\u00eate<\/a><\/strong>&nbsp;est, la plupart du temps, incluse dans la formule tous risques. Et elle constitue une protection optionnelle, si vous souscrivez un contrat au tiers interm\u00e9diaire.<\/p>\n\n\n\n<h2 class=\"wp-block-heading\" id=\"section-3-rappel-quest-ce-quune-garantie-complmentaire-dassurance-auto\"><strong>Rappel : Qu\u2019est-ce qu\u2019une garantie compl\u00e9mentaire d\u2019assurance auto ?<\/strong><\/h2>\n\n\n\n<p>Vous l\u2019aurez compris, les contrats d\u2019assurance auto n\u2019int\u00e8grent pas toutes les m\u00eames garanties. Elles ne proposent pas non plus les m\u00eames options.<\/p>\n\n\n\n<p>N\u2019h\u00e9sitez pas \u00e0 souscrire une ou plusieurs garanties optionnelles pour b\u00e9n\u00e9ficier d\u2019une protection optimale contre des d\u00e9g\u00e2ts mat\u00e9riels. Chez Leocare, nous vous conseillons, \u00e9galement, de bien \u00e9valuer vos besoins avant de souscrire une assurance auto. L\u2019id\u00e9e ? Choisir la formule qui vous correspond. En proposant un devis en 1 minute, et un contrat en 4 minutes, Leocare vous assure d\u2019avoir des r\u00e9ponses rapides\u2026 et des garanties au top !<\/p>\n\n\n\n<p>Voici quelques-unes des questions \u00e0 se poser :<\/p>\n\n\n\n<ul class=\"wp-block-list\">\n<li>Est-ce que je transporte, de mani\u00e8re r\u00e9guli\u00e8re, des objets personnels ou professionnels de valeur ?<\/li>\n\n\n\n<li>Mon v\u00e9hicule est-il \u00e9quip\u00e9 d\u2019\u00e9quipements ou d\u2019accessoires sp\u00e9cifiques ?<\/li>\n\n\n\n<li>Est-ce que je souhaite prot\u00e9ger mon v\u00e9hicule contre le vol ou l\u2019incendie ?<\/li>\n\n\n\n<li>Ai-je besoin d\u2019\u00eatre assur\u00e9 contre le bris de glace ?<\/li>\n<\/ul>\n\n\n\n<p>N\u2019h\u00e9sitez pas \u00e0 vous rendre sur le site web Leocare pour d\u00e9couvrir nos diff\u00e9rentes couvertures d\u2019assurance et effectuer un devis gratuit en quelques minutes seulement. Si besoin, nos Leoconseillers sont l\u00e0 pour r\u00e9pondre \u00e0 toutes vos interrogations. Choisir Leocare, c\u2019est la garantie de rouler en toute tranquillit\u00e9 \ud83d\udee3\ufe0f.<\/p>\n","protected":false},"excerpt":{"rendered":"<p>L\u2019assurance auto offre de nombreuses garanties pour couvrir les dommages mat\u00e9riels. Elle vous couvre en cas d\u2019accident, de vol, d\u2019incendie et dans bien d\u2019autres situations. Voici les principales protections possibles dans un contrat d\u2019assurance auto. Quelles sont les principales garanties pour les dommages mat\u00e9riels ? Selon la formule choisie, vous b\u00e9n\u00e9ficiez d\u2019une protection plus ou [&hellip;]<\/p>\n","protected":false},"author":34,"featured_media":9892,"parent":11587,"menu_order":0,"comment_status":"closed","ping_status":"closed","template":"template_seo.php","meta":{"_acf_changed":false,"footnotes":""},"class_list":["post-11672","page","type-page","status-publish","has-post-thumbnail","hentry"],"acf":[],"yoast_head":"<!-- This site is optimized with the Yoast SEO plugin v27.3 - https:\/\/yoast.com\/product\/yoast-seo-wordpress\/ -->\n<title>Garantie dommages mat\u00e9riels : que couvre-t-elle ?<\/title>\n<meta name=\"description\" content=\"D\u00e9couvrez ce qu&#039;implique la garantie de couverture pour dommages mat\u00e9riels. Confiez votre protection \u00e0 notre expertise. En savoir plus maintenant!\" \/>\n<meta name=\"robots\" content=\"index, follow, max-snippet:-1, max-image-preview:large, max-video-preview:-1\" \/>\n<link rel=\"canonical\" href=\"https:\/\/leocare.eu\/fr\/assurance-auto-en-ligne\/couverture\/garanties\/complementaires\/dommages-materiels\/\" \/>\n<meta property=\"og:locale\" content=\"fr_FR\" \/>\n<meta property=\"og:type\" content=\"article\" \/>\n<meta property=\"og:title\" content=\"Garantie dommages mat\u00e9riels : que couvre-t-elle ?\" \/>\n<meta property=\"og:description\" content=\"D\u00e9couvrez ce qu&#039;implique la garantie de couverture pour dommages mat\u00e9riels. Confiez votre protection \u00e0 notre expertise. En savoir plus maintenant!\" \/>\n<meta property=\"og:url\" content=\"https:\/\/leocare.eu\/fr\/assurance-auto-en-ligne\/couverture\/garanties\/complementaires\/dommages-materiels\/\" \/>\n<meta property=\"og:site_name\" content=\"Leocare, assurance en ligne automobile et habitation\" \/>\n<meta property=\"article:modified_time\" content=\"2026-04-07T14:46:05+00:00\" \/>\n<meta property=\"og:image\" content=\"https:\/\/leocare.eu\/fr\/wp-content\/uploads\/2022\/12\/dommages-materiels.jpg\" \/>\n\t<meta property=\"og:image:width\" content=\"1800\" \/>\n\t<meta property=\"og:image:height\" content=\"1200\" \/>\n\t<meta property=\"og:image:type\" content=\"image\/jpeg\" \/>\n<meta name=\"twitter:card\" content=\"summary_large_image\" \/>\n<meta name=\"twitter:label1\" content=\"Dur\u00e9e de lecture estim\u00e9e\" \/>\n\t<meta name=\"twitter:data1\" content=\"7 minutes\" \/>\n<!-- \/ Yoast SEO plugin. -->","yoast_head_json":{"title":"Garantie dommages mat\u00e9riels : que couvre-t-elle ?","description":"D\u00e9couvrez ce qu'implique la garantie de couverture pour dommages mat\u00e9riels. Confiez votre protection \u00e0 notre expertise. En savoir plus maintenant!","robots":{"index":"index","follow":"follow","max-snippet":"max-snippet:-1","max-image-preview":"max-image-preview:large","max-video-preview":"max-video-preview:-1"},"canonical":"https:\/\/leocare.eu\/fr\/assurance-auto-en-ligne\/couverture\/garanties\/complementaires\/dommages-materiels\/","og_locale":"fr_FR","og_type":"article","og_title":"Garantie dommages mat\u00e9riels : que couvre-t-elle ?","og_description":"D\u00e9couvrez ce qu'implique la garantie de couverture pour dommages mat\u00e9riels. Confiez votre protection \u00e0 notre expertise. En savoir plus maintenant!","og_url":"https:\/\/leocare.eu\/fr\/assurance-auto-en-ligne\/couverture\/garanties\/complementaires\/dommages-materiels\/","og_site_name":"Leocare, assurance en ligne automobile et habitation","article_modified_time":"2026-04-07T14:46:05+00:00","og_image":[{"width":1800,"height":1200,"url":"https:\/\/leocare.eu\/fr\/wp-content\/uploads\/2022\/12\/dommages-materiels.jpg","type":"image\/jpeg"}],"twitter_card":"summary_large_image","twitter_misc":{"Dur\u00e9e de lecture estim\u00e9e":"7 minutes"},"schema":{"@context":"https:\/\/schema.org","@graph":[{"@type":"WebPage","@id":"https:\/\/leocare.eu\/fr\/assurance-auto-en-ligne\/couverture\/garanties\/complementaires\/dommages-materiels\/","url":"https:\/\/leocare.eu\/fr\/assurance-auto-en-ligne\/couverture\/garanties\/complementaires\/dommages-materiels\/","name":"Garantie dommages mat\u00e9riels : que couvre-t-elle ?","isPartOf":{"@id":"https:\/\/leocare.eu\/fr\/#website"},"primaryImageOfPage":{"@id":"https:\/\/leocare.eu\/fr\/assurance-auto-en-ligne\/couverture\/garanties\/complementaires\/dommages-materiels\/#primaryimage"},"image":{"@id":"https:\/\/leocare.eu\/fr\/assurance-auto-en-ligne\/couverture\/garanties\/complementaires\/dommages-materiels\/#primaryimage"},"thumbnailUrl":"https:\/\/leocare.eu\/fr\/wp-content\/uploads\/2022\/12\/dommages-materiels.jpg","datePublished":"2023-01-04T13:46:58+00:00","dateModified":"2026-04-07T14:46:05+00:00","description":"D\u00e9couvrez ce qu'implique la garantie de couverture pour dommages mat\u00e9riels. Confiez votre protection \u00e0 notre expertise. En savoir plus maintenant!","breadcrumb":{"@id":"https:\/\/leocare.eu\/fr\/assurance-auto-en-ligne\/couverture\/garanties\/complementaires\/dommages-materiels\/#breadcrumb"},"inLanguage":"fr-FR","potentialAction":[{"@type":"ReadAction","target":["https:\/\/leocare.eu\/fr\/assurance-auto-en-ligne\/couverture\/garanties\/complementaires\/dommages-materiels\/"]}]},{"@type":"ImageObject","inLanguage":"fr-FR","@id":"https:\/\/leocare.eu\/fr\/assurance-auto-en-ligne\/couverture\/garanties\/complementaires\/dommages-materiels\/#primaryimage","url":"https:\/\/leocare.eu\/fr\/wp-content\/uploads\/2022\/12\/dommages-materiels.jpg","contentUrl":"https:\/\/leocare.eu\/fr\/wp-content\/uploads\/2022\/12\/dommages-materiels.jpg","width":1800,"height":1200,"caption":"Assurance Auto Dommages Mat\u00e9riels"},{"@type":"WebSite","@id":"https:\/\/leocare.eu\/fr\/#website","url":"https:\/\/leocare.eu\/fr\/","name":"Leocare, assurance en ligne automobile et habitation","description":"enfin (r)assur\u00e9.e","publisher":{"@id":"https:\/\/leocare.eu\/fr\/#organization"},"potentialAction":[{"@type":"SearchAction","target":{"@type":"EntryPoint","urlTemplate":"https:\/\/leocare.eu\/fr\/?s={search_term_string}"},"query-input":{"@type":"PropertyValueSpecification","valueRequired":true,"valueName":"search_term_string"}}],"inLanguage":"fr-FR"},{"@type":"Organization","@id":"https:\/\/leocare.eu\/fr\/#organization","name":"Leocare, assurance en ligne automobile et habitation","url":"https:\/\/leocare.eu\/fr\/","logo":{"@type":"ImageObject","inLanguage":"fr-FR","@id":"https:\/\/leocare.eu\/fr\/#\/schema\/logo\/image\/","url":"https:\/\/leocare.eu\/fr\/wp-content\/uploads\/2020\/03\/logo-leocare.svg","contentUrl":"https:\/\/leocare.eu\/fr\/wp-content\/uploads\/2020\/03\/logo-leocare.svg","caption":"Leocare, assurance en ligne automobile et habitation"},"image":{"@id":"https:\/\/leocare.eu\/fr\/#\/schema\/logo\/image\/"}}]}},"_links":{"self":[{"href":"https:\/\/leocare.eu\/fr\/wp-json\/wp\/v2\/pages\/11672","targetHints":{"allow":["GET"]}}],"collection":[{"href":"https:\/\/leocare.eu\/fr\/wp-json\/wp\/v2\/pages"}],"about":[{"href":"https:\/\/leocare.eu\/fr\/wp-json\/wp\/v2\/types\/page"}],"author":[{"embeddable":true,"href":"https:\/\/leocare.eu\/fr\/wp-json\/wp\/v2\/users\/34"}],"replies":[{"embeddable":true,"href":"https:\/\/leocare.eu\/fr\/wp-json\/wp\/v2\/comments?post=11672"}],"version-history":[{"count":21,"href":"https:\/\/leocare.eu\/fr\/wp-json\/wp\/v2\/pages\/11672\/revisions"}],"predecessor-version":[{"id":39020,"href":"https:\/\/leocare.eu\/fr\/wp-json\/wp\/v2\/pages\/11672\/revisions\/39020"}],"up":[{"embeddable":true,"href":"https:\/\/leocare.eu\/fr\/wp-json\/wp\/v2\/pages\/11587"}],"wp:featuredmedia":[{"embeddable":true,"href":"https:\/\/leocare.eu\/fr\/wp-json\/wp\/v2\/media\/9892"}],"wp:attachment":[{"href":"https:\/\/leocare.eu\/fr\/wp-json\/wp\/v2\/media?parent=11672"}],"curies":[{"name":"wp","href":"https:\/\/api.w.org\/{rel}","templated":true}]}}