{"id":11587,"date":"2023-01-04T09:01:04","date_gmt":"2023-01-04T08:01:04","guid":{"rendered":"https:\/\/leocare.eu\/fr\/?page_id=11587"},"modified":"2026-04-07T16:34:54","modified_gmt":"2026-04-07T14:34:54","slug":"complementaires","status":"publish","type":"page","link":"https:\/\/leocare.eu\/fr\/assurance-auto-en-ligne\/couverture\/garanties\/complementaires\/","title":{"rendered":"Garanties compl\u00e9mentaires des assurances auto"},"content":{"rendered":"\n<p><strong>Pour rouler sur le territoire fran\u00e7ais, l\u2019assurance responsabilit\u00e9 civile est obligatoire. Pour couvrir plus de risques, il est utile de souscrire des garanties compl\u00e9mentaires. Ainsi, vos biens et \u00e9quipements de voiture sont couverts par ces couvertures souvent mal connues. Qu\u2019est-ce qu\u2019une garantie compl\u00e9mentaire et en quoi consiste-t-elle ? Leocare, la n\u00e9o-assurance flexible et transparente, est l\u00e0 pour vous \u00e9clairer !\u00a0<\/strong><\/p>\n\n\n\n<h2 class=\"wp-block-heading\" id=\"section-1-que-faut-il-savoir-sur-la-garantie-complmentaire-\"><strong>Que faut-il savoir sur la garantie compl\u00e9mentaire ?<\/strong><\/h2>\n\n\n\n<p>La garantie compl\u00e9mentaire, parfois appel\u00e9e assurance voiture compl\u00e9mentaire, est une&nbsp;<strong><a href=\"https:\/\/leocare.eu\/fr\/assurance-auto-en-ligne\/couverture\/garanties\/\">garantie d\u2019assurance auto<\/a><\/strong>&nbsp;facultative. C\u2019est en fait une option qui compl\u00e8te l\u2019assurance v\u00e9hicule classique, autrement dite au tiers. En plus de la formule d\u2019assurance choisie, vous pouvez, par exemple, vous couvrir contre les d\u00e9g\u00e2ts corporels ou mat\u00e9riels. Vous avez subi un vol d\u2019\u00e9quipements auto ou un incendie de v\u00e9hicule derni\u00e8rement ? Avec la garantie compl\u00e9mentaire ad\u00e9quate, vous prot\u00e9gez vos biens et les personnes concern\u00e9es par le contrat.<\/p>\n\n\n\n<p>Bien entendu,\u00a0<strong>la souscription de ces options augmente le prix de votre assurance voiture, puisque la couverture est plus \u00e9tendue<\/strong>. Vous voulez savoir quel est le prix d\u2019une assurance compl\u00e9mentaire et quand il faut la souscrire ? G\u00e9n\u00e9ralement,\u00a0<strong>une formule d\u2019assurance auto compl\u00e9mentaire co\u00fbte entre 5 \u20ac et 15 \u20ac par mois en plus de la formule classique<\/strong>. Vous recherchez une protection efficace pour vos accessoires auto ou contre les catastrophes naturelles et technologiques ? Pour en profiter, remplissez un devis sur l\u2019app Leocare et validez-le avec les options souhait\u00e9es. Nos Leoconseillers s\u2019occupent ensuite de la r\u00e9siliation de votre ancien contrat pour vous prot\u00e9ger, vous et votre v\u00e9hicule.<\/p>\n\n\n\n<h2 class=\"wp-block-heading\" id=\"section-2-quelles-sont-les-principales-garanties-complmentaires-\"><strong>Quelles sont les principales garanties compl\u00e9mentaires ?<\/strong><\/h2>\n\n\n\n<p><strong>Il existe de nombreuses garanties optionnelles, par exemple le bris de glace, la protection d\u2019accessoires et l\u2019assistance panne 0 km<\/strong>. Voici les quatre principales qui sont utiles au quotidien.<\/p>\n\n\n\n<h3 class=\"wp-block-heading\"><strong>Pr\u00eat de volant<\/strong><\/h3>\n\n\n\n<p>La\u00a0<strong><a href=\"https:\/\/leocare.eu\/fr\/assurance-auto-en-ligne\/couverture\/garanties\/complementaires\/pret-de-volant\/\">garantie compl\u00e9mentaire pr\u00eat de volant<\/a><\/strong>\u00a0est un transfert de la couverture du conducteur \u00e0 un autre conducteur. Autrement dit,\u00a0<strong>vous \u00eates libre de laisser conduire une autre personne que vous si vous avez souscrit cette garantie facultative<\/strong>. Vous avez un coup de pompe sur le chemin des vacances ? Pas de probl\u00e8me, votre ami peut prendre le volant sans risque contractuel.<\/p>\n\n\n\n<p>Le pr\u00eat de volant en assurance auto est souvent compris dans les formules au tiers plus et tous risques, mais rarement au tiers. Chez Leocare, la transparence est de mise : cette garantie est automatiquement incluse dans tous nos contrats, sous la forme d\u2019une franchise \u00ab conduite exclusive \u00bb. Pr\u00eatez votre v\u00e9hicule quand vous le souhaitez, \u00e0 qui vous voulez. Et si un autre conducteur que celui du contrat a un sinistre, vous \u00eates d\u00e9dommag\u00e9, avec une franchise de 900 \u20ac seulement. Vous aimez la libert\u00e9 et la s\u00e9curit\u00e9 ? Leocare vous les offre !<\/p>\n\n\n\n<h3 class=\"wp-block-heading\"><strong>Dommages corporels<\/strong><\/h3>\n\n\n\n<p>La\u00a0<strong><a href=\"https:\/\/leocare.eu\/fr\/assurance-auto-en-ligne\/couverture\/garanties\/complementaires\/dommages-corporels\/\">garantie pr\u00e9judices corporels<\/a><\/strong>\u00a0couvre les frais m\u00e9dicaux et hospitaliers factur\u00e9s apr\u00e8s un accident de la route \u2695.\u00a0<strong>Leocare vous accompagne avec une garantie pr\u00e9judices corporels qui indemnise le conducteur et ses passagers de 600 000 \u20ac \u00e0 1 000 000 \u20ac !<\/strong><\/p>\n\n\n\n<p>Si l\u2019accident&nbsp;a aussi caus\u00e9 des&nbsp;dommages&nbsp;\u00e0 votre v\u00e9hicule, c\u2019est la compagnie du conducteur responsable qui s\u2019occupe de&nbsp;<strong><a href=\"https:\/\/leocare.eu\/fr\/assurance-auto-en-ligne\/sinistre\/reparations\/\">r\u00e9aliser les r\u00e9parations<\/a><\/strong>. Si vous \u00eates responsable, vous ne b\u00e9n\u00e9ficiez d\u2019une&nbsp;indemnisation&nbsp;qu\u2019avec la garantie&nbsp;dommages tous accidents. Mais cela n\u2019exclut pas l\u2019application d\u2019un&nbsp;malus.<\/p>\n\n\n\n<h3 class=\"wp-block-heading\"><strong>Dommages juridiques et financiers<\/strong><\/h3>\n\n\n\n<p>La&nbsp;<strong><a href=\"https:\/\/leocare.eu\/fr\/assurance-auto-en-ligne\/couverture\/garanties\/complementaires\/dommages-juridiques-financiers\/\">garantie dommages juridiques et financiers<\/a><\/strong>&nbsp;prend en charge les frais engendr\u00e9s par une assignation en justice. Vos frais d\u2019avocat et de justice sont indemnis\u00e9s gr\u00e2ce \u00e0 cette garantie compl\u00e9mentaire protection juridique, en cas de proc\u00e8s intent\u00e9 \u00e0 votre encontre. De son c\u00f4t\u00e9, la garantie perte financi\u00e8re est int\u00e9ressante dans le cadre d\u2019un contrat de leasing ou de Location avec Option d\u2019Achat (LOA).&nbsp;<strong>Elle est l\u00e0 pour vous indemniser de la somme perdue en cas d\u2019incendie, de destruction ou de vol du v\u00e9hicule lou\u00e9 et assur\u00e9<\/strong>.<\/p>\n\n\n\n<h3 class=\"wp-block-heading\"><strong>Dommages mat\u00e9riels<\/strong><\/h3>\n\n\n\n<p>La&nbsp;<strong><a href=\"https:\/\/leocare.eu\/fr\/assurance-auto-en-ligne\/couverture\/garanties\/complementaires\/dommages-materiels\/\">garantie d\u00e9g\u00e2ts mat\u00e9riels<\/a><\/strong>&nbsp;est&nbsp;<strong>celle qui prend en charge la couverture des accessoires et des \u00e9quipements automobiles<\/strong>. Apr\u00e8s un sinistre ou un vol, les d\u00e9g\u00e2ts sont souvent rembours\u00e9s, mais les \u00e9quipements ajout\u00e9s ne le sont pas toujours. C\u2019est pourquoi cette garantie facultative existe.&nbsp;<strong>Elle est int\u00e9ressante pour les assur\u00e9s qui ont \u00e9quip\u00e9 leur v\u00e9hicule avec des accessoires suppl\u00e9mentaires pr\u00e9cieux<\/strong>&nbsp;\u2728. Chez Leocare, vos effets personnels sont couverts \u00e0 hauteur de 500 \u20ac avec une franchise fixe de 80 \u20ac. C\u2019est simple, transparent et rapide !<\/p>\n\n\n\n<p>Pour une\u00a0indemnisation\u00a0optimale des\u00a0dommages mat\u00e9riels, il est utile de souscrire des\u00a0<strong><a href=\"https:\/\/leocare.eu\/fr\/assurance-auto-en-ligne\/sinistre\/intemperies\/\">garanties protectrices en cas d\u2019intemp\u00e9ries<\/a><\/strong>. Toutes les\u00a0compagnies\u00a0proposent des options bris de glace, temp\u00eates ou catastrophes naturelles. Chez Leocare, elles sont comprises dans les <a href=\"https:\/\/leocare.eu\/fr\/assurance-auto-en-ligne\/tiers\/plus\/\">formules tiers \u00e9tendu<\/a> et\u00a0dommages tous accidents.<\/p>\n","protected":false},"excerpt":{"rendered":"<p>Pour rouler sur le territoire fran\u00e7ais, l\u2019assurance responsabilit\u00e9 civile est obligatoire. Pour couvrir plus de risques, il est utile de souscrire des garanties compl\u00e9mentaires. Ainsi, vos biens et \u00e9quipements de voiture sont couverts par ces couvertures souvent mal connues. Qu\u2019est-ce qu\u2019une garantie compl\u00e9mentaire et en quoi consiste-t-elle ? Leocare, la n\u00e9o-assurance flexible et transparente, est [&hellip;]<\/p>\n","protected":false},"author":34,"featured_media":9885,"parent":11391,"menu_order":0,"comment_status":"closed","ping_status":"closed","template":"template_seo.php","meta":{"_acf_changed":false,"footnotes":""},"class_list":["post-11587","page","type-page","status-publish","has-post-thumbnail","hentry"],"acf":[],"yoast_head":"<!-- This site is optimized with the Yoast SEO plugin v27.3 - https:\/\/yoast.com\/product\/yoast-seo-wordpress\/ -->\n<title>Garanties compl\u00e9mentaires des assurances auto<\/title>\n<meta name=\"description\" content=\"D\u00e9couvrez les garanties compl\u00e9mentaires en assurance auto pour une s\u00e9curit\u00e9 maximale. Protegez votre v\u00e9hicule aujourd&#039;hui avec nos solutions adapt\u00e9es !\" \/>\n<meta name=\"robots\" content=\"index, follow, max-snippet:-1, max-image-preview:large, max-video-preview:-1\" \/>\n<link rel=\"canonical\" href=\"https:\/\/leocare.eu\/fr\/assurance-auto-en-ligne\/couverture\/garanties\/complementaires\/\" \/>\n<meta property=\"og:locale\" content=\"fr_FR\" \/>\n<meta property=\"og:type\" content=\"article\" \/>\n<meta property=\"og:title\" content=\"Garanties compl\u00e9mentaires des assurances auto\" \/>\n<meta property=\"og:description\" content=\"D\u00e9couvrez les garanties compl\u00e9mentaires en assurance auto pour une s\u00e9curit\u00e9 maximale. Protegez votre v\u00e9hicule aujourd&#039;hui avec nos solutions adapt\u00e9es !\" \/>\n<meta property=\"og:url\" content=\"https:\/\/leocare.eu\/fr\/assurance-auto-en-ligne\/couverture\/garanties\/complementaires\/\" \/>\n<meta property=\"og:site_name\" content=\"Leocare, assurance en ligne automobile et habitation\" \/>\n<meta property=\"article:modified_time\" content=\"2026-04-07T14:34:54+00:00\" \/>\n<meta property=\"og:image\" content=\"https:\/\/leocare.eu\/fr\/wp-content\/uploads\/2022\/12\/garantie-complementaire.jpg\" \/>\n\t<meta property=\"og:image:width\" content=\"1800\" \/>\n\t<meta property=\"og:image:height\" content=\"1200\" \/>\n\t<meta property=\"og:image:type\" content=\"image\/jpeg\" \/>\n<meta name=\"twitter:card\" content=\"summary_large_image\" \/>\n<meta name=\"twitter:label1\" content=\"Dur\u00e9e de lecture estim\u00e9e\" \/>\n\t<meta name=\"twitter:data1\" content=\"4 minutes\" \/>\n<!-- \/ Yoast SEO plugin. -->","yoast_head_json":{"title":"Garanties compl\u00e9mentaires des assurances auto","description":"D\u00e9couvrez les garanties compl\u00e9mentaires en assurance auto pour une s\u00e9curit\u00e9 maximale. Protegez votre v\u00e9hicule aujourd'hui avec nos solutions adapt\u00e9es !","robots":{"index":"index","follow":"follow","max-snippet":"max-snippet:-1","max-image-preview":"max-image-preview:large","max-video-preview":"max-video-preview:-1"},"canonical":"https:\/\/leocare.eu\/fr\/assurance-auto-en-ligne\/couverture\/garanties\/complementaires\/","og_locale":"fr_FR","og_type":"article","og_title":"Garanties compl\u00e9mentaires des assurances auto","og_description":"D\u00e9couvrez les garanties compl\u00e9mentaires en assurance auto pour une s\u00e9curit\u00e9 maximale. Protegez votre v\u00e9hicule aujourd'hui avec nos solutions adapt\u00e9es !","og_url":"https:\/\/leocare.eu\/fr\/assurance-auto-en-ligne\/couverture\/garanties\/complementaires\/","og_site_name":"Leocare, assurance en ligne automobile et habitation","article_modified_time":"2026-04-07T14:34:54+00:00","og_image":[{"width":1800,"height":1200,"url":"https:\/\/leocare.eu\/fr\/wp-content\/uploads\/2022\/12\/garantie-complementaire.jpg","type":"image\/jpeg"}],"twitter_card":"summary_large_image","twitter_misc":{"Dur\u00e9e de lecture estim\u00e9e":"4 minutes"},"schema":{"@context":"https:\/\/schema.org","@graph":[{"@type":"WebPage","@id":"https:\/\/leocare.eu\/fr\/assurance-auto-en-ligne\/couverture\/garanties\/complementaires\/","url":"https:\/\/leocare.eu\/fr\/assurance-auto-en-ligne\/couverture\/garanties\/complementaires\/","name":"Garanties compl\u00e9mentaires des assurances auto","isPartOf":{"@id":"https:\/\/leocare.eu\/fr\/#website"},"primaryImageOfPage":{"@id":"https:\/\/leocare.eu\/fr\/assurance-auto-en-ligne\/couverture\/garanties\/complementaires\/#primaryimage"},"image":{"@id":"https:\/\/leocare.eu\/fr\/assurance-auto-en-ligne\/couverture\/garanties\/complementaires\/#primaryimage"},"thumbnailUrl":"https:\/\/leocare.eu\/fr\/wp-content\/uploads\/2022\/12\/garantie-complementaire.jpg","datePublished":"2023-01-04T08:01:04+00:00","dateModified":"2026-04-07T14:34:54+00:00","description":"D\u00e9couvrez les garanties compl\u00e9mentaires en assurance auto pour une s\u00e9curit\u00e9 maximale. Protegez votre v\u00e9hicule aujourd'hui avec nos solutions adapt\u00e9es !","breadcrumb":{"@id":"https:\/\/leocare.eu\/fr\/assurance-auto-en-ligne\/couverture\/garanties\/complementaires\/#breadcrumb"},"inLanguage":"fr-FR","potentialAction":[{"@type":"ReadAction","target":["https:\/\/leocare.eu\/fr\/assurance-auto-en-ligne\/couverture\/garanties\/complementaires\/"]}]},{"@type":"ImageObject","inLanguage":"fr-FR","@id":"https:\/\/leocare.eu\/fr\/assurance-auto-en-ligne\/couverture\/garanties\/complementaires\/#primaryimage","url":"https:\/\/leocare.eu\/fr\/wp-content\/uploads\/2022\/12\/garantie-complementaire.jpg","contentUrl":"https:\/\/leocare.eu\/fr\/wp-content\/uploads\/2022\/12\/garantie-complementaire.jpg","width":1800,"height":1200,"caption":"Garantie Compl\u00e9mentaire Assurance Auto"},{"@type":"WebSite","@id":"https:\/\/leocare.eu\/fr\/#website","url":"https:\/\/leocare.eu\/fr\/","name":"Leocare, assurance en ligne automobile et habitation","description":"enfin (r)assur\u00e9.e","publisher":{"@id":"https:\/\/leocare.eu\/fr\/#organization"},"potentialAction":[{"@type":"SearchAction","target":{"@type":"EntryPoint","urlTemplate":"https:\/\/leocare.eu\/fr\/?s={search_term_string}"},"query-input":{"@type":"PropertyValueSpecification","valueRequired":true,"valueName":"search_term_string"}}],"inLanguage":"fr-FR"},{"@type":"Organization","@id":"https:\/\/leocare.eu\/fr\/#organization","name":"Leocare, assurance en ligne automobile et habitation","url":"https:\/\/leocare.eu\/fr\/","logo":{"@type":"ImageObject","inLanguage":"fr-FR","@id":"https:\/\/leocare.eu\/fr\/#\/schema\/logo\/image\/","url":"https:\/\/leocare.eu\/fr\/wp-content\/uploads\/2020\/03\/logo-leocare.svg","contentUrl":"https:\/\/leocare.eu\/fr\/wp-content\/uploads\/2020\/03\/logo-leocare.svg","caption":"Leocare, assurance en ligne automobile et habitation"},"image":{"@id":"https:\/\/leocare.eu\/fr\/#\/schema\/logo\/image\/"}}]}},"_links":{"self":[{"href":"https:\/\/leocare.eu\/fr\/wp-json\/wp\/v2\/pages\/11587","targetHints":{"allow":["GET"]}}],"collection":[{"href":"https:\/\/leocare.eu\/fr\/wp-json\/wp\/v2\/pages"}],"about":[{"href":"https:\/\/leocare.eu\/fr\/wp-json\/wp\/v2\/types\/page"}],"author":[{"embeddable":true,"href":"https:\/\/leocare.eu\/fr\/wp-json\/wp\/v2\/users\/34"}],"replies":[{"embeddable":true,"href":"https:\/\/leocare.eu\/fr\/wp-json\/wp\/v2\/comments?post=11587"}],"version-history":[{"count":18,"href":"https:\/\/leocare.eu\/fr\/wp-json\/wp\/v2\/pages\/11587\/revisions"}],"predecessor-version":[{"id":37113,"href":"https:\/\/leocare.eu\/fr\/wp-json\/wp\/v2\/pages\/11587\/revisions\/37113"}],"up":[{"embeddable":true,"href":"https:\/\/leocare.eu\/fr\/wp-json\/wp\/v2\/pages\/11391"}],"wp:featuredmedia":[{"embeddable":true,"href":"https:\/\/leocare.eu\/fr\/wp-json\/wp\/v2\/media\/9885"}],"wp:attachment":[{"href":"https:\/\/leocare.eu\/fr\/wp-json\/wp\/v2\/media?parent=11587"}],"curies":[{"name":"wp","href":"https:\/\/api.w.org\/{rel}","templated":true}]}}